{"id":39344,"date":"2025-10-20T23:29:20","date_gmt":"2025-10-20T21:29:20","guid":{"rendered":"https:\/\/animefigurer.se\/produkt\/kill-la-kill-ryuko-matoi-mako-mankanshoku\/"},"modified":"2025-12-21T19:31:04","modified_gmt":"2025-12-21T18:31:04","slug":"kill-la-kill-ryuko-matoi-mako-mankanshoku","status":"publish","type":"product","link":"https:\/\/animefigurer.se\/en\/figurer\/kill-la-kill\/kill-la-kill-ryuko-matoi-mako-mankanshoku\/","title":{"rendered":"Kill la Kill Ryuko Matoi &amp; Mako Mankanshoku"},"content":{"rendered":"<p>The figure is based on an original illustration by Sushio, the character designer for KILL la KILL. The DTR gakuran the figure is wearing is removable, and the design has been approved by Sushio himself. More visual highlights will be revealed later \u2014 don&#039;t miss out on this impressive figure!<\/p>\n<p>A sticker with the original illustration on which the figure is based is included.<\/p>\n<p>(Note: The figure version of DTR does not include the stickers seen on the illustrated version.)<\/p>","protected":false},"excerpt":{"rendered":"<p>The figure is based on an original illustration by Sushio, the character designer for KILL la KILL. The DTR gakuran the figure is wearing is removable, and the design has been approved by Sushio himself. More visual highlights will be revealed later \u2014 don&#039;t miss out on this impressive figure!<\/p>\n<p>A sticker with original<\/p>","protected":false},"featured_media":39345,"comment_status":"closed","ping_status":"open","template":"","meta":{"_acf_changed":false,"_monsterinsights_skip_tracking":false,"_monsterinsights_sitenote_active":false,"_monsterinsights_sitenote_note":"","_monsterinsights_sitenote_category":0},"product_brand":[6913],"product_cat":[3303,7233],"product_tag":[26],"giftcard-category":[],"class_list":{"0":"post-39344","1":"product","2":"type-product","3":"status-publish","4":"has-post-thumbnail","6":"product_brand-aniplex","7":"product_cat-kill-la-kill","8":"product_cat-pre-order","9":"product_tag-pre-order","10":"pa_franchise-kill-la-kill","11":"pa_karaktar-ryuko-matoi-mako-mankanshoku","12":"pa_material-pvc-abs","13":"pa_skala-41","14":"pa_storlek-27-cm","16":"first","17":"instock","18":"taxable","19":"shipping-taxable","20":"purchasable","21":"product-type-simple"},"acf":[],"yoast_head":"<!-- This site is optimized with the Yoast SEO Premium plugin v24.6 (Yoast SEO v27.3) - https:\/\/yoast.com\/product\/yoast-seo-premium-wordpress\/ -->\n<title>Kill la Kill Ryuko Matoi &amp; Mako Mankanshoku | Animefigurer.se<\/title>\n<meta name=\"robots\" content=\"index, follow, max-snippet:-1, max-image-preview:large, max-video-preview:-1\" \/>\n<link rel=\"canonical\" href=\"https:\/\/animefigurer.se\/en\/figurer\/kill-la-kill\/kill-la-kill-ryuko-matoi-mako-mankanshoku\/\" \/>\n<meta property=\"og:locale\" content=\"en_GB\" \/>\n<meta property=\"og:type\" content=\"article\" \/>\n<meta property=\"og:title\" content=\"Kill la Kill Ryuko Matoi &amp; Mako Mankanshoku\" \/>\n<meta property=\"og:description\" content=\"Figuren bygger p\u00e5 en originalillustration av Sushio, karakt\u00e4rsdesignern f\u00f6r KILL la KILL. DTR:s gakuran som figuren b\u00e4r kan tas bort, och designen har godk\u00e4nts av Sushio sj\u00e4lv. Fler visuella h\u00f6jdpunkter kommer att avsl\u00f6jas senare \u2014 missa inte denna imponerande figur! Ett klisterm\u00e4rke med originalil\" \/>\n<meta property=\"og:url\" content=\"https:\/\/animefigurer.se\/en\/figurer\/kill-la-kill\/kill-la-kill-ryuko-matoi-mako-mankanshoku\/\" \/>\n<meta property=\"og:site_name\" content=\"Animefigurer.se\" \/>\n<meta property=\"article:publisher\" content=\"https:\/\/www.facebook.com\/profile.php?id=61581826539670\" \/>\n<meta property=\"article:modified_time\" content=\"2025-12-21T18:31:04+00:00\" \/>\n<meta property=\"og:image\" content=\"https:\/\/animefigurer.se\/wp-content\/uploads\/2025\/12\/Animefigurer_logowhite.png\" \/>\n\t<meta property=\"og:image:width\" content=\"1890\" \/>\n\t<meta property=\"og:image:height\" content=\"1417\" \/>\n\t<meta property=\"og:image:type\" content=\"image\/png\" \/>\n<meta name=\"twitter:card\" content=\"summary_large_image\" \/>\n<script type=\"application\/ld+json\" class=\"yoast-schema-graph\">{\"@context\":\"https:\\\/\\\/schema.org\",\"@graph\":[{\"@type\":\"WebPage\",\"@id\":\"https:\\\/\\\/animefigurer.se\\\/figurer\\\/kill-la-kill\\\/kill-la-kill-ryuko-matoi-mako-mankanshoku\\\/\",\"url\":\"https:\\\/\\\/animefigurer.se\\\/figurer\\\/kill-la-kill\\\/kill-la-kill-ryuko-matoi-mako-mankanshoku\\\/\",\"name\":\"Kill la Kill Ryuko Matoi &amp; Mako Mankanshoku | Animefigurer.se\",\"isPartOf\":{\"@id\":\"https:\\\/\\\/animefigurer.se\\\/#website\"},\"primaryImageOfPage\":{\"@id\":\"https:\\\/\\\/animefigurer.se\\\/figurer\\\/kill-la-kill\\\/kill-la-kill-ryuko-matoi-mako-mankanshoku\\\/#primaryimage\"},\"image\":{\"@id\":\"https:\\\/\\\/animefigurer.se\\\/figurer\\\/kill-la-kill\\\/kill-la-kill-ryuko-matoi-mako-mankanshoku\\\/#primaryimage\"},\"thumbnailUrl\":\"https:\\\/\\\/animefigurer.se\\\/wp-content\\\/uploads\\\/2025\\\/10\\\/6861cc61bd65a.jpeg\",\"datePublished\":\"2025-10-20T21:29:20+00:00\",\"dateModified\":\"2025-12-21T18:31:04+00:00\",\"breadcrumb\":{\"@id\":\"https:\\\/\\\/animefigurer.se\\\/figurer\\\/kill-la-kill\\\/kill-la-kill-ryuko-matoi-mako-mankanshoku\\\/#breadcrumb\"},\"inLanguage\":\"en-GB\",\"potentialAction\":[{\"@type\":\"ReadAction\",\"target\":[\"https:\\\/\\\/animefigurer.se\\\/figurer\\\/kill-la-kill\\\/kill-la-kill-ryuko-matoi-mako-mankanshoku\\\/\"]}]},{\"@type\":\"ImageObject\",\"inLanguage\":\"en-GB\",\"@id\":\"https:\\\/\\\/animefigurer.se\\\/figurer\\\/kill-la-kill\\\/kill-la-kill-ryuko-matoi-mako-mankanshoku\\\/#primaryimage\",\"url\":\"https:\\\/\\\/animefigurer.se\\\/wp-content\\\/uploads\\\/2025\\\/10\\\/6861cc61bd65a.jpeg\",\"contentUrl\":\"https:\\\/\\\/animefigurer.se\\\/wp-content\\\/uploads\\\/2025\\\/10\\\/6861cc61bd65a.jpeg\",\"width\":1000,\"height\":750},{\"@type\":\"BreadcrumbList\",\"@id\":\"https:\\\/\\\/animefigurer.se\\\/figurer\\\/kill-la-kill\\\/kill-la-kill-ryuko-matoi-mako-mankanshoku\\\/#breadcrumb\",\"itemListElement\":[{\"@type\":\"ListItem\",\"position\":1,\"name\":\"Home\",\"item\":\"https:\\\/\\\/animefigurer.se\\\/\"},{\"@type\":\"ListItem\",\"position\":2,\"name\":\"Butik\",\"item\":\"https:\\\/\\\/animefigurer.se\\\/figurer\\\/\"},{\"@type\":\"ListItem\",\"position\":3,\"name\":\"Kill la Kill Ryuko Matoi &amp; Mako Mankanshoku\"}]},{\"@type\":\"WebSite\",\"@id\":\"https:\\\/\\\/animefigurer.se\\\/#website\",\"url\":\"https:\\\/\\\/animefigurer.se\\\/\",\"name\":\"Animefigurer.se\",\"description\":\"Anime figurer fr\u00e5n \u00f6ver 300 olika anime serier med \u00f6ver 9000 produkter | Anime Shop\",\"publisher\":{\"@id\":\"https:\\\/\\\/animefigurer.se\\\/#organization\"},\"potentialAction\":[{\"@type\":\"SearchAction\",\"target\":{\"@type\":\"EntryPoint\",\"urlTemplate\":\"https:\\\/\\\/animefigurer.se\\\/?s={search_term_string}\"},\"query-input\":{\"@type\":\"PropertyValueSpecification\",\"valueRequired\":true,\"valueName\":\"search_term_string\"}}],\"inLanguage\":\"en-GB\"},{\"@type\":\"Organization\",\"@id\":\"https:\\\/\\\/animefigurer.se\\\/#organization\",\"name\":\"Animefigurer.se\",\"alternateName\":\"Anime figurer | Anime shop\",\"url\":\"https:\\\/\\\/animefigurer.se\\\/\",\"logo\":{\"@type\":\"ImageObject\",\"inLanguage\":\"en-GB\",\"@id\":\"https:\\\/\\\/animefigurer.se\\\/#\\\/schema\\\/logo\\\/image\\\/\",\"url\":\"https:\\\/\\\/animefigurer.se\\\/wp-content\\\/uploads\\\/2025\\\/12\\\/Animefigurer_logowhite.png\",\"contentUrl\":\"https:\\\/\\\/animefigurer.se\\\/wp-content\\\/uploads\\\/2025\\\/12\\\/Animefigurer_logowhite.png\",\"width\":1890,\"height\":1417,\"caption\":\"Animefigurer.se\"},\"image\":{\"@id\":\"https:\\\/\\\/animefigurer.se\\\/#\\\/schema\\\/logo\\\/image\\\/\"},\"sameAs\":[\"https:\\\/\\\/www.facebook.com\\\/profile.php?id=61581826539670\",\"https:\\\/\\\/www.instagram.com\\\/animefigurer.se\\\/\"],\"email\":\"info@animefigurer.se\"}]}<\/script>\n<!-- \/ Yoast SEO Premium plugin. -->","yoast_head_json":{"title":"Kill la Kill Ryuko Matoi &amp; Mako Mankanshoku | Animefigurer.se","robots":{"index":"index","follow":"follow","max-snippet":"max-snippet:-1","max-image-preview":"max-image-preview:large","max-video-preview":"max-video-preview:-1"},"canonical":"https:\/\/animefigurer.se\/en\/figurer\/kill-la-kill\/kill-la-kill-ryuko-matoi-mako-mankanshoku\/","og_locale":"en_GB","og_type":"article","og_title":"Kill la Kill Ryuko Matoi &amp; Mako Mankanshoku","og_description":"Figuren bygger p\u00e5 en originalillustration av Sushio, karakt\u00e4rsdesignern f\u00f6r KILL la KILL. DTR:s gakuran som figuren b\u00e4r kan tas bort, och designen har godk\u00e4nts av Sushio sj\u00e4lv. Fler visuella h\u00f6jdpunkter kommer att avsl\u00f6jas senare \u2014 missa inte denna imponerande figur! Ett klisterm\u00e4rke med originalil","og_url":"https:\/\/animefigurer.se\/en\/figurer\/kill-la-kill\/kill-la-kill-ryuko-matoi-mako-mankanshoku\/","og_site_name":"Animefigurer.se","article_publisher":"https:\/\/www.facebook.com\/profile.php?id=61581826539670","article_modified_time":"2025-12-21T18:31:04+00:00","og_image":[{"width":1890,"height":1417,"url":"https:\/\/animefigurer.se\/wp-content\/uploads\/2025\/12\/Animefigurer_logowhite.png","type":"image\/png"}],"twitter_card":"summary_large_image","schema":{"@context":"https:\/\/schema.org","@graph":[{"@type":"WebPage","@id":"https:\/\/animefigurer.se\/figurer\/kill-la-kill\/kill-la-kill-ryuko-matoi-mako-mankanshoku\/","url":"https:\/\/animefigurer.se\/figurer\/kill-la-kill\/kill-la-kill-ryuko-matoi-mako-mankanshoku\/","name":"Kill la Kill Ryuko Matoi &amp; Mako Mankanshoku | Animefigurer.se","isPartOf":{"@id":"https:\/\/animefigurer.se\/#website"},"primaryImageOfPage":{"@id":"https:\/\/animefigurer.se\/figurer\/kill-la-kill\/kill-la-kill-ryuko-matoi-mako-mankanshoku\/#primaryimage"},"image":{"@id":"https:\/\/animefigurer.se\/figurer\/kill-la-kill\/kill-la-kill-ryuko-matoi-mako-mankanshoku\/#primaryimage"},"thumbnailUrl":"https:\/\/animefigurer.se\/wp-content\/uploads\/2025\/10\/6861cc61bd65a.jpeg","datePublished":"2025-10-20T21:29:20+00:00","dateModified":"2025-12-21T18:31:04+00:00","breadcrumb":{"@id":"https:\/\/animefigurer.se\/figurer\/kill-la-kill\/kill-la-kill-ryuko-matoi-mako-mankanshoku\/#breadcrumb"},"inLanguage":"en-GB","potentialAction":[{"@type":"ReadAction","target":["https:\/\/animefigurer.se\/figurer\/kill-la-kill\/kill-la-kill-ryuko-matoi-mako-mankanshoku\/"]}]},{"@type":"ImageObject","inLanguage":"en-GB","@id":"https:\/\/animefigurer.se\/figurer\/kill-la-kill\/kill-la-kill-ryuko-matoi-mako-mankanshoku\/#primaryimage","url":"https:\/\/animefigurer.se\/wp-content\/uploads\/2025\/10\/6861cc61bd65a.jpeg","contentUrl":"https:\/\/animefigurer.se\/wp-content\/uploads\/2025\/10\/6861cc61bd65a.jpeg","width":1000,"height":750},{"@type":"BreadcrumbList","@id":"https:\/\/animefigurer.se\/figurer\/kill-la-kill\/kill-la-kill-ryuko-matoi-mako-mankanshoku\/#breadcrumb","itemListElement":[{"@type":"ListItem","position":1,"name":"Home","item":"https:\/\/animefigurer.se\/"},{"@type":"ListItem","position":2,"name":"Butik","item":"https:\/\/animefigurer.se\/figurer\/"},{"@type":"ListItem","position":3,"name":"Kill la Kill Ryuko Matoi &amp; Mako Mankanshoku"}]},{"@type":"WebSite","@id":"https:\/\/animefigurer.se\/#website","url":"https:\/\/animefigurer.se\/","name":"Animefigurer.se","description":"Anime figures from over 300 different anime series with over 9000 products | Anime Shop","publisher":{"@id":"https:\/\/animefigurer.se\/#organization"},"potentialAction":[{"@type":"SearchAction","target":{"@type":"EntryPoint","urlTemplate":"https:\/\/animefigurer.se\/?s={search_term_string}"},"query-input":{"@type":"PropertyValueSpecification","valueRequired":true,"valueName":"search_term_string"}}],"inLanguage":"en-GB"},{"@type":"Organization","@id":"https:\/\/animefigurer.se\/#organization","name":"Animefigurer.se","alternateName":"Anime figurer | Anime shop","url":"https:\/\/animefigurer.se\/","logo":{"@type":"ImageObject","inLanguage":"en-GB","@id":"https:\/\/animefigurer.se\/#\/schema\/logo\/image\/","url":"https:\/\/animefigurer.se\/wp-content\/uploads\/2025\/12\/Animefigurer_logowhite.png","contentUrl":"https:\/\/animefigurer.se\/wp-content\/uploads\/2025\/12\/Animefigurer_logowhite.png","width":1890,"height":1417,"caption":"Animefigurer.se"},"image":{"@id":"https:\/\/animefigurer.se\/#\/schema\/logo\/image\/"},"sameAs":["https:\/\/www.facebook.com\/profile.php?id=61581826539670","https:\/\/www.instagram.com\/animefigurer.se\/"],"email":"info@animefigurer.se"}]}},"_links":{"self":[{"href":"https:\/\/animefigurer.se\/en\/wp-json\/wp\/v2\/product\/39344","targetHints":{"allow":["GET"]}}],"collection":[{"href":"https:\/\/animefigurer.se\/en\/wp-json\/wp\/v2\/product"}],"about":[{"href":"https:\/\/animefigurer.se\/en\/wp-json\/wp\/v2\/types\/product"}],"replies":[{"embeddable":true,"href":"https:\/\/animefigurer.se\/en\/wp-json\/wp\/v2\/comments?post=39344"}],"wp:featuredmedia":[{"embeddable":true,"href":"https:\/\/animefigurer.se\/en\/wp-json\/wp\/v2\/media\/39345"}],"wp:attachment":[{"href":"https:\/\/animefigurer.se\/en\/wp-json\/wp\/v2\/media?parent=39344"}],"wp:term":[{"taxonomy":"product_brand","embeddable":true,"href":"https:\/\/animefigurer.se\/en\/wp-json\/wp\/v2\/product_brand?post=39344"},{"taxonomy":"product_cat","embeddable":true,"href":"https:\/\/animefigurer.se\/en\/wp-json\/wp\/v2\/product_cat?post=39344"},{"taxonomy":"product_tag","embeddable":true,"href":"https:\/\/animefigurer.se\/en\/wp-json\/wp\/v2\/product_tag?post=39344"},{"taxonomy":"giftcard-category","embeddable":true,"href":"https:\/\/animefigurer.se\/en\/wp-json\/wp\/v2\/giftcard-category?post=39344"}],"curies":[{"name":"wp","href":"https:\/\/api.w.org\/{rel}","templated":true}]}}