{"id":39159,"date":"2025-10-20T23:27:50","date_gmt":"2025-10-20T21:27:50","guid":{"rendered":"https:\/\/animefigurer.se\/produkt\/kakegurui-artfx-j-mary-saotome-1-8-scale-figure\/"},"modified":"2025-12-21T19:31:01","modified_gmt":"2025-12-21T18:31:01","slug":"kakegurui-artfx-j-mary-saotome-1-8-scale-figure","status":"publish","type":"product","link":"https:\/\/animefigurer.se\/en\/figurer\/kakegurui\/kakegurui-artfx-j-mary-saotome-1-8-scale-figure\/","title":{"rendered":"Kakegurui ArtFX J Mary Saotome 1\/8 Scale Figure"},"content":{"rendered":"<p>From the second season of the exciting anime series Kakegurui \u00d7\u00d7, Mary Saotome now comes to Kotobukiya&#039;s ARTFX J series!<\/p>\n<p>The figure captures Mary&#039;s signature expression and pose as seen in the anime with finely detailed sculpting. It is designed to look great from all angles, allowing fans to admire the work in three dimensions.<\/p>\n<p>Place her next to ARTFX J Yumeko Jabami (sold separately) to complete your Kakegurui display.<\/p>","protected":false},"excerpt":{"rendered":"<p>From the second season of the exciting anime series Kakegurui \u00d7\u00d7, Mary Saotome now comes to Kotobukiya&#039;s ARTFX J series!<\/p>\n<p>The figure captures Mary&#039;s signature expression and pose as seen in the anime with finely detailed sculpting. It is designed to look great from all angles, allowing fans to admire a<\/p>","protected":false},"featured_media":39160,"comment_status":"closed","ping_status":"open","template":"","meta":{"_acf_changed":false,"_monsterinsights_skip_tracking":false,"_monsterinsights_sitenote_active":false,"_monsterinsights_sitenote_note":"","_monsterinsights_sitenote_category":0},"product_brand":[6892],"product_cat":[3281],"product_tag":[24],"giftcard-category":[],"class_list":{"0":"post-39159","1":"product","2":"type-product","3":"status-publish","4":"has-post-thumbnail","6":"product_brand-kotobukiya","7":"product_cat-kakegurui","8":"product_tag-2-3-weeks","9":"pa_franchise-kakegurui","10":"pa_karaktar-mary-saotome","11":"pa_material-pvc-abs","12":"pa_produktserie-artfx-j","13":"pa_skala-554","14":"pa_storlek-21-cm","16":"first","17":"instock","18":"taxable","19":"shipping-taxable","20":"purchasable","21":"product-type-simple"},"acf":[],"yoast_head":"<!-- This site is optimized with the Yoast SEO Premium plugin v24.6 (Yoast SEO v27.4) - https:\/\/yoast.com\/product\/yoast-seo-premium-wordpress\/ -->\n<title>Kakegurui ArtFX J Mary Saotome 1\/8 Scale Figure | Animefigurer.se<\/title>\n<meta name=\"robots\" content=\"index, follow, max-snippet:-1, max-image-preview:large, max-video-preview:-1\" \/>\n<link rel=\"canonical\" href=\"https:\/\/animefigurer.se\/en\/figurer\/kakegurui\/kakegurui-artfx-j-mary-saotome-1-8-scale-figure\/\" \/>\n<meta property=\"og:locale\" content=\"en_GB\" \/>\n<meta property=\"og:type\" content=\"article\" \/>\n<meta property=\"og:title\" content=\"Kakegurui ArtFX J Mary Saotome 1\/8 Scale Figure\" \/>\n<meta property=\"og:description\" content=\"Fr\u00e5n den andra s\u00e4songen av den sp\u00e4nnande anime-serien Kakegurui \u00d7\u00d7 kommer Mary Saotome nu till Kotobukiyas ARTFX J-serie! Figuren f\u00e5ngar Marys karakt\u00e4ristiska uttryck och pose som syns i animen med fin detaljskulpturering. Den \u00e4r utformad f\u00f6r att se bra ut fr\u00e5n alla vinklar och l\u00e5ter fans beundra a\" \/>\n<meta property=\"og:url\" content=\"https:\/\/animefigurer.se\/en\/figurer\/kakegurui\/kakegurui-artfx-j-mary-saotome-1-8-scale-figure\/\" \/>\n<meta property=\"og:site_name\" content=\"Animefigurer.se\" \/>\n<meta property=\"article:publisher\" content=\"https:\/\/www.facebook.com\/profile.php?id=61581826539670\" \/>\n<meta property=\"article:modified_time\" content=\"2025-12-21T18:31:01+00:00\" \/>\n<meta property=\"og:image\" content=\"https:\/\/animefigurer.se\/wp-content\/uploads\/2025\/12\/Animefigurer_logowhite.png\" \/>\n\t<meta property=\"og:image:width\" content=\"1890\" \/>\n\t<meta property=\"og:image:height\" content=\"1417\" \/>\n\t<meta property=\"og:image:type\" content=\"image\/png\" \/>\n<meta name=\"twitter:card\" content=\"summary_large_image\" \/>\n<script type=\"application\/ld+json\" class=\"yoast-schema-graph\">{\"@context\":\"https:\\\/\\\/schema.org\",\"@graph\":[{\"@type\":\"WebPage\",\"@id\":\"https:\\\/\\\/animefigurer.se\\\/en\\\/figurer\\\/kakegurui\\\/kakegurui-artfx-j-mary-saotome-1-8-scale-figure\\\/\",\"url\":\"https:\\\/\\\/animefigurer.se\\\/en\\\/figurer\\\/kakegurui\\\/kakegurui-artfx-j-mary-saotome-1-8-scale-figure\\\/\",\"name\":\"Kakegurui ArtFX J Mary Saotome 1\\\/8 Scale Figure | Animefigurer.se\",\"isPartOf\":{\"@id\":\"https:\\\/\\\/animefigurer.se\\\/#website\"},\"primaryImageOfPage\":{\"@id\":\"https:\\\/\\\/animefigurer.se\\\/en\\\/figurer\\\/kakegurui\\\/kakegurui-artfx-j-mary-saotome-1-8-scale-figure\\\/#primaryimage\"},\"image\":{\"@id\":\"https:\\\/\\\/animefigurer.se\\\/en\\\/figurer\\\/kakegurui\\\/kakegurui-artfx-j-mary-saotome-1-8-scale-figure\\\/#primaryimage\"},\"thumbnailUrl\":\"https:\\\/\\\/animefigurer.se\\\/wp-content\\\/uploads\\\/2025\\\/10\\\/670f9389165b4.jpeg\",\"datePublished\":\"2025-10-20T21:27:50+00:00\",\"dateModified\":\"2025-12-21T18:31:01+00:00\",\"breadcrumb\":{\"@id\":\"https:\\\/\\\/animefigurer.se\\\/en\\\/figurer\\\/kakegurui\\\/kakegurui-artfx-j-mary-saotome-1-8-scale-figure\\\/#breadcrumb\"},\"inLanguage\":\"en-GB\",\"potentialAction\":[{\"@type\":\"ReadAction\",\"target\":[\"https:\\\/\\\/animefigurer.se\\\/en\\\/figurer\\\/kakegurui\\\/kakegurui-artfx-j-mary-saotome-1-8-scale-figure\\\/\"]}]},{\"@type\":\"ImageObject\",\"inLanguage\":\"en-GB\",\"@id\":\"https:\\\/\\\/animefigurer.se\\\/en\\\/figurer\\\/kakegurui\\\/kakegurui-artfx-j-mary-saotome-1-8-scale-figure\\\/#primaryimage\",\"url\":\"https:\\\/\\\/animefigurer.se\\\/wp-content\\\/uploads\\\/2025\\\/10\\\/670f9389165b4.jpeg\",\"contentUrl\":\"https:\\\/\\\/animefigurer.se\\\/wp-content\\\/uploads\\\/2025\\\/10\\\/670f9389165b4.jpeg\",\"width\":720,\"height\":540},{\"@type\":\"BreadcrumbList\",\"@id\":\"https:\\\/\\\/animefigurer.se\\\/en\\\/figurer\\\/kakegurui\\\/kakegurui-artfx-j-mary-saotome-1-8-scale-figure\\\/#breadcrumb\",\"itemListElement\":[{\"@type\":\"ListItem\",\"position\":1,\"name\":\"Home\",\"item\":\"https:\\\/\\\/animefigurer.se\\\/\"},{\"@type\":\"ListItem\",\"position\":2,\"name\":\"Butik\",\"item\":\"https:\\\/\\\/animefigurer.se\\\/figurer\\\/\"},{\"@type\":\"ListItem\",\"position\":3,\"name\":\"Kakegurui ArtFX J Mary Saotome 1\\\/8 Scale Figure\"}]},{\"@type\":\"WebSite\",\"@id\":\"https:\\\/\\\/animefigurer.se\\\/#website\",\"url\":\"https:\\\/\\\/animefigurer.se\\\/\",\"name\":\"Animefigurer.se\",\"description\":\"Anime figurer fr\u00e5n \u00f6ver 300 olika anime serier med \u00f6ver 9000 produkter | Anime Shop\",\"publisher\":{\"@id\":\"https:\\\/\\\/animefigurer.se\\\/#organization\"},\"potentialAction\":[{\"@type\":\"SearchAction\",\"target\":{\"@type\":\"EntryPoint\",\"urlTemplate\":\"https:\\\/\\\/animefigurer.se\\\/?s={search_term_string}\"},\"query-input\":{\"@type\":\"PropertyValueSpecification\",\"valueRequired\":true,\"valueName\":\"search_term_string\"}}],\"inLanguage\":\"en-GB\"},{\"@type\":\"Organization\",\"@id\":\"https:\\\/\\\/animefigurer.se\\\/#organization\",\"name\":\"Animefigurer.se\",\"alternateName\":\"Anime figurer | Anime shop\",\"url\":\"https:\\\/\\\/animefigurer.se\\\/\",\"logo\":{\"@type\":\"ImageObject\",\"inLanguage\":\"en-GB\",\"@id\":\"https:\\\/\\\/animefigurer.se\\\/#\\\/schema\\\/logo\\\/image\\\/\",\"url\":\"https:\\\/\\\/animefigurer.se\\\/wp-content\\\/uploads\\\/2025\\\/12\\\/Animefigurer_logowhite.png\",\"contentUrl\":\"https:\\\/\\\/animefigurer.se\\\/wp-content\\\/uploads\\\/2025\\\/12\\\/Animefigurer_logowhite.png\",\"width\":1890,\"height\":1417,\"caption\":\"Animefigurer.se\"},\"image\":{\"@id\":\"https:\\\/\\\/animefigurer.se\\\/#\\\/schema\\\/logo\\\/image\\\/\"},\"sameAs\":[\"https:\\\/\\\/www.facebook.com\\\/profile.php?id=61581826539670\",\"https:\\\/\\\/www.instagram.com\\\/animefigurer.se\\\/\"],\"email\":\"info@animefigurer.se\"}]}<\/script>\n<!-- \/ Yoast SEO Premium plugin. -->","yoast_head_json":{"title":"Kakegurui ArtFX J Mary Saotome 1\/8 Scale Figure | Animefigurer.se","robots":{"index":"index","follow":"follow","max-snippet":"max-snippet:-1","max-image-preview":"max-image-preview:large","max-video-preview":"max-video-preview:-1"},"canonical":"https:\/\/animefigurer.se\/en\/figurer\/kakegurui\/kakegurui-artfx-j-mary-saotome-1-8-scale-figure\/","og_locale":"en_GB","og_type":"article","og_title":"Kakegurui ArtFX J Mary Saotome 1\/8 Scale Figure","og_description":"Fr\u00e5n den andra s\u00e4songen av den sp\u00e4nnande anime-serien Kakegurui \u00d7\u00d7 kommer Mary Saotome nu till Kotobukiyas ARTFX J-serie! Figuren f\u00e5ngar Marys karakt\u00e4ristiska uttryck och pose som syns i animen med fin detaljskulpturering. Den \u00e4r utformad f\u00f6r att se bra ut fr\u00e5n alla vinklar och l\u00e5ter fans beundra a","og_url":"https:\/\/animefigurer.se\/en\/figurer\/kakegurui\/kakegurui-artfx-j-mary-saotome-1-8-scale-figure\/","og_site_name":"Animefigurer.se","article_publisher":"https:\/\/www.facebook.com\/profile.php?id=61581826539670","article_modified_time":"2025-12-21T18:31:01+00:00","og_image":[{"width":1890,"height":1417,"url":"https:\/\/animefigurer.se\/wp-content\/uploads\/2025\/12\/Animefigurer_logowhite.png","type":"image\/png"}],"twitter_card":"summary_large_image","schema":{"@context":"https:\/\/schema.org","@graph":[{"@type":"WebPage","@id":"https:\/\/animefigurer.se\/en\/figurer\/kakegurui\/kakegurui-artfx-j-mary-saotome-1-8-scale-figure\/","url":"https:\/\/animefigurer.se\/en\/figurer\/kakegurui\/kakegurui-artfx-j-mary-saotome-1-8-scale-figure\/","name":"Kakegurui ArtFX J Mary Saotome 1\/8 Scale Figure | Animefigurer.se","isPartOf":{"@id":"https:\/\/animefigurer.se\/#website"},"primaryImageOfPage":{"@id":"https:\/\/animefigurer.se\/en\/figurer\/kakegurui\/kakegurui-artfx-j-mary-saotome-1-8-scale-figure\/#primaryimage"},"image":{"@id":"https:\/\/animefigurer.se\/en\/figurer\/kakegurui\/kakegurui-artfx-j-mary-saotome-1-8-scale-figure\/#primaryimage"},"thumbnailUrl":"https:\/\/animefigurer.se\/wp-content\/uploads\/2025\/10\/670f9389165b4.jpeg","datePublished":"2025-10-20T21:27:50+00:00","dateModified":"2025-12-21T18:31:01+00:00","breadcrumb":{"@id":"https:\/\/animefigurer.se\/en\/figurer\/kakegurui\/kakegurui-artfx-j-mary-saotome-1-8-scale-figure\/#breadcrumb"},"inLanguage":"en-GB","potentialAction":[{"@type":"ReadAction","target":["https:\/\/animefigurer.se\/en\/figurer\/kakegurui\/kakegurui-artfx-j-mary-saotome-1-8-scale-figure\/"]}]},{"@type":"ImageObject","inLanguage":"en-GB","@id":"https:\/\/animefigurer.se\/en\/figurer\/kakegurui\/kakegurui-artfx-j-mary-saotome-1-8-scale-figure\/#primaryimage","url":"https:\/\/animefigurer.se\/wp-content\/uploads\/2025\/10\/670f9389165b4.jpeg","contentUrl":"https:\/\/animefigurer.se\/wp-content\/uploads\/2025\/10\/670f9389165b4.jpeg","width":720,"height":540},{"@type":"BreadcrumbList","@id":"https:\/\/animefigurer.se\/en\/figurer\/kakegurui\/kakegurui-artfx-j-mary-saotome-1-8-scale-figure\/#breadcrumb","itemListElement":[{"@type":"ListItem","position":1,"name":"Home","item":"https:\/\/animefigurer.se\/"},{"@type":"ListItem","position":2,"name":"Butik","item":"https:\/\/animefigurer.se\/figurer\/"},{"@type":"ListItem","position":3,"name":"Kakegurui ArtFX J Mary Saotome 1\/8 Scale Figure"}]},{"@type":"WebSite","@id":"https:\/\/animefigurer.se\/#website","url":"https:\/\/animefigurer.se\/","name":"Animefigurer.se","description":"Anime figures from over 300 different anime series with over 9000 products | Anime Shop","publisher":{"@id":"https:\/\/animefigurer.se\/#organization"},"potentialAction":[{"@type":"SearchAction","target":{"@type":"EntryPoint","urlTemplate":"https:\/\/animefigurer.se\/?s={search_term_string}"},"query-input":{"@type":"PropertyValueSpecification","valueRequired":true,"valueName":"search_term_string"}}],"inLanguage":"en-GB"},{"@type":"Organization","@id":"https:\/\/animefigurer.se\/#organization","name":"Animefigurer.se","alternateName":"Anime figurer | Anime shop","url":"https:\/\/animefigurer.se\/","logo":{"@type":"ImageObject","inLanguage":"en-GB","@id":"https:\/\/animefigurer.se\/#\/schema\/logo\/image\/","url":"https:\/\/animefigurer.se\/wp-content\/uploads\/2025\/12\/Animefigurer_logowhite.png","contentUrl":"https:\/\/animefigurer.se\/wp-content\/uploads\/2025\/12\/Animefigurer_logowhite.png","width":1890,"height":1417,"caption":"Animefigurer.se"},"image":{"@id":"https:\/\/animefigurer.se\/#\/schema\/logo\/image\/"},"sameAs":["https:\/\/www.facebook.com\/profile.php?id=61581826539670","https:\/\/www.instagram.com\/animefigurer.se\/"],"email":"info@animefigurer.se"}]}},"_links":{"self":[{"href":"https:\/\/animefigurer.se\/en\/wp-json\/wp\/v2\/product\/39159","targetHints":{"allow":["GET"]}}],"collection":[{"href":"https:\/\/animefigurer.se\/en\/wp-json\/wp\/v2\/product"}],"about":[{"href":"https:\/\/animefigurer.se\/en\/wp-json\/wp\/v2\/types\/product"}],"replies":[{"embeddable":true,"href":"https:\/\/animefigurer.se\/en\/wp-json\/wp\/v2\/comments?post=39159"}],"wp:featuredmedia":[{"embeddable":true,"href":"https:\/\/animefigurer.se\/en\/wp-json\/wp\/v2\/media\/39160"}],"wp:attachment":[{"href":"https:\/\/animefigurer.se\/en\/wp-json\/wp\/v2\/media?parent=39159"}],"wp:term":[{"taxonomy":"product_brand","embeddable":true,"href":"https:\/\/animefigurer.se\/en\/wp-json\/wp\/v2\/product_brand?post=39159"},{"taxonomy":"product_cat","embeddable":true,"href":"https:\/\/animefigurer.se\/en\/wp-json\/wp\/v2\/product_cat?post=39159"},{"taxonomy":"product_tag","embeddable":true,"href":"https:\/\/animefigurer.se\/en\/wp-json\/wp\/v2\/product_tag?post=39159"},{"taxonomy":"giftcard-category","embeddable":true,"href":"https:\/\/animefigurer.se\/en\/wp-json\/wp\/v2\/giftcard-category?post=39159"}],"curies":[{"name":"wp","href":"https:\/\/api.w.org\/{rel}","templated":true}]}}