{"id":39113,"date":"2025-10-20T23:27:00","date_gmt":"2025-10-20T21:27:00","guid":{"rendered":"https:\/\/animefigurer.se\/produkt\/kakegurui-xx-nendoroid-mary-saotome\/"},"modified":"2026-04-10T14:25:25","modified_gmt":"2026-04-10T12:25:25","slug":"kakegurui-xx-nendoroid-mary-saotome","status":"publish","type":"product","link":"https:\/\/animefigurer.se\/en\/figurer\/kakegurui\/kakegurui-xx-nendoroid-mary-saotome\/","title":{"rendered":"Kakegurui xx Nendoroid Mary Saotome"},"content":{"rendered":"<p>From KAKEGURUI xx comes a Nendoroid of Mary Saotome. She includes four faceplates: a proud winning smile, a blushing face, a hopeless expression, and an excited face. Combine the faceplates with the included cattle tag as an optional part to recreate your favorite moments from the series in Nendoroid form. Display her alongside the previously released Nendoroid Yumeko Jabami (sold separately).<\/p>","protected":false},"excerpt":{"rendered":"<p>From KAKEGURUI xx comes a Nendoroid of Mary Saotome. She includes four face plates: a proud winning smile, a blushing face, a hopeless expression, and an excited face. Combine the face plates with the included cattle tag as an optional part to recreate your favorite eyeballs.<\/p>","protected":false},"featured_media":39114,"comment_status":"closed","ping_status":"open","template":"","meta":{"_acf_changed":false,"_monsterinsights_skip_tracking":false,"_monsterinsights_sitenote_active":false,"_monsterinsights_sitenote_note":"","_monsterinsights_sitenote_category":0},"product_brand":[6890],"product_cat":[3281],"product_tag":[24],"giftcard-category":[],"class_list":{"0":"post-39113","1":"product","2":"type-product","3":"status-publish","4":"has-post-thumbnail","6":"product_brand-good-smile-company","7":"product_cat-kakegurui","8":"product_tag-2-3-weeks","9":"pa_franchise-kakegurui-xx","10":"pa_karaktar-mary-saotome","11":"pa_material-pvc-abs","12":"pa_produktserie-nendoroid","13":"pa_storlek-10-cm","15":"first","16":"instock","17":"taxable","18":"shipping-taxable","19":"purchasable","20":"product-type-simple"},"acf":[],"yoast_head":"<!-- This site is optimized with the Yoast SEO Premium plugin v24.6 (Yoast SEO v27.4) - https:\/\/yoast.com\/product\/yoast-seo-premium-wordpress\/ -->\n<title>Kakegurui xx Nendoroid Mary Saotome | Animefigurer.se<\/title>\n<meta name=\"robots\" content=\"index, follow, max-snippet:-1, max-image-preview:large, max-video-preview:-1\" \/>\n<link rel=\"canonical\" href=\"https:\/\/animefigurer.se\/en\/figurer\/kakegurui\/kakegurui-xx-nendoroid-mary-saotome\/\" \/>\n<meta property=\"og:locale\" content=\"en_GB\" \/>\n<meta property=\"og:type\" content=\"article\" \/>\n<meta property=\"og:title\" content=\"Kakegurui xx Nendoroid Mary Saotome\" \/>\n<meta property=\"og:description\" content=\"Fr\u00e5n KAKEGURUI xx kommer en Nendoroid av Mary Saotome. Hon inkluderar fyra ansiktsplattor: ett stolt vinnande leende, ett rodnande ansikte, ett hoppl\u00f6st uttryck och ett upphetsat ansikte. Kombinera ansiktsplattorna med den medf\u00f6ljande boskapstaggen som valbar del f\u00f6r att \u00e5terskapa dina favorit\u00f6gonbl\" \/>\n<meta property=\"og:url\" content=\"https:\/\/animefigurer.se\/en\/figurer\/kakegurui\/kakegurui-xx-nendoroid-mary-saotome\/\" \/>\n<meta property=\"og:site_name\" content=\"Animefigurer.se\" \/>\n<meta property=\"article:publisher\" content=\"https:\/\/www.facebook.com\/profile.php?id=61581826539670\" \/>\n<meta property=\"article:modified_time\" content=\"2026-04-10T12:25:25+00:00\" \/>\n<meta property=\"og:image\" content=\"https:\/\/animefigurer.se\/wp-content\/uploads\/2025\/12\/Animefigurer_logowhite.png\" \/>\n\t<meta property=\"og:image:width\" content=\"1890\" \/>\n\t<meta property=\"og:image:height\" content=\"1417\" \/>\n\t<meta property=\"og:image:type\" content=\"image\/png\" \/>\n<meta name=\"twitter:card\" content=\"summary_large_image\" \/>\n<script type=\"application\/ld+json\" class=\"yoast-schema-graph\">{\"@context\":\"https:\\\/\\\/schema.org\",\"@graph\":[{\"@type\":\"WebPage\",\"@id\":\"https:\\\/\\\/animefigurer.se\\\/figurer\\\/kakegurui\\\/kakegurui-xx-nendoroid-mary-saotome\\\/\",\"url\":\"https:\\\/\\\/animefigurer.se\\\/figurer\\\/kakegurui\\\/kakegurui-xx-nendoroid-mary-saotome\\\/\",\"name\":\"Kakegurui xx Nendoroid Mary Saotome | Animefigurer.se\",\"isPartOf\":{\"@id\":\"https:\\\/\\\/animefigurer.se\\\/#website\"},\"primaryImageOfPage\":{\"@id\":\"https:\\\/\\\/animefigurer.se\\\/figurer\\\/kakegurui\\\/kakegurui-xx-nendoroid-mary-saotome\\\/#primaryimage\"},\"image\":{\"@id\":\"https:\\\/\\\/animefigurer.se\\\/figurer\\\/kakegurui\\\/kakegurui-xx-nendoroid-mary-saotome\\\/#primaryimage\"},\"thumbnailUrl\":\"https:\\\/\\\/animefigurer.se\\\/wp-content\\\/uploads\\\/2025\\\/10\\\/62bec3a24a120.jpeg\",\"datePublished\":\"2025-10-20T21:27:00+00:00\",\"dateModified\":\"2026-04-10T12:25:25+00:00\",\"breadcrumb\":{\"@id\":\"https:\\\/\\\/animefigurer.se\\\/figurer\\\/kakegurui\\\/kakegurui-xx-nendoroid-mary-saotome\\\/#breadcrumb\"},\"inLanguage\":\"en-GB\",\"potentialAction\":[{\"@type\":\"ReadAction\",\"target\":[\"https:\\\/\\\/animefigurer.se\\\/figurer\\\/kakegurui\\\/kakegurui-xx-nendoroid-mary-saotome\\\/\"]}]},{\"@type\":\"ImageObject\",\"inLanguage\":\"en-GB\",\"@id\":\"https:\\\/\\\/animefigurer.se\\\/figurer\\\/kakegurui\\\/kakegurui-xx-nendoroid-mary-saotome\\\/#primaryimage\",\"url\":\"https:\\\/\\\/animefigurer.se\\\/wp-content\\\/uploads\\\/2025\\\/10\\\/62bec3a24a120.jpeg\",\"contentUrl\":\"https:\\\/\\\/animefigurer.se\\\/wp-content\\\/uploads\\\/2025\\\/10\\\/62bec3a24a120.jpeg\",\"width\":700,\"height\":800},{\"@type\":\"BreadcrumbList\",\"@id\":\"https:\\\/\\\/animefigurer.se\\\/figurer\\\/kakegurui\\\/kakegurui-xx-nendoroid-mary-saotome\\\/#breadcrumb\",\"itemListElement\":[{\"@type\":\"ListItem\",\"position\":1,\"name\":\"Home\",\"item\":\"https:\\\/\\\/animefigurer.se\\\/\"},{\"@type\":\"ListItem\",\"position\":2,\"name\":\"Butik\",\"item\":\"https:\\\/\\\/animefigurer.se\\\/figurer\\\/\"},{\"@type\":\"ListItem\",\"position\":3,\"name\":\"Kakegurui xx Nendoroid Mary Saotome\"}]},{\"@type\":\"WebSite\",\"@id\":\"https:\\\/\\\/animefigurer.se\\\/#website\",\"url\":\"https:\\\/\\\/animefigurer.se\\\/\",\"name\":\"Animefigurer.se\",\"description\":\"Anime figurer fr\u00e5n \u00f6ver 300 olika anime serier med \u00f6ver 9000 produkter | Anime Shop\",\"publisher\":{\"@id\":\"https:\\\/\\\/animefigurer.se\\\/#organization\"},\"potentialAction\":[{\"@type\":\"SearchAction\",\"target\":{\"@type\":\"EntryPoint\",\"urlTemplate\":\"https:\\\/\\\/animefigurer.se\\\/?s={search_term_string}\"},\"query-input\":{\"@type\":\"PropertyValueSpecification\",\"valueRequired\":true,\"valueName\":\"search_term_string\"}}],\"inLanguage\":\"en-GB\"},{\"@type\":\"Organization\",\"@id\":\"https:\\\/\\\/animefigurer.se\\\/#organization\",\"name\":\"Animefigurer.se\",\"alternateName\":\"Anime figurer | Anime shop\",\"url\":\"https:\\\/\\\/animefigurer.se\\\/\",\"logo\":{\"@type\":\"ImageObject\",\"inLanguage\":\"en-GB\",\"@id\":\"https:\\\/\\\/animefigurer.se\\\/#\\\/schema\\\/logo\\\/image\\\/\",\"url\":\"https:\\\/\\\/animefigurer.se\\\/wp-content\\\/uploads\\\/2025\\\/12\\\/Animefigurer_logowhite.png\",\"contentUrl\":\"https:\\\/\\\/animefigurer.se\\\/wp-content\\\/uploads\\\/2025\\\/12\\\/Animefigurer_logowhite.png\",\"width\":1890,\"height\":1417,\"caption\":\"Animefigurer.se\"},\"image\":{\"@id\":\"https:\\\/\\\/animefigurer.se\\\/#\\\/schema\\\/logo\\\/image\\\/\"},\"sameAs\":[\"https:\\\/\\\/www.facebook.com\\\/profile.php?id=61581826539670\",\"https:\\\/\\\/www.instagram.com\\\/animefigurer.se\\\/\"],\"email\":\"info@animefigurer.se\"}]}<\/script>\n<!-- \/ Yoast SEO Premium plugin. -->","yoast_head_json":{"title":"Kakegurui xx Nendoroid Mary Saotome | Animefigurer.se","robots":{"index":"index","follow":"follow","max-snippet":"max-snippet:-1","max-image-preview":"max-image-preview:large","max-video-preview":"max-video-preview:-1"},"canonical":"https:\/\/animefigurer.se\/en\/figurer\/kakegurui\/kakegurui-xx-nendoroid-mary-saotome\/","og_locale":"en_GB","og_type":"article","og_title":"Kakegurui xx Nendoroid Mary Saotome","og_description":"Fr\u00e5n KAKEGURUI xx kommer en Nendoroid av Mary Saotome. Hon inkluderar fyra ansiktsplattor: ett stolt vinnande leende, ett rodnande ansikte, ett hoppl\u00f6st uttryck och ett upphetsat ansikte. Kombinera ansiktsplattorna med den medf\u00f6ljande boskapstaggen som valbar del f\u00f6r att \u00e5terskapa dina favorit\u00f6gonbl","og_url":"https:\/\/animefigurer.se\/en\/figurer\/kakegurui\/kakegurui-xx-nendoroid-mary-saotome\/","og_site_name":"Animefigurer.se","article_publisher":"https:\/\/www.facebook.com\/profile.php?id=61581826539670","article_modified_time":"2026-04-10T12:25:25+00:00","og_image":[{"width":1890,"height":1417,"url":"https:\/\/animefigurer.se\/wp-content\/uploads\/2025\/12\/Animefigurer_logowhite.png","type":"image\/png"}],"twitter_card":"summary_large_image","schema":{"@context":"https:\/\/schema.org","@graph":[{"@type":"WebPage","@id":"https:\/\/animefigurer.se\/figurer\/kakegurui\/kakegurui-xx-nendoroid-mary-saotome\/","url":"https:\/\/animefigurer.se\/figurer\/kakegurui\/kakegurui-xx-nendoroid-mary-saotome\/","name":"Kakegurui xx Nendoroid Mary Saotome | Animefigurer.se","isPartOf":{"@id":"https:\/\/animefigurer.se\/#website"},"primaryImageOfPage":{"@id":"https:\/\/animefigurer.se\/figurer\/kakegurui\/kakegurui-xx-nendoroid-mary-saotome\/#primaryimage"},"image":{"@id":"https:\/\/animefigurer.se\/figurer\/kakegurui\/kakegurui-xx-nendoroid-mary-saotome\/#primaryimage"},"thumbnailUrl":"https:\/\/animefigurer.se\/wp-content\/uploads\/2025\/10\/62bec3a24a120.jpeg","datePublished":"2025-10-20T21:27:00+00:00","dateModified":"2026-04-10T12:25:25+00:00","breadcrumb":{"@id":"https:\/\/animefigurer.se\/figurer\/kakegurui\/kakegurui-xx-nendoroid-mary-saotome\/#breadcrumb"},"inLanguage":"en-GB","potentialAction":[{"@type":"ReadAction","target":["https:\/\/animefigurer.se\/figurer\/kakegurui\/kakegurui-xx-nendoroid-mary-saotome\/"]}]},{"@type":"ImageObject","inLanguage":"en-GB","@id":"https:\/\/animefigurer.se\/figurer\/kakegurui\/kakegurui-xx-nendoroid-mary-saotome\/#primaryimage","url":"https:\/\/animefigurer.se\/wp-content\/uploads\/2025\/10\/62bec3a24a120.jpeg","contentUrl":"https:\/\/animefigurer.se\/wp-content\/uploads\/2025\/10\/62bec3a24a120.jpeg","width":700,"height":800},{"@type":"BreadcrumbList","@id":"https:\/\/animefigurer.se\/figurer\/kakegurui\/kakegurui-xx-nendoroid-mary-saotome\/#breadcrumb","itemListElement":[{"@type":"ListItem","position":1,"name":"Home","item":"https:\/\/animefigurer.se\/"},{"@type":"ListItem","position":2,"name":"Butik","item":"https:\/\/animefigurer.se\/figurer\/"},{"@type":"ListItem","position":3,"name":"Kakegurui xx Nendoroid Mary Saotome"}]},{"@type":"WebSite","@id":"https:\/\/animefigurer.se\/#website","url":"https:\/\/animefigurer.se\/","name":"Animefigurer.se","description":"Anime figures from over 300 different anime series with over 9000 products | Anime Shop","publisher":{"@id":"https:\/\/animefigurer.se\/#organization"},"potentialAction":[{"@type":"SearchAction","target":{"@type":"EntryPoint","urlTemplate":"https:\/\/animefigurer.se\/?s={search_term_string}"},"query-input":{"@type":"PropertyValueSpecification","valueRequired":true,"valueName":"search_term_string"}}],"inLanguage":"en-GB"},{"@type":"Organization","@id":"https:\/\/animefigurer.se\/#organization","name":"Animefigurer.se","alternateName":"Anime figurer | Anime shop","url":"https:\/\/animefigurer.se\/","logo":{"@type":"ImageObject","inLanguage":"en-GB","@id":"https:\/\/animefigurer.se\/#\/schema\/logo\/image\/","url":"https:\/\/animefigurer.se\/wp-content\/uploads\/2025\/12\/Animefigurer_logowhite.png","contentUrl":"https:\/\/animefigurer.se\/wp-content\/uploads\/2025\/12\/Animefigurer_logowhite.png","width":1890,"height":1417,"caption":"Animefigurer.se"},"image":{"@id":"https:\/\/animefigurer.se\/#\/schema\/logo\/image\/"},"sameAs":["https:\/\/www.facebook.com\/profile.php?id=61581826539670","https:\/\/www.instagram.com\/animefigurer.se\/"],"email":"info@animefigurer.se"}]}},"_links":{"self":[{"href":"https:\/\/animefigurer.se\/en\/wp-json\/wp\/v2\/product\/39113","targetHints":{"allow":["GET"]}}],"collection":[{"href":"https:\/\/animefigurer.se\/en\/wp-json\/wp\/v2\/product"}],"about":[{"href":"https:\/\/animefigurer.se\/en\/wp-json\/wp\/v2\/types\/product"}],"replies":[{"embeddable":true,"href":"https:\/\/animefigurer.se\/en\/wp-json\/wp\/v2\/comments?post=39113"}],"wp:featuredmedia":[{"embeddable":true,"href":"https:\/\/animefigurer.se\/en\/wp-json\/wp\/v2\/media\/39114"}],"wp:attachment":[{"href":"https:\/\/animefigurer.se\/en\/wp-json\/wp\/v2\/media?parent=39113"}],"wp:term":[{"taxonomy":"product_brand","embeddable":true,"href":"https:\/\/animefigurer.se\/en\/wp-json\/wp\/v2\/product_brand?post=39113"},{"taxonomy":"product_cat","embeddable":true,"href":"https:\/\/animefigurer.se\/en\/wp-json\/wp\/v2\/product_cat?post=39113"},{"taxonomy":"product_tag","embeddable":true,"href":"https:\/\/animefigurer.se\/en\/wp-json\/wp\/v2\/product_tag?post=39113"},{"taxonomy":"giftcard-category","embeddable":true,"href":"https:\/\/animefigurer.se\/en\/wp-json\/wp\/v2\/giftcard-category?post=39113"}],"curies":[{"name":"wp","href":"https:\/\/api.w.org\/{rel}","templated":true}]}}