{"id":38934,"date":"2025-10-20T23:26:39","date_gmt":"2025-10-20T21:26:39","guid":{"rendered":"https:\/\/animefigurer.se\/produkt\/kaiju-no-8-s-fire-mina-ashiro\/"},"modified":"2025-12-21T19:30:59","modified_gmt":"2025-12-21T18:30:59","slug":"kaiju-no-8-s-fire-mina-ashiro","status":"publish","type":"product","link":"https:\/\/animefigurer.se\/en\/figurer\/kaiju-no-8\/kaiju-no-8-s-fire-mina-ashiro\/","title":{"rendered":"Kaiju No. 8 S-Fire Mina Ashiro"},"content":{"rendered":"<p>S-FIRE presents a 1\/7th scale figure of Mina Ashiro, captain of the third division of Kaiju No. 8.<\/p>\n<p>The figure captures the tense moment just before she fires her special weapon. The weapon is meticulously sculpted to capture the intensity of the scene, and her calm yet determined expression is rendered in great detail. The scene where she holds her giant weapon in a powerful stance is faithful to the anime.<\/p>\n<p>Display Mina alongside S-FIRE figures Kaiju No. 8, Soshiro Hoshina and Kikoru Shinomiya. The figure is compatible with the Play AR app, so you can enjoy extra enhanced effects via augmented reality.<\/p>","protected":false},"excerpt":{"rendered":"<p>S-FIRE presents a 1\/7th scale figure of Mina Ashiro, captain of the third division of Kaiju No. 8.<\/p>\n<p>The figure captures the tense moment just before she fires her special weapon. The weapon is carefully sculpted to recreate the intensity of the scene, and her calm but determined expression is captured with<\/p>","protected":false},"featured_media":38935,"comment_status":"closed","ping_status":"open","template":"","meta":{"_acf_changed":false,"_monsterinsights_skip_tracking":false,"_monsterinsights_sitenote_active":false,"_monsterinsights_sitenote_note":"","_monsterinsights_sitenote_category":0},"product_brand":[7129],"product_cat":[3270],"product_tag":[24],"giftcard-category":[],"class_list":{"0":"post-38934","1":"product","2":"type-product","3":"status-publish","4":"has-post-thumbnail","6":"product_brand-sega","7":"product_cat-kaiju-no-8","8":"product_tag-2-3-weeks","9":"pa_franchise-kaiju-no-8","10":"pa_karaktar-mina-ashiro","11":"pa_produktserie-s-fire","12":"pa_skala-41","13":"pa_storlek-23-cm","15":"first","16":"instock","17":"taxable","18":"shipping-taxable","19":"purchasable","20":"product-type-simple"},"acf":[],"yoast_head":"<!-- This site is optimized with the Yoast SEO Premium plugin v24.6 (Yoast SEO v27.3) - https:\/\/yoast.com\/product\/yoast-seo-premium-wordpress\/ -->\n<title>Kaiju No. 8 S-Fire Mina Ashiro | Animefigurer.se<\/title>\n<meta name=\"robots\" content=\"index, follow, max-snippet:-1, max-image-preview:large, max-video-preview:-1\" \/>\n<link rel=\"canonical\" href=\"https:\/\/animefigurer.se\/en\/figurer\/kaiju-no-8\/kaiju-no-8-s-fire-mina-ashiro\/\" \/>\n<meta property=\"og:locale\" content=\"en_GB\" \/>\n<meta property=\"og:type\" content=\"article\" \/>\n<meta property=\"og:title\" content=\"Kaiju No. 8 S-Fire Mina Ashiro\" \/>\n<meta property=\"og:description\" content=\"S-FIRE presenterar en 1\/7-skala figur av Mina Ashiro, kapten f\u00f6r tredje divisionen i Kaiju No. 8. Figuren f\u00e5ngar det sp\u00e4nda \u00f6gonblicket precis innan hon avfyrar sitt specialvapen. Vapnet \u00e4r noggrant skulpterat f\u00f6r att \u00e5terskapa scenens intensitet, och hennes lugna men beslutsamma uttryck \u00e5terges me\" \/>\n<meta property=\"og:url\" content=\"https:\/\/animefigurer.se\/en\/figurer\/kaiju-no-8\/kaiju-no-8-s-fire-mina-ashiro\/\" \/>\n<meta property=\"og:site_name\" content=\"Animefigurer.se\" \/>\n<meta property=\"article:publisher\" content=\"https:\/\/www.facebook.com\/profile.php?id=61581826539670\" \/>\n<meta property=\"article:modified_time\" content=\"2025-12-21T18:30:59+00:00\" \/>\n<meta property=\"og:image\" content=\"https:\/\/animefigurer.se\/wp-content\/uploads\/2025\/12\/Animefigurer_logowhite.png\" \/>\n\t<meta property=\"og:image:width\" content=\"1890\" \/>\n\t<meta property=\"og:image:height\" content=\"1417\" \/>\n\t<meta property=\"og:image:type\" content=\"image\/png\" \/>\n<meta name=\"twitter:card\" content=\"summary_large_image\" \/>\n<meta name=\"twitter:label1\" content=\"Estimated reading time\" \/>\n\t<meta name=\"twitter:data1\" content=\"1 minute\" \/>\n<script type=\"application\/ld+json\" class=\"yoast-schema-graph\">{\"@context\":\"https:\\\/\\\/schema.org\",\"@graph\":[{\"@type\":\"WebPage\",\"@id\":\"https:\\\/\\\/animefigurer.se\\\/figurer\\\/kaiju-no-8\\\/kaiju-no-8-s-fire-mina-ashiro\\\/\",\"url\":\"https:\\\/\\\/animefigurer.se\\\/figurer\\\/kaiju-no-8\\\/kaiju-no-8-s-fire-mina-ashiro\\\/\",\"name\":\"Kaiju No. 8 S-Fire Mina Ashiro | Animefigurer.se\",\"isPartOf\":{\"@id\":\"https:\\\/\\\/animefigurer.se\\\/#website\"},\"primaryImageOfPage\":{\"@id\":\"https:\\\/\\\/animefigurer.se\\\/figurer\\\/kaiju-no-8\\\/kaiju-no-8-s-fire-mina-ashiro\\\/#primaryimage\"},\"image\":{\"@id\":\"https:\\\/\\\/animefigurer.se\\\/figurer\\\/kaiju-no-8\\\/kaiju-no-8-s-fire-mina-ashiro\\\/#primaryimage\"},\"thumbnailUrl\":\"https:\\\/\\\/animefigurer.se\\\/wp-content\\\/uploads\\\/2025\\\/10\\\/172535462066d6d206c5e7a.jpeg\",\"datePublished\":\"2025-10-20T21:26:39+00:00\",\"dateModified\":\"2025-12-21T18:30:59+00:00\",\"breadcrumb\":{\"@id\":\"https:\\\/\\\/animefigurer.se\\\/figurer\\\/kaiju-no-8\\\/kaiju-no-8-s-fire-mina-ashiro\\\/#breadcrumb\"},\"inLanguage\":\"en-GB\",\"potentialAction\":[{\"@type\":\"ReadAction\",\"target\":[\"https:\\\/\\\/animefigurer.se\\\/figurer\\\/kaiju-no-8\\\/kaiju-no-8-s-fire-mina-ashiro\\\/\"]}]},{\"@type\":\"ImageObject\",\"inLanguage\":\"en-GB\",\"@id\":\"https:\\\/\\\/animefigurer.se\\\/figurer\\\/kaiju-no-8\\\/kaiju-no-8-s-fire-mina-ashiro\\\/#primaryimage\",\"url\":\"https:\\\/\\\/animefigurer.se\\\/wp-content\\\/uploads\\\/2025\\\/10\\\/172535462066d6d206c5e7a.jpeg\",\"contentUrl\":\"https:\\\/\\\/animefigurer.se\\\/wp-content\\\/uploads\\\/2025\\\/10\\\/172535462066d6d206c5e7a.jpeg\",\"width\":720,\"height\":540},{\"@type\":\"BreadcrumbList\",\"@id\":\"https:\\\/\\\/animefigurer.se\\\/figurer\\\/kaiju-no-8\\\/kaiju-no-8-s-fire-mina-ashiro\\\/#breadcrumb\",\"itemListElement\":[{\"@type\":\"ListItem\",\"position\":1,\"name\":\"Home\",\"item\":\"https:\\\/\\\/animefigurer.se\\\/\"},{\"@type\":\"ListItem\",\"position\":2,\"name\":\"Butik\",\"item\":\"https:\\\/\\\/animefigurer.se\\\/figurer\\\/\"},{\"@type\":\"ListItem\",\"position\":3,\"name\":\"Kaiju No. 8 S-Fire Mina Ashiro\"}]},{\"@type\":\"WebSite\",\"@id\":\"https:\\\/\\\/animefigurer.se\\\/#website\",\"url\":\"https:\\\/\\\/animefigurer.se\\\/\",\"name\":\"Animefigurer.se\",\"description\":\"Anime figurer fr\u00e5n \u00f6ver 300 olika anime serier med \u00f6ver 9000 produkter | Anime Shop\",\"publisher\":{\"@id\":\"https:\\\/\\\/animefigurer.se\\\/#organization\"},\"potentialAction\":[{\"@type\":\"SearchAction\",\"target\":{\"@type\":\"EntryPoint\",\"urlTemplate\":\"https:\\\/\\\/animefigurer.se\\\/?s={search_term_string}\"},\"query-input\":{\"@type\":\"PropertyValueSpecification\",\"valueRequired\":true,\"valueName\":\"search_term_string\"}}],\"inLanguage\":\"en-GB\"},{\"@type\":\"Organization\",\"@id\":\"https:\\\/\\\/animefigurer.se\\\/#organization\",\"name\":\"Animefigurer.se\",\"alternateName\":\"Anime figurer | Anime shop\",\"url\":\"https:\\\/\\\/animefigurer.se\\\/\",\"logo\":{\"@type\":\"ImageObject\",\"inLanguage\":\"en-GB\",\"@id\":\"https:\\\/\\\/animefigurer.se\\\/#\\\/schema\\\/logo\\\/image\\\/\",\"url\":\"https:\\\/\\\/animefigurer.se\\\/wp-content\\\/uploads\\\/2025\\\/12\\\/Animefigurer_logowhite.png\",\"contentUrl\":\"https:\\\/\\\/animefigurer.se\\\/wp-content\\\/uploads\\\/2025\\\/12\\\/Animefigurer_logowhite.png\",\"width\":1890,\"height\":1417,\"caption\":\"Animefigurer.se\"},\"image\":{\"@id\":\"https:\\\/\\\/animefigurer.se\\\/#\\\/schema\\\/logo\\\/image\\\/\"},\"sameAs\":[\"https:\\\/\\\/www.facebook.com\\\/profile.php?id=61581826539670\",\"https:\\\/\\\/www.instagram.com\\\/animefigurer.se\\\/\"],\"email\":\"info@animefigurer.se\"}]}<\/script>\n<!-- \/ Yoast SEO Premium plugin. -->","yoast_head_json":{"title":"Kaiju No. 8 S-Fire Mina Ashiro | Animefigurer.se","robots":{"index":"index","follow":"follow","max-snippet":"max-snippet:-1","max-image-preview":"max-image-preview:large","max-video-preview":"max-video-preview:-1"},"canonical":"https:\/\/animefigurer.se\/en\/figurer\/kaiju-no-8\/kaiju-no-8-s-fire-mina-ashiro\/","og_locale":"en_GB","og_type":"article","og_title":"Kaiju No. 8 S-Fire Mina Ashiro","og_description":"S-FIRE presenterar en 1\/7-skala figur av Mina Ashiro, kapten f\u00f6r tredje divisionen i Kaiju No. 8. Figuren f\u00e5ngar det sp\u00e4nda \u00f6gonblicket precis innan hon avfyrar sitt specialvapen. Vapnet \u00e4r noggrant skulpterat f\u00f6r att \u00e5terskapa scenens intensitet, och hennes lugna men beslutsamma uttryck \u00e5terges me","og_url":"https:\/\/animefigurer.se\/en\/figurer\/kaiju-no-8\/kaiju-no-8-s-fire-mina-ashiro\/","og_site_name":"Animefigurer.se","article_publisher":"https:\/\/www.facebook.com\/profile.php?id=61581826539670","article_modified_time":"2025-12-21T18:30:59+00:00","og_image":[{"width":1890,"height":1417,"url":"https:\/\/animefigurer.se\/wp-content\/uploads\/2025\/12\/Animefigurer_logowhite.png","type":"image\/png"}],"twitter_card":"summary_large_image","twitter_misc":{"Estimated reading time":"1 minute"},"schema":{"@context":"https:\/\/schema.org","@graph":[{"@type":"WebPage","@id":"https:\/\/animefigurer.se\/figurer\/kaiju-no-8\/kaiju-no-8-s-fire-mina-ashiro\/","url":"https:\/\/animefigurer.se\/figurer\/kaiju-no-8\/kaiju-no-8-s-fire-mina-ashiro\/","name":"Kaiju No. 8 S-Fire Mina Ashiro | Animefigurer.se","isPartOf":{"@id":"https:\/\/animefigurer.se\/#website"},"primaryImageOfPage":{"@id":"https:\/\/animefigurer.se\/figurer\/kaiju-no-8\/kaiju-no-8-s-fire-mina-ashiro\/#primaryimage"},"image":{"@id":"https:\/\/animefigurer.se\/figurer\/kaiju-no-8\/kaiju-no-8-s-fire-mina-ashiro\/#primaryimage"},"thumbnailUrl":"https:\/\/animefigurer.se\/wp-content\/uploads\/2025\/10\/172535462066d6d206c5e7a.jpeg","datePublished":"2025-10-20T21:26:39+00:00","dateModified":"2025-12-21T18:30:59+00:00","breadcrumb":{"@id":"https:\/\/animefigurer.se\/figurer\/kaiju-no-8\/kaiju-no-8-s-fire-mina-ashiro\/#breadcrumb"},"inLanguage":"en-GB","potentialAction":[{"@type":"ReadAction","target":["https:\/\/animefigurer.se\/figurer\/kaiju-no-8\/kaiju-no-8-s-fire-mina-ashiro\/"]}]},{"@type":"ImageObject","inLanguage":"en-GB","@id":"https:\/\/animefigurer.se\/figurer\/kaiju-no-8\/kaiju-no-8-s-fire-mina-ashiro\/#primaryimage","url":"https:\/\/animefigurer.se\/wp-content\/uploads\/2025\/10\/172535462066d6d206c5e7a.jpeg","contentUrl":"https:\/\/animefigurer.se\/wp-content\/uploads\/2025\/10\/172535462066d6d206c5e7a.jpeg","width":720,"height":540},{"@type":"BreadcrumbList","@id":"https:\/\/animefigurer.se\/figurer\/kaiju-no-8\/kaiju-no-8-s-fire-mina-ashiro\/#breadcrumb","itemListElement":[{"@type":"ListItem","position":1,"name":"Home","item":"https:\/\/animefigurer.se\/"},{"@type":"ListItem","position":2,"name":"Butik","item":"https:\/\/animefigurer.se\/figurer\/"},{"@type":"ListItem","position":3,"name":"Kaiju No. 8 S-Fire Mina Ashiro"}]},{"@type":"WebSite","@id":"https:\/\/animefigurer.se\/#website","url":"https:\/\/animefigurer.se\/","name":"Animefigurer.se","description":"Anime figures from over 300 different anime series with over 9000 products | Anime Shop","publisher":{"@id":"https:\/\/animefigurer.se\/#organization"},"potentialAction":[{"@type":"SearchAction","target":{"@type":"EntryPoint","urlTemplate":"https:\/\/animefigurer.se\/?s={search_term_string}"},"query-input":{"@type":"PropertyValueSpecification","valueRequired":true,"valueName":"search_term_string"}}],"inLanguage":"en-GB"},{"@type":"Organization","@id":"https:\/\/animefigurer.se\/#organization","name":"Animefigurer.se","alternateName":"Anime figurer | Anime shop","url":"https:\/\/animefigurer.se\/","logo":{"@type":"ImageObject","inLanguage":"en-GB","@id":"https:\/\/animefigurer.se\/#\/schema\/logo\/image\/","url":"https:\/\/animefigurer.se\/wp-content\/uploads\/2025\/12\/Animefigurer_logowhite.png","contentUrl":"https:\/\/animefigurer.se\/wp-content\/uploads\/2025\/12\/Animefigurer_logowhite.png","width":1890,"height":1417,"caption":"Animefigurer.se"},"image":{"@id":"https:\/\/animefigurer.se\/#\/schema\/logo\/image\/"},"sameAs":["https:\/\/www.facebook.com\/profile.php?id=61581826539670","https:\/\/www.instagram.com\/animefigurer.se\/"],"email":"info@animefigurer.se"}]}},"_links":{"self":[{"href":"https:\/\/animefigurer.se\/en\/wp-json\/wp\/v2\/product\/38934","targetHints":{"allow":["GET"]}}],"collection":[{"href":"https:\/\/animefigurer.se\/en\/wp-json\/wp\/v2\/product"}],"about":[{"href":"https:\/\/animefigurer.se\/en\/wp-json\/wp\/v2\/types\/product"}],"replies":[{"embeddable":true,"href":"https:\/\/animefigurer.se\/en\/wp-json\/wp\/v2\/comments?post=38934"}],"wp:featuredmedia":[{"embeddable":true,"href":"https:\/\/animefigurer.se\/en\/wp-json\/wp\/v2\/media\/38935"}],"wp:attachment":[{"href":"https:\/\/animefigurer.se\/en\/wp-json\/wp\/v2\/media?parent=38934"}],"wp:term":[{"taxonomy":"product_brand","embeddable":true,"href":"https:\/\/animefigurer.se\/en\/wp-json\/wp\/v2\/product_brand?post=38934"},{"taxonomy":"product_cat","embeddable":true,"href":"https:\/\/animefigurer.se\/en\/wp-json\/wp\/v2\/product_cat?post=38934"},{"taxonomy":"product_tag","embeddable":true,"href":"https:\/\/animefigurer.se\/en\/wp-json\/wp\/v2\/product_tag?post=38934"},{"taxonomy":"giftcard-category","embeddable":true,"href":"https:\/\/animefigurer.se\/en\/wp-json\/wp\/v2\/giftcard-category?post=38934"}],"curies":[{"name":"wp","href":"https:\/\/api.w.org\/{rel}","templated":true}]}}