{"id":38826,"date":"2025-10-20T23:25:29","date_gmt":"2025-10-20T21:25:29","guid":{"rendered":"https:\/\/animefigurer.se\/produkt\/kaiju-no-8-world-collectable-figure-log-stories-soshiro-hoshina-vs-kaiju-no-8\/"},"modified":"2025-12-21T19:30:58","modified_gmt":"2025-12-21T18:30:58","slug":"kaiju-no-8-world-collectable-figure-log-stories-soshiro-hoshina-vs-kaiju-no-8","status":"publish","type":"product","link":"https:\/\/animefigurer.se\/en\/figurer\/kaiju-no-8\/kaiju-no-8-world-collectable-figure-log-stories-soshiro-hoshina-vs-kaiju-no-8\/","title":{"rendered":"Kaiju No.8 World Collectable Figure Log Stories Soshiro Hoshina Vs. Kaiju No. 8"},"content":{"rendered":"<p>Bandai Spirits Banpresto Presents WCF Log Stories: Soshiro Hoshina vs. Kaiju No. 8!<\/p>\n<p>The two figures are rendered in an epic scene at approximately 3 inches tall. Perfect for collecting and displaying with other WCFs to create small but impressive displays.<\/p>\n<p>World Collectable Figure is a palm-sized collectible series that is perfect for small spaces and shelf edges.<\/p>","protected":false},"excerpt":{"rendered":"<p>Bandai Spirits Banpresto Presents WCF Log Stories: Soshiro Hoshina vs. Kaiju No. 8!<\/p>\n<p>The two figures are rendered in an epic scene at approximately 3 inches tall. Perfect for collecting and displaying with other WCFs to create small but impressive displays.<\/p>\n<p>World Collectable Figure is a palm-sized s<\/p>","protected":false},"featured_media":38827,"comment_status":"closed","ping_status":"open","template":"","meta":{"_acf_changed":false,"_monsterinsights_skip_tracking":false,"_monsterinsights_sitenote_active":false,"_monsterinsights_sitenote_note":"","_monsterinsights_sitenote_category":0},"product_brand":[6928],"product_cat":[3270],"product_tag":[24],"giftcard-category":[],"class_list":{"0":"post-38826","1":"product","2":"type-product","3":"status-publish","4":"has-post-thumbnail","6":"product_brand-banpresto","7":"product_cat-kaiju-no-8","8":"product_tag-2-3-weeks","9":"pa_franchise-kaiju-no-8","10":"pa_material-pvc-abs","11":"pa_produktserie-world-collectable-figure","12":"pa_storlek-8-cm","14":"first","15":"instock","16":"taxable","17":"shipping-taxable","18":"purchasable","19":"product-type-simple"},"acf":[],"yoast_head":"<!-- This site is optimized with the Yoast SEO Premium plugin v24.6 (Yoast SEO v27.3) - https:\/\/yoast.com\/product\/yoast-seo-premium-wordpress\/ -->\n<title>Kaiju No.8 World Collectable Figure Log Stories Soshiro Hoshina vs. Kaiju No. 8 | Animefigurer.se<\/title>\n<meta name=\"robots\" content=\"index, follow, max-snippet:-1, max-image-preview:large, max-video-preview:-1\" \/>\n<link rel=\"canonical\" href=\"https:\/\/animefigurer.se\/en\/figurer\/kaiju-no-8\/kaiju-no-8-world-collectable-figure-log-stories-soshiro-hoshina-vs-kaiju-no-8\/\" \/>\n<meta property=\"og:locale\" content=\"en_GB\" \/>\n<meta property=\"og:type\" content=\"article\" \/>\n<meta property=\"og:title\" content=\"Kaiju No.8 World Collectable Figure Log Stories Soshiro Hoshina vs. Kaiju No. 8\" \/>\n<meta property=\"og:description\" content=\"Bandai Spirits Banpresto presenterar WCF Log Stories: Soshiro Hoshina vs Kaiju nr 8! De tv\u00e5 figurerna \u00e5terges i en episk scen p\u00e5 cirka 3 tum i h\u00f6jd. Perfekt att samla och st\u00e4lla upp tillsammans med andra WCF f\u00f6r att skapa sm\u00e5 men imponerande displays. World Collectable Figure \u00e4r en handflatsstor s\" \/>\n<meta property=\"og:url\" content=\"https:\/\/animefigurer.se\/en\/figurer\/kaiju-no-8\/kaiju-no-8-world-collectable-figure-log-stories-soshiro-hoshina-vs-kaiju-no-8\/\" \/>\n<meta property=\"og:site_name\" content=\"Animefigurer.se\" \/>\n<meta property=\"article:publisher\" content=\"https:\/\/www.facebook.com\/profile.php?id=61581826539670\" \/>\n<meta property=\"article:modified_time\" content=\"2025-12-21T18:30:58+00:00\" \/>\n<meta property=\"og:image\" content=\"https:\/\/animefigurer.se\/wp-content\/uploads\/2025\/12\/Animefigurer_logowhite.png\" \/>\n\t<meta property=\"og:image:width\" content=\"1890\" \/>\n\t<meta property=\"og:image:height\" content=\"1417\" \/>\n\t<meta property=\"og:image:type\" content=\"image\/png\" \/>\n<meta name=\"twitter:card\" content=\"summary_large_image\" \/>\n<script type=\"application\/ld+json\" class=\"yoast-schema-graph\">{\"@context\":\"https:\\\/\\\/schema.org\",\"@graph\":[{\"@type\":\"WebPage\",\"@id\":\"https:\\\/\\\/animefigurer.se\\\/figurer\\\/kaiju-no-8\\\/kaiju-no-8-world-collectable-figure-log-stories-soshiro-hoshina-vs-kaiju-no-8\\\/\",\"url\":\"https:\\\/\\\/animefigurer.se\\\/figurer\\\/kaiju-no-8\\\/kaiju-no-8-world-collectable-figure-log-stories-soshiro-hoshina-vs-kaiju-no-8\\\/\",\"name\":\"Kaiju No.8 World Collectable Figure Log Stories Soshiro Hoshina vs. Kaiju No. 8 | Animefigurer.se\",\"isPartOf\":{\"@id\":\"https:\\\/\\\/animefigurer.se\\\/#website\"},\"primaryImageOfPage\":{\"@id\":\"https:\\\/\\\/animefigurer.se\\\/figurer\\\/kaiju-no-8\\\/kaiju-no-8-world-collectable-figure-log-stories-soshiro-hoshina-vs-kaiju-no-8\\\/#primaryimage\"},\"image\":{\"@id\":\"https:\\\/\\\/animefigurer.se\\\/figurer\\\/kaiju-no-8\\\/kaiju-no-8-world-collectable-figure-log-stories-soshiro-hoshina-vs-kaiju-no-8\\\/#primaryimage\"},\"thumbnailUrl\":\"https:\\\/\\\/animefigurer.se\\\/wp-content\\\/uploads\\\/2025\\\/10\\\/665f30130eec4.jpeg\",\"datePublished\":\"2025-10-20T21:25:29+00:00\",\"dateModified\":\"2025-12-21T18:30:58+00:00\",\"breadcrumb\":{\"@id\":\"https:\\\/\\\/animefigurer.se\\\/figurer\\\/kaiju-no-8\\\/kaiju-no-8-world-collectable-figure-log-stories-soshiro-hoshina-vs-kaiju-no-8\\\/#breadcrumb\"},\"inLanguage\":\"en-GB\",\"potentialAction\":[{\"@type\":\"ReadAction\",\"target\":[\"https:\\\/\\\/animefigurer.se\\\/figurer\\\/kaiju-no-8\\\/kaiju-no-8-world-collectable-figure-log-stories-soshiro-hoshina-vs-kaiju-no-8\\\/\"]}]},{\"@type\":\"ImageObject\",\"inLanguage\":\"en-GB\",\"@id\":\"https:\\\/\\\/animefigurer.se\\\/figurer\\\/kaiju-no-8\\\/kaiju-no-8-world-collectable-figure-log-stories-soshiro-hoshina-vs-kaiju-no-8\\\/#primaryimage\",\"url\":\"https:\\\/\\\/animefigurer.se\\\/wp-content\\\/uploads\\\/2025\\\/10\\\/665f30130eec4.jpeg\",\"contentUrl\":\"https:\\\/\\\/animefigurer.se\\\/wp-content\\\/uploads\\\/2025\\\/10\\\/665f30130eec4.jpeg\",\"width\":720,\"height\":540},{\"@type\":\"BreadcrumbList\",\"@id\":\"https:\\\/\\\/animefigurer.se\\\/figurer\\\/kaiju-no-8\\\/kaiju-no-8-world-collectable-figure-log-stories-soshiro-hoshina-vs-kaiju-no-8\\\/#breadcrumb\",\"itemListElement\":[{\"@type\":\"ListItem\",\"position\":1,\"name\":\"Home\",\"item\":\"https:\\\/\\\/animefigurer.se\\\/\"},{\"@type\":\"ListItem\",\"position\":2,\"name\":\"Butik\",\"item\":\"https:\\\/\\\/animefigurer.se\\\/figurer\\\/\"},{\"@type\":\"ListItem\",\"position\":3,\"name\":\"Kaiju No.8 World Collectable Figure Log Stories Soshiro Hoshina vs. Kaiju No. 8\"}]},{\"@type\":\"WebSite\",\"@id\":\"https:\\\/\\\/animefigurer.se\\\/#website\",\"url\":\"https:\\\/\\\/animefigurer.se\\\/\",\"name\":\"Animefigurer.se\",\"description\":\"Anime figurer fr\u00e5n \u00f6ver 300 olika anime serier med \u00f6ver 9000 produkter | Anime Shop\",\"publisher\":{\"@id\":\"https:\\\/\\\/animefigurer.se\\\/#organization\"},\"potentialAction\":[{\"@type\":\"SearchAction\",\"target\":{\"@type\":\"EntryPoint\",\"urlTemplate\":\"https:\\\/\\\/animefigurer.se\\\/?s={search_term_string}\"},\"query-input\":{\"@type\":\"PropertyValueSpecification\",\"valueRequired\":true,\"valueName\":\"search_term_string\"}}],\"inLanguage\":\"en-GB\"},{\"@type\":\"Organization\",\"@id\":\"https:\\\/\\\/animefigurer.se\\\/#organization\",\"name\":\"Animefigurer.se\",\"alternateName\":\"Anime figurer | Anime shop\",\"url\":\"https:\\\/\\\/animefigurer.se\\\/\",\"logo\":{\"@type\":\"ImageObject\",\"inLanguage\":\"en-GB\",\"@id\":\"https:\\\/\\\/animefigurer.se\\\/#\\\/schema\\\/logo\\\/image\\\/\",\"url\":\"https:\\\/\\\/animefigurer.se\\\/wp-content\\\/uploads\\\/2025\\\/12\\\/Animefigurer_logowhite.png\",\"contentUrl\":\"https:\\\/\\\/animefigurer.se\\\/wp-content\\\/uploads\\\/2025\\\/12\\\/Animefigurer_logowhite.png\",\"width\":1890,\"height\":1417,\"caption\":\"Animefigurer.se\"},\"image\":{\"@id\":\"https:\\\/\\\/animefigurer.se\\\/#\\\/schema\\\/logo\\\/image\\\/\"},\"sameAs\":[\"https:\\\/\\\/www.facebook.com\\\/profile.php?id=61581826539670\",\"https:\\\/\\\/www.instagram.com\\\/animefigurer.se\\\/\"],\"email\":\"info@animefigurer.se\"}]}<\/script>\n<!-- \/ Yoast SEO Premium plugin. -->","yoast_head_json":{"title":"Kaiju No.8 World Collectable Figure Log Stories Soshiro Hoshina Vs. Kaiju No. 8 | Animefigurer.se","robots":{"index":"index","follow":"follow","max-snippet":"max-snippet:-1","max-image-preview":"max-image-preview:large","max-video-preview":"max-video-preview:-1"},"canonical":"https:\/\/animefigurer.se\/en\/figurer\/kaiju-no-8\/kaiju-no-8-world-collectable-figure-log-stories-soshiro-hoshina-vs-kaiju-no-8\/","og_locale":"en_GB","og_type":"article","og_title":"Kaiju No.8 World Collectable Figure Log Stories Soshiro Hoshina vs. Kaiju No. 8","og_description":"Bandai Spirits Banpresto presenterar WCF Log Stories: Soshiro Hoshina vs Kaiju nr 8! De tv\u00e5 figurerna \u00e5terges i en episk scen p\u00e5 cirka 3 tum i h\u00f6jd. Perfekt att samla och st\u00e4lla upp tillsammans med andra WCF f\u00f6r att skapa sm\u00e5 men imponerande displays. World Collectable Figure \u00e4r en handflatsstor s","og_url":"https:\/\/animefigurer.se\/en\/figurer\/kaiju-no-8\/kaiju-no-8-world-collectable-figure-log-stories-soshiro-hoshina-vs-kaiju-no-8\/","og_site_name":"Animefigurer.se","article_publisher":"https:\/\/www.facebook.com\/profile.php?id=61581826539670","article_modified_time":"2025-12-21T18:30:58+00:00","og_image":[{"width":1890,"height":1417,"url":"https:\/\/animefigurer.se\/wp-content\/uploads\/2025\/12\/Animefigurer_logowhite.png","type":"image\/png"}],"twitter_card":"summary_large_image","schema":{"@context":"https:\/\/schema.org","@graph":[{"@type":"WebPage","@id":"https:\/\/animefigurer.se\/figurer\/kaiju-no-8\/kaiju-no-8-world-collectable-figure-log-stories-soshiro-hoshina-vs-kaiju-no-8\/","url":"https:\/\/animefigurer.se\/figurer\/kaiju-no-8\/kaiju-no-8-world-collectable-figure-log-stories-soshiro-hoshina-vs-kaiju-no-8\/","name":"Kaiju No.8 World Collectable Figure Log Stories Soshiro Hoshina Vs. Kaiju No. 8 | Animefigurer.se","isPartOf":{"@id":"https:\/\/animefigurer.se\/#website"},"primaryImageOfPage":{"@id":"https:\/\/animefigurer.se\/figurer\/kaiju-no-8\/kaiju-no-8-world-collectable-figure-log-stories-soshiro-hoshina-vs-kaiju-no-8\/#primaryimage"},"image":{"@id":"https:\/\/animefigurer.se\/figurer\/kaiju-no-8\/kaiju-no-8-world-collectable-figure-log-stories-soshiro-hoshina-vs-kaiju-no-8\/#primaryimage"},"thumbnailUrl":"https:\/\/animefigurer.se\/wp-content\/uploads\/2025\/10\/665f30130eec4.jpeg","datePublished":"2025-10-20T21:25:29+00:00","dateModified":"2025-12-21T18:30:58+00:00","breadcrumb":{"@id":"https:\/\/animefigurer.se\/figurer\/kaiju-no-8\/kaiju-no-8-world-collectable-figure-log-stories-soshiro-hoshina-vs-kaiju-no-8\/#breadcrumb"},"inLanguage":"en-GB","potentialAction":[{"@type":"ReadAction","target":["https:\/\/animefigurer.se\/figurer\/kaiju-no-8\/kaiju-no-8-world-collectable-figure-log-stories-soshiro-hoshina-vs-kaiju-no-8\/"]}]},{"@type":"ImageObject","inLanguage":"en-GB","@id":"https:\/\/animefigurer.se\/figurer\/kaiju-no-8\/kaiju-no-8-world-collectable-figure-log-stories-soshiro-hoshina-vs-kaiju-no-8\/#primaryimage","url":"https:\/\/animefigurer.se\/wp-content\/uploads\/2025\/10\/665f30130eec4.jpeg","contentUrl":"https:\/\/animefigurer.se\/wp-content\/uploads\/2025\/10\/665f30130eec4.jpeg","width":720,"height":540},{"@type":"BreadcrumbList","@id":"https:\/\/animefigurer.se\/figurer\/kaiju-no-8\/kaiju-no-8-world-collectable-figure-log-stories-soshiro-hoshina-vs-kaiju-no-8\/#breadcrumb","itemListElement":[{"@type":"ListItem","position":1,"name":"Home","item":"https:\/\/animefigurer.se\/"},{"@type":"ListItem","position":2,"name":"Butik","item":"https:\/\/animefigurer.se\/figurer\/"},{"@type":"ListItem","position":3,"name":"Kaiju No.8 World Collectable Figure Log Stories Soshiro Hoshina vs. Kaiju No. 8"}]},{"@type":"WebSite","@id":"https:\/\/animefigurer.se\/#website","url":"https:\/\/animefigurer.se\/","name":"Animefigurer.se","description":"Anime figures from over 300 different anime series with over 9000 products | Anime Shop","publisher":{"@id":"https:\/\/animefigurer.se\/#organization"},"potentialAction":[{"@type":"SearchAction","target":{"@type":"EntryPoint","urlTemplate":"https:\/\/animefigurer.se\/?s={search_term_string}"},"query-input":{"@type":"PropertyValueSpecification","valueRequired":true,"valueName":"search_term_string"}}],"inLanguage":"en-GB"},{"@type":"Organization","@id":"https:\/\/animefigurer.se\/#organization","name":"Animefigurer.se","alternateName":"Anime figurer | Anime shop","url":"https:\/\/animefigurer.se\/","logo":{"@type":"ImageObject","inLanguage":"en-GB","@id":"https:\/\/animefigurer.se\/#\/schema\/logo\/image\/","url":"https:\/\/animefigurer.se\/wp-content\/uploads\/2025\/12\/Animefigurer_logowhite.png","contentUrl":"https:\/\/animefigurer.se\/wp-content\/uploads\/2025\/12\/Animefigurer_logowhite.png","width":1890,"height":1417,"caption":"Animefigurer.se"},"image":{"@id":"https:\/\/animefigurer.se\/#\/schema\/logo\/image\/"},"sameAs":["https:\/\/www.facebook.com\/profile.php?id=61581826539670","https:\/\/www.instagram.com\/animefigurer.se\/"],"email":"info@animefigurer.se"}]}},"_links":{"self":[{"href":"https:\/\/animefigurer.se\/en\/wp-json\/wp\/v2\/product\/38826","targetHints":{"allow":["GET"]}}],"collection":[{"href":"https:\/\/animefigurer.se\/en\/wp-json\/wp\/v2\/product"}],"about":[{"href":"https:\/\/animefigurer.se\/en\/wp-json\/wp\/v2\/types\/product"}],"replies":[{"embeddable":true,"href":"https:\/\/animefigurer.se\/en\/wp-json\/wp\/v2\/comments?post=38826"}],"wp:featuredmedia":[{"embeddable":true,"href":"https:\/\/animefigurer.se\/en\/wp-json\/wp\/v2\/media\/38827"}],"wp:attachment":[{"href":"https:\/\/animefigurer.se\/en\/wp-json\/wp\/v2\/media?parent=38826"}],"wp:term":[{"taxonomy":"product_brand","embeddable":true,"href":"https:\/\/animefigurer.se\/en\/wp-json\/wp\/v2\/product_brand?post=38826"},{"taxonomy":"product_cat","embeddable":true,"href":"https:\/\/animefigurer.se\/en\/wp-json\/wp\/v2\/product_cat?post=38826"},{"taxonomy":"product_tag","embeddable":true,"href":"https:\/\/animefigurer.se\/en\/wp-json\/wp\/v2\/product_tag?post=38826"},{"taxonomy":"giftcard-category","embeddable":true,"href":"https:\/\/animefigurer.se\/en\/wp-json\/wp\/v2\/giftcard-category?post=38826"}],"curies":[{"name":"wp","href":"https:\/\/api.w.org\/{rel}","templated":true}]}}