{"id":38783,"date":"2025-10-20T23:25:00","date_gmt":"2025-10-20T21:25:00","guid":{"rendered":"https:\/\/animefigurer.se\/produkt\/kaiju-no-8-artfx-j-reno-ichikawa-1-8-scale-figure\/"},"modified":"2026-04-10T14:26:13","modified_gmt":"2026-04-10T12:26:13","slug":"kaiju-no-8-artfx-j-reno-ichikawa-1-8-scale-figure","status":"publish","type":"product","link":"https:\/\/animefigurer.se\/en\/figurer\/kaiju-no-8\/kaiju-no-8-artfx-j-reno-ichikawa-1-8-scale-figure\/","title":{"rendered":"Kaiju No. 8 ArtFX J Reno Ichikawa 1\/8 Scale Figure"},"content":{"rendered":"<p>Reno Ichikawa joins the 1\/8th scale ARTFX J!<\/p>\n<p>From the anime KAIJU NO. 8, Reno comes to life and aims his rifle. The costume, mask, and weapons are sculpted with care so fans can enjoy the detail from every angle. Special attention has been paid to getting the material textures right in the painting for added realism.<\/p>\n<p>In his hands is a standard self-defense rifle with details from the scope and holster to the sling. The base is inspired by a road during one of his many battles against kaiju, with shading showing the unevenness of the pavement, road markings and the remains of a destroyed guardrail to enhance the battle scene.<\/p>\n<p>Reno can be removed from the base and displayed separately. A must-have for KAIJU NO. 8 fans \u2014 combine with Kaiju No. 8, Kafka Hibino, Kikoru Shinomiya, Mina Ashiro and Soshiro Hoshina.<\/p>","protected":false},"excerpt":{"rendered":"<p>Reno Ichikawa joins the 1\/8th scale ARTFX J!<\/p>\n<p>From the anime KAIJU NO. 8, Reno comes to life and takes aim with his rifle. The costume, mask, and weapons are sculpted with care so fans can enjoy the detail from every angle. Special attention has been paid to getting the material textures right on target.<\/p>","protected":false},"featured_media":38784,"comment_status":"closed","ping_status":"open","template":"","meta":{"_acf_changed":false,"_monsterinsights_skip_tracking":false,"_monsterinsights_sitenote_active":false,"_monsterinsights_sitenote_note":"","_monsterinsights_sitenote_category":0},"product_brand":[6892],"product_cat":[3270],"product_tag":[24],"giftcard-category":[],"class_list":{"0":"post-38783","1":"product","2":"type-product","3":"status-publish","4":"has-post-thumbnail","6":"product_brand-kotobukiya","7":"product_cat-kaiju-no-8","8":"product_tag-2-3-weeks","9":"pa_franchise-kaiju-no-8","10":"pa_karaktar-reno-ichikawa","11":"pa_material-pvc-abs","12":"pa_produktserie-artfx-j","13":"pa_skala-554","14":"pa_storlek-16-cm","16":"first","17":"instock","18":"taxable","19":"shipping-taxable","20":"purchasable","21":"product-type-simple"},"acf":[],"yoast_head":"<!-- This site is optimized with the Yoast SEO Premium plugin v24.6 (Yoast SEO v27.3) - https:\/\/yoast.com\/product\/yoast-seo-premium-wordpress\/ -->\n<title>Kaiju No. 8 ArtFX J Reno Ichikawa 1\/8 Scale Figure | Animefigurer.se<\/title>\n<meta name=\"robots\" content=\"index, follow, max-snippet:-1, max-image-preview:large, max-video-preview:-1\" \/>\n<link rel=\"canonical\" href=\"https:\/\/animefigurer.se\/en\/figurer\/kaiju-no-8\/kaiju-no-8-artfx-j-reno-ichikawa-1-8-scale-figure\/\" \/>\n<meta property=\"og:locale\" content=\"en_GB\" \/>\n<meta property=\"og:type\" content=\"article\" \/>\n<meta property=\"og:title\" content=\"Kaiju No. 8 ArtFX J Reno Ichikawa 1\/8 Scale Figure\" \/>\n<meta property=\"og:description\" content=\"Reno Ichikawa ansluter till ARTFX J i 1\/8-skala! Fr\u00e5n animen KAIJU NO. 8 vaknar Reno till liv och siktar med sitt gev\u00e4r. Dr\u00e4kt, mask och vapen \u00e4r skulpterade med omsorg s\u00e5 att fans kan njuta av detaljerna fr\u00e5n alla vinklar. S\u00e4rskild uppm\u00e4rksamhet har \u00e4gnats \u00e5t att f\u00e5 materialtexturerna r\u00e4tt i m\u00e5lni\" \/>\n<meta property=\"og:url\" content=\"https:\/\/animefigurer.se\/en\/figurer\/kaiju-no-8\/kaiju-no-8-artfx-j-reno-ichikawa-1-8-scale-figure\/\" \/>\n<meta property=\"og:site_name\" content=\"Animefigurer.se\" \/>\n<meta property=\"article:publisher\" content=\"https:\/\/www.facebook.com\/profile.php?id=61581826539670\" \/>\n<meta property=\"article:modified_time\" content=\"2026-04-10T12:26:13+00:00\" \/>\n<meta property=\"og:image\" content=\"https:\/\/animefigurer.se\/wp-content\/uploads\/2025\/12\/Animefigurer_logowhite.png\" \/>\n\t<meta property=\"og:image:width\" content=\"1890\" \/>\n\t<meta property=\"og:image:height\" content=\"1417\" \/>\n\t<meta property=\"og:image:type\" content=\"image\/png\" \/>\n<meta name=\"twitter:card\" content=\"summary_large_image\" \/>\n<meta name=\"twitter:label1\" content=\"Estimated reading time\" \/>\n\t<meta name=\"twitter:data1\" content=\"1 minute\" \/>\n<script type=\"application\/ld+json\" class=\"yoast-schema-graph\">{\"@context\":\"https:\\\/\\\/schema.org\",\"@graph\":[{\"@type\":\"WebPage\",\"@id\":\"https:\\\/\\\/animefigurer.se\\\/figurer\\\/kaiju-no-8\\\/kaiju-no-8-artfx-j-reno-ichikawa-1-8-scale-figure\\\/\",\"url\":\"https:\\\/\\\/animefigurer.se\\\/figurer\\\/kaiju-no-8\\\/kaiju-no-8-artfx-j-reno-ichikawa-1-8-scale-figure\\\/\",\"name\":\"Kaiju No. 8 ArtFX J Reno Ichikawa 1\\\/8 Scale Figure | Animefigurer.se\",\"isPartOf\":{\"@id\":\"https:\\\/\\\/animefigurer.se\\\/#website\"},\"primaryImageOfPage\":{\"@id\":\"https:\\\/\\\/animefigurer.se\\\/figurer\\\/kaiju-no-8\\\/kaiju-no-8-artfx-j-reno-ichikawa-1-8-scale-figure\\\/#primaryimage\"},\"image\":{\"@id\":\"https:\\\/\\\/animefigurer.se\\\/figurer\\\/kaiju-no-8\\\/kaiju-no-8-artfx-j-reno-ichikawa-1-8-scale-figure\\\/#primaryimage\"},\"thumbnailUrl\":\"https:\\\/\\\/animefigurer.se\\\/wp-content\\\/uploads\\\/2025\\\/10\\\/6627cd126c6ae.jpeg\",\"datePublished\":\"2025-10-20T21:25:00+00:00\",\"dateModified\":\"2026-04-10T12:26:13+00:00\",\"breadcrumb\":{\"@id\":\"https:\\\/\\\/animefigurer.se\\\/figurer\\\/kaiju-no-8\\\/kaiju-no-8-artfx-j-reno-ichikawa-1-8-scale-figure\\\/#breadcrumb\"},\"inLanguage\":\"en-GB\",\"potentialAction\":[{\"@type\":\"ReadAction\",\"target\":[\"https:\\\/\\\/animefigurer.se\\\/figurer\\\/kaiju-no-8\\\/kaiju-no-8-artfx-j-reno-ichikawa-1-8-scale-figure\\\/\"]}]},{\"@type\":\"ImageObject\",\"inLanguage\":\"en-GB\",\"@id\":\"https:\\\/\\\/animefigurer.se\\\/figurer\\\/kaiju-no-8\\\/kaiju-no-8-artfx-j-reno-ichikawa-1-8-scale-figure\\\/#primaryimage\",\"url\":\"https:\\\/\\\/animefigurer.se\\\/wp-content\\\/uploads\\\/2025\\\/10\\\/6627cd126c6ae.jpeg\",\"contentUrl\":\"https:\\\/\\\/animefigurer.se\\\/wp-content\\\/uploads\\\/2025\\\/10\\\/6627cd126c6ae.jpeg\",\"width\":720,\"height\":540},{\"@type\":\"BreadcrumbList\",\"@id\":\"https:\\\/\\\/animefigurer.se\\\/figurer\\\/kaiju-no-8\\\/kaiju-no-8-artfx-j-reno-ichikawa-1-8-scale-figure\\\/#breadcrumb\",\"itemListElement\":[{\"@type\":\"ListItem\",\"position\":1,\"name\":\"Home\",\"item\":\"https:\\\/\\\/animefigurer.se\\\/\"},{\"@type\":\"ListItem\",\"position\":2,\"name\":\"Butik\",\"item\":\"https:\\\/\\\/animefigurer.se\\\/figurer\\\/\"},{\"@type\":\"ListItem\",\"position\":3,\"name\":\"Kaiju No. 8 ArtFX J Reno Ichikawa 1\\\/8 Scale Figure\"}]},{\"@type\":\"WebSite\",\"@id\":\"https:\\\/\\\/animefigurer.se\\\/#website\",\"url\":\"https:\\\/\\\/animefigurer.se\\\/\",\"name\":\"Animefigurer.se\",\"description\":\"Anime figurer fr\u00e5n \u00f6ver 300 olika anime serier med \u00f6ver 9000 produkter | Anime Shop\",\"publisher\":{\"@id\":\"https:\\\/\\\/animefigurer.se\\\/#organization\"},\"potentialAction\":[{\"@type\":\"SearchAction\",\"target\":{\"@type\":\"EntryPoint\",\"urlTemplate\":\"https:\\\/\\\/animefigurer.se\\\/?s={search_term_string}\"},\"query-input\":{\"@type\":\"PropertyValueSpecification\",\"valueRequired\":true,\"valueName\":\"search_term_string\"}}],\"inLanguage\":\"en-GB\"},{\"@type\":\"Organization\",\"@id\":\"https:\\\/\\\/animefigurer.se\\\/#organization\",\"name\":\"Animefigurer.se\",\"alternateName\":\"Anime figurer | Anime shop\",\"url\":\"https:\\\/\\\/animefigurer.se\\\/\",\"logo\":{\"@type\":\"ImageObject\",\"inLanguage\":\"en-GB\",\"@id\":\"https:\\\/\\\/animefigurer.se\\\/#\\\/schema\\\/logo\\\/image\\\/\",\"url\":\"https:\\\/\\\/animefigurer.se\\\/wp-content\\\/uploads\\\/2025\\\/12\\\/Animefigurer_logowhite.png\",\"contentUrl\":\"https:\\\/\\\/animefigurer.se\\\/wp-content\\\/uploads\\\/2025\\\/12\\\/Animefigurer_logowhite.png\",\"width\":1890,\"height\":1417,\"caption\":\"Animefigurer.se\"},\"image\":{\"@id\":\"https:\\\/\\\/animefigurer.se\\\/#\\\/schema\\\/logo\\\/image\\\/\"},\"sameAs\":[\"https:\\\/\\\/www.facebook.com\\\/profile.php?id=61581826539670\",\"https:\\\/\\\/www.instagram.com\\\/animefigurer.se\\\/\"],\"email\":\"info@animefigurer.se\"}]}<\/script>\n<!-- \/ Yoast SEO Premium plugin. -->","yoast_head_json":{"title":"Kaiju No. 8 ArtFX J Reno Ichikawa 1\/8 Scale Figure | Animefigurer.se","robots":{"index":"index","follow":"follow","max-snippet":"max-snippet:-1","max-image-preview":"max-image-preview:large","max-video-preview":"max-video-preview:-1"},"canonical":"https:\/\/animefigurer.se\/en\/figurer\/kaiju-no-8\/kaiju-no-8-artfx-j-reno-ichikawa-1-8-scale-figure\/","og_locale":"en_GB","og_type":"article","og_title":"Kaiju No. 8 ArtFX J Reno Ichikawa 1\/8 Scale Figure","og_description":"Reno Ichikawa ansluter till ARTFX J i 1\/8-skala! Fr\u00e5n animen KAIJU NO. 8 vaknar Reno till liv och siktar med sitt gev\u00e4r. Dr\u00e4kt, mask och vapen \u00e4r skulpterade med omsorg s\u00e5 att fans kan njuta av detaljerna fr\u00e5n alla vinklar. S\u00e4rskild uppm\u00e4rksamhet har \u00e4gnats \u00e5t att f\u00e5 materialtexturerna r\u00e4tt i m\u00e5lni","og_url":"https:\/\/animefigurer.se\/en\/figurer\/kaiju-no-8\/kaiju-no-8-artfx-j-reno-ichikawa-1-8-scale-figure\/","og_site_name":"Animefigurer.se","article_publisher":"https:\/\/www.facebook.com\/profile.php?id=61581826539670","article_modified_time":"2026-04-10T12:26:13+00:00","og_image":[{"width":1890,"height":1417,"url":"https:\/\/animefigurer.se\/wp-content\/uploads\/2025\/12\/Animefigurer_logowhite.png","type":"image\/png"}],"twitter_card":"summary_large_image","twitter_misc":{"Estimated reading time":"1 minute"},"schema":{"@context":"https:\/\/schema.org","@graph":[{"@type":"WebPage","@id":"https:\/\/animefigurer.se\/figurer\/kaiju-no-8\/kaiju-no-8-artfx-j-reno-ichikawa-1-8-scale-figure\/","url":"https:\/\/animefigurer.se\/figurer\/kaiju-no-8\/kaiju-no-8-artfx-j-reno-ichikawa-1-8-scale-figure\/","name":"Kaiju No. 8 ArtFX J Reno Ichikawa 1\/8 Scale Figure | Animefigurer.se","isPartOf":{"@id":"https:\/\/animefigurer.se\/#website"},"primaryImageOfPage":{"@id":"https:\/\/animefigurer.se\/figurer\/kaiju-no-8\/kaiju-no-8-artfx-j-reno-ichikawa-1-8-scale-figure\/#primaryimage"},"image":{"@id":"https:\/\/animefigurer.se\/figurer\/kaiju-no-8\/kaiju-no-8-artfx-j-reno-ichikawa-1-8-scale-figure\/#primaryimage"},"thumbnailUrl":"https:\/\/animefigurer.se\/wp-content\/uploads\/2025\/10\/6627cd126c6ae.jpeg","datePublished":"2025-10-20T21:25:00+00:00","dateModified":"2026-04-10T12:26:13+00:00","breadcrumb":{"@id":"https:\/\/animefigurer.se\/figurer\/kaiju-no-8\/kaiju-no-8-artfx-j-reno-ichikawa-1-8-scale-figure\/#breadcrumb"},"inLanguage":"en-GB","potentialAction":[{"@type":"ReadAction","target":["https:\/\/animefigurer.se\/figurer\/kaiju-no-8\/kaiju-no-8-artfx-j-reno-ichikawa-1-8-scale-figure\/"]}]},{"@type":"ImageObject","inLanguage":"en-GB","@id":"https:\/\/animefigurer.se\/figurer\/kaiju-no-8\/kaiju-no-8-artfx-j-reno-ichikawa-1-8-scale-figure\/#primaryimage","url":"https:\/\/animefigurer.se\/wp-content\/uploads\/2025\/10\/6627cd126c6ae.jpeg","contentUrl":"https:\/\/animefigurer.se\/wp-content\/uploads\/2025\/10\/6627cd126c6ae.jpeg","width":720,"height":540},{"@type":"BreadcrumbList","@id":"https:\/\/animefigurer.se\/figurer\/kaiju-no-8\/kaiju-no-8-artfx-j-reno-ichikawa-1-8-scale-figure\/#breadcrumb","itemListElement":[{"@type":"ListItem","position":1,"name":"Home","item":"https:\/\/animefigurer.se\/"},{"@type":"ListItem","position":2,"name":"Butik","item":"https:\/\/animefigurer.se\/figurer\/"},{"@type":"ListItem","position":3,"name":"Kaiju No. 8 ArtFX J Reno Ichikawa 1\/8 Scale Figure"}]},{"@type":"WebSite","@id":"https:\/\/animefigurer.se\/#website","url":"https:\/\/animefigurer.se\/","name":"Animefigurer.se","description":"Anime figures from over 300 different anime series with over 9000 products | Anime Shop","publisher":{"@id":"https:\/\/animefigurer.se\/#organization"},"potentialAction":[{"@type":"SearchAction","target":{"@type":"EntryPoint","urlTemplate":"https:\/\/animefigurer.se\/?s={search_term_string}"},"query-input":{"@type":"PropertyValueSpecification","valueRequired":true,"valueName":"search_term_string"}}],"inLanguage":"en-GB"},{"@type":"Organization","@id":"https:\/\/animefigurer.se\/#organization","name":"Animefigurer.se","alternateName":"Anime figurer | Anime shop","url":"https:\/\/animefigurer.se\/","logo":{"@type":"ImageObject","inLanguage":"en-GB","@id":"https:\/\/animefigurer.se\/#\/schema\/logo\/image\/","url":"https:\/\/animefigurer.se\/wp-content\/uploads\/2025\/12\/Animefigurer_logowhite.png","contentUrl":"https:\/\/animefigurer.se\/wp-content\/uploads\/2025\/12\/Animefigurer_logowhite.png","width":1890,"height":1417,"caption":"Animefigurer.se"},"image":{"@id":"https:\/\/animefigurer.se\/#\/schema\/logo\/image\/"},"sameAs":["https:\/\/www.facebook.com\/profile.php?id=61581826539670","https:\/\/www.instagram.com\/animefigurer.se\/"],"email":"info@animefigurer.se"}]}},"_links":{"self":[{"href":"https:\/\/animefigurer.se\/en\/wp-json\/wp\/v2\/product\/38783","targetHints":{"allow":["GET"]}}],"collection":[{"href":"https:\/\/animefigurer.se\/en\/wp-json\/wp\/v2\/product"}],"about":[{"href":"https:\/\/animefigurer.se\/en\/wp-json\/wp\/v2\/types\/product"}],"replies":[{"embeddable":true,"href":"https:\/\/animefigurer.se\/en\/wp-json\/wp\/v2\/comments?post=38783"}],"wp:featuredmedia":[{"embeddable":true,"href":"https:\/\/animefigurer.se\/en\/wp-json\/wp\/v2\/media\/38784"}],"wp:attachment":[{"href":"https:\/\/animefigurer.se\/en\/wp-json\/wp\/v2\/media?parent=38783"}],"wp:term":[{"taxonomy":"product_brand","embeddable":true,"href":"https:\/\/animefigurer.se\/en\/wp-json\/wp\/v2\/product_brand?post=38783"},{"taxonomy":"product_cat","embeddable":true,"href":"https:\/\/animefigurer.se\/en\/wp-json\/wp\/v2\/product_cat?post=38783"},{"taxonomy":"product_tag","embeddable":true,"href":"https:\/\/animefigurer.se\/en\/wp-json\/wp\/v2\/product_tag?post=38783"},{"taxonomy":"giftcard-category","embeddable":true,"href":"https:\/\/animefigurer.se\/en\/wp-json\/wp\/v2\/giftcard-category?post=38783"}],"curies":[{"name":"wp","href":"https:\/\/api.w.org\/{rel}","templated":true}]}}