{"id":37389,"date":"2025-10-20T23:15:09","date_gmt":"2025-10-20T21:15:09","guid":{"rendered":"https:\/\/animefigurer.se\/produkt\/jojos-bizarre-adventure-phantom-blood-stone-mask\/"},"modified":"2025-12-21T19:30:40","modified_gmt":"2025-12-21T18:30:40","slug":"jojos-bizarre-adventure-phantom-blood-stone-mask","status":"publish","type":"product","link":"https:\/\/animefigurer.se\/en\/figurer\/jojos-bizarre-adventure\/jojos-bizarre-adventure-phantom-blood-stone-mask\/","title":{"rendered":"JoJo&#039;s Bizarre Adventure: Phantom Blood Stone Mask"},"content":{"rendered":"<p>Based on JoJo&#039;s Bizarre Adventure: Phantom Blood comes a replica of the Stone Mask from Banpresto! The mask is approximately 7.5 inches tall and reproduces the details from the anime, and comes with a base for display. An impressive collector&#039;s item.<\/p>","protected":false},"excerpt":{"rendered":"<p>Based on JoJo&#039;s Bizarre Adventure: Phantom Blood comes a replica of the Stone Mask from Banpresto! The mask is approximately 7.5 inches tall and reproduces the details from the anime, and comes with a base for display. An impressive collector&#039;s item.<\/p>","protected":false},"featured_media":37390,"comment_status":"closed","ping_status":"open","template":"","meta":{"_acf_changed":false,"_monsterinsights_skip_tracking":false,"_monsterinsights_sitenote_active":false,"_monsterinsights_sitenote_note":"","_monsterinsights_sitenote_category":0},"product_brand":[6928],"product_cat":[3168,7233],"product_tag":[26],"giftcard-category":[],"class_list":{"0":"post-37389","1":"product","2":"type-product","3":"status-publish","4":"has-post-thumbnail","6":"product_brand-banpresto","7":"product_cat-jojos-bizarre-adventure","8":"product_cat-pre-order","9":"product_tag-pre-order","10":"pa_franchise-jojos-bizarre-adventure","11":"pa_material-pvc-abs","12":"pa_storlek-19-cm","14":"first","15":"instock","16":"taxable","17":"shipping-taxable","18":"purchasable","19":"product-type-simple"},"acf":[],"yoast_head":"<!-- This site is optimized with the Yoast SEO Premium plugin v24.6 (Yoast SEO v27.3) - https:\/\/yoast.com\/product\/yoast-seo-premium-wordpress\/ -->\n<title>JoJo&#039;s Bizarre Adventure: Phantom Blood Stone Mask | Animefigurer.se<\/title>\n<meta name=\"robots\" content=\"index, follow, max-snippet:-1, max-image-preview:large, max-video-preview:-1\" \/>\n<link rel=\"canonical\" href=\"https:\/\/animefigurer.se\/en\/figurer\/jojos-bizarre-adventure\/jojos-bizarre-adventure-phantom-blood-stone-mask\/\" \/>\n<meta property=\"og:locale\" content=\"en_GB\" \/>\n<meta property=\"og:type\" content=\"article\" \/>\n<meta property=\"og:title\" content=\"JoJo&#039;s Bizarre Adventure: Phantom Blood Stone Mask\" \/>\n<meta property=\"og:description\" content=\"Baserad p\u00e5 JoJo&#039;s Bizarre Adventure: Phantom Blood kommer en replika av Stone Mask fr\u00e5n Banpresto! Masken \u00e4r cirka 7,5 tum stor och \u00e5terger detaljerna fr\u00e5n animen, samt levereras med en bas f\u00f6r visning. Ett imponerande samlarobjekt.\" \/>\n<meta property=\"og:url\" content=\"https:\/\/animefigurer.se\/en\/figurer\/jojos-bizarre-adventure\/jojos-bizarre-adventure-phantom-blood-stone-mask\/\" \/>\n<meta property=\"og:site_name\" content=\"Animefigurer.se\" \/>\n<meta property=\"article:publisher\" content=\"https:\/\/www.facebook.com\/profile.php?id=61581826539670\" \/>\n<meta property=\"article:modified_time\" content=\"2025-12-21T18:30:40+00:00\" \/>\n<meta property=\"og:image\" content=\"https:\/\/animefigurer.se\/wp-content\/uploads\/2025\/12\/Animefigurer_logowhite.png\" \/>\n\t<meta property=\"og:image:width\" content=\"1890\" \/>\n\t<meta property=\"og:image:height\" content=\"1417\" \/>\n\t<meta property=\"og:image:type\" content=\"image\/png\" \/>\n<meta name=\"twitter:card\" content=\"summary_large_image\" \/>\n<script type=\"application\/ld+json\" class=\"yoast-schema-graph\">{\"@context\":\"https:\\\/\\\/schema.org\",\"@graph\":[{\"@type\":\"WebPage\",\"@id\":\"https:\\\/\\\/animefigurer.se\\\/figurer\\\/jojos-bizarre-adventure\\\/jojos-bizarre-adventure-phantom-blood-stone-mask\\\/\",\"url\":\"https:\\\/\\\/animefigurer.se\\\/figurer\\\/jojos-bizarre-adventure\\\/jojos-bizarre-adventure-phantom-blood-stone-mask\\\/\",\"name\":\"JoJo's Bizarre Adventure: Phantom Blood Stone Mask | Animefigurer.se\",\"isPartOf\":{\"@id\":\"https:\\\/\\\/animefigurer.se\\\/#website\"},\"primaryImageOfPage\":{\"@id\":\"https:\\\/\\\/animefigurer.se\\\/figurer\\\/jojos-bizarre-adventure\\\/jojos-bizarre-adventure-phantom-blood-stone-mask\\\/#primaryimage\"},\"image\":{\"@id\":\"https:\\\/\\\/animefigurer.se\\\/figurer\\\/jojos-bizarre-adventure\\\/jojos-bizarre-adventure-phantom-blood-stone-mask\\\/#primaryimage\"},\"thumbnailUrl\":\"https:\\\/\\\/animefigurer.se\\\/wp-content\\\/uploads\\\/2025\\\/10\\\/68cc8378c3308.jpeg\",\"datePublished\":\"2025-10-20T21:15:09+00:00\",\"dateModified\":\"2025-12-21T18:30:40+00:00\",\"breadcrumb\":{\"@id\":\"https:\\\/\\\/animefigurer.se\\\/figurer\\\/jojos-bizarre-adventure\\\/jojos-bizarre-adventure-phantom-blood-stone-mask\\\/#breadcrumb\"},\"inLanguage\":\"en-GB\",\"potentialAction\":[{\"@type\":\"ReadAction\",\"target\":[\"https:\\\/\\\/animefigurer.se\\\/figurer\\\/jojos-bizarre-adventure\\\/jojos-bizarre-adventure-phantom-blood-stone-mask\\\/\"]}]},{\"@type\":\"ImageObject\",\"inLanguage\":\"en-GB\",\"@id\":\"https:\\\/\\\/animefigurer.se\\\/figurer\\\/jojos-bizarre-adventure\\\/jojos-bizarre-adventure-phantom-blood-stone-mask\\\/#primaryimage\",\"url\":\"https:\\\/\\\/animefigurer.se\\\/wp-content\\\/uploads\\\/2025\\\/10\\\/68cc8378c3308.jpeg\",\"contentUrl\":\"https:\\\/\\\/animefigurer.se\\\/wp-content\\\/uploads\\\/2025\\\/10\\\/68cc8378c3308.jpeg\",\"width\":1000,\"height\":750},{\"@type\":\"BreadcrumbList\",\"@id\":\"https:\\\/\\\/animefigurer.se\\\/figurer\\\/jojos-bizarre-adventure\\\/jojos-bizarre-adventure-phantom-blood-stone-mask\\\/#breadcrumb\",\"itemListElement\":[{\"@type\":\"ListItem\",\"position\":1,\"name\":\"Home\",\"item\":\"https:\\\/\\\/animefigurer.se\\\/\"},{\"@type\":\"ListItem\",\"position\":2,\"name\":\"Butik\",\"item\":\"https:\\\/\\\/animefigurer.se\\\/figurer\\\/\"},{\"@type\":\"ListItem\",\"position\":3,\"name\":\"JoJo&#8217;s Bizarre Adventure: Phantom Blood Stone Mask\"}]},{\"@type\":\"WebSite\",\"@id\":\"https:\\\/\\\/animefigurer.se\\\/#website\",\"url\":\"https:\\\/\\\/animefigurer.se\\\/\",\"name\":\"Animefigurer.se\",\"description\":\"Anime figurer fr\u00e5n \u00f6ver 300 olika anime serier med \u00f6ver 9000 produkter | Anime Shop\",\"publisher\":{\"@id\":\"https:\\\/\\\/animefigurer.se\\\/#organization\"},\"potentialAction\":[{\"@type\":\"SearchAction\",\"target\":{\"@type\":\"EntryPoint\",\"urlTemplate\":\"https:\\\/\\\/animefigurer.se\\\/?s={search_term_string}\"},\"query-input\":{\"@type\":\"PropertyValueSpecification\",\"valueRequired\":true,\"valueName\":\"search_term_string\"}}],\"inLanguage\":\"en-GB\"},{\"@type\":\"Organization\",\"@id\":\"https:\\\/\\\/animefigurer.se\\\/#organization\",\"name\":\"Animefigurer.se\",\"alternateName\":\"Anime figurer | Anime shop\",\"url\":\"https:\\\/\\\/animefigurer.se\\\/\",\"logo\":{\"@type\":\"ImageObject\",\"inLanguage\":\"en-GB\",\"@id\":\"https:\\\/\\\/animefigurer.se\\\/#\\\/schema\\\/logo\\\/image\\\/\",\"url\":\"https:\\\/\\\/animefigurer.se\\\/wp-content\\\/uploads\\\/2025\\\/12\\\/Animefigurer_logowhite.png\",\"contentUrl\":\"https:\\\/\\\/animefigurer.se\\\/wp-content\\\/uploads\\\/2025\\\/12\\\/Animefigurer_logowhite.png\",\"width\":1890,\"height\":1417,\"caption\":\"Animefigurer.se\"},\"image\":{\"@id\":\"https:\\\/\\\/animefigurer.se\\\/#\\\/schema\\\/logo\\\/image\\\/\"},\"sameAs\":[\"https:\\\/\\\/www.facebook.com\\\/profile.php?id=61581826539670\",\"https:\\\/\\\/www.instagram.com\\\/animefigurer.se\\\/\"],\"email\":\"info@animefigurer.se\"}]}<\/script>\n<!-- \/ Yoast SEO Premium plugin. -->","yoast_head_json":{"title":"JoJo&#039;s Bizarre Adventure: Phantom Blood Stone Mask | Animefigurer.se","robots":{"index":"index","follow":"follow","max-snippet":"max-snippet:-1","max-image-preview":"max-image-preview:large","max-video-preview":"max-video-preview:-1"},"canonical":"https:\/\/animefigurer.se\/en\/figurer\/jojos-bizarre-adventure\/jojos-bizarre-adventure-phantom-blood-stone-mask\/","og_locale":"en_GB","og_type":"article","og_title":"JoJo's Bizarre Adventure: Phantom Blood Stone Mask","og_description":"Baserad p\u00e5 JoJo's Bizarre Adventure: Phantom Blood kommer en replika av Stone Mask fr\u00e5n Banpresto! Masken \u00e4r cirka 7,5 tum stor och \u00e5terger detaljerna fr\u00e5n animen, samt levereras med en bas f\u00f6r visning. Ett imponerande samlarobjekt.","og_url":"https:\/\/animefigurer.se\/en\/figurer\/jojos-bizarre-adventure\/jojos-bizarre-adventure-phantom-blood-stone-mask\/","og_site_name":"Animefigurer.se","article_publisher":"https:\/\/www.facebook.com\/profile.php?id=61581826539670","article_modified_time":"2025-12-21T18:30:40+00:00","og_image":[{"width":1890,"height":1417,"url":"https:\/\/animefigurer.se\/wp-content\/uploads\/2025\/12\/Animefigurer_logowhite.png","type":"image\/png"}],"twitter_card":"summary_large_image","schema":{"@context":"https:\/\/schema.org","@graph":[{"@type":"WebPage","@id":"https:\/\/animefigurer.se\/figurer\/jojos-bizarre-adventure\/jojos-bizarre-adventure-phantom-blood-stone-mask\/","url":"https:\/\/animefigurer.se\/figurer\/jojos-bizarre-adventure\/jojos-bizarre-adventure-phantom-blood-stone-mask\/","name":"JoJo&#039;s Bizarre Adventure: Phantom Blood Stone Mask | Animefigurer.se","isPartOf":{"@id":"https:\/\/animefigurer.se\/#website"},"primaryImageOfPage":{"@id":"https:\/\/animefigurer.se\/figurer\/jojos-bizarre-adventure\/jojos-bizarre-adventure-phantom-blood-stone-mask\/#primaryimage"},"image":{"@id":"https:\/\/animefigurer.se\/figurer\/jojos-bizarre-adventure\/jojos-bizarre-adventure-phantom-blood-stone-mask\/#primaryimage"},"thumbnailUrl":"https:\/\/animefigurer.se\/wp-content\/uploads\/2025\/10\/68cc8378c3308.jpeg","datePublished":"2025-10-20T21:15:09+00:00","dateModified":"2025-12-21T18:30:40+00:00","breadcrumb":{"@id":"https:\/\/animefigurer.se\/figurer\/jojos-bizarre-adventure\/jojos-bizarre-adventure-phantom-blood-stone-mask\/#breadcrumb"},"inLanguage":"en-GB","potentialAction":[{"@type":"ReadAction","target":["https:\/\/animefigurer.se\/figurer\/jojos-bizarre-adventure\/jojos-bizarre-adventure-phantom-blood-stone-mask\/"]}]},{"@type":"ImageObject","inLanguage":"en-GB","@id":"https:\/\/animefigurer.se\/figurer\/jojos-bizarre-adventure\/jojos-bizarre-adventure-phantom-blood-stone-mask\/#primaryimage","url":"https:\/\/animefigurer.se\/wp-content\/uploads\/2025\/10\/68cc8378c3308.jpeg","contentUrl":"https:\/\/animefigurer.se\/wp-content\/uploads\/2025\/10\/68cc8378c3308.jpeg","width":1000,"height":750},{"@type":"BreadcrumbList","@id":"https:\/\/animefigurer.se\/figurer\/jojos-bizarre-adventure\/jojos-bizarre-adventure-phantom-blood-stone-mask\/#breadcrumb","itemListElement":[{"@type":"ListItem","position":1,"name":"Home","item":"https:\/\/animefigurer.se\/"},{"@type":"ListItem","position":2,"name":"Butik","item":"https:\/\/animefigurer.se\/figurer\/"},{"@type":"ListItem","position":3,"name":"JoJo&#8217;s Bizarre Adventure: Phantom Blood Stone Mask"}]},{"@type":"WebSite","@id":"https:\/\/animefigurer.se\/#website","url":"https:\/\/animefigurer.se\/","name":"Animefigurer.se","description":"Anime figures from over 300 different anime series with over 9000 products | Anime Shop","publisher":{"@id":"https:\/\/animefigurer.se\/#organization"},"potentialAction":[{"@type":"SearchAction","target":{"@type":"EntryPoint","urlTemplate":"https:\/\/animefigurer.se\/?s={search_term_string}"},"query-input":{"@type":"PropertyValueSpecification","valueRequired":true,"valueName":"search_term_string"}}],"inLanguage":"en-GB"},{"@type":"Organization","@id":"https:\/\/animefigurer.se\/#organization","name":"Animefigurer.se","alternateName":"Anime figurer | Anime shop","url":"https:\/\/animefigurer.se\/","logo":{"@type":"ImageObject","inLanguage":"en-GB","@id":"https:\/\/animefigurer.se\/#\/schema\/logo\/image\/","url":"https:\/\/animefigurer.se\/wp-content\/uploads\/2025\/12\/Animefigurer_logowhite.png","contentUrl":"https:\/\/animefigurer.se\/wp-content\/uploads\/2025\/12\/Animefigurer_logowhite.png","width":1890,"height":1417,"caption":"Animefigurer.se"},"image":{"@id":"https:\/\/animefigurer.se\/#\/schema\/logo\/image\/"},"sameAs":["https:\/\/www.facebook.com\/profile.php?id=61581826539670","https:\/\/www.instagram.com\/animefigurer.se\/"],"email":"info@animefigurer.se"}]}},"_links":{"self":[{"href":"https:\/\/animefigurer.se\/en\/wp-json\/wp\/v2\/product\/37389","targetHints":{"allow":["GET"]}}],"collection":[{"href":"https:\/\/animefigurer.se\/en\/wp-json\/wp\/v2\/product"}],"about":[{"href":"https:\/\/animefigurer.se\/en\/wp-json\/wp\/v2\/types\/product"}],"replies":[{"embeddable":true,"href":"https:\/\/animefigurer.se\/en\/wp-json\/wp\/v2\/comments?post=37389"}],"wp:featuredmedia":[{"embeddable":true,"href":"https:\/\/animefigurer.se\/en\/wp-json\/wp\/v2\/media\/37390"}],"wp:attachment":[{"href":"https:\/\/animefigurer.se\/en\/wp-json\/wp\/v2\/media?parent=37389"}],"wp:term":[{"taxonomy":"product_brand","embeddable":true,"href":"https:\/\/animefigurer.se\/en\/wp-json\/wp\/v2\/product_brand?post=37389"},{"taxonomy":"product_cat","embeddable":true,"href":"https:\/\/animefigurer.se\/en\/wp-json\/wp\/v2\/product_cat?post=37389"},{"taxonomy":"product_tag","embeddable":true,"href":"https:\/\/animefigurer.se\/en\/wp-json\/wp\/v2\/product_tag?post=37389"},{"taxonomy":"giftcard-category","embeddable":true,"href":"https:\/\/animefigurer.se\/en\/wp-json\/wp\/v2\/giftcard-category?post=37389"}],"curies":[{"name":"wp","href":"https:\/\/api.w.org\/{rel}","templated":true}]}}