{"id":36910,"date":"2025-10-20T23:11:23","date_gmt":"2025-10-20T21:11:23","guid":{"rendered":"https:\/\/animefigurer.se\/produkt\/jaws-50th-anniversary-movie-maniacs-1-48-scale-limited-edition-statue\/"},"modified":"2025-12-21T19:30:35","modified_gmt":"2025-12-21T18:30:35","slug":"jaws-50th-anniversary-movie-maniacs-1-48-scale-limited-edition-statue","status":"publish","type":"product","link":"https:\/\/animefigurer.se\/en\/figurer\/jaws\/jaws-50th-anniversary-movie-maniacs-1-48-scale-limited-edition-statue\/","title":{"rendered":"Jaws 50th Anniversary Movie Maniacs 1\/48 Scale Limited Edition Statue"},"content":{"rendered":"<p>Jaws, directed by Oscar winner Steven Spielberg, set the standard for nerve-wracking suspense when it was released on June 20, 1975. The film quickly became a cultural phenomenon and changed the film industry forever.<\/p>\n<p>When the coastal community of Amity is terrorized by a dangerous great white shark, the town&#039;s police chief (Roy Scheider), a young marine biologist (Richard Dreyfuss) and an experienced shark hunter (Robert Shaw) embark on a desperate mission to stop the beast.<\/p>\n<p>With an unforgettable soundtrack that evokes pure terror, Universal Pictures&#039; Jaws remains, five decades later, one of the most influential and thrilling adventures in cinematic history.<\/p>","protected":false},"excerpt":{"rendered":"<p>Jaws, directed by Oscar winner Steven Spielberg, set the standard for nerve-wracking suspense when it was released on June 20, 1975. The film quickly became a cultural phenomenon and changed the film industry forever.<\/p>\n<p>When the coastal community of Amity is terrorized by a dangerous great white shark, the town&#039;s police chief (<\/p>","protected":false},"featured_media":36911,"comment_status":"closed","ping_status":"open","template":"","meta":{"_acf_changed":false,"_monsterinsights_skip_tracking":false,"_monsterinsights_sitenote_active":false,"_monsterinsights_sitenote_note":"","_monsterinsights_sitenote_category":0},"product_brand":[7057],"product_cat":[3156,7233],"product_tag":[26],"giftcard-category":[],"class_list":{"0":"post-36910","1":"product","2":"type-product","3":"status-publish","4":"has-post-thumbnail","6":"product_brand-mcfarlane-toys","7":"product_cat-jaws","8":"product_cat-pre-order","9":"product_tag-pre-order","10":"pa_franchise-jaws","11":"pa_material-polyresin","12":"pa_skala-579","13":"pa_storlek-25-cm","15":"first","16":"instock","17":"taxable","18":"shipping-taxable","19":"purchasable","20":"product-type-simple"},"acf":[],"yoast_head":"<!-- This site is optimized with the Yoast SEO Premium plugin v24.6 (Yoast SEO v27.4) - https:\/\/yoast.com\/product\/yoast-seo-premium-wordpress\/ -->\n<title>Jaws 50th Anniversary Movie Maniacs 1\/48 Scale Limited Edition Statue | Animefigurer.se<\/title>\n<meta name=\"robots\" content=\"index, follow, max-snippet:-1, max-image-preview:large, max-video-preview:-1\" \/>\n<link rel=\"canonical\" href=\"https:\/\/animefigurer.se\/en\/figurer\/jaws\/jaws-50th-anniversary-movie-maniacs-1-48-scale-limited-edition-statue\/\" \/>\n<meta property=\"og:locale\" content=\"en_GB\" \/>\n<meta property=\"og:type\" content=\"article\" \/>\n<meta property=\"og:title\" content=\"Jaws 50th Anniversary Movie Maniacs 1\/48 Scale Limited Edition Statue\" \/>\n<meta property=\"og:description\" content=\"Hajen, regisserad av Oscarvinnaren Steven Spielberg, satte standarden f\u00f6r nervkittlande sp\u00e4nning n\u00e4r den sl\u00e4pptes den 20 juni 1975. Filmen blev snabbt ett kulturellt fenomen och f\u00f6r\u00e4ndrade filmindustrin f\u00f6r alltid. N\u00e4r kustsamh\u00e4llet Amity terroriseras av en farlig vithaj ger sig stadens polischef (\" \/>\n<meta property=\"og:url\" content=\"https:\/\/animefigurer.se\/en\/figurer\/jaws\/jaws-50th-anniversary-movie-maniacs-1-48-scale-limited-edition-statue\/\" \/>\n<meta property=\"og:site_name\" content=\"Animefigurer.se\" \/>\n<meta property=\"article:publisher\" content=\"https:\/\/www.facebook.com\/profile.php?id=61581826539670\" \/>\n<meta property=\"article:modified_time\" content=\"2025-12-21T18:30:35+00:00\" \/>\n<meta property=\"og:image\" content=\"https:\/\/animefigurer.se\/wp-content\/uploads\/2025\/12\/Animefigurer_logowhite.png\" \/>\n\t<meta property=\"og:image:width\" content=\"1890\" \/>\n\t<meta property=\"og:image:height\" content=\"1417\" \/>\n\t<meta property=\"og:image:type\" content=\"image\/png\" \/>\n<meta name=\"twitter:card\" content=\"summary_large_image\" \/>\n<meta name=\"twitter:label1\" content=\"Estimated reading time\" \/>\n\t<meta name=\"twitter:data1\" content=\"1 minute\" \/>\n<script type=\"application\/ld+json\" class=\"yoast-schema-graph\">{\"@context\":\"https:\\\/\\\/schema.org\",\"@graph\":[{\"@type\":\"WebPage\",\"@id\":\"https:\\\/\\\/animefigurer.se\\\/en\\\/figurer\\\/jaws\\\/jaws-50th-anniversary-movie-maniacs-1-48-scale-limited-edition-statue\\\/\",\"url\":\"https:\\\/\\\/animefigurer.se\\\/en\\\/figurer\\\/jaws\\\/jaws-50th-anniversary-movie-maniacs-1-48-scale-limited-edition-statue\\\/\",\"name\":\"Jaws 50th Anniversary Movie Maniacs 1\\\/48 Scale Limited Edition Statue | Animefigurer.se\",\"isPartOf\":{\"@id\":\"https:\\\/\\\/animefigurer.se\\\/#website\"},\"primaryImageOfPage\":{\"@id\":\"https:\\\/\\\/animefigurer.se\\\/en\\\/figurer\\\/jaws\\\/jaws-50th-anniversary-movie-maniacs-1-48-scale-limited-edition-statue\\\/#primaryimage\"},\"image\":{\"@id\":\"https:\\\/\\\/animefigurer.se\\\/en\\\/figurer\\\/jaws\\\/jaws-50th-anniversary-movie-maniacs-1-48-scale-limited-edition-statue\\\/#primaryimage\"},\"thumbnailUrl\":\"https:\\\/\\\/animefigurer.se\\\/wp-content\\\/uploads\\\/2025\\\/10\\\/686e8724a1035.jpeg\",\"datePublished\":\"2025-10-20T21:11:23+00:00\",\"dateModified\":\"2025-12-21T18:30:35+00:00\",\"breadcrumb\":{\"@id\":\"https:\\\/\\\/animefigurer.se\\\/en\\\/figurer\\\/jaws\\\/jaws-50th-anniversary-movie-maniacs-1-48-scale-limited-edition-statue\\\/#breadcrumb\"},\"inLanguage\":\"en-GB\",\"potentialAction\":[{\"@type\":\"ReadAction\",\"target\":[\"https:\\\/\\\/animefigurer.se\\\/en\\\/figurer\\\/jaws\\\/jaws-50th-anniversary-movie-maniacs-1-48-scale-limited-edition-statue\\\/\"]}]},{\"@type\":\"ImageObject\",\"inLanguage\":\"en-GB\",\"@id\":\"https:\\\/\\\/animefigurer.se\\\/en\\\/figurer\\\/jaws\\\/jaws-50th-anniversary-movie-maniacs-1-48-scale-limited-edition-statue\\\/#primaryimage\",\"url\":\"https:\\\/\\\/animefigurer.se\\\/wp-content\\\/uploads\\\/2025\\\/10\\\/686e8724a1035.jpeg\",\"contentUrl\":\"https:\\\/\\\/animefigurer.se\\\/wp-content\\\/uploads\\\/2025\\\/10\\\/686e8724a1035.jpeg\",\"width\":1000,\"height\":750},{\"@type\":\"BreadcrumbList\",\"@id\":\"https:\\\/\\\/animefigurer.se\\\/en\\\/figurer\\\/jaws\\\/jaws-50th-anniversary-movie-maniacs-1-48-scale-limited-edition-statue\\\/#breadcrumb\",\"itemListElement\":[{\"@type\":\"ListItem\",\"position\":1,\"name\":\"Home\",\"item\":\"https:\\\/\\\/animefigurer.se\\\/\"},{\"@type\":\"ListItem\",\"position\":2,\"name\":\"Butik\",\"item\":\"https:\\\/\\\/animefigurer.se\\\/figurer\\\/\"},{\"@type\":\"ListItem\",\"position\":3,\"name\":\"Jaws 50th Anniversary Movie Maniacs 1\\\/48 Scale Limited Edition Statue\"}]},{\"@type\":\"WebSite\",\"@id\":\"https:\\\/\\\/animefigurer.se\\\/#website\",\"url\":\"https:\\\/\\\/animefigurer.se\\\/\",\"name\":\"Animefigurer.se\",\"description\":\"Anime figurer fr\u00e5n \u00f6ver 300 olika anime serier med \u00f6ver 9000 produkter | Anime Shop\",\"publisher\":{\"@id\":\"https:\\\/\\\/animefigurer.se\\\/#organization\"},\"potentialAction\":[{\"@type\":\"SearchAction\",\"target\":{\"@type\":\"EntryPoint\",\"urlTemplate\":\"https:\\\/\\\/animefigurer.se\\\/?s={search_term_string}\"},\"query-input\":{\"@type\":\"PropertyValueSpecification\",\"valueRequired\":true,\"valueName\":\"search_term_string\"}}],\"inLanguage\":\"en-GB\"},{\"@type\":\"Organization\",\"@id\":\"https:\\\/\\\/animefigurer.se\\\/#organization\",\"name\":\"Animefigurer.se\",\"alternateName\":\"Anime figurer | Anime shop\",\"url\":\"https:\\\/\\\/animefigurer.se\\\/\",\"logo\":{\"@type\":\"ImageObject\",\"inLanguage\":\"en-GB\",\"@id\":\"https:\\\/\\\/animefigurer.se\\\/#\\\/schema\\\/logo\\\/image\\\/\",\"url\":\"https:\\\/\\\/animefigurer.se\\\/wp-content\\\/uploads\\\/2025\\\/12\\\/Animefigurer_logowhite.png\",\"contentUrl\":\"https:\\\/\\\/animefigurer.se\\\/wp-content\\\/uploads\\\/2025\\\/12\\\/Animefigurer_logowhite.png\",\"width\":1890,\"height\":1417,\"caption\":\"Animefigurer.se\"},\"image\":{\"@id\":\"https:\\\/\\\/animefigurer.se\\\/#\\\/schema\\\/logo\\\/image\\\/\"},\"sameAs\":[\"https:\\\/\\\/www.facebook.com\\\/profile.php?id=61581826539670\",\"https:\\\/\\\/www.instagram.com\\\/animefigurer.se\\\/\"],\"email\":\"info@animefigurer.se\"}]}<\/script>\n<!-- \/ Yoast SEO Premium plugin. -->","yoast_head_json":{"title":"Jaws 50th Anniversary Movie Maniacs 1\/48 Scale Limited Edition Statue | Animefigurer.se","robots":{"index":"index","follow":"follow","max-snippet":"max-snippet:-1","max-image-preview":"max-image-preview:large","max-video-preview":"max-video-preview:-1"},"canonical":"https:\/\/animefigurer.se\/en\/figurer\/jaws\/jaws-50th-anniversary-movie-maniacs-1-48-scale-limited-edition-statue\/","og_locale":"en_GB","og_type":"article","og_title":"Jaws 50th Anniversary Movie Maniacs 1\/48 Scale Limited Edition Statue","og_description":"Hajen, regisserad av Oscarvinnaren Steven Spielberg, satte standarden f\u00f6r nervkittlande sp\u00e4nning n\u00e4r den sl\u00e4pptes den 20 juni 1975. Filmen blev snabbt ett kulturellt fenomen och f\u00f6r\u00e4ndrade filmindustrin f\u00f6r alltid. N\u00e4r kustsamh\u00e4llet Amity terroriseras av en farlig vithaj ger sig stadens polischef (","og_url":"https:\/\/animefigurer.se\/en\/figurer\/jaws\/jaws-50th-anniversary-movie-maniacs-1-48-scale-limited-edition-statue\/","og_site_name":"Animefigurer.se","article_publisher":"https:\/\/www.facebook.com\/profile.php?id=61581826539670","article_modified_time":"2025-12-21T18:30:35+00:00","og_image":[{"width":1890,"height":1417,"url":"https:\/\/animefigurer.se\/wp-content\/uploads\/2025\/12\/Animefigurer_logowhite.png","type":"image\/png"}],"twitter_card":"summary_large_image","twitter_misc":{"Estimated reading time":"1 minute"},"schema":{"@context":"https:\/\/schema.org","@graph":[{"@type":"WebPage","@id":"https:\/\/animefigurer.se\/en\/figurer\/jaws\/jaws-50th-anniversary-movie-maniacs-1-48-scale-limited-edition-statue\/","url":"https:\/\/animefigurer.se\/en\/figurer\/jaws\/jaws-50th-anniversary-movie-maniacs-1-48-scale-limited-edition-statue\/","name":"Jaws 50th Anniversary Movie Maniacs 1\/48 Scale Limited Edition Statue | Animefigurer.se","isPartOf":{"@id":"https:\/\/animefigurer.se\/#website"},"primaryImageOfPage":{"@id":"https:\/\/animefigurer.se\/en\/figurer\/jaws\/jaws-50th-anniversary-movie-maniacs-1-48-scale-limited-edition-statue\/#primaryimage"},"image":{"@id":"https:\/\/animefigurer.se\/en\/figurer\/jaws\/jaws-50th-anniversary-movie-maniacs-1-48-scale-limited-edition-statue\/#primaryimage"},"thumbnailUrl":"https:\/\/animefigurer.se\/wp-content\/uploads\/2025\/10\/686e8724a1035.jpeg","datePublished":"2025-10-20T21:11:23+00:00","dateModified":"2025-12-21T18:30:35+00:00","breadcrumb":{"@id":"https:\/\/animefigurer.se\/en\/figurer\/jaws\/jaws-50th-anniversary-movie-maniacs-1-48-scale-limited-edition-statue\/#breadcrumb"},"inLanguage":"en-GB","potentialAction":[{"@type":"ReadAction","target":["https:\/\/animefigurer.se\/en\/figurer\/jaws\/jaws-50th-anniversary-movie-maniacs-1-48-scale-limited-edition-statue\/"]}]},{"@type":"ImageObject","inLanguage":"en-GB","@id":"https:\/\/animefigurer.se\/en\/figurer\/jaws\/jaws-50th-anniversary-movie-maniacs-1-48-scale-limited-edition-statue\/#primaryimage","url":"https:\/\/animefigurer.se\/wp-content\/uploads\/2025\/10\/686e8724a1035.jpeg","contentUrl":"https:\/\/animefigurer.se\/wp-content\/uploads\/2025\/10\/686e8724a1035.jpeg","width":1000,"height":750},{"@type":"BreadcrumbList","@id":"https:\/\/animefigurer.se\/en\/figurer\/jaws\/jaws-50th-anniversary-movie-maniacs-1-48-scale-limited-edition-statue\/#breadcrumb","itemListElement":[{"@type":"ListItem","position":1,"name":"Home","item":"https:\/\/animefigurer.se\/"},{"@type":"ListItem","position":2,"name":"Butik","item":"https:\/\/animefigurer.se\/figurer\/"},{"@type":"ListItem","position":3,"name":"Jaws 50th Anniversary Movie Maniacs 1\/48 Scale Limited Edition Statue"}]},{"@type":"WebSite","@id":"https:\/\/animefigurer.se\/#website","url":"https:\/\/animefigurer.se\/","name":"Animefigurer.se","description":"Anime figures from over 300 different anime series with over 9000 products | Anime Shop","publisher":{"@id":"https:\/\/animefigurer.se\/#organization"},"potentialAction":[{"@type":"SearchAction","target":{"@type":"EntryPoint","urlTemplate":"https:\/\/animefigurer.se\/?s={search_term_string}"},"query-input":{"@type":"PropertyValueSpecification","valueRequired":true,"valueName":"search_term_string"}}],"inLanguage":"en-GB"},{"@type":"Organization","@id":"https:\/\/animefigurer.se\/#organization","name":"Animefigurer.se","alternateName":"Anime figurer | Anime shop","url":"https:\/\/animefigurer.se\/","logo":{"@type":"ImageObject","inLanguage":"en-GB","@id":"https:\/\/animefigurer.se\/#\/schema\/logo\/image\/","url":"https:\/\/animefigurer.se\/wp-content\/uploads\/2025\/12\/Animefigurer_logowhite.png","contentUrl":"https:\/\/animefigurer.se\/wp-content\/uploads\/2025\/12\/Animefigurer_logowhite.png","width":1890,"height":1417,"caption":"Animefigurer.se"},"image":{"@id":"https:\/\/animefigurer.se\/#\/schema\/logo\/image\/"},"sameAs":["https:\/\/www.facebook.com\/profile.php?id=61581826539670","https:\/\/www.instagram.com\/animefigurer.se\/"],"email":"info@animefigurer.se"}]}},"_links":{"self":[{"href":"https:\/\/animefigurer.se\/en\/wp-json\/wp\/v2\/product\/36910","targetHints":{"allow":["GET"]}}],"collection":[{"href":"https:\/\/animefigurer.se\/en\/wp-json\/wp\/v2\/product"}],"about":[{"href":"https:\/\/animefigurer.se\/en\/wp-json\/wp\/v2\/types\/product"}],"replies":[{"embeddable":true,"href":"https:\/\/animefigurer.se\/en\/wp-json\/wp\/v2\/comments?post=36910"}],"wp:featuredmedia":[{"embeddable":true,"href":"https:\/\/animefigurer.se\/en\/wp-json\/wp\/v2\/media\/36911"}],"wp:attachment":[{"href":"https:\/\/animefigurer.se\/en\/wp-json\/wp\/v2\/media?parent=36910"}],"wp:term":[{"taxonomy":"product_brand","embeddable":true,"href":"https:\/\/animefigurer.se\/en\/wp-json\/wp\/v2\/product_brand?post=36910"},{"taxonomy":"product_cat","embeddable":true,"href":"https:\/\/animefigurer.se\/en\/wp-json\/wp\/v2\/product_cat?post=36910"},{"taxonomy":"product_tag","embeddable":true,"href":"https:\/\/animefigurer.se\/en\/wp-json\/wp\/v2\/product_tag?post=36910"},{"taxonomy":"giftcard-category","embeddable":true,"href":"https:\/\/animefigurer.se\/en\/wp-json\/wp\/v2\/giftcard-category?post=36910"}],"curies":[{"name":"wp","href":"https:\/\/api.w.org\/{rel}","templated":true}]}}