{"id":36740,"date":"2025-10-20T23:11:00","date_gmt":"2025-10-20T21:11:00","guid":{"rendered":"https:\/\/animefigurer.se\/produkt\/is-it-wrong-to-try-to-pick-up-girls-in-a-dungeon-fnex-hestia-shiromuku\/"},"modified":"2026-04-10T14:26:50","modified_gmt":"2026-04-10T12:26:50","slug":"is-it-wrong-to-try-to-pick-up-girls-in-a-dungeon-fnex-hestia-shiromuku","status":"publish","type":"product","link":"https:\/\/animefigurer.se\/en\/figurer\/is-it-wrong-to-try-to-pick-up-girls-in-a-dungeon\/is-it-wrong-to-try-to-pick-up-girls-in-a-dungeon-fnex-hestia-shiromuku\/","title":{"rendered":"Is It Wrong to Try to Pick Up Girls in a Dungeon? F:Nex Hestia Shiromuku"},"content":{"rendered":"<p>From Is It Wrong to Try to Pick Up Girls in a Dungeon? IV comes Hestia as an exclusive F:NEX figure in a white kimono with gold patterns (shiromuku).<\/p>\n<p>The pure white design highlights the delicate surface pattern, while the lining and obi are blue in Hestia&#039;s traditional color scheme. The white fur trim above her head and the blue ribbon that highlights her full bust are nice design touches.<\/p>\n<p>Hestia is depicted with a gentle smile, wide eyes and a slight blush, and her twin tails flutter in the wind \u2013 an area where the contrast with the white really stands out. The uchikake and hanging surface are painted with a pale pearlescent lacquer that changes in sheen depending on the angle. The floral pattern and gold-colored details enhance the pure white aesthetic, and small details such as obi fasteners, tassel decorations and ribbons are carefully crafted. The result is a beautiful, sweet figure that impresses from every angle.<\/p>","protected":false},"excerpt":{"rendered":"<p>From Is It Wrong to Try to Pick Up Girls in a Dungeon? IV comes Hestia as an exclusive F:NEX figure in a white kimono with gold patterns (shiromuku).<\/p>\n<p>The pure white design highlights the delicate surface pattern, while the lining and obi are blue in Hestia&#039;s traditional color scheme. The white fur trim above the head<\/p>","protected":false},"featured_media":36741,"comment_status":"closed","ping_status":"open","template":"","meta":{"_acf_changed":false,"_monsterinsights_skip_tracking":false,"_monsterinsights_sitenote_active":false,"_monsterinsights_sitenote_note":"","_monsterinsights_sitenote_category":0},"product_brand":[6994],"product_cat":[3142],"product_tag":[24],"giftcard-category":[],"class_list":{"0":"post-36740","1":"product","2":"type-product","3":"status-publish","4":"has-post-thumbnail","6":"product_brand-furyu","7":"product_cat-is-it-wrong-to-try-to-pick-up-girls-in-a-dungeon","8":"product_tag-2-3-weeks","9":"pa_franchise-is-it-wrong-to-try-to-pick-up-girls-in-a-dungeon","10":"pa_karaktar-hestia-shiromuku","11":"pa_material-pvc-abs","12":"pa_produktserie-fnex","13":"pa_skala-41","14":"pa_storlek-28-cm","16":"first","17":"instock","18":"taxable","19":"shipping-taxable","20":"purchasable","21":"product-type-simple"},"acf":[],"yoast_head":"<!-- This site is optimized with the Yoast SEO Premium plugin v24.6 (Yoast SEO v27.3) - https:\/\/yoast.com\/product\/yoast-seo-premium-wordpress\/ -->\n<title>Is It Wrong to Try to Pick Up Girls in a Dungeon? F:Nex Hestia Shiromuku | Animefigurer.se<\/title>\n<meta name=\"robots\" content=\"index, follow, max-snippet:-1, max-image-preview:large, max-video-preview:-1\" \/>\n<link rel=\"canonical\" href=\"https:\/\/animefigurer.se\/en\/figurer\/is-it-wrong-to-try-to-pick-up-girls-in-a-dungeon\/is-it-wrong-to-try-to-pick-up-girls-in-a-dungeon-fnex-hestia-shiromuku\/\" \/>\n<meta property=\"og:locale\" content=\"en_GB\" \/>\n<meta property=\"og:type\" content=\"article\" \/>\n<meta property=\"og:title\" content=\"Is It Wrong to Try to Pick Up Girls in a Dungeon? F:Nex Hestia Shiromuku\" \/>\n<meta property=\"og:description\" content=\"Fr\u00e5n Is It Wrong to Try to Pick Up Girls in a Dungeon? IV kommer Hestia som en exklusiv F:NEX-figur i en vit kimono med guldm\u00f6nster (shiromuku). Den rena vita designen framh\u00e4ver det delikata ytm\u00f6nstret, medan foder och obi \u00e4r bl\u00e5tt i Hestias traditionella f\u00e4rgskala. Den vita p\u00e4lskanten ovanf\u00f6r huvu\" \/>\n<meta property=\"og:url\" content=\"https:\/\/animefigurer.se\/en\/figurer\/is-it-wrong-to-try-to-pick-up-girls-in-a-dungeon\/is-it-wrong-to-try-to-pick-up-girls-in-a-dungeon-fnex-hestia-shiromuku\/\" \/>\n<meta property=\"og:site_name\" content=\"Animefigurer.se\" \/>\n<meta property=\"article:publisher\" content=\"https:\/\/www.facebook.com\/profile.php?id=61581826539670\" \/>\n<meta property=\"article:modified_time\" content=\"2026-04-10T12:26:50+00:00\" \/>\n<meta property=\"og:image\" content=\"https:\/\/animefigurer.se\/wp-content\/uploads\/2025\/12\/Animefigurer_logowhite.png\" \/>\n\t<meta property=\"og:image:width\" content=\"1890\" \/>\n\t<meta property=\"og:image:height\" content=\"1417\" \/>\n\t<meta property=\"og:image:type\" content=\"image\/png\" \/>\n<meta name=\"twitter:card\" content=\"summary_large_image\" \/>\n<meta name=\"twitter:label1\" content=\"Estimated reading time\" \/>\n\t<meta name=\"twitter:data1\" content=\"1 minute\" \/>\n<script type=\"application\/ld+json\" class=\"yoast-schema-graph\">{\"@context\":\"https:\\\/\\\/schema.org\",\"@graph\":[{\"@type\":\"WebPage\",\"@id\":\"https:\\\/\\\/animefigurer.se\\\/figurer\\\/is-it-wrong-to-try-to-pick-up-girls-in-a-dungeon\\\/is-it-wrong-to-try-to-pick-up-girls-in-a-dungeon-fnex-hestia-shiromuku\\\/\",\"url\":\"https:\\\/\\\/animefigurer.se\\\/figurer\\\/is-it-wrong-to-try-to-pick-up-girls-in-a-dungeon\\\/is-it-wrong-to-try-to-pick-up-girls-in-a-dungeon-fnex-hestia-shiromuku\\\/\",\"name\":\"Is It Wrong to Try to Pick Up Girls in a Dungeon? F:Nex Hestia Shiromuku | Animefigurer.se\",\"isPartOf\":{\"@id\":\"https:\\\/\\\/animefigurer.se\\\/#website\"},\"primaryImageOfPage\":{\"@id\":\"https:\\\/\\\/animefigurer.se\\\/figurer\\\/is-it-wrong-to-try-to-pick-up-girls-in-a-dungeon\\\/is-it-wrong-to-try-to-pick-up-girls-in-a-dungeon-fnex-hestia-shiromuku\\\/#primaryimage\"},\"image\":{\"@id\":\"https:\\\/\\\/animefigurer.se\\\/figurer\\\/is-it-wrong-to-try-to-pick-up-girls-in-a-dungeon\\\/is-it-wrong-to-try-to-pick-up-girls-in-a-dungeon-fnex-hestia-shiromuku\\\/#primaryimage\"},\"thumbnailUrl\":\"https:\\\/\\\/animefigurer.se\\\/wp-content\\\/uploads\\\/2025\\\/10\\\/63d3871f002f3.jpeg\",\"datePublished\":\"2025-10-20T21:11:00+00:00\",\"dateModified\":\"2026-04-10T12:26:50+00:00\",\"breadcrumb\":{\"@id\":\"https:\\\/\\\/animefigurer.se\\\/figurer\\\/is-it-wrong-to-try-to-pick-up-girls-in-a-dungeon\\\/is-it-wrong-to-try-to-pick-up-girls-in-a-dungeon-fnex-hestia-shiromuku\\\/#breadcrumb\"},\"inLanguage\":\"en-GB\",\"potentialAction\":[{\"@type\":\"ReadAction\",\"target\":[\"https:\\\/\\\/animefigurer.se\\\/figurer\\\/is-it-wrong-to-try-to-pick-up-girls-in-a-dungeon\\\/is-it-wrong-to-try-to-pick-up-girls-in-a-dungeon-fnex-hestia-shiromuku\\\/\"]}]},{\"@type\":\"ImageObject\",\"inLanguage\":\"en-GB\",\"@id\":\"https:\\\/\\\/animefigurer.se\\\/figurer\\\/is-it-wrong-to-try-to-pick-up-girls-in-a-dungeon\\\/is-it-wrong-to-try-to-pick-up-girls-in-a-dungeon-fnex-hestia-shiromuku\\\/#primaryimage\",\"url\":\"https:\\\/\\\/animefigurer.se\\\/wp-content\\\/uploads\\\/2025\\\/10\\\/63d3871f002f3.jpeg\",\"contentUrl\":\"https:\\\/\\\/animefigurer.se\\\/wp-content\\\/uploads\\\/2025\\\/10\\\/63d3871f002f3.jpeg\",\"width\":720,\"height\":540},{\"@type\":\"BreadcrumbList\",\"@id\":\"https:\\\/\\\/animefigurer.se\\\/figurer\\\/is-it-wrong-to-try-to-pick-up-girls-in-a-dungeon\\\/is-it-wrong-to-try-to-pick-up-girls-in-a-dungeon-fnex-hestia-shiromuku\\\/#breadcrumb\",\"itemListElement\":[{\"@type\":\"ListItem\",\"position\":1,\"name\":\"Home\",\"item\":\"https:\\\/\\\/animefigurer.se\\\/\"},{\"@type\":\"ListItem\",\"position\":2,\"name\":\"Butik\",\"item\":\"https:\\\/\\\/animefigurer.se\\\/figurer\\\/\"},{\"@type\":\"ListItem\",\"position\":3,\"name\":\"Is It Wrong to Try to Pick Up Girls in a Dungeon? F:Nex Hestia Shiromuku\"}]},{\"@type\":\"WebSite\",\"@id\":\"https:\\\/\\\/animefigurer.se\\\/#website\",\"url\":\"https:\\\/\\\/animefigurer.se\\\/\",\"name\":\"Animefigurer.se\",\"description\":\"Anime figurer fr\u00e5n \u00f6ver 300 olika anime serier med \u00f6ver 9000 produkter | Anime Shop\",\"publisher\":{\"@id\":\"https:\\\/\\\/animefigurer.se\\\/#organization\"},\"potentialAction\":[{\"@type\":\"SearchAction\",\"target\":{\"@type\":\"EntryPoint\",\"urlTemplate\":\"https:\\\/\\\/animefigurer.se\\\/?s={search_term_string}\"},\"query-input\":{\"@type\":\"PropertyValueSpecification\",\"valueRequired\":true,\"valueName\":\"search_term_string\"}}],\"inLanguage\":\"en-GB\"},{\"@type\":\"Organization\",\"@id\":\"https:\\\/\\\/animefigurer.se\\\/#organization\",\"name\":\"Animefigurer.se\",\"alternateName\":\"Anime figurer | Anime shop\",\"url\":\"https:\\\/\\\/animefigurer.se\\\/\",\"logo\":{\"@type\":\"ImageObject\",\"inLanguage\":\"en-GB\",\"@id\":\"https:\\\/\\\/animefigurer.se\\\/#\\\/schema\\\/logo\\\/image\\\/\",\"url\":\"https:\\\/\\\/animefigurer.se\\\/wp-content\\\/uploads\\\/2025\\\/12\\\/Animefigurer_logowhite.png\",\"contentUrl\":\"https:\\\/\\\/animefigurer.se\\\/wp-content\\\/uploads\\\/2025\\\/12\\\/Animefigurer_logowhite.png\",\"width\":1890,\"height\":1417,\"caption\":\"Animefigurer.se\"},\"image\":{\"@id\":\"https:\\\/\\\/animefigurer.se\\\/#\\\/schema\\\/logo\\\/image\\\/\"},\"sameAs\":[\"https:\\\/\\\/www.facebook.com\\\/profile.php?id=61581826539670\",\"https:\\\/\\\/www.instagram.com\\\/animefigurer.se\\\/\"],\"email\":\"info@animefigurer.se\"}]}<\/script>\n<!-- \/ Yoast SEO Premium plugin. -->","yoast_head_json":{"title":"Is It Wrong to Try to Pick Up Girls in a Dungeon? F:Nex Hestia Shiromuku | Animefigurer.se","robots":{"index":"index","follow":"follow","max-snippet":"max-snippet:-1","max-image-preview":"max-image-preview:large","max-video-preview":"max-video-preview:-1"},"canonical":"https:\/\/animefigurer.se\/en\/figurer\/is-it-wrong-to-try-to-pick-up-girls-in-a-dungeon\/is-it-wrong-to-try-to-pick-up-girls-in-a-dungeon-fnex-hestia-shiromuku\/","og_locale":"en_GB","og_type":"article","og_title":"Is It Wrong to Try to Pick Up Girls in a Dungeon? F:Nex Hestia Shiromuku","og_description":"Fr\u00e5n Is It Wrong to Try to Pick Up Girls in a Dungeon? IV kommer Hestia som en exklusiv F:NEX-figur i en vit kimono med guldm\u00f6nster (shiromuku). Den rena vita designen framh\u00e4ver det delikata ytm\u00f6nstret, medan foder och obi \u00e4r bl\u00e5tt i Hestias traditionella f\u00e4rgskala. Den vita p\u00e4lskanten ovanf\u00f6r huvu","og_url":"https:\/\/animefigurer.se\/en\/figurer\/is-it-wrong-to-try-to-pick-up-girls-in-a-dungeon\/is-it-wrong-to-try-to-pick-up-girls-in-a-dungeon-fnex-hestia-shiromuku\/","og_site_name":"Animefigurer.se","article_publisher":"https:\/\/www.facebook.com\/profile.php?id=61581826539670","article_modified_time":"2026-04-10T12:26:50+00:00","og_image":[{"width":1890,"height":1417,"url":"https:\/\/animefigurer.se\/wp-content\/uploads\/2025\/12\/Animefigurer_logowhite.png","type":"image\/png"}],"twitter_card":"summary_large_image","twitter_misc":{"Estimated reading time":"1 minute"},"schema":{"@context":"https:\/\/schema.org","@graph":[{"@type":"WebPage","@id":"https:\/\/animefigurer.se\/figurer\/is-it-wrong-to-try-to-pick-up-girls-in-a-dungeon\/is-it-wrong-to-try-to-pick-up-girls-in-a-dungeon-fnex-hestia-shiromuku\/","url":"https:\/\/animefigurer.se\/figurer\/is-it-wrong-to-try-to-pick-up-girls-in-a-dungeon\/is-it-wrong-to-try-to-pick-up-girls-in-a-dungeon-fnex-hestia-shiromuku\/","name":"Is It Wrong to Try to Pick Up Girls in a Dungeon? F:Nex Hestia Shiromuku | Animefigurer.se","isPartOf":{"@id":"https:\/\/animefigurer.se\/#website"},"primaryImageOfPage":{"@id":"https:\/\/animefigurer.se\/figurer\/is-it-wrong-to-try-to-pick-up-girls-in-a-dungeon\/is-it-wrong-to-try-to-pick-up-girls-in-a-dungeon-fnex-hestia-shiromuku\/#primaryimage"},"image":{"@id":"https:\/\/animefigurer.se\/figurer\/is-it-wrong-to-try-to-pick-up-girls-in-a-dungeon\/is-it-wrong-to-try-to-pick-up-girls-in-a-dungeon-fnex-hestia-shiromuku\/#primaryimage"},"thumbnailUrl":"https:\/\/animefigurer.se\/wp-content\/uploads\/2025\/10\/63d3871f002f3.jpeg","datePublished":"2025-10-20T21:11:00+00:00","dateModified":"2026-04-10T12:26:50+00:00","breadcrumb":{"@id":"https:\/\/animefigurer.se\/figurer\/is-it-wrong-to-try-to-pick-up-girls-in-a-dungeon\/is-it-wrong-to-try-to-pick-up-girls-in-a-dungeon-fnex-hestia-shiromuku\/#breadcrumb"},"inLanguage":"en-GB","potentialAction":[{"@type":"ReadAction","target":["https:\/\/animefigurer.se\/figurer\/is-it-wrong-to-try-to-pick-up-girls-in-a-dungeon\/is-it-wrong-to-try-to-pick-up-girls-in-a-dungeon-fnex-hestia-shiromuku\/"]}]},{"@type":"ImageObject","inLanguage":"en-GB","@id":"https:\/\/animefigurer.se\/figurer\/is-it-wrong-to-try-to-pick-up-girls-in-a-dungeon\/is-it-wrong-to-try-to-pick-up-girls-in-a-dungeon-fnex-hestia-shiromuku\/#primaryimage","url":"https:\/\/animefigurer.se\/wp-content\/uploads\/2025\/10\/63d3871f002f3.jpeg","contentUrl":"https:\/\/animefigurer.se\/wp-content\/uploads\/2025\/10\/63d3871f002f3.jpeg","width":720,"height":540},{"@type":"BreadcrumbList","@id":"https:\/\/animefigurer.se\/figurer\/is-it-wrong-to-try-to-pick-up-girls-in-a-dungeon\/is-it-wrong-to-try-to-pick-up-girls-in-a-dungeon-fnex-hestia-shiromuku\/#breadcrumb","itemListElement":[{"@type":"ListItem","position":1,"name":"Home","item":"https:\/\/animefigurer.se\/"},{"@type":"ListItem","position":2,"name":"Butik","item":"https:\/\/animefigurer.se\/figurer\/"},{"@type":"ListItem","position":3,"name":"Is It Wrong to Try to Pick Up Girls in a Dungeon? F:Nex Hestia Shiromuku"}]},{"@type":"WebSite","@id":"https:\/\/animefigurer.se\/#website","url":"https:\/\/animefigurer.se\/","name":"Animefigurer.se","description":"Anime figures from over 300 different anime series with over 9000 products | Anime Shop","publisher":{"@id":"https:\/\/animefigurer.se\/#organization"},"potentialAction":[{"@type":"SearchAction","target":{"@type":"EntryPoint","urlTemplate":"https:\/\/animefigurer.se\/?s={search_term_string}"},"query-input":{"@type":"PropertyValueSpecification","valueRequired":true,"valueName":"search_term_string"}}],"inLanguage":"en-GB"},{"@type":"Organization","@id":"https:\/\/animefigurer.se\/#organization","name":"Animefigurer.se","alternateName":"Anime figurer | Anime shop","url":"https:\/\/animefigurer.se\/","logo":{"@type":"ImageObject","inLanguage":"en-GB","@id":"https:\/\/animefigurer.se\/#\/schema\/logo\/image\/","url":"https:\/\/animefigurer.se\/wp-content\/uploads\/2025\/12\/Animefigurer_logowhite.png","contentUrl":"https:\/\/animefigurer.se\/wp-content\/uploads\/2025\/12\/Animefigurer_logowhite.png","width":1890,"height":1417,"caption":"Animefigurer.se"},"image":{"@id":"https:\/\/animefigurer.se\/#\/schema\/logo\/image\/"},"sameAs":["https:\/\/www.facebook.com\/profile.php?id=61581826539670","https:\/\/www.instagram.com\/animefigurer.se\/"],"email":"info@animefigurer.se"}]}},"_links":{"self":[{"href":"https:\/\/animefigurer.se\/en\/wp-json\/wp\/v2\/product\/36740","targetHints":{"allow":["GET"]}}],"collection":[{"href":"https:\/\/animefigurer.se\/en\/wp-json\/wp\/v2\/product"}],"about":[{"href":"https:\/\/animefigurer.se\/en\/wp-json\/wp\/v2\/types\/product"}],"replies":[{"embeddable":true,"href":"https:\/\/animefigurer.se\/en\/wp-json\/wp\/v2\/comments?post=36740"}],"wp:featuredmedia":[{"embeddable":true,"href":"https:\/\/animefigurer.se\/en\/wp-json\/wp\/v2\/media\/36741"}],"wp:attachment":[{"href":"https:\/\/animefigurer.se\/en\/wp-json\/wp\/v2\/media?parent=36740"}],"wp:term":[{"taxonomy":"product_brand","embeddable":true,"href":"https:\/\/animefigurer.se\/en\/wp-json\/wp\/v2\/product_brand?post=36740"},{"taxonomy":"product_cat","embeddable":true,"href":"https:\/\/animefigurer.se\/en\/wp-json\/wp\/v2\/product_cat?post=36740"},{"taxonomy":"product_tag","embeddable":true,"href":"https:\/\/animefigurer.se\/en\/wp-json\/wp\/v2\/product_tag?post=36740"},{"taxonomy":"giftcard-category","embeddable":true,"href":"https:\/\/animefigurer.se\/en\/wp-json\/wp\/v2\/giftcard-category?post=36740"}],"curies":[{"name":"wp","href":"https:\/\/api.w.org\/{rel}","templated":true}]}}