{"id":35690,"date":"2025-10-20T23:01:47","date_gmt":"2025-10-20T21:01:47","guid":{"rendered":"https:\/\/animefigurer.se\/produkt\/honkai-star-rail-nendoroid-sunday\/"},"modified":"2025-12-21T19:30:18","modified_gmt":"2025-12-21T18:30:18","slug":"honkai-star-rail-nendoroid-sunday","status":"publish","type":"product","link":"https:\/\/animefigurer.se\/en\/figurer\/honkai-impact\/honkai-star-rail-nendoroid-sunday\/","title":{"rendered":"Honkai: Star Rail Nendoroid Sunday"},"content":{"rendered":"<p>From Honkai: Star Rail comes a Nendoroid of Sunday!<\/p>\n<p>Front pages:<br \/>\n\u2013 Smiling face<br \/>\n\u2013 Smiling face<br \/>\n\u2013 Angry face<\/p>\n<p>Optional parts:<br \/>\n\u2013 Sunday&#039;s Servant<br \/>\n\u2013 Echo of faded dreams<br \/>\n\u2013 Confession sheet<br \/>\n\u2013 More parts for different poses<\/p>","protected":false},"excerpt":{"rendered":"<p>From Honkai: Star Rail comes a Nendoroid of Sunday!<\/p>\n<p>Front pages:<br \/>\n\u2013 Smiling face<br \/>\n\u2013 Smiling face<br \/>\n\u2013 Angry face<\/p>\n<p>Optional parts:<br \/>\n\u2013 Sunday&#039;s Servant<br \/>\n\u2013 Echo of faded dreams<br \/>\n\u2013 Confession sheet<br \/>\n\u2013 More parts for different poses<\/p>","protected":false},"featured_media":35691,"comment_status":"closed","ping_status":"open","template":"","meta":{"_acf_changed":false,"_monsterinsights_skip_tracking":false,"_monsterinsights_sitenote_active":false,"_monsterinsights_sitenote_note":"","_monsterinsights_sitenote_category":0},"product_brand":[6890],"product_cat":[3034,7233],"product_tag":[26],"giftcard-category":[],"class_list":{"0":"post-35690","1":"product","2":"type-product","3":"status-publish","4":"has-post-thumbnail","6":"product_brand-good-smile-company","7":"product_cat-honkai-impact","8":"product_cat-pre-order","9":"product_tag-pre-order","10":"pa_franchise-honkai-star-rail","11":"pa_karaktar-sunday","12":"pa_material-pvc-abs","13":"pa_produktserie-nendoroid","14":"pa_storlek-10-cm","16":"first","17":"instock","18":"taxable","19":"shipping-taxable","20":"purchasable","21":"product-type-simple"},"acf":[],"yoast_head":"<!-- This site is optimized with the Yoast SEO Premium plugin v24.6 (Yoast SEO v27.3) - https:\/\/yoast.com\/product\/yoast-seo-premium-wordpress\/ -->\n<title>Honkai: Star Rail Nendoroid Sunday | Animefigurer.se<\/title>\n<meta name=\"robots\" content=\"index, follow, max-snippet:-1, max-image-preview:large, max-video-preview:-1\" \/>\n<link rel=\"canonical\" href=\"https:\/\/animefigurer.se\/en\/figurer\/honkai-impact\/honkai-star-rail-nendoroid-sunday\/\" \/>\n<meta property=\"og:locale\" content=\"en_GB\" \/>\n<meta property=\"og:type\" content=\"article\" \/>\n<meta property=\"og:title\" content=\"Honkai: Star Rail Nendoroid Sunday\" \/>\n<meta property=\"og:description\" content=\"Fr\u00e5n Honkai: Star Rail kommer en Nendoroid av s\u00f6ndag! Framsidor: - Leende ansikte - Flinande ansikte - Argt ansikte Valfria delar: - S\u00f6ndagens tj\u00e4nare - Eko av bleknade dr\u00f6mmar - Bek\u00e4nnelseblad - Fler delar f\u00f6r olika poser\" \/>\n<meta property=\"og:url\" content=\"https:\/\/animefigurer.se\/en\/figurer\/honkai-impact\/honkai-star-rail-nendoroid-sunday\/\" \/>\n<meta property=\"og:site_name\" content=\"Animefigurer.se\" \/>\n<meta property=\"article:publisher\" content=\"https:\/\/www.facebook.com\/profile.php?id=61581826539670\" \/>\n<meta property=\"article:modified_time\" content=\"2025-12-21T18:30:18+00:00\" \/>\n<meta property=\"og:image\" content=\"https:\/\/animefigurer.se\/wp-content\/uploads\/2025\/12\/Animefigurer_logowhite.png\" \/>\n\t<meta property=\"og:image:width\" content=\"1890\" \/>\n\t<meta property=\"og:image:height\" content=\"1417\" \/>\n\t<meta property=\"og:image:type\" content=\"image\/png\" \/>\n<meta name=\"twitter:card\" content=\"summary_large_image\" \/>\n<script type=\"application\/ld+json\" class=\"yoast-schema-graph\">{\"@context\":\"https:\\\/\\\/schema.org\",\"@graph\":[{\"@type\":\"WebPage\",\"@id\":\"https:\\\/\\\/animefigurer.se\\\/en\\\/figurer\\\/honkai-impact\\\/honkai-star-rail-nendoroid-sunday\\\/\",\"url\":\"https:\\\/\\\/animefigurer.se\\\/en\\\/figurer\\\/honkai-impact\\\/honkai-star-rail-nendoroid-sunday\\\/\",\"name\":\"Honkai: Star Rail Nendoroid Sunday | Animefigurer.se\",\"isPartOf\":{\"@id\":\"https:\\\/\\\/animefigurer.se\\\/#website\"},\"primaryImageOfPage\":{\"@id\":\"https:\\\/\\\/animefigurer.se\\\/en\\\/figurer\\\/honkai-impact\\\/honkai-star-rail-nendoroid-sunday\\\/#primaryimage\"},\"image\":{\"@id\":\"https:\\\/\\\/animefigurer.se\\\/en\\\/figurer\\\/honkai-impact\\\/honkai-star-rail-nendoroid-sunday\\\/#primaryimage\"},\"thumbnailUrl\":\"https:\\\/\\\/animefigurer.se\\\/wp-content\\\/uploads\\\/2025\\\/10\\\/676a782739af0.jpeg\",\"datePublished\":\"2025-10-20T21:01:47+00:00\",\"dateModified\":\"2025-12-21T18:30:18+00:00\",\"breadcrumb\":{\"@id\":\"https:\\\/\\\/animefigurer.se\\\/en\\\/figurer\\\/honkai-impact\\\/honkai-star-rail-nendoroid-sunday\\\/#breadcrumb\"},\"inLanguage\":\"en-GB\",\"potentialAction\":[{\"@type\":\"ReadAction\",\"target\":[\"https:\\\/\\\/animefigurer.se\\\/en\\\/figurer\\\/honkai-impact\\\/honkai-star-rail-nendoroid-sunday\\\/\"]}]},{\"@type\":\"ImageObject\",\"inLanguage\":\"en-GB\",\"@id\":\"https:\\\/\\\/animefigurer.se\\\/en\\\/figurer\\\/honkai-impact\\\/honkai-star-rail-nendoroid-sunday\\\/#primaryimage\",\"url\":\"https:\\\/\\\/animefigurer.se\\\/wp-content\\\/uploads\\\/2025\\\/10\\\/676a782739af0.jpeg\",\"contentUrl\":\"https:\\\/\\\/animefigurer.se\\\/wp-content\\\/uploads\\\/2025\\\/10\\\/676a782739af0.jpeg\",\"width\":667,\"height\":1000},{\"@type\":\"BreadcrumbList\",\"@id\":\"https:\\\/\\\/animefigurer.se\\\/en\\\/figurer\\\/honkai-impact\\\/honkai-star-rail-nendoroid-sunday\\\/#breadcrumb\",\"itemListElement\":[{\"@type\":\"ListItem\",\"position\":1,\"name\":\"Home\",\"item\":\"https:\\\/\\\/animefigurer.se\\\/\"},{\"@type\":\"ListItem\",\"position\":2,\"name\":\"Butik\",\"item\":\"https:\\\/\\\/animefigurer.se\\\/figurer\\\/\"},{\"@type\":\"ListItem\",\"position\":3,\"name\":\"Honkai: Star Rail Nendoroid Sunday\"}]},{\"@type\":\"WebSite\",\"@id\":\"https:\\\/\\\/animefigurer.se\\\/#website\",\"url\":\"https:\\\/\\\/animefigurer.se\\\/\",\"name\":\"Animefigurer.se\",\"description\":\"Anime figurer fr\u00e5n \u00f6ver 300 olika anime serier med \u00f6ver 9000 produkter | Anime Shop\",\"publisher\":{\"@id\":\"https:\\\/\\\/animefigurer.se\\\/#organization\"},\"potentialAction\":[{\"@type\":\"SearchAction\",\"target\":{\"@type\":\"EntryPoint\",\"urlTemplate\":\"https:\\\/\\\/animefigurer.se\\\/?s={search_term_string}\"},\"query-input\":{\"@type\":\"PropertyValueSpecification\",\"valueRequired\":true,\"valueName\":\"search_term_string\"}}],\"inLanguage\":\"en-GB\"},{\"@type\":\"Organization\",\"@id\":\"https:\\\/\\\/animefigurer.se\\\/#organization\",\"name\":\"Animefigurer.se\",\"alternateName\":\"Anime figurer | Anime shop\",\"url\":\"https:\\\/\\\/animefigurer.se\\\/\",\"logo\":{\"@type\":\"ImageObject\",\"inLanguage\":\"en-GB\",\"@id\":\"https:\\\/\\\/animefigurer.se\\\/#\\\/schema\\\/logo\\\/image\\\/\",\"url\":\"https:\\\/\\\/animefigurer.se\\\/wp-content\\\/uploads\\\/2025\\\/12\\\/Animefigurer_logowhite.png\",\"contentUrl\":\"https:\\\/\\\/animefigurer.se\\\/wp-content\\\/uploads\\\/2025\\\/12\\\/Animefigurer_logowhite.png\",\"width\":1890,\"height\":1417,\"caption\":\"Animefigurer.se\"},\"image\":{\"@id\":\"https:\\\/\\\/animefigurer.se\\\/#\\\/schema\\\/logo\\\/image\\\/\"},\"sameAs\":[\"https:\\\/\\\/www.facebook.com\\\/profile.php?id=61581826539670\",\"https:\\\/\\\/www.instagram.com\\\/animefigurer.se\\\/\"],\"email\":\"info@animefigurer.se\"}]}<\/script>\n<!-- \/ Yoast SEO Premium plugin. -->","yoast_head_json":{"title":"Honkai: Star Rail Nendoroid Sunday | Animefigurer.se","robots":{"index":"index","follow":"follow","max-snippet":"max-snippet:-1","max-image-preview":"max-image-preview:large","max-video-preview":"max-video-preview:-1"},"canonical":"https:\/\/animefigurer.se\/en\/figurer\/honkai-impact\/honkai-star-rail-nendoroid-sunday\/","og_locale":"en_GB","og_type":"article","og_title":"Honkai: Star Rail Nendoroid Sunday","og_description":"Fr\u00e5n Honkai: Star Rail kommer en Nendoroid av s\u00f6ndag! Framsidor: - Leende ansikte - Flinande ansikte - Argt ansikte Valfria delar: - S\u00f6ndagens tj\u00e4nare - Eko av bleknade dr\u00f6mmar - Bek\u00e4nnelseblad - Fler delar f\u00f6r olika poser","og_url":"https:\/\/animefigurer.se\/en\/figurer\/honkai-impact\/honkai-star-rail-nendoroid-sunday\/","og_site_name":"Animefigurer.se","article_publisher":"https:\/\/www.facebook.com\/profile.php?id=61581826539670","article_modified_time":"2025-12-21T18:30:18+00:00","og_image":[{"width":1890,"height":1417,"url":"https:\/\/animefigurer.se\/wp-content\/uploads\/2025\/12\/Animefigurer_logowhite.png","type":"image\/png"}],"twitter_card":"summary_large_image","schema":{"@context":"https:\/\/schema.org","@graph":[{"@type":"WebPage","@id":"https:\/\/animefigurer.se\/en\/figurer\/honkai-impact\/honkai-star-rail-nendoroid-sunday\/","url":"https:\/\/animefigurer.se\/en\/figurer\/honkai-impact\/honkai-star-rail-nendoroid-sunday\/","name":"Honkai: Star Rail Nendoroid Sunday | Animefigurer.se","isPartOf":{"@id":"https:\/\/animefigurer.se\/#website"},"primaryImageOfPage":{"@id":"https:\/\/animefigurer.se\/en\/figurer\/honkai-impact\/honkai-star-rail-nendoroid-sunday\/#primaryimage"},"image":{"@id":"https:\/\/animefigurer.se\/en\/figurer\/honkai-impact\/honkai-star-rail-nendoroid-sunday\/#primaryimage"},"thumbnailUrl":"https:\/\/animefigurer.se\/wp-content\/uploads\/2025\/10\/676a782739af0.jpeg","datePublished":"2025-10-20T21:01:47+00:00","dateModified":"2025-12-21T18:30:18+00:00","breadcrumb":{"@id":"https:\/\/animefigurer.se\/en\/figurer\/honkai-impact\/honkai-star-rail-nendoroid-sunday\/#breadcrumb"},"inLanguage":"en-GB","potentialAction":[{"@type":"ReadAction","target":["https:\/\/animefigurer.se\/en\/figurer\/honkai-impact\/honkai-star-rail-nendoroid-sunday\/"]}]},{"@type":"ImageObject","inLanguage":"en-GB","@id":"https:\/\/animefigurer.se\/en\/figurer\/honkai-impact\/honkai-star-rail-nendoroid-sunday\/#primaryimage","url":"https:\/\/animefigurer.se\/wp-content\/uploads\/2025\/10\/676a782739af0.jpeg","contentUrl":"https:\/\/animefigurer.se\/wp-content\/uploads\/2025\/10\/676a782739af0.jpeg","width":667,"height":1000},{"@type":"BreadcrumbList","@id":"https:\/\/animefigurer.se\/en\/figurer\/honkai-impact\/honkai-star-rail-nendoroid-sunday\/#breadcrumb","itemListElement":[{"@type":"ListItem","position":1,"name":"Home","item":"https:\/\/animefigurer.se\/"},{"@type":"ListItem","position":2,"name":"Butik","item":"https:\/\/animefigurer.se\/figurer\/"},{"@type":"ListItem","position":3,"name":"Honkai: Star Rail Nendoroid Sunday"}]},{"@type":"WebSite","@id":"https:\/\/animefigurer.se\/#website","url":"https:\/\/animefigurer.se\/","name":"Animefigurer.se","description":"Anime figures from over 300 different anime series with over 9000 products | Anime Shop","publisher":{"@id":"https:\/\/animefigurer.se\/#organization"},"potentialAction":[{"@type":"SearchAction","target":{"@type":"EntryPoint","urlTemplate":"https:\/\/animefigurer.se\/?s={search_term_string}"},"query-input":{"@type":"PropertyValueSpecification","valueRequired":true,"valueName":"search_term_string"}}],"inLanguage":"en-GB"},{"@type":"Organization","@id":"https:\/\/animefigurer.se\/#organization","name":"Animefigurer.se","alternateName":"Anime figurer | Anime shop","url":"https:\/\/animefigurer.se\/","logo":{"@type":"ImageObject","inLanguage":"en-GB","@id":"https:\/\/animefigurer.se\/#\/schema\/logo\/image\/","url":"https:\/\/animefigurer.se\/wp-content\/uploads\/2025\/12\/Animefigurer_logowhite.png","contentUrl":"https:\/\/animefigurer.se\/wp-content\/uploads\/2025\/12\/Animefigurer_logowhite.png","width":1890,"height":1417,"caption":"Animefigurer.se"},"image":{"@id":"https:\/\/animefigurer.se\/#\/schema\/logo\/image\/"},"sameAs":["https:\/\/www.facebook.com\/profile.php?id=61581826539670","https:\/\/www.instagram.com\/animefigurer.se\/"],"email":"info@animefigurer.se"}]}},"_links":{"self":[{"href":"https:\/\/animefigurer.se\/en\/wp-json\/wp\/v2\/product\/35690","targetHints":{"allow":["GET"]}}],"collection":[{"href":"https:\/\/animefigurer.se\/en\/wp-json\/wp\/v2\/product"}],"about":[{"href":"https:\/\/animefigurer.se\/en\/wp-json\/wp\/v2\/types\/product"}],"replies":[{"embeddable":true,"href":"https:\/\/animefigurer.se\/en\/wp-json\/wp\/v2\/comments?post=35690"}],"wp:featuredmedia":[{"embeddable":true,"href":"https:\/\/animefigurer.se\/en\/wp-json\/wp\/v2\/media\/35691"}],"wp:attachment":[{"href":"https:\/\/animefigurer.se\/en\/wp-json\/wp\/v2\/media?parent=35690"}],"wp:term":[{"taxonomy":"product_brand","embeddable":true,"href":"https:\/\/animefigurer.se\/en\/wp-json\/wp\/v2\/product_brand?post=35690"},{"taxonomy":"product_cat","embeddable":true,"href":"https:\/\/animefigurer.se\/en\/wp-json\/wp\/v2\/product_cat?post=35690"},{"taxonomy":"product_tag","embeddable":true,"href":"https:\/\/animefigurer.se\/en\/wp-json\/wp\/v2\/product_tag?post=35690"},{"taxonomy":"giftcard-category","embeddable":true,"href":"https:\/\/animefigurer.se\/en\/wp-json\/wp\/v2\/giftcard-category?post=35690"}],"curies":[{"name":"wp","href":"https:\/\/api.w.org\/{rel}","templated":true}]}}