{"id":34235,"date":"2025-10-20T21:04:06","date_gmt":"2025-10-20T19:04:06","guid":{"rendered":"https:\/\/animefigurer.se\/produkt\/hetalia-world-stars-nendoroid-doll-japan\/"},"modified":"2025-12-21T19:30:05","modified_gmt":"2025-12-21T18:30:05","slug":"hetalia-world-stars-nendoroid-doll-japan","status":"publish","type":"product","link":"https:\/\/animefigurer.se\/en\/figurer\/hetalia-world%e2%98%85stars\/hetalia-world-stars-nendoroid-doll-japan\/","title":{"rendered":"Hetalia World Stars Nendoroid Doll Japan"},"content":{"rendered":"<p>The Nendoroid Doll series gives regular Nendoroid heads doll-like, highly articulated bodies that can be easily dressed in a variety of outfits.<\/p>\n<p>Add this meticulously recreated version of Japan to your collection!<\/p>\n<p>\u2013 The skin tone of this Nendoroid Doll is a special color to match the original character.<\/p>\n<p>The set contains:<br \/>\n\u2013 Figure<br \/>\n\u2013 Jacket<br \/>\n\u2013 Pants<br \/>\n\u2013 Shoes (with magnets in the soles)<br \/>\n\u2013 Interchangeable hand parts<br \/>\n\u2013 Magnetic base (for magnetic soles)<\/p>\n<p>Note:<br \/>\n\u2013 Bonfire stand not included.<br \/>\n\u2013 Displaying clothing on the figure for an extended period of time may cause color transfer to the body part.<br \/>\n\u2013 Some Nendoroids, Nendoroid Dolls and clothing items may not be compatible with each other.<\/p>","protected":false},"excerpt":{"rendered":"<p>The Nendoroid Doll series gives regular Nendoroid heads doll-like, highly articulated bodies that can be easily dressed in a variety of outfits.<\/p>\n<p>Add this meticulously recreated version of Japan to your collection!<\/p>\n<p>\u2013 The skin tone of this Nendoroid Doll is a special color to match the original character<\/p>","protected":false},"featured_media":34236,"comment_status":"closed","ping_status":"open","template":"","meta":{"_acf_changed":false,"_monsterinsights_skip_tracking":false,"_monsterinsights_sitenote_active":false,"_monsterinsights_sitenote_note":"","_monsterinsights_sitenote_category":0},"product_brand":[7084],"product_cat":[2946,7233],"product_tag":[26],"giftcard-category":[],"class_list":{"0":"post-34235","1":"product","2":"type-product","3":"status-publish","4":"has-post-thumbnail","6":"product_brand-orange-rouge","7":"product_cat-hetalia-worldstars","8":"product_cat-pre-order","9":"product_tag-pre-order","10":"pa_franchise-hetalia-world-stars","11":"pa_karaktar-japan","12":"pa_material-plastic-and-fabric","13":"pa_produktserie-nendoroid-doll","14":"pa_storlek-14-cm","16":"first","17":"instock","18":"taxable","19":"shipping-taxable","20":"purchasable","21":"product-type-simple"},"acf":[],"yoast_head":"<!-- This site is optimized with the Yoast SEO Premium plugin v24.6 (Yoast SEO v27.4) - https:\/\/yoast.com\/product\/yoast-seo-premium-wordpress\/ -->\n<title>Hetalia World Stars Nendoroid Doll Japan | Animefigurer.se<\/title>\n<meta name=\"robots\" content=\"index, follow, max-snippet:-1, max-image-preview:large, max-video-preview:-1\" \/>\n<link rel=\"canonical\" href=\"https:\/\/animefigurer.se\/en\/figurer\/hetalia-world\u2605stars\/hetalia-world-stars-nendoroid-doll-japan\/\" \/>\n<meta property=\"og:locale\" content=\"en_GB\" \/>\n<meta property=\"og:type\" content=\"article\" \/>\n<meta property=\"og:title\" content=\"Hetalia World Stars Nendoroid Doll Japan\" \/>\n<meta property=\"og:description\" content=\"Nendoroid Doll-serien ger vanliga Nendoroid-huvuden till dockliknande, mycket artikulerade kroppar som enkelt kan kl\u00e4s i olika kl\u00e4der. L\u00e4gg till denna noggrant \u00e5terskapade version av Japan i din samling! - Hudtonen p\u00e5 denna Nendoroid Doll \u00e4r en s\u00e4rskild f\u00e4rg f\u00f6r att matcha den ursprungliga karakt\u00e4\" \/>\n<meta property=\"og:url\" content=\"https:\/\/animefigurer.se\/en\/figurer\/hetalia-world\u2605stars\/hetalia-world-stars-nendoroid-doll-japan\/\" \/>\n<meta property=\"og:site_name\" content=\"Animefigurer.se\" \/>\n<meta property=\"article:publisher\" content=\"https:\/\/www.facebook.com\/profile.php?id=61581826539670\" \/>\n<meta property=\"article:modified_time\" content=\"2025-12-21T18:30:05+00:00\" \/>\n<meta property=\"og:image\" content=\"https:\/\/animefigurer.se\/wp-content\/uploads\/2025\/12\/Animefigurer_logowhite.png\" \/>\n\t<meta property=\"og:image:width\" content=\"1890\" \/>\n\t<meta property=\"og:image:height\" content=\"1417\" \/>\n\t<meta property=\"og:image:type\" content=\"image\/png\" \/>\n<meta name=\"twitter:card\" content=\"summary_large_image\" \/>\n<meta name=\"twitter:label1\" content=\"Estimated reading time\" \/>\n\t<meta name=\"twitter:data1\" content=\"1 minute\" \/>\n<script type=\"application\/ld+json\" class=\"yoast-schema-graph\">{\"@context\":\"https:\\\/\\\/schema.org\",\"@graph\":[{\"@type\":\"WebPage\",\"@id\":\"https:\\\/\\\/animefigurer.se\\\/en\\\/figurer\\\/hetalia-world%e2%98%85stars\\\/hetalia-world-stars-nendoroid-doll-japan\\\/\",\"url\":\"https:\\\/\\\/animefigurer.se\\\/en\\\/figurer\\\/hetalia-world%e2%98%85stars\\\/hetalia-world-stars-nendoroid-doll-japan\\\/\",\"name\":\"Hetalia World Stars Nendoroid Doll Japan | Animefigurer.se\",\"isPartOf\":{\"@id\":\"https:\\\/\\\/animefigurer.se\\\/#website\"},\"primaryImageOfPage\":{\"@id\":\"https:\\\/\\\/animefigurer.se\\\/en\\\/figurer\\\/hetalia-world%e2%98%85stars\\\/hetalia-world-stars-nendoroid-doll-japan\\\/#primaryimage\"},\"image\":{\"@id\":\"https:\\\/\\\/animefigurer.se\\\/en\\\/figurer\\\/hetalia-world%e2%98%85stars\\\/hetalia-world-stars-nendoroid-doll-japan\\\/#primaryimage\"},\"thumbnailUrl\":\"https:\\\/\\\/animefigurer.se\\\/wp-content\\\/uploads\\\/2025\\\/10\\\/687124df34925.jpeg\",\"datePublished\":\"2025-10-20T19:04:06+00:00\",\"dateModified\":\"2025-12-21T18:30:05+00:00\",\"breadcrumb\":{\"@id\":\"https:\\\/\\\/animefigurer.se\\\/en\\\/figurer\\\/hetalia-world%e2%98%85stars\\\/hetalia-world-stars-nendoroid-doll-japan\\\/#breadcrumb\"},\"inLanguage\":\"en-GB\",\"potentialAction\":[{\"@type\":\"ReadAction\",\"target\":[\"https:\\\/\\\/animefigurer.se\\\/en\\\/figurer\\\/hetalia-world%e2%98%85stars\\\/hetalia-world-stars-nendoroid-doll-japan\\\/\"]}]},{\"@type\":\"ImageObject\",\"inLanguage\":\"en-GB\",\"@id\":\"https:\\\/\\\/animefigurer.se\\\/en\\\/figurer\\\/hetalia-world%e2%98%85stars\\\/hetalia-world-stars-nendoroid-doll-japan\\\/#primaryimage\",\"url\":\"https:\\\/\\\/animefigurer.se\\\/wp-content\\\/uploads\\\/2025\\\/10\\\/687124df34925.jpeg\",\"contentUrl\":\"https:\\\/\\\/animefigurer.se\\\/wp-content\\\/uploads\\\/2025\\\/10\\\/687124df34925.jpeg\",\"width\":1000,\"height\":750},{\"@type\":\"BreadcrumbList\",\"@id\":\"https:\\\/\\\/animefigurer.se\\\/en\\\/figurer\\\/hetalia-world%e2%98%85stars\\\/hetalia-world-stars-nendoroid-doll-japan\\\/#breadcrumb\",\"itemListElement\":[{\"@type\":\"ListItem\",\"position\":1,\"name\":\"Home\",\"item\":\"https:\\\/\\\/animefigurer.se\\\/\"},{\"@type\":\"ListItem\",\"position\":2,\"name\":\"Butik\",\"item\":\"https:\\\/\\\/animefigurer.se\\\/figurer\\\/\"},{\"@type\":\"ListItem\",\"position\":3,\"name\":\"Hetalia World Stars Nendoroid Doll Japan\"}]},{\"@type\":\"WebSite\",\"@id\":\"https:\\\/\\\/animefigurer.se\\\/#website\",\"url\":\"https:\\\/\\\/animefigurer.se\\\/\",\"name\":\"Animefigurer.se\",\"description\":\"Anime figurer fr\u00e5n \u00f6ver 300 olika anime serier med \u00f6ver 9000 produkter | Anime Shop\",\"publisher\":{\"@id\":\"https:\\\/\\\/animefigurer.se\\\/#organization\"},\"potentialAction\":[{\"@type\":\"SearchAction\",\"target\":{\"@type\":\"EntryPoint\",\"urlTemplate\":\"https:\\\/\\\/animefigurer.se\\\/?s={search_term_string}\"},\"query-input\":{\"@type\":\"PropertyValueSpecification\",\"valueRequired\":true,\"valueName\":\"search_term_string\"}}],\"inLanguage\":\"en-GB\"},{\"@type\":\"Organization\",\"@id\":\"https:\\\/\\\/animefigurer.se\\\/#organization\",\"name\":\"Animefigurer.se\",\"alternateName\":\"Anime figurer | Anime shop\",\"url\":\"https:\\\/\\\/animefigurer.se\\\/\",\"logo\":{\"@type\":\"ImageObject\",\"inLanguage\":\"en-GB\",\"@id\":\"https:\\\/\\\/animefigurer.se\\\/#\\\/schema\\\/logo\\\/image\\\/\",\"url\":\"https:\\\/\\\/animefigurer.se\\\/wp-content\\\/uploads\\\/2025\\\/12\\\/Animefigurer_logowhite.png\",\"contentUrl\":\"https:\\\/\\\/animefigurer.se\\\/wp-content\\\/uploads\\\/2025\\\/12\\\/Animefigurer_logowhite.png\",\"width\":1890,\"height\":1417,\"caption\":\"Animefigurer.se\"},\"image\":{\"@id\":\"https:\\\/\\\/animefigurer.se\\\/#\\\/schema\\\/logo\\\/image\\\/\"},\"sameAs\":[\"https:\\\/\\\/www.facebook.com\\\/profile.php?id=61581826539670\",\"https:\\\/\\\/www.instagram.com\\\/animefigurer.se\\\/\"],\"email\":\"info@animefigurer.se\"}]}<\/script>\n<!-- \/ Yoast SEO Premium plugin. -->","yoast_head_json":{"title":"Hetalia World Stars Nendoroid Doll Japan | Animefigurer.se","robots":{"index":"index","follow":"follow","max-snippet":"max-snippet:-1","max-image-preview":"max-image-preview:large","max-video-preview":"max-video-preview:-1"},"canonical":"https:\/\/animefigurer.se\/en\/figurer\/hetalia-world\u2605stars\/hetalia-world-stars-nendoroid-doll-japan\/","og_locale":"en_GB","og_type":"article","og_title":"Hetalia World Stars Nendoroid Doll Japan","og_description":"Nendoroid Doll-serien ger vanliga Nendoroid-huvuden till dockliknande, mycket artikulerade kroppar som enkelt kan kl\u00e4s i olika kl\u00e4der. L\u00e4gg till denna noggrant \u00e5terskapade version av Japan i din samling! - Hudtonen p\u00e5 denna Nendoroid Doll \u00e4r en s\u00e4rskild f\u00e4rg f\u00f6r att matcha den ursprungliga karakt\u00e4","og_url":"https:\/\/animefigurer.se\/en\/figurer\/hetalia-world\u2605stars\/hetalia-world-stars-nendoroid-doll-japan\/","og_site_name":"Animefigurer.se","article_publisher":"https:\/\/www.facebook.com\/profile.php?id=61581826539670","article_modified_time":"2025-12-21T18:30:05+00:00","og_image":[{"width":1890,"height":1417,"url":"https:\/\/animefigurer.se\/wp-content\/uploads\/2025\/12\/Animefigurer_logowhite.png","type":"image\/png"}],"twitter_card":"summary_large_image","twitter_misc":{"Estimated reading time":"1 minute"},"schema":{"@context":"https:\/\/schema.org","@graph":[{"@type":"WebPage","@id":"https:\/\/animefigurer.se\/en\/figurer\/hetalia-world%e2%98%85stars\/hetalia-world-stars-nendoroid-doll-japan\/","url":"https:\/\/animefigurer.se\/en\/figurer\/hetalia-world%e2%98%85stars\/hetalia-world-stars-nendoroid-doll-japan\/","name":"Hetalia World Stars Nendoroid Doll Japan | Animefigurer.se","isPartOf":{"@id":"https:\/\/animefigurer.se\/#website"},"primaryImageOfPage":{"@id":"https:\/\/animefigurer.se\/en\/figurer\/hetalia-world%e2%98%85stars\/hetalia-world-stars-nendoroid-doll-japan\/#primaryimage"},"image":{"@id":"https:\/\/animefigurer.se\/en\/figurer\/hetalia-world%e2%98%85stars\/hetalia-world-stars-nendoroid-doll-japan\/#primaryimage"},"thumbnailUrl":"https:\/\/animefigurer.se\/wp-content\/uploads\/2025\/10\/687124df34925.jpeg","datePublished":"2025-10-20T19:04:06+00:00","dateModified":"2025-12-21T18:30:05+00:00","breadcrumb":{"@id":"https:\/\/animefigurer.se\/en\/figurer\/hetalia-world%e2%98%85stars\/hetalia-world-stars-nendoroid-doll-japan\/#breadcrumb"},"inLanguage":"en-GB","potentialAction":[{"@type":"ReadAction","target":["https:\/\/animefigurer.se\/en\/figurer\/hetalia-world%e2%98%85stars\/hetalia-world-stars-nendoroid-doll-japan\/"]}]},{"@type":"ImageObject","inLanguage":"en-GB","@id":"https:\/\/animefigurer.se\/en\/figurer\/hetalia-world%e2%98%85stars\/hetalia-world-stars-nendoroid-doll-japan\/#primaryimage","url":"https:\/\/animefigurer.se\/wp-content\/uploads\/2025\/10\/687124df34925.jpeg","contentUrl":"https:\/\/animefigurer.se\/wp-content\/uploads\/2025\/10\/687124df34925.jpeg","width":1000,"height":750},{"@type":"BreadcrumbList","@id":"https:\/\/animefigurer.se\/en\/figurer\/hetalia-world%e2%98%85stars\/hetalia-world-stars-nendoroid-doll-japan\/#breadcrumb","itemListElement":[{"@type":"ListItem","position":1,"name":"Home","item":"https:\/\/animefigurer.se\/"},{"@type":"ListItem","position":2,"name":"Butik","item":"https:\/\/animefigurer.se\/figurer\/"},{"@type":"ListItem","position":3,"name":"Hetalia World Stars Nendoroid Doll Japan"}]},{"@type":"WebSite","@id":"https:\/\/animefigurer.se\/#website","url":"https:\/\/animefigurer.se\/","name":"Animefigurer.se","description":"Anime figures from over 300 different anime series with over 9000 products | Anime Shop","publisher":{"@id":"https:\/\/animefigurer.se\/#organization"},"potentialAction":[{"@type":"SearchAction","target":{"@type":"EntryPoint","urlTemplate":"https:\/\/animefigurer.se\/?s={search_term_string}"},"query-input":{"@type":"PropertyValueSpecification","valueRequired":true,"valueName":"search_term_string"}}],"inLanguage":"en-GB"},{"@type":"Organization","@id":"https:\/\/animefigurer.se\/#organization","name":"Animefigurer.se","alternateName":"Anime figurer | Anime shop","url":"https:\/\/animefigurer.se\/","logo":{"@type":"ImageObject","inLanguage":"en-GB","@id":"https:\/\/animefigurer.se\/#\/schema\/logo\/image\/","url":"https:\/\/animefigurer.se\/wp-content\/uploads\/2025\/12\/Animefigurer_logowhite.png","contentUrl":"https:\/\/animefigurer.se\/wp-content\/uploads\/2025\/12\/Animefigurer_logowhite.png","width":1890,"height":1417,"caption":"Animefigurer.se"},"image":{"@id":"https:\/\/animefigurer.se\/#\/schema\/logo\/image\/"},"sameAs":["https:\/\/www.facebook.com\/profile.php?id=61581826539670","https:\/\/www.instagram.com\/animefigurer.se\/"],"email":"info@animefigurer.se"}]}},"_links":{"self":[{"href":"https:\/\/animefigurer.se\/en\/wp-json\/wp\/v2\/product\/34235","targetHints":{"allow":["GET"]}}],"collection":[{"href":"https:\/\/animefigurer.se\/en\/wp-json\/wp\/v2\/product"}],"about":[{"href":"https:\/\/animefigurer.se\/en\/wp-json\/wp\/v2\/types\/product"}],"replies":[{"embeddable":true,"href":"https:\/\/animefigurer.se\/en\/wp-json\/wp\/v2\/comments?post=34235"}],"wp:featuredmedia":[{"embeddable":true,"href":"https:\/\/animefigurer.se\/en\/wp-json\/wp\/v2\/media\/34236"}],"wp:attachment":[{"href":"https:\/\/animefigurer.se\/en\/wp-json\/wp\/v2\/media?parent=34235"}],"wp:term":[{"taxonomy":"product_brand","embeddable":true,"href":"https:\/\/animefigurer.se\/en\/wp-json\/wp\/v2\/product_brand?post=34235"},{"taxonomy":"product_cat","embeddable":true,"href":"https:\/\/animefigurer.se\/en\/wp-json\/wp\/v2\/product_cat?post=34235"},{"taxonomy":"product_tag","embeddable":true,"href":"https:\/\/animefigurer.se\/en\/wp-json\/wp\/v2\/product_tag?post=34235"},{"taxonomy":"giftcard-category","embeddable":true,"href":"https:\/\/animefigurer.se\/en\/wp-json\/wp\/v2\/giftcard-category?post=34235"}],"curies":[{"name":"wp","href":"https:\/\/api.w.org\/{rel}","templated":true}]}}