{"id":34195,"date":"2025-10-20T21:03:28","date_gmt":"2025-10-20T19:03:28","guid":{"rendered":"https:\/\/animefigurer.se\/produkt\/helluva-boss-fizz-vinyl-figure\/"},"modified":"2025-12-21T19:30:05","modified_gmt":"2025-12-21T18:30:05","slug":"helluva-boss-fizz-vinyl-figure","status":"publish","type":"product","link":"https:\/\/animefigurer.se\/en\/figurer\/helluva-boss\/helluva-boss-fizz-vinyl-figure\/","title":{"rendered":"Helluva Boss Fizz Vinyl Figure"},"content":{"rendered":"<p>Fizz makes a grand entrance at Youtooz! The figure stands 4.8 inches tall with one leg kicked up behind him and his arms wrapped around a manic smiling face with glowing green eyes and a heart on his forehead. Two thickly striped tips from his jester hat hang down, and some balls lie at his feet. He wears a colorful outfit in purple, pink, green and yellow; bells dangle from the tips of his black collar and hearts line his waist above striped pants. A long pointed tail wraps around the front.<\/p>\n<p>The outer packaging features a light purple silhouette against a dark background, while the inside is surrounded by pink and yellow stripes reminiscent of worn wallpaper. The protective sleeve is patterned with diagonal pink and black stripes and is printed with the Helluva Boss logo. The figure is visible through the large clear display window and comes in a matte, embossed outer sleeve and custom-shaped plastic protector for maximum shipping protection.<\/p>","protected":false},"excerpt":{"rendered":"<p>Fizz makes a grand entrance at Youtooz! The figure stands 4.8 inches tall with one leg kicked up behind him and his arms wrapped around a manic smiling face with glowing green eyes and a heart on his forehead. Two thickly striped tips from his jester&#039;s hat hang down, and some balls lie at his feet. He be<\/p>","protected":false},"featured_media":34196,"comment_status":"closed","ping_status":"open","template":"","meta":{"_acf_changed":false,"_monsterinsights_skip_tracking":false,"_monsterinsights_sitenote_active":false,"_monsterinsights_sitenote_note":"","_monsterinsights_sitenote_category":0},"product_brand":[7189],"product_cat":[2928,7233],"product_tag":[26],"giftcard-category":[],"class_list":{"0":"post-34195","1":"product","2":"type-product","3":"status-publish","4":"has-post-thumbnail","6":"product_brand-youtooz","7":"product_cat-helluva-boss","8":"product_cat-pre-order","9":"product_tag-pre-order","10":"pa_franchise-helluva-boss","11":"pa_karaktar-fizz","12":"pa_material-vinyl","13":"pa_storlek-12-cm","15":"first","16":"instock","17":"taxable","18":"shipping-taxable","19":"purchasable","20":"product-type-simple"},"acf":[],"yoast_head":"<!-- This site is optimized with the Yoast SEO Premium plugin v24.6 (Yoast SEO v27.3) - https:\/\/yoast.com\/product\/yoast-seo-premium-wordpress\/ -->\n<title>Helluva Boss Fizz Vinyl Figure | Animefigurer.se<\/title>\n<meta name=\"robots\" content=\"index, follow, max-snippet:-1, max-image-preview:large, max-video-preview:-1\" \/>\n<link rel=\"canonical\" href=\"https:\/\/animefigurer.se\/en\/figurer\/helluva-boss\/helluva-boss-fizz-vinyl-figure\/\" \/>\n<meta property=\"og:locale\" content=\"en_GB\" \/>\n<meta property=\"og:type\" content=\"article\" \/>\n<meta property=\"og:title\" content=\"Helluva Boss Fizz Vinyl Figure\" \/>\n<meta property=\"og:description\" content=\"Fizz g\u00f6r en storslagen entr\u00e9 hos Youtooz! Figuren st\u00e5r 4,8 tum h\u00f6g med ett ben sparkat upp bakom sig och armarna kring ett maniskt leende ansikte med gl\u00f6dande gr\u00f6na \u00f6gon och ett hj\u00e4rta i pannan. Tv\u00e5 tjockt randiga spetsar fr\u00e5n gycklarhatten h\u00e4nger ner, och n\u00e5gra bollar ligger vid hans f\u00f6tter. Han b\u00e4\" \/>\n<meta property=\"og:url\" content=\"https:\/\/animefigurer.se\/en\/figurer\/helluva-boss\/helluva-boss-fizz-vinyl-figure\/\" \/>\n<meta property=\"og:site_name\" content=\"Animefigurer.se\" \/>\n<meta property=\"article:publisher\" content=\"https:\/\/www.facebook.com\/profile.php?id=61581826539670\" \/>\n<meta property=\"article:modified_time\" content=\"2025-12-21T18:30:05+00:00\" \/>\n<meta property=\"og:image\" content=\"https:\/\/animefigurer.se\/wp-content\/uploads\/2025\/12\/Animefigurer_logowhite.png\" \/>\n\t<meta property=\"og:image:width\" content=\"1890\" \/>\n\t<meta property=\"og:image:height\" content=\"1417\" \/>\n\t<meta property=\"og:image:type\" content=\"image\/png\" \/>\n<meta name=\"twitter:card\" content=\"summary_large_image\" \/>\n<meta name=\"twitter:label1\" content=\"Estimated reading time\" \/>\n\t<meta name=\"twitter:data1\" content=\"1 minute\" \/>\n<script type=\"application\/ld+json\" class=\"yoast-schema-graph\">{\"@context\":\"https:\\\/\\\/schema.org\",\"@graph\":[{\"@type\":\"WebPage\",\"@id\":\"https:\\\/\\\/animefigurer.se\\\/en\\\/figurer\\\/helluva-boss\\\/helluva-boss-fizz-vinyl-figure\\\/\",\"url\":\"https:\\\/\\\/animefigurer.se\\\/en\\\/figurer\\\/helluva-boss\\\/helluva-boss-fizz-vinyl-figure\\\/\",\"name\":\"Helluva Boss Fizz Vinyl Figure | Animefigurer.se\",\"isPartOf\":{\"@id\":\"https:\\\/\\\/animefigurer.se\\\/#website\"},\"primaryImageOfPage\":{\"@id\":\"https:\\\/\\\/animefigurer.se\\\/en\\\/figurer\\\/helluva-boss\\\/helluva-boss-fizz-vinyl-figure\\\/#primaryimage\"},\"image\":{\"@id\":\"https:\\\/\\\/animefigurer.se\\\/en\\\/figurer\\\/helluva-boss\\\/helluva-boss-fizz-vinyl-figure\\\/#primaryimage\"},\"thumbnailUrl\":\"https:\\\/\\\/animefigurer.se\\\/wp-content\\\/uploads\\\/2025\\\/10\\\/66585ae7890fa.jpeg\",\"datePublished\":\"2025-10-20T19:03:28+00:00\",\"dateModified\":\"2025-12-21T18:30:05+00:00\",\"breadcrumb\":{\"@id\":\"https:\\\/\\\/animefigurer.se\\\/en\\\/figurer\\\/helluva-boss\\\/helluva-boss-fizz-vinyl-figure\\\/#breadcrumb\"},\"inLanguage\":\"en-GB\",\"potentialAction\":[{\"@type\":\"ReadAction\",\"target\":[\"https:\\\/\\\/animefigurer.se\\\/en\\\/figurer\\\/helluva-boss\\\/helluva-boss-fizz-vinyl-figure\\\/\"]}]},{\"@type\":\"ImageObject\",\"inLanguage\":\"en-GB\",\"@id\":\"https:\\\/\\\/animefigurer.se\\\/en\\\/figurer\\\/helluva-boss\\\/helluva-boss-fizz-vinyl-figure\\\/#primaryimage\",\"url\":\"https:\\\/\\\/animefigurer.se\\\/wp-content\\\/uploads\\\/2025\\\/10\\\/66585ae7890fa.jpeg\",\"contentUrl\":\"https:\\\/\\\/animefigurer.se\\\/wp-content\\\/uploads\\\/2025\\\/10\\\/66585ae7890fa.jpeg\",\"width\":720,\"height\":540},{\"@type\":\"BreadcrumbList\",\"@id\":\"https:\\\/\\\/animefigurer.se\\\/en\\\/figurer\\\/helluva-boss\\\/helluva-boss-fizz-vinyl-figure\\\/#breadcrumb\",\"itemListElement\":[{\"@type\":\"ListItem\",\"position\":1,\"name\":\"Home\",\"item\":\"https:\\\/\\\/animefigurer.se\\\/\"},{\"@type\":\"ListItem\",\"position\":2,\"name\":\"Butik\",\"item\":\"https:\\\/\\\/animefigurer.se\\\/figurer\\\/\"},{\"@type\":\"ListItem\",\"position\":3,\"name\":\"Helluva Boss Fizz Vinyl Figure\"}]},{\"@type\":\"WebSite\",\"@id\":\"https:\\\/\\\/animefigurer.se\\\/#website\",\"url\":\"https:\\\/\\\/animefigurer.se\\\/\",\"name\":\"Animefigurer.se\",\"description\":\"Anime figurer fr\u00e5n \u00f6ver 300 olika anime serier med \u00f6ver 9000 produkter | Anime Shop\",\"publisher\":{\"@id\":\"https:\\\/\\\/animefigurer.se\\\/#organization\"},\"potentialAction\":[{\"@type\":\"SearchAction\",\"target\":{\"@type\":\"EntryPoint\",\"urlTemplate\":\"https:\\\/\\\/animefigurer.se\\\/?s={search_term_string}\"},\"query-input\":{\"@type\":\"PropertyValueSpecification\",\"valueRequired\":true,\"valueName\":\"search_term_string\"}}],\"inLanguage\":\"en-GB\"},{\"@type\":\"Organization\",\"@id\":\"https:\\\/\\\/animefigurer.se\\\/#organization\",\"name\":\"Animefigurer.se\",\"alternateName\":\"Anime figurer | Anime shop\",\"url\":\"https:\\\/\\\/animefigurer.se\\\/\",\"logo\":{\"@type\":\"ImageObject\",\"inLanguage\":\"en-GB\",\"@id\":\"https:\\\/\\\/animefigurer.se\\\/#\\\/schema\\\/logo\\\/image\\\/\",\"url\":\"https:\\\/\\\/animefigurer.se\\\/wp-content\\\/uploads\\\/2025\\\/12\\\/Animefigurer_logowhite.png\",\"contentUrl\":\"https:\\\/\\\/animefigurer.se\\\/wp-content\\\/uploads\\\/2025\\\/12\\\/Animefigurer_logowhite.png\",\"width\":1890,\"height\":1417,\"caption\":\"Animefigurer.se\"},\"image\":{\"@id\":\"https:\\\/\\\/animefigurer.se\\\/#\\\/schema\\\/logo\\\/image\\\/\"},\"sameAs\":[\"https:\\\/\\\/www.facebook.com\\\/profile.php?id=61581826539670\",\"https:\\\/\\\/www.instagram.com\\\/animefigurer.se\\\/\"],\"email\":\"info@animefigurer.se\"}]}<\/script>\n<!-- \/ Yoast SEO Premium plugin. -->","yoast_head_json":{"title":"Helluva Boss Fizz Vinyl Figure | Animefigurer.se","robots":{"index":"index","follow":"follow","max-snippet":"max-snippet:-1","max-image-preview":"max-image-preview:large","max-video-preview":"max-video-preview:-1"},"canonical":"https:\/\/animefigurer.se\/en\/figurer\/helluva-boss\/helluva-boss-fizz-vinyl-figure\/","og_locale":"en_GB","og_type":"article","og_title":"Helluva Boss Fizz Vinyl Figure","og_description":"Fizz g\u00f6r en storslagen entr\u00e9 hos Youtooz! Figuren st\u00e5r 4,8 tum h\u00f6g med ett ben sparkat upp bakom sig och armarna kring ett maniskt leende ansikte med gl\u00f6dande gr\u00f6na \u00f6gon och ett hj\u00e4rta i pannan. Tv\u00e5 tjockt randiga spetsar fr\u00e5n gycklarhatten h\u00e4nger ner, och n\u00e5gra bollar ligger vid hans f\u00f6tter. Han b\u00e4","og_url":"https:\/\/animefigurer.se\/en\/figurer\/helluva-boss\/helluva-boss-fizz-vinyl-figure\/","og_site_name":"Animefigurer.se","article_publisher":"https:\/\/www.facebook.com\/profile.php?id=61581826539670","article_modified_time":"2025-12-21T18:30:05+00:00","og_image":[{"width":1890,"height":1417,"url":"https:\/\/animefigurer.se\/wp-content\/uploads\/2025\/12\/Animefigurer_logowhite.png","type":"image\/png"}],"twitter_card":"summary_large_image","twitter_misc":{"Estimated reading time":"1 minute"},"schema":{"@context":"https:\/\/schema.org","@graph":[{"@type":"WebPage","@id":"https:\/\/animefigurer.se\/en\/figurer\/helluva-boss\/helluva-boss-fizz-vinyl-figure\/","url":"https:\/\/animefigurer.se\/en\/figurer\/helluva-boss\/helluva-boss-fizz-vinyl-figure\/","name":"Helluva Boss Fizz Vinyl Figure | Animefigurer.se","isPartOf":{"@id":"https:\/\/animefigurer.se\/#website"},"primaryImageOfPage":{"@id":"https:\/\/animefigurer.se\/en\/figurer\/helluva-boss\/helluva-boss-fizz-vinyl-figure\/#primaryimage"},"image":{"@id":"https:\/\/animefigurer.se\/en\/figurer\/helluva-boss\/helluva-boss-fizz-vinyl-figure\/#primaryimage"},"thumbnailUrl":"https:\/\/animefigurer.se\/wp-content\/uploads\/2025\/10\/66585ae7890fa.jpeg","datePublished":"2025-10-20T19:03:28+00:00","dateModified":"2025-12-21T18:30:05+00:00","breadcrumb":{"@id":"https:\/\/animefigurer.se\/en\/figurer\/helluva-boss\/helluva-boss-fizz-vinyl-figure\/#breadcrumb"},"inLanguage":"en-GB","potentialAction":[{"@type":"ReadAction","target":["https:\/\/animefigurer.se\/en\/figurer\/helluva-boss\/helluva-boss-fizz-vinyl-figure\/"]}]},{"@type":"ImageObject","inLanguage":"en-GB","@id":"https:\/\/animefigurer.se\/en\/figurer\/helluva-boss\/helluva-boss-fizz-vinyl-figure\/#primaryimage","url":"https:\/\/animefigurer.se\/wp-content\/uploads\/2025\/10\/66585ae7890fa.jpeg","contentUrl":"https:\/\/animefigurer.se\/wp-content\/uploads\/2025\/10\/66585ae7890fa.jpeg","width":720,"height":540},{"@type":"BreadcrumbList","@id":"https:\/\/animefigurer.se\/en\/figurer\/helluva-boss\/helluva-boss-fizz-vinyl-figure\/#breadcrumb","itemListElement":[{"@type":"ListItem","position":1,"name":"Home","item":"https:\/\/animefigurer.se\/"},{"@type":"ListItem","position":2,"name":"Butik","item":"https:\/\/animefigurer.se\/figurer\/"},{"@type":"ListItem","position":3,"name":"Helluva Boss Fizz Vinyl Figure"}]},{"@type":"WebSite","@id":"https:\/\/animefigurer.se\/#website","url":"https:\/\/animefigurer.se\/","name":"Animefigurer.se","description":"Anime figures from over 300 different anime series with over 9000 products | Anime Shop","publisher":{"@id":"https:\/\/animefigurer.se\/#organization"},"potentialAction":[{"@type":"SearchAction","target":{"@type":"EntryPoint","urlTemplate":"https:\/\/animefigurer.se\/?s={search_term_string}"},"query-input":{"@type":"PropertyValueSpecification","valueRequired":true,"valueName":"search_term_string"}}],"inLanguage":"en-GB"},{"@type":"Organization","@id":"https:\/\/animefigurer.se\/#organization","name":"Animefigurer.se","alternateName":"Anime figurer | Anime shop","url":"https:\/\/animefigurer.se\/","logo":{"@type":"ImageObject","inLanguage":"en-GB","@id":"https:\/\/animefigurer.se\/#\/schema\/logo\/image\/","url":"https:\/\/animefigurer.se\/wp-content\/uploads\/2025\/12\/Animefigurer_logowhite.png","contentUrl":"https:\/\/animefigurer.se\/wp-content\/uploads\/2025\/12\/Animefigurer_logowhite.png","width":1890,"height":1417,"caption":"Animefigurer.se"},"image":{"@id":"https:\/\/animefigurer.se\/#\/schema\/logo\/image\/"},"sameAs":["https:\/\/www.facebook.com\/profile.php?id=61581826539670","https:\/\/www.instagram.com\/animefigurer.se\/"],"email":"info@animefigurer.se"}]}},"_links":{"self":[{"href":"https:\/\/animefigurer.se\/en\/wp-json\/wp\/v2\/product\/34195","targetHints":{"allow":["GET"]}}],"collection":[{"href":"https:\/\/animefigurer.se\/en\/wp-json\/wp\/v2\/product"}],"about":[{"href":"https:\/\/animefigurer.se\/en\/wp-json\/wp\/v2\/types\/product"}],"replies":[{"embeddable":true,"href":"https:\/\/animefigurer.se\/en\/wp-json\/wp\/v2\/comments?post=34195"}],"wp:featuredmedia":[{"embeddable":true,"href":"https:\/\/animefigurer.se\/en\/wp-json\/wp\/v2\/media\/34196"}],"wp:attachment":[{"href":"https:\/\/animefigurer.se\/en\/wp-json\/wp\/v2\/media?parent=34195"}],"wp:term":[{"taxonomy":"product_brand","embeddable":true,"href":"https:\/\/animefigurer.se\/en\/wp-json\/wp\/v2\/product_brand?post=34195"},{"taxonomy":"product_cat","embeddable":true,"href":"https:\/\/animefigurer.se\/en\/wp-json\/wp\/v2\/product_cat?post=34195"},{"taxonomy":"product_tag","embeddable":true,"href":"https:\/\/animefigurer.se\/en\/wp-json\/wp\/v2\/product_tag?post=34195"},{"taxonomy":"giftcard-category","embeddable":true,"href":"https:\/\/animefigurer.se\/en\/wp-json\/wp\/v2\/giftcard-category?post=34195"}],"curies":[{"name":"wp","href":"https:\/\/api.w.org\/{rel}","templated":true}]}}