{"id":34076,"date":"2025-10-20T21:02:00","date_gmt":"2025-10-20T19:02:00","guid":{"rendered":"https:\/\/animefigurer.se\/produkt\/hells-paradise-jigokuraku-fnex-gabimaru\/"},"modified":"2026-04-10T14:26:13","modified_gmt":"2026-04-10T12:26:13","slug":"hells-paradise-jigokuraku-fnex-gabimaru","status":"publish","type":"product","link":"https:\/\/animefigurer.se\/en\/figurer\/hells-paradise-jigokuraku\/hells-paradise-jigokuraku-fnex-gabimaru\/","title":{"rendered":"Hell&#039;s Paradise: Jigokuraku F: Nex Gabimaru"},"content":{"rendered":"<p>From the new anime version of Hell&#039;s Paradise: Jigokuraku, FuRyu has created a figure of the main character Gabimaru. His flowing hair and intense gaze are accurately reproduced, as are the movement of the lifelike fabric, wrinkles, and accessories such as obi and tabi socks.<\/p>\n<p>The hiboshi effect on the right hand uses translucent parts for a spectacular visual effect. The figure stands on a pedestal that alludes to the world and atmosphere of the work. An impressive addition to your collection for fans of the series!<\/p>","protected":false},"excerpt":{"rendered":"<p>From the new anime version of Hell&#039;s Paradise: Jigokuraku, FuRyu has created a figure of the main character Gabimaru. His flowing hair and intense gaze are accurately reproduced, as are the movement of the lifelike fabric, wrinkles, and accessories such as obi and tabi socks.<\/p>\n<p>The Hiboshi effect on the right hand uses through-ski<\/p>","protected":false},"featured_media":34077,"comment_status":"closed","ping_status":"open","template":"","meta":{"_acf_changed":false,"_monsterinsights_skip_tracking":false,"_monsterinsights_sitenote_active":false,"_monsterinsights_sitenote_note":"","_monsterinsights_sitenote_category":0},"product_brand":[6994],"product_cat":[2913],"product_tag":[24],"giftcard-category":[],"class_list":{"0":"post-34076","1":"product","2":"type-product","3":"status-publish","4":"has-post-thumbnail","6":"product_brand-furyu","7":"product_cat-hells-paradise-jigokuraku","8":"product_tag-2-3-weeks","9":"pa_franchise-hells-paradise-jigokuraku","10":"pa_karaktar-gabimaru","11":"pa_material-pvc-abs","12":"pa_produktserie-fnex","13":"pa_storlek-20-cm","15":"first","16":"instock","17":"taxable","18":"shipping-taxable","19":"purchasable","20":"product-type-simple"},"acf":[],"yoast_head":"<!-- This site is optimized with the Yoast SEO Premium plugin v24.6 (Yoast SEO v27.3) - https:\/\/yoast.com\/product\/yoast-seo-premium-wordpress\/ -->\n<title>Hell&#039;s Paradise: Jigokuraku F:Nex Gabimaru | Animefigurer.se<\/title>\n<meta name=\"robots\" content=\"index, follow, max-snippet:-1, max-image-preview:large, max-video-preview:-1\" \/>\n<link rel=\"canonical\" href=\"https:\/\/animefigurer.se\/en\/figurer\/hells-paradise-jigokuraku\/hells-paradise-jigokuraku-fnex-gabimaru\/\" \/>\n<meta property=\"og:locale\" content=\"en_GB\" \/>\n<meta property=\"og:type\" content=\"article\" \/>\n<meta property=\"og:title\" content=\"Hell&#039;s Paradise: Jigokuraku F:Nex Gabimaru\" \/>\n<meta property=\"og:description\" content=\"Fr\u00e5n den nya animeversionen av Hell&#039;s Paradise: Jigokuraku har FuRyu skapat en figur av huvudpersonen Gabimaru. H\u00e5ret som fladdrar och hans intensiva blick \u00e5terges noggrant, liksom livstygets r\u00f6relse, rynkor och accessoarer som obi och tabi-strumpor. Hiboshi-effekten p\u00e5 h\u00f6ger hand anv\u00e4nder genomski\" \/>\n<meta property=\"og:url\" content=\"https:\/\/animefigurer.se\/en\/figurer\/hells-paradise-jigokuraku\/hells-paradise-jigokuraku-fnex-gabimaru\/\" \/>\n<meta property=\"og:site_name\" content=\"Animefigurer.se\" \/>\n<meta property=\"article:publisher\" content=\"https:\/\/www.facebook.com\/profile.php?id=61581826539670\" \/>\n<meta property=\"article:modified_time\" content=\"2026-04-10T12:26:13+00:00\" \/>\n<meta property=\"og:image\" content=\"https:\/\/animefigurer.se\/wp-content\/uploads\/2025\/12\/Animefigurer_logowhite.png\" \/>\n\t<meta property=\"og:image:width\" content=\"1890\" \/>\n\t<meta property=\"og:image:height\" content=\"1417\" \/>\n\t<meta property=\"og:image:type\" content=\"image\/png\" \/>\n<meta name=\"twitter:card\" content=\"summary_large_image\" \/>\n<script type=\"application\/ld+json\" class=\"yoast-schema-graph\">{\"@context\":\"https:\\\/\\\/schema.org\",\"@graph\":[{\"@type\":\"WebPage\",\"@id\":\"https:\\\/\\\/animefigurer.se\\\/figurer\\\/hells-paradise-jigokuraku\\\/hells-paradise-jigokuraku-fnex-gabimaru\\\/\",\"url\":\"https:\\\/\\\/animefigurer.se\\\/figurer\\\/hells-paradise-jigokuraku\\\/hells-paradise-jigokuraku-fnex-gabimaru\\\/\",\"name\":\"Hell's Paradise: Jigokuraku F:Nex Gabimaru | Animefigurer.se\",\"isPartOf\":{\"@id\":\"https:\\\/\\\/animefigurer.se\\\/#website\"},\"primaryImageOfPage\":{\"@id\":\"https:\\\/\\\/animefigurer.se\\\/figurer\\\/hells-paradise-jigokuraku\\\/hells-paradise-jigokuraku-fnex-gabimaru\\\/#primaryimage\"},\"image\":{\"@id\":\"https:\\\/\\\/animefigurer.se\\\/figurer\\\/hells-paradise-jigokuraku\\\/hells-paradise-jigokuraku-fnex-gabimaru\\\/#primaryimage\"},\"thumbnailUrl\":\"https:\\\/\\\/animefigurer.se\\\/wp-content\\\/uploads\\\/2025\\\/10\\\/645163907801d.jpeg\",\"datePublished\":\"2025-10-20T19:02:00+00:00\",\"dateModified\":\"2026-04-10T12:26:13+00:00\",\"breadcrumb\":{\"@id\":\"https:\\\/\\\/animefigurer.se\\\/figurer\\\/hells-paradise-jigokuraku\\\/hells-paradise-jigokuraku-fnex-gabimaru\\\/#breadcrumb\"},\"inLanguage\":\"en-GB\",\"potentialAction\":[{\"@type\":\"ReadAction\",\"target\":[\"https:\\\/\\\/animefigurer.se\\\/figurer\\\/hells-paradise-jigokuraku\\\/hells-paradise-jigokuraku-fnex-gabimaru\\\/\"]}]},{\"@type\":\"ImageObject\",\"inLanguage\":\"en-GB\",\"@id\":\"https:\\\/\\\/animefigurer.se\\\/figurer\\\/hells-paradise-jigokuraku\\\/hells-paradise-jigokuraku-fnex-gabimaru\\\/#primaryimage\",\"url\":\"https:\\\/\\\/animefigurer.se\\\/wp-content\\\/uploads\\\/2025\\\/10\\\/645163907801d.jpeg\",\"contentUrl\":\"https:\\\/\\\/animefigurer.se\\\/wp-content\\\/uploads\\\/2025\\\/10\\\/645163907801d.jpeg\",\"width\":720,\"height\":540},{\"@type\":\"BreadcrumbList\",\"@id\":\"https:\\\/\\\/animefigurer.se\\\/figurer\\\/hells-paradise-jigokuraku\\\/hells-paradise-jigokuraku-fnex-gabimaru\\\/#breadcrumb\",\"itemListElement\":[{\"@type\":\"ListItem\",\"position\":1,\"name\":\"Home\",\"item\":\"https:\\\/\\\/animefigurer.se\\\/\"},{\"@type\":\"ListItem\",\"position\":2,\"name\":\"Butik\",\"item\":\"https:\\\/\\\/animefigurer.se\\\/figurer\\\/\"},{\"@type\":\"ListItem\",\"position\":3,\"name\":\"Hell&#8217;s Paradise: Jigokuraku F:Nex Gabimaru\"}]},{\"@type\":\"WebSite\",\"@id\":\"https:\\\/\\\/animefigurer.se\\\/#website\",\"url\":\"https:\\\/\\\/animefigurer.se\\\/\",\"name\":\"Animefigurer.se\",\"description\":\"Anime figurer fr\u00e5n \u00f6ver 300 olika anime serier med \u00f6ver 9000 produkter | Anime Shop\",\"publisher\":{\"@id\":\"https:\\\/\\\/animefigurer.se\\\/#organization\"},\"potentialAction\":[{\"@type\":\"SearchAction\",\"target\":{\"@type\":\"EntryPoint\",\"urlTemplate\":\"https:\\\/\\\/animefigurer.se\\\/?s={search_term_string}\"},\"query-input\":{\"@type\":\"PropertyValueSpecification\",\"valueRequired\":true,\"valueName\":\"search_term_string\"}}],\"inLanguage\":\"en-GB\"},{\"@type\":\"Organization\",\"@id\":\"https:\\\/\\\/animefigurer.se\\\/#organization\",\"name\":\"Animefigurer.se\",\"alternateName\":\"Anime figurer | Anime shop\",\"url\":\"https:\\\/\\\/animefigurer.se\\\/\",\"logo\":{\"@type\":\"ImageObject\",\"inLanguage\":\"en-GB\",\"@id\":\"https:\\\/\\\/animefigurer.se\\\/#\\\/schema\\\/logo\\\/image\\\/\",\"url\":\"https:\\\/\\\/animefigurer.se\\\/wp-content\\\/uploads\\\/2025\\\/12\\\/Animefigurer_logowhite.png\",\"contentUrl\":\"https:\\\/\\\/animefigurer.se\\\/wp-content\\\/uploads\\\/2025\\\/12\\\/Animefigurer_logowhite.png\",\"width\":1890,\"height\":1417,\"caption\":\"Animefigurer.se\"},\"image\":{\"@id\":\"https:\\\/\\\/animefigurer.se\\\/#\\\/schema\\\/logo\\\/image\\\/\"},\"sameAs\":[\"https:\\\/\\\/www.facebook.com\\\/profile.php?id=61581826539670\",\"https:\\\/\\\/www.instagram.com\\\/animefigurer.se\\\/\"],\"email\":\"info@animefigurer.se\"}]}<\/script>\n<!-- \/ Yoast SEO Premium plugin. -->","yoast_head_json":{"title":"Hell&#039;s Paradise: Jigokuraku F:Nex Gabimaru | Animefigurer.se","robots":{"index":"index","follow":"follow","max-snippet":"max-snippet:-1","max-image-preview":"max-image-preview:large","max-video-preview":"max-video-preview:-1"},"canonical":"https:\/\/animefigurer.se\/en\/figurer\/hells-paradise-jigokuraku\/hells-paradise-jigokuraku-fnex-gabimaru\/","og_locale":"en_GB","og_type":"article","og_title":"Hell's Paradise: Jigokuraku F:Nex Gabimaru","og_description":"Fr\u00e5n den nya animeversionen av Hell's Paradise: Jigokuraku har FuRyu skapat en figur av huvudpersonen Gabimaru. H\u00e5ret som fladdrar och hans intensiva blick \u00e5terges noggrant, liksom livstygets r\u00f6relse, rynkor och accessoarer som obi och tabi-strumpor. Hiboshi-effekten p\u00e5 h\u00f6ger hand anv\u00e4nder genomski","og_url":"https:\/\/animefigurer.se\/en\/figurer\/hells-paradise-jigokuraku\/hells-paradise-jigokuraku-fnex-gabimaru\/","og_site_name":"Animefigurer.se","article_publisher":"https:\/\/www.facebook.com\/profile.php?id=61581826539670","article_modified_time":"2026-04-10T12:26:13+00:00","og_image":[{"width":1890,"height":1417,"url":"https:\/\/animefigurer.se\/wp-content\/uploads\/2025\/12\/Animefigurer_logowhite.png","type":"image\/png"}],"twitter_card":"summary_large_image","schema":{"@context":"https:\/\/schema.org","@graph":[{"@type":"WebPage","@id":"https:\/\/animefigurer.se\/figurer\/hells-paradise-jigokuraku\/hells-paradise-jigokuraku-fnex-gabimaru\/","url":"https:\/\/animefigurer.se\/figurer\/hells-paradise-jigokuraku\/hells-paradise-jigokuraku-fnex-gabimaru\/","name":"Hell&#039;s Paradise: Jigokuraku F:Nex Gabimaru | Animefigurer.se","isPartOf":{"@id":"https:\/\/animefigurer.se\/#website"},"primaryImageOfPage":{"@id":"https:\/\/animefigurer.se\/figurer\/hells-paradise-jigokuraku\/hells-paradise-jigokuraku-fnex-gabimaru\/#primaryimage"},"image":{"@id":"https:\/\/animefigurer.se\/figurer\/hells-paradise-jigokuraku\/hells-paradise-jigokuraku-fnex-gabimaru\/#primaryimage"},"thumbnailUrl":"https:\/\/animefigurer.se\/wp-content\/uploads\/2025\/10\/645163907801d.jpeg","datePublished":"2025-10-20T19:02:00+00:00","dateModified":"2026-04-10T12:26:13+00:00","breadcrumb":{"@id":"https:\/\/animefigurer.se\/figurer\/hells-paradise-jigokuraku\/hells-paradise-jigokuraku-fnex-gabimaru\/#breadcrumb"},"inLanguage":"en-GB","potentialAction":[{"@type":"ReadAction","target":["https:\/\/animefigurer.se\/figurer\/hells-paradise-jigokuraku\/hells-paradise-jigokuraku-fnex-gabimaru\/"]}]},{"@type":"ImageObject","inLanguage":"en-GB","@id":"https:\/\/animefigurer.se\/figurer\/hells-paradise-jigokuraku\/hells-paradise-jigokuraku-fnex-gabimaru\/#primaryimage","url":"https:\/\/animefigurer.se\/wp-content\/uploads\/2025\/10\/645163907801d.jpeg","contentUrl":"https:\/\/animefigurer.se\/wp-content\/uploads\/2025\/10\/645163907801d.jpeg","width":720,"height":540},{"@type":"BreadcrumbList","@id":"https:\/\/animefigurer.se\/figurer\/hells-paradise-jigokuraku\/hells-paradise-jigokuraku-fnex-gabimaru\/#breadcrumb","itemListElement":[{"@type":"ListItem","position":1,"name":"Home","item":"https:\/\/animefigurer.se\/"},{"@type":"ListItem","position":2,"name":"Butik","item":"https:\/\/animefigurer.se\/figurer\/"},{"@type":"ListItem","position":3,"name":"Hell&#8217;s Paradise: Jigokuraku F:Nex Gabimaru"}]},{"@type":"WebSite","@id":"https:\/\/animefigurer.se\/#website","url":"https:\/\/animefigurer.se\/","name":"Animefigurer.se","description":"Anime figures from over 300 different anime series with over 9000 products | Anime Shop","publisher":{"@id":"https:\/\/animefigurer.se\/#organization"},"potentialAction":[{"@type":"SearchAction","target":{"@type":"EntryPoint","urlTemplate":"https:\/\/animefigurer.se\/?s={search_term_string}"},"query-input":{"@type":"PropertyValueSpecification","valueRequired":true,"valueName":"search_term_string"}}],"inLanguage":"en-GB"},{"@type":"Organization","@id":"https:\/\/animefigurer.se\/#organization","name":"Animefigurer.se","alternateName":"Anime figurer | Anime shop","url":"https:\/\/animefigurer.se\/","logo":{"@type":"ImageObject","inLanguage":"en-GB","@id":"https:\/\/animefigurer.se\/#\/schema\/logo\/image\/","url":"https:\/\/animefigurer.se\/wp-content\/uploads\/2025\/12\/Animefigurer_logowhite.png","contentUrl":"https:\/\/animefigurer.se\/wp-content\/uploads\/2025\/12\/Animefigurer_logowhite.png","width":1890,"height":1417,"caption":"Animefigurer.se"},"image":{"@id":"https:\/\/animefigurer.se\/#\/schema\/logo\/image\/"},"sameAs":["https:\/\/www.facebook.com\/profile.php?id=61581826539670","https:\/\/www.instagram.com\/animefigurer.se\/"],"email":"info@animefigurer.se"}]}},"_links":{"self":[{"href":"https:\/\/animefigurer.se\/en\/wp-json\/wp\/v2\/product\/34076","targetHints":{"allow":["GET"]}}],"collection":[{"href":"https:\/\/animefigurer.se\/en\/wp-json\/wp\/v2\/product"}],"about":[{"href":"https:\/\/animefigurer.se\/en\/wp-json\/wp\/v2\/types\/product"}],"replies":[{"embeddable":true,"href":"https:\/\/animefigurer.se\/en\/wp-json\/wp\/v2\/comments?post=34076"}],"wp:featuredmedia":[{"embeddable":true,"href":"https:\/\/animefigurer.se\/en\/wp-json\/wp\/v2\/media\/34077"}],"wp:attachment":[{"href":"https:\/\/animefigurer.se\/en\/wp-json\/wp\/v2\/media?parent=34076"}],"wp:term":[{"taxonomy":"product_brand","embeddable":true,"href":"https:\/\/animefigurer.se\/en\/wp-json\/wp\/v2\/product_brand?post=34076"},{"taxonomy":"product_cat","embeddable":true,"href":"https:\/\/animefigurer.se\/en\/wp-json\/wp\/v2\/product_cat?post=34076"},{"taxonomy":"product_tag","embeddable":true,"href":"https:\/\/animefigurer.se\/en\/wp-json\/wp\/v2\/product_tag?post=34076"},{"taxonomy":"giftcard-category","embeddable":true,"href":"https:\/\/animefigurer.se\/en\/wp-json\/wp\/v2\/giftcard-category?post=34076"}],"curies":[{"name":"wp","href":"https:\/\/api.w.org\/{rel}","templated":true}]}}