{"id":33602,"date":"2025-10-20T20:59:56","date_gmt":"2025-10-20T18:59:56","guid":{"rendered":"https:\/\/animefigurer.se\/produkt\/vocaloid-plamatea-hatsune-miku-chuocho-tactical-craft-ver-model-kit\/"},"modified":"2025-12-21T19:29:56","modified_gmt":"2025-12-21T18:29:56","slug":"vocaloid-plamatea-hatsune-miku-chuocho-tactical-craft-ver-model-kit","status":"publish","type":"product","link":"https:\/\/animefigurer.se\/en\/figurer\/hatsune-miku\/vocaloid-plamatea-hatsune-miku-chuocho-tactical-craft-ver-model-kit\/","title":{"rendered":"Vocaloid PLAMATEA Hatsune Miku (Chuocho Tactical Craft Ver.) Model Kit"},"content":{"rendered":"<p>From illustrator Magos comes the PLAMATEA plastic model of Hatsune Miku from the Chuocho Tactical Craft collaboration. The model stands approximately 145mm tall when fully assembled and features multiple points of articulation. An armored megaphone unit in the same scale is included. The package includes two pre-painted faceplates, two faceplates with decals to change the direction of the eyes, and an armored mask unit. The parts are delivered on different colored runners and with pre-painted parts for easy assembly.<\/p>","protected":false},"excerpt":{"rendered":"<p>From illustrator Magos comes the PLAMATEA plastic model of Hatsune Miku from the Chuocho Tactical Craft collaboration. The model stands approximately 145mm tall when fully assembled and features multiple points of articulation. A scale armored megaphone unit is included. The package includes two pre-painted faceplates, two <\/p>","protected":false},"featured_media":33603,"comment_status":"closed","ping_status":"open","template":"","meta":{"_acf_changed":false,"_monsterinsights_skip_tracking":false,"_monsterinsights_sitenote_active":false,"_monsterinsights_sitenote_note":"","_monsterinsights_sitenote_category":0},"product_brand":[6890],"product_cat":[2832,7233],"product_tag":[26],"giftcard-category":[],"class_list":{"0":"post-33602","1":"product","2":"type-product","3":"status-publish","4":"has-post-thumbnail","6":"product_brand-good-smile-company","7":"product_cat-hatsune-miku","8":"product_cat-pre-order","9":"product_tag-pre-order","10":"pa_franchise-vocaloid","11":"pa_karaktar-hatsune-miku","12":"pa_material-plastic","13":"pa_produktserie-plamatea","14":"pa_storlek-15-cm","15":"pa_typ-plastic-model-kit","17":"first","18":"instock","19":"taxable","20":"shipping-taxable","21":"purchasable","22":"product-type-simple"},"acf":[],"yoast_head":"<!-- This site is optimized with the Yoast SEO Premium plugin v24.6 (Yoast SEO v27.4) - https:\/\/yoast.com\/product\/yoast-seo-premium-wordpress\/ -->\n<title>Vocaloid PLAMATEA Hatsune Miku (Chuocho Tactical Craft Ver.) Model Kit | Animefigurer.se<\/title>\n<meta name=\"robots\" content=\"index, follow, max-snippet:-1, max-image-preview:large, max-video-preview:-1\" \/>\n<link rel=\"canonical\" href=\"https:\/\/animefigurer.se\/en\/figurer\/hatsune-miku\/vocaloid-plamatea-hatsune-miku-chuocho-tactical-craft-ver-model-kit\/\" \/>\n<meta property=\"og:locale\" content=\"en_GB\" \/>\n<meta property=\"og:type\" content=\"article\" \/>\n<meta property=\"og:title\" content=\"Vocaloid PLAMATEA Hatsune Miku (Chuocho Tactical Craft Ver.) Model Kit\" \/>\n<meta property=\"og:description\" content=\"Fr\u00e5n illustrat\u00f6ren Magos kommer PLAMATEA-plastmodellen av Chuocho Tactical Craft-samarbetets Hatsune Miku. Modellen blir cirka 145 mm h\u00f6g n\u00e4r den \u00e4r f\u00e4rdigmonterad och har flera artikulationspunkter. En bepansrad megafonenhet i samma skala ing\u00e5r. Paketet inneh\u00e5ller tv\u00e5 f\u00f6rm\u00e5lade ansiktsplattor, tv\u00e5\" \/>\n<meta property=\"og:url\" content=\"https:\/\/animefigurer.se\/en\/figurer\/hatsune-miku\/vocaloid-plamatea-hatsune-miku-chuocho-tactical-craft-ver-model-kit\/\" \/>\n<meta property=\"og:site_name\" content=\"Animefigurer.se\" \/>\n<meta property=\"article:publisher\" content=\"https:\/\/www.facebook.com\/profile.php?id=61581826539670\" \/>\n<meta property=\"article:modified_time\" content=\"2025-12-21T18:29:56+00:00\" \/>\n<meta property=\"og:image\" content=\"https:\/\/animefigurer.se\/wp-content\/uploads\/2025\/12\/Animefigurer_logowhite.png\" \/>\n\t<meta property=\"og:image:width\" content=\"1890\" \/>\n\t<meta property=\"og:image:height\" content=\"1417\" \/>\n\t<meta property=\"og:image:type\" content=\"image\/png\" \/>\n<meta name=\"twitter:card\" content=\"summary_large_image\" \/>\n<script type=\"application\/ld+json\" class=\"yoast-schema-graph\">{\"@context\":\"https:\\\/\\\/schema.org\",\"@graph\":[{\"@type\":\"WebPage\",\"@id\":\"https:\\\/\\\/animefigurer.se\\\/en\\\/figurer\\\/hatsune-miku\\\/vocaloid-plamatea-hatsune-miku-chuocho-tactical-craft-ver-model-kit\\\/\",\"url\":\"https:\\\/\\\/animefigurer.se\\\/en\\\/figurer\\\/hatsune-miku\\\/vocaloid-plamatea-hatsune-miku-chuocho-tactical-craft-ver-model-kit\\\/\",\"name\":\"Vocaloid PLAMATEA Hatsune Miku (Chuocho Tactical Craft Ver.) Model Kit | Animefigurer.se\",\"isPartOf\":{\"@id\":\"https:\\\/\\\/animefigurer.se\\\/#website\"},\"primaryImageOfPage\":{\"@id\":\"https:\\\/\\\/animefigurer.se\\\/en\\\/figurer\\\/hatsune-miku\\\/vocaloid-plamatea-hatsune-miku-chuocho-tactical-craft-ver-model-kit\\\/#primaryimage\"},\"image\":{\"@id\":\"https:\\\/\\\/animefigurer.se\\\/en\\\/figurer\\\/hatsune-miku\\\/vocaloid-plamatea-hatsune-miku-chuocho-tactical-craft-ver-model-kit\\\/#primaryimage\"},\"thumbnailUrl\":\"https:\\\/\\\/animefigurer.se\\\/wp-content\\\/uploads\\\/2025\\\/10\\\/68e02679a77c9.jpeg\",\"datePublished\":\"2025-10-20T18:59:56+00:00\",\"dateModified\":\"2025-12-21T18:29:56+00:00\",\"breadcrumb\":{\"@id\":\"https:\\\/\\\/animefigurer.se\\\/en\\\/figurer\\\/hatsune-miku\\\/vocaloid-plamatea-hatsune-miku-chuocho-tactical-craft-ver-model-kit\\\/#breadcrumb\"},\"inLanguage\":\"en-GB\",\"potentialAction\":[{\"@type\":\"ReadAction\",\"target\":[\"https:\\\/\\\/animefigurer.se\\\/en\\\/figurer\\\/hatsune-miku\\\/vocaloid-plamatea-hatsune-miku-chuocho-tactical-craft-ver-model-kit\\\/\"]}]},{\"@type\":\"ImageObject\",\"inLanguage\":\"en-GB\",\"@id\":\"https:\\\/\\\/animefigurer.se\\\/en\\\/figurer\\\/hatsune-miku\\\/vocaloid-plamatea-hatsune-miku-chuocho-tactical-craft-ver-model-kit\\\/#primaryimage\",\"url\":\"https:\\\/\\\/animefigurer.se\\\/wp-content\\\/uploads\\\/2025\\\/10\\\/68e02679a77c9.jpeg\",\"contentUrl\":\"https:\\\/\\\/animefigurer.se\\\/wp-content\\\/uploads\\\/2025\\\/10\\\/68e02679a77c9.jpeg\",\"width\":1000,\"height\":750},{\"@type\":\"BreadcrumbList\",\"@id\":\"https:\\\/\\\/animefigurer.se\\\/en\\\/figurer\\\/hatsune-miku\\\/vocaloid-plamatea-hatsune-miku-chuocho-tactical-craft-ver-model-kit\\\/#breadcrumb\",\"itemListElement\":[{\"@type\":\"ListItem\",\"position\":1,\"name\":\"Home\",\"item\":\"https:\\\/\\\/animefigurer.se\\\/\"},{\"@type\":\"ListItem\",\"position\":2,\"name\":\"Butik\",\"item\":\"https:\\\/\\\/animefigurer.se\\\/figurer\\\/\"},{\"@type\":\"ListItem\",\"position\":3,\"name\":\"Vocaloid PLAMATEA Hatsune Miku (Chuocho Tactical Craft Ver.) Model Kit\"}]},{\"@type\":\"WebSite\",\"@id\":\"https:\\\/\\\/animefigurer.se\\\/#website\",\"url\":\"https:\\\/\\\/animefigurer.se\\\/\",\"name\":\"Animefigurer.se\",\"description\":\"Anime figurer fr\u00e5n \u00f6ver 300 olika anime serier med \u00f6ver 9000 produkter | Anime Shop\",\"publisher\":{\"@id\":\"https:\\\/\\\/animefigurer.se\\\/#organization\"},\"potentialAction\":[{\"@type\":\"SearchAction\",\"target\":{\"@type\":\"EntryPoint\",\"urlTemplate\":\"https:\\\/\\\/animefigurer.se\\\/?s={search_term_string}\"},\"query-input\":{\"@type\":\"PropertyValueSpecification\",\"valueRequired\":true,\"valueName\":\"search_term_string\"}}],\"inLanguage\":\"en-GB\"},{\"@type\":\"Organization\",\"@id\":\"https:\\\/\\\/animefigurer.se\\\/#organization\",\"name\":\"Animefigurer.se\",\"alternateName\":\"Anime figurer | Anime shop\",\"url\":\"https:\\\/\\\/animefigurer.se\\\/\",\"logo\":{\"@type\":\"ImageObject\",\"inLanguage\":\"en-GB\",\"@id\":\"https:\\\/\\\/animefigurer.se\\\/#\\\/schema\\\/logo\\\/image\\\/\",\"url\":\"https:\\\/\\\/animefigurer.se\\\/wp-content\\\/uploads\\\/2025\\\/12\\\/Animefigurer_logowhite.png\",\"contentUrl\":\"https:\\\/\\\/animefigurer.se\\\/wp-content\\\/uploads\\\/2025\\\/12\\\/Animefigurer_logowhite.png\",\"width\":1890,\"height\":1417,\"caption\":\"Animefigurer.se\"},\"image\":{\"@id\":\"https:\\\/\\\/animefigurer.se\\\/#\\\/schema\\\/logo\\\/image\\\/\"},\"sameAs\":[\"https:\\\/\\\/www.facebook.com\\\/profile.php?id=61581826539670\",\"https:\\\/\\\/www.instagram.com\\\/animefigurer.se\\\/\"],\"email\":\"info@animefigurer.se\"}]}<\/script>\n<!-- \/ Yoast SEO Premium plugin. -->","yoast_head_json":{"title":"Vocaloid PLAMATEA Hatsune Miku (Chuocho Tactical Craft Ver.) Model Kit | Animefigurer.se","robots":{"index":"index","follow":"follow","max-snippet":"max-snippet:-1","max-image-preview":"max-image-preview:large","max-video-preview":"max-video-preview:-1"},"canonical":"https:\/\/animefigurer.se\/en\/figurer\/hatsune-miku\/vocaloid-plamatea-hatsune-miku-chuocho-tactical-craft-ver-model-kit\/","og_locale":"en_GB","og_type":"article","og_title":"Vocaloid PLAMATEA Hatsune Miku (Chuocho Tactical Craft Ver.) Model Kit","og_description":"Fr\u00e5n illustrat\u00f6ren Magos kommer PLAMATEA-plastmodellen av Chuocho Tactical Craft-samarbetets Hatsune Miku. Modellen blir cirka 145 mm h\u00f6g n\u00e4r den \u00e4r f\u00e4rdigmonterad och har flera artikulationspunkter. En bepansrad megafonenhet i samma skala ing\u00e5r. Paketet inneh\u00e5ller tv\u00e5 f\u00f6rm\u00e5lade ansiktsplattor, tv\u00e5","og_url":"https:\/\/animefigurer.se\/en\/figurer\/hatsune-miku\/vocaloid-plamatea-hatsune-miku-chuocho-tactical-craft-ver-model-kit\/","og_site_name":"Animefigurer.se","article_publisher":"https:\/\/www.facebook.com\/profile.php?id=61581826539670","article_modified_time":"2025-12-21T18:29:56+00:00","og_image":[{"width":1890,"height":1417,"url":"https:\/\/animefigurer.se\/wp-content\/uploads\/2025\/12\/Animefigurer_logowhite.png","type":"image\/png"}],"twitter_card":"summary_large_image","schema":{"@context":"https:\/\/schema.org","@graph":[{"@type":"WebPage","@id":"https:\/\/animefigurer.se\/en\/figurer\/hatsune-miku\/vocaloid-plamatea-hatsune-miku-chuocho-tactical-craft-ver-model-kit\/","url":"https:\/\/animefigurer.se\/en\/figurer\/hatsune-miku\/vocaloid-plamatea-hatsune-miku-chuocho-tactical-craft-ver-model-kit\/","name":"Vocaloid PLAMATEA Hatsune Miku (Chuocho Tactical Craft Ver.) Model Kit | Animefigurer.se","isPartOf":{"@id":"https:\/\/animefigurer.se\/#website"},"primaryImageOfPage":{"@id":"https:\/\/animefigurer.se\/en\/figurer\/hatsune-miku\/vocaloid-plamatea-hatsune-miku-chuocho-tactical-craft-ver-model-kit\/#primaryimage"},"image":{"@id":"https:\/\/animefigurer.se\/en\/figurer\/hatsune-miku\/vocaloid-plamatea-hatsune-miku-chuocho-tactical-craft-ver-model-kit\/#primaryimage"},"thumbnailUrl":"https:\/\/animefigurer.se\/wp-content\/uploads\/2025\/10\/68e02679a77c9.jpeg","datePublished":"2025-10-20T18:59:56+00:00","dateModified":"2025-12-21T18:29:56+00:00","breadcrumb":{"@id":"https:\/\/animefigurer.se\/en\/figurer\/hatsune-miku\/vocaloid-plamatea-hatsune-miku-chuocho-tactical-craft-ver-model-kit\/#breadcrumb"},"inLanguage":"en-GB","potentialAction":[{"@type":"ReadAction","target":["https:\/\/animefigurer.se\/en\/figurer\/hatsune-miku\/vocaloid-plamatea-hatsune-miku-chuocho-tactical-craft-ver-model-kit\/"]}]},{"@type":"ImageObject","inLanguage":"en-GB","@id":"https:\/\/animefigurer.se\/en\/figurer\/hatsune-miku\/vocaloid-plamatea-hatsune-miku-chuocho-tactical-craft-ver-model-kit\/#primaryimage","url":"https:\/\/animefigurer.se\/wp-content\/uploads\/2025\/10\/68e02679a77c9.jpeg","contentUrl":"https:\/\/animefigurer.se\/wp-content\/uploads\/2025\/10\/68e02679a77c9.jpeg","width":1000,"height":750},{"@type":"BreadcrumbList","@id":"https:\/\/animefigurer.se\/en\/figurer\/hatsune-miku\/vocaloid-plamatea-hatsune-miku-chuocho-tactical-craft-ver-model-kit\/#breadcrumb","itemListElement":[{"@type":"ListItem","position":1,"name":"Home","item":"https:\/\/animefigurer.se\/"},{"@type":"ListItem","position":2,"name":"Butik","item":"https:\/\/animefigurer.se\/figurer\/"},{"@type":"ListItem","position":3,"name":"Vocaloid PLAMATEA Hatsune Miku (Chuocho Tactical Craft Ver.) Model Kit"}]},{"@type":"WebSite","@id":"https:\/\/animefigurer.se\/#website","url":"https:\/\/animefigurer.se\/","name":"Animefigurer.se","description":"Anime figures from over 300 different anime series with over 9000 products | Anime Shop","publisher":{"@id":"https:\/\/animefigurer.se\/#organization"},"potentialAction":[{"@type":"SearchAction","target":{"@type":"EntryPoint","urlTemplate":"https:\/\/animefigurer.se\/?s={search_term_string}"},"query-input":{"@type":"PropertyValueSpecification","valueRequired":true,"valueName":"search_term_string"}}],"inLanguage":"en-GB"},{"@type":"Organization","@id":"https:\/\/animefigurer.se\/#organization","name":"Animefigurer.se","alternateName":"Anime figurer | Anime shop","url":"https:\/\/animefigurer.se\/","logo":{"@type":"ImageObject","inLanguage":"en-GB","@id":"https:\/\/animefigurer.se\/#\/schema\/logo\/image\/","url":"https:\/\/animefigurer.se\/wp-content\/uploads\/2025\/12\/Animefigurer_logowhite.png","contentUrl":"https:\/\/animefigurer.se\/wp-content\/uploads\/2025\/12\/Animefigurer_logowhite.png","width":1890,"height":1417,"caption":"Animefigurer.se"},"image":{"@id":"https:\/\/animefigurer.se\/#\/schema\/logo\/image\/"},"sameAs":["https:\/\/www.facebook.com\/profile.php?id=61581826539670","https:\/\/www.instagram.com\/animefigurer.se\/"],"email":"info@animefigurer.se"}]}},"_links":{"self":[{"href":"https:\/\/animefigurer.se\/en\/wp-json\/wp\/v2\/product\/33602","targetHints":{"allow":["GET"]}}],"collection":[{"href":"https:\/\/animefigurer.se\/en\/wp-json\/wp\/v2\/product"}],"about":[{"href":"https:\/\/animefigurer.se\/en\/wp-json\/wp\/v2\/types\/product"}],"replies":[{"embeddable":true,"href":"https:\/\/animefigurer.se\/en\/wp-json\/wp\/v2\/comments?post=33602"}],"wp:featuredmedia":[{"embeddable":true,"href":"https:\/\/animefigurer.se\/en\/wp-json\/wp\/v2\/media\/33603"}],"wp:attachment":[{"href":"https:\/\/animefigurer.se\/en\/wp-json\/wp\/v2\/media?parent=33602"}],"wp:term":[{"taxonomy":"product_brand","embeddable":true,"href":"https:\/\/animefigurer.se\/en\/wp-json\/wp\/v2\/product_brand?post=33602"},{"taxonomy":"product_cat","embeddable":true,"href":"https:\/\/animefigurer.se\/en\/wp-json\/wp\/v2\/product_cat?post=33602"},{"taxonomy":"product_tag","embeddable":true,"href":"https:\/\/animefigurer.se\/en\/wp-json\/wp\/v2\/product_tag?post=33602"},{"taxonomy":"giftcard-category","embeddable":true,"href":"https:\/\/animefigurer.se\/en\/wp-json\/wp\/v2\/giftcard-category?post=33602"}],"curies":[{"name":"wp","href":"https:\/\/api.w.org\/{rel}","templated":true}]}}