{"id":33499,"date":"2025-10-20T20:59:03","date_gmt":"2025-10-20T18:59:03","guid":{"rendered":"https:\/\/animefigurer.se\/produkt\/fortnite-x-miku-vinyl-figure-neko-hatsune-miku\/"},"modified":"2025-12-21T19:29:56","modified_gmt":"2025-12-21T18:29:56","slug":"fortnite-x-miku-vinyl-figure-neko-hatsune-miku","status":"publish","type":"product","link":"https:\/\/animefigurer.se\/en\/figurer\/hatsune-miku\/fortnite-x-miku-vinyl-figure-neko-hatsune-miku\/","title":{"rendered":"Fortnite x Miku Vinyl Figure Neko Hatsune Miku"},"content":{"rendered":"<p>Miku makes her Fortnite debut with Youtooz! The figure stands approximately 4.6 inches tall, with outstretched arms and a smiling singing face. She has blushing cheeks, bright green eyes, and wears a pink cat ear hat over her long twin tails that fade to light purple with star detailing at the tips.<\/p>\n<p>The outfit consists of a cropped pink hoodie with green trim and the number 01 on the chest, a pleated skirt with a megaphone attached to the hip, knee-high socks and striped sneakers. The packaging shows Miku in the middle of a song, surrounded by musical notes, and the inside has a blue-green\u2013purple gradient. The product is delivered in a matte, embossed outer case and a custom plastic protector for best transport protection.<\/p>","protected":false},"excerpt":{"rendered":"<p>Miku makes her Fortnite debut with Youtooz! The figure stands approximately 4.6 inches tall, with outstretched arms and a smiling singing face. She has blushing cheeks, bright green eyes, and wears a pink cat ear hat over her long twin tails that fade to light purple with star detailing at the tips.<\/p>\n<p>Outfit<\/p>","protected":false},"featured_media":33500,"comment_status":"closed","ping_status":"open","template":"","meta":{"_acf_changed":false,"_monsterinsights_skip_tracking":false,"_monsterinsights_sitenote_active":false,"_monsterinsights_sitenote_note":"","_monsterinsights_sitenote_category":0},"product_brand":[7189],"product_cat":[2832,7233],"product_tag":[26],"giftcard-category":[],"class_list":{"0":"post-33499","1":"product","2":"type-product","3":"status-publish","4":"has-post-thumbnail","6":"product_brand-youtooz","7":"product_cat-hatsune-miku","8":"product_cat-pre-order","9":"product_tag-pre-order","10":"pa_franchise-vocaloid","11":"pa_karaktar-hatsune-miku","12":"pa_material-plastic","13":"pa_storlek-12-cm","15":"first","16":"instock","17":"taxable","18":"shipping-taxable","19":"purchasable","20":"product-type-simple"},"acf":[],"yoast_head":"<!-- This site is optimized with the Yoast SEO Premium plugin v24.6 (Yoast SEO v27.3) - https:\/\/yoast.com\/product\/yoast-seo-premium-wordpress\/ -->\n<title>Fortnite x Miku Vinyl Figure Neko Hatsune Miku | Animefigurer.se<\/title>\n<meta name=\"robots\" content=\"index, follow, max-snippet:-1, max-image-preview:large, max-video-preview:-1\" \/>\n<link rel=\"canonical\" href=\"https:\/\/animefigurer.se\/en\/figurer\/hatsune-miku\/fortnite-x-miku-vinyl-figure-neko-hatsune-miku\/\" \/>\n<meta property=\"og:locale\" content=\"en_GB\" \/>\n<meta property=\"og:type\" content=\"article\" \/>\n<meta property=\"og:title\" content=\"Fortnite x Miku Vinyl Figure Neko Hatsune Miku\" \/>\n<meta property=\"og:description\" content=\"Miku g\u00f6r entr\u00e9 i Fortnite-samarbetet med Youtooz! Figuren \u00e4r cirka 4,6 tum h\u00f6g, med utstr\u00e4ckta armar och ett leende s\u00e5ngansikte. Hon har rodnande kinder, gl\u00e4nsande gr\u00f6na \u00f6gon och b\u00e4r en rosa katt\u00f6ronm\u00f6ssa \u00f6ver sina l\u00e5nga tvillingsvansar som tonar till ljuslila med stj\u00e4rndetaljer i topparna. Outfite\" \/>\n<meta property=\"og:url\" content=\"https:\/\/animefigurer.se\/en\/figurer\/hatsune-miku\/fortnite-x-miku-vinyl-figure-neko-hatsune-miku\/\" \/>\n<meta property=\"og:site_name\" content=\"Animefigurer.se\" \/>\n<meta property=\"article:publisher\" content=\"https:\/\/www.facebook.com\/profile.php?id=61581826539670\" \/>\n<meta property=\"article:modified_time\" content=\"2025-12-21T18:29:56+00:00\" \/>\n<meta property=\"og:image\" content=\"https:\/\/animefigurer.se\/wp-content\/uploads\/2025\/12\/Animefigurer_logowhite.png\" \/>\n\t<meta property=\"og:image:width\" content=\"1890\" \/>\n\t<meta property=\"og:image:height\" content=\"1417\" \/>\n\t<meta property=\"og:image:type\" content=\"image\/png\" \/>\n<meta name=\"twitter:card\" content=\"summary_large_image\" \/>\n<meta name=\"twitter:label1\" content=\"Estimated reading time\" \/>\n\t<meta name=\"twitter:data1\" content=\"1 minute\" \/>\n<script type=\"application\/ld+json\" class=\"yoast-schema-graph\">{\"@context\":\"https:\\\/\\\/schema.org\",\"@graph\":[{\"@type\":\"WebPage\",\"@id\":\"https:\\\/\\\/animefigurer.se\\\/en\\\/figurer\\\/hatsune-miku\\\/fortnite-x-miku-vinyl-figure-neko-hatsune-miku\\\/\",\"url\":\"https:\\\/\\\/animefigurer.se\\\/en\\\/figurer\\\/hatsune-miku\\\/fortnite-x-miku-vinyl-figure-neko-hatsune-miku\\\/\",\"name\":\"Fortnite x Miku Vinyl Figure Neko Hatsune Miku | Animefigurer.se\",\"isPartOf\":{\"@id\":\"https:\\\/\\\/animefigurer.se\\\/#website\"},\"primaryImageOfPage\":{\"@id\":\"https:\\\/\\\/animefigurer.se\\\/en\\\/figurer\\\/hatsune-miku\\\/fortnite-x-miku-vinyl-figure-neko-hatsune-miku\\\/#primaryimage\"},\"image\":{\"@id\":\"https:\\\/\\\/animefigurer.se\\\/en\\\/figurer\\\/hatsune-miku\\\/fortnite-x-miku-vinyl-figure-neko-hatsune-miku\\\/#primaryimage\"},\"thumbnailUrl\":\"https:\\\/\\\/animefigurer.se\\\/wp-content\\\/uploads\\\/2025\\\/10\\\/68c17ef4f36f1.jpeg\",\"datePublished\":\"2025-10-20T18:59:03+00:00\",\"dateModified\":\"2025-12-21T18:29:56+00:00\",\"breadcrumb\":{\"@id\":\"https:\\\/\\\/animefigurer.se\\\/en\\\/figurer\\\/hatsune-miku\\\/fortnite-x-miku-vinyl-figure-neko-hatsune-miku\\\/#breadcrumb\"},\"inLanguage\":\"en-GB\",\"potentialAction\":[{\"@type\":\"ReadAction\",\"target\":[\"https:\\\/\\\/animefigurer.se\\\/en\\\/figurer\\\/hatsune-miku\\\/fortnite-x-miku-vinyl-figure-neko-hatsune-miku\\\/\"]}]},{\"@type\":\"ImageObject\",\"inLanguage\":\"en-GB\",\"@id\":\"https:\\\/\\\/animefigurer.se\\\/en\\\/figurer\\\/hatsune-miku\\\/fortnite-x-miku-vinyl-figure-neko-hatsune-miku\\\/#primaryimage\",\"url\":\"https:\\\/\\\/animefigurer.se\\\/wp-content\\\/uploads\\\/2025\\\/10\\\/68c17ef4f36f1.jpeg\",\"contentUrl\":\"https:\\\/\\\/animefigurer.se\\\/wp-content\\\/uploads\\\/2025\\\/10\\\/68c17ef4f36f1.jpeg\",\"width\":720,\"height\":540},{\"@type\":\"BreadcrumbList\",\"@id\":\"https:\\\/\\\/animefigurer.se\\\/en\\\/figurer\\\/hatsune-miku\\\/fortnite-x-miku-vinyl-figure-neko-hatsune-miku\\\/#breadcrumb\",\"itemListElement\":[{\"@type\":\"ListItem\",\"position\":1,\"name\":\"Home\",\"item\":\"https:\\\/\\\/animefigurer.se\\\/\"},{\"@type\":\"ListItem\",\"position\":2,\"name\":\"Butik\",\"item\":\"https:\\\/\\\/animefigurer.se\\\/figurer\\\/\"},{\"@type\":\"ListItem\",\"position\":3,\"name\":\"Fortnite x Miku Vinyl Figure Neko Hatsune Miku\"}]},{\"@type\":\"WebSite\",\"@id\":\"https:\\\/\\\/animefigurer.se\\\/#website\",\"url\":\"https:\\\/\\\/animefigurer.se\\\/\",\"name\":\"Animefigurer.se\",\"description\":\"Anime figurer fr\u00e5n \u00f6ver 300 olika anime serier med \u00f6ver 9000 produkter | Anime Shop\",\"publisher\":{\"@id\":\"https:\\\/\\\/animefigurer.se\\\/#organization\"},\"potentialAction\":[{\"@type\":\"SearchAction\",\"target\":{\"@type\":\"EntryPoint\",\"urlTemplate\":\"https:\\\/\\\/animefigurer.se\\\/?s={search_term_string}\"},\"query-input\":{\"@type\":\"PropertyValueSpecification\",\"valueRequired\":true,\"valueName\":\"search_term_string\"}}],\"inLanguage\":\"en-GB\"},{\"@type\":\"Organization\",\"@id\":\"https:\\\/\\\/animefigurer.se\\\/#organization\",\"name\":\"Animefigurer.se\",\"alternateName\":\"Anime figurer | Anime shop\",\"url\":\"https:\\\/\\\/animefigurer.se\\\/\",\"logo\":{\"@type\":\"ImageObject\",\"inLanguage\":\"en-GB\",\"@id\":\"https:\\\/\\\/animefigurer.se\\\/#\\\/schema\\\/logo\\\/image\\\/\",\"url\":\"https:\\\/\\\/animefigurer.se\\\/wp-content\\\/uploads\\\/2025\\\/12\\\/Animefigurer_logowhite.png\",\"contentUrl\":\"https:\\\/\\\/animefigurer.se\\\/wp-content\\\/uploads\\\/2025\\\/12\\\/Animefigurer_logowhite.png\",\"width\":1890,\"height\":1417,\"caption\":\"Animefigurer.se\"},\"image\":{\"@id\":\"https:\\\/\\\/animefigurer.se\\\/#\\\/schema\\\/logo\\\/image\\\/\"},\"sameAs\":[\"https:\\\/\\\/www.facebook.com\\\/profile.php?id=61581826539670\",\"https:\\\/\\\/www.instagram.com\\\/animefigurer.se\\\/\"],\"email\":\"info@animefigurer.se\"}]}<\/script>\n<!-- \/ Yoast SEO Premium plugin. -->","yoast_head_json":{"title":"Fortnite x Miku Vinyl Figure Neko Hatsune Miku | Animefigurer.se","robots":{"index":"index","follow":"follow","max-snippet":"max-snippet:-1","max-image-preview":"max-image-preview:large","max-video-preview":"max-video-preview:-1"},"canonical":"https:\/\/animefigurer.se\/en\/figurer\/hatsune-miku\/fortnite-x-miku-vinyl-figure-neko-hatsune-miku\/","og_locale":"en_GB","og_type":"article","og_title":"Fortnite x Miku Vinyl Figure Neko Hatsune Miku","og_description":"Miku g\u00f6r entr\u00e9 i Fortnite-samarbetet med Youtooz! Figuren \u00e4r cirka 4,6 tum h\u00f6g, med utstr\u00e4ckta armar och ett leende s\u00e5ngansikte. Hon har rodnande kinder, gl\u00e4nsande gr\u00f6na \u00f6gon och b\u00e4r en rosa katt\u00f6ronm\u00f6ssa \u00f6ver sina l\u00e5nga tvillingsvansar som tonar till ljuslila med stj\u00e4rndetaljer i topparna. Outfite","og_url":"https:\/\/animefigurer.se\/en\/figurer\/hatsune-miku\/fortnite-x-miku-vinyl-figure-neko-hatsune-miku\/","og_site_name":"Animefigurer.se","article_publisher":"https:\/\/www.facebook.com\/profile.php?id=61581826539670","article_modified_time":"2025-12-21T18:29:56+00:00","og_image":[{"width":1890,"height":1417,"url":"https:\/\/animefigurer.se\/wp-content\/uploads\/2025\/12\/Animefigurer_logowhite.png","type":"image\/png"}],"twitter_card":"summary_large_image","twitter_misc":{"Estimated reading time":"1 minute"},"schema":{"@context":"https:\/\/schema.org","@graph":[{"@type":"WebPage","@id":"https:\/\/animefigurer.se\/en\/figurer\/hatsune-miku\/fortnite-x-miku-vinyl-figure-neko-hatsune-miku\/","url":"https:\/\/animefigurer.se\/en\/figurer\/hatsune-miku\/fortnite-x-miku-vinyl-figure-neko-hatsune-miku\/","name":"Fortnite x Miku Vinyl Figure Neko Hatsune Miku | Animefigurer.se","isPartOf":{"@id":"https:\/\/animefigurer.se\/#website"},"primaryImageOfPage":{"@id":"https:\/\/animefigurer.se\/en\/figurer\/hatsune-miku\/fortnite-x-miku-vinyl-figure-neko-hatsune-miku\/#primaryimage"},"image":{"@id":"https:\/\/animefigurer.se\/en\/figurer\/hatsune-miku\/fortnite-x-miku-vinyl-figure-neko-hatsune-miku\/#primaryimage"},"thumbnailUrl":"https:\/\/animefigurer.se\/wp-content\/uploads\/2025\/10\/68c17ef4f36f1.jpeg","datePublished":"2025-10-20T18:59:03+00:00","dateModified":"2025-12-21T18:29:56+00:00","breadcrumb":{"@id":"https:\/\/animefigurer.se\/en\/figurer\/hatsune-miku\/fortnite-x-miku-vinyl-figure-neko-hatsune-miku\/#breadcrumb"},"inLanguage":"en-GB","potentialAction":[{"@type":"ReadAction","target":["https:\/\/animefigurer.se\/en\/figurer\/hatsune-miku\/fortnite-x-miku-vinyl-figure-neko-hatsune-miku\/"]}]},{"@type":"ImageObject","inLanguage":"en-GB","@id":"https:\/\/animefigurer.se\/en\/figurer\/hatsune-miku\/fortnite-x-miku-vinyl-figure-neko-hatsune-miku\/#primaryimage","url":"https:\/\/animefigurer.se\/wp-content\/uploads\/2025\/10\/68c17ef4f36f1.jpeg","contentUrl":"https:\/\/animefigurer.se\/wp-content\/uploads\/2025\/10\/68c17ef4f36f1.jpeg","width":720,"height":540},{"@type":"BreadcrumbList","@id":"https:\/\/animefigurer.se\/en\/figurer\/hatsune-miku\/fortnite-x-miku-vinyl-figure-neko-hatsune-miku\/#breadcrumb","itemListElement":[{"@type":"ListItem","position":1,"name":"Home","item":"https:\/\/animefigurer.se\/"},{"@type":"ListItem","position":2,"name":"Butik","item":"https:\/\/animefigurer.se\/figurer\/"},{"@type":"ListItem","position":3,"name":"Fortnite x Miku Vinyl Figure Neko Hatsune Miku"}]},{"@type":"WebSite","@id":"https:\/\/animefigurer.se\/#website","url":"https:\/\/animefigurer.se\/","name":"Animefigurer.se","description":"Anime figures from over 300 different anime series with over 9000 products | Anime Shop","publisher":{"@id":"https:\/\/animefigurer.se\/#organization"},"potentialAction":[{"@type":"SearchAction","target":{"@type":"EntryPoint","urlTemplate":"https:\/\/animefigurer.se\/?s={search_term_string}"},"query-input":{"@type":"PropertyValueSpecification","valueRequired":true,"valueName":"search_term_string"}}],"inLanguage":"en-GB"},{"@type":"Organization","@id":"https:\/\/animefigurer.se\/#organization","name":"Animefigurer.se","alternateName":"Anime figurer | Anime shop","url":"https:\/\/animefigurer.se\/","logo":{"@type":"ImageObject","inLanguage":"en-GB","@id":"https:\/\/animefigurer.se\/#\/schema\/logo\/image\/","url":"https:\/\/animefigurer.se\/wp-content\/uploads\/2025\/12\/Animefigurer_logowhite.png","contentUrl":"https:\/\/animefigurer.se\/wp-content\/uploads\/2025\/12\/Animefigurer_logowhite.png","width":1890,"height":1417,"caption":"Animefigurer.se"},"image":{"@id":"https:\/\/animefigurer.se\/#\/schema\/logo\/image\/"},"sameAs":["https:\/\/www.facebook.com\/profile.php?id=61581826539670","https:\/\/www.instagram.com\/animefigurer.se\/"],"email":"info@animefigurer.se"}]}},"_links":{"self":[{"href":"https:\/\/animefigurer.se\/en\/wp-json\/wp\/v2\/product\/33499","targetHints":{"allow":["GET"]}}],"collection":[{"href":"https:\/\/animefigurer.se\/en\/wp-json\/wp\/v2\/product"}],"about":[{"href":"https:\/\/animefigurer.se\/en\/wp-json\/wp\/v2\/types\/product"}],"replies":[{"embeddable":true,"href":"https:\/\/animefigurer.se\/en\/wp-json\/wp\/v2\/comments?post=33499"}],"wp:featuredmedia":[{"embeddable":true,"href":"https:\/\/animefigurer.se\/en\/wp-json\/wp\/v2\/media\/33500"}],"wp:attachment":[{"href":"https:\/\/animefigurer.se\/en\/wp-json\/wp\/v2\/media?parent=33499"}],"wp:term":[{"taxonomy":"product_brand","embeddable":true,"href":"https:\/\/animefigurer.se\/en\/wp-json\/wp\/v2\/product_brand?post=33499"},{"taxonomy":"product_cat","embeddable":true,"href":"https:\/\/animefigurer.se\/en\/wp-json\/wp\/v2\/product_cat?post=33499"},{"taxonomy":"product_tag","embeddable":true,"href":"https:\/\/animefigurer.se\/en\/wp-json\/wp\/v2\/product_tag?post=33499"},{"taxonomy":"giftcard-category","embeddable":true,"href":"https:\/\/animefigurer.se\/en\/wp-json\/wp\/v2\/giftcard-category?post=33499"}],"curies":[{"name":"wp","href":"https:\/\/api.w.org\/{rel}","templated":true}]}}