{"id":31459,"date":"2025-10-20T20:45:20","date_gmt":"2025-10-20T18:45:20","guid":{"rendered":"https:\/\/animefigurer.se\/produkt\/halo-monitor-buddiez-master-chief-cortana-vinyl-figure-set\/"},"modified":"2025-12-21T19:29:33","modified_gmt":"2025-12-21T18:29:33","slug":"halo-monitor-buddiez-master-chief-cortana-vinyl-figure-set","status":"publish","type":"product","link":"https:\/\/animefigurer.se\/en\/figurer\/halo\/halo-monitor-buddiez-master-chief-cortana-vinyl-figure-set\/","title":{"rendered":"Halo Monitor Buddiez Master Chief &amp; Cortana Vinyl Figure Set"},"content":{"rendered":"<p>Master Chief and Cortana return to Youtooz as Monitor Buddiez \u2014 perfect companions on top of your screen! Master Chief stands at approximately 2.3 inches and 2.5 inches (height?) respectively and appears behind a deep orange visor, clad in army green Spartan armor with dangling legs. Cortana has parted hair framing a smiling face while dark patterns adorn her glowing blue body. They are ideal companions while you work, play or relax, always in your line of sight for a smile!<\/p>\n<p>Buddiez comes in a carefully designed box with a light grey interior covered in angular patterns, while the exterior shows them sitting on a computer screen in front of the darkness of space. The figures are visible through a large transparent window on the front.<\/p>","protected":false},"excerpt":{"rendered":"<p>Master Chief and Cortana return to Youtooz as Monitor Buddiez \u2014 perfect companions on top of your screen! Master Chief stands approximately 2.3 inches and 2.5 inches (height?) respectively and appears behind a deep orange visor, wearing army green Spartan armor with dangling legs. Cortana has parted hair that frames a <\/p>","protected":false},"featured_media":31460,"comment_status":"closed","ping_status":"open","template":"","meta":{"_acf_changed":false,"_monsterinsights_skip_tracking":false,"_monsterinsights_sitenote_active":false,"_monsterinsights_sitenote_note":"","_monsterinsights_sitenote_category":0},"product_brand":[7189],"product_cat":[2806,7233],"product_tag":[26],"giftcard-category":[],"class_list":{"0":"post-31459","1":"product","2":"type-product","3":"status-publish","4":"has-post-thumbnail","6":"product_brand-youtooz","7":"product_cat-halo","8":"product_cat-pre-order","9":"product_tag-pre-order","10":"pa_franchise-halo","11":"pa_karaktar-master-chief-cortana","12":"pa_material-vinyl","13":"pa_storlek-6-cm","15":"first","16":"instock","17":"taxable","18":"shipping-taxable","19":"purchasable","20":"product-type-simple"},"acf":[],"yoast_head":"<!-- This site is optimized with the Yoast SEO Premium plugin v24.6 (Yoast SEO v27.4) - https:\/\/yoast.com\/product\/yoast-seo-premium-wordpress\/ -->\n<title>Halo Monitor Buddiez Master Chief &amp; Cortana Vinyl Figure Set | Animefigurer.se<\/title>\n<meta name=\"robots\" content=\"index, follow, max-snippet:-1, max-image-preview:large, max-video-preview:-1\" \/>\n<link rel=\"canonical\" href=\"https:\/\/animefigurer.se\/en\/figurer\/halo\/halo-monitor-buddiez-master-chief-cortana-vinyl-figure-set\/\" \/>\n<meta property=\"og:locale\" content=\"en_GB\" \/>\n<meta property=\"og:type\" content=\"article\" \/>\n<meta property=\"og:title\" content=\"Halo Monitor Buddiez Master Chief &amp; Cortana Vinyl Figure Set\" \/>\n<meta property=\"og:description\" content=\"Master Chief och Cortana \u00e5terv\u00e4nder till Youtooz som monitor Buddiez \u2014 perfekta f\u00f6ljeslagare ovanp\u00e5 din sk\u00e4rm! Master Chief \u00e4r cirka 2,3 tum respektive 2,5 tum (h\u00f6jd?) och syns bakom ett djupt orange visir, ikl\u00e4dd arm\u00e9gr\u00f6n spartansk rustning med dinglande ben. Cortana har delat h\u00e5r som ramar in ett\" \/>\n<meta property=\"og:url\" content=\"https:\/\/animefigurer.se\/en\/figurer\/halo\/halo-monitor-buddiez-master-chief-cortana-vinyl-figure-set\/\" \/>\n<meta property=\"og:site_name\" content=\"Animefigurer.se\" \/>\n<meta property=\"article:publisher\" content=\"https:\/\/www.facebook.com\/profile.php?id=61581826539670\" \/>\n<meta property=\"article:modified_time\" content=\"2025-12-21T18:29:33+00:00\" \/>\n<meta property=\"og:image\" content=\"https:\/\/animefigurer.se\/wp-content\/uploads\/2025\/12\/Animefigurer_logowhite.png\" \/>\n\t<meta property=\"og:image:width\" content=\"1890\" \/>\n\t<meta property=\"og:image:height\" content=\"1417\" \/>\n\t<meta property=\"og:image:type\" content=\"image\/png\" \/>\n<meta name=\"twitter:card\" content=\"summary_large_image\" \/>\n<meta name=\"twitter:label1\" content=\"Estimated reading time\" \/>\n\t<meta name=\"twitter:data1\" content=\"1 minute\" \/>\n<script type=\"application\/ld+json\" class=\"yoast-schema-graph\">{\"@context\":\"https:\\\/\\\/schema.org\",\"@graph\":[{\"@type\":\"WebPage\",\"@id\":\"https:\\\/\\\/animefigurer.se\\\/figurer\\\/halo\\\/halo-monitor-buddiez-master-chief-cortana-vinyl-figure-set\\\/\",\"url\":\"https:\\\/\\\/animefigurer.se\\\/figurer\\\/halo\\\/halo-monitor-buddiez-master-chief-cortana-vinyl-figure-set\\\/\",\"name\":\"Halo Monitor Buddiez Master Chief &amp; Cortana Vinyl Figure Set | Animefigurer.se\",\"isPartOf\":{\"@id\":\"https:\\\/\\\/animefigurer.se\\\/#website\"},\"primaryImageOfPage\":{\"@id\":\"https:\\\/\\\/animefigurer.se\\\/figurer\\\/halo\\\/halo-monitor-buddiez-master-chief-cortana-vinyl-figure-set\\\/#primaryimage\"},\"image\":{\"@id\":\"https:\\\/\\\/animefigurer.se\\\/figurer\\\/halo\\\/halo-monitor-buddiez-master-chief-cortana-vinyl-figure-set\\\/#primaryimage\"},\"thumbnailUrl\":\"https:\\\/\\\/animefigurer.se\\\/wp-content\\\/uploads\\\/2025\\\/10\\\/685c7569b2476.jpeg\",\"datePublished\":\"2025-10-20T18:45:20+00:00\",\"dateModified\":\"2025-12-21T18:29:33+00:00\",\"breadcrumb\":{\"@id\":\"https:\\\/\\\/animefigurer.se\\\/figurer\\\/halo\\\/halo-monitor-buddiez-master-chief-cortana-vinyl-figure-set\\\/#breadcrumb\"},\"inLanguage\":\"en-GB\",\"potentialAction\":[{\"@type\":\"ReadAction\",\"target\":[\"https:\\\/\\\/animefigurer.se\\\/figurer\\\/halo\\\/halo-monitor-buddiez-master-chief-cortana-vinyl-figure-set\\\/\"]}]},{\"@type\":\"ImageObject\",\"inLanguage\":\"en-GB\",\"@id\":\"https:\\\/\\\/animefigurer.se\\\/figurer\\\/halo\\\/halo-monitor-buddiez-master-chief-cortana-vinyl-figure-set\\\/#primaryimage\",\"url\":\"https:\\\/\\\/animefigurer.se\\\/wp-content\\\/uploads\\\/2025\\\/10\\\/685c7569b2476.jpeg\",\"contentUrl\":\"https:\\\/\\\/animefigurer.se\\\/wp-content\\\/uploads\\\/2025\\\/10\\\/685c7569b2476.jpeg\",\"width\":1000,\"height\":750},{\"@type\":\"BreadcrumbList\",\"@id\":\"https:\\\/\\\/animefigurer.se\\\/figurer\\\/halo\\\/halo-monitor-buddiez-master-chief-cortana-vinyl-figure-set\\\/#breadcrumb\",\"itemListElement\":[{\"@type\":\"ListItem\",\"position\":1,\"name\":\"Home\",\"item\":\"https:\\\/\\\/animefigurer.se\\\/\"},{\"@type\":\"ListItem\",\"position\":2,\"name\":\"Butik\",\"item\":\"https:\\\/\\\/animefigurer.se\\\/figurer\\\/\"},{\"@type\":\"ListItem\",\"position\":3,\"name\":\"Halo Monitor Buddiez Master Chief &amp; Cortana Vinyl Figure Set\"}]},{\"@type\":\"WebSite\",\"@id\":\"https:\\\/\\\/animefigurer.se\\\/#website\",\"url\":\"https:\\\/\\\/animefigurer.se\\\/\",\"name\":\"Animefigurer.se\",\"description\":\"Anime figurer fr\u00e5n \u00f6ver 300 olika anime serier med \u00f6ver 9000 produkter | Anime Shop\",\"publisher\":{\"@id\":\"https:\\\/\\\/animefigurer.se\\\/#organization\"},\"potentialAction\":[{\"@type\":\"SearchAction\",\"target\":{\"@type\":\"EntryPoint\",\"urlTemplate\":\"https:\\\/\\\/animefigurer.se\\\/?s={search_term_string}\"},\"query-input\":{\"@type\":\"PropertyValueSpecification\",\"valueRequired\":true,\"valueName\":\"search_term_string\"}}],\"inLanguage\":\"en-GB\"},{\"@type\":\"Organization\",\"@id\":\"https:\\\/\\\/animefigurer.se\\\/#organization\",\"name\":\"Animefigurer.se\",\"alternateName\":\"Anime figurer | Anime shop\",\"url\":\"https:\\\/\\\/animefigurer.se\\\/\",\"logo\":{\"@type\":\"ImageObject\",\"inLanguage\":\"en-GB\",\"@id\":\"https:\\\/\\\/animefigurer.se\\\/#\\\/schema\\\/logo\\\/image\\\/\",\"url\":\"https:\\\/\\\/animefigurer.se\\\/wp-content\\\/uploads\\\/2025\\\/12\\\/Animefigurer_logowhite.png\",\"contentUrl\":\"https:\\\/\\\/animefigurer.se\\\/wp-content\\\/uploads\\\/2025\\\/12\\\/Animefigurer_logowhite.png\",\"width\":1890,\"height\":1417,\"caption\":\"Animefigurer.se\"},\"image\":{\"@id\":\"https:\\\/\\\/animefigurer.se\\\/#\\\/schema\\\/logo\\\/image\\\/\"},\"sameAs\":[\"https:\\\/\\\/www.facebook.com\\\/profile.php?id=61581826539670\",\"https:\\\/\\\/www.instagram.com\\\/animefigurer.se\\\/\"],\"email\":\"info@animefigurer.se\"}]}<\/script>\n<!-- \/ Yoast SEO Premium plugin. -->","yoast_head_json":{"title":"Halo Monitor Buddiez Master Chief &amp; Cortana Vinyl Figure Set | Animefigurer.se","robots":{"index":"index","follow":"follow","max-snippet":"max-snippet:-1","max-image-preview":"max-image-preview:large","max-video-preview":"max-video-preview:-1"},"canonical":"https:\/\/animefigurer.se\/en\/figurer\/halo\/halo-monitor-buddiez-master-chief-cortana-vinyl-figure-set\/","og_locale":"en_GB","og_type":"article","og_title":"Halo Monitor Buddiez Master Chief &amp; Cortana Vinyl Figure Set","og_description":"Master Chief och Cortana \u00e5terv\u00e4nder till Youtooz som monitor Buddiez \u2014 perfekta f\u00f6ljeslagare ovanp\u00e5 din sk\u00e4rm! Master Chief \u00e4r cirka 2,3 tum respektive 2,5 tum (h\u00f6jd?) och syns bakom ett djupt orange visir, ikl\u00e4dd arm\u00e9gr\u00f6n spartansk rustning med dinglande ben. Cortana har delat h\u00e5r som ramar in ett","og_url":"https:\/\/animefigurer.se\/en\/figurer\/halo\/halo-monitor-buddiez-master-chief-cortana-vinyl-figure-set\/","og_site_name":"Animefigurer.se","article_publisher":"https:\/\/www.facebook.com\/profile.php?id=61581826539670","article_modified_time":"2025-12-21T18:29:33+00:00","og_image":[{"width":1890,"height":1417,"url":"https:\/\/animefigurer.se\/wp-content\/uploads\/2025\/12\/Animefigurer_logowhite.png","type":"image\/png"}],"twitter_card":"summary_large_image","twitter_misc":{"Estimated reading time":"1 minute"},"schema":{"@context":"https:\/\/schema.org","@graph":[{"@type":"WebPage","@id":"https:\/\/animefigurer.se\/figurer\/halo\/halo-monitor-buddiez-master-chief-cortana-vinyl-figure-set\/","url":"https:\/\/animefigurer.se\/figurer\/halo\/halo-monitor-buddiez-master-chief-cortana-vinyl-figure-set\/","name":"Halo Monitor Buddiez Master Chief &amp; Cortana Vinyl Figure Set | Animefigurer.se","isPartOf":{"@id":"https:\/\/animefigurer.se\/#website"},"primaryImageOfPage":{"@id":"https:\/\/animefigurer.se\/figurer\/halo\/halo-monitor-buddiez-master-chief-cortana-vinyl-figure-set\/#primaryimage"},"image":{"@id":"https:\/\/animefigurer.se\/figurer\/halo\/halo-monitor-buddiez-master-chief-cortana-vinyl-figure-set\/#primaryimage"},"thumbnailUrl":"https:\/\/animefigurer.se\/wp-content\/uploads\/2025\/10\/685c7569b2476.jpeg","datePublished":"2025-10-20T18:45:20+00:00","dateModified":"2025-12-21T18:29:33+00:00","breadcrumb":{"@id":"https:\/\/animefigurer.se\/figurer\/halo\/halo-monitor-buddiez-master-chief-cortana-vinyl-figure-set\/#breadcrumb"},"inLanguage":"en-GB","potentialAction":[{"@type":"ReadAction","target":["https:\/\/animefigurer.se\/figurer\/halo\/halo-monitor-buddiez-master-chief-cortana-vinyl-figure-set\/"]}]},{"@type":"ImageObject","inLanguage":"en-GB","@id":"https:\/\/animefigurer.se\/figurer\/halo\/halo-monitor-buddiez-master-chief-cortana-vinyl-figure-set\/#primaryimage","url":"https:\/\/animefigurer.se\/wp-content\/uploads\/2025\/10\/685c7569b2476.jpeg","contentUrl":"https:\/\/animefigurer.se\/wp-content\/uploads\/2025\/10\/685c7569b2476.jpeg","width":1000,"height":750},{"@type":"BreadcrumbList","@id":"https:\/\/animefigurer.se\/figurer\/halo\/halo-monitor-buddiez-master-chief-cortana-vinyl-figure-set\/#breadcrumb","itemListElement":[{"@type":"ListItem","position":1,"name":"Home","item":"https:\/\/animefigurer.se\/"},{"@type":"ListItem","position":2,"name":"Butik","item":"https:\/\/animefigurer.se\/figurer\/"},{"@type":"ListItem","position":3,"name":"Halo Monitor Buddiez Master Chief &amp; Cortana Vinyl Figure Set"}]},{"@type":"WebSite","@id":"https:\/\/animefigurer.se\/#website","url":"https:\/\/animefigurer.se\/","name":"Animefigurer.se","description":"Anime figures from over 300 different anime series with over 9000 products | Anime Shop","publisher":{"@id":"https:\/\/animefigurer.se\/#organization"},"potentialAction":[{"@type":"SearchAction","target":{"@type":"EntryPoint","urlTemplate":"https:\/\/animefigurer.se\/?s={search_term_string}"},"query-input":{"@type":"PropertyValueSpecification","valueRequired":true,"valueName":"search_term_string"}}],"inLanguage":"en-GB"},{"@type":"Organization","@id":"https:\/\/animefigurer.se\/#organization","name":"Animefigurer.se","alternateName":"Anime figurer | Anime shop","url":"https:\/\/animefigurer.se\/","logo":{"@type":"ImageObject","inLanguage":"en-GB","@id":"https:\/\/animefigurer.se\/#\/schema\/logo\/image\/","url":"https:\/\/animefigurer.se\/wp-content\/uploads\/2025\/12\/Animefigurer_logowhite.png","contentUrl":"https:\/\/animefigurer.se\/wp-content\/uploads\/2025\/12\/Animefigurer_logowhite.png","width":1890,"height":1417,"caption":"Animefigurer.se"},"image":{"@id":"https:\/\/animefigurer.se\/#\/schema\/logo\/image\/"},"sameAs":["https:\/\/www.facebook.com\/profile.php?id=61581826539670","https:\/\/www.instagram.com\/animefigurer.se\/"],"email":"info@animefigurer.se"}]}},"_links":{"self":[{"href":"https:\/\/animefigurer.se\/en\/wp-json\/wp\/v2\/product\/31459","targetHints":{"allow":["GET"]}}],"collection":[{"href":"https:\/\/animefigurer.se\/en\/wp-json\/wp\/v2\/product"}],"about":[{"href":"https:\/\/animefigurer.se\/en\/wp-json\/wp\/v2\/types\/product"}],"replies":[{"embeddable":true,"href":"https:\/\/animefigurer.se\/en\/wp-json\/wp\/v2\/comments?post=31459"}],"wp:featuredmedia":[{"embeddable":true,"href":"https:\/\/animefigurer.se\/en\/wp-json\/wp\/v2\/media\/31460"}],"wp:attachment":[{"href":"https:\/\/animefigurer.se\/en\/wp-json\/wp\/v2\/media?parent=31459"}],"wp:term":[{"taxonomy":"product_brand","embeddable":true,"href":"https:\/\/animefigurer.se\/en\/wp-json\/wp\/v2\/product_brand?post=31459"},{"taxonomy":"product_cat","embeddable":true,"href":"https:\/\/animefigurer.se\/en\/wp-json\/wp\/v2\/product_cat?post=31459"},{"taxonomy":"product_tag","embeddable":true,"href":"https:\/\/animefigurer.se\/en\/wp-json\/wp\/v2\/product_tag?post=31459"},{"taxonomy":"giftcard-category","embeddable":true,"href":"https:\/\/animefigurer.se\/en\/wp-json\/wp\/v2\/giftcard-category?post=31459"}],"curies":[{"name":"wp","href":"https:\/\/api.w.org\/{rel}","templated":true}]}}