{"id":31263,"date":"2025-10-20T20:44:16","date_gmt":"2025-10-20T18:44:16","guid":{"rendered":"https:\/\/animefigurer.se\/produkt\/haikyu-rowtashii-noise-tekupiku-kei-tsukishima-figure\/"},"modified":"2025-12-21T19:29:30","modified_gmt":"2025-12-21T18:29:30","slug":"haikyu-rowtashii-noise-tekupiku-kei-tsukishima-figure","status":"publish","type":"product","link":"https:\/\/animefigurer.se\/en\/figurer\/haikyu\/haikyu-rowtashii-noise-tekupiku-kei-tsukishima-figure\/","title":{"rendered":"Haikyu!! Rowtashii Noise tekupiku Kei Tsukishima Figure"},"content":{"rendered":"<p>Kei Tsukishima from HAIKYU joins the tekupiku series! The concept combines outdoor life with photo moments \u2014 the oversized backpack and expressive, alert eyes are the charm of the figure. The size is adjusted to fit in the palm of your hand but still makes an impression when displayed alone, perfect for both everyday and themed displays.<\/p>","protected":false},"excerpt":{"rendered":"<p>Kei Tsukishima from HAIKYU joins the tekupiku series! The concept combines outdoor life with photo moments \u2014 the oversized backpack and expressive, alert eyes are the charm of the figure. The size is adjusted to fit in the palm of your hand but still makes an impression when displayed alone, pe<\/p>","protected":false},"featured_media":31264,"comment_status":"closed","ping_status":"open","template":"","meta":{"_acf_changed":false,"_monsterinsights_skip_tracking":false,"_monsterinsights_sitenote_active":false,"_monsterinsights_sitenote_note":"","_monsterinsights_sitenote_category":0},"product_brand":[7123],"product_cat":[2759,7233],"product_tag":[26],"giftcard-category":[],"class_list":{"0":"post-31263","1":"product","2":"type-product","3":"status-publish","4":"has-post-thumbnail","6":"product_brand-rowtashii-noise","7":"product_cat-haikyu","8":"product_cat-pre-order","9":"product_tag-pre-order","10":"pa_franchise-haikyu","11":"pa_karaktar-kei-tsukishima","12":"pa_material-pvc-abs","13":"pa_storlek-10-cm","15":"first","16":"instock","17":"taxable","18":"shipping-taxable","19":"purchasable","20":"product-type-simple"},"acf":[],"yoast_head":"<!-- This site is optimized with the Yoast SEO Premium plugin v24.6 (Yoast SEO v27.3) - https:\/\/yoast.com\/product\/yoast-seo-premium-wordpress\/ -->\n<title>Haikyu!! Rowtashii Noise tekupiku Kei Tsukishima Figure | Animefigurer.se<\/title>\n<meta name=\"robots\" content=\"index, follow, max-snippet:-1, max-image-preview:large, max-video-preview:-1\" \/>\n<link rel=\"canonical\" href=\"https:\/\/animefigurer.se\/en\/figurer\/haikyu\/haikyu-rowtashii-noise-tekupiku-kei-tsukishima-figure\/\" \/>\n<meta property=\"og:locale\" content=\"en_GB\" \/>\n<meta property=\"og:type\" content=\"article\" \/>\n<meta property=\"og:title\" content=\"Haikyu!! Rowtashii Noise tekupiku Kei Tsukishima Figure\" \/>\n<meta property=\"og:description\" content=\"Kei Tsukishima fr\u00e5n HAIKYU ansluter sig till tekupiku-serien! Konceptet kombinerar friluftsliv med foto\u00f6gonblick \u2014 den \u00f6verdimensionerade ryggs\u00e4cken och de uttrycksfulla, pigga \u00f6gonen \u00e4r figurens charm. Storleken \u00e4r anpassad f\u00f6r att passa i din handflata men \u00e4nd\u00e5 g\u00f6ra intryck n\u00e4r den visas ensam, pe\" \/>\n<meta property=\"og:url\" content=\"https:\/\/animefigurer.se\/en\/figurer\/haikyu\/haikyu-rowtashii-noise-tekupiku-kei-tsukishima-figure\/\" \/>\n<meta property=\"og:site_name\" content=\"Animefigurer.se\" \/>\n<meta property=\"article:publisher\" content=\"https:\/\/www.facebook.com\/profile.php?id=61581826539670\" \/>\n<meta property=\"article:modified_time\" content=\"2025-12-21T18:29:30+00:00\" \/>\n<meta property=\"og:image\" content=\"https:\/\/animefigurer.se\/wp-content\/uploads\/2025\/12\/Animefigurer_logowhite.png\" \/>\n\t<meta property=\"og:image:width\" content=\"1890\" \/>\n\t<meta property=\"og:image:height\" content=\"1417\" \/>\n\t<meta property=\"og:image:type\" content=\"image\/png\" \/>\n<meta name=\"twitter:card\" content=\"summary_large_image\" \/>\n<script type=\"application\/ld+json\" class=\"yoast-schema-graph\">{\"@context\":\"https:\\\/\\\/schema.org\",\"@graph\":[{\"@type\":\"WebPage\",\"@id\":\"https:\\\/\\\/animefigurer.se\\\/en\\\/figurer\\\/haikyu\\\/haikyu-rowtashii-noise-tekupiku-kei-tsukishima-figure\\\/\",\"url\":\"https:\\\/\\\/animefigurer.se\\\/en\\\/figurer\\\/haikyu\\\/haikyu-rowtashii-noise-tekupiku-kei-tsukishima-figure\\\/\",\"name\":\"Haikyu!! Rowtashii Noise tekupiku Kei Tsukishima Figure | Animefigurer.se\",\"isPartOf\":{\"@id\":\"https:\\\/\\\/animefigurer.se\\\/#website\"},\"primaryImageOfPage\":{\"@id\":\"https:\\\/\\\/animefigurer.se\\\/en\\\/figurer\\\/haikyu\\\/haikyu-rowtashii-noise-tekupiku-kei-tsukishima-figure\\\/#primaryimage\"},\"image\":{\"@id\":\"https:\\\/\\\/animefigurer.se\\\/en\\\/figurer\\\/haikyu\\\/haikyu-rowtashii-noise-tekupiku-kei-tsukishima-figure\\\/#primaryimage\"},\"thumbnailUrl\":\"https:\\\/\\\/animefigurer.se\\\/wp-content\\\/uploads\\\/2025\\\/10\\\/68656933489c3.jpeg\",\"datePublished\":\"2025-10-20T18:44:16+00:00\",\"dateModified\":\"2025-12-21T18:29:30+00:00\",\"breadcrumb\":{\"@id\":\"https:\\\/\\\/animefigurer.se\\\/en\\\/figurer\\\/haikyu\\\/haikyu-rowtashii-noise-tekupiku-kei-tsukishima-figure\\\/#breadcrumb\"},\"inLanguage\":\"en-GB\",\"potentialAction\":[{\"@type\":\"ReadAction\",\"target\":[\"https:\\\/\\\/animefigurer.se\\\/en\\\/figurer\\\/haikyu\\\/haikyu-rowtashii-noise-tekupiku-kei-tsukishima-figure\\\/\"]}]},{\"@type\":\"ImageObject\",\"inLanguage\":\"en-GB\",\"@id\":\"https:\\\/\\\/animefigurer.se\\\/en\\\/figurer\\\/haikyu\\\/haikyu-rowtashii-noise-tekupiku-kei-tsukishima-figure\\\/#primaryimage\",\"url\":\"https:\\\/\\\/animefigurer.se\\\/wp-content\\\/uploads\\\/2025\\\/10\\\/68656933489c3.jpeg\",\"contentUrl\":\"https:\\\/\\\/animefigurer.se\\\/wp-content\\\/uploads\\\/2025\\\/10\\\/68656933489c3.jpeg\",\"width\":1000,\"height\":750},{\"@type\":\"BreadcrumbList\",\"@id\":\"https:\\\/\\\/animefigurer.se\\\/en\\\/figurer\\\/haikyu\\\/haikyu-rowtashii-noise-tekupiku-kei-tsukishima-figure\\\/#breadcrumb\",\"itemListElement\":[{\"@type\":\"ListItem\",\"position\":1,\"name\":\"Home\",\"item\":\"https:\\\/\\\/animefigurer.se\\\/\"},{\"@type\":\"ListItem\",\"position\":2,\"name\":\"Butik\",\"item\":\"https:\\\/\\\/animefigurer.se\\\/figurer\\\/\"},{\"@type\":\"ListItem\",\"position\":3,\"name\":\"Haikyu!! Rowtashii Noise tekupiku Kei Tsukishima Figure\"}]},{\"@type\":\"WebSite\",\"@id\":\"https:\\\/\\\/animefigurer.se\\\/#website\",\"url\":\"https:\\\/\\\/animefigurer.se\\\/\",\"name\":\"Animefigurer.se\",\"description\":\"Anime figurer fr\u00e5n \u00f6ver 300 olika anime serier med \u00f6ver 9000 produkter | Anime Shop\",\"publisher\":{\"@id\":\"https:\\\/\\\/animefigurer.se\\\/#organization\"},\"potentialAction\":[{\"@type\":\"SearchAction\",\"target\":{\"@type\":\"EntryPoint\",\"urlTemplate\":\"https:\\\/\\\/animefigurer.se\\\/?s={search_term_string}\"},\"query-input\":{\"@type\":\"PropertyValueSpecification\",\"valueRequired\":true,\"valueName\":\"search_term_string\"}}],\"inLanguage\":\"en-GB\"},{\"@type\":\"Organization\",\"@id\":\"https:\\\/\\\/animefigurer.se\\\/#organization\",\"name\":\"Animefigurer.se\",\"alternateName\":\"Anime figurer | Anime shop\",\"url\":\"https:\\\/\\\/animefigurer.se\\\/\",\"logo\":{\"@type\":\"ImageObject\",\"inLanguage\":\"en-GB\",\"@id\":\"https:\\\/\\\/animefigurer.se\\\/#\\\/schema\\\/logo\\\/image\\\/\",\"url\":\"https:\\\/\\\/animefigurer.se\\\/wp-content\\\/uploads\\\/2025\\\/12\\\/Animefigurer_logowhite.png\",\"contentUrl\":\"https:\\\/\\\/animefigurer.se\\\/wp-content\\\/uploads\\\/2025\\\/12\\\/Animefigurer_logowhite.png\",\"width\":1890,\"height\":1417,\"caption\":\"Animefigurer.se\"},\"image\":{\"@id\":\"https:\\\/\\\/animefigurer.se\\\/#\\\/schema\\\/logo\\\/image\\\/\"},\"sameAs\":[\"https:\\\/\\\/www.facebook.com\\\/profile.php?id=61581826539670\",\"https:\\\/\\\/www.instagram.com\\\/animefigurer.se\\\/\"],\"email\":\"info@animefigurer.se\"}]}<\/script>\n<!-- \/ Yoast SEO Premium plugin. -->","yoast_head_json":{"title":"Haikyu!! Rowtashii Noise tekupiku Kei Tsukishima Figure | Animefigurer.se","robots":{"index":"index","follow":"follow","max-snippet":"max-snippet:-1","max-image-preview":"max-image-preview:large","max-video-preview":"max-video-preview:-1"},"canonical":"https:\/\/animefigurer.se\/en\/figurer\/haikyu\/haikyu-rowtashii-noise-tekupiku-kei-tsukishima-figure\/","og_locale":"en_GB","og_type":"article","og_title":"Haikyu!! Rowtashii Noise tekupiku Kei Tsukishima Figure","og_description":"Kei Tsukishima fr\u00e5n HAIKYU ansluter sig till tekupiku-serien! Konceptet kombinerar friluftsliv med foto\u00f6gonblick \u2014 den \u00f6verdimensionerade ryggs\u00e4cken och de uttrycksfulla, pigga \u00f6gonen \u00e4r figurens charm. Storleken \u00e4r anpassad f\u00f6r att passa i din handflata men \u00e4nd\u00e5 g\u00f6ra intryck n\u00e4r den visas ensam, pe","og_url":"https:\/\/animefigurer.se\/en\/figurer\/haikyu\/haikyu-rowtashii-noise-tekupiku-kei-tsukishima-figure\/","og_site_name":"Animefigurer.se","article_publisher":"https:\/\/www.facebook.com\/profile.php?id=61581826539670","article_modified_time":"2025-12-21T18:29:30+00:00","og_image":[{"width":1890,"height":1417,"url":"https:\/\/animefigurer.se\/wp-content\/uploads\/2025\/12\/Animefigurer_logowhite.png","type":"image\/png"}],"twitter_card":"summary_large_image","schema":{"@context":"https:\/\/schema.org","@graph":[{"@type":"WebPage","@id":"https:\/\/animefigurer.se\/en\/figurer\/haikyu\/haikyu-rowtashii-noise-tekupiku-kei-tsukishima-figure\/","url":"https:\/\/animefigurer.se\/en\/figurer\/haikyu\/haikyu-rowtashii-noise-tekupiku-kei-tsukishima-figure\/","name":"Haikyu!! Rowtashii Noise tekupiku Kei Tsukishima Figure | Animefigurer.se","isPartOf":{"@id":"https:\/\/animefigurer.se\/#website"},"primaryImageOfPage":{"@id":"https:\/\/animefigurer.se\/en\/figurer\/haikyu\/haikyu-rowtashii-noise-tekupiku-kei-tsukishima-figure\/#primaryimage"},"image":{"@id":"https:\/\/animefigurer.se\/en\/figurer\/haikyu\/haikyu-rowtashii-noise-tekupiku-kei-tsukishima-figure\/#primaryimage"},"thumbnailUrl":"https:\/\/animefigurer.se\/wp-content\/uploads\/2025\/10\/68656933489c3.jpeg","datePublished":"2025-10-20T18:44:16+00:00","dateModified":"2025-12-21T18:29:30+00:00","breadcrumb":{"@id":"https:\/\/animefigurer.se\/en\/figurer\/haikyu\/haikyu-rowtashii-noise-tekupiku-kei-tsukishima-figure\/#breadcrumb"},"inLanguage":"en-GB","potentialAction":[{"@type":"ReadAction","target":["https:\/\/animefigurer.se\/en\/figurer\/haikyu\/haikyu-rowtashii-noise-tekupiku-kei-tsukishima-figure\/"]}]},{"@type":"ImageObject","inLanguage":"en-GB","@id":"https:\/\/animefigurer.se\/en\/figurer\/haikyu\/haikyu-rowtashii-noise-tekupiku-kei-tsukishima-figure\/#primaryimage","url":"https:\/\/animefigurer.se\/wp-content\/uploads\/2025\/10\/68656933489c3.jpeg","contentUrl":"https:\/\/animefigurer.se\/wp-content\/uploads\/2025\/10\/68656933489c3.jpeg","width":1000,"height":750},{"@type":"BreadcrumbList","@id":"https:\/\/animefigurer.se\/en\/figurer\/haikyu\/haikyu-rowtashii-noise-tekupiku-kei-tsukishima-figure\/#breadcrumb","itemListElement":[{"@type":"ListItem","position":1,"name":"Home","item":"https:\/\/animefigurer.se\/"},{"@type":"ListItem","position":2,"name":"Butik","item":"https:\/\/animefigurer.se\/figurer\/"},{"@type":"ListItem","position":3,"name":"Haikyu!! Rowtashii Noise tekupiku Kei Tsukishima Figure"}]},{"@type":"WebSite","@id":"https:\/\/animefigurer.se\/#website","url":"https:\/\/animefigurer.se\/","name":"Animefigurer.se","description":"Anime figures from over 300 different anime series with over 9000 products | Anime Shop","publisher":{"@id":"https:\/\/animefigurer.se\/#organization"},"potentialAction":[{"@type":"SearchAction","target":{"@type":"EntryPoint","urlTemplate":"https:\/\/animefigurer.se\/?s={search_term_string}"},"query-input":{"@type":"PropertyValueSpecification","valueRequired":true,"valueName":"search_term_string"}}],"inLanguage":"en-GB"},{"@type":"Organization","@id":"https:\/\/animefigurer.se\/#organization","name":"Animefigurer.se","alternateName":"Anime figurer | Anime shop","url":"https:\/\/animefigurer.se\/","logo":{"@type":"ImageObject","inLanguage":"en-GB","@id":"https:\/\/animefigurer.se\/#\/schema\/logo\/image\/","url":"https:\/\/animefigurer.se\/wp-content\/uploads\/2025\/12\/Animefigurer_logowhite.png","contentUrl":"https:\/\/animefigurer.se\/wp-content\/uploads\/2025\/12\/Animefigurer_logowhite.png","width":1890,"height":1417,"caption":"Animefigurer.se"},"image":{"@id":"https:\/\/animefigurer.se\/#\/schema\/logo\/image\/"},"sameAs":["https:\/\/www.facebook.com\/profile.php?id=61581826539670","https:\/\/www.instagram.com\/animefigurer.se\/"],"email":"info@animefigurer.se"}]}},"_links":{"self":[{"href":"https:\/\/animefigurer.se\/en\/wp-json\/wp\/v2\/product\/31263","targetHints":{"allow":["GET"]}}],"collection":[{"href":"https:\/\/animefigurer.se\/en\/wp-json\/wp\/v2\/product"}],"about":[{"href":"https:\/\/animefigurer.se\/en\/wp-json\/wp\/v2\/types\/product"}],"replies":[{"embeddable":true,"href":"https:\/\/animefigurer.se\/en\/wp-json\/wp\/v2\/comments?post=31263"}],"wp:featuredmedia":[{"embeddable":true,"href":"https:\/\/animefigurer.se\/en\/wp-json\/wp\/v2\/media\/31264"}],"wp:attachment":[{"href":"https:\/\/animefigurer.se\/en\/wp-json\/wp\/v2\/media?parent=31263"}],"wp:term":[{"taxonomy":"product_brand","embeddable":true,"href":"https:\/\/animefigurer.se\/en\/wp-json\/wp\/v2\/product_brand?post=31263"},{"taxonomy":"product_cat","embeddable":true,"href":"https:\/\/animefigurer.se\/en\/wp-json\/wp\/v2\/product_cat?post=31263"},{"taxonomy":"product_tag","embeddable":true,"href":"https:\/\/animefigurer.se\/en\/wp-json\/wp\/v2\/product_tag?post=31263"},{"taxonomy":"giftcard-category","embeddable":true,"href":"https:\/\/animefigurer.se\/en\/wp-json\/wp\/v2\/giftcard-category?post=31263"}],"curies":[{"name":"wp","href":"https:\/\/api.w.org\/{rel}","templated":true}]}}