{"id":30844,"date":"2025-10-20T20:42:06","date_gmt":"2025-10-20T18:42:06","guid":{"rendered":"https:\/\/animefigurer.se\/produkt\/mochi-mochi-mascot-haikyu-vol-1-wakatoshi-ushijima\/"},"modified":"2025-12-21T19:29:24","modified_gmt":"2025-12-21T18:29:24","slug":"mochi-mochi-mascot-haikyu-vol-1-wakatoshi-ushijima","status":"publish","type":"product","link":"https:\/\/animefigurer.se\/en\/figurer\/haikyu\/mochi-mochi-mascot-haikyu-vol-1-wakatoshi-ushijima\/","title":{"rendered":"Mochi Mochi Mascot Haikyu!! Vol.1 Wakatoshi Ushijima"},"content":{"rendered":"<p>Mochi Mochi Mascot are soft anime plush figures that you can easily clip onto your bag \u2014 take your favorite character with you everywhere!<\/p>","protected":false},"excerpt":{"rendered":"<p>Mochi Mochi Mascot are soft anime plush figures that you can easily clip onto your bag \u2014 take your favorite character with you everywhere!<\/p>","protected":false},"featured_media":30845,"comment_status":"closed","ping_status":"open","template":"","meta":{"_acf_changed":false,"_monsterinsights_skip_tracking":false,"_monsterinsights_sitenote_active":false,"_monsterinsights_sitenote_note":"","_monsterinsights_sitenote_category":0},"product_brand":[7163],"product_cat":[2759],"product_tag":[667],"giftcard-category":[],"class_list":{"0":"post-30844","1":"product","2":"type-product","3":"status-publish","4":"has-post-thumbnail","6":"product_brand-takara-tomy","7":"product_cat-haikyu","8":"product_tag-3-1","9":"pa_franchise-haikyu","10":"pa_karaktar-wakatoshi-ushijima","11":"pa_material-plush","12":"pa_produktserie-mochi-mochi-mascot","13":"pa_storlek-5-x-8-5-cm","15":"first","16":"instock","17":"taxable","18":"shipping-taxable","19":"purchasable","20":"product-type-simple"},"acf":[],"yoast_head":"<!-- This site is optimized with the Yoast SEO Premium plugin v24.6 (Yoast SEO v27.3) - https:\/\/yoast.com\/product\/yoast-seo-premium-wordpress\/ -->\n<title>Mochi Mochi Mascot Haikyu!! Vol.1 Wakatoshi Ushijima | Animefigurer.se<\/title>\n<meta name=\"robots\" content=\"index, follow, max-snippet:-1, max-image-preview:large, max-video-preview:-1\" \/>\n<link rel=\"canonical\" href=\"https:\/\/animefigurer.se\/en\/figurer\/haikyu\/mochi-mochi-mascot-haikyu-vol-1-wakatoshi-ushijima\/\" \/>\n<meta property=\"og:locale\" content=\"en_GB\" \/>\n<meta property=\"og:type\" content=\"article\" \/>\n<meta property=\"og:title\" content=\"Mochi Mochi Mascot Haikyu!! Vol.1 Wakatoshi Ushijima\" \/>\n<meta property=\"og:description\" content=\"Mochi Mochi Mascot \u00e4r mjuka anime-plieschfigurer som du enkelt kan haka fast p\u00e5 v\u00e4skan \u2014 ta med din favoritkarakt\u00e4r \u00f6verallt!\" \/>\n<meta property=\"og:url\" content=\"https:\/\/animefigurer.se\/en\/figurer\/haikyu\/mochi-mochi-mascot-haikyu-vol-1-wakatoshi-ushijima\/\" \/>\n<meta property=\"og:site_name\" content=\"Animefigurer.se\" \/>\n<meta property=\"article:publisher\" content=\"https:\/\/www.facebook.com\/profile.php?id=61581826539670\" \/>\n<meta property=\"article:modified_time\" content=\"2025-12-21T18:29:24+00:00\" \/>\n<meta property=\"og:image\" content=\"https:\/\/animefigurer.se\/wp-content\/uploads\/2025\/12\/Animefigurer_logowhite.png\" \/>\n\t<meta property=\"og:image:width\" content=\"1890\" \/>\n\t<meta property=\"og:image:height\" content=\"1417\" \/>\n\t<meta property=\"og:image:type\" content=\"image\/png\" \/>\n<meta name=\"twitter:card\" content=\"summary_large_image\" \/>\n<script type=\"application\/ld+json\" class=\"yoast-schema-graph\">{\"@context\":\"https:\\\/\\\/schema.org\",\"@graph\":[{\"@type\":\"WebPage\",\"@id\":\"https:\\\/\\\/animefigurer.se\\\/en\\\/figurer\\\/haikyu\\\/mochi-mochi-mascot-haikyu-vol-1-wakatoshi-ushijima\\\/\",\"url\":\"https:\\\/\\\/animefigurer.se\\\/en\\\/figurer\\\/haikyu\\\/mochi-mochi-mascot-haikyu-vol-1-wakatoshi-ushijima\\\/\",\"name\":\"Mochi Mochi Mascot Haikyu!! Vol.1 Wakatoshi Ushijima | Animefigurer.se\",\"isPartOf\":{\"@id\":\"https:\\\/\\\/animefigurer.se\\\/#website\"},\"primaryImageOfPage\":{\"@id\":\"https:\\\/\\\/animefigurer.se\\\/en\\\/figurer\\\/haikyu\\\/mochi-mochi-mascot-haikyu-vol-1-wakatoshi-ushijima\\\/#primaryimage\"},\"image\":{\"@id\":\"https:\\\/\\\/animefigurer.se\\\/en\\\/figurer\\\/haikyu\\\/mochi-mochi-mascot-haikyu-vol-1-wakatoshi-ushijima\\\/#primaryimage\"},\"thumbnailUrl\":\"https:\\\/\\\/animefigurer.se\\\/wp-content\\\/uploads\\\/2025\\\/10\\\/5fc2db5fdbf2b.jpeg\",\"datePublished\":\"2025-10-20T18:42:06+00:00\",\"dateModified\":\"2025-12-21T18:29:24+00:00\",\"breadcrumb\":{\"@id\":\"https:\\\/\\\/animefigurer.se\\\/en\\\/figurer\\\/haikyu\\\/mochi-mochi-mascot-haikyu-vol-1-wakatoshi-ushijima\\\/#breadcrumb\"},\"inLanguage\":\"en-GB\",\"potentialAction\":[{\"@type\":\"ReadAction\",\"target\":[\"https:\\\/\\\/animefigurer.se\\\/en\\\/figurer\\\/haikyu\\\/mochi-mochi-mascot-haikyu-vol-1-wakatoshi-ushijima\\\/\"]}]},{\"@type\":\"ImageObject\",\"inLanguage\":\"en-GB\",\"@id\":\"https:\\\/\\\/animefigurer.se\\\/en\\\/figurer\\\/haikyu\\\/mochi-mochi-mascot-haikyu-vol-1-wakatoshi-ushijima\\\/#primaryimage\",\"url\":\"https:\\\/\\\/animefigurer.se\\\/wp-content\\\/uploads\\\/2025\\\/10\\\/5fc2db5fdbf2b.jpeg\",\"contentUrl\":\"https:\\\/\\\/animefigurer.se\\\/wp-content\\\/uploads\\\/2025\\\/10\\\/5fc2db5fdbf2b.jpeg\",\"width\":400,\"height\":400},{\"@type\":\"BreadcrumbList\",\"@id\":\"https:\\\/\\\/animefigurer.se\\\/en\\\/figurer\\\/haikyu\\\/mochi-mochi-mascot-haikyu-vol-1-wakatoshi-ushijima\\\/#breadcrumb\",\"itemListElement\":[{\"@type\":\"ListItem\",\"position\":1,\"name\":\"Home\",\"item\":\"https:\\\/\\\/animefigurer.se\\\/\"},{\"@type\":\"ListItem\",\"position\":2,\"name\":\"Butik\",\"item\":\"https:\\\/\\\/animefigurer.se\\\/figurer\\\/\"},{\"@type\":\"ListItem\",\"position\":3,\"name\":\"Mochi Mochi Mascot Haikyu!! Vol.1 Wakatoshi Ushijima\"}]},{\"@type\":\"WebSite\",\"@id\":\"https:\\\/\\\/animefigurer.se\\\/#website\",\"url\":\"https:\\\/\\\/animefigurer.se\\\/\",\"name\":\"Animefigurer.se\",\"description\":\"Anime figurer fr\u00e5n \u00f6ver 300 olika anime serier med \u00f6ver 9000 produkter | Anime Shop\",\"publisher\":{\"@id\":\"https:\\\/\\\/animefigurer.se\\\/#organization\"},\"potentialAction\":[{\"@type\":\"SearchAction\",\"target\":{\"@type\":\"EntryPoint\",\"urlTemplate\":\"https:\\\/\\\/animefigurer.se\\\/?s={search_term_string}\"},\"query-input\":{\"@type\":\"PropertyValueSpecification\",\"valueRequired\":true,\"valueName\":\"search_term_string\"}}],\"inLanguage\":\"en-GB\"},{\"@type\":\"Organization\",\"@id\":\"https:\\\/\\\/animefigurer.se\\\/#organization\",\"name\":\"Animefigurer.se\",\"alternateName\":\"Anime figurer | Anime shop\",\"url\":\"https:\\\/\\\/animefigurer.se\\\/\",\"logo\":{\"@type\":\"ImageObject\",\"inLanguage\":\"en-GB\",\"@id\":\"https:\\\/\\\/animefigurer.se\\\/#\\\/schema\\\/logo\\\/image\\\/\",\"url\":\"https:\\\/\\\/animefigurer.se\\\/wp-content\\\/uploads\\\/2025\\\/12\\\/Animefigurer_logowhite.png\",\"contentUrl\":\"https:\\\/\\\/animefigurer.se\\\/wp-content\\\/uploads\\\/2025\\\/12\\\/Animefigurer_logowhite.png\",\"width\":1890,\"height\":1417,\"caption\":\"Animefigurer.se\"},\"image\":{\"@id\":\"https:\\\/\\\/animefigurer.se\\\/#\\\/schema\\\/logo\\\/image\\\/\"},\"sameAs\":[\"https:\\\/\\\/www.facebook.com\\\/profile.php?id=61581826539670\",\"https:\\\/\\\/www.instagram.com\\\/animefigurer.se\\\/\"],\"email\":\"info@animefigurer.se\"}]}<\/script>\n<!-- \/ Yoast SEO Premium plugin. -->","yoast_head_json":{"title":"Mochi Mochi Mascot Haikyu!! Vol.1 Wakatoshi Ushijima | Animefigurer.se","robots":{"index":"index","follow":"follow","max-snippet":"max-snippet:-1","max-image-preview":"max-image-preview:large","max-video-preview":"max-video-preview:-1"},"canonical":"https:\/\/animefigurer.se\/en\/figurer\/haikyu\/mochi-mochi-mascot-haikyu-vol-1-wakatoshi-ushijima\/","og_locale":"en_GB","og_type":"article","og_title":"Mochi Mochi Mascot Haikyu!! Vol.1 Wakatoshi Ushijima","og_description":"Mochi Mochi Mascot \u00e4r mjuka anime-plieschfigurer som du enkelt kan haka fast p\u00e5 v\u00e4skan \u2014 ta med din favoritkarakt\u00e4r \u00f6verallt!","og_url":"https:\/\/animefigurer.se\/en\/figurer\/haikyu\/mochi-mochi-mascot-haikyu-vol-1-wakatoshi-ushijima\/","og_site_name":"Animefigurer.se","article_publisher":"https:\/\/www.facebook.com\/profile.php?id=61581826539670","article_modified_time":"2025-12-21T18:29:24+00:00","og_image":[{"width":1890,"height":1417,"url":"https:\/\/animefigurer.se\/wp-content\/uploads\/2025\/12\/Animefigurer_logowhite.png","type":"image\/png"}],"twitter_card":"summary_large_image","schema":{"@context":"https:\/\/schema.org","@graph":[{"@type":"WebPage","@id":"https:\/\/animefigurer.se\/en\/figurer\/haikyu\/mochi-mochi-mascot-haikyu-vol-1-wakatoshi-ushijima\/","url":"https:\/\/animefigurer.se\/en\/figurer\/haikyu\/mochi-mochi-mascot-haikyu-vol-1-wakatoshi-ushijima\/","name":"Mochi Mochi Mascot Haikyu!! Vol.1 Wakatoshi Ushijima | Animefigurer.se","isPartOf":{"@id":"https:\/\/animefigurer.se\/#website"},"primaryImageOfPage":{"@id":"https:\/\/animefigurer.se\/en\/figurer\/haikyu\/mochi-mochi-mascot-haikyu-vol-1-wakatoshi-ushijima\/#primaryimage"},"image":{"@id":"https:\/\/animefigurer.se\/en\/figurer\/haikyu\/mochi-mochi-mascot-haikyu-vol-1-wakatoshi-ushijima\/#primaryimage"},"thumbnailUrl":"https:\/\/animefigurer.se\/wp-content\/uploads\/2025\/10\/5fc2db5fdbf2b.jpeg","datePublished":"2025-10-20T18:42:06+00:00","dateModified":"2025-12-21T18:29:24+00:00","breadcrumb":{"@id":"https:\/\/animefigurer.se\/en\/figurer\/haikyu\/mochi-mochi-mascot-haikyu-vol-1-wakatoshi-ushijima\/#breadcrumb"},"inLanguage":"en-GB","potentialAction":[{"@type":"ReadAction","target":["https:\/\/animefigurer.se\/en\/figurer\/haikyu\/mochi-mochi-mascot-haikyu-vol-1-wakatoshi-ushijima\/"]}]},{"@type":"ImageObject","inLanguage":"en-GB","@id":"https:\/\/animefigurer.se\/en\/figurer\/haikyu\/mochi-mochi-mascot-haikyu-vol-1-wakatoshi-ushijima\/#primaryimage","url":"https:\/\/animefigurer.se\/wp-content\/uploads\/2025\/10\/5fc2db5fdbf2b.jpeg","contentUrl":"https:\/\/animefigurer.se\/wp-content\/uploads\/2025\/10\/5fc2db5fdbf2b.jpeg","width":400,"height":400},{"@type":"BreadcrumbList","@id":"https:\/\/animefigurer.se\/en\/figurer\/haikyu\/mochi-mochi-mascot-haikyu-vol-1-wakatoshi-ushijima\/#breadcrumb","itemListElement":[{"@type":"ListItem","position":1,"name":"Home","item":"https:\/\/animefigurer.se\/"},{"@type":"ListItem","position":2,"name":"Butik","item":"https:\/\/animefigurer.se\/figurer\/"},{"@type":"ListItem","position":3,"name":"Mochi Mochi Mascot Haikyu!! Vol.1 Wakatoshi Ushijima"}]},{"@type":"WebSite","@id":"https:\/\/animefigurer.se\/#website","url":"https:\/\/animefigurer.se\/","name":"Animefigurer.se","description":"Anime figures from over 300 different anime series with over 9000 products | Anime Shop","publisher":{"@id":"https:\/\/animefigurer.se\/#organization"},"potentialAction":[{"@type":"SearchAction","target":{"@type":"EntryPoint","urlTemplate":"https:\/\/animefigurer.se\/?s={search_term_string}"},"query-input":{"@type":"PropertyValueSpecification","valueRequired":true,"valueName":"search_term_string"}}],"inLanguage":"en-GB"},{"@type":"Organization","@id":"https:\/\/animefigurer.se\/#organization","name":"Animefigurer.se","alternateName":"Anime figurer | Anime shop","url":"https:\/\/animefigurer.se\/","logo":{"@type":"ImageObject","inLanguage":"en-GB","@id":"https:\/\/animefigurer.se\/#\/schema\/logo\/image\/","url":"https:\/\/animefigurer.se\/wp-content\/uploads\/2025\/12\/Animefigurer_logowhite.png","contentUrl":"https:\/\/animefigurer.se\/wp-content\/uploads\/2025\/12\/Animefigurer_logowhite.png","width":1890,"height":1417,"caption":"Animefigurer.se"},"image":{"@id":"https:\/\/animefigurer.se\/#\/schema\/logo\/image\/"},"sameAs":["https:\/\/www.facebook.com\/profile.php?id=61581826539670","https:\/\/www.instagram.com\/animefigurer.se\/"],"email":"info@animefigurer.se"}]}},"_links":{"self":[{"href":"https:\/\/animefigurer.se\/en\/wp-json\/wp\/v2\/product\/30844","targetHints":{"allow":["GET"]}}],"collection":[{"href":"https:\/\/animefigurer.se\/en\/wp-json\/wp\/v2\/product"}],"about":[{"href":"https:\/\/animefigurer.se\/en\/wp-json\/wp\/v2\/types\/product"}],"replies":[{"embeddable":true,"href":"https:\/\/animefigurer.se\/en\/wp-json\/wp\/v2\/comments?post=30844"}],"wp:featuredmedia":[{"embeddable":true,"href":"https:\/\/animefigurer.se\/en\/wp-json\/wp\/v2\/media\/30845"}],"wp:attachment":[{"href":"https:\/\/animefigurer.se\/en\/wp-json\/wp\/v2\/media?parent=30844"}],"wp:term":[{"taxonomy":"product_brand","embeddable":true,"href":"https:\/\/animefigurer.se\/en\/wp-json\/wp\/v2\/product_brand?post=30844"},{"taxonomy":"product_cat","embeddable":true,"href":"https:\/\/animefigurer.se\/en\/wp-json\/wp\/v2\/product_cat?post=30844"},{"taxonomy":"product_tag","embeddable":true,"href":"https:\/\/animefigurer.se\/en\/wp-json\/wp\/v2\/product_tag?post=30844"},{"taxonomy":"giftcard-category","embeddable":true,"href":"https:\/\/animefigurer.se\/en\/wp-json\/wp\/v2\/giftcard-category?post=30844"}],"curies":[{"name":"wp","href":"https:\/\/api.w.org\/{rel}","templated":true}]}}