{"id":30146,"date":"2025-10-20T20:36:41","date_gmt":"2025-10-20T18:36:41","guid":{"rendered":"https:\/\/animefigurer.se\/produkt\/granblue-fantasy-concept-masterline-siegfried-deluxe-ver-1-6-scale-statue\/"},"modified":"2025-12-21T19:29:16","modified_gmt":"2025-12-21T18:29:16","slug":"granblue-fantasy-concept-masterline-siegfried-deluxe-ver-1-6-scale-statue","status":"publish","type":"product","link":"https:\/\/animefigurer.se\/en\/figurer\/granblue-fantasy\/granblue-fantasy-concept-masterline-siegfried-deluxe-ver-1-6-scale-statue\/","title":{"rendered":"Granblue Fantasy Concept Masterline Siegfried (Deluxe Ver.) 1\/6 Scale Statue"},"content":{"rendered":"<p>From Granblue Fantasy, Siegfried makes his entry into the Concept Masterline series in 1\/6 scale \u2013 the Deluxe version offers additional display options.<\/p>\n<p>The statue recreates his powerful illustration with the same relaxed pose, sword resting in hand and cloak stretching back. The windswept hair, piercing gaze and detailed armor are meticulously rendered, while the deep blue and purple shadings of the cloak and the crimson sword are maintained.<\/p>\n<p>The Deluxe Edition includes interchangeable parts for more expressions: a calm face with a rugged expression or a cool, uncovered smile. It also comes with a preset version of the Black Dragon&#039;s Maws so you can recreate your favorite version of Siegfried.<\/p>\n<p>A magnificent and versatile statue for fans and collectors.<\/p>","protected":false},"excerpt":{"rendered":"<p>From Granblue Fantasy, Siegfried makes his entry into the Concept Masterline series in 1\/6 scale \u2013 the Deluxe version offers additional display options.<\/p>\n<p>The statue reproduces his powerful illustration with the same relaxed pose, sword resting in hand and cloak extending back. Wind-tossed hair, pierced<\/p>","protected":false},"featured_media":30147,"comment_status":"closed","ping_status":"open","template":"","meta":{"_acf_changed":false,"_monsterinsights_skip_tracking":false,"_monsterinsights_sitenote_active":false,"_monsterinsights_sitenote_note":"","_monsterinsights_sitenote_category":0},"product_brand":[7111],"product_cat":[2692,7233],"product_tag":[26],"giftcard-category":[],"class_list":{"0":"post-30146","1":"product","2":"type-product","3":"status-publish","4":"has-post-thumbnail","6":"product_brand-prime-1-studio","7":"product_cat-granblue-fantasy","8":"product_cat-pre-order","9":"product_tag-pre-order","10":"pa_franchise-granblue-fantasy","11":"pa_karaktar-siegfried","12":"pa_material-polystone-and-other-materials","13":"pa_skala-57","14":"pa_storlek-50-cm","16":"first","17":"instock","18":"taxable","19":"shipping-taxable","20":"purchasable","21":"product-type-simple"},"acf":[],"yoast_head":"<!-- This site is optimized with the Yoast SEO Premium plugin v24.6 (Yoast SEO v27.3) - https:\/\/yoast.com\/product\/yoast-seo-premium-wordpress\/ -->\n<title>Granblue Fantasy Concept Masterline Siegfried (Deluxe Ver.) 1\/6 Scale Statue | Animefigurer.se<\/title>\n<meta name=\"robots\" content=\"index, follow, max-snippet:-1, max-image-preview:large, max-video-preview:-1\" \/>\n<link rel=\"canonical\" href=\"https:\/\/animefigurer.se\/en\/figurer\/granblue-fantasy\/granblue-fantasy-concept-masterline-siegfried-deluxe-ver-1-6-scale-statue\/\" \/>\n<meta property=\"og:locale\" content=\"en_GB\" \/>\n<meta property=\"og:type\" content=\"article\" \/>\n<meta property=\"og:title\" content=\"Granblue Fantasy Concept Masterline Siegfried (Deluxe Ver.) 1\/6 Scale Statue\" \/>\n<meta property=\"og:description\" content=\"Fr\u00e5n Granblue Fantasy g\u00f6r Siegfried entr\u00e9 i Concept Masterline-serien i skala 1\/6 \u2013 Deluxe-versionen ger ytterligare visningsm\u00f6jligheter. Statyn \u00e5terger hans kraftfulla illustration med samma avslappnade pose, sv\u00e4rdet vilande vid handen och manteln som str\u00e4cker sig bak\u00e5t. Vindrufsigt h\u00e5r, genomtr\u00e4n\" \/>\n<meta property=\"og:url\" content=\"https:\/\/animefigurer.se\/en\/figurer\/granblue-fantasy\/granblue-fantasy-concept-masterline-siegfried-deluxe-ver-1-6-scale-statue\/\" \/>\n<meta property=\"og:site_name\" content=\"Animefigurer.se\" \/>\n<meta property=\"article:publisher\" content=\"https:\/\/www.facebook.com\/profile.php?id=61581826539670\" \/>\n<meta property=\"article:modified_time\" content=\"2025-12-21T18:29:16+00:00\" \/>\n<meta property=\"og:image\" content=\"https:\/\/animefigurer.se\/wp-content\/uploads\/2025\/12\/Animefigurer_logowhite.png\" \/>\n\t<meta property=\"og:image:width\" content=\"1890\" \/>\n\t<meta property=\"og:image:height\" content=\"1417\" \/>\n\t<meta property=\"og:image:type\" content=\"image\/png\" \/>\n<meta name=\"twitter:card\" content=\"summary_large_image\" \/>\n<meta name=\"twitter:label1\" content=\"Estimated reading time\" \/>\n\t<meta name=\"twitter:data1\" content=\"1 minute\" \/>\n<script type=\"application\/ld+json\" class=\"yoast-schema-graph\">{\"@context\":\"https:\\\/\\\/schema.org\",\"@graph\":[{\"@type\":\"WebPage\",\"@id\":\"https:\\\/\\\/animefigurer.se\\\/en\\\/figurer\\\/granblue-fantasy\\\/granblue-fantasy-concept-masterline-siegfried-deluxe-ver-1-6-scale-statue\\\/\",\"url\":\"https:\\\/\\\/animefigurer.se\\\/en\\\/figurer\\\/granblue-fantasy\\\/granblue-fantasy-concept-masterline-siegfried-deluxe-ver-1-6-scale-statue\\\/\",\"name\":\"Granblue Fantasy Concept Masterline Siegfried (Deluxe Ver.) 1\\\/6 Scale Statue | Animefigurer.se\",\"isPartOf\":{\"@id\":\"https:\\\/\\\/animefigurer.se\\\/#website\"},\"primaryImageOfPage\":{\"@id\":\"https:\\\/\\\/animefigurer.se\\\/en\\\/figurer\\\/granblue-fantasy\\\/granblue-fantasy-concept-masterline-siegfried-deluxe-ver-1-6-scale-statue\\\/#primaryimage\"},\"image\":{\"@id\":\"https:\\\/\\\/animefigurer.se\\\/en\\\/figurer\\\/granblue-fantasy\\\/granblue-fantasy-concept-masterline-siegfried-deluxe-ver-1-6-scale-statue\\\/#primaryimage\"},\"thumbnailUrl\":\"https:\\\/\\\/animefigurer.se\\\/wp-content\\\/uploads\\\/2025\\\/10\\\/689f0cf9e09d1.jpeg\",\"datePublished\":\"2025-10-20T18:36:41+00:00\",\"dateModified\":\"2025-12-21T18:29:16+00:00\",\"breadcrumb\":{\"@id\":\"https:\\\/\\\/animefigurer.se\\\/en\\\/figurer\\\/granblue-fantasy\\\/granblue-fantasy-concept-masterline-siegfried-deluxe-ver-1-6-scale-statue\\\/#breadcrumb\"},\"inLanguage\":\"en-GB\",\"potentialAction\":[{\"@type\":\"ReadAction\",\"target\":[\"https:\\\/\\\/animefigurer.se\\\/en\\\/figurer\\\/granblue-fantasy\\\/granblue-fantasy-concept-masterline-siegfried-deluxe-ver-1-6-scale-statue\\\/\"]}]},{\"@type\":\"ImageObject\",\"inLanguage\":\"en-GB\",\"@id\":\"https:\\\/\\\/animefigurer.se\\\/en\\\/figurer\\\/granblue-fantasy\\\/granblue-fantasy-concept-masterline-siegfried-deluxe-ver-1-6-scale-statue\\\/#primaryimage\",\"url\":\"https:\\\/\\\/animefigurer.se\\\/wp-content\\\/uploads\\\/2025\\\/10\\\/689f0cf9e09d1.jpeg\",\"contentUrl\":\"https:\\\/\\\/animefigurer.se\\\/wp-content\\\/uploads\\\/2025\\\/10\\\/689f0cf9e09d1.jpeg\",\"width\":1000,\"height\":750},{\"@type\":\"BreadcrumbList\",\"@id\":\"https:\\\/\\\/animefigurer.se\\\/en\\\/figurer\\\/granblue-fantasy\\\/granblue-fantasy-concept-masterline-siegfried-deluxe-ver-1-6-scale-statue\\\/#breadcrumb\",\"itemListElement\":[{\"@type\":\"ListItem\",\"position\":1,\"name\":\"Home\",\"item\":\"https:\\\/\\\/animefigurer.se\\\/\"},{\"@type\":\"ListItem\",\"position\":2,\"name\":\"Butik\",\"item\":\"https:\\\/\\\/animefigurer.se\\\/figurer\\\/\"},{\"@type\":\"ListItem\",\"position\":3,\"name\":\"Granblue Fantasy Concept Masterline Siegfried (Deluxe Ver.) 1\\\/6 Scale Statue\"}]},{\"@type\":\"WebSite\",\"@id\":\"https:\\\/\\\/animefigurer.se\\\/#website\",\"url\":\"https:\\\/\\\/animefigurer.se\\\/\",\"name\":\"Animefigurer.se\",\"description\":\"Anime figurer fr\u00e5n \u00f6ver 300 olika anime serier med \u00f6ver 9000 produkter | Anime Shop\",\"publisher\":{\"@id\":\"https:\\\/\\\/animefigurer.se\\\/#organization\"},\"potentialAction\":[{\"@type\":\"SearchAction\",\"target\":{\"@type\":\"EntryPoint\",\"urlTemplate\":\"https:\\\/\\\/animefigurer.se\\\/?s={search_term_string}\"},\"query-input\":{\"@type\":\"PropertyValueSpecification\",\"valueRequired\":true,\"valueName\":\"search_term_string\"}}],\"inLanguage\":\"en-GB\"},{\"@type\":\"Organization\",\"@id\":\"https:\\\/\\\/animefigurer.se\\\/#organization\",\"name\":\"Animefigurer.se\",\"alternateName\":\"Anime figurer | Anime shop\",\"url\":\"https:\\\/\\\/animefigurer.se\\\/\",\"logo\":{\"@type\":\"ImageObject\",\"inLanguage\":\"en-GB\",\"@id\":\"https:\\\/\\\/animefigurer.se\\\/#\\\/schema\\\/logo\\\/image\\\/\",\"url\":\"https:\\\/\\\/animefigurer.se\\\/wp-content\\\/uploads\\\/2025\\\/12\\\/Animefigurer_logowhite.png\",\"contentUrl\":\"https:\\\/\\\/animefigurer.se\\\/wp-content\\\/uploads\\\/2025\\\/12\\\/Animefigurer_logowhite.png\",\"width\":1890,\"height\":1417,\"caption\":\"Animefigurer.se\"},\"image\":{\"@id\":\"https:\\\/\\\/animefigurer.se\\\/#\\\/schema\\\/logo\\\/image\\\/\"},\"sameAs\":[\"https:\\\/\\\/www.facebook.com\\\/profile.php?id=61581826539670\",\"https:\\\/\\\/www.instagram.com\\\/animefigurer.se\\\/\"],\"email\":\"info@animefigurer.se\"}]}<\/script>\n<!-- \/ Yoast SEO Premium plugin. -->","yoast_head_json":{"title":"Granblue Fantasy Concept Masterline Siegfried (Deluxe Ver.) 1\/6 Scale Statue | Animefigurer.se","robots":{"index":"index","follow":"follow","max-snippet":"max-snippet:-1","max-image-preview":"max-image-preview:large","max-video-preview":"max-video-preview:-1"},"canonical":"https:\/\/animefigurer.se\/en\/figurer\/granblue-fantasy\/granblue-fantasy-concept-masterline-siegfried-deluxe-ver-1-6-scale-statue\/","og_locale":"en_GB","og_type":"article","og_title":"Granblue Fantasy Concept Masterline Siegfried (Deluxe Ver.) 1\/6 Scale Statue","og_description":"Fr\u00e5n Granblue Fantasy g\u00f6r Siegfried entr\u00e9 i Concept Masterline-serien i skala 1\/6 \u2013 Deluxe-versionen ger ytterligare visningsm\u00f6jligheter. Statyn \u00e5terger hans kraftfulla illustration med samma avslappnade pose, sv\u00e4rdet vilande vid handen och manteln som str\u00e4cker sig bak\u00e5t. Vindrufsigt h\u00e5r, genomtr\u00e4n","og_url":"https:\/\/animefigurer.se\/en\/figurer\/granblue-fantasy\/granblue-fantasy-concept-masterline-siegfried-deluxe-ver-1-6-scale-statue\/","og_site_name":"Animefigurer.se","article_publisher":"https:\/\/www.facebook.com\/profile.php?id=61581826539670","article_modified_time":"2025-12-21T18:29:16+00:00","og_image":[{"width":1890,"height":1417,"url":"https:\/\/animefigurer.se\/wp-content\/uploads\/2025\/12\/Animefigurer_logowhite.png","type":"image\/png"}],"twitter_card":"summary_large_image","twitter_misc":{"Estimated reading time":"1 minute"},"schema":{"@context":"https:\/\/schema.org","@graph":[{"@type":"WebPage","@id":"https:\/\/animefigurer.se\/en\/figurer\/granblue-fantasy\/granblue-fantasy-concept-masterline-siegfried-deluxe-ver-1-6-scale-statue\/","url":"https:\/\/animefigurer.se\/en\/figurer\/granblue-fantasy\/granblue-fantasy-concept-masterline-siegfried-deluxe-ver-1-6-scale-statue\/","name":"Granblue Fantasy Concept Masterline Siegfried (Deluxe Ver.) 1\/6 Scale Statue | Animefigurer.se","isPartOf":{"@id":"https:\/\/animefigurer.se\/#website"},"primaryImageOfPage":{"@id":"https:\/\/animefigurer.se\/en\/figurer\/granblue-fantasy\/granblue-fantasy-concept-masterline-siegfried-deluxe-ver-1-6-scale-statue\/#primaryimage"},"image":{"@id":"https:\/\/animefigurer.se\/en\/figurer\/granblue-fantasy\/granblue-fantasy-concept-masterline-siegfried-deluxe-ver-1-6-scale-statue\/#primaryimage"},"thumbnailUrl":"https:\/\/animefigurer.se\/wp-content\/uploads\/2025\/10\/689f0cf9e09d1.jpeg","datePublished":"2025-10-20T18:36:41+00:00","dateModified":"2025-12-21T18:29:16+00:00","breadcrumb":{"@id":"https:\/\/animefigurer.se\/en\/figurer\/granblue-fantasy\/granblue-fantasy-concept-masterline-siegfried-deluxe-ver-1-6-scale-statue\/#breadcrumb"},"inLanguage":"en-GB","potentialAction":[{"@type":"ReadAction","target":["https:\/\/animefigurer.se\/en\/figurer\/granblue-fantasy\/granblue-fantasy-concept-masterline-siegfried-deluxe-ver-1-6-scale-statue\/"]}]},{"@type":"ImageObject","inLanguage":"en-GB","@id":"https:\/\/animefigurer.se\/en\/figurer\/granblue-fantasy\/granblue-fantasy-concept-masterline-siegfried-deluxe-ver-1-6-scale-statue\/#primaryimage","url":"https:\/\/animefigurer.se\/wp-content\/uploads\/2025\/10\/689f0cf9e09d1.jpeg","contentUrl":"https:\/\/animefigurer.se\/wp-content\/uploads\/2025\/10\/689f0cf9e09d1.jpeg","width":1000,"height":750},{"@type":"BreadcrumbList","@id":"https:\/\/animefigurer.se\/en\/figurer\/granblue-fantasy\/granblue-fantasy-concept-masterline-siegfried-deluxe-ver-1-6-scale-statue\/#breadcrumb","itemListElement":[{"@type":"ListItem","position":1,"name":"Home","item":"https:\/\/animefigurer.se\/"},{"@type":"ListItem","position":2,"name":"Butik","item":"https:\/\/animefigurer.se\/figurer\/"},{"@type":"ListItem","position":3,"name":"Granblue Fantasy Concept Masterline Siegfried (Deluxe Ver.) 1\/6 Scale Statue"}]},{"@type":"WebSite","@id":"https:\/\/animefigurer.se\/#website","url":"https:\/\/animefigurer.se\/","name":"Animefigurer.se","description":"Anime figures from over 300 different anime series with over 9000 products | Anime Shop","publisher":{"@id":"https:\/\/animefigurer.se\/#organization"},"potentialAction":[{"@type":"SearchAction","target":{"@type":"EntryPoint","urlTemplate":"https:\/\/animefigurer.se\/?s={search_term_string}"},"query-input":{"@type":"PropertyValueSpecification","valueRequired":true,"valueName":"search_term_string"}}],"inLanguage":"en-GB"},{"@type":"Organization","@id":"https:\/\/animefigurer.se\/#organization","name":"Animefigurer.se","alternateName":"Anime figurer | Anime shop","url":"https:\/\/animefigurer.se\/","logo":{"@type":"ImageObject","inLanguage":"en-GB","@id":"https:\/\/animefigurer.se\/#\/schema\/logo\/image\/","url":"https:\/\/animefigurer.se\/wp-content\/uploads\/2025\/12\/Animefigurer_logowhite.png","contentUrl":"https:\/\/animefigurer.se\/wp-content\/uploads\/2025\/12\/Animefigurer_logowhite.png","width":1890,"height":1417,"caption":"Animefigurer.se"},"image":{"@id":"https:\/\/animefigurer.se\/#\/schema\/logo\/image\/"},"sameAs":["https:\/\/www.facebook.com\/profile.php?id=61581826539670","https:\/\/www.instagram.com\/animefigurer.se\/"],"email":"info@animefigurer.se"}]}},"_links":{"self":[{"href":"https:\/\/animefigurer.se\/en\/wp-json\/wp\/v2\/product\/30146","targetHints":{"allow":["GET"]}}],"collection":[{"href":"https:\/\/animefigurer.se\/en\/wp-json\/wp\/v2\/product"}],"about":[{"href":"https:\/\/animefigurer.se\/en\/wp-json\/wp\/v2\/types\/product"}],"replies":[{"embeddable":true,"href":"https:\/\/animefigurer.se\/en\/wp-json\/wp\/v2\/comments?post=30146"}],"wp:featuredmedia":[{"embeddable":true,"href":"https:\/\/animefigurer.se\/en\/wp-json\/wp\/v2\/media\/30147"}],"wp:attachment":[{"href":"https:\/\/animefigurer.se\/en\/wp-json\/wp\/v2\/media?parent=30146"}],"wp:term":[{"taxonomy":"product_brand","embeddable":true,"href":"https:\/\/animefigurer.se\/en\/wp-json\/wp\/v2\/product_brand?post=30146"},{"taxonomy":"product_cat","embeddable":true,"href":"https:\/\/animefigurer.se\/en\/wp-json\/wp\/v2\/product_cat?post=30146"},{"taxonomy":"product_tag","embeddable":true,"href":"https:\/\/animefigurer.se\/en\/wp-json\/wp\/v2\/product_tag?post=30146"},{"taxonomy":"giftcard-category","embeddable":true,"href":"https:\/\/animefigurer.se\/en\/wp-json\/wp\/v2\/giftcard-category?post=30146"}],"curies":[{"name":"wp","href":"https:\/\/api.w.org\/{rel}","templated":true}]}}