{"id":28943,"date":"2025-10-20T20:29:24","date_gmt":"2025-10-20T18:29:24","guid":{"rendered":"https:\/\/animefigurer.se\/produkt\/goddess-of-victory-nikke-dorothy-nostalgia-1-7-scale-figure\/"},"modified":"2025-12-21T19:29:03","modified_gmt":"2025-12-21T18:29:03","slug":"goddess-of-victory-nikke-dorothy-nostalgia-1-7-scale-figure","status":"publish","type":"product","link":"https:\/\/animefigurer.se\/en\/figurer\/goddess-of-victory-nikke\/goddess-of-victory-nikke-dorothy-nostalgia-1-7-scale-figure\/","title":{"rendered":"Goddess of Victory: Nikke Dorothy: Nostalgia 1\/7 Scale Figure"},"content":{"rendered":"<p>Dorothy in her Nostalgia outfit is reproduced as a 1\/7th scale figure from GODDESS OF VICTORY: NIKKE. She smiles enigmatically as she leans against a detailed table, showing off her curvy silhouette. The wrinkles and colors of the outfit are carefully reproduced, and the wings and accessories highlight her elegant charm. The desserts on the table and the plush Stick are also included in the modeling. Commander Captain, don&#039;t miss adding Dorothy: Nostalgia to your collection.<\/p>","protected":false},"excerpt":{"rendered":"<p>Dorothy in her Nostalgia outfit is reproduced as a 1\/7th scale figure from GODDESS OF VICTORY: NIKKE. She smiles enigmatically as she leans against a detailed table, showing off her curvy silhouette. The wrinkles and colors of the outfit are carefully reproduced, and the wings and accessories highlight her elegant charm. The<\/p>","protected":false},"featured_media":28944,"comment_status":"closed","ping_status":"open","template":"","meta":{"_acf_changed":false,"_monsterinsights_skip_tracking":false,"_monsterinsights_sitenote_active":false,"_monsterinsights_sitenote_note":"","_monsterinsights_sitenote_category":0},"product_brand":[6890],"product_cat":[2551,7233],"product_tag":[26],"giftcard-category":[],"class_list":{"0":"post-28943","1":"product","2":"type-product","3":"status-publish","4":"has-post-thumbnail","6":"product_brand-good-smile-company","7":"product_cat-goddess-of-victory-nikke","8":"product_cat-pre-order","9":"product_tag-pre-order","10":"pa_franchise-goddess-of-victory-nikke","11":"pa_karaktar-dorothy","12":"pa_material-pvc-abs","13":"pa_skala-41","14":"pa_storlek-22-cm","16":"first","17":"instock","18":"taxable","19":"shipping-taxable","20":"purchasable","21":"product-type-simple"},"acf":[],"yoast_head":"<!-- This site is optimized with the Yoast SEO Premium plugin v24.6 (Yoast SEO v27.3) - https:\/\/yoast.com\/product\/yoast-seo-premium-wordpress\/ -->\n<title>Goddess of Victory: Nikke Dorothy: Nostalgia 1\/7 Scale Figure | Animefigurer.se<\/title>\n<meta name=\"robots\" content=\"index, follow, max-snippet:-1, max-image-preview:large, max-video-preview:-1\" \/>\n<link rel=\"canonical\" href=\"https:\/\/animefigurer.se\/en\/figurer\/goddess-of-victory-nikke\/goddess-of-victory-nikke-dorothy-nostalgia-1-7-scale-figure\/\" \/>\n<meta property=\"og:locale\" content=\"en_GB\" \/>\n<meta property=\"og:type\" content=\"article\" \/>\n<meta property=\"og:title\" content=\"Goddess of Victory: Nikke Dorothy: Nostalgia 1\/7 Scale Figure\" \/>\n<meta property=\"og:description\" content=\"Dorothy i sin Nostalgia-outfit \u00e5terges som 1\/7-skalafigur fr\u00e5n GODDESS OF VICTORY: NIKKE. Hon ler g\u00e5tfullt medan hon lutar sig mot ett detaljerat bord och visar sin kurviga siluett. Rynkor och f\u00e4rger i dr\u00e4kten \u00e4r noggrant \u00e5tergivna, och vingarna samt accessoarerna framh\u00e4ver hennes eleganta charm. De\" \/>\n<meta property=\"og:url\" content=\"https:\/\/animefigurer.se\/en\/figurer\/goddess-of-victory-nikke\/goddess-of-victory-nikke-dorothy-nostalgia-1-7-scale-figure\/\" \/>\n<meta property=\"og:site_name\" content=\"Animefigurer.se\" \/>\n<meta property=\"article:publisher\" content=\"https:\/\/www.facebook.com\/profile.php?id=61581826539670\" \/>\n<meta property=\"article:modified_time\" content=\"2025-12-21T18:29:03+00:00\" \/>\n<meta property=\"og:image\" content=\"https:\/\/animefigurer.se\/wp-content\/uploads\/2025\/12\/Animefigurer_logowhite.png\" \/>\n\t<meta property=\"og:image:width\" content=\"1890\" \/>\n\t<meta property=\"og:image:height\" content=\"1417\" \/>\n\t<meta property=\"og:image:type\" content=\"image\/png\" \/>\n<meta name=\"twitter:card\" content=\"summary_large_image\" \/>\n<script type=\"application\/ld+json\" class=\"yoast-schema-graph\">{\"@context\":\"https:\\\/\\\/schema.org\",\"@graph\":[{\"@type\":\"WebPage\",\"@id\":\"https:\\\/\\\/animefigurer.se\\\/en\\\/figurer\\\/goddess-of-victory-nikke\\\/goddess-of-victory-nikke-dorothy-nostalgia-1-7-scale-figure\\\/\",\"url\":\"https:\\\/\\\/animefigurer.se\\\/en\\\/figurer\\\/goddess-of-victory-nikke\\\/goddess-of-victory-nikke-dorothy-nostalgia-1-7-scale-figure\\\/\",\"name\":\"Goddess of Victory: Nikke Dorothy: Nostalgia 1\\\/7 Scale Figure | Animefigurer.se\",\"isPartOf\":{\"@id\":\"https:\\\/\\\/animefigurer.se\\\/#website\"},\"primaryImageOfPage\":{\"@id\":\"https:\\\/\\\/animefigurer.se\\\/en\\\/figurer\\\/goddess-of-victory-nikke\\\/goddess-of-victory-nikke-dorothy-nostalgia-1-7-scale-figure\\\/#primaryimage\"},\"image\":{\"@id\":\"https:\\\/\\\/animefigurer.se\\\/en\\\/figurer\\\/goddess-of-victory-nikke\\\/goddess-of-victory-nikke-dorothy-nostalgia-1-7-scale-figure\\\/#primaryimage\"},\"thumbnailUrl\":\"https:\\\/\\\/animefigurer.se\\\/wp-content\\\/uploads\\\/2025\\\/10\\\/68b74ea80a357.jpeg\",\"datePublished\":\"2025-10-20T18:29:24+00:00\",\"dateModified\":\"2025-12-21T18:29:03+00:00\",\"breadcrumb\":{\"@id\":\"https:\\\/\\\/animefigurer.se\\\/en\\\/figurer\\\/goddess-of-victory-nikke\\\/goddess-of-victory-nikke-dorothy-nostalgia-1-7-scale-figure\\\/#breadcrumb\"},\"inLanguage\":\"en-GB\",\"potentialAction\":[{\"@type\":\"ReadAction\",\"target\":[\"https:\\\/\\\/animefigurer.se\\\/en\\\/figurer\\\/goddess-of-victory-nikke\\\/goddess-of-victory-nikke-dorothy-nostalgia-1-7-scale-figure\\\/\"]}]},{\"@type\":\"ImageObject\",\"inLanguage\":\"en-GB\",\"@id\":\"https:\\\/\\\/animefigurer.se\\\/en\\\/figurer\\\/goddess-of-victory-nikke\\\/goddess-of-victory-nikke-dorothy-nostalgia-1-7-scale-figure\\\/#primaryimage\",\"url\":\"https:\\\/\\\/animefigurer.se\\\/wp-content\\\/uploads\\\/2025\\\/10\\\/68b74ea80a357.jpeg\",\"contentUrl\":\"https:\\\/\\\/animefigurer.se\\\/wp-content\\\/uploads\\\/2025\\\/10\\\/68b74ea80a357.jpeg\",\"width\":1000,\"height\":750},{\"@type\":\"BreadcrumbList\",\"@id\":\"https:\\\/\\\/animefigurer.se\\\/en\\\/figurer\\\/goddess-of-victory-nikke\\\/goddess-of-victory-nikke-dorothy-nostalgia-1-7-scale-figure\\\/#breadcrumb\",\"itemListElement\":[{\"@type\":\"ListItem\",\"position\":1,\"name\":\"Home\",\"item\":\"https:\\\/\\\/animefigurer.se\\\/\"},{\"@type\":\"ListItem\",\"position\":2,\"name\":\"Butik\",\"item\":\"https:\\\/\\\/animefigurer.se\\\/figurer\\\/\"},{\"@type\":\"ListItem\",\"position\":3,\"name\":\"Goddess of Victory: Nikke Dorothy: Nostalgia 1\\\/7 Scale Figure\"}]},{\"@type\":\"WebSite\",\"@id\":\"https:\\\/\\\/animefigurer.se\\\/#website\",\"url\":\"https:\\\/\\\/animefigurer.se\\\/\",\"name\":\"Animefigurer.se\",\"description\":\"Anime figurer fr\u00e5n \u00f6ver 300 olika anime serier med \u00f6ver 9000 produkter | Anime Shop\",\"publisher\":{\"@id\":\"https:\\\/\\\/animefigurer.se\\\/#organization\"},\"potentialAction\":[{\"@type\":\"SearchAction\",\"target\":{\"@type\":\"EntryPoint\",\"urlTemplate\":\"https:\\\/\\\/animefigurer.se\\\/?s={search_term_string}\"},\"query-input\":{\"@type\":\"PropertyValueSpecification\",\"valueRequired\":true,\"valueName\":\"search_term_string\"}}],\"inLanguage\":\"en-GB\"},{\"@type\":\"Organization\",\"@id\":\"https:\\\/\\\/animefigurer.se\\\/#organization\",\"name\":\"Animefigurer.se\",\"alternateName\":\"Anime figurer | Anime shop\",\"url\":\"https:\\\/\\\/animefigurer.se\\\/\",\"logo\":{\"@type\":\"ImageObject\",\"inLanguage\":\"en-GB\",\"@id\":\"https:\\\/\\\/animefigurer.se\\\/#\\\/schema\\\/logo\\\/image\\\/\",\"url\":\"https:\\\/\\\/animefigurer.se\\\/wp-content\\\/uploads\\\/2025\\\/12\\\/Animefigurer_logowhite.png\",\"contentUrl\":\"https:\\\/\\\/animefigurer.se\\\/wp-content\\\/uploads\\\/2025\\\/12\\\/Animefigurer_logowhite.png\",\"width\":1890,\"height\":1417,\"caption\":\"Animefigurer.se\"},\"image\":{\"@id\":\"https:\\\/\\\/animefigurer.se\\\/#\\\/schema\\\/logo\\\/image\\\/\"},\"sameAs\":[\"https:\\\/\\\/www.facebook.com\\\/profile.php?id=61581826539670\",\"https:\\\/\\\/www.instagram.com\\\/animefigurer.se\\\/\"],\"email\":\"info@animefigurer.se\"}]}<\/script>\n<!-- \/ Yoast SEO Premium plugin. -->","yoast_head_json":{"title":"Goddess of Victory: Nikke Dorothy: Nostalgia 1\/7 Scale Figure | Animefigurer.se","robots":{"index":"index","follow":"follow","max-snippet":"max-snippet:-1","max-image-preview":"max-image-preview:large","max-video-preview":"max-video-preview:-1"},"canonical":"https:\/\/animefigurer.se\/en\/figurer\/goddess-of-victory-nikke\/goddess-of-victory-nikke-dorothy-nostalgia-1-7-scale-figure\/","og_locale":"en_GB","og_type":"article","og_title":"Goddess of Victory: Nikke Dorothy: Nostalgia 1\/7 Scale Figure","og_description":"Dorothy i sin Nostalgia-outfit \u00e5terges som 1\/7-skalafigur fr\u00e5n GODDESS OF VICTORY: NIKKE. Hon ler g\u00e5tfullt medan hon lutar sig mot ett detaljerat bord och visar sin kurviga siluett. Rynkor och f\u00e4rger i dr\u00e4kten \u00e4r noggrant \u00e5tergivna, och vingarna samt accessoarerna framh\u00e4ver hennes eleganta charm. De","og_url":"https:\/\/animefigurer.se\/en\/figurer\/goddess-of-victory-nikke\/goddess-of-victory-nikke-dorothy-nostalgia-1-7-scale-figure\/","og_site_name":"Animefigurer.se","article_publisher":"https:\/\/www.facebook.com\/profile.php?id=61581826539670","article_modified_time":"2025-12-21T18:29:03+00:00","og_image":[{"width":1890,"height":1417,"url":"https:\/\/animefigurer.se\/wp-content\/uploads\/2025\/12\/Animefigurer_logowhite.png","type":"image\/png"}],"twitter_card":"summary_large_image","schema":{"@context":"https:\/\/schema.org","@graph":[{"@type":"WebPage","@id":"https:\/\/animefigurer.se\/en\/figurer\/goddess-of-victory-nikke\/goddess-of-victory-nikke-dorothy-nostalgia-1-7-scale-figure\/","url":"https:\/\/animefigurer.se\/en\/figurer\/goddess-of-victory-nikke\/goddess-of-victory-nikke-dorothy-nostalgia-1-7-scale-figure\/","name":"Goddess of Victory: Nikke Dorothy: Nostalgia 1\/7 Scale Figure | Animefigurer.se","isPartOf":{"@id":"https:\/\/animefigurer.se\/#website"},"primaryImageOfPage":{"@id":"https:\/\/animefigurer.se\/en\/figurer\/goddess-of-victory-nikke\/goddess-of-victory-nikke-dorothy-nostalgia-1-7-scale-figure\/#primaryimage"},"image":{"@id":"https:\/\/animefigurer.se\/en\/figurer\/goddess-of-victory-nikke\/goddess-of-victory-nikke-dorothy-nostalgia-1-7-scale-figure\/#primaryimage"},"thumbnailUrl":"https:\/\/animefigurer.se\/wp-content\/uploads\/2025\/10\/68b74ea80a357.jpeg","datePublished":"2025-10-20T18:29:24+00:00","dateModified":"2025-12-21T18:29:03+00:00","breadcrumb":{"@id":"https:\/\/animefigurer.se\/en\/figurer\/goddess-of-victory-nikke\/goddess-of-victory-nikke-dorothy-nostalgia-1-7-scale-figure\/#breadcrumb"},"inLanguage":"en-GB","potentialAction":[{"@type":"ReadAction","target":["https:\/\/animefigurer.se\/en\/figurer\/goddess-of-victory-nikke\/goddess-of-victory-nikke-dorothy-nostalgia-1-7-scale-figure\/"]}]},{"@type":"ImageObject","inLanguage":"en-GB","@id":"https:\/\/animefigurer.se\/en\/figurer\/goddess-of-victory-nikke\/goddess-of-victory-nikke-dorothy-nostalgia-1-7-scale-figure\/#primaryimage","url":"https:\/\/animefigurer.se\/wp-content\/uploads\/2025\/10\/68b74ea80a357.jpeg","contentUrl":"https:\/\/animefigurer.se\/wp-content\/uploads\/2025\/10\/68b74ea80a357.jpeg","width":1000,"height":750},{"@type":"BreadcrumbList","@id":"https:\/\/animefigurer.se\/en\/figurer\/goddess-of-victory-nikke\/goddess-of-victory-nikke-dorothy-nostalgia-1-7-scale-figure\/#breadcrumb","itemListElement":[{"@type":"ListItem","position":1,"name":"Home","item":"https:\/\/animefigurer.se\/"},{"@type":"ListItem","position":2,"name":"Butik","item":"https:\/\/animefigurer.se\/figurer\/"},{"@type":"ListItem","position":3,"name":"Goddess of Victory: Nikke Dorothy: Nostalgia 1\/7 Scale Figure"}]},{"@type":"WebSite","@id":"https:\/\/animefigurer.se\/#website","url":"https:\/\/animefigurer.se\/","name":"Animefigurer.se","description":"Anime figures from over 300 different anime series with over 9000 products | Anime Shop","publisher":{"@id":"https:\/\/animefigurer.se\/#organization"},"potentialAction":[{"@type":"SearchAction","target":{"@type":"EntryPoint","urlTemplate":"https:\/\/animefigurer.se\/?s={search_term_string}"},"query-input":{"@type":"PropertyValueSpecification","valueRequired":true,"valueName":"search_term_string"}}],"inLanguage":"en-GB"},{"@type":"Organization","@id":"https:\/\/animefigurer.se\/#organization","name":"Animefigurer.se","alternateName":"Anime figurer | Anime shop","url":"https:\/\/animefigurer.se\/","logo":{"@type":"ImageObject","inLanguage":"en-GB","@id":"https:\/\/animefigurer.se\/#\/schema\/logo\/image\/","url":"https:\/\/animefigurer.se\/wp-content\/uploads\/2025\/12\/Animefigurer_logowhite.png","contentUrl":"https:\/\/animefigurer.se\/wp-content\/uploads\/2025\/12\/Animefigurer_logowhite.png","width":1890,"height":1417,"caption":"Animefigurer.se"},"image":{"@id":"https:\/\/animefigurer.se\/#\/schema\/logo\/image\/"},"sameAs":["https:\/\/www.facebook.com\/profile.php?id=61581826539670","https:\/\/www.instagram.com\/animefigurer.se\/"],"email":"info@animefigurer.se"}]}},"_links":{"self":[{"href":"https:\/\/animefigurer.se\/en\/wp-json\/wp\/v2\/product\/28943","targetHints":{"allow":["GET"]}}],"collection":[{"href":"https:\/\/animefigurer.se\/en\/wp-json\/wp\/v2\/product"}],"about":[{"href":"https:\/\/animefigurer.se\/en\/wp-json\/wp\/v2\/types\/product"}],"replies":[{"embeddable":true,"href":"https:\/\/animefigurer.se\/en\/wp-json\/wp\/v2\/comments?post=28943"}],"wp:featuredmedia":[{"embeddable":true,"href":"https:\/\/animefigurer.se\/en\/wp-json\/wp\/v2\/media\/28944"}],"wp:attachment":[{"href":"https:\/\/animefigurer.se\/en\/wp-json\/wp\/v2\/media?parent=28943"}],"wp:term":[{"taxonomy":"product_brand","embeddable":true,"href":"https:\/\/animefigurer.se\/en\/wp-json\/wp\/v2\/product_brand?post=28943"},{"taxonomy":"product_cat","embeddable":true,"href":"https:\/\/animefigurer.se\/en\/wp-json\/wp\/v2\/product_cat?post=28943"},{"taxonomy":"product_tag","embeddable":true,"href":"https:\/\/animefigurer.se\/en\/wp-json\/wp\/v2\/product_tag?post=28943"},{"taxonomy":"giftcard-category","embeddable":true,"href":"https:\/\/animefigurer.se\/en\/wp-json\/wp\/v2\/giftcard-category?post=28943"}],"curies":[{"name":"wp","href":"https:\/\/api.w.org\/{rel}","templated":true}]}}