{"id":28359,"date":"2025-10-20T20:26:35","date_gmt":"2025-10-20T18:26:35","guid":{"rendered":"https:\/\/animefigurer.se\/produkt\/goddess-of-victory-nikke-modernia-first-affection-1-12-scale-action-figure\/"},"modified":"2026-03-17T12:30:07","modified_gmt":"2026-03-17T11:30:07","slug":"goddess-of-victory-nikke-modernia-first-affection-1-12-scale-action-figure","status":"publish","type":"product","link":"https:\/\/animefigurer.se\/en\/figurer\/goddess-of-victory-nikke\/goddess-of-victory-nikke-modernia-first-affection-1-12-scale-action-figure\/","title":{"rendered":"Goddess of Victory: Nikke Modernia First Affection 1\/12 Scale Action Figure"},"content":{"rendered":"<p>Action figure from Goddess of Victory: NIKKE, approximately 16 cm tall with multiple points of articulation and interchangeable parts for varied poses.<\/p>\n<p>Contains:<\/p>\n<p>\u2013 1 x Main figure<br \/>\n\u2013 3 x Face parts with fully movable eye (happy, sad, expressionless, includes standard)<br \/>\n\u2013 1 x Mini tool for changing eye direction NEO<br \/>\n\u2013 3 x Alternative hand part sets (relaxed, weapon holding hand, gripping hand, includes standard)<br \/>\n\u2013 1 x Shirt<br \/>\n\u2013 1 x Firing position body (non-movable)<br \/>\n\u2013 1 x Alternative foot part set (standing on tiptoe)<br \/>\n\u2013 1 x New Dawn Machine Gun<br \/>\n\u2013 1 x Commander plush<br \/>\n\u2013 1 x Clear base<br \/>\n\u2013 1 x Support rod<br \/>\n\u2013 1 x Clamp<\/p>","protected":false},"excerpt":{"rendered":"<p>Action figure from Goddess of Victory: NIKKE, approximately 16 cm tall with multiple points of articulation and interchangeable parts for varied poses.<\/p>\n<p>Contains:<\/p>\n<p>\u2013 1 x Main figure<br \/>\n\u2013 3 x Face parts with fully movable eye (happy, sad, expressionless, includes standard)<br \/>\n\u2013 1 x Mini tool for changing eye direction N<\/p>","protected":false},"featured_media":28360,"comment_status":"closed","ping_status":"closed","template":"","meta":{"_acf_changed":false,"_monsterinsights_skip_tracking":false,"_monsterinsights_sitenote_active":false,"_monsterinsights_sitenote_note":"","_monsterinsights_sitenote_category":0},"product_brand":[7139],"product_cat":[2551],"product_tag":[24],"giftcard-category":[],"class_list":{"0":"post-28359","1":"product","2":"type-product","3":"status-publish","4":"has-post-thumbnail","6":"product_brand-snail-shell","7":"product_cat-goddess-of-victory-nikke","8":"product_tag-2-3-weeks","9":"pa_franchise-goddess-of-victory-nikke","10":"pa_karaktar-modernia","11":"pa_material-plastic","12":"pa_skala-921","14":"first","15":"instock","16":"taxable","17":"shipping-taxable","18":"purchasable","19":"product-type-simple"},"acf":[],"yoast_head":"<!-- This site is optimized with the Yoast SEO Premium plugin v24.6 (Yoast SEO v27.3) - https:\/\/yoast.com\/product\/yoast-seo-premium-wordpress\/ -->\n<title>Goddess of Victory: Nikke Modernia First Affection 1\/12 Scale Action Figure | Animefigurer.se<\/title>\n<meta name=\"robots\" content=\"index, follow, max-snippet:-1, max-image-preview:large, max-video-preview:-1\" \/>\n<link rel=\"canonical\" href=\"https:\/\/animefigurer.se\/en\/figurer\/goddess-of-victory-nikke\/goddess-of-victory-nikke-modernia-first-affection-1-12-scale-action-figure\/\" \/>\n<meta property=\"og:locale\" content=\"en_GB\" \/>\n<meta property=\"og:type\" content=\"article\" \/>\n<meta property=\"og:title\" content=\"Goddess of Victory: Nikke Modernia First Affection 1\/12 Scale Action Figure\" \/>\n<meta property=\"og:description\" content=\"Actionfigur fr\u00e5n Goddess of Victory: NIKKE, cirka 16 cm l\u00e5ng med flera artikulationspunkter och utbytbara delar f\u00f6r varierade poser.  Inneh\u00e5ller:  - 1 x Huvudfigur - 3 x Ansiktsdelar med fullt r\u00f6rligt \u00f6ga (glad, ledsen, uttrycksl\u00f6s, inkluderar standard) - 1 x Miniverktyg f\u00f6r att \u00e4ndra \u00f6gonriktning N\" \/>\n<meta property=\"og:url\" content=\"https:\/\/animefigurer.se\/en\/figurer\/goddess-of-victory-nikke\/goddess-of-victory-nikke-modernia-first-affection-1-12-scale-action-figure\/\" \/>\n<meta property=\"og:site_name\" content=\"Animefigurer.se\" \/>\n<meta property=\"article:publisher\" content=\"https:\/\/www.facebook.com\/profile.php?id=61581826539670\" \/>\n<meta property=\"article:modified_time\" content=\"2026-03-17T11:30:07+00:00\" \/>\n<meta property=\"og:image\" content=\"https:\/\/animefigurer.se\/wp-content\/uploads\/2025\/12\/Animefigurer_logowhite.png\" \/>\n\t<meta property=\"og:image:width\" content=\"1890\" \/>\n\t<meta property=\"og:image:height\" content=\"1417\" \/>\n\t<meta property=\"og:image:type\" content=\"image\/png\" \/>\n<meta name=\"twitter:card\" content=\"summary_large_image\" \/>\n<meta name=\"twitter:label1\" content=\"Estimated reading time\" \/>\n\t<meta name=\"twitter:data1\" content=\"1 minute\" \/>\n<script type=\"application\/ld+json\" class=\"yoast-schema-graph\">{\"@context\":\"https:\\\/\\\/schema.org\",\"@graph\":[{\"@type\":\"WebPage\",\"@id\":\"https:\\\/\\\/animefigurer.se\\\/figurer\\\/goddess-of-victory-nikke\\\/goddess-of-victory-nikke-modernia-first-affection-1-12-scale-action-figure\\\/\",\"url\":\"https:\\\/\\\/animefigurer.se\\\/figurer\\\/goddess-of-victory-nikke\\\/goddess-of-victory-nikke-modernia-first-affection-1-12-scale-action-figure\\\/\",\"name\":\"Goddess of Victory: Nikke Modernia First Affection 1\\\/12 Scale Action Figure | Animefigurer.se\",\"isPartOf\":{\"@id\":\"https:\\\/\\\/animefigurer.se\\\/#website\"},\"primaryImageOfPage\":{\"@id\":\"https:\\\/\\\/animefigurer.se\\\/figurer\\\/goddess-of-victory-nikke\\\/goddess-of-victory-nikke-modernia-first-affection-1-12-scale-action-figure\\\/#primaryimage\"},\"image\":{\"@id\":\"https:\\\/\\\/animefigurer.se\\\/figurer\\\/goddess-of-victory-nikke\\\/goddess-of-victory-nikke-modernia-first-affection-1-12-scale-action-figure\\\/#primaryimage\"},\"thumbnailUrl\":\"https:\\\/\\\/animefigurer.se\\\/wp-content\\\/uploads\\\/2025\\\/10\\\/67486a346f69a.jpeg\",\"datePublished\":\"2025-10-20T18:26:35+00:00\",\"dateModified\":\"2026-03-17T11:30:07+00:00\",\"breadcrumb\":{\"@id\":\"https:\\\/\\\/animefigurer.se\\\/figurer\\\/goddess-of-victory-nikke\\\/goddess-of-victory-nikke-modernia-first-affection-1-12-scale-action-figure\\\/#breadcrumb\"},\"inLanguage\":\"en-GB\",\"potentialAction\":[{\"@type\":\"ReadAction\",\"target\":[\"https:\\\/\\\/animefigurer.se\\\/figurer\\\/goddess-of-victory-nikke\\\/goddess-of-victory-nikke-modernia-first-affection-1-12-scale-action-figure\\\/\"]}]},{\"@type\":\"ImageObject\",\"inLanguage\":\"en-GB\",\"@id\":\"https:\\\/\\\/animefigurer.se\\\/figurer\\\/goddess-of-victory-nikke\\\/goddess-of-victory-nikke-modernia-first-affection-1-12-scale-action-figure\\\/#primaryimage\",\"url\":\"https:\\\/\\\/animefigurer.se\\\/wp-content\\\/uploads\\\/2025\\\/10\\\/67486a346f69a.jpeg\",\"contentUrl\":\"https:\\\/\\\/animefigurer.se\\\/wp-content\\\/uploads\\\/2025\\\/10\\\/67486a346f69a.jpeg\",\"width\":720,\"height\":540},{\"@type\":\"BreadcrumbList\",\"@id\":\"https:\\\/\\\/animefigurer.se\\\/figurer\\\/goddess-of-victory-nikke\\\/goddess-of-victory-nikke-modernia-first-affection-1-12-scale-action-figure\\\/#breadcrumb\",\"itemListElement\":[{\"@type\":\"ListItem\",\"position\":1,\"name\":\"Home\",\"item\":\"https:\\\/\\\/animefigurer.se\\\/\"},{\"@type\":\"ListItem\",\"position\":2,\"name\":\"Butik\",\"item\":\"https:\\\/\\\/animefigurer.se\\\/figurer\\\/\"},{\"@type\":\"ListItem\",\"position\":3,\"name\":\"Goddess of Victory: Nikke Modernia First Affection 1\\\/12 Scale Action Figure\"}]},{\"@type\":\"WebSite\",\"@id\":\"https:\\\/\\\/animefigurer.se\\\/#website\",\"url\":\"https:\\\/\\\/animefigurer.se\\\/\",\"name\":\"Animefigurer.se\",\"description\":\"Anime figurer fr\u00e5n \u00f6ver 300 olika anime serier med \u00f6ver 9000 produkter | Anime Shop\",\"publisher\":{\"@id\":\"https:\\\/\\\/animefigurer.se\\\/#organization\"},\"potentialAction\":[{\"@type\":\"SearchAction\",\"target\":{\"@type\":\"EntryPoint\",\"urlTemplate\":\"https:\\\/\\\/animefigurer.se\\\/?s={search_term_string}\"},\"query-input\":{\"@type\":\"PropertyValueSpecification\",\"valueRequired\":true,\"valueName\":\"search_term_string\"}}],\"inLanguage\":\"en-GB\"},{\"@type\":\"Organization\",\"@id\":\"https:\\\/\\\/animefigurer.se\\\/#organization\",\"name\":\"Animefigurer.se\",\"alternateName\":\"Anime figurer | Anime shop\",\"url\":\"https:\\\/\\\/animefigurer.se\\\/\",\"logo\":{\"@type\":\"ImageObject\",\"inLanguage\":\"en-GB\",\"@id\":\"https:\\\/\\\/animefigurer.se\\\/#\\\/schema\\\/logo\\\/image\\\/\",\"url\":\"https:\\\/\\\/animefigurer.se\\\/wp-content\\\/uploads\\\/2025\\\/12\\\/Animefigurer_logowhite.png\",\"contentUrl\":\"https:\\\/\\\/animefigurer.se\\\/wp-content\\\/uploads\\\/2025\\\/12\\\/Animefigurer_logowhite.png\",\"width\":1890,\"height\":1417,\"caption\":\"Animefigurer.se\"},\"image\":{\"@id\":\"https:\\\/\\\/animefigurer.se\\\/#\\\/schema\\\/logo\\\/image\\\/\"},\"sameAs\":[\"https:\\\/\\\/www.facebook.com\\\/profile.php?id=61581826539670\",\"https:\\\/\\\/www.instagram.com\\\/animefigurer.se\\\/\"],\"email\":\"info@animefigurer.se\"}]}<\/script>\n<!-- \/ Yoast SEO Premium plugin. -->","yoast_head_json":{"title":"Goddess of Victory: Nikke Modernia First Affection 1\/12 Scale Action Figure | Animefigurer.se","robots":{"index":"index","follow":"follow","max-snippet":"max-snippet:-1","max-image-preview":"max-image-preview:large","max-video-preview":"max-video-preview:-1"},"canonical":"https:\/\/animefigurer.se\/en\/figurer\/goddess-of-victory-nikke\/goddess-of-victory-nikke-modernia-first-affection-1-12-scale-action-figure\/","og_locale":"en_GB","og_type":"article","og_title":"Goddess of Victory: Nikke Modernia First Affection 1\/12 Scale Action Figure","og_description":"Actionfigur fr\u00e5n Goddess of Victory: NIKKE, cirka 16 cm l\u00e5ng med flera artikulationspunkter och utbytbara delar f\u00f6r varierade poser.  Inneh\u00e5ller:  - 1 x Huvudfigur - 3 x Ansiktsdelar med fullt r\u00f6rligt \u00f6ga (glad, ledsen, uttrycksl\u00f6s, inkluderar standard) - 1 x Miniverktyg f\u00f6r att \u00e4ndra \u00f6gonriktning N","og_url":"https:\/\/animefigurer.se\/en\/figurer\/goddess-of-victory-nikke\/goddess-of-victory-nikke-modernia-first-affection-1-12-scale-action-figure\/","og_site_name":"Animefigurer.se","article_publisher":"https:\/\/www.facebook.com\/profile.php?id=61581826539670","article_modified_time":"2026-03-17T11:30:07+00:00","og_image":[{"width":1890,"height":1417,"url":"https:\/\/animefigurer.se\/wp-content\/uploads\/2025\/12\/Animefigurer_logowhite.png","type":"image\/png"}],"twitter_card":"summary_large_image","twitter_misc":{"Estimated reading time":"1 minute"},"schema":{"@context":"https:\/\/schema.org","@graph":[{"@type":"WebPage","@id":"https:\/\/animefigurer.se\/figurer\/goddess-of-victory-nikke\/goddess-of-victory-nikke-modernia-first-affection-1-12-scale-action-figure\/","url":"https:\/\/animefigurer.se\/figurer\/goddess-of-victory-nikke\/goddess-of-victory-nikke-modernia-first-affection-1-12-scale-action-figure\/","name":"Goddess of Victory: Nikke Modernia First Affection 1\/12 Scale Action Figure | Animefigurer.se","isPartOf":{"@id":"https:\/\/animefigurer.se\/#website"},"primaryImageOfPage":{"@id":"https:\/\/animefigurer.se\/figurer\/goddess-of-victory-nikke\/goddess-of-victory-nikke-modernia-first-affection-1-12-scale-action-figure\/#primaryimage"},"image":{"@id":"https:\/\/animefigurer.se\/figurer\/goddess-of-victory-nikke\/goddess-of-victory-nikke-modernia-first-affection-1-12-scale-action-figure\/#primaryimage"},"thumbnailUrl":"https:\/\/animefigurer.se\/wp-content\/uploads\/2025\/10\/67486a346f69a.jpeg","datePublished":"2025-10-20T18:26:35+00:00","dateModified":"2026-03-17T11:30:07+00:00","breadcrumb":{"@id":"https:\/\/animefigurer.se\/figurer\/goddess-of-victory-nikke\/goddess-of-victory-nikke-modernia-first-affection-1-12-scale-action-figure\/#breadcrumb"},"inLanguage":"en-GB","potentialAction":[{"@type":"ReadAction","target":["https:\/\/animefigurer.se\/figurer\/goddess-of-victory-nikke\/goddess-of-victory-nikke-modernia-first-affection-1-12-scale-action-figure\/"]}]},{"@type":"ImageObject","inLanguage":"en-GB","@id":"https:\/\/animefigurer.se\/figurer\/goddess-of-victory-nikke\/goddess-of-victory-nikke-modernia-first-affection-1-12-scale-action-figure\/#primaryimage","url":"https:\/\/animefigurer.se\/wp-content\/uploads\/2025\/10\/67486a346f69a.jpeg","contentUrl":"https:\/\/animefigurer.se\/wp-content\/uploads\/2025\/10\/67486a346f69a.jpeg","width":720,"height":540},{"@type":"BreadcrumbList","@id":"https:\/\/animefigurer.se\/figurer\/goddess-of-victory-nikke\/goddess-of-victory-nikke-modernia-first-affection-1-12-scale-action-figure\/#breadcrumb","itemListElement":[{"@type":"ListItem","position":1,"name":"Home","item":"https:\/\/animefigurer.se\/"},{"@type":"ListItem","position":2,"name":"Butik","item":"https:\/\/animefigurer.se\/figurer\/"},{"@type":"ListItem","position":3,"name":"Goddess of Victory: Nikke Modernia First Affection 1\/12 Scale Action Figure"}]},{"@type":"WebSite","@id":"https:\/\/animefigurer.se\/#website","url":"https:\/\/animefigurer.se\/","name":"Animefigurer.se","description":"Anime figures from over 300 different anime series with over 9000 products | Anime Shop","publisher":{"@id":"https:\/\/animefigurer.se\/#organization"},"potentialAction":[{"@type":"SearchAction","target":{"@type":"EntryPoint","urlTemplate":"https:\/\/animefigurer.se\/?s={search_term_string}"},"query-input":{"@type":"PropertyValueSpecification","valueRequired":true,"valueName":"search_term_string"}}],"inLanguage":"en-GB"},{"@type":"Organization","@id":"https:\/\/animefigurer.se\/#organization","name":"Animefigurer.se","alternateName":"Anime figurer | Anime shop","url":"https:\/\/animefigurer.se\/","logo":{"@type":"ImageObject","inLanguage":"en-GB","@id":"https:\/\/animefigurer.se\/#\/schema\/logo\/image\/","url":"https:\/\/animefigurer.se\/wp-content\/uploads\/2025\/12\/Animefigurer_logowhite.png","contentUrl":"https:\/\/animefigurer.se\/wp-content\/uploads\/2025\/12\/Animefigurer_logowhite.png","width":1890,"height":1417,"caption":"Animefigurer.se"},"image":{"@id":"https:\/\/animefigurer.se\/#\/schema\/logo\/image\/"},"sameAs":["https:\/\/www.facebook.com\/profile.php?id=61581826539670","https:\/\/www.instagram.com\/animefigurer.se\/"],"email":"info@animefigurer.se"}]}},"_links":{"self":[{"href":"https:\/\/animefigurer.se\/en\/wp-json\/wp\/v2\/product\/28359","targetHints":{"allow":["GET"]}}],"collection":[{"href":"https:\/\/animefigurer.se\/en\/wp-json\/wp\/v2\/product"}],"about":[{"href":"https:\/\/animefigurer.se\/en\/wp-json\/wp\/v2\/types\/product"}],"replies":[{"embeddable":true,"href":"https:\/\/animefigurer.se\/en\/wp-json\/wp\/v2\/comments?post=28359"}],"wp:featuredmedia":[{"embeddable":true,"href":"https:\/\/animefigurer.se\/en\/wp-json\/wp\/v2\/media\/28360"}],"wp:attachment":[{"href":"https:\/\/animefigurer.se\/en\/wp-json\/wp\/v2\/media?parent=28359"}],"wp:term":[{"taxonomy":"product_brand","embeddable":true,"href":"https:\/\/animefigurer.se\/en\/wp-json\/wp\/v2\/product_brand?post=28359"},{"taxonomy":"product_cat","embeddable":true,"href":"https:\/\/animefigurer.se\/en\/wp-json\/wp\/v2\/product_cat?post=28359"},{"taxonomy":"product_tag","embeddable":true,"href":"https:\/\/animefigurer.se\/en\/wp-json\/wp\/v2\/product_tag?post=28359"},{"taxonomy":"giftcard-category","embeddable":true,"href":"https:\/\/animefigurer.se\/en\/wp-json\/wp\/v2\/giftcard-category?post=28359"}],"curies":[{"name":"wp","href":"https:\/\/api.w.org\/{rel}","templated":true}]}}