{"id":28150,"date":"2025-10-20T20:24:41","date_gmt":"2025-10-20T18:24:41","guid":{"rendered":"https:\/\/animefigurer.se\/produkt\/goblin-slayer-kd-colle-high-elf-archer\/"},"modified":"2025-12-21T19:28:55","modified_gmt":"2025-12-21T18:28:55","slug":"goblin-slayer-kd-colle-high-elf-archer","status":"publish","type":"product","link":"https:\/\/animefigurer.se\/en\/figurer\/goblin-slayer\/goblin-slayer-kd-colle-high-elf-archer\/","title":{"rendered":"Goblin Slayer KD Colle High Elf Archer"},"content":{"rendered":"<p>The High Elf Archer from the TV anime Goblin Slayer II is now available as a 1\/7th scale figure. The figure captures the dynamic moment of her shooting an arrow at a troll; her lithe proportions and toned physique visible through the slits of her shorts are clearly highlighted. Her equipment, including a yew bow and arrows made of branches, are meticulously detailed. Welcome this vibrant High Elf to your party!<\/p>","protected":false},"excerpt":{"rendered":"<p>The High Elf Archer from the TV anime Goblin Slayer II is now available as a 1\/7th scale figure. The figure captures the dynamic moment when she shoots an arrow at a troll; her lithe proportions and toned physique visible through the slits of her shorts are clearly highlighted. The equipment, including a yew bow and pi<\/p>","protected":false},"featured_media":28151,"comment_status":"closed","ping_status":"open","template":"","meta":{"_acf_changed":false,"_monsterinsights_skip_tracking":false,"_monsterinsights_sitenote_active":false,"_monsterinsights_sitenote_note":"","_monsterinsights_sitenote_category":0},"product_brand":[6891],"product_cat":[2545],"product_tag":[24],"giftcard-category":[],"class_list":{"0":"post-28150","1":"product","2":"type-product","3":"status-publish","4":"has-post-thumbnail","6":"product_brand-kadokawa","7":"product_cat-goblin-slayer","8":"product_tag-2-3-weeks","9":"pa_franchise-goblin-slayer","10":"pa_karaktar-high-elf-archer","11":"pa_material-pvc-abs","12":"pa_produktserie-kd-colle","13":"pa_skala-41","14":"pa_storlek-21-cm","16":"first","17":"instock","18":"taxable","19":"shipping-taxable","20":"purchasable","21":"product-type-simple"},"acf":[],"yoast_head":"<!-- This site is optimized with the Yoast SEO Premium plugin v24.6 (Yoast SEO v27.3) - https:\/\/yoast.com\/product\/yoast-seo-premium-wordpress\/ -->\n<title>Goblin Slayer KD Colle High Elf Archer | Animefigurer.se<\/title>\n<meta name=\"robots\" content=\"index, follow, max-snippet:-1, max-image-preview:large, max-video-preview:-1\" \/>\n<link rel=\"canonical\" href=\"https:\/\/animefigurer.se\/en\/figurer\/goblin-slayer\/goblin-slayer-kd-colle-high-elf-archer\/\" \/>\n<meta property=\"og:locale\" content=\"en_GB\" \/>\n<meta property=\"og:type\" content=\"article\" \/>\n<meta property=\"og:title\" content=\"Goblin Slayer KD Colle High Elf Archer\" \/>\n<meta property=\"og:description\" content=\"High Elf Archer fr\u00e5n TV-animen Goblin Slayer II finns nu som 1\/7-skalefigur. Figuren f\u00e5ngar det dynamiska \u00f6gonblicket n\u00e4r hon skjuter en pil mot en troll; hennes smidiga proportioner och den v\u00e4ltr\u00e4nade fysik som syns genom shortssprickorna framh\u00e4vs tydligt. Utrustningen, inklusive idegranb\u00e5ge och pi\" \/>\n<meta property=\"og:url\" content=\"https:\/\/animefigurer.se\/en\/figurer\/goblin-slayer\/goblin-slayer-kd-colle-high-elf-archer\/\" \/>\n<meta property=\"og:site_name\" content=\"Animefigurer.se\" \/>\n<meta property=\"article:publisher\" content=\"https:\/\/www.facebook.com\/profile.php?id=61581826539670\" \/>\n<meta property=\"article:modified_time\" content=\"2025-12-21T18:28:55+00:00\" \/>\n<meta property=\"og:image\" content=\"https:\/\/animefigurer.se\/wp-content\/uploads\/2025\/12\/Animefigurer_logowhite.png\" \/>\n\t<meta property=\"og:image:width\" content=\"1890\" \/>\n\t<meta property=\"og:image:height\" content=\"1417\" \/>\n\t<meta property=\"og:image:type\" content=\"image\/png\" \/>\n<meta name=\"twitter:card\" content=\"summary_large_image\" \/>\n<script type=\"application\/ld+json\" class=\"yoast-schema-graph\">{\"@context\":\"https:\\\/\\\/schema.org\",\"@graph\":[{\"@type\":\"WebPage\",\"@id\":\"https:\\\/\\\/animefigurer.se\\\/en\\\/figurer\\\/goblin-slayer\\\/goblin-slayer-kd-colle-high-elf-archer\\\/\",\"url\":\"https:\\\/\\\/animefigurer.se\\\/en\\\/figurer\\\/goblin-slayer\\\/goblin-slayer-kd-colle-high-elf-archer\\\/\",\"name\":\"Goblin Slayer KD Colle High Elf Archer | Animefigurer.se\",\"isPartOf\":{\"@id\":\"https:\\\/\\\/animefigurer.se\\\/#website\"},\"primaryImageOfPage\":{\"@id\":\"https:\\\/\\\/animefigurer.se\\\/en\\\/figurer\\\/goblin-slayer\\\/goblin-slayer-kd-colle-high-elf-archer\\\/#primaryimage\"},\"image\":{\"@id\":\"https:\\\/\\\/animefigurer.se\\\/en\\\/figurer\\\/goblin-slayer\\\/goblin-slayer-kd-colle-high-elf-archer\\\/#primaryimage\"},\"thumbnailUrl\":\"https:\\\/\\\/animefigurer.se\\\/wp-content\\\/uploads\\\/2025\\\/10\\\/66881f1027914.jpeg\",\"datePublished\":\"2025-10-20T18:24:41+00:00\",\"dateModified\":\"2025-12-21T18:28:55+00:00\",\"breadcrumb\":{\"@id\":\"https:\\\/\\\/animefigurer.se\\\/en\\\/figurer\\\/goblin-slayer\\\/goblin-slayer-kd-colle-high-elf-archer\\\/#breadcrumb\"},\"inLanguage\":\"en-GB\",\"potentialAction\":[{\"@type\":\"ReadAction\",\"target\":[\"https:\\\/\\\/animefigurer.se\\\/en\\\/figurer\\\/goblin-slayer\\\/goblin-slayer-kd-colle-high-elf-archer\\\/\"]}]},{\"@type\":\"ImageObject\",\"inLanguage\":\"en-GB\",\"@id\":\"https:\\\/\\\/animefigurer.se\\\/en\\\/figurer\\\/goblin-slayer\\\/goblin-slayer-kd-colle-high-elf-archer\\\/#primaryimage\",\"url\":\"https:\\\/\\\/animefigurer.se\\\/wp-content\\\/uploads\\\/2025\\\/10\\\/66881f1027914.jpeg\",\"contentUrl\":\"https:\\\/\\\/animefigurer.se\\\/wp-content\\\/uploads\\\/2025\\\/10\\\/66881f1027914.jpeg\",\"width\":720,\"height\":540},{\"@type\":\"BreadcrumbList\",\"@id\":\"https:\\\/\\\/animefigurer.se\\\/en\\\/figurer\\\/goblin-slayer\\\/goblin-slayer-kd-colle-high-elf-archer\\\/#breadcrumb\",\"itemListElement\":[{\"@type\":\"ListItem\",\"position\":1,\"name\":\"Home\",\"item\":\"https:\\\/\\\/animefigurer.se\\\/\"},{\"@type\":\"ListItem\",\"position\":2,\"name\":\"Butik\",\"item\":\"https:\\\/\\\/animefigurer.se\\\/figurer\\\/\"},{\"@type\":\"ListItem\",\"position\":3,\"name\":\"Goblin Slayer KD Colle High Elf Archer\"}]},{\"@type\":\"WebSite\",\"@id\":\"https:\\\/\\\/animefigurer.se\\\/#website\",\"url\":\"https:\\\/\\\/animefigurer.se\\\/\",\"name\":\"Animefigurer.se\",\"description\":\"Anime figurer fr\u00e5n \u00f6ver 300 olika anime serier med \u00f6ver 9000 produkter | Anime Shop\",\"publisher\":{\"@id\":\"https:\\\/\\\/animefigurer.se\\\/#organization\"},\"potentialAction\":[{\"@type\":\"SearchAction\",\"target\":{\"@type\":\"EntryPoint\",\"urlTemplate\":\"https:\\\/\\\/animefigurer.se\\\/?s={search_term_string}\"},\"query-input\":{\"@type\":\"PropertyValueSpecification\",\"valueRequired\":true,\"valueName\":\"search_term_string\"}}],\"inLanguage\":\"en-GB\"},{\"@type\":\"Organization\",\"@id\":\"https:\\\/\\\/animefigurer.se\\\/#organization\",\"name\":\"Animefigurer.se\",\"alternateName\":\"Anime figurer | Anime shop\",\"url\":\"https:\\\/\\\/animefigurer.se\\\/\",\"logo\":{\"@type\":\"ImageObject\",\"inLanguage\":\"en-GB\",\"@id\":\"https:\\\/\\\/animefigurer.se\\\/#\\\/schema\\\/logo\\\/image\\\/\",\"url\":\"https:\\\/\\\/animefigurer.se\\\/wp-content\\\/uploads\\\/2025\\\/12\\\/Animefigurer_logowhite.png\",\"contentUrl\":\"https:\\\/\\\/animefigurer.se\\\/wp-content\\\/uploads\\\/2025\\\/12\\\/Animefigurer_logowhite.png\",\"width\":1890,\"height\":1417,\"caption\":\"Animefigurer.se\"},\"image\":{\"@id\":\"https:\\\/\\\/animefigurer.se\\\/#\\\/schema\\\/logo\\\/image\\\/\"},\"sameAs\":[\"https:\\\/\\\/www.facebook.com\\\/profile.php?id=61581826539670\",\"https:\\\/\\\/www.instagram.com\\\/animefigurer.se\\\/\"],\"email\":\"info@animefigurer.se\"}]}<\/script>\n<!-- \/ Yoast SEO Premium plugin. -->","yoast_head_json":{"title":"Goblin Slayer KD Colle High Elf Archer | Animefigurer.se","robots":{"index":"index","follow":"follow","max-snippet":"max-snippet:-1","max-image-preview":"max-image-preview:large","max-video-preview":"max-video-preview:-1"},"canonical":"https:\/\/animefigurer.se\/en\/figurer\/goblin-slayer\/goblin-slayer-kd-colle-high-elf-archer\/","og_locale":"en_GB","og_type":"article","og_title":"Goblin Slayer KD Colle High Elf Archer","og_description":"High Elf Archer fr\u00e5n TV-animen Goblin Slayer II finns nu som 1\/7-skalefigur. Figuren f\u00e5ngar det dynamiska \u00f6gonblicket n\u00e4r hon skjuter en pil mot en troll; hennes smidiga proportioner och den v\u00e4ltr\u00e4nade fysik som syns genom shortssprickorna framh\u00e4vs tydligt. Utrustningen, inklusive idegranb\u00e5ge och pi","og_url":"https:\/\/animefigurer.se\/en\/figurer\/goblin-slayer\/goblin-slayer-kd-colle-high-elf-archer\/","og_site_name":"Animefigurer.se","article_publisher":"https:\/\/www.facebook.com\/profile.php?id=61581826539670","article_modified_time":"2025-12-21T18:28:55+00:00","og_image":[{"width":1890,"height":1417,"url":"https:\/\/animefigurer.se\/wp-content\/uploads\/2025\/12\/Animefigurer_logowhite.png","type":"image\/png"}],"twitter_card":"summary_large_image","schema":{"@context":"https:\/\/schema.org","@graph":[{"@type":"WebPage","@id":"https:\/\/animefigurer.se\/en\/figurer\/goblin-slayer\/goblin-slayer-kd-colle-high-elf-archer\/","url":"https:\/\/animefigurer.se\/en\/figurer\/goblin-slayer\/goblin-slayer-kd-colle-high-elf-archer\/","name":"Goblin Slayer KD Colle High Elf Archer | Animefigurer.se","isPartOf":{"@id":"https:\/\/animefigurer.se\/#website"},"primaryImageOfPage":{"@id":"https:\/\/animefigurer.se\/en\/figurer\/goblin-slayer\/goblin-slayer-kd-colle-high-elf-archer\/#primaryimage"},"image":{"@id":"https:\/\/animefigurer.se\/en\/figurer\/goblin-slayer\/goblin-slayer-kd-colle-high-elf-archer\/#primaryimage"},"thumbnailUrl":"https:\/\/animefigurer.se\/wp-content\/uploads\/2025\/10\/66881f1027914.jpeg","datePublished":"2025-10-20T18:24:41+00:00","dateModified":"2025-12-21T18:28:55+00:00","breadcrumb":{"@id":"https:\/\/animefigurer.se\/en\/figurer\/goblin-slayer\/goblin-slayer-kd-colle-high-elf-archer\/#breadcrumb"},"inLanguage":"en-GB","potentialAction":[{"@type":"ReadAction","target":["https:\/\/animefigurer.se\/en\/figurer\/goblin-slayer\/goblin-slayer-kd-colle-high-elf-archer\/"]}]},{"@type":"ImageObject","inLanguage":"en-GB","@id":"https:\/\/animefigurer.se\/en\/figurer\/goblin-slayer\/goblin-slayer-kd-colle-high-elf-archer\/#primaryimage","url":"https:\/\/animefigurer.se\/wp-content\/uploads\/2025\/10\/66881f1027914.jpeg","contentUrl":"https:\/\/animefigurer.se\/wp-content\/uploads\/2025\/10\/66881f1027914.jpeg","width":720,"height":540},{"@type":"BreadcrumbList","@id":"https:\/\/animefigurer.se\/en\/figurer\/goblin-slayer\/goblin-slayer-kd-colle-high-elf-archer\/#breadcrumb","itemListElement":[{"@type":"ListItem","position":1,"name":"Home","item":"https:\/\/animefigurer.se\/"},{"@type":"ListItem","position":2,"name":"Butik","item":"https:\/\/animefigurer.se\/figurer\/"},{"@type":"ListItem","position":3,"name":"Goblin Slayer KD Colle High Elf Archer"}]},{"@type":"WebSite","@id":"https:\/\/animefigurer.se\/#website","url":"https:\/\/animefigurer.se\/","name":"Animefigurer.se","description":"Anime figures from over 300 different anime series with over 9000 products | Anime Shop","publisher":{"@id":"https:\/\/animefigurer.se\/#organization"},"potentialAction":[{"@type":"SearchAction","target":{"@type":"EntryPoint","urlTemplate":"https:\/\/animefigurer.se\/?s={search_term_string}"},"query-input":{"@type":"PropertyValueSpecification","valueRequired":true,"valueName":"search_term_string"}}],"inLanguage":"en-GB"},{"@type":"Organization","@id":"https:\/\/animefigurer.se\/#organization","name":"Animefigurer.se","alternateName":"Anime figurer | Anime shop","url":"https:\/\/animefigurer.se\/","logo":{"@type":"ImageObject","inLanguage":"en-GB","@id":"https:\/\/animefigurer.se\/#\/schema\/logo\/image\/","url":"https:\/\/animefigurer.se\/wp-content\/uploads\/2025\/12\/Animefigurer_logowhite.png","contentUrl":"https:\/\/animefigurer.se\/wp-content\/uploads\/2025\/12\/Animefigurer_logowhite.png","width":1890,"height":1417,"caption":"Animefigurer.se"},"image":{"@id":"https:\/\/animefigurer.se\/#\/schema\/logo\/image\/"},"sameAs":["https:\/\/www.facebook.com\/profile.php?id=61581826539670","https:\/\/www.instagram.com\/animefigurer.se\/"],"email":"info@animefigurer.se"}]}},"_links":{"self":[{"href":"https:\/\/animefigurer.se\/en\/wp-json\/wp\/v2\/product\/28150","targetHints":{"allow":["GET"]}}],"collection":[{"href":"https:\/\/animefigurer.se\/en\/wp-json\/wp\/v2\/product"}],"about":[{"href":"https:\/\/animefigurer.se\/en\/wp-json\/wp\/v2\/types\/product"}],"replies":[{"embeddable":true,"href":"https:\/\/animefigurer.se\/en\/wp-json\/wp\/v2\/comments?post=28150"}],"wp:featuredmedia":[{"embeddable":true,"href":"https:\/\/animefigurer.se\/en\/wp-json\/wp\/v2\/media\/28151"}],"wp:attachment":[{"href":"https:\/\/animefigurer.se\/en\/wp-json\/wp\/v2\/media?parent=28150"}],"wp:term":[{"taxonomy":"product_brand","embeddable":true,"href":"https:\/\/animefigurer.se\/en\/wp-json\/wp\/v2\/product_brand?post=28150"},{"taxonomy":"product_cat","embeddable":true,"href":"https:\/\/animefigurer.se\/en\/wp-json\/wp\/v2\/product_cat?post=28150"},{"taxonomy":"product_tag","embeddable":true,"href":"https:\/\/animefigurer.se\/en\/wp-json\/wp\/v2\/product_tag?post=28150"},{"taxonomy":"giftcard-category","embeddable":true,"href":"https:\/\/animefigurer.se\/en\/wp-json\/wp\/v2\/giftcard-category?post=28150"}],"curies":[{"name":"wp","href":"https:\/\/api.w.org\/{rel}","templated":true}]}}