{"id":27743,"date":"2025-10-20T20:10:45","date_gmt":"2025-10-20T18:10:45","guid":{"rendered":"https:\/\/animefigurer.se\/produkt\/girls-band-cry-tomo-ebizuka\/"},"modified":"2025-12-21T19:28:52","modified_gmt":"2025-12-21T18:28:52","slug":"girls-band-cry-tomo-ebizuka","status":"publish","type":"product","link":"https:\/\/animefigurer.se\/en\/figurer\/girls-band-cry\/girls-band-cry-tomo-ebizuka\/","title":{"rendered":"Girls Band Cry Tomo Ebizuka"},"content":{"rendered":"<p>From GIRLS BAND CRY comes Tomo Ebizuka, the band&#039;s keyboardist in TOGENASHI TOGEARI, as a new figure based on illustrations by Nari Teshima. Tomo appears in her stage outfit from the music video for &quot;Wrong World,&quot; capturing her tsundere personality as she lifts her skirt as if in a bow.<\/p>\n<p>The ruffled skirt has a beaded effect that highlights its light, fluffy character. A clear acrylic base is used so that all the band members can be displayed together in the same lineup. The other four members are still being developed \u2014 stay tuned for future members and activities.<\/p>","protected":false},"excerpt":{"rendered":"<p>From GIRLS BAND CRY comes Tomo Ebizuka, the band&#039;s keyboardist in TOGENASHI TOGEARI, as a new figure based on illustrations by Nari Teshima. Tomo appears in her stage outfit from the music video for &quot;Wrong World,&quot; capturing her tsundere personality as she lifts her skirt as if in a bow.<\/p>\n<p>The ruffled skirt<\/p>","protected":false},"featured_media":27744,"comment_status":"closed","ping_status":"open","template":"","meta":{"_acf_changed":false,"_monsterinsights_skip_tracking":false,"_monsterinsights_sitenote_active":false,"_monsterinsights_sitenote_note":"","_monsterinsights_sitenote_category":0},"product_brand":[6892],"product_cat":[2512],"product_tag":[24],"giftcard-category":[],"class_list":{"0":"post-27743","1":"product","2":"type-product","3":"status-publish","4":"has-post-thumbnail","6":"product_brand-kotobukiya","7":"product_cat-girls-band-cry","8":"product_tag-2-3-weeks","9":"pa_franchise-girls-band-cry","10":"pa_karaktar-tomo-ebizuka","11":"pa_material-pvc-abs","12":"pa_skala-41","13":"pa_storlek-23-cm","15":"first","16":"instock","17":"taxable","18":"shipping-taxable","19":"purchasable","20":"product-type-simple"},"acf":[],"yoast_head":"<!-- This site is optimized with the Yoast SEO Premium plugin v24.6 (Yoast SEO v27.3) - https:\/\/yoast.com\/product\/yoast-seo-premium-wordpress\/ -->\n<title>Girls Band Cry Tomo Ebizuka | Animefigurer.se<\/title>\n<meta name=\"robots\" content=\"index, follow, max-snippet:-1, max-image-preview:large, max-video-preview:-1\" \/>\n<link rel=\"canonical\" href=\"https:\/\/animefigurer.se\/en\/figurer\/girls-band-cry\/girls-band-cry-tomo-ebizuka\/\" \/>\n<meta property=\"og:locale\" content=\"en_GB\" \/>\n<meta property=\"og:type\" content=\"article\" \/>\n<meta property=\"og:title\" content=\"Girls Band Cry Tomo Ebizuka\" \/>\n<meta property=\"og:description\" content=\"Fr\u00e5n GIRLS BAND CRY kommer Tomo Ebizuka, bandets keyboardist i TOGENASHI TOGEARI, som ny figur baserad p\u00e5 illustrationer av Nari Teshima. Tomo visas i sin scenoutfit fr\u00e5n musikvideon till &quot;Wrong World&quot; och f\u00e5ngar hennes tsundere-personlighet n\u00e4r hon lyfter kjolen som i en bugning. Den volangiga kjo\" \/>\n<meta property=\"og:url\" content=\"https:\/\/animefigurer.se\/en\/figurer\/girls-band-cry\/girls-band-cry-tomo-ebizuka\/\" \/>\n<meta property=\"og:site_name\" content=\"Animefigurer.se\" \/>\n<meta property=\"article:publisher\" content=\"https:\/\/www.facebook.com\/profile.php?id=61581826539670\" \/>\n<meta property=\"article:modified_time\" content=\"2025-12-21T18:28:52+00:00\" \/>\n<meta property=\"og:image\" content=\"https:\/\/animefigurer.se\/wp-content\/uploads\/2025\/12\/Animefigurer_logowhite.png\" \/>\n\t<meta property=\"og:image:width\" content=\"1890\" \/>\n\t<meta property=\"og:image:height\" content=\"1417\" \/>\n\t<meta property=\"og:image:type\" content=\"image\/png\" \/>\n<meta name=\"twitter:card\" content=\"summary_large_image\" \/>\n<script type=\"application\/ld+json\" class=\"yoast-schema-graph\">{\"@context\":\"https:\\\/\\\/schema.org\",\"@graph\":[{\"@type\":\"WebPage\",\"@id\":\"https:\\\/\\\/animefigurer.se\\\/figurer\\\/girls-band-cry\\\/girls-band-cry-tomo-ebizuka\\\/\",\"url\":\"https:\\\/\\\/animefigurer.se\\\/figurer\\\/girls-band-cry\\\/girls-band-cry-tomo-ebizuka\\\/\",\"name\":\"Girls Band Cry Tomo Ebizuka | Animefigurer.se\",\"isPartOf\":{\"@id\":\"https:\\\/\\\/animefigurer.se\\\/#website\"},\"primaryImageOfPage\":{\"@id\":\"https:\\\/\\\/animefigurer.se\\\/figurer\\\/girls-band-cry\\\/girls-band-cry-tomo-ebizuka\\\/#primaryimage\"},\"image\":{\"@id\":\"https:\\\/\\\/animefigurer.se\\\/figurer\\\/girls-band-cry\\\/girls-band-cry-tomo-ebizuka\\\/#primaryimage\"},\"thumbnailUrl\":\"https:\\\/\\\/animefigurer.se\\\/wp-content\\\/uploads\\\/2025\\\/10\\\/66e9891955703.jpeg\",\"datePublished\":\"2025-10-20T18:10:45+00:00\",\"dateModified\":\"2025-12-21T18:28:52+00:00\",\"breadcrumb\":{\"@id\":\"https:\\\/\\\/animefigurer.se\\\/figurer\\\/girls-band-cry\\\/girls-band-cry-tomo-ebizuka\\\/#breadcrumb\"},\"inLanguage\":\"en-GB\",\"potentialAction\":[{\"@type\":\"ReadAction\",\"target\":[\"https:\\\/\\\/animefigurer.se\\\/figurer\\\/girls-band-cry\\\/girls-band-cry-tomo-ebizuka\\\/\"]}]},{\"@type\":\"ImageObject\",\"inLanguage\":\"en-GB\",\"@id\":\"https:\\\/\\\/animefigurer.se\\\/figurer\\\/girls-band-cry\\\/girls-band-cry-tomo-ebizuka\\\/#primaryimage\",\"url\":\"https:\\\/\\\/animefigurer.se\\\/wp-content\\\/uploads\\\/2025\\\/10\\\/66e9891955703.jpeg\",\"contentUrl\":\"https:\\\/\\\/animefigurer.se\\\/wp-content\\\/uploads\\\/2025\\\/10\\\/66e9891955703.jpeg\",\"width\":720,\"height\":540},{\"@type\":\"BreadcrumbList\",\"@id\":\"https:\\\/\\\/animefigurer.se\\\/figurer\\\/girls-band-cry\\\/girls-band-cry-tomo-ebizuka\\\/#breadcrumb\",\"itemListElement\":[{\"@type\":\"ListItem\",\"position\":1,\"name\":\"Home\",\"item\":\"https:\\\/\\\/animefigurer.se\\\/\"},{\"@type\":\"ListItem\",\"position\":2,\"name\":\"Butik\",\"item\":\"https:\\\/\\\/animefigurer.se\\\/figurer\\\/\"},{\"@type\":\"ListItem\",\"position\":3,\"name\":\"Girls Band Cry Tomo Ebizuka\"}]},{\"@type\":\"WebSite\",\"@id\":\"https:\\\/\\\/animefigurer.se\\\/#website\",\"url\":\"https:\\\/\\\/animefigurer.se\\\/\",\"name\":\"Animefigurer.se\",\"description\":\"Anime figurer fr\u00e5n \u00f6ver 300 olika anime serier med \u00f6ver 9000 produkter | Anime Shop\",\"publisher\":{\"@id\":\"https:\\\/\\\/animefigurer.se\\\/#organization\"},\"potentialAction\":[{\"@type\":\"SearchAction\",\"target\":{\"@type\":\"EntryPoint\",\"urlTemplate\":\"https:\\\/\\\/animefigurer.se\\\/?s={search_term_string}\"},\"query-input\":{\"@type\":\"PropertyValueSpecification\",\"valueRequired\":true,\"valueName\":\"search_term_string\"}}],\"inLanguage\":\"en-GB\"},{\"@type\":\"Organization\",\"@id\":\"https:\\\/\\\/animefigurer.se\\\/#organization\",\"name\":\"Animefigurer.se\",\"alternateName\":\"Anime figurer | Anime shop\",\"url\":\"https:\\\/\\\/animefigurer.se\\\/\",\"logo\":{\"@type\":\"ImageObject\",\"inLanguage\":\"en-GB\",\"@id\":\"https:\\\/\\\/animefigurer.se\\\/#\\\/schema\\\/logo\\\/image\\\/\",\"url\":\"https:\\\/\\\/animefigurer.se\\\/wp-content\\\/uploads\\\/2025\\\/12\\\/Animefigurer_logowhite.png\",\"contentUrl\":\"https:\\\/\\\/animefigurer.se\\\/wp-content\\\/uploads\\\/2025\\\/12\\\/Animefigurer_logowhite.png\",\"width\":1890,\"height\":1417,\"caption\":\"Animefigurer.se\"},\"image\":{\"@id\":\"https:\\\/\\\/animefigurer.se\\\/#\\\/schema\\\/logo\\\/image\\\/\"},\"sameAs\":[\"https:\\\/\\\/www.facebook.com\\\/profile.php?id=61581826539670\",\"https:\\\/\\\/www.instagram.com\\\/animefigurer.se\\\/\"],\"email\":\"info@animefigurer.se\"}]}<\/script>\n<!-- \/ Yoast SEO Premium plugin. -->","yoast_head_json":{"title":"Girls Band Cry Tomo Ebizuka | Animefigurer.se","robots":{"index":"index","follow":"follow","max-snippet":"max-snippet:-1","max-image-preview":"max-image-preview:large","max-video-preview":"max-video-preview:-1"},"canonical":"https:\/\/animefigurer.se\/en\/figurer\/girls-band-cry\/girls-band-cry-tomo-ebizuka\/","og_locale":"en_GB","og_type":"article","og_title":"Girls Band Cry Tomo Ebizuka","og_description":"Fr\u00e5n GIRLS BAND CRY kommer Tomo Ebizuka, bandets keyboardist i TOGENASHI TOGEARI, som ny figur baserad p\u00e5 illustrationer av Nari Teshima. Tomo visas i sin scenoutfit fr\u00e5n musikvideon till \"Wrong World\" och f\u00e5ngar hennes tsundere-personlighet n\u00e4r hon lyfter kjolen som i en bugning. Den volangiga kjo","og_url":"https:\/\/animefigurer.se\/en\/figurer\/girls-band-cry\/girls-band-cry-tomo-ebizuka\/","og_site_name":"Animefigurer.se","article_publisher":"https:\/\/www.facebook.com\/profile.php?id=61581826539670","article_modified_time":"2025-12-21T18:28:52+00:00","og_image":[{"width":1890,"height":1417,"url":"https:\/\/animefigurer.se\/wp-content\/uploads\/2025\/12\/Animefigurer_logowhite.png","type":"image\/png"}],"twitter_card":"summary_large_image","schema":{"@context":"https:\/\/schema.org","@graph":[{"@type":"WebPage","@id":"https:\/\/animefigurer.se\/figurer\/girls-band-cry\/girls-band-cry-tomo-ebizuka\/","url":"https:\/\/animefigurer.se\/figurer\/girls-band-cry\/girls-band-cry-tomo-ebizuka\/","name":"Girls Band Cry Tomo Ebizuka | Animefigurer.se","isPartOf":{"@id":"https:\/\/animefigurer.se\/#website"},"primaryImageOfPage":{"@id":"https:\/\/animefigurer.se\/figurer\/girls-band-cry\/girls-band-cry-tomo-ebizuka\/#primaryimage"},"image":{"@id":"https:\/\/animefigurer.se\/figurer\/girls-band-cry\/girls-band-cry-tomo-ebizuka\/#primaryimage"},"thumbnailUrl":"https:\/\/animefigurer.se\/wp-content\/uploads\/2025\/10\/66e9891955703.jpeg","datePublished":"2025-10-20T18:10:45+00:00","dateModified":"2025-12-21T18:28:52+00:00","breadcrumb":{"@id":"https:\/\/animefigurer.se\/figurer\/girls-band-cry\/girls-band-cry-tomo-ebizuka\/#breadcrumb"},"inLanguage":"en-GB","potentialAction":[{"@type":"ReadAction","target":["https:\/\/animefigurer.se\/figurer\/girls-band-cry\/girls-band-cry-tomo-ebizuka\/"]}]},{"@type":"ImageObject","inLanguage":"en-GB","@id":"https:\/\/animefigurer.se\/figurer\/girls-band-cry\/girls-band-cry-tomo-ebizuka\/#primaryimage","url":"https:\/\/animefigurer.se\/wp-content\/uploads\/2025\/10\/66e9891955703.jpeg","contentUrl":"https:\/\/animefigurer.se\/wp-content\/uploads\/2025\/10\/66e9891955703.jpeg","width":720,"height":540},{"@type":"BreadcrumbList","@id":"https:\/\/animefigurer.se\/figurer\/girls-band-cry\/girls-band-cry-tomo-ebizuka\/#breadcrumb","itemListElement":[{"@type":"ListItem","position":1,"name":"Home","item":"https:\/\/animefigurer.se\/"},{"@type":"ListItem","position":2,"name":"Butik","item":"https:\/\/animefigurer.se\/figurer\/"},{"@type":"ListItem","position":3,"name":"Girls Band Cry Tomo Ebizuka"}]},{"@type":"WebSite","@id":"https:\/\/animefigurer.se\/#website","url":"https:\/\/animefigurer.se\/","name":"Animefigurer.se","description":"Anime figures from over 300 different anime series with over 9000 products | Anime Shop","publisher":{"@id":"https:\/\/animefigurer.se\/#organization"},"potentialAction":[{"@type":"SearchAction","target":{"@type":"EntryPoint","urlTemplate":"https:\/\/animefigurer.se\/?s={search_term_string}"},"query-input":{"@type":"PropertyValueSpecification","valueRequired":true,"valueName":"search_term_string"}}],"inLanguage":"en-GB"},{"@type":"Organization","@id":"https:\/\/animefigurer.se\/#organization","name":"Animefigurer.se","alternateName":"Anime figurer | Anime shop","url":"https:\/\/animefigurer.se\/","logo":{"@type":"ImageObject","inLanguage":"en-GB","@id":"https:\/\/animefigurer.se\/#\/schema\/logo\/image\/","url":"https:\/\/animefigurer.se\/wp-content\/uploads\/2025\/12\/Animefigurer_logowhite.png","contentUrl":"https:\/\/animefigurer.se\/wp-content\/uploads\/2025\/12\/Animefigurer_logowhite.png","width":1890,"height":1417,"caption":"Animefigurer.se"},"image":{"@id":"https:\/\/animefigurer.se\/#\/schema\/logo\/image\/"},"sameAs":["https:\/\/www.facebook.com\/profile.php?id=61581826539670","https:\/\/www.instagram.com\/animefigurer.se\/"],"email":"info@animefigurer.se"}]}},"_links":{"self":[{"href":"https:\/\/animefigurer.se\/en\/wp-json\/wp\/v2\/product\/27743","targetHints":{"allow":["GET"]}}],"collection":[{"href":"https:\/\/animefigurer.se\/en\/wp-json\/wp\/v2\/product"}],"about":[{"href":"https:\/\/animefigurer.se\/en\/wp-json\/wp\/v2\/types\/product"}],"replies":[{"embeddable":true,"href":"https:\/\/animefigurer.se\/en\/wp-json\/wp\/v2\/comments?post=27743"}],"wp:featuredmedia":[{"embeddable":true,"href":"https:\/\/animefigurer.se\/en\/wp-json\/wp\/v2\/media\/27744"}],"wp:attachment":[{"href":"https:\/\/animefigurer.se\/en\/wp-json\/wp\/v2\/media?parent=27743"}],"wp:term":[{"taxonomy":"product_brand","embeddable":true,"href":"https:\/\/animefigurer.se\/en\/wp-json\/wp\/v2\/product_brand?post=27743"},{"taxonomy":"product_cat","embeddable":true,"href":"https:\/\/animefigurer.se\/en\/wp-json\/wp\/v2\/product_cat?post=27743"},{"taxonomy":"product_tag","embeddable":true,"href":"https:\/\/animefigurer.se\/en\/wp-json\/wp\/v2\/product_tag?post=27743"},{"taxonomy":"giftcard-category","embeddable":true,"href":"https:\/\/animefigurer.se\/en\/wp-json\/wp\/v2\/giftcard-category?post=27743"}],"curies":[{"name":"wp","href":"https:\/\/api.w.org\/{rel}","templated":true}]}}