{"id":27522,"date":"2025-10-20T20:09:39","date_gmt":"2025-10-20T18:09:39","guid":{"rendered":"https:\/\/animefigurer.se\/produkt\/gintama-ochatomo-series-yorozuya-cafe-box-of-8-random-figures-rerelease\/"},"modified":"2025-12-21T19:28:50","modified_gmt":"2025-12-21T18:28:50","slug":"gintama-ochatomo-series-yorozuya-cafe-box-of-8-random-figures-rerelease","status":"publish","type":"product","link":"https:\/\/animefigurer.se\/en\/figurer\/gintama\/gintama-ochatomo-series-yorozuya-cafe-box-of-8-random-figures-rerelease\/","title":{"rendered":"Gintama Ochatomo Series Yorozuya Cafe Box of 8 Random Figures (Rerelease)"},"content":{"rendered":"<p>From the Gintama series comes this assortment of 8 super cute deformed mascots in the Ochatomo series. The figures are approximately 5 cm tall and come in blind box packaging.<\/p>","protected":false},"excerpt":{"rendered":"<p>From the Gintama series comes this assortment of 8 super cute deformed mascots in the Ochatomo series. The figures are approximately 5 cm tall and come in blind box packaging.<\/p>","protected":false},"featured_media":27523,"comment_status":"closed","ping_status":"open","template":"","meta":{"_acf_changed":false,"_monsterinsights_skip_tracking":false,"_monsterinsights_sitenote_active":false,"_monsterinsights_sitenote_note":"","_monsterinsights_sitenote_category":0},"product_brand":[7061],"product_cat":[2489,7233],"product_tag":[26],"giftcard-category":[],"class_list":{"0":"post-27522","1":"product","2":"type-product","3":"status-publish","4":"has-post-thumbnail","6":"product_brand-megahouse","7":"product_cat-gintama","8":"product_cat-pre-order","9":"product_tag-pre-order","10":"pa_franchise-gintama","11":"pa_material-pvc-abs","12":"pa_storlek-5-cm","14":"first","15":"instock","16":"taxable","17":"shipping-taxable","18":"purchasable","19":"product-type-simple"},"acf":[],"yoast_head":"<!-- This site is optimized with the Yoast SEO Premium plugin v24.6 (Yoast SEO v27.3) - https:\/\/yoast.com\/product\/yoast-seo-premium-wordpress\/ -->\n<title>Gintama Ochatomo Series Yorozuya Cafe Box of 8 Random Figures (Rerelease) | Animefigurer.se<\/title>\n<meta name=\"robots\" content=\"index, follow, max-snippet:-1, max-image-preview:large, max-video-preview:-1\" \/>\n<link rel=\"canonical\" href=\"https:\/\/animefigurer.se\/en\/figurer\/gintama\/gintama-ochatomo-series-yorozuya-cafe-box-of-8-random-figures-rerelease\/\" \/>\n<meta property=\"og:locale\" content=\"en_GB\" \/>\n<meta property=\"og:type\" content=\"article\" \/>\n<meta property=\"og:title\" content=\"Gintama Ochatomo Series Yorozuya Cafe Box of 8 Random Figures (Rerelease)\" \/>\n<meta property=\"og:description\" content=\"Fr\u00e5n Gintama-serien kommer detta sortiment med 8 supers\u00f6ta deformerade maskotar i Ochatomo-serien. Figurerna \u00e4r cirka 5 cm h\u00f6ga och levereras i blindboxf\u00f6rpackningar.\" \/>\n<meta property=\"og:url\" content=\"https:\/\/animefigurer.se\/en\/figurer\/gintama\/gintama-ochatomo-series-yorozuya-cafe-box-of-8-random-figures-rerelease\/\" \/>\n<meta property=\"og:site_name\" content=\"Animefigurer.se\" \/>\n<meta property=\"article:publisher\" content=\"https:\/\/www.facebook.com\/profile.php?id=61581826539670\" \/>\n<meta property=\"article:modified_time\" content=\"2025-12-21T18:28:50+00:00\" \/>\n<meta property=\"og:image\" content=\"https:\/\/animefigurer.se\/wp-content\/uploads\/2025\/12\/Animefigurer_logowhite.png\" \/>\n\t<meta property=\"og:image:width\" content=\"1890\" \/>\n\t<meta property=\"og:image:height\" content=\"1417\" \/>\n\t<meta property=\"og:image:type\" content=\"image\/png\" \/>\n<meta name=\"twitter:card\" content=\"summary_large_image\" \/>\n<script type=\"application\/ld+json\" class=\"yoast-schema-graph\">{\"@context\":\"https:\\\/\\\/schema.org\",\"@graph\":[{\"@type\":\"WebPage\",\"@id\":\"https:\\\/\\\/animefigurer.se\\\/figurer\\\/gintama\\\/gintama-ochatomo-series-yorozuya-cafe-box-of-8-random-figures-rerelease\\\/\",\"url\":\"https:\\\/\\\/animefigurer.se\\\/figurer\\\/gintama\\\/gintama-ochatomo-series-yorozuya-cafe-box-of-8-random-figures-rerelease\\\/\",\"name\":\"Gintama Ochatomo Series Yorozuya Cafe Box of 8 Random Figures (Rerelease) | Animefigurer.se\",\"isPartOf\":{\"@id\":\"https:\\\/\\\/animefigurer.se\\\/#website\"},\"primaryImageOfPage\":{\"@id\":\"https:\\\/\\\/animefigurer.se\\\/figurer\\\/gintama\\\/gintama-ochatomo-series-yorozuya-cafe-box-of-8-random-figures-rerelease\\\/#primaryimage\"},\"image\":{\"@id\":\"https:\\\/\\\/animefigurer.se\\\/figurer\\\/gintama\\\/gintama-ochatomo-series-yorozuya-cafe-box-of-8-random-figures-rerelease\\\/#primaryimage\"},\"thumbnailUrl\":\"https:\\\/\\\/animefigurer.se\\\/wp-content\\\/uploads\\\/2025\\\/10\\\/68c3501d93166.jpeg\",\"datePublished\":\"2025-10-20T18:09:39+00:00\",\"dateModified\":\"2025-12-21T18:28:50+00:00\",\"breadcrumb\":{\"@id\":\"https:\\\/\\\/animefigurer.se\\\/figurer\\\/gintama\\\/gintama-ochatomo-series-yorozuya-cafe-box-of-8-random-figures-rerelease\\\/#breadcrumb\"},\"inLanguage\":\"en-GB\",\"potentialAction\":[{\"@type\":\"ReadAction\",\"target\":[\"https:\\\/\\\/animefigurer.se\\\/figurer\\\/gintama\\\/gintama-ochatomo-series-yorozuya-cafe-box-of-8-random-figures-rerelease\\\/\"]}]},{\"@type\":\"ImageObject\",\"inLanguage\":\"en-GB\",\"@id\":\"https:\\\/\\\/animefigurer.se\\\/figurer\\\/gintama\\\/gintama-ochatomo-series-yorozuya-cafe-box-of-8-random-figures-rerelease\\\/#primaryimage\",\"url\":\"https:\\\/\\\/animefigurer.se\\\/wp-content\\\/uploads\\\/2025\\\/10\\\/68c3501d93166.jpeg\",\"contentUrl\":\"https:\\\/\\\/animefigurer.se\\\/wp-content\\\/uploads\\\/2025\\\/10\\\/68c3501d93166.jpeg\",\"width\":1000,\"height\":1000},{\"@type\":\"BreadcrumbList\",\"@id\":\"https:\\\/\\\/animefigurer.se\\\/figurer\\\/gintama\\\/gintama-ochatomo-series-yorozuya-cafe-box-of-8-random-figures-rerelease\\\/#breadcrumb\",\"itemListElement\":[{\"@type\":\"ListItem\",\"position\":1,\"name\":\"Home\",\"item\":\"https:\\\/\\\/animefigurer.se\\\/\"},{\"@type\":\"ListItem\",\"position\":2,\"name\":\"Butik\",\"item\":\"https:\\\/\\\/animefigurer.se\\\/figurer\\\/\"},{\"@type\":\"ListItem\",\"position\":3,\"name\":\"Gintama Ochatomo Series Yorozuya Cafe Box of 8 Random Figures (Rerelease)\"}]},{\"@type\":\"WebSite\",\"@id\":\"https:\\\/\\\/animefigurer.se\\\/#website\",\"url\":\"https:\\\/\\\/animefigurer.se\\\/\",\"name\":\"Animefigurer.se\",\"description\":\"Anime figurer fr\u00e5n \u00f6ver 300 olika anime serier med \u00f6ver 9000 produkter | Anime Shop\",\"publisher\":{\"@id\":\"https:\\\/\\\/animefigurer.se\\\/#organization\"},\"potentialAction\":[{\"@type\":\"SearchAction\",\"target\":{\"@type\":\"EntryPoint\",\"urlTemplate\":\"https:\\\/\\\/animefigurer.se\\\/?s={search_term_string}\"},\"query-input\":{\"@type\":\"PropertyValueSpecification\",\"valueRequired\":true,\"valueName\":\"search_term_string\"}}],\"inLanguage\":\"en-GB\"},{\"@type\":\"Organization\",\"@id\":\"https:\\\/\\\/animefigurer.se\\\/#organization\",\"name\":\"Animefigurer.se\",\"alternateName\":\"Anime figurer | Anime shop\",\"url\":\"https:\\\/\\\/animefigurer.se\\\/\",\"logo\":{\"@type\":\"ImageObject\",\"inLanguage\":\"en-GB\",\"@id\":\"https:\\\/\\\/animefigurer.se\\\/#\\\/schema\\\/logo\\\/image\\\/\",\"url\":\"https:\\\/\\\/animefigurer.se\\\/wp-content\\\/uploads\\\/2025\\\/12\\\/Animefigurer_logowhite.png\",\"contentUrl\":\"https:\\\/\\\/animefigurer.se\\\/wp-content\\\/uploads\\\/2025\\\/12\\\/Animefigurer_logowhite.png\",\"width\":1890,\"height\":1417,\"caption\":\"Animefigurer.se\"},\"image\":{\"@id\":\"https:\\\/\\\/animefigurer.se\\\/#\\\/schema\\\/logo\\\/image\\\/\"},\"sameAs\":[\"https:\\\/\\\/www.facebook.com\\\/profile.php?id=61581826539670\",\"https:\\\/\\\/www.instagram.com\\\/animefigurer.se\\\/\"],\"email\":\"info@animefigurer.se\"}]}<\/script>\n<!-- \/ Yoast SEO Premium plugin. -->","yoast_head_json":{"title":"Gintama Ochatomo Series Yorozuya Cafe Box of 8 Random Figures (Rerelease) | Animefigurer.se","robots":{"index":"index","follow":"follow","max-snippet":"max-snippet:-1","max-image-preview":"max-image-preview:large","max-video-preview":"max-video-preview:-1"},"canonical":"https:\/\/animefigurer.se\/en\/figurer\/gintama\/gintama-ochatomo-series-yorozuya-cafe-box-of-8-random-figures-rerelease\/","og_locale":"en_GB","og_type":"article","og_title":"Gintama Ochatomo Series Yorozuya Cafe Box of 8 Random Figures (Rerelease)","og_description":"Fr\u00e5n Gintama-serien kommer detta sortiment med 8 supers\u00f6ta deformerade maskotar i Ochatomo-serien. Figurerna \u00e4r cirka 5 cm h\u00f6ga och levereras i blindboxf\u00f6rpackningar.","og_url":"https:\/\/animefigurer.se\/en\/figurer\/gintama\/gintama-ochatomo-series-yorozuya-cafe-box-of-8-random-figures-rerelease\/","og_site_name":"Animefigurer.se","article_publisher":"https:\/\/www.facebook.com\/profile.php?id=61581826539670","article_modified_time":"2025-12-21T18:28:50+00:00","og_image":[{"width":1890,"height":1417,"url":"https:\/\/animefigurer.se\/wp-content\/uploads\/2025\/12\/Animefigurer_logowhite.png","type":"image\/png"}],"twitter_card":"summary_large_image","schema":{"@context":"https:\/\/schema.org","@graph":[{"@type":"WebPage","@id":"https:\/\/animefigurer.se\/figurer\/gintama\/gintama-ochatomo-series-yorozuya-cafe-box-of-8-random-figures-rerelease\/","url":"https:\/\/animefigurer.se\/figurer\/gintama\/gintama-ochatomo-series-yorozuya-cafe-box-of-8-random-figures-rerelease\/","name":"Gintama Ochatomo Series Yorozuya Cafe Box of 8 Random Figures (Rerelease) | Animefigurer.se","isPartOf":{"@id":"https:\/\/animefigurer.se\/#website"},"primaryImageOfPage":{"@id":"https:\/\/animefigurer.se\/figurer\/gintama\/gintama-ochatomo-series-yorozuya-cafe-box-of-8-random-figures-rerelease\/#primaryimage"},"image":{"@id":"https:\/\/animefigurer.se\/figurer\/gintama\/gintama-ochatomo-series-yorozuya-cafe-box-of-8-random-figures-rerelease\/#primaryimage"},"thumbnailUrl":"https:\/\/animefigurer.se\/wp-content\/uploads\/2025\/10\/68c3501d93166.jpeg","datePublished":"2025-10-20T18:09:39+00:00","dateModified":"2025-12-21T18:28:50+00:00","breadcrumb":{"@id":"https:\/\/animefigurer.se\/figurer\/gintama\/gintama-ochatomo-series-yorozuya-cafe-box-of-8-random-figures-rerelease\/#breadcrumb"},"inLanguage":"en-GB","potentialAction":[{"@type":"ReadAction","target":["https:\/\/animefigurer.se\/figurer\/gintama\/gintama-ochatomo-series-yorozuya-cafe-box-of-8-random-figures-rerelease\/"]}]},{"@type":"ImageObject","inLanguage":"en-GB","@id":"https:\/\/animefigurer.se\/figurer\/gintama\/gintama-ochatomo-series-yorozuya-cafe-box-of-8-random-figures-rerelease\/#primaryimage","url":"https:\/\/animefigurer.se\/wp-content\/uploads\/2025\/10\/68c3501d93166.jpeg","contentUrl":"https:\/\/animefigurer.se\/wp-content\/uploads\/2025\/10\/68c3501d93166.jpeg","width":1000,"height":1000},{"@type":"BreadcrumbList","@id":"https:\/\/animefigurer.se\/figurer\/gintama\/gintama-ochatomo-series-yorozuya-cafe-box-of-8-random-figures-rerelease\/#breadcrumb","itemListElement":[{"@type":"ListItem","position":1,"name":"Home","item":"https:\/\/animefigurer.se\/"},{"@type":"ListItem","position":2,"name":"Butik","item":"https:\/\/animefigurer.se\/figurer\/"},{"@type":"ListItem","position":3,"name":"Gintama Ochatomo Series Yorozuya Cafe Box of 8 Random Figures (Rerelease)"}]},{"@type":"WebSite","@id":"https:\/\/animefigurer.se\/#website","url":"https:\/\/animefigurer.se\/","name":"Animefigurer.se","description":"Anime figures from over 300 different anime series with over 9000 products | Anime Shop","publisher":{"@id":"https:\/\/animefigurer.se\/#organization"},"potentialAction":[{"@type":"SearchAction","target":{"@type":"EntryPoint","urlTemplate":"https:\/\/animefigurer.se\/?s={search_term_string}"},"query-input":{"@type":"PropertyValueSpecification","valueRequired":true,"valueName":"search_term_string"}}],"inLanguage":"en-GB"},{"@type":"Organization","@id":"https:\/\/animefigurer.se\/#organization","name":"Animefigurer.se","alternateName":"Anime figurer | Anime shop","url":"https:\/\/animefigurer.se\/","logo":{"@type":"ImageObject","inLanguage":"en-GB","@id":"https:\/\/animefigurer.se\/#\/schema\/logo\/image\/","url":"https:\/\/animefigurer.se\/wp-content\/uploads\/2025\/12\/Animefigurer_logowhite.png","contentUrl":"https:\/\/animefigurer.se\/wp-content\/uploads\/2025\/12\/Animefigurer_logowhite.png","width":1890,"height":1417,"caption":"Animefigurer.se"},"image":{"@id":"https:\/\/animefigurer.se\/#\/schema\/logo\/image\/"},"sameAs":["https:\/\/www.facebook.com\/profile.php?id=61581826539670","https:\/\/www.instagram.com\/animefigurer.se\/"],"email":"info@animefigurer.se"}]}},"_links":{"self":[{"href":"https:\/\/animefigurer.se\/en\/wp-json\/wp\/v2\/product\/27522","targetHints":{"allow":["GET"]}}],"collection":[{"href":"https:\/\/animefigurer.se\/en\/wp-json\/wp\/v2\/product"}],"about":[{"href":"https:\/\/animefigurer.se\/en\/wp-json\/wp\/v2\/types\/product"}],"replies":[{"embeddable":true,"href":"https:\/\/animefigurer.se\/en\/wp-json\/wp\/v2\/comments?post=27522"}],"wp:featuredmedia":[{"embeddable":true,"href":"https:\/\/animefigurer.se\/en\/wp-json\/wp\/v2\/media\/27523"}],"wp:attachment":[{"href":"https:\/\/animefigurer.se\/en\/wp-json\/wp\/v2\/media?parent=27522"}],"wp:term":[{"taxonomy":"product_brand","embeddable":true,"href":"https:\/\/animefigurer.se\/en\/wp-json\/wp\/v2\/product_brand?post=27522"},{"taxonomy":"product_cat","embeddable":true,"href":"https:\/\/animefigurer.se\/en\/wp-json\/wp\/v2\/product_cat?post=27522"},{"taxonomy":"product_tag","embeddable":true,"href":"https:\/\/animefigurer.se\/en\/wp-json\/wp\/v2\/product_tag?post=27522"},{"taxonomy":"giftcard-category","embeddable":true,"href":"https:\/\/animefigurer.se\/en\/wp-json\/wp\/v2\/giftcard-category?post=27522"}],"curies":[{"name":"wp","href":"https:\/\/api.w.org\/{rel}","templated":true}]}}