{"id":27010,"date":"2025-10-20T20:06:24","date_gmt":"2025-10-20T18:06:24","guid":{"rendered":"https:\/\/animefigurer.se\/produkt\/genshin-impact-led-statue-mondstadt-statue-of-the-seven\/"},"modified":"2025-12-21T19:28:46","modified_gmt":"2025-12-21T18:28:46","slug":"genshin-impact-led-statue-mondstadt-statue-of-the-seven","status":"publish","type":"product","link":"https:\/\/animefigurer.se\/en\/figurer\/genshin-impact\/genshin-impact-led-statue-mondstadt-statue-of-the-seven\/","title":{"rendered":"Genshin Impact LED Statue Mondstadt Statue of the Seven"},"content":{"rendered":"<p>Decorate your home with an illuminated Genshin Impact: Mondstadt Statue of The Seven LED figure from the hit game.<\/p>\n<p>A perfect decoration to accompany your gaming gear \u2014 the statue reproduces Mondstadt&#039;s Statue of The Seven and lights up with a neon effect that enhances the feeling of elemental power.<\/p>\n<p>Dimensions: approx. 21 x 12 cm. LED lighting included.<\/p>\n<p>Power: USB cable included. Alternatively, 3 x AAA batteries required (not included).<\/p>","protected":false},"excerpt":{"rendered":"<p>Decorate your home with an illuminated Genshin Impact: Mondstadt Statue of The Seven LED figure from the hit game.<\/p>\n<p>A perfect decoration to accompany your gaming gear \u2014 the statue reproduces Mondstadt&#039;s Statue of The Seven and lights up with a neon effect that enhances the feeling of elemental power.<\/p>\n<p>Dimensions: approx. 21 x 12 cm.<\/p>","protected":false},"featured_media":27011,"comment_status":"closed","ping_status":"open","template":"","meta":{"_acf_changed":false,"_monsterinsights_skip_tracking":false,"_monsterinsights_sitenote_active":false,"_monsterinsights_sitenote_note":"","_monsterinsights_sitenote_category":0},"product_brand":[7076],"product_cat":[2424],"product_tag":[24],"giftcard-category":[],"class_list":{"0":"post-27010","1":"product","2":"type-product","3":"status-publish","4":"has-post-thumbnail","6":"product_brand-neamedia-icons","7":"product_cat-genshin-impact","8":"product_tag-2-3-weeks","9":"pa_franchise-genshin-impact","10":"pa_storlek-21-cm","12":"first","13":"instock","14":"taxable","15":"shipping-taxable","16":"purchasable","17":"product-type-simple"},"acf":[],"yoast_head":"<!-- This site is optimized with the Yoast SEO Premium plugin v24.6 (Yoast SEO v27.4) - https:\/\/yoast.com\/product\/yoast-seo-premium-wordpress\/ -->\n<title>Genshin Impact LED Statue Mondstadt Statue of the Seven | Animefigurer.se<\/title>\n<meta name=\"robots\" content=\"index, follow, max-snippet:-1, max-image-preview:large, max-video-preview:-1\" \/>\n<link rel=\"canonical\" href=\"https:\/\/animefigurer.se\/en\/figurer\/genshin-impact\/genshin-impact-led-statue-mondstadt-statue-of-the-seven\/\" \/>\n<meta property=\"og:locale\" content=\"en_GB\" \/>\n<meta property=\"og:type\" content=\"article\" \/>\n<meta property=\"og:title\" content=\"Genshin Impact LED Statue Mondstadt Statue of the Seven\" \/>\n<meta property=\"og:description\" content=\"Pryd ditt hem med en upplyst Genshin Impact: Mondstadt Statue of The Seven LED-figur fr\u00e5n succ\u00e9spelet. En perfekt dekor tillsammans med din spelutrustning \u2014 statyn \u00e5terger Mondstadts Statue of The Seven och lyser upp med en neoneffekt som f\u00f6rst\u00e4rker k\u00e4nslan av element\u00e4r kraft. M\u00e5tt: ca 21 x 12 cm.\" \/>\n<meta property=\"og:url\" content=\"https:\/\/animefigurer.se\/en\/figurer\/genshin-impact\/genshin-impact-led-statue-mondstadt-statue-of-the-seven\/\" \/>\n<meta property=\"og:site_name\" content=\"Animefigurer.se\" \/>\n<meta property=\"article:publisher\" content=\"https:\/\/www.facebook.com\/profile.php?id=61581826539670\" \/>\n<meta property=\"article:modified_time\" content=\"2025-12-21T18:28:46+00:00\" \/>\n<meta property=\"og:image\" content=\"https:\/\/animefigurer.se\/wp-content\/uploads\/2025\/12\/Animefigurer_logowhite.png\" \/>\n\t<meta property=\"og:image:width\" content=\"1890\" \/>\n\t<meta property=\"og:image:height\" content=\"1417\" \/>\n\t<meta property=\"og:image:type\" content=\"image\/png\" \/>\n<meta name=\"twitter:card\" content=\"summary_large_image\" \/>\n<script type=\"application\/ld+json\" class=\"yoast-schema-graph\">{\"@context\":\"https:\\\/\\\/schema.org\",\"@graph\":[{\"@type\":\"WebPage\",\"@id\":\"https:\\\/\\\/animefigurer.se\\\/figurer\\\/genshin-impact\\\/genshin-impact-led-statue-mondstadt-statue-of-the-seven\\\/\",\"url\":\"https:\\\/\\\/animefigurer.se\\\/figurer\\\/genshin-impact\\\/genshin-impact-led-statue-mondstadt-statue-of-the-seven\\\/\",\"name\":\"Genshin Impact LED Statue Mondstadt Statue of the Seven | Animefigurer.se\",\"isPartOf\":{\"@id\":\"https:\\\/\\\/animefigurer.se\\\/#website\"},\"primaryImageOfPage\":{\"@id\":\"https:\\\/\\\/animefigurer.se\\\/figurer\\\/genshin-impact\\\/genshin-impact-led-statue-mondstadt-statue-of-the-seven\\\/#primaryimage\"},\"image\":{\"@id\":\"https:\\\/\\\/animefigurer.se\\\/figurer\\\/genshin-impact\\\/genshin-impact-led-statue-mondstadt-statue-of-the-seven\\\/#primaryimage\"},\"thumbnailUrl\":\"https:\\\/\\\/animefigurer.se\\\/wp-content\\\/uploads\\\/2025\\\/10\\\/67eea1229cf5f.jpeg\",\"datePublished\":\"2025-10-20T18:06:24+00:00\",\"dateModified\":\"2025-12-21T18:28:46+00:00\",\"breadcrumb\":{\"@id\":\"https:\\\/\\\/animefigurer.se\\\/figurer\\\/genshin-impact\\\/genshin-impact-led-statue-mondstadt-statue-of-the-seven\\\/#breadcrumb\"},\"inLanguage\":\"en-GB\",\"potentialAction\":[{\"@type\":\"ReadAction\",\"target\":[\"https:\\\/\\\/animefigurer.se\\\/figurer\\\/genshin-impact\\\/genshin-impact-led-statue-mondstadt-statue-of-the-seven\\\/\"]}]},{\"@type\":\"ImageObject\",\"inLanguage\":\"en-GB\",\"@id\":\"https:\\\/\\\/animefigurer.se\\\/figurer\\\/genshin-impact\\\/genshin-impact-led-statue-mondstadt-statue-of-the-seven\\\/#primaryimage\",\"url\":\"https:\\\/\\\/animefigurer.se\\\/wp-content\\\/uploads\\\/2025\\\/10\\\/67eea1229cf5f.jpeg\",\"contentUrl\":\"https:\\\/\\\/animefigurer.se\\\/wp-content\\\/uploads\\\/2025\\\/10\\\/67eea1229cf5f.jpeg\",\"width\":720,\"height\":540},{\"@type\":\"BreadcrumbList\",\"@id\":\"https:\\\/\\\/animefigurer.se\\\/figurer\\\/genshin-impact\\\/genshin-impact-led-statue-mondstadt-statue-of-the-seven\\\/#breadcrumb\",\"itemListElement\":[{\"@type\":\"ListItem\",\"position\":1,\"name\":\"Home\",\"item\":\"https:\\\/\\\/animefigurer.se\\\/\"},{\"@type\":\"ListItem\",\"position\":2,\"name\":\"Butik\",\"item\":\"https:\\\/\\\/animefigurer.se\\\/figurer\\\/\"},{\"@type\":\"ListItem\",\"position\":3,\"name\":\"Genshin Impact LED Statue Mondstadt Statue of the Seven\"}]},{\"@type\":\"WebSite\",\"@id\":\"https:\\\/\\\/animefigurer.se\\\/#website\",\"url\":\"https:\\\/\\\/animefigurer.se\\\/\",\"name\":\"Animefigurer.se\",\"description\":\"Anime figurer fr\u00e5n \u00f6ver 300 olika anime serier med \u00f6ver 9000 produkter | Anime Shop\",\"publisher\":{\"@id\":\"https:\\\/\\\/animefigurer.se\\\/#organization\"},\"potentialAction\":[{\"@type\":\"SearchAction\",\"target\":{\"@type\":\"EntryPoint\",\"urlTemplate\":\"https:\\\/\\\/animefigurer.se\\\/?s={search_term_string}\"},\"query-input\":{\"@type\":\"PropertyValueSpecification\",\"valueRequired\":true,\"valueName\":\"search_term_string\"}}],\"inLanguage\":\"en-GB\"},{\"@type\":\"Organization\",\"@id\":\"https:\\\/\\\/animefigurer.se\\\/#organization\",\"name\":\"Animefigurer.se\",\"alternateName\":\"Anime figurer | Anime shop\",\"url\":\"https:\\\/\\\/animefigurer.se\\\/\",\"logo\":{\"@type\":\"ImageObject\",\"inLanguage\":\"en-GB\",\"@id\":\"https:\\\/\\\/animefigurer.se\\\/#\\\/schema\\\/logo\\\/image\\\/\",\"url\":\"https:\\\/\\\/animefigurer.se\\\/wp-content\\\/uploads\\\/2025\\\/12\\\/Animefigurer_logowhite.png\",\"contentUrl\":\"https:\\\/\\\/animefigurer.se\\\/wp-content\\\/uploads\\\/2025\\\/12\\\/Animefigurer_logowhite.png\",\"width\":1890,\"height\":1417,\"caption\":\"Animefigurer.se\"},\"image\":{\"@id\":\"https:\\\/\\\/animefigurer.se\\\/#\\\/schema\\\/logo\\\/image\\\/\"},\"sameAs\":[\"https:\\\/\\\/www.facebook.com\\\/profile.php?id=61581826539670\",\"https:\\\/\\\/www.instagram.com\\\/animefigurer.se\\\/\"],\"email\":\"info@animefigurer.se\"}]}<\/script>\n<!-- \/ Yoast SEO Premium plugin. -->","yoast_head_json":{"title":"Genshin Impact LED Statue Mondstadt Statue of the Seven | Animefigurer.se","robots":{"index":"index","follow":"follow","max-snippet":"max-snippet:-1","max-image-preview":"max-image-preview:large","max-video-preview":"max-video-preview:-1"},"canonical":"https:\/\/animefigurer.se\/en\/figurer\/genshin-impact\/genshin-impact-led-statue-mondstadt-statue-of-the-seven\/","og_locale":"en_GB","og_type":"article","og_title":"Genshin Impact LED Statue Mondstadt Statue of the Seven","og_description":"Pryd ditt hem med en upplyst Genshin Impact: Mondstadt Statue of The Seven LED-figur fr\u00e5n succ\u00e9spelet. En perfekt dekor tillsammans med din spelutrustning \u2014 statyn \u00e5terger Mondstadts Statue of The Seven och lyser upp med en neoneffekt som f\u00f6rst\u00e4rker k\u00e4nslan av element\u00e4r kraft. M\u00e5tt: ca 21 x 12 cm.","og_url":"https:\/\/animefigurer.se\/en\/figurer\/genshin-impact\/genshin-impact-led-statue-mondstadt-statue-of-the-seven\/","og_site_name":"Animefigurer.se","article_publisher":"https:\/\/www.facebook.com\/profile.php?id=61581826539670","article_modified_time":"2025-12-21T18:28:46+00:00","og_image":[{"width":1890,"height":1417,"url":"https:\/\/animefigurer.se\/wp-content\/uploads\/2025\/12\/Animefigurer_logowhite.png","type":"image\/png"}],"twitter_card":"summary_large_image","schema":{"@context":"https:\/\/schema.org","@graph":[{"@type":"WebPage","@id":"https:\/\/animefigurer.se\/figurer\/genshin-impact\/genshin-impact-led-statue-mondstadt-statue-of-the-seven\/","url":"https:\/\/animefigurer.se\/figurer\/genshin-impact\/genshin-impact-led-statue-mondstadt-statue-of-the-seven\/","name":"Genshin Impact LED Statue Mondstadt Statue of the Seven | Animefigurer.se","isPartOf":{"@id":"https:\/\/animefigurer.se\/#website"},"primaryImageOfPage":{"@id":"https:\/\/animefigurer.se\/figurer\/genshin-impact\/genshin-impact-led-statue-mondstadt-statue-of-the-seven\/#primaryimage"},"image":{"@id":"https:\/\/animefigurer.se\/figurer\/genshin-impact\/genshin-impact-led-statue-mondstadt-statue-of-the-seven\/#primaryimage"},"thumbnailUrl":"https:\/\/animefigurer.se\/wp-content\/uploads\/2025\/10\/67eea1229cf5f.jpeg","datePublished":"2025-10-20T18:06:24+00:00","dateModified":"2025-12-21T18:28:46+00:00","breadcrumb":{"@id":"https:\/\/animefigurer.se\/figurer\/genshin-impact\/genshin-impact-led-statue-mondstadt-statue-of-the-seven\/#breadcrumb"},"inLanguage":"en-GB","potentialAction":[{"@type":"ReadAction","target":["https:\/\/animefigurer.se\/figurer\/genshin-impact\/genshin-impact-led-statue-mondstadt-statue-of-the-seven\/"]}]},{"@type":"ImageObject","inLanguage":"en-GB","@id":"https:\/\/animefigurer.se\/figurer\/genshin-impact\/genshin-impact-led-statue-mondstadt-statue-of-the-seven\/#primaryimage","url":"https:\/\/animefigurer.se\/wp-content\/uploads\/2025\/10\/67eea1229cf5f.jpeg","contentUrl":"https:\/\/animefigurer.se\/wp-content\/uploads\/2025\/10\/67eea1229cf5f.jpeg","width":720,"height":540},{"@type":"BreadcrumbList","@id":"https:\/\/animefigurer.se\/figurer\/genshin-impact\/genshin-impact-led-statue-mondstadt-statue-of-the-seven\/#breadcrumb","itemListElement":[{"@type":"ListItem","position":1,"name":"Home","item":"https:\/\/animefigurer.se\/"},{"@type":"ListItem","position":2,"name":"Butik","item":"https:\/\/animefigurer.se\/figurer\/"},{"@type":"ListItem","position":3,"name":"Genshin Impact LED Statue Mondstadt Statue of the Seven"}]},{"@type":"WebSite","@id":"https:\/\/animefigurer.se\/#website","url":"https:\/\/animefigurer.se\/","name":"Animefigurer.se","description":"Anime figures from over 300 different anime series with over 9000 products | Anime Shop","publisher":{"@id":"https:\/\/animefigurer.se\/#organization"},"potentialAction":[{"@type":"SearchAction","target":{"@type":"EntryPoint","urlTemplate":"https:\/\/animefigurer.se\/?s={search_term_string}"},"query-input":{"@type":"PropertyValueSpecification","valueRequired":true,"valueName":"search_term_string"}}],"inLanguage":"en-GB"},{"@type":"Organization","@id":"https:\/\/animefigurer.se\/#organization","name":"Animefigurer.se","alternateName":"Anime figurer | Anime shop","url":"https:\/\/animefigurer.se\/","logo":{"@type":"ImageObject","inLanguage":"en-GB","@id":"https:\/\/animefigurer.se\/#\/schema\/logo\/image\/","url":"https:\/\/animefigurer.se\/wp-content\/uploads\/2025\/12\/Animefigurer_logowhite.png","contentUrl":"https:\/\/animefigurer.se\/wp-content\/uploads\/2025\/12\/Animefigurer_logowhite.png","width":1890,"height":1417,"caption":"Animefigurer.se"},"image":{"@id":"https:\/\/animefigurer.se\/#\/schema\/logo\/image\/"},"sameAs":["https:\/\/www.facebook.com\/profile.php?id=61581826539670","https:\/\/www.instagram.com\/animefigurer.se\/"],"email":"info@animefigurer.se"}]}},"_links":{"self":[{"href":"https:\/\/animefigurer.se\/en\/wp-json\/wp\/v2\/product\/27010","targetHints":{"allow":["GET"]}}],"collection":[{"href":"https:\/\/animefigurer.se\/en\/wp-json\/wp\/v2\/product"}],"about":[{"href":"https:\/\/animefigurer.se\/en\/wp-json\/wp\/v2\/types\/product"}],"replies":[{"embeddable":true,"href":"https:\/\/animefigurer.se\/en\/wp-json\/wp\/v2\/comments?post=27010"}],"wp:featuredmedia":[{"embeddable":true,"href":"https:\/\/animefigurer.se\/en\/wp-json\/wp\/v2\/media\/27011"}],"wp:attachment":[{"href":"https:\/\/animefigurer.se\/en\/wp-json\/wp\/v2\/media?parent=27010"}],"wp:term":[{"taxonomy":"product_brand","embeddable":true,"href":"https:\/\/animefigurer.se\/en\/wp-json\/wp\/v2\/product_brand?post=27010"},{"taxonomy":"product_cat","embeddable":true,"href":"https:\/\/animefigurer.se\/en\/wp-json\/wp\/v2\/product_cat?post=27010"},{"taxonomy":"product_tag","embeddable":true,"href":"https:\/\/animefigurer.se\/en\/wp-json\/wp\/v2\/product_tag?post=27010"},{"taxonomy":"giftcard-category","embeddable":true,"href":"https:\/\/animefigurer.se\/en\/wp-json\/wp\/v2\/giftcard-category?post=27010"}],"curies":[{"name":"wp","href":"https:\/\/api.w.org\/{rel}","templated":true}]}}