{"id":26573,"date":"2025-10-20T20:04:41","date_gmt":"2025-10-20T18:04:41","guid":{"rendered":"https:\/\/animefigurer.se\/produkt\/teenage-mutant-ninja-turtles-x-garfield-ultimate-garfello-odie-archie-comics-action-figure-set\/"},"modified":"2025-12-21T19:28:35","modified_gmt":"2025-12-21T18:28:35","slug":"teenage-mutant-ninja-turtles-x-garfield-ultimate-garfello-odie-archie-comics-action-figure-set","status":"publish","type":"product","link":"https:\/\/animefigurer.se\/en\/figurer\/garfield\/teenage-mutant-ninja-turtles-x-garfield-ultimate-garfello-odie-archie-comics-action-figure-set\/","title":{"rendered":"Teenage Mutant Ninja Turtles x Garfield Ultimate Garfello &amp; Odie (Archie Comics) Action Figure Set"},"content":{"rendered":"<p>A new Teenage Mutant Ninja Turtle is in town \u2014 and he looks a lot like Garfield! Inspired by the iconic 1992 crossover series from Teenage Mutant Ninja Turtles Magazine, NECA&#039;s Ultimate Garfello and Odie come in a TMNT-style costume. Garfield has interchangeable hands and three heads with adjustable eyes for mixing up expressions, as well as his trusty pizza cutter for attacking a giant pizza pile. Odie also gets interchangeable heads to recreate his less convincing disguise. These 7-inch figures come in a collector-friendly window box with an opening front door and VHS tribute box art.<\/p>","protected":false},"excerpt":{"rendered":"<p>A new Teenage Mutant Ninja Turtle is in town \u2014 and he looks an awful lot like Garfield! Inspired by the iconic 1992 crossover series from Teenage Mutant Ninja Turtles Magazine, NECA&#039;s Ultimate Garfello and Odie comes to life. Garfield, dressed in TMNT style, features interchangeable hands and three heads with adjustable heads.<\/p>","protected":false},"featured_media":26574,"comment_status":"closed","ping_status":"open","template":"","meta":{"_acf_changed":false,"_monsterinsights_skip_tracking":false,"_monsterinsights_sitenote_active":false,"_monsterinsights_sitenote_note":"","_monsterinsights_sitenote_category":0},"product_brand":[7077],"product_cat":[2411,7233],"product_tag":[26],"giftcard-category":[],"class_list":{"0":"post-26573","1":"product","2":"type-product","3":"status-publish","4":"has-post-thumbnail","6":"product_brand-neca","7":"product_cat-garfield","8":"product_cat-pre-order","9":"product_tag-pre-order","10":"pa_franchise-teenage-mutant-ninja-turtles-x-garfield","11":"pa_karaktar-garfello-odie","12":"pa_material-plastic","13":"pa_storlek-10-cm","15":"first","16":"instock","17":"taxable","18":"shipping-taxable","19":"purchasable","20":"product-type-simple"},"acf":[],"yoast_head":"<!-- This site is optimized with the Yoast SEO Premium plugin v24.6 (Yoast SEO v27.3) - https:\/\/yoast.com\/product\/yoast-seo-premium-wordpress\/ -->\n<title>Teenage Mutant Ninja Turtles x Garfield Ultimate Garfello &amp; Odie (Archie Comics) Action Figure Set | Animefigurer.se<\/title>\n<meta name=\"robots\" content=\"index, follow, max-snippet:-1, max-image-preview:large, max-video-preview:-1\" \/>\n<link rel=\"canonical\" href=\"https:\/\/animefigurer.se\/en\/figurer\/garfield\/teenage-mutant-ninja-turtles-x-garfield-ultimate-garfello-odie-archie-comics-action-figure-set\/\" \/>\n<meta property=\"og:locale\" content=\"en_GB\" \/>\n<meta property=\"og:type\" content=\"article\" \/>\n<meta property=\"og:title\" content=\"Teenage Mutant Ninja Turtles x Garfield Ultimate Garfello &amp; Odie (Archie Comics) Action Figure Set\" \/>\n<meta property=\"og:description\" content=\"En ny Teenage Mutant Ninja Turtle \u00e4r i stan \u2014 och han liknar m\u00e4rkligt mycket Garfield! Inspirerad av den ikoniska 1992-crossoverserien fr\u00e5n Teenage Mutant Ninja Turtles Magazine kommer NECA:s Ultimate Garfello och Odie. Garfield, f\u00f6rkl\u00e4dd i TMNT-stil, har utbytbara h\u00e4nder och tre huvuden med justerb\" \/>\n<meta property=\"og:url\" content=\"https:\/\/animefigurer.se\/en\/figurer\/garfield\/teenage-mutant-ninja-turtles-x-garfield-ultimate-garfello-odie-archie-comics-action-figure-set\/\" \/>\n<meta property=\"og:site_name\" content=\"Animefigurer.se\" \/>\n<meta property=\"article:publisher\" content=\"https:\/\/www.facebook.com\/profile.php?id=61581826539670\" \/>\n<meta property=\"article:modified_time\" content=\"2025-12-21T18:28:35+00:00\" \/>\n<meta property=\"og:image\" content=\"https:\/\/animefigurer.se\/wp-content\/uploads\/2025\/12\/Animefigurer_logowhite.png\" \/>\n\t<meta property=\"og:image:width\" content=\"1890\" \/>\n\t<meta property=\"og:image:height\" content=\"1417\" \/>\n\t<meta property=\"og:image:type\" content=\"image\/png\" \/>\n<meta name=\"twitter:card\" content=\"summary_large_image\" \/>\n<meta name=\"twitter:label1\" content=\"Estimated reading time\" \/>\n\t<meta name=\"twitter:data1\" content=\"1 minute\" \/>\n<script type=\"application\/ld+json\" class=\"yoast-schema-graph\">{\"@context\":\"https:\\\/\\\/schema.org\",\"@graph\":[{\"@type\":\"WebPage\",\"@id\":\"https:\\\/\\\/animefigurer.se\\\/figurer\\\/garfield\\\/teenage-mutant-ninja-turtles-x-garfield-ultimate-garfello-odie-archie-comics-action-figure-set\\\/\",\"url\":\"https:\\\/\\\/animefigurer.se\\\/figurer\\\/garfield\\\/teenage-mutant-ninja-turtles-x-garfield-ultimate-garfello-odie-archie-comics-action-figure-set\\\/\",\"name\":\"Teenage Mutant Ninja Turtles x Garfield Ultimate Garfello &amp; Odie (Archie Comics) Action Figure Set | Animefigurer.se\",\"isPartOf\":{\"@id\":\"https:\\\/\\\/animefigurer.se\\\/#website\"},\"primaryImageOfPage\":{\"@id\":\"https:\\\/\\\/animefigurer.se\\\/figurer\\\/garfield\\\/teenage-mutant-ninja-turtles-x-garfield-ultimate-garfello-odie-archie-comics-action-figure-set\\\/#primaryimage\"},\"image\":{\"@id\":\"https:\\\/\\\/animefigurer.se\\\/figurer\\\/garfield\\\/teenage-mutant-ninja-turtles-x-garfield-ultimate-garfello-odie-archie-comics-action-figure-set\\\/#primaryimage\"},\"thumbnailUrl\":\"https:\\\/\\\/animefigurer.se\\\/wp-content\\\/uploads\\\/2025\\\/10\\\/68c2e24553138.jpeg\",\"datePublished\":\"2025-10-20T18:04:41+00:00\",\"dateModified\":\"2025-12-21T18:28:35+00:00\",\"breadcrumb\":{\"@id\":\"https:\\\/\\\/animefigurer.se\\\/figurer\\\/garfield\\\/teenage-mutant-ninja-turtles-x-garfield-ultimate-garfello-odie-archie-comics-action-figure-set\\\/#breadcrumb\"},\"inLanguage\":\"en-GB\",\"potentialAction\":[{\"@type\":\"ReadAction\",\"target\":[\"https:\\\/\\\/animefigurer.se\\\/figurer\\\/garfield\\\/teenage-mutant-ninja-turtles-x-garfield-ultimate-garfello-odie-archie-comics-action-figure-set\\\/\"]}]},{\"@type\":\"ImageObject\",\"inLanguage\":\"en-GB\",\"@id\":\"https:\\\/\\\/animefigurer.se\\\/figurer\\\/garfield\\\/teenage-mutant-ninja-turtles-x-garfield-ultimate-garfello-odie-archie-comics-action-figure-set\\\/#primaryimage\",\"url\":\"https:\\\/\\\/animefigurer.se\\\/wp-content\\\/uploads\\\/2025\\\/10\\\/68c2e24553138.jpeg\",\"contentUrl\":\"https:\\\/\\\/animefigurer.se\\\/wp-content\\\/uploads\\\/2025\\\/10\\\/68c2e24553138.jpeg\",\"width\":1000,\"height\":750},{\"@type\":\"BreadcrumbList\",\"@id\":\"https:\\\/\\\/animefigurer.se\\\/figurer\\\/garfield\\\/teenage-mutant-ninja-turtles-x-garfield-ultimate-garfello-odie-archie-comics-action-figure-set\\\/#breadcrumb\",\"itemListElement\":[{\"@type\":\"ListItem\",\"position\":1,\"name\":\"Home\",\"item\":\"https:\\\/\\\/animefigurer.se\\\/\"},{\"@type\":\"ListItem\",\"position\":2,\"name\":\"Butik\",\"item\":\"https:\\\/\\\/animefigurer.se\\\/figurer\\\/\"},{\"@type\":\"ListItem\",\"position\":3,\"name\":\"Teenage Mutant Ninja Turtles x Garfield Ultimate Garfello &amp; Odie (Archie Comics) Action Figure Set\"}]},{\"@type\":\"WebSite\",\"@id\":\"https:\\\/\\\/animefigurer.se\\\/#website\",\"url\":\"https:\\\/\\\/animefigurer.se\\\/\",\"name\":\"Animefigurer.se\",\"description\":\"Anime figurer fr\u00e5n \u00f6ver 300 olika anime serier med \u00f6ver 9000 produkter | Anime Shop\",\"publisher\":{\"@id\":\"https:\\\/\\\/animefigurer.se\\\/#organization\"},\"potentialAction\":[{\"@type\":\"SearchAction\",\"target\":{\"@type\":\"EntryPoint\",\"urlTemplate\":\"https:\\\/\\\/animefigurer.se\\\/?s={search_term_string}\"},\"query-input\":{\"@type\":\"PropertyValueSpecification\",\"valueRequired\":true,\"valueName\":\"search_term_string\"}}],\"inLanguage\":\"en-GB\"},{\"@type\":\"Organization\",\"@id\":\"https:\\\/\\\/animefigurer.se\\\/#organization\",\"name\":\"Animefigurer.se\",\"alternateName\":\"Anime figurer | Anime shop\",\"url\":\"https:\\\/\\\/animefigurer.se\\\/\",\"logo\":{\"@type\":\"ImageObject\",\"inLanguage\":\"en-GB\",\"@id\":\"https:\\\/\\\/animefigurer.se\\\/#\\\/schema\\\/logo\\\/image\\\/\",\"url\":\"https:\\\/\\\/animefigurer.se\\\/wp-content\\\/uploads\\\/2025\\\/12\\\/Animefigurer_logowhite.png\",\"contentUrl\":\"https:\\\/\\\/animefigurer.se\\\/wp-content\\\/uploads\\\/2025\\\/12\\\/Animefigurer_logowhite.png\",\"width\":1890,\"height\":1417,\"caption\":\"Animefigurer.se\"},\"image\":{\"@id\":\"https:\\\/\\\/animefigurer.se\\\/#\\\/schema\\\/logo\\\/image\\\/\"},\"sameAs\":[\"https:\\\/\\\/www.facebook.com\\\/profile.php?id=61581826539670\",\"https:\\\/\\\/www.instagram.com\\\/animefigurer.se\\\/\"],\"email\":\"info@animefigurer.se\"}]}<\/script>\n<!-- \/ Yoast SEO Premium plugin. -->","yoast_head_json":{"title":"Teenage Mutant Ninja Turtles x Garfield Ultimate Garfello &amp; Odie (Archie Comics) Action Figure Set | Animefigurer.se","robots":{"index":"index","follow":"follow","max-snippet":"max-snippet:-1","max-image-preview":"max-image-preview:large","max-video-preview":"max-video-preview:-1"},"canonical":"https:\/\/animefigurer.se\/en\/figurer\/garfield\/teenage-mutant-ninja-turtles-x-garfield-ultimate-garfello-odie-archie-comics-action-figure-set\/","og_locale":"en_GB","og_type":"article","og_title":"Teenage Mutant Ninja Turtles x Garfield Ultimate Garfello &amp; Odie (Archie Comics) Action Figure Set","og_description":"En ny Teenage Mutant Ninja Turtle \u00e4r i stan \u2014 och han liknar m\u00e4rkligt mycket Garfield! Inspirerad av den ikoniska 1992-crossoverserien fr\u00e5n Teenage Mutant Ninja Turtles Magazine kommer NECA:s Ultimate Garfello och Odie. Garfield, f\u00f6rkl\u00e4dd i TMNT-stil, har utbytbara h\u00e4nder och tre huvuden med justerb","og_url":"https:\/\/animefigurer.se\/en\/figurer\/garfield\/teenage-mutant-ninja-turtles-x-garfield-ultimate-garfello-odie-archie-comics-action-figure-set\/","og_site_name":"Animefigurer.se","article_publisher":"https:\/\/www.facebook.com\/profile.php?id=61581826539670","article_modified_time":"2025-12-21T18:28:35+00:00","og_image":[{"width":1890,"height":1417,"url":"https:\/\/animefigurer.se\/wp-content\/uploads\/2025\/12\/Animefigurer_logowhite.png","type":"image\/png"}],"twitter_card":"summary_large_image","twitter_misc":{"Estimated reading time":"1 minute"},"schema":{"@context":"https:\/\/schema.org","@graph":[{"@type":"WebPage","@id":"https:\/\/animefigurer.se\/figurer\/garfield\/teenage-mutant-ninja-turtles-x-garfield-ultimate-garfello-odie-archie-comics-action-figure-set\/","url":"https:\/\/animefigurer.se\/figurer\/garfield\/teenage-mutant-ninja-turtles-x-garfield-ultimate-garfello-odie-archie-comics-action-figure-set\/","name":"Teenage Mutant Ninja Turtles x Garfield Ultimate Garfello &amp; Odie (Archie Comics) Action Figure Set | Animefigurer.se","isPartOf":{"@id":"https:\/\/animefigurer.se\/#website"},"primaryImageOfPage":{"@id":"https:\/\/animefigurer.se\/figurer\/garfield\/teenage-mutant-ninja-turtles-x-garfield-ultimate-garfello-odie-archie-comics-action-figure-set\/#primaryimage"},"image":{"@id":"https:\/\/animefigurer.se\/figurer\/garfield\/teenage-mutant-ninja-turtles-x-garfield-ultimate-garfello-odie-archie-comics-action-figure-set\/#primaryimage"},"thumbnailUrl":"https:\/\/animefigurer.se\/wp-content\/uploads\/2025\/10\/68c2e24553138.jpeg","datePublished":"2025-10-20T18:04:41+00:00","dateModified":"2025-12-21T18:28:35+00:00","breadcrumb":{"@id":"https:\/\/animefigurer.se\/figurer\/garfield\/teenage-mutant-ninja-turtles-x-garfield-ultimate-garfello-odie-archie-comics-action-figure-set\/#breadcrumb"},"inLanguage":"en-GB","potentialAction":[{"@type":"ReadAction","target":["https:\/\/animefigurer.se\/figurer\/garfield\/teenage-mutant-ninja-turtles-x-garfield-ultimate-garfello-odie-archie-comics-action-figure-set\/"]}]},{"@type":"ImageObject","inLanguage":"en-GB","@id":"https:\/\/animefigurer.se\/figurer\/garfield\/teenage-mutant-ninja-turtles-x-garfield-ultimate-garfello-odie-archie-comics-action-figure-set\/#primaryimage","url":"https:\/\/animefigurer.se\/wp-content\/uploads\/2025\/10\/68c2e24553138.jpeg","contentUrl":"https:\/\/animefigurer.se\/wp-content\/uploads\/2025\/10\/68c2e24553138.jpeg","width":1000,"height":750},{"@type":"BreadcrumbList","@id":"https:\/\/animefigurer.se\/figurer\/garfield\/teenage-mutant-ninja-turtles-x-garfield-ultimate-garfello-odie-archie-comics-action-figure-set\/#breadcrumb","itemListElement":[{"@type":"ListItem","position":1,"name":"Home","item":"https:\/\/animefigurer.se\/"},{"@type":"ListItem","position":2,"name":"Butik","item":"https:\/\/animefigurer.se\/figurer\/"},{"@type":"ListItem","position":3,"name":"Teenage Mutant Ninja Turtles x Garfield Ultimate Garfello &amp; Odie (Archie Comics) Action Figure Set"}]},{"@type":"WebSite","@id":"https:\/\/animefigurer.se\/#website","url":"https:\/\/animefigurer.se\/","name":"Animefigurer.se","description":"Anime figures from over 300 different anime series with over 9000 products | Anime Shop","publisher":{"@id":"https:\/\/animefigurer.se\/#organization"},"potentialAction":[{"@type":"SearchAction","target":{"@type":"EntryPoint","urlTemplate":"https:\/\/animefigurer.se\/?s={search_term_string}"},"query-input":{"@type":"PropertyValueSpecification","valueRequired":true,"valueName":"search_term_string"}}],"inLanguage":"en-GB"},{"@type":"Organization","@id":"https:\/\/animefigurer.se\/#organization","name":"Animefigurer.se","alternateName":"Anime figurer | Anime shop","url":"https:\/\/animefigurer.se\/","logo":{"@type":"ImageObject","inLanguage":"en-GB","@id":"https:\/\/animefigurer.se\/#\/schema\/logo\/image\/","url":"https:\/\/animefigurer.se\/wp-content\/uploads\/2025\/12\/Animefigurer_logowhite.png","contentUrl":"https:\/\/animefigurer.se\/wp-content\/uploads\/2025\/12\/Animefigurer_logowhite.png","width":1890,"height":1417,"caption":"Animefigurer.se"},"image":{"@id":"https:\/\/animefigurer.se\/#\/schema\/logo\/image\/"},"sameAs":["https:\/\/www.facebook.com\/profile.php?id=61581826539670","https:\/\/www.instagram.com\/animefigurer.se\/"],"email":"info@animefigurer.se"}]}},"_links":{"self":[{"href":"https:\/\/animefigurer.se\/en\/wp-json\/wp\/v2\/product\/26573","targetHints":{"allow":["GET"]}}],"collection":[{"href":"https:\/\/animefigurer.se\/en\/wp-json\/wp\/v2\/product"}],"about":[{"href":"https:\/\/animefigurer.se\/en\/wp-json\/wp\/v2\/types\/product"}],"replies":[{"embeddable":true,"href":"https:\/\/animefigurer.se\/en\/wp-json\/wp\/v2\/comments?post=26573"}],"wp:featuredmedia":[{"embeddable":true,"href":"https:\/\/animefigurer.se\/en\/wp-json\/wp\/v2\/media\/26574"}],"wp:attachment":[{"href":"https:\/\/animefigurer.se\/en\/wp-json\/wp\/v2\/media?parent=26573"}],"wp:term":[{"taxonomy":"product_brand","embeddable":true,"href":"https:\/\/animefigurer.se\/en\/wp-json\/wp\/v2\/product_brand?post=26573"},{"taxonomy":"product_cat","embeddable":true,"href":"https:\/\/animefigurer.se\/en\/wp-json\/wp\/v2\/product_cat?post=26573"},{"taxonomy":"product_tag","embeddable":true,"href":"https:\/\/animefigurer.se\/en\/wp-json\/wp\/v2\/product_tag?post=26573"},{"taxonomy":"giftcard-category","embeddable":true,"href":"https:\/\/animefigurer.se\/en\/wp-json\/wp\/v2\/giftcard-category?post=26573"}],"curies":[{"name":"wp","href":"https:\/\/api.w.org\/{rel}","templated":true}]}}