{"id":26178,"date":"2025-10-20T20:02:23","date_gmt":"2025-10-20T18:02:23","guid":{"rendered":"https:\/\/animefigurer.se\/produkt\/fullmetal-alchemist-brotherhood-concept-masterline-roy-mustang-riza-hawkeye-1-6-scale-statue\/"},"modified":"2026-04-20T08:13:01","modified_gmt":"2026-04-20T06:13:01","slug":"fullmetal-alchemist-brotherhood-concept-masterline-roy-mustang-riza-hawkeye-1-6-scale-statue","status":"publish","type":"product","link":"https:\/\/animefigurer.se\/en\/figurer\/fullmetal-alchemist\/fullmetal-alchemist-brotherhood-concept-masterline-roy-mustang-riza-hawkeye-1-6-scale-statue\/","title":{"rendered":"Fullmetal Alchemist: Brotherhood Concept Masterline Roy Mustang &amp; Riza Hawkeye 1\/6 Scale Statue"},"content":{"rendered":"<p>\u201d&quot;Lieutenant, follow me&quot; - Roy Mustang<br \/>\n\u201dI will follow you into hell if you ask me to\u201d \u2013 Riza Hawkeye<\/p>\n<p>Prime 1 Studio is proud to present the next addition to the Concept Masterline series: 1\/6th scale CMFMA-02 Roy Mustang &amp; Riza Hawkeye from Fullmetal Alchemist!<\/p>\n<p>This impressive 19-inch statue (approx. H:50cm W:40cm D:48cm) captures the duo in the heat of battle. Roy Mustang, the charismatic Flame Alchemist, stands ready to conjure devastating fire with his hand outstretched and sparks swirling around his fingers. Riza Hawkeye protects him from the knee \u2013 vigilant, rifle in hand and gaze focused. Their strong interaction and mutual trust are clearly visible in the poses.<\/p>\n<p>Prime 1 Studio&#039;s sculptors have paid great attention to detail: everything from the folds and texture of Roy&#039;s Amestris uniform to the wood grain of Hawkeye&#039;s rifle is meticulously crafted. Faithful companion Black Hayate is included, adding a charming touch to the composition.<\/p>\n<p>The base is themed to Amestris and is surrounded by realistically painted flames and smoke that frame the scene. Instead of LEDs, the painters have used advanced color grading so the flames appear to glow in real life. The result is a dramatic and lifelike presentation that really stands out in a collection.<\/p>\n<p>This statue works great on its own or paired with the Edward &amp; Alphonse Elric statue to recreate epic battle scenes from the series. Don&#039;t miss the chance to add the CMFMA-02 Roy Mustang &amp; Riza Hawkeye to your collection while supplies last.<\/p>\n<p>Specifications:<br \/>\n\u2013 Scale: 1\/6 (Concept Masterline CMFMA-02)<br \/>\n\u2013 Height: approx. 19.6 inches (approx. H:50cm W:40cm D:48cm)<br \/>\n\u2013 Fullmetal Alchemist themed base<br \/>\n\u2013 Manufacturer: Prime 1 Studio<\/p>","protected":false},"excerpt":{"rendered":"<p>\u201d&quot;Lieutenant, follow me&quot; - Roy Mustang<br \/>\n\u201dI will follow you into hell if you ask me to\u201d \u2013 Riza Hawkeye<\/p>\n<p>Prime 1 Studio is proud to present the next addition to the Concept Masterline series: 1\/6th scale CMFMA-02 Roy Mustang &amp; Riza Hawkeye from Fullmetal Alchemist!<\/p>\n<p>This impressive approximately 19-inch statue<\/p>","protected":false},"featured_media":26179,"comment_status":"closed","ping_status":"closed","template":"","meta":{"_acf_changed":false,"_monsterinsights_skip_tracking":false,"_monsterinsights_sitenote_active":false,"_monsterinsights_sitenote_note":"","_monsterinsights_sitenote_category":0},"product_brand":[7111],"product_cat":[2389],"product_tag":[24],"giftcard-category":[],"class_list":{"0":"post-26178","1":"product","2":"type-product","3":"status-publish","4":"has-post-thumbnail","6":"product_brand-prime-1-studio","7":"product_cat-fullmetal-alchemist","8":"product_tag-2-3-weeks","9":"pa_franchise-fullmetal-alchemist-brotherhood","10":"pa_karaktar-roy-mustang-riza-hawkeye","11":"pa_material-polystone","12":"pa_skala-57","13":"pa_storlek-50-cm","15":"first","16":"instock","17":"taxable","18":"shipping-taxable","19":"purchasable","20":"product-type-simple"},"acf":[],"yoast_head":"<!-- This site is optimized with the Yoast SEO Premium plugin v24.6 (Yoast SEO v27.3) - https:\/\/yoast.com\/product\/yoast-seo-premium-wordpress\/ -->\n<title>Fullmetal Alchemist: Brotherhood Concept Masterline Roy Mustang &amp; Riza Hawkeye 1\/6 Scale Statue | Animefigurer.se<\/title>\n<meta name=\"robots\" content=\"index, follow, max-snippet:-1, max-image-preview:large, max-video-preview:-1\" \/>\n<link rel=\"canonical\" href=\"https:\/\/animefigurer.se\/en\/figurer\/fullmetal-alchemist\/fullmetal-alchemist-brotherhood-concept-masterline-roy-mustang-riza-hawkeye-1-6-scale-statue\/\" \/>\n<meta property=\"og:locale\" content=\"en_GB\" \/>\n<meta property=\"og:type\" content=\"article\" \/>\n<meta property=\"og:title\" content=\"Fullmetal Alchemist: Brotherhood Concept Masterline Roy Mustang &amp; Riza Hawkeye 1\/6 Scale Statue\" \/>\n<meta property=\"og:description\" content=\"\u201dL\u00f6jtnant, f\u00f6lj mig\u201d \u2013 Roy Mustang \u201dJag f\u00f6ljer dig in i helvetet om du ber mig\u201d \u2013 Riza Hawkeye  Prime 1 Studio \u00e4r stolta \u00f6ver att presentera n\u00e4sta tillskott i Concept Masterline-serien: 1\/6-skala CMFMA-02 Roy Mustang &amp; Riza Hawkeye fr\u00e5n Fullmetal Alchemist!  Den h\u00e4r imponerande cirka 19-tumsstat\" \/>\n<meta property=\"og:url\" content=\"https:\/\/animefigurer.se\/en\/figurer\/fullmetal-alchemist\/fullmetal-alchemist-brotherhood-concept-masterline-roy-mustang-riza-hawkeye-1-6-scale-statue\/\" \/>\n<meta property=\"og:site_name\" content=\"Animefigurer.se\" \/>\n<meta property=\"article:publisher\" content=\"https:\/\/www.facebook.com\/profile.php?id=61581826539670\" \/>\n<meta property=\"article:modified_time\" content=\"2026-04-20T06:13:01+00:00\" \/>\n<meta property=\"og:image\" content=\"https:\/\/animefigurer.se\/wp-content\/uploads\/2025\/12\/Animefigurer_logowhite.png\" \/>\n\t<meta property=\"og:image:width\" content=\"1890\" \/>\n\t<meta property=\"og:image:height\" content=\"1417\" \/>\n\t<meta property=\"og:image:type\" content=\"image\/png\" \/>\n<meta name=\"twitter:card\" content=\"summary_large_image\" \/>\n<meta name=\"twitter:label1\" content=\"Estimated reading time\" \/>\n\t<meta name=\"twitter:data1\" content=\"2 minutes\" \/>\n<script type=\"application\/ld+json\" class=\"yoast-schema-graph\">{\"@context\":\"https:\\\/\\\/schema.org\",\"@graph\":[{\"@type\":\"WebPage\",\"@id\":\"https:\\\/\\\/animefigurer.se\\\/figurer\\\/fullmetal-alchemist\\\/fullmetal-alchemist-brotherhood-concept-masterline-roy-mustang-riza-hawkeye-1-6-scale-statue\\\/\",\"url\":\"https:\\\/\\\/animefigurer.se\\\/figurer\\\/fullmetal-alchemist\\\/fullmetal-alchemist-brotherhood-concept-masterline-roy-mustang-riza-hawkeye-1-6-scale-statue\\\/\",\"name\":\"Fullmetal Alchemist: Brotherhood Concept Masterline Roy Mustang &amp; Riza Hawkeye 1\\\/6 Scale Statue | Animefigurer.se\",\"isPartOf\":{\"@id\":\"https:\\\/\\\/animefigurer.se\\\/#website\"},\"primaryImageOfPage\":{\"@id\":\"https:\\\/\\\/animefigurer.se\\\/figurer\\\/fullmetal-alchemist\\\/fullmetal-alchemist-brotherhood-concept-masterline-roy-mustang-riza-hawkeye-1-6-scale-statue\\\/#primaryimage\"},\"image\":{\"@id\":\"https:\\\/\\\/animefigurer.se\\\/figurer\\\/fullmetal-alchemist\\\/fullmetal-alchemist-brotherhood-concept-masterline-roy-mustang-riza-hawkeye-1-6-scale-statue\\\/#primaryimage\"},\"thumbnailUrl\":\"https:\\\/\\\/animefigurer.se\\\/wp-content\\\/uploads\\\/2025\\\/10\\\/6670a57f2e7fd.jpeg\",\"datePublished\":\"2025-10-20T18:02:23+00:00\",\"dateModified\":\"2026-04-20T06:13:01+00:00\",\"breadcrumb\":{\"@id\":\"https:\\\/\\\/animefigurer.se\\\/figurer\\\/fullmetal-alchemist\\\/fullmetal-alchemist-brotherhood-concept-masterline-roy-mustang-riza-hawkeye-1-6-scale-statue\\\/#breadcrumb\"},\"inLanguage\":\"en-GB\",\"potentialAction\":[{\"@type\":\"ReadAction\",\"target\":[\"https:\\\/\\\/animefigurer.se\\\/figurer\\\/fullmetal-alchemist\\\/fullmetal-alchemist-brotherhood-concept-masterline-roy-mustang-riza-hawkeye-1-6-scale-statue\\\/\"]}]},{\"@type\":\"ImageObject\",\"inLanguage\":\"en-GB\",\"@id\":\"https:\\\/\\\/animefigurer.se\\\/figurer\\\/fullmetal-alchemist\\\/fullmetal-alchemist-brotherhood-concept-masterline-roy-mustang-riza-hawkeye-1-6-scale-statue\\\/#primaryimage\",\"url\":\"https:\\\/\\\/animefigurer.se\\\/wp-content\\\/uploads\\\/2025\\\/10\\\/6670a57f2e7fd.jpeg\",\"contentUrl\":\"https:\\\/\\\/animefigurer.se\\\/wp-content\\\/uploads\\\/2025\\\/10\\\/6670a57f2e7fd.jpeg\",\"width\":720,\"height\":540},{\"@type\":\"BreadcrumbList\",\"@id\":\"https:\\\/\\\/animefigurer.se\\\/figurer\\\/fullmetal-alchemist\\\/fullmetal-alchemist-brotherhood-concept-masterline-roy-mustang-riza-hawkeye-1-6-scale-statue\\\/#breadcrumb\",\"itemListElement\":[{\"@type\":\"ListItem\",\"position\":1,\"name\":\"Home\",\"item\":\"https:\\\/\\\/animefigurer.se\\\/\"},{\"@type\":\"ListItem\",\"position\":2,\"name\":\"Butik\",\"item\":\"https:\\\/\\\/animefigurer.se\\\/figurer\\\/\"},{\"@type\":\"ListItem\",\"position\":3,\"name\":\"Fullmetal Alchemist: Brotherhood Concept Masterline Roy Mustang &amp; Riza Hawkeye 1\\\/6 Scale Statue\"}]},{\"@type\":\"WebSite\",\"@id\":\"https:\\\/\\\/animefigurer.se\\\/#website\",\"url\":\"https:\\\/\\\/animefigurer.se\\\/\",\"name\":\"Animefigurer.se\",\"description\":\"Anime figurer fr\u00e5n \u00f6ver 300 olika anime serier med \u00f6ver 9000 produkter | Anime Shop\",\"publisher\":{\"@id\":\"https:\\\/\\\/animefigurer.se\\\/#organization\"},\"potentialAction\":[{\"@type\":\"SearchAction\",\"target\":{\"@type\":\"EntryPoint\",\"urlTemplate\":\"https:\\\/\\\/animefigurer.se\\\/?s={search_term_string}\"},\"query-input\":{\"@type\":\"PropertyValueSpecification\",\"valueRequired\":true,\"valueName\":\"search_term_string\"}}],\"inLanguage\":\"en-GB\"},{\"@type\":\"Organization\",\"@id\":\"https:\\\/\\\/animefigurer.se\\\/#organization\",\"name\":\"Animefigurer.se\",\"alternateName\":\"Anime figurer | Anime shop\",\"url\":\"https:\\\/\\\/animefigurer.se\\\/\",\"logo\":{\"@type\":\"ImageObject\",\"inLanguage\":\"en-GB\",\"@id\":\"https:\\\/\\\/animefigurer.se\\\/#\\\/schema\\\/logo\\\/image\\\/\",\"url\":\"https:\\\/\\\/animefigurer.se\\\/wp-content\\\/uploads\\\/2025\\\/12\\\/Animefigurer_logowhite.png\",\"contentUrl\":\"https:\\\/\\\/animefigurer.se\\\/wp-content\\\/uploads\\\/2025\\\/12\\\/Animefigurer_logowhite.png\",\"width\":1890,\"height\":1417,\"caption\":\"Animefigurer.se\"},\"image\":{\"@id\":\"https:\\\/\\\/animefigurer.se\\\/#\\\/schema\\\/logo\\\/image\\\/\"},\"sameAs\":[\"https:\\\/\\\/www.facebook.com\\\/profile.php?id=61581826539670\",\"https:\\\/\\\/www.instagram.com\\\/animefigurer.se\\\/\"],\"email\":\"info@animefigurer.se\"}]}<\/script>\n<!-- \/ Yoast SEO Premium plugin. -->","yoast_head_json":{"title":"Fullmetal Alchemist: Brotherhood Concept Masterline Roy Mustang &amp; Riza Hawkeye 1\/6 Scale Statue | Animefigurer.se","robots":{"index":"index","follow":"follow","max-snippet":"max-snippet:-1","max-image-preview":"max-image-preview:large","max-video-preview":"max-video-preview:-1"},"canonical":"https:\/\/animefigurer.se\/en\/figurer\/fullmetal-alchemist\/fullmetal-alchemist-brotherhood-concept-masterline-roy-mustang-riza-hawkeye-1-6-scale-statue\/","og_locale":"en_GB","og_type":"article","og_title":"Fullmetal Alchemist: Brotherhood Concept Masterline Roy Mustang &amp; Riza Hawkeye 1\/6 Scale Statue","og_description":"\u201dL\u00f6jtnant, f\u00f6lj mig\u201d \u2013 Roy Mustang \u201dJag f\u00f6ljer dig in i helvetet om du ber mig\u201d \u2013 Riza Hawkeye  Prime 1 Studio \u00e4r stolta \u00f6ver att presentera n\u00e4sta tillskott i Concept Masterline-serien: 1\/6-skala CMFMA-02 Roy Mustang &amp; Riza Hawkeye fr\u00e5n Fullmetal Alchemist!  Den h\u00e4r imponerande cirka 19-tumsstat","og_url":"https:\/\/animefigurer.se\/en\/figurer\/fullmetal-alchemist\/fullmetal-alchemist-brotherhood-concept-masterline-roy-mustang-riza-hawkeye-1-6-scale-statue\/","og_site_name":"Animefigurer.se","article_publisher":"https:\/\/www.facebook.com\/profile.php?id=61581826539670","article_modified_time":"2026-04-20T06:13:01+00:00","og_image":[{"width":1890,"height":1417,"url":"https:\/\/animefigurer.se\/wp-content\/uploads\/2025\/12\/Animefigurer_logowhite.png","type":"image\/png"}],"twitter_card":"summary_large_image","twitter_misc":{"Estimated reading time":"2 minutes"},"schema":{"@context":"https:\/\/schema.org","@graph":[{"@type":"WebPage","@id":"https:\/\/animefigurer.se\/figurer\/fullmetal-alchemist\/fullmetal-alchemist-brotherhood-concept-masterline-roy-mustang-riza-hawkeye-1-6-scale-statue\/","url":"https:\/\/animefigurer.se\/figurer\/fullmetal-alchemist\/fullmetal-alchemist-brotherhood-concept-masterline-roy-mustang-riza-hawkeye-1-6-scale-statue\/","name":"Fullmetal Alchemist: Brotherhood Concept Masterline Roy Mustang &amp; Riza Hawkeye 1\/6 Scale Statue | Animefigurer.se","isPartOf":{"@id":"https:\/\/animefigurer.se\/#website"},"primaryImageOfPage":{"@id":"https:\/\/animefigurer.se\/figurer\/fullmetal-alchemist\/fullmetal-alchemist-brotherhood-concept-masterline-roy-mustang-riza-hawkeye-1-6-scale-statue\/#primaryimage"},"image":{"@id":"https:\/\/animefigurer.se\/figurer\/fullmetal-alchemist\/fullmetal-alchemist-brotherhood-concept-masterline-roy-mustang-riza-hawkeye-1-6-scale-statue\/#primaryimage"},"thumbnailUrl":"https:\/\/animefigurer.se\/wp-content\/uploads\/2025\/10\/6670a57f2e7fd.jpeg","datePublished":"2025-10-20T18:02:23+00:00","dateModified":"2026-04-20T06:13:01+00:00","breadcrumb":{"@id":"https:\/\/animefigurer.se\/figurer\/fullmetal-alchemist\/fullmetal-alchemist-brotherhood-concept-masterline-roy-mustang-riza-hawkeye-1-6-scale-statue\/#breadcrumb"},"inLanguage":"en-GB","potentialAction":[{"@type":"ReadAction","target":["https:\/\/animefigurer.se\/figurer\/fullmetal-alchemist\/fullmetal-alchemist-brotherhood-concept-masterline-roy-mustang-riza-hawkeye-1-6-scale-statue\/"]}]},{"@type":"ImageObject","inLanguage":"en-GB","@id":"https:\/\/animefigurer.se\/figurer\/fullmetal-alchemist\/fullmetal-alchemist-brotherhood-concept-masterline-roy-mustang-riza-hawkeye-1-6-scale-statue\/#primaryimage","url":"https:\/\/animefigurer.se\/wp-content\/uploads\/2025\/10\/6670a57f2e7fd.jpeg","contentUrl":"https:\/\/animefigurer.se\/wp-content\/uploads\/2025\/10\/6670a57f2e7fd.jpeg","width":720,"height":540},{"@type":"BreadcrumbList","@id":"https:\/\/animefigurer.se\/figurer\/fullmetal-alchemist\/fullmetal-alchemist-brotherhood-concept-masterline-roy-mustang-riza-hawkeye-1-6-scale-statue\/#breadcrumb","itemListElement":[{"@type":"ListItem","position":1,"name":"Home","item":"https:\/\/animefigurer.se\/"},{"@type":"ListItem","position":2,"name":"Butik","item":"https:\/\/animefigurer.se\/figurer\/"},{"@type":"ListItem","position":3,"name":"Fullmetal Alchemist: Brotherhood Concept Masterline Roy Mustang &amp; Riza Hawkeye 1\/6 Scale Statue"}]},{"@type":"WebSite","@id":"https:\/\/animefigurer.se\/#website","url":"https:\/\/animefigurer.se\/","name":"Animefigurer.se","description":"Anime figures from over 300 different anime series with over 9000 products | Anime Shop","publisher":{"@id":"https:\/\/animefigurer.se\/#organization"},"potentialAction":[{"@type":"SearchAction","target":{"@type":"EntryPoint","urlTemplate":"https:\/\/animefigurer.se\/?s={search_term_string}"},"query-input":{"@type":"PropertyValueSpecification","valueRequired":true,"valueName":"search_term_string"}}],"inLanguage":"en-GB"},{"@type":"Organization","@id":"https:\/\/animefigurer.se\/#organization","name":"Animefigurer.se","alternateName":"Anime figurer | Anime shop","url":"https:\/\/animefigurer.se\/","logo":{"@type":"ImageObject","inLanguage":"en-GB","@id":"https:\/\/animefigurer.se\/#\/schema\/logo\/image\/","url":"https:\/\/animefigurer.se\/wp-content\/uploads\/2025\/12\/Animefigurer_logowhite.png","contentUrl":"https:\/\/animefigurer.se\/wp-content\/uploads\/2025\/12\/Animefigurer_logowhite.png","width":1890,"height":1417,"caption":"Animefigurer.se"},"image":{"@id":"https:\/\/animefigurer.se\/#\/schema\/logo\/image\/"},"sameAs":["https:\/\/www.facebook.com\/profile.php?id=61581826539670","https:\/\/www.instagram.com\/animefigurer.se\/"],"email":"info@animefigurer.se"}]}},"_links":{"self":[{"href":"https:\/\/animefigurer.se\/en\/wp-json\/wp\/v2\/product\/26178","targetHints":{"allow":["GET"]}}],"collection":[{"href":"https:\/\/animefigurer.se\/en\/wp-json\/wp\/v2\/product"}],"about":[{"href":"https:\/\/animefigurer.se\/en\/wp-json\/wp\/v2\/types\/product"}],"replies":[{"embeddable":true,"href":"https:\/\/animefigurer.se\/en\/wp-json\/wp\/v2\/comments?post=26178"}],"wp:featuredmedia":[{"embeddable":true,"href":"https:\/\/animefigurer.se\/en\/wp-json\/wp\/v2\/media\/26179"}],"wp:attachment":[{"href":"https:\/\/animefigurer.se\/en\/wp-json\/wp\/v2\/media?parent=26178"}],"wp:term":[{"taxonomy":"product_brand","embeddable":true,"href":"https:\/\/animefigurer.se\/en\/wp-json\/wp\/v2\/product_brand?post=26178"},{"taxonomy":"product_cat","embeddable":true,"href":"https:\/\/animefigurer.se\/en\/wp-json\/wp\/v2\/product_cat?post=26178"},{"taxonomy":"product_tag","embeddable":true,"href":"https:\/\/animefigurer.se\/en\/wp-json\/wp\/v2\/product_tag?post=26178"},{"taxonomy":"giftcard-category","embeddable":true,"href":"https:\/\/animefigurer.se\/en\/wp-json\/wp\/v2\/giftcard-category?post=26178"}],"curies":[{"name":"wp","href":"https:\/\/api.w.org\/{rel}","templated":true}]}}