{"id":25020,"date":"2025-10-20T19:56:00","date_gmt":"2025-10-20T17:56:00","guid":{"rendered":"https:\/\/animefigurer.se\/produkt\/fluffy-land-nendoroid-dyana\/"},"modified":"2025-12-21T19:28:21","modified_gmt":"2025-12-21T18:28:21","slug":"fluffy-land-nendoroid-dyana","status":"publish","type":"product","link":"https:\/\/animefigurer.se\/en\/figurer\/fluffy-land\/fluffy-land-nendoroid-dyana\/","title":{"rendered":"Fluffy Land Nendoroid Dyana"},"content":{"rendered":"<p>From Good Smile Arts Shanghai&#039;s FLUFFY LAND project comes a Nendoroid of the white wolf girl Dyana! Dyana is Caesar&#039;s little sister and has used her excellent sense of smell in her fragrance research since childhood. After studying abroad, she returned to realize her dream of starting her own perfume brand. One of her most popular fragrance series is White Rose.<\/p>\n<p>Faceplates included:<\/p>\n<p>\u2013 Standard face<br \/>\n\u2013 Hypnotized face<br \/>\n\u2013 Excited face<\/p>\n<p>Optional accessories:<\/p>\n<p>\u2013 Perfume bottle<br \/>\n\u2013 Basket of white roses<br \/>\n\u2013 Teacup<br \/>\n\u2013 Other parts for different poses<\/p>","protected":false},"excerpt":{"rendered":"<p>From Good Smile Arts Shanghai&#039;s FLUFFY LAND project comes a Nendoroid of the white wolf girl Dyana! Dyana is Caesar&#039;s little sister and has been using her excellent sense of smell in her scent research since childhood. After studying abroad, she returned to realize her dream of starting her own pair<\/p>","protected":false},"featured_media":25021,"comment_status":"closed","ping_status":"open","template":"","meta":{"_acf_changed":false,"_monsterinsights_skip_tracking":false,"_monsterinsights_sitenote_active":false,"_monsterinsights_sitenote_note":"","_monsterinsights_sitenote_category":0},"product_brand":[6890],"product_cat":[2322,7233],"product_tag":[26],"giftcard-category":[],"class_list":{"0":"post-25020","1":"product","2":"type-product","3":"status-publish","4":"has-post-thumbnail","6":"product_brand-good-smile-company","7":"product_cat-fluffy-land","8":"product_cat-pre-order","9":"product_tag-pre-order","10":"pa_franchise-fluffy-land","11":"pa_karaktar-dyana","12":"pa_material-pvc-abs","13":"pa_produktserie-nendoroid","14":"pa_storlek-10-cm","16":"first","17":"instock","18":"taxable","19":"shipping-taxable","20":"purchasable","21":"product-type-simple"},"acf":[],"yoast_head":"<!-- This site is optimized with the Yoast SEO Premium plugin v24.6 (Yoast SEO v27.3) - https:\/\/yoast.com\/product\/yoast-seo-premium-wordpress\/ -->\n<title>Fluffy Land Nendoroid Dyana | Animefigurer.se<\/title>\n<meta name=\"robots\" content=\"index, follow, max-snippet:-1, max-image-preview:large, max-video-preview:-1\" \/>\n<link rel=\"canonical\" href=\"https:\/\/animefigurer.se\/en\/figurer\/fluffy-land\/fluffy-land-nendoroid-dyana\/\" \/>\n<meta property=\"og:locale\" content=\"en_GB\" \/>\n<meta property=\"og:type\" content=\"article\" \/>\n<meta property=\"og:title\" content=\"Fluffy Land Nendoroid Dyana\" \/>\n<meta property=\"og:description\" content=\"Fr\u00e5n Good Smile Arts Shanghais projekt FLUFFY LAND kommer en Nendoroid av den vita vargflickan Dyana! Dyana \u00e4r Caesars lillasyster och har sedan barndomen anv\u00e4nt sitt utm\u00e4rkta luktsinne i sin doftforskning. Efter studier utomlands \u00e5terv\u00e4nde hon f\u00f6r att f\u00f6rverkliga sin dr\u00f6m om att starta ett eget par\" \/>\n<meta property=\"og:url\" content=\"https:\/\/animefigurer.se\/en\/figurer\/fluffy-land\/fluffy-land-nendoroid-dyana\/\" \/>\n<meta property=\"og:site_name\" content=\"Animefigurer.se\" \/>\n<meta property=\"article:publisher\" content=\"https:\/\/www.facebook.com\/profile.php?id=61581826539670\" \/>\n<meta property=\"article:modified_time\" content=\"2025-12-21T18:28:21+00:00\" \/>\n<meta property=\"og:image\" content=\"https:\/\/animefigurer.se\/wp-content\/uploads\/2025\/12\/Animefigurer_logowhite.png\" \/>\n\t<meta property=\"og:image:width\" content=\"1890\" \/>\n\t<meta property=\"og:image:height\" content=\"1417\" \/>\n\t<meta property=\"og:image:type\" content=\"image\/png\" \/>\n<meta name=\"twitter:card\" content=\"summary_large_image\" \/>\n<script type=\"application\/ld+json\" class=\"yoast-schema-graph\">{\"@context\":\"https:\\\/\\\/schema.org\",\"@graph\":[{\"@type\":\"WebPage\",\"@id\":\"https:\\\/\\\/animefigurer.se\\\/figurer\\\/fluffy-land\\\/fluffy-land-nendoroid-dyana\\\/\",\"url\":\"https:\\\/\\\/animefigurer.se\\\/figurer\\\/fluffy-land\\\/fluffy-land-nendoroid-dyana\\\/\",\"name\":\"Fluffy Land Nendoroid Dyana | Animefigurer.se\",\"isPartOf\":{\"@id\":\"https:\\\/\\\/animefigurer.se\\\/#website\"},\"primaryImageOfPage\":{\"@id\":\"https:\\\/\\\/animefigurer.se\\\/figurer\\\/fluffy-land\\\/fluffy-land-nendoroid-dyana\\\/#primaryimage\"},\"image\":{\"@id\":\"https:\\\/\\\/animefigurer.se\\\/figurer\\\/fluffy-land\\\/fluffy-land-nendoroid-dyana\\\/#primaryimage\"},\"thumbnailUrl\":\"https:\\\/\\\/animefigurer.se\\\/wp-content\\\/uploads\\\/2025\\\/10\\\/68cd4c5899b7d.jpeg\",\"datePublished\":\"2025-10-20T17:56:00+00:00\",\"dateModified\":\"2025-12-21T18:28:21+00:00\",\"breadcrumb\":{\"@id\":\"https:\\\/\\\/animefigurer.se\\\/figurer\\\/fluffy-land\\\/fluffy-land-nendoroid-dyana\\\/#breadcrumb\"},\"inLanguage\":\"en-GB\",\"potentialAction\":[{\"@type\":\"ReadAction\",\"target\":[\"https:\\\/\\\/animefigurer.se\\\/figurer\\\/fluffy-land\\\/fluffy-land-nendoroid-dyana\\\/\"]}]},{\"@type\":\"ImageObject\",\"inLanguage\":\"en-GB\",\"@id\":\"https:\\\/\\\/animefigurer.se\\\/figurer\\\/fluffy-land\\\/fluffy-land-nendoroid-dyana\\\/#primaryimage\",\"url\":\"https:\\\/\\\/animefigurer.se\\\/wp-content\\\/uploads\\\/2025\\\/10\\\/68cd4c5899b7d.jpeg\",\"contentUrl\":\"https:\\\/\\\/animefigurer.se\\\/wp-content\\\/uploads\\\/2025\\\/10\\\/68cd4c5899b7d.jpeg\",\"width\":750,\"height\":938},{\"@type\":\"BreadcrumbList\",\"@id\":\"https:\\\/\\\/animefigurer.se\\\/figurer\\\/fluffy-land\\\/fluffy-land-nendoroid-dyana\\\/#breadcrumb\",\"itemListElement\":[{\"@type\":\"ListItem\",\"position\":1,\"name\":\"Home\",\"item\":\"https:\\\/\\\/animefigurer.se\\\/\"},{\"@type\":\"ListItem\",\"position\":2,\"name\":\"Butik\",\"item\":\"https:\\\/\\\/animefigurer.se\\\/figurer\\\/\"},{\"@type\":\"ListItem\",\"position\":3,\"name\":\"Fluffy Land Nendoroid Dyana\"}]},{\"@type\":\"WebSite\",\"@id\":\"https:\\\/\\\/animefigurer.se\\\/#website\",\"url\":\"https:\\\/\\\/animefigurer.se\\\/\",\"name\":\"Animefigurer.se\",\"description\":\"Anime figurer fr\u00e5n \u00f6ver 300 olika anime serier med \u00f6ver 9000 produkter | Anime Shop\",\"publisher\":{\"@id\":\"https:\\\/\\\/animefigurer.se\\\/#organization\"},\"potentialAction\":[{\"@type\":\"SearchAction\",\"target\":{\"@type\":\"EntryPoint\",\"urlTemplate\":\"https:\\\/\\\/animefigurer.se\\\/?s={search_term_string}\"},\"query-input\":{\"@type\":\"PropertyValueSpecification\",\"valueRequired\":true,\"valueName\":\"search_term_string\"}}],\"inLanguage\":\"en-GB\"},{\"@type\":\"Organization\",\"@id\":\"https:\\\/\\\/animefigurer.se\\\/#organization\",\"name\":\"Animefigurer.se\",\"alternateName\":\"Anime figurer | Anime shop\",\"url\":\"https:\\\/\\\/animefigurer.se\\\/\",\"logo\":{\"@type\":\"ImageObject\",\"inLanguage\":\"en-GB\",\"@id\":\"https:\\\/\\\/animefigurer.se\\\/#\\\/schema\\\/logo\\\/image\\\/\",\"url\":\"https:\\\/\\\/animefigurer.se\\\/wp-content\\\/uploads\\\/2025\\\/12\\\/Animefigurer_logowhite.png\",\"contentUrl\":\"https:\\\/\\\/animefigurer.se\\\/wp-content\\\/uploads\\\/2025\\\/12\\\/Animefigurer_logowhite.png\",\"width\":1890,\"height\":1417,\"caption\":\"Animefigurer.se\"},\"image\":{\"@id\":\"https:\\\/\\\/animefigurer.se\\\/#\\\/schema\\\/logo\\\/image\\\/\"},\"sameAs\":[\"https:\\\/\\\/www.facebook.com\\\/profile.php?id=61581826539670\",\"https:\\\/\\\/www.instagram.com\\\/animefigurer.se\\\/\"],\"email\":\"info@animefigurer.se\"}]}<\/script>\n<!-- \/ Yoast SEO Premium plugin. -->","yoast_head_json":{"title":"Fluffy Land Nendoroid Dyana | Animefigurer.se","robots":{"index":"index","follow":"follow","max-snippet":"max-snippet:-1","max-image-preview":"max-image-preview:large","max-video-preview":"max-video-preview:-1"},"canonical":"https:\/\/animefigurer.se\/en\/figurer\/fluffy-land\/fluffy-land-nendoroid-dyana\/","og_locale":"en_GB","og_type":"article","og_title":"Fluffy Land Nendoroid Dyana","og_description":"Fr\u00e5n Good Smile Arts Shanghais projekt FLUFFY LAND kommer en Nendoroid av den vita vargflickan Dyana! Dyana \u00e4r Caesars lillasyster och har sedan barndomen anv\u00e4nt sitt utm\u00e4rkta luktsinne i sin doftforskning. Efter studier utomlands \u00e5terv\u00e4nde hon f\u00f6r att f\u00f6rverkliga sin dr\u00f6m om att starta ett eget par","og_url":"https:\/\/animefigurer.se\/en\/figurer\/fluffy-land\/fluffy-land-nendoroid-dyana\/","og_site_name":"Animefigurer.se","article_publisher":"https:\/\/www.facebook.com\/profile.php?id=61581826539670","article_modified_time":"2025-12-21T18:28:21+00:00","og_image":[{"width":1890,"height":1417,"url":"https:\/\/animefigurer.se\/wp-content\/uploads\/2025\/12\/Animefigurer_logowhite.png","type":"image\/png"}],"twitter_card":"summary_large_image","schema":{"@context":"https:\/\/schema.org","@graph":[{"@type":"WebPage","@id":"https:\/\/animefigurer.se\/figurer\/fluffy-land\/fluffy-land-nendoroid-dyana\/","url":"https:\/\/animefigurer.se\/figurer\/fluffy-land\/fluffy-land-nendoroid-dyana\/","name":"Fluffy Land Nendoroid Dyana | Animefigurer.se","isPartOf":{"@id":"https:\/\/animefigurer.se\/#website"},"primaryImageOfPage":{"@id":"https:\/\/animefigurer.se\/figurer\/fluffy-land\/fluffy-land-nendoroid-dyana\/#primaryimage"},"image":{"@id":"https:\/\/animefigurer.se\/figurer\/fluffy-land\/fluffy-land-nendoroid-dyana\/#primaryimage"},"thumbnailUrl":"https:\/\/animefigurer.se\/wp-content\/uploads\/2025\/10\/68cd4c5899b7d.jpeg","datePublished":"2025-10-20T17:56:00+00:00","dateModified":"2025-12-21T18:28:21+00:00","breadcrumb":{"@id":"https:\/\/animefigurer.se\/figurer\/fluffy-land\/fluffy-land-nendoroid-dyana\/#breadcrumb"},"inLanguage":"en-GB","potentialAction":[{"@type":"ReadAction","target":["https:\/\/animefigurer.se\/figurer\/fluffy-land\/fluffy-land-nendoroid-dyana\/"]}]},{"@type":"ImageObject","inLanguage":"en-GB","@id":"https:\/\/animefigurer.se\/figurer\/fluffy-land\/fluffy-land-nendoroid-dyana\/#primaryimage","url":"https:\/\/animefigurer.se\/wp-content\/uploads\/2025\/10\/68cd4c5899b7d.jpeg","contentUrl":"https:\/\/animefigurer.se\/wp-content\/uploads\/2025\/10\/68cd4c5899b7d.jpeg","width":750,"height":938},{"@type":"BreadcrumbList","@id":"https:\/\/animefigurer.se\/figurer\/fluffy-land\/fluffy-land-nendoroid-dyana\/#breadcrumb","itemListElement":[{"@type":"ListItem","position":1,"name":"Home","item":"https:\/\/animefigurer.se\/"},{"@type":"ListItem","position":2,"name":"Butik","item":"https:\/\/animefigurer.se\/figurer\/"},{"@type":"ListItem","position":3,"name":"Fluffy Land Nendoroid Dyana"}]},{"@type":"WebSite","@id":"https:\/\/animefigurer.se\/#website","url":"https:\/\/animefigurer.se\/","name":"Animefigurer.se","description":"Anime figures from over 300 different anime series with over 9000 products | Anime Shop","publisher":{"@id":"https:\/\/animefigurer.se\/#organization"},"potentialAction":[{"@type":"SearchAction","target":{"@type":"EntryPoint","urlTemplate":"https:\/\/animefigurer.se\/?s={search_term_string}"},"query-input":{"@type":"PropertyValueSpecification","valueRequired":true,"valueName":"search_term_string"}}],"inLanguage":"en-GB"},{"@type":"Organization","@id":"https:\/\/animefigurer.se\/#organization","name":"Animefigurer.se","alternateName":"Anime figurer | Anime shop","url":"https:\/\/animefigurer.se\/","logo":{"@type":"ImageObject","inLanguage":"en-GB","@id":"https:\/\/animefigurer.se\/#\/schema\/logo\/image\/","url":"https:\/\/animefigurer.se\/wp-content\/uploads\/2025\/12\/Animefigurer_logowhite.png","contentUrl":"https:\/\/animefigurer.se\/wp-content\/uploads\/2025\/12\/Animefigurer_logowhite.png","width":1890,"height":1417,"caption":"Animefigurer.se"},"image":{"@id":"https:\/\/animefigurer.se\/#\/schema\/logo\/image\/"},"sameAs":["https:\/\/www.facebook.com\/profile.php?id=61581826539670","https:\/\/www.instagram.com\/animefigurer.se\/"],"email":"info@animefigurer.se"}]}},"_links":{"self":[{"href":"https:\/\/animefigurer.se\/en\/wp-json\/wp\/v2\/product\/25020","targetHints":{"allow":["GET"]}}],"collection":[{"href":"https:\/\/animefigurer.se\/en\/wp-json\/wp\/v2\/product"}],"about":[{"href":"https:\/\/animefigurer.se\/en\/wp-json\/wp\/v2\/types\/product"}],"replies":[{"embeddable":true,"href":"https:\/\/animefigurer.se\/en\/wp-json\/wp\/v2\/comments?post=25020"}],"wp:featuredmedia":[{"embeddable":true,"href":"https:\/\/animefigurer.se\/en\/wp-json\/wp\/v2\/media\/25021"}],"wp:attachment":[{"href":"https:\/\/animefigurer.se\/en\/wp-json\/wp\/v2\/media?parent=25020"}],"wp:term":[{"taxonomy":"product_brand","embeddable":true,"href":"https:\/\/animefigurer.se\/en\/wp-json\/wp\/v2\/product_brand?post=25020"},{"taxonomy":"product_cat","embeddable":true,"href":"https:\/\/animefigurer.se\/en\/wp-json\/wp\/v2\/product_cat?post=25020"},{"taxonomy":"product_tag","embeddable":true,"href":"https:\/\/animefigurer.se\/en\/wp-json\/wp\/v2\/product_tag?post=25020"},{"taxonomy":"giftcard-category","embeddable":true,"href":"https:\/\/animefigurer.se\/en\/wp-json\/wp\/v2\/giftcard-category?post=25020"}],"curies":[{"name":"wp","href":"https:\/\/api.w.org\/{rel}","templated":true}]}}