{"id":24958,"date":"2025-10-20T19:55:30","date_gmt":"2025-10-20T17:55:30","guid":{"rendered":"https:\/\/animefigurer.se\/produkt\/five-nights-at-freddys-haunted-freddy-vinyl-figure\/"},"modified":"2025-12-21T19:28:18","modified_gmt":"2025-12-21T18:28:18","slug":"five-nights-at-freddys-haunted-freddy-vinyl-figure","status":"publish","type":"product","link":"https:\/\/animefigurer.se\/en\/figurer\/five-nights-at-freddys\/five-nights-at-freddys-haunted-freddy-vinyl-figure\/","title":{"rendered":"Five Nights at Freddy&#039;s Haunted Freddy Vinyl Figure"},"content":{"rendered":"<p>Haunted Freddy captures a terrifying scene in vinyl form. The figure stands approximately 4.1 inches tall and is captured in a forward-leaning, almost panicked pose with his right hand outstretched. Freddy&#039;s dark eye sockets and open mouth give off a blank expression, and a black top hat rests on his head.<\/p>\n<p>A ghost is clearly seen perched on his arm, tears streaming down his face. The golden body stands ready to flee, and the outside of the packaging shows Freddy winding down a pizzeria corridor with the ghost swirling behind him. The inside of the packaging shows the same ghost flying through the vent in the security room, and the protective sleeve is printed with a close-up of the pizzeria wall. The collectible comes in a matte, embossed outer sleeve and a specially shaped plastic protector for safe shipping. Youtooz consulted with FNAF Fanverse game creator Kane Carter in the development of the Haunted Collection.<\/p>","protected":false},"excerpt":{"rendered":"<p>Haunted Freddy captures a terrifying scene in vinyl form. The figure stands approximately 4.1 inches tall and is captured in a forward-leaning, almost panicked pose with his right hand outstretched. Freddy&#039;s dark eye sockets and open mouth give off a blank expression, and a black top hat rests on his head.<\/p>\n<p>A clear ghost sits on his arm <\/p>","protected":false},"featured_media":24959,"comment_status":"closed","ping_status":"open","template":"","meta":{"_acf_changed":false,"_monsterinsights_skip_tracking":false,"_monsterinsights_sitenote_active":false,"_monsterinsights_sitenote_note":"","_monsterinsights_sitenote_category":0},"product_brand":[7189],"product_cat":[2282],"product_tag":[24],"giftcard-category":[],"class_list":{"0":"post-24958","1":"product","2":"type-product","3":"status-publish","4":"has-post-thumbnail","6":"product_brand-youtooz","7":"product_cat-five-nights-at-freddys","8":"product_tag-2-3-weeks","9":"pa_franchise-five-nights-at-freddys","10":"pa_karaktar-haunted-freddy","11":"pa_material-vinyl","12":"pa_storlek-10-cm","14":"first","15":"instock","16":"taxable","17":"shipping-taxable","18":"purchasable","19":"product-type-simple"},"acf":[],"yoast_head":"<!-- This site is optimized with the Yoast SEO Premium plugin v24.6 (Yoast SEO v27.3) - https:\/\/yoast.com\/product\/yoast-seo-premium-wordpress\/ -->\n<title>Five Nights at Freddy&#039;s Haunted Freddy Vinyl Figure | Animefigurer.se<\/title>\n<meta name=\"robots\" content=\"index, follow, max-snippet:-1, max-image-preview:large, max-video-preview:-1\" \/>\n<link rel=\"canonical\" href=\"https:\/\/animefigurer.se\/en\/figurer\/five-nights-at-freddys\/five-nights-at-freddys-haunted-freddy-vinyl-figure\/\" \/>\n<meta property=\"og:locale\" content=\"en_GB\" \/>\n<meta property=\"og:type\" content=\"article\" \/>\n<meta property=\"og:title\" content=\"Five Nights at Freddy&#039;s Haunted Freddy Vinyl Figure\" \/>\n<meta property=\"og:description\" content=\"Haunted Freddy f\u00e5ngar en skr\u00e4mmande scen i vinylform. Figuren \u00e4r cirka 4,1 tum l\u00e5ng och f\u00e5ngas i en fram\u00e5tlutad, n\u00e4stan panikartad pose med h\u00f6ger hand utstr\u00e4ckt. Freddys m\u00f6rka \u00f6gonh\u00e5lor och \u00f6ppna mun ger ett tomt uttryck, och en svart h\u00f6g hatt vilar p\u00e5 huvudet. Ett tydligt sp\u00f6ke sitter p\u00e5 hans arm\" \/>\n<meta property=\"og:url\" content=\"https:\/\/animefigurer.se\/en\/figurer\/five-nights-at-freddys\/five-nights-at-freddys-haunted-freddy-vinyl-figure\/\" \/>\n<meta property=\"og:site_name\" content=\"Animefigurer.se\" \/>\n<meta property=\"article:publisher\" content=\"https:\/\/www.facebook.com\/profile.php?id=61581826539670\" \/>\n<meta property=\"article:modified_time\" content=\"2025-12-21T18:28:18+00:00\" \/>\n<meta property=\"og:image\" content=\"https:\/\/animefigurer.se\/wp-content\/uploads\/2025\/12\/Animefigurer_logowhite.png\" \/>\n\t<meta property=\"og:image:width\" content=\"1890\" \/>\n\t<meta property=\"og:image:height\" content=\"1417\" \/>\n\t<meta property=\"og:image:type\" content=\"image\/png\" \/>\n<meta name=\"twitter:card\" content=\"summary_large_image\" \/>\n<meta name=\"twitter:label1\" content=\"Estimated reading time\" \/>\n\t<meta name=\"twitter:data1\" content=\"1 minute\" \/>\n<script type=\"application\/ld+json\" class=\"yoast-schema-graph\">{\"@context\":\"https:\\\/\\\/schema.org\",\"@graph\":[{\"@type\":\"WebPage\",\"@id\":\"https:\\\/\\\/animefigurer.se\\\/en\\\/figurer\\\/five-nights-at-freddys\\\/five-nights-at-freddys-haunted-freddy-vinyl-figure\\\/\",\"url\":\"https:\\\/\\\/animefigurer.se\\\/en\\\/figurer\\\/five-nights-at-freddys\\\/five-nights-at-freddys-haunted-freddy-vinyl-figure\\\/\",\"name\":\"Five Nights at Freddy's Haunted Freddy Vinyl Figure | Animefigurer.se\",\"isPartOf\":{\"@id\":\"https:\\\/\\\/animefigurer.se\\\/#website\"},\"primaryImageOfPage\":{\"@id\":\"https:\\\/\\\/animefigurer.se\\\/en\\\/figurer\\\/five-nights-at-freddys\\\/five-nights-at-freddys-haunted-freddy-vinyl-figure\\\/#primaryimage\"},\"image\":{\"@id\":\"https:\\\/\\\/animefigurer.se\\\/en\\\/figurer\\\/five-nights-at-freddys\\\/five-nights-at-freddys-haunted-freddy-vinyl-figure\\\/#primaryimage\"},\"thumbnailUrl\":\"https:\\\/\\\/animefigurer.se\\\/wp-content\\\/uploads\\\/2025\\\/10\\\/65b19b8bdfb84.jpeg\",\"datePublished\":\"2025-10-20T17:55:30+00:00\",\"dateModified\":\"2025-12-21T18:28:18+00:00\",\"breadcrumb\":{\"@id\":\"https:\\\/\\\/animefigurer.se\\\/en\\\/figurer\\\/five-nights-at-freddys\\\/five-nights-at-freddys-haunted-freddy-vinyl-figure\\\/#breadcrumb\"},\"inLanguage\":\"en-GB\",\"potentialAction\":[{\"@type\":\"ReadAction\",\"target\":[\"https:\\\/\\\/animefigurer.se\\\/en\\\/figurer\\\/five-nights-at-freddys\\\/five-nights-at-freddys-haunted-freddy-vinyl-figure\\\/\"]}]},{\"@type\":\"ImageObject\",\"inLanguage\":\"en-GB\",\"@id\":\"https:\\\/\\\/animefigurer.se\\\/en\\\/figurer\\\/five-nights-at-freddys\\\/five-nights-at-freddys-haunted-freddy-vinyl-figure\\\/#primaryimage\",\"url\":\"https:\\\/\\\/animefigurer.se\\\/wp-content\\\/uploads\\\/2025\\\/10\\\/65b19b8bdfb84.jpeg\",\"contentUrl\":\"https:\\\/\\\/animefigurer.se\\\/wp-content\\\/uploads\\\/2025\\\/10\\\/65b19b8bdfb84.jpeg\",\"width\":720,\"height\":540},{\"@type\":\"BreadcrumbList\",\"@id\":\"https:\\\/\\\/animefigurer.se\\\/en\\\/figurer\\\/five-nights-at-freddys\\\/five-nights-at-freddys-haunted-freddy-vinyl-figure\\\/#breadcrumb\",\"itemListElement\":[{\"@type\":\"ListItem\",\"position\":1,\"name\":\"Home\",\"item\":\"https:\\\/\\\/animefigurer.se\\\/\"},{\"@type\":\"ListItem\",\"position\":2,\"name\":\"Butik\",\"item\":\"https:\\\/\\\/animefigurer.se\\\/figurer\\\/\"},{\"@type\":\"ListItem\",\"position\":3,\"name\":\"Five Nights at Freddy&#8217;s Haunted Freddy Vinyl Figure\"}]},{\"@type\":\"WebSite\",\"@id\":\"https:\\\/\\\/animefigurer.se\\\/#website\",\"url\":\"https:\\\/\\\/animefigurer.se\\\/\",\"name\":\"Animefigurer.se\",\"description\":\"Anime figurer fr\u00e5n \u00f6ver 300 olika anime serier med \u00f6ver 9000 produkter | Anime Shop\",\"publisher\":{\"@id\":\"https:\\\/\\\/animefigurer.se\\\/#organization\"},\"potentialAction\":[{\"@type\":\"SearchAction\",\"target\":{\"@type\":\"EntryPoint\",\"urlTemplate\":\"https:\\\/\\\/animefigurer.se\\\/?s={search_term_string}\"},\"query-input\":{\"@type\":\"PropertyValueSpecification\",\"valueRequired\":true,\"valueName\":\"search_term_string\"}}],\"inLanguage\":\"en-GB\"},{\"@type\":\"Organization\",\"@id\":\"https:\\\/\\\/animefigurer.se\\\/#organization\",\"name\":\"Animefigurer.se\",\"alternateName\":\"Anime figurer | Anime shop\",\"url\":\"https:\\\/\\\/animefigurer.se\\\/\",\"logo\":{\"@type\":\"ImageObject\",\"inLanguage\":\"en-GB\",\"@id\":\"https:\\\/\\\/animefigurer.se\\\/#\\\/schema\\\/logo\\\/image\\\/\",\"url\":\"https:\\\/\\\/animefigurer.se\\\/wp-content\\\/uploads\\\/2025\\\/12\\\/Animefigurer_logowhite.png\",\"contentUrl\":\"https:\\\/\\\/animefigurer.se\\\/wp-content\\\/uploads\\\/2025\\\/12\\\/Animefigurer_logowhite.png\",\"width\":1890,\"height\":1417,\"caption\":\"Animefigurer.se\"},\"image\":{\"@id\":\"https:\\\/\\\/animefigurer.se\\\/#\\\/schema\\\/logo\\\/image\\\/\"},\"sameAs\":[\"https:\\\/\\\/www.facebook.com\\\/profile.php?id=61581826539670\",\"https:\\\/\\\/www.instagram.com\\\/animefigurer.se\\\/\"],\"email\":\"info@animefigurer.se\"}]}<\/script>\n<!-- \/ Yoast SEO Premium plugin. -->","yoast_head_json":{"title":"Five Nights at Freddy&#039;s Haunted Freddy Vinyl Figure | Animefigurer.se","robots":{"index":"index","follow":"follow","max-snippet":"max-snippet:-1","max-image-preview":"max-image-preview:large","max-video-preview":"max-video-preview:-1"},"canonical":"https:\/\/animefigurer.se\/en\/figurer\/five-nights-at-freddys\/five-nights-at-freddys-haunted-freddy-vinyl-figure\/","og_locale":"en_GB","og_type":"article","og_title":"Five Nights at Freddy's Haunted Freddy Vinyl Figure","og_description":"Haunted Freddy f\u00e5ngar en skr\u00e4mmande scen i vinylform. Figuren \u00e4r cirka 4,1 tum l\u00e5ng och f\u00e5ngas i en fram\u00e5tlutad, n\u00e4stan panikartad pose med h\u00f6ger hand utstr\u00e4ckt. Freddys m\u00f6rka \u00f6gonh\u00e5lor och \u00f6ppna mun ger ett tomt uttryck, och en svart h\u00f6g hatt vilar p\u00e5 huvudet. Ett tydligt sp\u00f6ke sitter p\u00e5 hans arm","og_url":"https:\/\/animefigurer.se\/en\/figurer\/five-nights-at-freddys\/five-nights-at-freddys-haunted-freddy-vinyl-figure\/","og_site_name":"Animefigurer.se","article_publisher":"https:\/\/www.facebook.com\/profile.php?id=61581826539670","article_modified_time":"2025-12-21T18:28:18+00:00","og_image":[{"width":1890,"height":1417,"url":"https:\/\/animefigurer.se\/wp-content\/uploads\/2025\/12\/Animefigurer_logowhite.png","type":"image\/png"}],"twitter_card":"summary_large_image","twitter_misc":{"Estimated reading time":"1 minute"},"schema":{"@context":"https:\/\/schema.org","@graph":[{"@type":"WebPage","@id":"https:\/\/animefigurer.se\/en\/figurer\/five-nights-at-freddys\/five-nights-at-freddys-haunted-freddy-vinyl-figure\/","url":"https:\/\/animefigurer.se\/en\/figurer\/five-nights-at-freddys\/five-nights-at-freddys-haunted-freddy-vinyl-figure\/","name":"Five Nights at Freddy&#039;s Haunted Freddy Vinyl Figure | Animefigurer.se","isPartOf":{"@id":"https:\/\/animefigurer.se\/#website"},"primaryImageOfPage":{"@id":"https:\/\/animefigurer.se\/en\/figurer\/five-nights-at-freddys\/five-nights-at-freddys-haunted-freddy-vinyl-figure\/#primaryimage"},"image":{"@id":"https:\/\/animefigurer.se\/en\/figurer\/five-nights-at-freddys\/five-nights-at-freddys-haunted-freddy-vinyl-figure\/#primaryimage"},"thumbnailUrl":"https:\/\/animefigurer.se\/wp-content\/uploads\/2025\/10\/65b19b8bdfb84.jpeg","datePublished":"2025-10-20T17:55:30+00:00","dateModified":"2025-12-21T18:28:18+00:00","breadcrumb":{"@id":"https:\/\/animefigurer.se\/en\/figurer\/five-nights-at-freddys\/five-nights-at-freddys-haunted-freddy-vinyl-figure\/#breadcrumb"},"inLanguage":"en-GB","potentialAction":[{"@type":"ReadAction","target":["https:\/\/animefigurer.se\/en\/figurer\/five-nights-at-freddys\/five-nights-at-freddys-haunted-freddy-vinyl-figure\/"]}]},{"@type":"ImageObject","inLanguage":"en-GB","@id":"https:\/\/animefigurer.se\/en\/figurer\/five-nights-at-freddys\/five-nights-at-freddys-haunted-freddy-vinyl-figure\/#primaryimage","url":"https:\/\/animefigurer.se\/wp-content\/uploads\/2025\/10\/65b19b8bdfb84.jpeg","contentUrl":"https:\/\/animefigurer.se\/wp-content\/uploads\/2025\/10\/65b19b8bdfb84.jpeg","width":720,"height":540},{"@type":"BreadcrumbList","@id":"https:\/\/animefigurer.se\/en\/figurer\/five-nights-at-freddys\/five-nights-at-freddys-haunted-freddy-vinyl-figure\/#breadcrumb","itemListElement":[{"@type":"ListItem","position":1,"name":"Home","item":"https:\/\/animefigurer.se\/"},{"@type":"ListItem","position":2,"name":"Butik","item":"https:\/\/animefigurer.se\/figurer\/"},{"@type":"ListItem","position":3,"name":"Five Nights at Freddy&#8217;s Haunted Freddy Vinyl Figure"}]},{"@type":"WebSite","@id":"https:\/\/animefigurer.se\/#website","url":"https:\/\/animefigurer.se\/","name":"Animefigurer.se","description":"Anime figures from over 300 different anime series with over 9000 products | Anime Shop","publisher":{"@id":"https:\/\/animefigurer.se\/#organization"},"potentialAction":[{"@type":"SearchAction","target":{"@type":"EntryPoint","urlTemplate":"https:\/\/animefigurer.se\/?s={search_term_string}"},"query-input":{"@type":"PropertyValueSpecification","valueRequired":true,"valueName":"search_term_string"}}],"inLanguage":"en-GB"},{"@type":"Organization","@id":"https:\/\/animefigurer.se\/#organization","name":"Animefigurer.se","alternateName":"Anime figurer | Anime shop","url":"https:\/\/animefigurer.se\/","logo":{"@type":"ImageObject","inLanguage":"en-GB","@id":"https:\/\/animefigurer.se\/#\/schema\/logo\/image\/","url":"https:\/\/animefigurer.se\/wp-content\/uploads\/2025\/12\/Animefigurer_logowhite.png","contentUrl":"https:\/\/animefigurer.se\/wp-content\/uploads\/2025\/12\/Animefigurer_logowhite.png","width":1890,"height":1417,"caption":"Animefigurer.se"},"image":{"@id":"https:\/\/animefigurer.se\/#\/schema\/logo\/image\/"},"sameAs":["https:\/\/www.facebook.com\/profile.php?id=61581826539670","https:\/\/www.instagram.com\/animefigurer.se\/"],"email":"info@animefigurer.se"}]}},"_links":{"self":[{"href":"https:\/\/animefigurer.se\/en\/wp-json\/wp\/v2\/product\/24958","targetHints":{"allow":["GET"]}}],"collection":[{"href":"https:\/\/animefigurer.se\/en\/wp-json\/wp\/v2\/product"}],"about":[{"href":"https:\/\/animefigurer.se\/en\/wp-json\/wp\/v2\/types\/product"}],"replies":[{"embeddable":true,"href":"https:\/\/animefigurer.se\/en\/wp-json\/wp\/v2\/comments?post=24958"}],"wp:featuredmedia":[{"embeddable":true,"href":"https:\/\/animefigurer.se\/en\/wp-json\/wp\/v2\/media\/24959"}],"wp:attachment":[{"href":"https:\/\/animefigurer.se\/en\/wp-json\/wp\/v2\/media?parent=24958"}],"wp:term":[{"taxonomy":"product_brand","embeddable":true,"href":"https:\/\/animefigurer.se\/en\/wp-json\/wp\/v2\/product_brand?post=24958"},{"taxonomy":"product_cat","embeddable":true,"href":"https:\/\/animefigurer.se\/en\/wp-json\/wp\/v2\/product_cat?post=24958"},{"taxonomy":"product_tag","embeddable":true,"href":"https:\/\/animefigurer.se\/en\/wp-json\/wp\/v2\/product_tag?post=24958"},{"taxonomy":"giftcard-category","embeddable":true,"href":"https:\/\/animefigurer.se\/en\/wp-json\/wp\/v2\/giftcard-category?post=24958"}],"curies":[{"name":"wp","href":"https:\/\/api.w.org\/{rel}","templated":true}]}}