{"id":24927,"date":"2025-10-20T19:55:30","date_gmt":"2025-10-20T17:55:30","guid":{"rendered":"https:\/\/animefigurer.se\/produkt\/five-nights-at-freddys-plush-figure-hide-and-seek-vanny-shoulder-rider\/"},"modified":"2026-04-21T08:09:34","modified_gmt":"2026-04-21T06:09:34","slug":"five-nights-at-freddys-plush-figure-hide-and-seek-vanny-shoulder-rider","status":"publish","type":"product","link":"https:\/\/animefigurer.se\/en\/figurer\/five-nights-at-freddys\/five-nights-at-freddys-plush-figure-hide-and-seek-vanny-shoulder-rider\/","title":{"rendered":"Five Nights at Freddy&#039;s Plush Figure Hide and Seek Vanny Shoulder Rider"},"content":{"rendered":"<p>Ready or not \u2014 Vanny is back on your shoulder! This shoulder plush is about 6 inches tall and has red eyes in the center of his face and a long stitched seam running from his forehead around his big smile. Black sideburns stick out from his cheeks and long, mismatched ears rise from his head.<\/p>\n<p>She wears a black bow under her neck and her body has a gradient from red to black from the tips of her ears to her feet. The plush is made of normal and sublimated minky materials, filled with squishy 100% PP cotton and has a magnetic disc that allows her to sit firmly on your shoulder \u2014 a perfect collectible for fans.<\/p>","protected":false},"excerpt":{"rendered":"<p>Ready or not \u2014 Vanny is back on your shoulder! This shoulder plush is about 6 inches tall and has red eyes in the center of his face and a long stitched seam running from his forehead around his big smile. Black sideburns stick out from his cheeks and long, mismatched ears rise from his head.<\/p>\n<p>She is wearing a<\/p>","protected":false},"featured_media":24928,"comment_status":"closed","ping_status":"closed","template":"","meta":{"_acf_changed":false,"_monsterinsights_skip_tracking":false,"_monsterinsights_sitenote_active":false,"_monsterinsights_sitenote_note":"","_monsterinsights_sitenote_category":0},"product_brand":[7189],"product_cat":[2282],"product_tag":[24],"giftcard-category":[],"class_list":{"0":"post-24927","1":"product","2":"type-product","3":"status-publish","4":"has-post-thumbnail","6":"product_brand-youtooz","7":"product_cat-five-nights-at-freddys","8":"product_tag-2-3-weeks","9":"pa_franchise-five-nights-at-freddys","10":"pa_storlek-15-cm","12":"first","13":"instock","14":"taxable","15":"shipping-taxable","16":"purchasable","17":"product-type-simple"},"acf":[],"yoast_head":"<!-- This site is optimized with the Yoast SEO Premium plugin v24.6 (Yoast SEO v27.3) - https:\/\/yoast.com\/product\/yoast-seo-premium-wordpress\/ -->\n<title>Five Nights at Freddy&#039;s Plush Figure Hide and Seek Vanny Shoulder Rider | Animefigurer.se<\/title>\n<meta name=\"robots\" content=\"index, follow, max-snippet:-1, max-image-preview:large, max-video-preview:-1\" \/>\n<link rel=\"canonical\" href=\"https:\/\/animefigurer.se\/en\/figurer\/five-nights-at-freddys\/five-nights-at-freddys-plush-figure-hide-and-seek-vanny-shoulder-rider\/\" \/>\n<meta property=\"og:locale\" content=\"en_GB\" \/>\n<meta property=\"og:type\" content=\"article\" \/>\n<meta property=\"og:title\" content=\"Five Nights at Freddy&#039;s Plush Figure Hide and Seek Vanny Shoulder Rider\" \/>\n<meta property=\"og:description\" content=\"Redo eller inte \u2014 Vanny sitter \u00e5terigen p\u00e5 din axel! Denna skulderplysch \u00e4r cirka 6 tum l\u00e5ng och har r\u00f6da \u00f6gon mitt i ansiktet samt en l\u00e5ng sydd s\u00f6m som l\u00f6per fr\u00e5n pannan runt det stora leendet. Svarta polisonger sticker ut fr\u00e5n kinderna och de l\u00e5nga, omaka \u00f6ronen reser sig fr\u00e5n huvudet.  Hon b\u00e4r en\" \/>\n<meta property=\"og:url\" content=\"https:\/\/animefigurer.se\/en\/figurer\/five-nights-at-freddys\/five-nights-at-freddys-plush-figure-hide-and-seek-vanny-shoulder-rider\/\" \/>\n<meta property=\"og:site_name\" content=\"Animefigurer.se\" \/>\n<meta property=\"article:publisher\" content=\"https:\/\/www.facebook.com\/profile.php?id=61581826539670\" \/>\n<meta property=\"article:modified_time\" content=\"2026-04-21T06:09:34+00:00\" \/>\n<meta property=\"og:image\" content=\"https:\/\/animefigurer.se\/wp-content\/uploads\/2025\/12\/Animefigurer_logowhite.png\" \/>\n\t<meta property=\"og:image:width\" content=\"1890\" \/>\n\t<meta property=\"og:image:height\" content=\"1417\" \/>\n\t<meta property=\"og:image:type\" content=\"image\/png\" \/>\n<meta name=\"twitter:card\" content=\"summary_large_image\" \/>\n<meta name=\"twitter:label1\" content=\"Estimated reading time\" \/>\n\t<meta name=\"twitter:data1\" content=\"1 minute\" \/>\n<script type=\"application\/ld+json\" class=\"yoast-schema-graph\">{\"@context\":\"https:\\\/\\\/schema.org\",\"@graph\":[{\"@type\":\"WebPage\",\"@id\":\"https:\\\/\\\/animefigurer.se\\\/figurer\\\/five-nights-at-freddys\\\/five-nights-at-freddys-plush-figure-hide-and-seek-vanny-shoulder-rider\\\/\",\"url\":\"https:\\\/\\\/animefigurer.se\\\/figurer\\\/five-nights-at-freddys\\\/five-nights-at-freddys-plush-figure-hide-and-seek-vanny-shoulder-rider\\\/\",\"name\":\"Five Nights at Freddy's Plush Figure Hide and Seek Vanny Shoulder Rider | Animefigurer.se\",\"isPartOf\":{\"@id\":\"https:\\\/\\\/animefigurer.se\\\/#website\"},\"primaryImageOfPage\":{\"@id\":\"https:\\\/\\\/animefigurer.se\\\/figurer\\\/five-nights-at-freddys\\\/five-nights-at-freddys-plush-figure-hide-and-seek-vanny-shoulder-rider\\\/#primaryimage\"},\"image\":{\"@id\":\"https:\\\/\\\/animefigurer.se\\\/figurer\\\/five-nights-at-freddys\\\/five-nights-at-freddys-plush-figure-hide-and-seek-vanny-shoulder-rider\\\/#primaryimage\"},\"thumbnailUrl\":\"https:\\\/\\\/animefigurer.se\\\/wp-content\\\/uploads\\\/2025\\\/10\\\/681b7c4f69040.jpeg\",\"datePublished\":\"2025-10-20T17:55:30+00:00\",\"dateModified\":\"2026-04-21T06:09:34+00:00\",\"breadcrumb\":{\"@id\":\"https:\\\/\\\/animefigurer.se\\\/figurer\\\/five-nights-at-freddys\\\/five-nights-at-freddys-plush-figure-hide-and-seek-vanny-shoulder-rider\\\/#breadcrumb\"},\"inLanguage\":\"en-GB\",\"potentialAction\":[{\"@type\":\"ReadAction\",\"target\":[\"https:\\\/\\\/animefigurer.se\\\/figurer\\\/five-nights-at-freddys\\\/five-nights-at-freddys-plush-figure-hide-and-seek-vanny-shoulder-rider\\\/\"]}]},{\"@type\":\"ImageObject\",\"inLanguage\":\"en-GB\",\"@id\":\"https:\\\/\\\/animefigurer.se\\\/figurer\\\/five-nights-at-freddys\\\/five-nights-at-freddys-plush-figure-hide-and-seek-vanny-shoulder-rider\\\/#primaryimage\",\"url\":\"https:\\\/\\\/animefigurer.se\\\/wp-content\\\/uploads\\\/2025\\\/10\\\/681b7c4f69040.jpeg\",\"contentUrl\":\"https:\\\/\\\/animefigurer.se\\\/wp-content\\\/uploads\\\/2025\\\/10\\\/681b7c4f69040.jpeg\",\"width\":1000,\"height\":1000},{\"@type\":\"BreadcrumbList\",\"@id\":\"https:\\\/\\\/animefigurer.se\\\/figurer\\\/five-nights-at-freddys\\\/five-nights-at-freddys-plush-figure-hide-and-seek-vanny-shoulder-rider\\\/#breadcrumb\",\"itemListElement\":[{\"@type\":\"ListItem\",\"position\":1,\"name\":\"Home\",\"item\":\"https:\\\/\\\/animefigurer.se\\\/\"},{\"@type\":\"ListItem\",\"position\":2,\"name\":\"Butik\",\"item\":\"https:\\\/\\\/animefigurer.se\\\/figurer\\\/\"},{\"@type\":\"ListItem\",\"position\":3,\"name\":\"Five Nights at Freddy&#8217;s Plush Figure Hide and Seek Vanny Shoulder Rider\"}]},{\"@type\":\"WebSite\",\"@id\":\"https:\\\/\\\/animefigurer.se\\\/#website\",\"url\":\"https:\\\/\\\/animefigurer.se\\\/\",\"name\":\"Animefigurer.se\",\"description\":\"Anime figurer fr\u00e5n \u00f6ver 300 olika anime serier med \u00f6ver 9000 produkter | Anime Shop\",\"publisher\":{\"@id\":\"https:\\\/\\\/animefigurer.se\\\/#organization\"},\"potentialAction\":[{\"@type\":\"SearchAction\",\"target\":{\"@type\":\"EntryPoint\",\"urlTemplate\":\"https:\\\/\\\/animefigurer.se\\\/?s={search_term_string}\"},\"query-input\":{\"@type\":\"PropertyValueSpecification\",\"valueRequired\":true,\"valueName\":\"search_term_string\"}}],\"inLanguage\":\"en-GB\"},{\"@type\":\"Organization\",\"@id\":\"https:\\\/\\\/animefigurer.se\\\/#organization\",\"name\":\"Animefigurer.se\",\"alternateName\":\"Anime figurer | Anime shop\",\"url\":\"https:\\\/\\\/animefigurer.se\\\/\",\"logo\":{\"@type\":\"ImageObject\",\"inLanguage\":\"en-GB\",\"@id\":\"https:\\\/\\\/animefigurer.se\\\/#\\\/schema\\\/logo\\\/image\\\/\",\"url\":\"https:\\\/\\\/animefigurer.se\\\/wp-content\\\/uploads\\\/2025\\\/12\\\/Animefigurer_logowhite.png\",\"contentUrl\":\"https:\\\/\\\/animefigurer.se\\\/wp-content\\\/uploads\\\/2025\\\/12\\\/Animefigurer_logowhite.png\",\"width\":1890,\"height\":1417,\"caption\":\"Animefigurer.se\"},\"image\":{\"@id\":\"https:\\\/\\\/animefigurer.se\\\/#\\\/schema\\\/logo\\\/image\\\/\"},\"sameAs\":[\"https:\\\/\\\/www.facebook.com\\\/profile.php?id=61581826539670\",\"https:\\\/\\\/www.instagram.com\\\/animefigurer.se\\\/\"],\"email\":\"info@animefigurer.se\"}]}<\/script>\n<!-- \/ Yoast SEO Premium plugin. -->","yoast_head_json":{"title":"Five Nights at Freddy&#039;s Plush Figure Hide and Seek Vanny Shoulder Rider | Animefigurer.se","robots":{"index":"index","follow":"follow","max-snippet":"max-snippet:-1","max-image-preview":"max-image-preview:large","max-video-preview":"max-video-preview:-1"},"canonical":"https:\/\/animefigurer.se\/en\/figurer\/five-nights-at-freddys\/five-nights-at-freddys-plush-figure-hide-and-seek-vanny-shoulder-rider\/","og_locale":"en_GB","og_type":"article","og_title":"Five Nights at Freddy's Plush Figure Hide and Seek Vanny Shoulder Rider","og_description":"Redo eller inte \u2014 Vanny sitter \u00e5terigen p\u00e5 din axel! Denna skulderplysch \u00e4r cirka 6 tum l\u00e5ng och har r\u00f6da \u00f6gon mitt i ansiktet samt en l\u00e5ng sydd s\u00f6m som l\u00f6per fr\u00e5n pannan runt det stora leendet. Svarta polisonger sticker ut fr\u00e5n kinderna och de l\u00e5nga, omaka \u00f6ronen reser sig fr\u00e5n huvudet.  Hon b\u00e4r en","og_url":"https:\/\/animefigurer.se\/en\/figurer\/five-nights-at-freddys\/five-nights-at-freddys-plush-figure-hide-and-seek-vanny-shoulder-rider\/","og_site_name":"Animefigurer.se","article_publisher":"https:\/\/www.facebook.com\/profile.php?id=61581826539670","article_modified_time":"2026-04-21T06:09:34+00:00","og_image":[{"width":1890,"height":1417,"url":"https:\/\/animefigurer.se\/wp-content\/uploads\/2025\/12\/Animefigurer_logowhite.png","type":"image\/png"}],"twitter_card":"summary_large_image","twitter_misc":{"Estimated reading time":"1 minute"},"schema":{"@context":"https:\/\/schema.org","@graph":[{"@type":"WebPage","@id":"https:\/\/animefigurer.se\/figurer\/five-nights-at-freddys\/five-nights-at-freddys-plush-figure-hide-and-seek-vanny-shoulder-rider\/","url":"https:\/\/animefigurer.se\/figurer\/five-nights-at-freddys\/five-nights-at-freddys-plush-figure-hide-and-seek-vanny-shoulder-rider\/","name":"Five Nights at Freddy&#039;s Plush Figure Hide and Seek Vanny Shoulder Rider | Animefigurer.se","isPartOf":{"@id":"https:\/\/animefigurer.se\/#website"},"primaryImageOfPage":{"@id":"https:\/\/animefigurer.se\/figurer\/five-nights-at-freddys\/five-nights-at-freddys-plush-figure-hide-and-seek-vanny-shoulder-rider\/#primaryimage"},"image":{"@id":"https:\/\/animefigurer.se\/figurer\/five-nights-at-freddys\/five-nights-at-freddys-plush-figure-hide-and-seek-vanny-shoulder-rider\/#primaryimage"},"thumbnailUrl":"https:\/\/animefigurer.se\/wp-content\/uploads\/2025\/10\/681b7c4f69040.jpeg","datePublished":"2025-10-20T17:55:30+00:00","dateModified":"2026-04-21T06:09:34+00:00","breadcrumb":{"@id":"https:\/\/animefigurer.se\/figurer\/five-nights-at-freddys\/five-nights-at-freddys-plush-figure-hide-and-seek-vanny-shoulder-rider\/#breadcrumb"},"inLanguage":"en-GB","potentialAction":[{"@type":"ReadAction","target":["https:\/\/animefigurer.se\/figurer\/five-nights-at-freddys\/five-nights-at-freddys-plush-figure-hide-and-seek-vanny-shoulder-rider\/"]}]},{"@type":"ImageObject","inLanguage":"en-GB","@id":"https:\/\/animefigurer.se\/figurer\/five-nights-at-freddys\/five-nights-at-freddys-plush-figure-hide-and-seek-vanny-shoulder-rider\/#primaryimage","url":"https:\/\/animefigurer.se\/wp-content\/uploads\/2025\/10\/681b7c4f69040.jpeg","contentUrl":"https:\/\/animefigurer.se\/wp-content\/uploads\/2025\/10\/681b7c4f69040.jpeg","width":1000,"height":1000},{"@type":"BreadcrumbList","@id":"https:\/\/animefigurer.se\/figurer\/five-nights-at-freddys\/five-nights-at-freddys-plush-figure-hide-and-seek-vanny-shoulder-rider\/#breadcrumb","itemListElement":[{"@type":"ListItem","position":1,"name":"Home","item":"https:\/\/animefigurer.se\/"},{"@type":"ListItem","position":2,"name":"Butik","item":"https:\/\/animefigurer.se\/figurer\/"},{"@type":"ListItem","position":3,"name":"Five Nights at Freddy&#8217;s Plush Figure Hide and Seek Vanny Shoulder Rider"}]},{"@type":"WebSite","@id":"https:\/\/animefigurer.se\/#website","url":"https:\/\/animefigurer.se\/","name":"Animefigurer.se","description":"Anime figures from over 300 different anime series with over 9000 products | Anime Shop","publisher":{"@id":"https:\/\/animefigurer.se\/#organization"},"potentialAction":[{"@type":"SearchAction","target":{"@type":"EntryPoint","urlTemplate":"https:\/\/animefigurer.se\/?s={search_term_string}"},"query-input":{"@type":"PropertyValueSpecification","valueRequired":true,"valueName":"search_term_string"}}],"inLanguage":"en-GB"},{"@type":"Organization","@id":"https:\/\/animefigurer.se\/#organization","name":"Animefigurer.se","alternateName":"Anime figurer | Anime shop","url":"https:\/\/animefigurer.se\/","logo":{"@type":"ImageObject","inLanguage":"en-GB","@id":"https:\/\/animefigurer.se\/#\/schema\/logo\/image\/","url":"https:\/\/animefigurer.se\/wp-content\/uploads\/2025\/12\/Animefigurer_logowhite.png","contentUrl":"https:\/\/animefigurer.se\/wp-content\/uploads\/2025\/12\/Animefigurer_logowhite.png","width":1890,"height":1417,"caption":"Animefigurer.se"},"image":{"@id":"https:\/\/animefigurer.se\/#\/schema\/logo\/image\/"},"sameAs":["https:\/\/www.facebook.com\/profile.php?id=61581826539670","https:\/\/www.instagram.com\/animefigurer.se\/"],"email":"info@animefigurer.se"}]}},"_links":{"self":[{"href":"https:\/\/animefigurer.se\/en\/wp-json\/wp\/v2\/product\/24927","targetHints":{"allow":["GET"]}}],"collection":[{"href":"https:\/\/animefigurer.se\/en\/wp-json\/wp\/v2\/product"}],"about":[{"href":"https:\/\/animefigurer.se\/en\/wp-json\/wp\/v2\/types\/product"}],"replies":[{"embeddable":true,"href":"https:\/\/animefigurer.se\/en\/wp-json\/wp\/v2\/comments?post=24927"}],"wp:featuredmedia":[{"embeddable":true,"href":"https:\/\/animefigurer.se\/en\/wp-json\/wp\/v2\/media\/24928"}],"wp:attachment":[{"href":"https:\/\/animefigurer.se\/en\/wp-json\/wp\/v2\/media?parent=24927"}],"wp:term":[{"taxonomy":"product_brand","embeddable":true,"href":"https:\/\/animefigurer.se\/en\/wp-json\/wp\/v2\/product_brand?post=24927"},{"taxonomy":"product_cat","embeddable":true,"href":"https:\/\/animefigurer.se\/en\/wp-json\/wp\/v2\/product_cat?post=24927"},{"taxonomy":"product_tag","embeddable":true,"href":"https:\/\/animefigurer.se\/en\/wp-json\/wp\/v2\/product_tag?post=24927"},{"taxonomy":"giftcard-category","embeddable":true,"href":"https:\/\/animefigurer.se\/en\/wp-json\/wp\/v2\/giftcard-category?post=24927"}],"curies":[{"name":"wp","href":"https:\/\/api.w.org\/{rel}","templated":true}]}}