{"id":24912,"date":"2025-10-20T19:55:30","date_gmt":"2025-10-20T17:55:30","guid":{"rendered":"https:\/\/animefigurer.se\/produkt\/five-nights-at-freddys-plush-figure-the-mimic\/"},"modified":"2026-04-21T08:13:09","modified_gmt":"2026-04-21T06:13:09","slug":"five-nights-at-freddys-plush-figure-the-mimic","status":"publish","type":"product","link":"https:\/\/animefigurer.se\/en\/figurer\/five-nights-at-freddys\/five-nights-at-freddys-plush-figure-the-mimic\/","title":{"rendered":"Five Nights at Freddy&#039;s Plush Figure The Mimic"},"content":{"rendered":"<p>The Mimic makes his debut as a Youtooz plush! The plush is about 9 inches tall and has orange and yellow eyes that peek out through half-closed eyelids under thick eyebrows. A torn cloth drapes the side of the blocky head while red threads hang from its mouth.<\/p>\n<p>Slender arms hang at the sides and attach to a gray torso with articulated shoulders. A wide chest tapers to the waist and feet kick forward. Filled with 100% PP cotton and made of soft minky material with felt accents \u2014 perfect for cuddling or creating chaos.<\/p>","protected":false},"excerpt":{"rendered":"<p>The Mimic makes his debut as a Youtooz plush! The plush is about 9 inches tall and has orange and yellow eyes that peek out through half-closed eyelids under thick eyebrows. A torn cloth drapes the side of the blocky head while red threads hang from its mouth.<\/p>\n<p>Slender arms hang at the sides and are attached to the<\/p>","protected":false},"featured_media":24913,"comment_status":"closed","ping_status":"closed","template":"","meta":{"_acf_changed":false,"_monsterinsights_skip_tracking":false,"_monsterinsights_sitenote_active":false,"_monsterinsights_sitenote_note":"","_monsterinsights_sitenote_category":0},"product_brand":[7189],"product_cat":[2282],"product_tag":[24],"giftcard-category":[],"class_list":{"0":"post-24912","1":"product","2":"type-product","3":"status-publish","4":"has-post-thumbnail","6":"product_brand-youtooz","7":"product_cat-five-nights-at-freddys","8":"product_tag-2-3-weeks","9":"pa_franchise-five-nights-at-freddys","10":"pa_storlek-23-cm","12":"first","13":"instock","14":"taxable","15":"shipping-taxable","16":"purchasable","17":"product-type-simple"},"acf":[],"yoast_head":"<!-- This site is optimized with the Yoast SEO Premium plugin v24.6 (Yoast SEO v27.3) - https:\/\/yoast.com\/product\/yoast-seo-premium-wordpress\/ -->\n<title>Five Nights at Freddy&#039;s Plush Figure The Mimic | Animefigurer.se<\/title>\n<meta name=\"robots\" content=\"index, follow, max-snippet:-1, max-image-preview:large, max-video-preview:-1\" \/>\n<link rel=\"canonical\" href=\"https:\/\/animefigurer.se\/en\/figurer\/five-nights-at-freddys\/five-nights-at-freddys-plush-figure-the-mimic\/\" \/>\n<meta property=\"og:locale\" content=\"en_GB\" \/>\n<meta property=\"og:type\" content=\"article\" \/>\n<meta property=\"og:title\" content=\"Five Nights at Freddy&#039;s Plush Figure The Mimic\" \/>\n<meta property=\"og:description\" content=\"The Mimic g\u00f6r entr\u00e9 som Youtooz-plysch! Plyschen \u00e4r cirka 9 tum l\u00e5ng och har orange- och gula \u00f6gon som kikar fram genom halvslutna \u00f6gonlock under tjocka \u00f6gonbryn. En trasig trasa draperar sidan av det blockiga huvudet medan r\u00f6da tr\u00e5dar h\u00e4nger fr\u00e5n munnen.  Smala armar h\u00e4nger vid sidorna och f\u00e4sts vi\" \/>\n<meta property=\"og:url\" content=\"https:\/\/animefigurer.se\/en\/figurer\/five-nights-at-freddys\/five-nights-at-freddys-plush-figure-the-mimic\/\" \/>\n<meta property=\"og:site_name\" content=\"Animefigurer.se\" \/>\n<meta property=\"article:publisher\" content=\"https:\/\/www.facebook.com\/profile.php?id=61581826539670\" \/>\n<meta property=\"article:modified_time\" content=\"2026-04-21T06:13:09+00:00\" \/>\n<meta property=\"og:image\" content=\"https:\/\/animefigurer.se\/wp-content\/uploads\/2025\/12\/Animefigurer_logowhite.png\" \/>\n\t<meta property=\"og:image:width\" content=\"1890\" \/>\n\t<meta property=\"og:image:height\" content=\"1417\" \/>\n\t<meta property=\"og:image:type\" content=\"image\/png\" \/>\n<meta name=\"twitter:card\" content=\"summary_large_image\" \/>\n<meta name=\"twitter:label1\" content=\"Estimated reading time\" \/>\n\t<meta name=\"twitter:data1\" content=\"1 minute\" \/>\n<script type=\"application\/ld+json\" class=\"yoast-schema-graph\">{\"@context\":\"https:\\\/\\\/schema.org\",\"@graph\":[{\"@type\":\"WebPage\",\"@id\":\"https:\\\/\\\/animefigurer.se\\\/figurer\\\/five-nights-at-freddys\\\/five-nights-at-freddys-plush-figure-the-mimic\\\/\",\"url\":\"https:\\\/\\\/animefigurer.se\\\/figurer\\\/five-nights-at-freddys\\\/five-nights-at-freddys-plush-figure-the-mimic\\\/\",\"name\":\"Five Nights at Freddy's Plush Figure The Mimic | Animefigurer.se\",\"isPartOf\":{\"@id\":\"https:\\\/\\\/animefigurer.se\\\/#website\"},\"primaryImageOfPage\":{\"@id\":\"https:\\\/\\\/animefigurer.se\\\/figurer\\\/five-nights-at-freddys\\\/five-nights-at-freddys-plush-figure-the-mimic\\\/#primaryimage\"},\"image\":{\"@id\":\"https:\\\/\\\/animefigurer.se\\\/figurer\\\/five-nights-at-freddys\\\/five-nights-at-freddys-plush-figure-the-mimic\\\/#primaryimage\"},\"thumbnailUrl\":\"https:\\\/\\\/animefigurer.se\\\/wp-content\\\/uploads\\\/2025\\\/10\\\/681b7e769c99e.jpeg\",\"datePublished\":\"2025-10-20T17:55:30+00:00\",\"dateModified\":\"2026-04-21T06:13:09+00:00\",\"breadcrumb\":{\"@id\":\"https:\\\/\\\/animefigurer.se\\\/figurer\\\/five-nights-at-freddys\\\/five-nights-at-freddys-plush-figure-the-mimic\\\/#breadcrumb\"},\"inLanguage\":\"en-GB\",\"potentialAction\":[{\"@type\":\"ReadAction\",\"target\":[\"https:\\\/\\\/animefigurer.se\\\/figurer\\\/five-nights-at-freddys\\\/five-nights-at-freddys-plush-figure-the-mimic\\\/\"]}]},{\"@type\":\"ImageObject\",\"inLanguage\":\"en-GB\",\"@id\":\"https:\\\/\\\/animefigurer.se\\\/figurer\\\/five-nights-at-freddys\\\/five-nights-at-freddys-plush-figure-the-mimic\\\/#primaryimage\",\"url\":\"https:\\\/\\\/animefigurer.se\\\/wp-content\\\/uploads\\\/2025\\\/10\\\/681b7e769c99e.jpeg\",\"contentUrl\":\"https:\\\/\\\/animefigurer.se\\\/wp-content\\\/uploads\\\/2025\\\/10\\\/681b7e769c99e.jpeg\",\"width\":1000,\"height\":1000},{\"@type\":\"BreadcrumbList\",\"@id\":\"https:\\\/\\\/animefigurer.se\\\/figurer\\\/five-nights-at-freddys\\\/five-nights-at-freddys-plush-figure-the-mimic\\\/#breadcrumb\",\"itemListElement\":[{\"@type\":\"ListItem\",\"position\":1,\"name\":\"Home\",\"item\":\"https:\\\/\\\/animefigurer.se\\\/\"},{\"@type\":\"ListItem\",\"position\":2,\"name\":\"Butik\",\"item\":\"https:\\\/\\\/animefigurer.se\\\/figurer\\\/\"},{\"@type\":\"ListItem\",\"position\":3,\"name\":\"Five Nights at Freddy&#8217;s Plush Figure The Mimic\"}]},{\"@type\":\"WebSite\",\"@id\":\"https:\\\/\\\/animefigurer.se\\\/#website\",\"url\":\"https:\\\/\\\/animefigurer.se\\\/\",\"name\":\"Animefigurer.se\",\"description\":\"Anime figurer fr\u00e5n \u00f6ver 300 olika anime serier med \u00f6ver 9000 produkter | Anime Shop\",\"publisher\":{\"@id\":\"https:\\\/\\\/animefigurer.se\\\/#organization\"},\"potentialAction\":[{\"@type\":\"SearchAction\",\"target\":{\"@type\":\"EntryPoint\",\"urlTemplate\":\"https:\\\/\\\/animefigurer.se\\\/?s={search_term_string}\"},\"query-input\":{\"@type\":\"PropertyValueSpecification\",\"valueRequired\":true,\"valueName\":\"search_term_string\"}}],\"inLanguage\":\"en-GB\"},{\"@type\":\"Organization\",\"@id\":\"https:\\\/\\\/animefigurer.se\\\/#organization\",\"name\":\"Animefigurer.se\",\"alternateName\":\"Anime figurer | Anime shop\",\"url\":\"https:\\\/\\\/animefigurer.se\\\/\",\"logo\":{\"@type\":\"ImageObject\",\"inLanguage\":\"en-GB\",\"@id\":\"https:\\\/\\\/animefigurer.se\\\/#\\\/schema\\\/logo\\\/image\\\/\",\"url\":\"https:\\\/\\\/animefigurer.se\\\/wp-content\\\/uploads\\\/2025\\\/12\\\/Animefigurer_logowhite.png\",\"contentUrl\":\"https:\\\/\\\/animefigurer.se\\\/wp-content\\\/uploads\\\/2025\\\/12\\\/Animefigurer_logowhite.png\",\"width\":1890,\"height\":1417,\"caption\":\"Animefigurer.se\"},\"image\":{\"@id\":\"https:\\\/\\\/animefigurer.se\\\/#\\\/schema\\\/logo\\\/image\\\/\"},\"sameAs\":[\"https:\\\/\\\/www.facebook.com\\\/profile.php?id=61581826539670\",\"https:\\\/\\\/www.instagram.com\\\/animefigurer.se\\\/\"],\"email\":\"info@animefigurer.se\"}]}<\/script>\n<!-- \/ Yoast SEO Premium plugin. -->","yoast_head_json":{"title":"Five Nights at Freddy&#039;s Plush Figure The Mimic | Animefigurer.se","robots":{"index":"index","follow":"follow","max-snippet":"max-snippet:-1","max-image-preview":"max-image-preview:large","max-video-preview":"max-video-preview:-1"},"canonical":"https:\/\/animefigurer.se\/en\/figurer\/five-nights-at-freddys\/five-nights-at-freddys-plush-figure-the-mimic\/","og_locale":"en_GB","og_type":"article","og_title":"Five Nights at Freddy's Plush Figure The Mimic","og_description":"The Mimic g\u00f6r entr\u00e9 som Youtooz-plysch! Plyschen \u00e4r cirka 9 tum l\u00e5ng och har orange- och gula \u00f6gon som kikar fram genom halvslutna \u00f6gonlock under tjocka \u00f6gonbryn. En trasig trasa draperar sidan av det blockiga huvudet medan r\u00f6da tr\u00e5dar h\u00e4nger fr\u00e5n munnen.  Smala armar h\u00e4nger vid sidorna och f\u00e4sts vi","og_url":"https:\/\/animefigurer.se\/en\/figurer\/five-nights-at-freddys\/five-nights-at-freddys-plush-figure-the-mimic\/","og_site_name":"Animefigurer.se","article_publisher":"https:\/\/www.facebook.com\/profile.php?id=61581826539670","article_modified_time":"2026-04-21T06:13:09+00:00","og_image":[{"width":1890,"height":1417,"url":"https:\/\/animefigurer.se\/wp-content\/uploads\/2025\/12\/Animefigurer_logowhite.png","type":"image\/png"}],"twitter_card":"summary_large_image","twitter_misc":{"Estimated reading time":"1 minute"},"schema":{"@context":"https:\/\/schema.org","@graph":[{"@type":"WebPage","@id":"https:\/\/animefigurer.se\/figurer\/five-nights-at-freddys\/five-nights-at-freddys-plush-figure-the-mimic\/","url":"https:\/\/animefigurer.se\/figurer\/five-nights-at-freddys\/five-nights-at-freddys-plush-figure-the-mimic\/","name":"Five Nights at Freddy&#039;s Plush Figure The Mimic | Animefigurer.se","isPartOf":{"@id":"https:\/\/animefigurer.se\/#website"},"primaryImageOfPage":{"@id":"https:\/\/animefigurer.se\/figurer\/five-nights-at-freddys\/five-nights-at-freddys-plush-figure-the-mimic\/#primaryimage"},"image":{"@id":"https:\/\/animefigurer.se\/figurer\/five-nights-at-freddys\/five-nights-at-freddys-plush-figure-the-mimic\/#primaryimage"},"thumbnailUrl":"https:\/\/animefigurer.se\/wp-content\/uploads\/2025\/10\/681b7e769c99e.jpeg","datePublished":"2025-10-20T17:55:30+00:00","dateModified":"2026-04-21T06:13:09+00:00","breadcrumb":{"@id":"https:\/\/animefigurer.se\/figurer\/five-nights-at-freddys\/five-nights-at-freddys-plush-figure-the-mimic\/#breadcrumb"},"inLanguage":"en-GB","potentialAction":[{"@type":"ReadAction","target":["https:\/\/animefigurer.se\/figurer\/five-nights-at-freddys\/five-nights-at-freddys-plush-figure-the-mimic\/"]}]},{"@type":"ImageObject","inLanguage":"en-GB","@id":"https:\/\/animefigurer.se\/figurer\/five-nights-at-freddys\/five-nights-at-freddys-plush-figure-the-mimic\/#primaryimage","url":"https:\/\/animefigurer.se\/wp-content\/uploads\/2025\/10\/681b7e769c99e.jpeg","contentUrl":"https:\/\/animefigurer.se\/wp-content\/uploads\/2025\/10\/681b7e769c99e.jpeg","width":1000,"height":1000},{"@type":"BreadcrumbList","@id":"https:\/\/animefigurer.se\/figurer\/five-nights-at-freddys\/five-nights-at-freddys-plush-figure-the-mimic\/#breadcrumb","itemListElement":[{"@type":"ListItem","position":1,"name":"Home","item":"https:\/\/animefigurer.se\/"},{"@type":"ListItem","position":2,"name":"Butik","item":"https:\/\/animefigurer.se\/figurer\/"},{"@type":"ListItem","position":3,"name":"Five Nights at Freddy&#8217;s Plush Figure The Mimic"}]},{"@type":"WebSite","@id":"https:\/\/animefigurer.se\/#website","url":"https:\/\/animefigurer.se\/","name":"Animefigurer.se","description":"Anime figures from over 300 different anime series with over 9000 products | Anime Shop","publisher":{"@id":"https:\/\/animefigurer.se\/#organization"},"potentialAction":[{"@type":"SearchAction","target":{"@type":"EntryPoint","urlTemplate":"https:\/\/animefigurer.se\/?s={search_term_string}"},"query-input":{"@type":"PropertyValueSpecification","valueRequired":true,"valueName":"search_term_string"}}],"inLanguage":"en-GB"},{"@type":"Organization","@id":"https:\/\/animefigurer.se\/#organization","name":"Animefigurer.se","alternateName":"Anime figurer | Anime shop","url":"https:\/\/animefigurer.se\/","logo":{"@type":"ImageObject","inLanguage":"en-GB","@id":"https:\/\/animefigurer.se\/#\/schema\/logo\/image\/","url":"https:\/\/animefigurer.se\/wp-content\/uploads\/2025\/12\/Animefigurer_logowhite.png","contentUrl":"https:\/\/animefigurer.se\/wp-content\/uploads\/2025\/12\/Animefigurer_logowhite.png","width":1890,"height":1417,"caption":"Animefigurer.se"},"image":{"@id":"https:\/\/animefigurer.se\/#\/schema\/logo\/image\/"},"sameAs":["https:\/\/www.facebook.com\/profile.php?id=61581826539670","https:\/\/www.instagram.com\/animefigurer.se\/"],"email":"info@animefigurer.se"}]}},"_links":{"self":[{"href":"https:\/\/animefigurer.se\/en\/wp-json\/wp\/v2\/product\/24912","targetHints":{"allow":["GET"]}}],"collection":[{"href":"https:\/\/animefigurer.se\/en\/wp-json\/wp\/v2\/product"}],"about":[{"href":"https:\/\/animefigurer.se\/en\/wp-json\/wp\/v2\/types\/product"}],"replies":[{"embeddable":true,"href":"https:\/\/animefigurer.se\/en\/wp-json\/wp\/v2\/comments?post=24912"}],"wp:featuredmedia":[{"embeddable":true,"href":"https:\/\/animefigurer.se\/en\/wp-json\/wp\/v2\/media\/24913"}],"wp:attachment":[{"href":"https:\/\/animefigurer.se\/en\/wp-json\/wp\/v2\/media?parent=24912"}],"wp:term":[{"taxonomy":"product_brand","embeddable":true,"href":"https:\/\/animefigurer.se\/en\/wp-json\/wp\/v2\/product_brand?post=24912"},{"taxonomy":"product_cat","embeddable":true,"href":"https:\/\/animefigurer.se\/en\/wp-json\/wp\/v2\/product_cat?post=24912"},{"taxonomy":"product_tag","embeddable":true,"href":"https:\/\/animefigurer.se\/en\/wp-json\/wp\/v2\/product_tag?post=24912"},{"taxonomy":"giftcard-category","embeddable":true,"href":"https:\/\/animefigurer.se\/en\/wp-json\/wp\/v2\/giftcard-category?post=24912"}],"curies":[{"name":"wp","href":"https:\/\/api.w.org\/{rel}","templated":true}]}}