{"id":24835,"date":"2025-10-20T19:54:41","date_gmt":"2025-10-20T17:54:41","guid":{"rendered":"https:\/\/animefigurer.se\/produkt\/five-nights-at-freddys-plush-figure-cupcake\/"},"modified":"2026-04-21T08:09:11","modified_gmt":"2026-04-21T06:09:11","slug":"five-nights-at-freddys-plush-figure-cupcake","status":"publish","type":"product","link":"https:\/\/animefigurer.se\/en\/figurer\/five-nights-at-freddys\/five-nights-at-freddys-plush-figure-cupcake\/","title":{"rendered":"Five Nights at Freddy&#039;s Plush Figure Cupcake"},"content":{"rendered":"<div class=\"row\">\n<div class=\"col\">\n<p>-A-<\/p>\n<p>It&#039;s time for a big, sweet (and slightly frightening) treat! So of course Youtooz has got you covered with exactly what you need! At 9 inches tall with a flaming candle plunged into thick pink icing that makes up their head. Two glowing orange eyes shine out of dark sockets as white buck teeth hang over their brown wrapping. This plush is packed to the seams with 100% PP cotton and is made of the softest minky material absolutely perfect for cuddling or being a little mysterious with!<\/p>\n<p>-EN-<\/p>\n<p>It&#039;s time for a big, sweet (and a little scary) treat! So of course Youtooz has everything you need! They&#039;re 9 inches tall with a flaming light immersed in thick pink icing that makes up their head. Two glowing orange eyes shine out of dark sockets while white buck teeth hang over their brown covers. This plush is packed to the seams with 100% PP cotton and is made from the softest minky material, perfect for cuddling or being a little mysterious!<\/p>\n<\/div>\n<\/div>","protected":false},"excerpt":{"rendered":"<p>-EN-It&#039;s time for a big, sweet (and slightly frightening) treat! So of course Youtooz has got you covered with exactly what you need! At 9 inches tall with a flaming candle plunged into thick pink icing that makes up their head. Two glowing orange eyes shine out from<\/p>","protected":false},"featured_media":24836,"comment_status":"closed","ping_status":"closed","template":"","meta":{"_acf_changed":false,"_monsterinsights_skip_tracking":false,"_monsterinsights_sitenote_active":false,"_monsterinsights_sitenote_note":"","_monsterinsights_sitenote_category":0},"product_brand":[7189],"product_cat":[2282,7233],"product_tag":[24],"giftcard-category":[],"class_list":{"0":"post-24835","1":"product","2":"type-product","3":"status-publish","4":"has-post-thumbnail","6":"product_brand-youtooz","7":"product_cat-five-nights-at-freddys","8":"product_cat-pre-order","9":"product_tag-2-3-weeks","10":"pa_franchise-five-nights-at-freddys","11":"pa_karaktar-cupcake","12":"pa_material-plush","13":"pa_storlek-22-cm","15":"first","16":"instock","17":"taxable","18":"shipping-taxable","19":"purchasable","20":"product-type-simple"},"acf":[],"yoast_head":"<!-- This site is optimized with the Yoast SEO Premium plugin v24.6 (Yoast SEO v27.3) - https:\/\/yoast.com\/product\/yoast-seo-premium-wordpress\/ -->\n<title>Five Nights at Freddy&#039;s Plush Figure Cupcake | Animefigurer.se<\/title>\n<meta name=\"robots\" content=\"index, follow, max-snippet:-1, max-image-preview:large, max-video-preview:-1\" \/>\n<link rel=\"canonical\" href=\"https:\/\/animefigurer.se\/en\/figurer\/five-nights-at-freddys\/five-nights-at-freddys-plush-figure-cupcake\/\" \/>\n<meta property=\"og:locale\" content=\"en_GB\" \/>\n<meta property=\"og:type\" content=\"article\" \/>\n<meta property=\"og:title\" content=\"Five Nights at Freddy&#039;s Plush Figure Cupcake\" \/>\n<meta property=\"og:description\" content=\"-EN-It&#039;s time for a big, sweet (and slightly frightening) treat! So of course Youtooz has got you covered with exactly what you need! At 9 inches tall with a flaming candle plunged into thick pink icing that makes up their head. Two glowing orange eyes shine out from\" \/>\n<meta property=\"og:url\" content=\"https:\/\/animefigurer.se\/en\/figurer\/five-nights-at-freddys\/five-nights-at-freddys-plush-figure-cupcake\/\" \/>\n<meta property=\"og:site_name\" content=\"Animefigurer.se\" \/>\n<meta property=\"article:publisher\" content=\"https:\/\/www.facebook.com\/profile.php?id=61581826539670\" \/>\n<meta property=\"article:modified_time\" content=\"2026-04-21T06:09:11+00:00\" \/>\n<meta property=\"og:image\" content=\"https:\/\/animefigurer.se\/wp-content\/uploads\/2025\/12\/Animefigurer_logowhite.png\" \/>\n\t<meta property=\"og:image:width\" content=\"1890\" \/>\n\t<meta property=\"og:image:height\" content=\"1417\" \/>\n\t<meta property=\"og:image:type\" content=\"image\/png\" \/>\n<meta name=\"twitter:card\" content=\"summary_large_image\" \/>\n<meta name=\"twitter:label1\" content=\"Estimated reading time\" \/>\n\t<meta name=\"twitter:data1\" content=\"2 minutes\" \/>\n<script type=\"application\/ld+json\" class=\"yoast-schema-graph\">{\"@context\":\"https:\\\/\\\/schema.org\",\"@graph\":[{\"@type\":\"WebPage\",\"@id\":\"https:\\\/\\\/animefigurer.se\\\/figurer\\\/five-nights-at-freddys\\\/five-nights-at-freddys-plush-figure-cupcake\\\/\",\"url\":\"https:\\\/\\\/animefigurer.se\\\/figurer\\\/five-nights-at-freddys\\\/five-nights-at-freddys-plush-figure-cupcake\\\/\",\"name\":\"Five Nights at Freddy's Plush Figure Cupcake | Animefigurer.se\",\"isPartOf\":{\"@id\":\"https:\\\/\\\/animefigurer.se\\\/#website\"},\"primaryImageOfPage\":{\"@id\":\"https:\\\/\\\/animefigurer.se\\\/figurer\\\/five-nights-at-freddys\\\/five-nights-at-freddys-plush-figure-cupcake\\\/#primaryimage\"},\"image\":{\"@id\":\"https:\\\/\\\/animefigurer.se\\\/figurer\\\/five-nights-at-freddys\\\/five-nights-at-freddys-plush-figure-cupcake\\\/#primaryimage\"},\"thumbnailUrl\":\"https:\\\/\\\/animefigurer.se\\\/wp-content\\\/uploads\\\/2025\\\/10\\\/67844e75cf801.jpeg\",\"datePublished\":\"2025-10-20T17:54:41+00:00\",\"dateModified\":\"2026-04-21T06:09:11+00:00\",\"breadcrumb\":{\"@id\":\"https:\\\/\\\/animefigurer.se\\\/figurer\\\/five-nights-at-freddys\\\/five-nights-at-freddys-plush-figure-cupcake\\\/#breadcrumb\"},\"inLanguage\":\"en-GB\",\"potentialAction\":[{\"@type\":\"ReadAction\",\"target\":[\"https:\\\/\\\/animefigurer.se\\\/figurer\\\/five-nights-at-freddys\\\/five-nights-at-freddys-plush-figure-cupcake\\\/\"]}]},{\"@type\":\"ImageObject\",\"inLanguage\":\"en-GB\",\"@id\":\"https:\\\/\\\/animefigurer.se\\\/figurer\\\/five-nights-at-freddys\\\/five-nights-at-freddys-plush-figure-cupcake\\\/#primaryimage\",\"url\":\"https:\\\/\\\/animefigurer.se\\\/wp-content\\\/uploads\\\/2025\\\/10\\\/67844e75cf801.jpeg\",\"contentUrl\":\"https:\\\/\\\/animefigurer.se\\\/wp-content\\\/uploads\\\/2025\\\/10\\\/67844e75cf801.jpeg\",\"width\":1000,\"height\":1000},{\"@type\":\"BreadcrumbList\",\"@id\":\"https:\\\/\\\/animefigurer.se\\\/figurer\\\/five-nights-at-freddys\\\/five-nights-at-freddys-plush-figure-cupcake\\\/#breadcrumb\",\"itemListElement\":[{\"@type\":\"ListItem\",\"position\":1,\"name\":\"Home\",\"item\":\"https:\\\/\\\/animefigurer.se\\\/\"},{\"@type\":\"ListItem\",\"position\":2,\"name\":\"Butik\",\"item\":\"https:\\\/\\\/animefigurer.se\\\/figurer\\\/\"},{\"@type\":\"ListItem\",\"position\":3,\"name\":\"Five Nights at Freddy&#8217;s Plush Figure Cupcake\"}]},{\"@type\":\"WebSite\",\"@id\":\"https:\\\/\\\/animefigurer.se\\\/#website\",\"url\":\"https:\\\/\\\/animefigurer.se\\\/\",\"name\":\"Animefigurer.se\",\"description\":\"Anime figurer fr\u00e5n \u00f6ver 300 olika anime serier med \u00f6ver 9000 produkter | Anime Shop\",\"publisher\":{\"@id\":\"https:\\\/\\\/animefigurer.se\\\/#organization\"},\"potentialAction\":[{\"@type\":\"SearchAction\",\"target\":{\"@type\":\"EntryPoint\",\"urlTemplate\":\"https:\\\/\\\/animefigurer.se\\\/?s={search_term_string}\"},\"query-input\":{\"@type\":\"PropertyValueSpecification\",\"valueRequired\":true,\"valueName\":\"search_term_string\"}}],\"inLanguage\":\"en-GB\"},{\"@type\":\"Organization\",\"@id\":\"https:\\\/\\\/animefigurer.se\\\/#organization\",\"name\":\"Animefigurer.se\",\"alternateName\":\"Anime figurer | Anime shop\",\"url\":\"https:\\\/\\\/animefigurer.se\\\/\",\"logo\":{\"@type\":\"ImageObject\",\"inLanguage\":\"en-GB\",\"@id\":\"https:\\\/\\\/animefigurer.se\\\/#\\\/schema\\\/logo\\\/image\\\/\",\"url\":\"https:\\\/\\\/animefigurer.se\\\/wp-content\\\/uploads\\\/2025\\\/12\\\/Animefigurer_logowhite.png\",\"contentUrl\":\"https:\\\/\\\/animefigurer.se\\\/wp-content\\\/uploads\\\/2025\\\/12\\\/Animefigurer_logowhite.png\",\"width\":1890,\"height\":1417,\"caption\":\"Animefigurer.se\"},\"image\":{\"@id\":\"https:\\\/\\\/animefigurer.se\\\/#\\\/schema\\\/logo\\\/image\\\/\"},\"sameAs\":[\"https:\\\/\\\/www.facebook.com\\\/profile.php?id=61581826539670\",\"https:\\\/\\\/www.instagram.com\\\/animefigurer.se\\\/\"],\"email\":\"info@animefigurer.se\"}]}<\/script>\n<!-- \/ Yoast SEO Premium plugin. -->","yoast_head_json":{"title":"Five Nights at Freddy&#039;s Plush Figure Cupcake | Animefigurer.se","robots":{"index":"index","follow":"follow","max-snippet":"max-snippet:-1","max-image-preview":"max-image-preview:large","max-video-preview":"max-video-preview:-1"},"canonical":"https:\/\/animefigurer.se\/en\/figurer\/five-nights-at-freddys\/five-nights-at-freddys-plush-figure-cupcake\/","og_locale":"en_GB","og_type":"article","og_title":"Five Nights at Freddy's Plush Figure Cupcake","og_description":"-EN-It's time for a big, sweet (and slightly frightening) treat! So of course Youtooz has got you covered with exactly what you need! At 9 inches tall with a flaming candle plunged into thick pink icing that makes up their head. Two glowing orange eyes shine out from","og_url":"https:\/\/animefigurer.se\/en\/figurer\/five-nights-at-freddys\/five-nights-at-freddys-plush-figure-cupcake\/","og_site_name":"Animefigurer.se","article_publisher":"https:\/\/www.facebook.com\/profile.php?id=61581826539670","article_modified_time":"2026-04-21T06:09:11+00:00","og_image":[{"width":1890,"height":1417,"url":"https:\/\/animefigurer.se\/wp-content\/uploads\/2025\/12\/Animefigurer_logowhite.png","type":"image\/png"}],"twitter_card":"summary_large_image","twitter_misc":{"Estimated reading time":"2 minutes"},"schema":{"@context":"https:\/\/schema.org","@graph":[{"@type":"WebPage","@id":"https:\/\/animefigurer.se\/figurer\/five-nights-at-freddys\/five-nights-at-freddys-plush-figure-cupcake\/","url":"https:\/\/animefigurer.se\/figurer\/five-nights-at-freddys\/five-nights-at-freddys-plush-figure-cupcake\/","name":"Five Nights at Freddy&#039;s Plush Figure Cupcake | Animefigurer.se","isPartOf":{"@id":"https:\/\/animefigurer.se\/#website"},"primaryImageOfPage":{"@id":"https:\/\/animefigurer.se\/figurer\/five-nights-at-freddys\/five-nights-at-freddys-plush-figure-cupcake\/#primaryimage"},"image":{"@id":"https:\/\/animefigurer.se\/figurer\/five-nights-at-freddys\/five-nights-at-freddys-plush-figure-cupcake\/#primaryimage"},"thumbnailUrl":"https:\/\/animefigurer.se\/wp-content\/uploads\/2025\/10\/67844e75cf801.jpeg","datePublished":"2025-10-20T17:54:41+00:00","dateModified":"2026-04-21T06:09:11+00:00","breadcrumb":{"@id":"https:\/\/animefigurer.se\/figurer\/five-nights-at-freddys\/five-nights-at-freddys-plush-figure-cupcake\/#breadcrumb"},"inLanguage":"en-GB","potentialAction":[{"@type":"ReadAction","target":["https:\/\/animefigurer.se\/figurer\/five-nights-at-freddys\/five-nights-at-freddys-plush-figure-cupcake\/"]}]},{"@type":"ImageObject","inLanguage":"en-GB","@id":"https:\/\/animefigurer.se\/figurer\/five-nights-at-freddys\/five-nights-at-freddys-plush-figure-cupcake\/#primaryimage","url":"https:\/\/animefigurer.se\/wp-content\/uploads\/2025\/10\/67844e75cf801.jpeg","contentUrl":"https:\/\/animefigurer.se\/wp-content\/uploads\/2025\/10\/67844e75cf801.jpeg","width":1000,"height":1000},{"@type":"BreadcrumbList","@id":"https:\/\/animefigurer.se\/figurer\/five-nights-at-freddys\/five-nights-at-freddys-plush-figure-cupcake\/#breadcrumb","itemListElement":[{"@type":"ListItem","position":1,"name":"Home","item":"https:\/\/animefigurer.se\/"},{"@type":"ListItem","position":2,"name":"Butik","item":"https:\/\/animefigurer.se\/figurer\/"},{"@type":"ListItem","position":3,"name":"Five Nights at Freddy&#8217;s Plush Figure Cupcake"}]},{"@type":"WebSite","@id":"https:\/\/animefigurer.se\/#website","url":"https:\/\/animefigurer.se\/","name":"Animefigurer.se","description":"Anime figures from over 300 different anime series with over 9000 products | Anime Shop","publisher":{"@id":"https:\/\/animefigurer.se\/#organization"},"potentialAction":[{"@type":"SearchAction","target":{"@type":"EntryPoint","urlTemplate":"https:\/\/animefigurer.se\/?s={search_term_string}"},"query-input":{"@type":"PropertyValueSpecification","valueRequired":true,"valueName":"search_term_string"}}],"inLanguage":"en-GB"},{"@type":"Organization","@id":"https:\/\/animefigurer.se\/#organization","name":"Animefigurer.se","alternateName":"Anime figurer | Anime shop","url":"https:\/\/animefigurer.se\/","logo":{"@type":"ImageObject","inLanguage":"en-GB","@id":"https:\/\/animefigurer.se\/#\/schema\/logo\/image\/","url":"https:\/\/animefigurer.se\/wp-content\/uploads\/2025\/12\/Animefigurer_logowhite.png","contentUrl":"https:\/\/animefigurer.se\/wp-content\/uploads\/2025\/12\/Animefigurer_logowhite.png","width":1890,"height":1417,"caption":"Animefigurer.se"},"image":{"@id":"https:\/\/animefigurer.se\/#\/schema\/logo\/image\/"},"sameAs":["https:\/\/www.facebook.com\/profile.php?id=61581826539670","https:\/\/www.instagram.com\/animefigurer.se\/"],"email":"info@animefigurer.se"}]}},"_links":{"self":[{"href":"https:\/\/animefigurer.se\/en\/wp-json\/wp\/v2\/product\/24835","targetHints":{"allow":["GET"]}}],"collection":[{"href":"https:\/\/animefigurer.se\/en\/wp-json\/wp\/v2\/product"}],"about":[{"href":"https:\/\/animefigurer.se\/en\/wp-json\/wp\/v2\/types\/product"}],"replies":[{"embeddable":true,"href":"https:\/\/animefigurer.se\/en\/wp-json\/wp\/v2\/comments?post=24835"}],"wp:featuredmedia":[{"embeddable":true,"href":"https:\/\/animefigurer.se\/en\/wp-json\/wp\/v2\/media\/24836"}],"wp:attachment":[{"href":"https:\/\/animefigurer.se\/en\/wp-json\/wp\/v2\/media?parent=24835"}],"wp:term":[{"taxonomy":"product_brand","embeddable":true,"href":"https:\/\/animefigurer.se\/en\/wp-json\/wp\/v2\/product_brand?post=24835"},{"taxonomy":"product_cat","embeddable":true,"href":"https:\/\/animefigurer.se\/en\/wp-json\/wp\/v2\/product_cat?post=24835"},{"taxonomy":"product_tag","embeddable":true,"href":"https:\/\/animefigurer.se\/en\/wp-json\/wp\/v2\/product_tag?post=24835"},{"taxonomy":"giftcard-category","embeddable":true,"href":"https:\/\/animefigurer.se\/en\/wp-json\/wp\/v2\/giftcard-category?post=24835"}],"curies":[{"name":"wp","href":"https:\/\/api.w.org\/{rel}","templated":true}]}}