{"id":24773,"date":"2025-10-20T19:54:41","date_gmt":"2025-10-20T17:54:41","guid":{"rendered":"https:\/\/animefigurer.se\/produkt\/fist-of-the-north-star-raoh-1-6-scale-statue\/"},"modified":"2026-04-20T07:59:05","modified_gmt":"2026-04-20T05:59:05","slug":"fist-of-the-north-star-raoh-1-6-scale-statue","status":"publish","type":"product","link":"https:\/\/animefigurer.se\/en\/figurer\/fist-of-the-north-star\/fist-of-the-north-star-raoh-1-6-scale-statue\/","title":{"rendered":"Fist of the North Star Raoh 1\/6 Scale Statue"},"content":{"rendered":"<div class=\"row\">\n<div class=\"col\">\n<p>-A-<\/p>\n<p>HEX Collectibles is proud to present the Raoh Elite Dynamic Statue in 1\/6 scale, magnificently capturing the essence of the King of Fists! Wearing his iconic battle attire from his epic showdown with Kenshiro, Raoh raises his arm high and stares ahead, embodying his intimidating presence and commanding stance. The luxurious red gemstone inlays and intricate armor detailing exude grandeur, while the realistic leather texture highlights the exquisite sculpting. His massive, muscular physique is accentuated by his tight-fitting outfit, revealing well-defined abdominal muscles and prominently sculpted veins, showcasing his fearsome strength and aesthetic appeal. The flowing cape and banner add a dynamic feeling to the statue, perfectly framing Raoh&#039;s image as the mighty conqueror of the wasteland. The base, designed with fiery ruins at Raoh&#039;s feet, features smoldering skeletal remains and shattered debris, emphasizing his tyrannical dominance and the destructive power. Just like the brand concept of HEX Collectibles, our team has always looked at ways to push the boundaries of design and capture the essence of each character we love. HEX Collectibles will continue to bring beloved characters to life with our dynamic style of design. Fist of the North Star fans, don&#039;t miss your chance to add this statue to your collection! Size: 45 x 37 x 31 cm<\/p>\n<p>-EN-<\/p>\n<p>HEX Collectibles is proud to present the 1\/6th scale Raoh Elite Dynamic Statue, which magnificently captures the essence of the King of Fists! Dressed in his iconic battle attire from his epic showdown with Kenshiro, Raoh raises his arm high and stares forward, embodying his intimidating presence and commanding stance. The luxurious red gemstone inlays and intricate armor details exude grandeur, while the realistic leather texture highlights the exquisite sculpting. His massive, muscular physique is accentuated by his tight-fitting outfit, which reveals well-defined abs and prominently sculpted veins, showcasing his fearsome strength and aesthetic appeal. The flowing cape and banner give the statue a dynamic feel and perfectly frame Raoh&#039;s image as the mighty conqueror of the wasteland. The base, designed with burning ruins at Raoh&#039;s feet, features smoking skeletal remains and shattered debris, underscoring his tyrannical dominance and destructive power. Just like the brand concept of HEX Collectibles, our team has always looked at ways to push the boundaries of design and capture the essence of each character we love. HEX Collectibles will continue to bring beloved characters to life with our dynamic design style. Fist of the North Star fans, don&#039;t miss your chance to add this statue to your collection! Size: 45 x 37 x 31 cm<\/p>\n<\/div>\n<\/div>","protected":false},"excerpt":{"rendered":"<p>-EN-HEX Collectibles is proud to present the Raoh Elite Dynamic Statue in 1\/6 scale, magnificently capturing the essence of the King of Fists! Wearing his iconic battle attire from his epic showdown with Kenshiro, Raoh raises his arm high and stares ahead, embodying h<\/p>","protected":false},"featured_media":24774,"comment_status":"closed","ping_status":"closed","template":"","meta":{"_acf_changed":false,"_monsterinsights_skip_tracking":false,"_monsterinsights_sitenote_active":false,"_monsterinsights_sitenote_note":"","_monsterinsights_sitenote_category":0},"product_brand":[7013],"product_cat":[2267],"product_tag":[24],"giftcard-category":[],"class_list":{"0":"post-24773","1":"product","2":"type-product","3":"status-publish","4":"has-post-thumbnail","6":"product_brand-hex-collectibles","7":"product_cat-fist-of-the-north-star","8":"product_tag-2-3-weeks","9":"pa_franchise-fist-of-the-north-star","10":"pa_karaktar-raoh","11":"pa_material-pu-pvc-and-polystone","12":"pa_skala-57","13":"pa_storlek-45-cm","15":"first","16":"instock","17":"taxable","18":"shipping-taxable","19":"purchasable","20":"product-type-simple"},"acf":[],"yoast_head":"<!-- This site is optimized with the Yoast SEO Premium plugin v24.6 (Yoast SEO v27.3) - https:\/\/yoast.com\/product\/yoast-seo-premium-wordpress\/ -->\n<title>Fist of the North Star Raoh 1\/6 Scale Statue | Animefigurer.se<\/title>\n<meta name=\"robots\" content=\"index, follow, max-snippet:-1, max-image-preview:large, max-video-preview:-1\" \/>\n<link rel=\"canonical\" href=\"https:\/\/animefigurer.se\/en\/figurer\/fist-of-the-north-star\/fist-of-the-north-star-raoh-1-6-scale-statue\/\" \/>\n<meta property=\"og:locale\" content=\"en_GB\" \/>\n<meta property=\"og:type\" content=\"article\" \/>\n<meta property=\"og:title\" content=\"Fist of the North Star Raoh 1\/6 Scale Statue\" \/>\n<meta property=\"og:description\" content=\"-EN-HEX Collectibles is proud to present the Raoh Elite Dynamic Statue in 1\/6 scale, magnificently capturing the essence of the King of Fists! Wearing his iconic battle attire from his epic showdown with Kenshiro, Raoh raises his arm high and stares ahead, embodying h\" \/>\n<meta property=\"og:url\" content=\"https:\/\/animefigurer.se\/en\/figurer\/fist-of-the-north-star\/fist-of-the-north-star-raoh-1-6-scale-statue\/\" \/>\n<meta property=\"og:site_name\" content=\"Animefigurer.se\" \/>\n<meta property=\"article:publisher\" content=\"https:\/\/www.facebook.com\/profile.php?id=61581826539670\" \/>\n<meta property=\"article:modified_time\" content=\"2026-04-20T05:59:05+00:00\" \/>\n<meta property=\"og:image\" content=\"https:\/\/animefigurer.se\/wp-content\/uploads\/2025\/12\/Animefigurer_logowhite.png\" \/>\n\t<meta property=\"og:image:width\" content=\"1890\" \/>\n\t<meta property=\"og:image:height\" content=\"1417\" \/>\n\t<meta property=\"og:image:type\" content=\"image\/png\" \/>\n<meta name=\"twitter:card\" content=\"summary_large_image\" \/>\n<meta name=\"twitter:label1\" content=\"Estimated reading time\" \/>\n\t<meta name=\"twitter:data1\" content=\"3 minutes\" \/>\n<script type=\"application\/ld+json\" class=\"yoast-schema-graph\">{\"@context\":\"https:\\\/\\\/schema.org\",\"@graph\":[{\"@type\":\"WebPage\",\"@id\":\"https:\\\/\\\/animefigurer.se\\\/figurer\\\/fist-of-the-north-star\\\/fist-of-the-north-star-raoh-1-6-scale-statue\\\/\",\"url\":\"https:\\\/\\\/animefigurer.se\\\/figurer\\\/fist-of-the-north-star\\\/fist-of-the-north-star-raoh-1-6-scale-statue\\\/\",\"name\":\"Fist of the North Star Raoh 1\\\/6 Scale Statue | Animefigurer.se\",\"isPartOf\":{\"@id\":\"https:\\\/\\\/animefigurer.se\\\/#website\"},\"primaryImageOfPage\":{\"@id\":\"https:\\\/\\\/animefigurer.se\\\/figurer\\\/fist-of-the-north-star\\\/fist-of-the-north-star-raoh-1-6-scale-statue\\\/#primaryimage\"},\"image\":{\"@id\":\"https:\\\/\\\/animefigurer.se\\\/figurer\\\/fist-of-the-north-star\\\/fist-of-the-north-star-raoh-1-6-scale-statue\\\/#primaryimage\"},\"thumbnailUrl\":\"https:\\\/\\\/animefigurer.se\\\/wp-content\\\/uploads\\\/2025\\\/10\\\/66b154c25534a.jpeg\",\"datePublished\":\"2025-10-20T17:54:41+00:00\",\"dateModified\":\"2026-04-20T05:59:05+00:00\",\"breadcrumb\":{\"@id\":\"https:\\\/\\\/animefigurer.se\\\/figurer\\\/fist-of-the-north-star\\\/fist-of-the-north-star-raoh-1-6-scale-statue\\\/#breadcrumb\"},\"inLanguage\":\"en-GB\",\"potentialAction\":[{\"@type\":\"ReadAction\",\"target\":[\"https:\\\/\\\/animefigurer.se\\\/figurer\\\/fist-of-the-north-star\\\/fist-of-the-north-star-raoh-1-6-scale-statue\\\/\"]}]},{\"@type\":\"ImageObject\",\"inLanguage\":\"en-GB\",\"@id\":\"https:\\\/\\\/animefigurer.se\\\/figurer\\\/fist-of-the-north-star\\\/fist-of-the-north-star-raoh-1-6-scale-statue\\\/#primaryimage\",\"url\":\"https:\\\/\\\/animefigurer.se\\\/wp-content\\\/uploads\\\/2025\\\/10\\\/66b154c25534a.jpeg\",\"contentUrl\":\"https:\\\/\\\/animefigurer.se\\\/wp-content\\\/uploads\\\/2025\\\/10\\\/66b154c25534a.jpeg\",\"width\":720,\"height\":540},{\"@type\":\"BreadcrumbList\",\"@id\":\"https:\\\/\\\/animefigurer.se\\\/figurer\\\/fist-of-the-north-star\\\/fist-of-the-north-star-raoh-1-6-scale-statue\\\/#breadcrumb\",\"itemListElement\":[{\"@type\":\"ListItem\",\"position\":1,\"name\":\"Home\",\"item\":\"https:\\\/\\\/animefigurer.se\\\/\"},{\"@type\":\"ListItem\",\"position\":2,\"name\":\"Butik\",\"item\":\"https:\\\/\\\/animefigurer.se\\\/figurer\\\/\"},{\"@type\":\"ListItem\",\"position\":3,\"name\":\"Fist of the North Star Raoh 1\\\/6 Scale Statue\"}]},{\"@type\":\"WebSite\",\"@id\":\"https:\\\/\\\/animefigurer.se\\\/#website\",\"url\":\"https:\\\/\\\/animefigurer.se\\\/\",\"name\":\"Animefigurer.se\",\"description\":\"Anime figurer fr\u00e5n \u00f6ver 300 olika anime serier med \u00f6ver 9000 produkter | Anime Shop\",\"publisher\":{\"@id\":\"https:\\\/\\\/animefigurer.se\\\/#organization\"},\"potentialAction\":[{\"@type\":\"SearchAction\",\"target\":{\"@type\":\"EntryPoint\",\"urlTemplate\":\"https:\\\/\\\/animefigurer.se\\\/?s={search_term_string}\"},\"query-input\":{\"@type\":\"PropertyValueSpecification\",\"valueRequired\":true,\"valueName\":\"search_term_string\"}}],\"inLanguage\":\"en-GB\"},{\"@type\":\"Organization\",\"@id\":\"https:\\\/\\\/animefigurer.se\\\/#organization\",\"name\":\"Animefigurer.se\",\"alternateName\":\"Anime figurer | Anime shop\",\"url\":\"https:\\\/\\\/animefigurer.se\\\/\",\"logo\":{\"@type\":\"ImageObject\",\"inLanguage\":\"en-GB\",\"@id\":\"https:\\\/\\\/animefigurer.se\\\/#\\\/schema\\\/logo\\\/image\\\/\",\"url\":\"https:\\\/\\\/animefigurer.se\\\/wp-content\\\/uploads\\\/2025\\\/12\\\/Animefigurer_logowhite.png\",\"contentUrl\":\"https:\\\/\\\/animefigurer.se\\\/wp-content\\\/uploads\\\/2025\\\/12\\\/Animefigurer_logowhite.png\",\"width\":1890,\"height\":1417,\"caption\":\"Animefigurer.se\"},\"image\":{\"@id\":\"https:\\\/\\\/animefigurer.se\\\/#\\\/schema\\\/logo\\\/image\\\/\"},\"sameAs\":[\"https:\\\/\\\/www.facebook.com\\\/profile.php?id=61581826539670\",\"https:\\\/\\\/www.instagram.com\\\/animefigurer.se\\\/\"],\"email\":\"info@animefigurer.se\"}]}<\/script>\n<!-- \/ Yoast SEO Premium plugin. -->","yoast_head_json":{"title":"Fist of the North Star Raoh 1\/6 Scale Statue | Animefigurer.se","robots":{"index":"index","follow":"follow","max-snippet":"max-snippet:-1","max-image-preview":"max-image-preview:large","max-video-preview":"max-video-preview:-1"},"canonical":"https:\/\/animefigurer.se\/en\/figurer\/fist-of-the-north-star\/fist-of-the-north-star-raoh-1-6-scale-statue\/","og_locale":"en_GB","og_type":"article","og_title":"Fist of the North Star Raoh 1\/6 Scale Statue","og_description":"-EN-HEX Collectibles is proud to present the Raoh Elite Dynamic Statue in 1\/6 scale, magnificently capturing the essence of the King of Fists! Wearing his iconic battle attire from his epic showdown with Kenshiro, Raoh raises his arm high and stares ahead, embodying h","og_url":"https:\/\/animefigurer.se\/en\/figurer\/fist-of-the-north-star\/fist-of-the-north-star-raoh-1-6-scale-statue\/","og_site_name":"Animefigurer.se","article_publisher":"https:\/\/www.facebook.com\/profile.php?id=61581826539670","article_modified_time":"2026-04-20T05:59:05+00:00","og_image":[{"width":1890,"height":1417,"url":"https:\/\/animefigurer.se\/wp-content\/uploads\/2025\/12\/Animefigurer_logowhite.png","type":"image\/png"}],"twitter_card":"summary_large_image","twitter_misc":{"Estimated reading time":"3 minutes"},"schema":{"@context":"https:\/\/schema.org","@graph":[{"@type":"WebPage","@id":"https:\/\/animefigurer.se\/figurer\/fist-of-the-north-star\/fist-of-the-north-star-raoh-1-6-scale-statue\/","url":"https:\/\/animefigurer.se\/figurer\/fist-of-the-north-star\/fist-of-the-north-star-raoh-1-6-scale-statue\/","name":"Fist of the North Star Raoh 1\/6 Scale Statue | Animefigurer.se","isPartOf":{"@id":"https:\/\/animefigurer.se\/#website"},"primaryImageOfPage":{"@id":"https:\/\/animefigurer.se\/figurer\/fist-of-the-north-star\/fist-of-the-north-star-raoh-1-6-scale-statue\/#primaryimage"},"image":{"@id":"https:\/\/animefigurer.se\/figurer\/fist-of-the-north-star\/fist-of-the-north-star-raoh-1-6-scale-statue\/#primaryimage"},"thumbnailUrl":"https:\/\/animefigurer.se\/wp-content\/uploads\/2025\/10\/66b154c25534a.jpeg","datePublished":"2025-10-20T17:54:41+00:00","dateModified":"2026-04-20T05:59:05+00:00","breadcrumb":{"@id":"https:\/\/animefigurer.se\/figurer\/fist-of-the-north-star\/fist-of-the-north-star-raoh-1-6-scale-statue\/#breadcrumb"},"inLanguage":"en-GB","potentialAction":[{"@type":"ReadAction","target":["https:\/\/animefigurer.se\/figurer\/fist-of-the-north-star\/fist-of-the-north-star-raoh-1-6-scale-statue\/"]}]},{"@type":"ImageObject","inLanguage":"en-GB","@id":"https:\/\/animefigurer.se\/figurer\/fist-of-the-north-star\/fist-of-the-north-star-raoh-1-6-scale-statue\/#primaryimage","url":"https:\/\/animefigurer.se\/wp-content\/uploads\/2025\/10\/66b154c25534a.jpeg","contentUrl":"https:\/\/animefigurer.se\/wp-content\/uploads\/2025\/10\/66b154c25534a.jpeg","width":720,"height":540},{"@type":"BreadcrumbList","@id":"https:\/\/animefigurer.se\/figurer\/fist-of-the-north-star\/fist-of-the-north-star-raoh-1-6-scale-statue\/#breadcrumb","itemListElement":[{"@type":"ListItem","position":1,"name":"Home","item":"https:\/\/animefigurer.se\/"},{"@type":"ListItem","position":2,"name":"Butik","item":"https:\/\/animefigurer.se\/figurer\/"},{"@type":"ListItem","position":3,"name":"Fist of the North Star Raoh 1\/6 Scale Statue"}]},{"@type":"WebSite","@id":"https:\/\/animefigurer.se\/#website","url":"https:\/\/animefigurer.se\/","name":"Animefigurer.se","description":"Anime figures from over 300 different anime series with over 9000 products | Anime Shop","publisher":{"@id":"https:\/\/animefigurer.se\/#organization"},"potentialAction":[{"@type":"SearchAction","target":{"@type":"EntryPoint","urlTemplate":"https:\/\/animefigurer.se\/?s={search_term_string}"},"query-input":{"@type":"PropertyValueSpecification","valueRequired":true,"valueName":"search_term_string"}}],"inLanguage":"en-GB"},{"@type":"Organization","@id":"https:\/\/animefigurer.se\/#organization","name":"Animefigurer.se","alternateName":"Anime figurer | Anime shop","url":"https:\/\/animefigurer.se\/","logo":{"@type":"ImageObject","inLanguage":"en-GB","@id":"https:\/\/animefigurer.se\/#\/schema\/logo\/image\/","url":"https:\/\/animefigurer.se\/wp-content\/uploads\/2025\/12\/Animefigurer_logowhite.png","contentUrl":"https:\/\/animefigurer.se\/wp-content\/uploads\/2025\/12\/Animefigurer_logowhite.png","width":1890,"height":1417,"caption":"Animefigurer.se"},"image":{"@id":"https:\/\/animefigurer.se\/#\/schema\/logo\/image\/"},"sameAs":["https:\/\/www.facebook.com\/profile.php?id=61581826539670","https:\/\/www.instagram.com\/animefigurer.se\/"],"email":"info@animefigurer.se"}]}},"_links":{"self":[{"href":"https:\/\/animefigurer.se\/en\/wp-json\/wp\/v2\/product\/24773","targetHints":{"allow":["GET"]}}],"collection":[{"href":"https:\/\/animefigurer.se\/en\/wp-json\/wp\/v2\/product"}],"about":[{"href":"https:\/\/animefigurer.se\/en\/wp-json\/wp\/v2\/types\/product"}],"replies":[{"embeddable":true,"href":"https:\/\/animefigurer.se\/en\/wp-json\/wp\/v2\/comments?post=24773"}],"wp:featuredmedia":[{"embeddable":true,"href":"https:\/\/animefigurer.se\/en\/wp-json\/wp\/v2\/media\/24774"}],"wp:attachment":[{"href":"https:\/\/animefigurer.se\/en\/wp-json\/wp\/v2\/media?parent=24773"}],"wp:term":[{"taxonomy":"product_brand","embeddable":true,"href":"https:\/\/animefigurer.se\/en\/wp-json\/wp\/v2\/product_brand?post=24773"},{"taxonomy":"product_cat","embeddable":true,"href":"https:\/\/animefigurer.se\/en\/wp-json\/wp\/v2\/product_cat?post=24773"},{"taxonomy":"product_tag","embeddable":true,"href":"https:\/\/animefigurer.se\/en\/wp-json\/wp\/v2\/product_tag?post=24773"},{"taxonomy":"giftcard-category","embeddable":true,"href":"https:\/\/animefigurer.se\/en\/wp-json\/wp\/v2\/giftcard-category?post=24773"}],"curies":[{"name":"wp","href":"https:\/\/api.w.org\/{rel}","templated":true}]}}