{"id":24737,"date":"2025-10-20T19:54:41","date_gmt":"2025-10-20T17:54:41","guid":{"rendered":"https:\/\/animefigurer.se\/produkt\/fist-of-the-north-star-dig-action-raoh-kokuoh-figure-set\/"},"modified":"2025-12-21T19:28:15","modified_gmt":"2025-12-21T18:28:15","slug":"fist-of-the-north-star-dig-action-raoh-kokuoh-figure-set","status":"publish","type":"product","link":"https:\/\/animefigurer.se\/en\/figurer\/fist-of-the-north-star\/fist-of-the-north-star-dig-action-raoh-kokuoh-figure-set\/","title":{"rendered":"Fist of the North Star Dig Action Raoh &amp; Kokuoh Figure Set"},"content":{"rendered":"<div class=\"row\">\n<div class=\"col\" itemprop=\"description\" content=\"-EN-From the timeless masterpiece Fist of the North Star, Raoh, the eldest of the four Hokuto brothers, calls himself the End of Century Champion Fist King. He \">\n<p>-EN-<\/p>\n<p>From the timeless masterpiece Fist of the North Star, Raoh, the eldest of the four Hokuto brothers, calls himself the End of Century Champion Fist King. He is on a path to domination, at the end of a century ruled by violence. Raoh and his beloved horse, Kokuoh, with a massive body large enough to crush a human to death with one step, are released as a set of action figures from [DIGACTION]!<\/p>\n<p>These figures combine a size that makes them easy to collect with a wide range of motion!! Kokuoh is a pre-painted figure with no articulation. Be sure to add this figure set to your collection!<\/p>\n<p>-SV-<\/p>\n<p>Fr\u00e5n det tidl\u00f6sa m\u00e4sterverket Fist of the North Star kallar Raoh, den \u00e4ldste av de fyra Hokuto-br\u00f6derna, sig sj\u00e4lv f\u00f6r End of Century Champion Fist King. Han \u00e4r p\u00e5 v\u00e4g mot dominans, i slutet av ett \u00e5rhundrade som styrs av v\u00e5ld. Raoh och hans \u00e4lskade h\u00e4st Kokuoh, med en massiv kropp stor nog att krossa en m\u00e4nniska till d\u00f6ds med ett enda steg, sl\u00e4pps ut som en upps\u00e4ttning actionfigurer fr\u00e5n [DIGACTION]!<\/p>\n<p>Dessa figurer kombinerar en storlek som g\u00f6r dem l\u00e4tta att samla in med ett brett r\u00f6relseomf\u00e5ng!! Kokuoh \u00e4r en f\u00f6rm\u00e5lad figur utan artikulation. Se till att l\u00e4gga till den h\u00e4r figurupps\u00e4ttningen i din samling!<\/p>\n<\/p><\/div>\n<\/p><\/div>\n","protected":false},"excerpt":{"rendered":"<p>                -EN-From the timeless masterpiece Fist of the North Star, Raoh, the eldest of the four Hokuto brothers, calls himself the End of Century Champion Fist King. He is on a path to domination, at the end of a century ruled by violence. Raoh and his beloved horse, Kokuoh, w<\/p>","protected":false},"featured_media":24738,"comment_status":"closed","ping_status":"open","template":"","meta":{"_acf_changed":false,"_monsterinsights_skip_tracking":false,"_monsterinsights_sitenote_active":false,"_monsterinsights_sitenote_note":"","_monsterinsights_sitenote_category":0},"product_brand":[6963],"product_cat":[2267],"product_tag":[24],"giftcard-category":[],"class_list":{"0":"post-24737","1":"product","2":"type-product","3":"status-publish","4":"has-post-thumbnail","6":"product_brand-digism","7":"product_cat-fist-of-the-north-star","8":"product_tag-2-3-weeks","9":"pa_franchise-fist-of-the-north-star","10":"pa_karaktar-roah","11":"pa_material-plastic","12":"pa_storlek-9-12-cm","14":"first","15":"instock","16":"taxable","17":"shipping-taxable","18":"purchasable","19":"product-type-simple"},"acf":[],"yoast_head":"<!-- This site is optimized with the Yoast SEO Premium plugin v24.6 (Yoast SEO v27.3) - https:\/\/yoast.com\/product\/yoast-seo-premium-wordpress\/ -->\n<title>Fist of the North Star Dig Action Raoh &amp; Kokuoh Figure Set | Animefigurer.se<\/title>\n<meta name=\"robots\" content=\"index, follow, max-snippet:-1, max-image-preview:large, max-video-preview:-1\" \/>\n<link rel=\"canonical\" href=\"https:\/\/animefigurer.se\/en\/figurer\/fist-of-the-north-star\/fist-of-the-north-star-dig-action-raoh-kokuoh-figure-set\/\" \/>\n<meta property=\"og:locale\" content=\"en_GB\" \/>\n<meta property=\"og:type\" content=\"article\" \/>\n<meta property=\"og:title\" content=\"Fist of the North Star Dig Action Raoh &amp; Kokuoh Figure Set\" \/>\n<meta property=\"og:description\" content=\"-EN-From the timeless masterpiece Fist of the North Star, Raoh, the eldest of the four Hokuto brothers, calls himself the End of Century Champion Fist King. He is on a path to domination, at the end of a century ruled by violence. Raoh and his beloved horse, Kokuoh, w\" \/>\n<meta property=\"og:url\" content=\"https:\/\/animefigurer.se\/en\/figurer\/fist-of-the-north-star\/fist-of-the-north-star-dig-action-raoh-kokuoh-figure-set\/\" \/>\n<meta property=\"og:site_name\" content=\"Animefigurer.se\" \/>\n<meta property=\"article:publisher\" content=\"https:\/\/www.facebook.com\/profile.php?id=61581826539670\" \/>\n<meta property=\"article:modified_time\" content=\"2025-12-21T18:28:15+00:00\" \/>\n<meta property=\"og:image\" content=\"https:\/\/animefigurer.se\/wp-content\/uploads\/2025\/12\/Animefigurer_logowhite.png\" \/>\n\t<meta property=\"og:image:width\" content=\"1890\" \/>\n\t<meta property=\"og:image:height\" content=\"1417\" \/>\n\t<meta property=\"og:image:type\" content=\"image\/png\" \/>\n<meta name=\"twitter:card\" content=\"summary_large_image\" \/>\n<meta name=\"twitter:label1\" content=\"Estimated reading time\" \/>\n\t<meta name=\"twitter:data1\" content=\"1 minute\" \/>\n<script type=\"application\/ld+json\" class=\"yoast-schema-graph\">{\"@context\":\"https:\\\/\\\/schema.org\",\"@graph\":[{\"@type\":\"WebPage\",\"@id\":\"https:\\\/\\\/animefigurer.se\\\/figurer\\\/fist-of-the-north-star\\\/fist-of-the-north-star-dig-action-raoh-kokuoh-figure-set\\\/\",\"url\":\"https:\\\/\\\/animefigurer.se\\\/figurer\\\/fist-of-the-north-star\\\/fist-of-the-north-star-dig-action-raoh-kokuoh-figure-set\\\/\",\"name\":\"Fist of the North Star Dig Action Raoh & Kokuoh Figure Set | Animefigurer.se\",\"isPartOf\":{\"@id\":\"https:\\\/\\\/animefigurer.se\\\/#website\"},\"primaryImageOfPage\":{\"@id\":\"https:\\\/\\\/animefigurer.se\\\/figurer\\\/fist-of-the-north-star\\\/fist-of-the-north-star-dig-action-raoh-kokuoh-figure-set\\\/#primaryimage\"},\"image\":{\"@id\":\"https:\\\/\\\/animefigurer.se\\\/figurer\\\/fist-of-the-north-star\\\/fist-of-the-north-star-dig-action-raoh-kokuoh-figure-set\\\/#primaryimage\"},\"thumbnailUrl\":\"https:\\\/\\\/animefigurer.se\\\/wp-content\\\/uploads\\\/2025\\\/10\\\/6777faadebb37.jpeg\",\"datePublished\":\"2025-10-20T17:54:41+00:00\",\"dateModified\":\"2025-12-21T18:28:15+00:00\",\"breadcrumb\":{\"@id\":\"https:\\\/\\\/animefigurer.se\\\/figurer\\\/fist-of-the-north-star\\\/fist-of-the-north-star-dig-action-raoh-kokuoh-figure-set\\\/#breadcrumb\"},\"inLanguage\":\"en-GB\",\"potentialAction\":[{\"@type\":\"ReadAction\",\"target\":[\"https:\\\/\\\/animefigurer.se\\\/figurer\\\/fist-of-the-north-star\\\/fist-of-the-north-star-dig-action-raoh-kokuoh-figure-set\\\/\"]}]},{\"@type\":\"ImageObject\",\"inLanguage\":\"en-GB\",\"@id\":\"https:\\\/\\\/animefigurer.se\\\/figurer\\\/fist-of-the-north-star\\\/fist-of-the-north-star-dig-action-raoh-kokuoh-figure-set\\\/#primaryimage\",\"url\":\"https:\\\/\\\/animefigurer.se\\\/wp-content\\\/uploads\\\/2025\\\/10\\\/6777faadebb37.jpeg\",\"contentUrl\":\"https:\\\/\\\/animefigurer.se\\\/wp-content\\\/uploads\\\/2025\\\/10\\\/6777faadebb37.jpeg\",\"width\":720,\"height\":540},{\"@type\":\"BreadcrumbList\",\"@id\":\"https:\\\/\\\/animefigurer.se\\\/figurer\\\/fist-of-the-north-star\\\/fist-of-the-north-star-dig-action-raoh-kokuoh-figure-set\\\/#breadcrumb\",\"itemListElement\":[{\"@type\":\"ListItem\",\"position\":1,\"name\":\"Home\",\"item\":\"https:\\\/\\\/animefigurer.se\\\/\"},{\"@type\":\"ListItem\",\"position\":2,\"name\":\"Butik\",\"item\":\"https:\\\/\\\/animefigurer.se\\\/figurer\\\/\"},{\"@type\":\"ListItem\",\"position\":3,\"name\":\"Fist of the North Star Dig Action Raoh &#038; Kokuoh Figure Set\"}]},{\"@type\":\"WebSite\",\"@id\":\"https:\\\/\\\/animefigurer.se\\\/#website\",\"url\":\"https:\\\/\\\/animefigurer.se\\\/\",\"name\":\"Animefigurer.se\",\"description\":\"Anime figurer fr\u00e5n \u00f6ver 300 olika anime serier med \u00f6ver 9000 produkter | Anime Shop\",\"publisher\":{\"@id\":\"https:\\\/\\\/animefigurer.se\\\/#organization\"},\"potentialAction\":[{\"@type\":\"SearchAction\",\"target\":{\"@type\":\"EntryPoint\",\"urlTemplate\":\"https:\\\/\\\/animefigurer.se\\\/?s={search_term_string}\"},\"query-input\":{\"@type\":\"PropertyValueSpecification\",\"valueRequired\":true,\"valueName\":\"search_term_string\"}}],\"inLanguage\":\"en-GB\"},{\"@type\":\"Organization\",\"@id\":\"https:\\\/\\\/animefigurer.se\\\/#organization\",\"name\":\"Animefigurer.se\",\"alternateName\":\"Anime figurer | Anime shop\",\"url\":\"https:\\\/\\\/animefigurer.se\\\/\",\"logo\":{\"@type\":\"ImageObject\",\"inLanguage\":\"en-GB\",\"@id\":\"https:\\\/\\\/animefigurer.se\\\/#\\\/schema\\\/logo\\\/image\\\/\",\"url\":\"https:\\\/\\\/animefigurer.se\\\/wp-content\\\/uploads\\\/2025\\\/12\\\/Animefigurer_logowhite.png\",\"contentUrl\":\"https:\\\/\\\/animefigurer.se\\\/wp-content\\\/uploads\\\/2025\\\/12\\\/Animefigurer_logowhite.png\",\"width\":1890,\"height\":1417,\"caption\":\"Animefigurer.se\"},\"image\":{\"@id\":\"https:\\\/\\\/animefigurer.se\\\/#\\\/schema\\\/logo\\\/image\\\/\"},\"sameAs\":[\"https:\\\/\\\/www.facebook.com\\\/profile.php?id=61581826539670\",\"https:\\\/\\\/www.instagram.com\\\/animefigurer.se\\\/\"],\"email\":\"info@animefigurer.se\"}]}<\/script>\n<!-- \/ Yoast SEO Premium plugin. -->","yoast_head_json":{"title":"Fist of the North Star Dig Action Raoh &amp; Kokuoh Figure Set | Animefigurer.se","robots":{"index":"index","follow":"follow","max-snippet":"max-snippet:-1","max-image-preview":"max-image-preview:large","max-video-preview":"max-video-preview:-1"},"canonical":"https:\/\/animefigurer.se\/en\/figurer\/fist-of-the-north-star\/fist-of-the-north-star-dig-action-raoh-kokuoh-figure-set\/","og_locale":"en_GB","og_type":"article","og_title":"Fist of the North Star Dig Action Raoh & Kokuoh Figure Set","og_description":"-EN-From the timeless masterpiece Fist of the North Star, Raoh, the eldest of the four Hokuto brothers, calls himself the End of Century Champion Fist King. He is on a path to domination, at the end of a century ruled by violence. Raoh and his beloved horse, Kokuoh, w","og_url":"https:\/\/animefigurer.se\/en\/figurer\/fist-of-the-north-star\/fist-of-the-north-star-dig-action-raoh-kokuoh-figure-set\/","og_site_name":"Animefigurer.se","article_publisher":"https:\/\/www.facebook.com\/profile.php?id=61581826539670","article_modified_time":"2025-12-21T18:28:15+00:00","og_image":[{"width":1890,"height":1417,"url":"https:\/\/animefigurer.se\/wp-content\/uploads\/2025\/12\/Animefigurer_logowhite.png","type":"image\/png"}],"twitter_card":"summary_large_image","twitter_misc":{"Estimated reading time":"1 minute"},"schema":{"@context":"https:\/\/schema.org","@graph":[{"@type":"WebPage","@id":"https:\/\/animefigurer.se\/figurer\/fist-of-the-north-star\/fist-of-the-north-star-dig-action-raoh-kokuoh-figure-set\/","url":"https:\/\/animefigurer.se\/figurer\/fist-of-the-north-star\/fist-of-the-north-star-dig-action-raoh-kokuoh-figure-set\/","name":"Fist of the North Star Dig Action Raoh &amp; Kokuoh Figure Set | Animefigurer.se","isPartOf":{"@id":"https:\/\/animefigurer.se\/#website"},"primaryImageOfPage":{"@id":"https:\/\/animefigurer.se\/figurer\/fist-of-the-north-star\/fist-of-the-north-star-dig-action-raoh-kokuoh-figure-set\/#primaryimage"},"image":{"@id":"https:\/\/animefigurer.se\/figurer\/fist-of-the-north-star\/fist-of-the-north-star-dig-action-raoh-kokuoh-figure-set\/#primaryimage"},"thumbnailUrl":"https:\/\/animefigurer.se\/wp-content\/uploads\/2025\/10\/6777faadebb37.jpeg","datePublished":"2025-10-20T17:54:41+00:00","dateModified":"2025-12-21T18:28:15+00:00","breadcrumb":{"@id":"https:\/\/animefigurer.se\/figurer\/fist-of-the-north-star\/fist-of-the-north-star-dig-action-raoh-kokuoh-figure-set\/#breadcrumb"},"inLanguage":"en-GB","potentialAction":[{"@type":"ReadAction","target":["https:\/\/animefigurer.se\/figurer\/fist-of-the-north-star\/fist-of-the-north-star-dig-action-raoh-kokuoh-figure-set\/"]}]},{"@type":"ImageObject","inLanguage":"en-GB","@id":"https:\/\/animefigurer.se\/figurer\/fist-of-the-north-star\/fist-of-the-north-star-dig-action-raoh-kokuoh-figure-set\/#primaryimage","url":"https:\/\/animefigurer.se\/wp-content\/uploads\/2025\/10\/6777faadebb37.jpeg","contentUrl":"https:\/\/animefigurer.se\/wp-content\/uploads\/2025\/10\/6777faadebb37.jpeg","width":720,"height":540},{"@type":"BreadcrumbList","@id":"https:\/\/animefigurer.se\/figurer\/fist-of-the-north-star\/fist-of-the-north-star-dig-action-raoh-kokuoh-figure-set\/#breadcrumb","itemListElement":[{"@type":"ListItem","position":1,"name":"Home","item":"https:\/\/animefigurer.se\/"},{"@type":"ListItem","position":2,"name":"Butik","item":"https:\/\/animefigurer.se\/figurer\/"},{"@type":"ListItem","position":3,"name":"Fist of the North Star Dig Action Raoh &#038; Kokuoh Figure Set"}]},{"@type":"WebSite","@id":"https:\/\/animefigurer.se\/#website","url":"https:\/\/animefigurer.se\/","name":"Animefigurer.se","description":"Anime figures from over 300 different anime series with over 9000 products | Anime Shop","publisher":{"@id":"https:\/\/animefigurer.se\/#organization"},"potentialAction":[{"@type":"SearchAction","target":{"@type":"EntryPoint","urlTemplate":"https:\/\/animefigurer.se\/?s={search_term_string}"},"query-input":{"@type":"PropertyValueSpecification","valueRequired":true,"valueName":"search_term_string"}}],"inLanguage":"en-GB"},{"@type":"Organization","@id":"https:\/\/animefigurer.se\/#organization","name":"Animefigurer.se","alternateName":"Anime figurer | Anime shop","url":"https:\/\/animefigurer.se\/","logo":{"@type":"ImageObject","inLanguage":"en-GB","@id":"https:\/\/animefigurer.se\/#\/schema\/logo\/image\/","url":"https:\/\/animefigurer.se\/wp-content\/uploads\/2025\/12\/Animefigurer_logowhite.png","contentUrl":"https:\/\/animefigurer.se\/wp-content\/uploads\/2025\/12\/Animefigurer_logowhite.png","width":1890,"height":1417,"caption":"Animefigurer.se"},"image":{"@id":"https:\/\/animefigurer.se\/#\/schema\/logo\/image\/"},"sameAs":["https:\/\/www.facebook.com\/profile.php?id=61581826539670","https:\/\/www.instagram.com\/animefigurer.se\/"],"email":"info@animefigurer.se"}]}},"_links":{"self":[{"href":"https:\/\/animefigurer.se\/en\/wp-json\/wp\/v2\/product\/24737","targetHints":{"allow":["GET"]}}],"collection":[{"href":"https:\/\/animefigurer.se\/en\/wp-json\/wp\/v2\/product"}],"about":[{"href":"https:\/\/animefigurer.se\/en\/wp-json\/wp\/v2\/types\/product"}],"replies":[{"embeddable":true,"href":"https:\/\/animefigurer.se\/en\/wp-json\/wp\/v2\/comments?post=24737"}],"wp:featuredmedia":[{"embeddable":true,"href":"https:\/\/animefigurer.se\/en\/wp-json\/wp\/v2\/media\/24738"}],"wp:attachment":[{"href":"https:\/\/animefigurer.se\/en\/wp-json\/wp\/v2\/media?parent=24737"}],"wp:term":[{"taxonomy":"product_brand","embeddable":true,"href":"https:\/\/animefigurer.se\/en\/wp-json\/wp\/v2\/product_brand?post=24737"},{"taxonomy":"product_cat","embeddable":true,"href":"https:\/\/animefigurer.se\/en\/wp-json\/wp\/v2\/product_cat?post=24737"},{"taxonomy":"product_tag","embeddable":true,"href":"https:\/\/animefigurer.se\/en\/wp-json\/wp\/v2\/product_tag?post=24737"},{"taxonomy":"giftcard-category","embeddable":true,"href":"https:\/\/animefigurer.se\/en\/wp-json\/wp\/v2\/giftcard-category?post=24737"}],"curies":[{"name":"wp","href":"https:\/\/api.w.org\/{rel}","templated":true}]}}