{"id":24703,"date":"2025-10-20T19:53:40","date_gmt":"2025-10-20T17:53:40","guid":{"rendered":"https:\/\/animefigurer.se\/produkt\/fist-of-the-north-star-dig-action-shew-1-24-scale-action-figure\/"},"modified":"2026-03-17T06:27:23","modified_gmt":"2026-03-17T05:27:23","slug":"fist-of-the-north-star-dig-action-shew-1-24-scale-action-figure","status":"publish","type":"product","link":"https:\/\/animefigurer.se\/en\/figurer\/fist-of-the-north-star\/fist-of-the-north-star-dig-action-shew-1-24-scale-action-figure\/","title":{"rendered":"Fist of the North Star Dig Action Shew 1\/24 Scale Action Figure"},"content":{"rendered":"<p>From the timeless masterpiece Fist of the North Star comes SHEW, Nanto Rokusei Ken, now as a movable figure in the DIGACTION series. SHEW, a man of hope for the future and master of Nanto Hakuro Ken, is reproduced in a collector-friendly format and with a wide range of motion. A great combination of scale and mobility for fans.<\/p>","protected":false},"excerpt":{"rendered":"<p>From the timeless masterpiece Fist of the North Star comes SHEW, Nanto Rokusei Ken, now as a movable figure in the DIGACTION series. A man of hope for the future and master of Nanto Hakuro Ken, SHEW is reproduced in a collector-friendly format and a wide range of motion. An excellent combination of scale and<\/p>","protected":false},"featured_media":24704,"comment_status":"closed","ping_status":"open","template":"","meta":{"_acf_changed":false,"_monsterinsights_skip_tracking":false,"_monsterinsights_sitenote_active":false,"_monsterinsights_sitenote_note":"","_monsterinsights_sitenote_category":0},"product_brand":[6963],"product_cat":[2267,7233],"product_tag":[26],"giftcard-category":[],"class_list":{"0":"post-24703","1":"product","2":"type-product","3":"status-publish","4":"has-post-thumbnail","6":"product_brand-digism","7":"product_cat-fist-of-the-north-star","8":"product_cat-pre-order","9":"product_tag-pre-order","10":"pa_franchise-fist-of-the-north-star","11":"pa_karaktar-shew","12":"pa_material-plastic","13":"pa_skala-577","14":"pa_storlek-8-cm","16":"first","17":"instock","18":"taxable","19":"shipping-taxable","20":"purchasable","21":"product-type-simple"},"acf":[],"yoast_head":"<!-- This site is optimized with the Yoast SEO Premium plugin v24.6 (Yoast SEO v27.3) - https:\/\/yoast.com\/product\/yoast-seo-premium-wordpress\/ -->\n<title>Fist of the North Star Dig Action Shew 1\/24 Scale Action Figure | Animefigurer.se<\/title>\n<meta name=\"robots\" content=\"index, follow, max-snippet:-1, max-image-preview:large, max-video-preview:-1\" \/>\n<link rel=\"canonical\" href=\"https:\/\/animefigurer.se\/en\/figurer\/fist-of-the-north-star\/fist-of-the-north-star-dig-action-shew-1-24-scale-action-figure\/\" \/>\n<meta property=\"og:locale\" content=\"en_GB\" \/>\n<meta property=\"og:type\" content=\"article\" \/>\n<meta property=\"og:title\" content=\"Fist of the North Star Dig Action Shew 1\/24 Scale Action Figure\" \/>\n<meta property=\"og:description\" content=\"Fr\u00e5n det tidl\u00f6sa m\u00e4sterverket Fist of the North Star kommer SHEW, Nanto Rokusei Ken, nu som en r\u00f6rlig figur i DIGACTION-serien. SHEW, en man med hopp f\u00f6r framtiden och m\u00e4stare i Nanto Hakuro Ken, \u00e5terges med ett samlarv\u00e4nligt format och ett brett r\u00f6relseomf\u00e5ng. En utm\u00e4rkt kombination av skala och r\u00f6\" \/>\n<meta property=\"og:url\" content=\"https:\/\/animefigurer.se\/en\/figurer\/fist-of-the-north-star\/fist-of-the-north-star-dig-action-shew-1-24-scale-action-figure\/\" \/>\n<meta property=\"og:site_name\" content=\"Animefigurer.se\" \/>\n<meta property=\"article:publisher\" content=\"https:\/\/www.facebook.com\/profile.php?id=61581826539670\" \/>\n<meta property=\"article:modified_time\" content=\"2026-03-17T05:27:23+00:00\" \/>\n<meta property=\"og:image\" content=\"https:\/\/animefigurer.se\/wp-content\/uploads\/2025\/12\/Animefigurer_logowhite.png\" \/>\n\t<meta property=\"og:image:width\" content=\"1890\" \/>\n\t<meta property=\"og:image:height\" content=\"1417\" \/>\n\t<meta property=\"og:image:type\" content=\"image\/png\" \/>\n<meta name=\"twitter:card\" content=\"summary_large_image\" \/>\n<script type=\"application\/ld+json\" class=\"yoast-schema-graph\">{\"@context\":\"https:\\\/\\\/schema.org\",\"@graph\":[{\"@type\":\"WebPage\",\"@id\":\"https:\\\/\\\/animefigurer.se\\\/figurer\\\/fist-of-the-north-star\\\/fist-of-the-north-star-dig-action-shew-1-24-scale-action-figure\\\/\",\"url\":\"https:\\\/\\\/animefigurer.se\\\/figurer\\\/fist-of-the-north-star\\\/fist-of-the-north-star-dig-action-shew-1-24-scale-action-figure\\\/\",\"name\":\"Fist of the North Star Dig Action Shew 1\\\/24 Scale Action Figure | Animefigurer.se\",\"isPartOf\":{\"@id\":\"https:\\\/\\\/animefigurer.se\\\/#website\"},\"primaryImageOfPage\":{\"@id\":\"https:\\\/\\\/animefigurer.se\\\/figurer\\\/fist-of-the-north-star\\\/fist-of-the-north-star-dig-action-shew-1-24-scale-action-figure\\\/#primaryimage\"},\"image\":{\"@id\":\"https:\\\/\\\/animefigurer.se\\\/figurer\\\/fist-of-the-north-star\\\/fist-of-the-north-star-dig-action-shew-1-24-scale-action-figure\\\/#primaryimage\"},\"thumbnailUrl\":\"https:\\\/\\\/animefigurer.se\\\/wp-content\\\/uploads\\\/2025\\\/10\\\/6837290a96dae.jpeg\",\"datePublished\":\"2025-10-20T17:53:40+00:00\",\"dateModified\":\"2026-03-17T05:27:23+00:00\",\"breadcrumb\":{\"@id\":\"https:\\\/\\\/animefigurer.se\\\/figurer\\\/fist-of-the-north-star\\\/fist-of-the-north-star-dig-action-shew-1-24-scale-action-figure\\\/#breadcrumb\"},\"inLanguage\":\"en-GB\",\"potentialAction\":[{\"@type\":\"ReadAction\",\"target\":[\"https:\\\/\\\/animefigurer.se\\\/figurer\\\/fist-of-the-north-star\\\/fist-of-the-north-star-dig-action-shew-1-24-scale-action-figure\\\/\"]}]},{\"@type\":\"ImageObject\",\"inLanguage\":\"en-GB\",\"@id\":\"https:\\\/\\\/animefigurer.se\\\/figurer\\\/fist-of-the-north-star\\\/fist-of-the-north-star-dig-action-shew-1-24-scale-action-figure\\\/#primaryimage\",\"url\":\"https:\\\/\\\/animefigurer.se\\\/wp-content\\\/uploads\\\/2025\\\/10\\\/6837290a96dae.jpeg\",\"contentUrl\":\"https:\\\/\\\/animefigurer.se\\\/wp-content\\\/uploads\\\/2025\\\/10\\\/6837290a96dae.jpeg\",\"width\":1000,\"height\":750},{\"@type\":\"BreadcrumbList\",\"@id\":\"https:\\\/\\\/animefigurer.se\\\/figurer\\\/fist-of-the-north-star\\\/fist-of-the-north-star-dig-action-shew-1-24-scale-action-figure\\\/#breadcrumb\",\"itemListElement\":[{\"@type\":\"ListItem\",\"position\":1,\"name\":\"Home\",\"item\":\"https:\\\/\\\/animefigurer.se\\\/\"},{\"@type\":\"ListItem\",\"position\":2,\"name\":\"Butik\",\"item\":\"https:\\\/\\\/animefigurer.se\\\/figurer\\\/\"},{\"@type\":\"ListItem\",\"position\":3,\"name\":\"Fist of the North Star Dig Action Shew 1\\\/24 Scale Action Figure\"}]},{\"@type\":\"WebSite\",\"@id\":\"https:\\\/\\\/animefigurer.se\\\/#website\",\"url\":\"https:\\\/\\\/animefigurer.se\\\/\",\"name\":\"Animefigurer.se\",\"description\":\"Anime figurer fr\u00e5n \u00f6ver 300 olika anime serier med \u00f6ver 9000 produkter | Anime Shop\",\"publisher\":{\"@id\":\"https:\\\/\\\/animefigurer.se\\\/#organization\"},\"potentialAction\":[{\"@type\":\"SearchAction\",\"target\":{\"@type\":\"EntryPoint\",\"urlTemplate\":\"https:\\\/\\\/animefigurer.se\\\/?s={search_term_string}\"},\"query-input\":{\"@type\":\"PropertyValueSpecification\",\"valueRequired\":true,\"valueName\":\"search_term_string\"}}],\"inLanguage\":\"en-GB\"},{\"@type\":\"Organization\",\"@id\":\"https:\\\/\\\/animefigurer.se\\\/#organization\",\"name\":\"Animefigurer.se\",\"alternateName\":\"Anime figurer | Anime shop\",\"url\":\"https:\\\/\\\/animefigurer.se\\\/\",\"logo\":{\"@type\":\"ImageObject\",\"inLanguage\":\"en-GB\",\"@id\":\"https:\\\/\\\/animefigurer.se\\\/#\\\/schema\\\/logo\\\/image\\\/\",\"url\":\"https:\\\/\\\/animefigurer.se\\\/wp-content\\\/uploads\\\/2025\\\/12\\\/Animefigurer_logowhite.png\",\"contentUrl\":\"https:\\\/\\\/animefigurer.se\\\/wp-content\\\/uploads\\\/2025\\\/12\\\/Animefigurer_logowhite.png\",\"width\":1890,\"height\":1417,\"caption\":\"Animefigurer.se\"},\"image\":{\"@id\":\"https:\\\/\\\/animefigurer.se\\\/#\\\/schema\\\/logo\\\/image\\\/\"},\"sameAs\":[\"https:\\\/\\\/www.facebook.com\\\/profile.php?id=61581826539670\",\"https:\\\/\\\/www.instagram.com\\\/animefigurer.se\\\/\"],\"email\":\"info@animefigurer.se\"}]}<\/script>\n<!-- \/ Yoast SEO Premium plugin. -->","yoast_head_json":{"title":"Fist of the North Star Dig Action Shew 1\/24 Scale Action Figure | Animefigurer.se","robots":{"index":"index","follow":"follow","max-snippet":"max-snippet:-1","max-image-preview":"max-image-preview:large","max-video-preview":"max-video-preview:-1"},"canonical":"https:\/\/animefigurer.se\/en\/figurer\/fist-of-the-north-star\/fist-of-the-north-star-dig-action-shew-1-24-scale-action-figure\/","og_locale":"en_GB","og_type":"article","og_title":"Fist of the North Star Dig Action Shew 1\/24 Scale Action Figure","og_description":"Fr\u00e5n det tidl\u00f6sa m\u00e4sterverket Fist of the North Star kommer SHEW, Nanto Rokusei Ken, nu som en r\u00f6rlig figur i DIGACTION-serien. SHEW, en man med hopp f\u00f6r framtiden och m\u00e4stare i Nanto Hakuro Ken, \u00e5terges med ett samlarv\u00e4nligt format och ett brett r\u00f6relseomf\u00e5ng. En utm\u00e4rkt kombination av skala och r\u00f6","og_url":"https:\/\/animefigurer.se\/en\/figurer\/fist-of-the-north-star\/fist-of-the-north-star-dig-action-shew-1-24-scale-action-figure\/","og_site_name":"Animefigurer.se","article_publisher":"https:\/\/www.facebook.com\/profile.php?id=61581826539670","article_modified_time":"2026-03-17T05:27:23+00:00","og_image":[{"width":1890,"height":1417,"url":"https:\/\/animefigurer.se\/wp-content\/uploads\/2025\/12\/Animefigurer_logowhite.png","type":"image\/png"}],"twitter_card":"summary_large_image","schema":{"@context":"https:\/\/schema.org","@graph":[{"@type":"WebPage","@id":"https:\/\/animefigurer.se\/figurer\/fist-of-the-north-star\/fist-of-the-north-star-dig-action-shew-1-24-scale-action-figure\/","url":"https:\/\/animefigurer.se\/figurer\/fist-of-the-north-star\/fist-of-the-north-star-dig-action-shew-1-24-scale-action-figure\/","name":"Fist of the North Star Dig Action Shew 1\/24 Scale Action Figure | Animefigurer.se","isPartOf":{"@id":"https:\/\/animefigurer.se\/#website"},"primaryImageOfPage":{"@id":"https:\/\/animefigurer.se\/figurer\/fist-of-the-north-star\/fist-of-the-north-star-dig-action-shew-1-24-scale-action-figure\/#primaryimage"},"image":{"@id":"https:\/\/animefigurer.se\/figurer\/fist-of-the-north-star\/fist-of-the-north-star-dig-action-shew-1-24-scale-action-figure\/#primaryimage"},"thumbnailUrl":"https:\/\/animefigurer.se\/wp-content\/uploads\/2025\/10\/6837290a96dae.jpeg","datePublished":"2025-10-20T17:53:40+00:00","dateModified":"2026-03-17T05:27:23+00:00","breadcrumb":{"@id":"https:\/\/animefigurer.se\/figurer\/fist-of-the-north-star\/fist-of-the-north-star-dig-action-shew-1-24-scale-action-figure\/#breadcrumb"},"inLanguage":"en-GB","potentialAction":[{"@type":"ReadAction","target":["https:\/\/animefigurer.se\/figurer\/fist-of-the-north-star\/fist-of-the-north-star-dig-action-shew-1-24-scale-action-figure\/"]}]},{"@type":"ImageObject","inLanguage":"en-GB","@id":"https:\/\/animefigurer.se\/figurer\/fist-of-the-north-star\/fist-of-the-north-star-dig-action-shew-1-24-scale-action-figure\/#primaryimage","url":"https:\/\/animefigurer.se\/wp-content\/uploads\/2025\/10\/6837290a96dae.jpeg","contentUrl":"https:\/\/animefigurer.se\/wp-content\/uploads\/2025\/10\/6837290a96dae.jpeg","width":1000,"height":750},{"@type":"BreadcrumbList","@id":"https:\/\/animefigurer.se\/figurer\/fist-of-the-north-star\/fist-of-the-north-star-dig-action-shew-1-24-scale-action-figure\/#breadcrumb","itemListElement":[{"@type":"ListItem","position":1,"name":"Home","item":"https:\/\/animefigurer.se\/"},{"@type":"ListItem","position":2,"name":"Butik","item":"https:\/\/animefigurer.se\/figurer\/"},{"@type":"ListItem","position":3,"name":"Fist of the North Star Dig Action Shew 1\/24 Scale Action Figure"}]},{"@type":"WebSite","@id":"https:\/\/animefigurer.se\/#website","url":"https:\/\/animefigurer.se\/","name":"Animefigurer.se","description":"Anime figures from over 300 different anime series with over 9000 products | Anime Shop","publisher":{"@id":"https:\/\/animefigurer.se\/#organization"},"potentialAction":[{"@type":"SearchAction","target":{"@type":"EntryPoint","urlTemplate":"https:\/\/animefigurer.se\/?s={search_term_string}"},"query-input":{"@type":"PropertyValueSpecification","valueRequired":true,"valueName":"search_term_string"}}],"inLanguage":"en-GB"},{"@type":"Organization","@id":"https:\/\/animefigurer.se\/#organization","name":"Animefigurer.se","alternateName":"Anime figurer | Anime shop","url":"https:\/\/animefigurer.se\/","logo":{"@type":"ImageObject","inLanguage":"en-GB","@id":"https:\/\/animefigurer.se\/#\/schema\/logo\/image\/","url":"https:\/\/animefigurer.se\/wp-content\/uploads\/2025\/12\/Animefigurer_logowhite.png","contentUrl":"https:\/\/animefigurer.se\/wp-content\/uploads\/2025\/12\/Animefigurer_logowhite.png","width":1890,"height":1417,"caption":"Animefigurer.se"},"image":{"@id":"https:\/\/animefigurer.se\/#\/schema\/logo\/image\/"},"sameAs":["https:\/\/www.facebook.com\/profile.php?id=61581826539670","https:\/\/www.instagram.com\/animefigurer.se\/"],"email":"info@animefigurer.se"}]}},"_links":{"self":[{"href":"https:\/\/animefigurer.se\/en\/wp-json\/wp\/v2\/product\/24703","targetHints":{"allow":["GET"]}}],"collection":[{"href":"https:\/\/animefigurer.se\/en\/wp-json\/wp\/v2\/product"}],"about":[{"href":"https:\/\/animefigurer.se\/en\/wp-json\/wp\/v2\/types\/product"}],"replies":[{"embeddable":true,"href":"https:\/\/animefigurer.se\/en\/wp-json\/wp\/v2\/comments?post=24703"}],"wp:featuredmedia":[{"embeddable":true,"href":"https:\/\/animefigurer.se\/en\/wp-json\/wp\/v2\/media\/24704"}],"wp:attachment":[{"href":"https:\/\/animefigurer.se\/en\/wp-json\/wp\/v2\/media?parent=24703"}],"wp:term":[{"taxonomy":"product_brand","embeddable":true,"href":"https:\/\/animefigurer.se\/en\/wp-json\/wp\/v2\/product_brand?post=24703"},{"taxonomy":"product_cat","embeddable":true,"href":"https:\/\/animefigurer.se\/en\/wp-json\/wp\/v2\/product_cat?post=24703"},{"taxonomy":"product_tag","embeddable":true,"href":"https:\/\/animefigurer.se\/en\/wp-json\/wp\/v2\/product_tag?post=24703"},{"taxonomy":"giftcard-category","embeddable":true,"href":"https:\/\/animefigurer.se\/en\/wp-json\/wp\/v2\/giftcard-category?post=24703"}],"curies":[{"name":"wp","href":"https:\/\/api.w.org\/{rel}","templated":true}]}}