{"id":24636,"date":"2025-10-20T19:53:40","date_gmt":"2025-10-20T17:53:40","guid":{"rendered":"https:\/\/animefigurer.se\/produkt\/fire-emblem-three-houses-edelgard-von-hresvelg\/"},"modified":"2025-12-21T19:28:15","modified_gmt":"2025-12-21T18:28:15","slug":"fire-emblem-three-houses-edelgard-von-hresvelg","status":"publish","type":"product","link":"https:\/\/animefigurer.se\/en\/figurer\/fire-emblem\/fire-emblem-three-houses-edelgard-von-hresvelg\/","title":{"rendered":"Fire Emblem: Three Houses Edelgard von Hresvelg"},"content":{"rendered":"<p>From Fire Emblem: Three Houses comes a 1\/7th scale figure of Edelgard von Hresvelg, Empress of the Adrestian Empire. The figure is based on the scene where Edelgard reunites with her former classmates at the Battle of Gronder and conveys her steadfast determination to achieve her ideals. Don&#039;t miss the chance to add her to your collection!<\/p>","protected":false},"excerpt":{"rendered":"<p>From Fire Emblem: Three Houses comes a 1\/7th scale figure of Edelgard von Hresvelg, Empress of the Adrestian Empire. The figure is based on the scene where Edelgard reunites with her former classmates at the Battle of Gronder and conveys her steadfast determination to achieve her ideals<\/p>","protected":false},"featured_media":24637,"comment_status":"closed","ping_status":"open","template":"","meta":{"_acf_changed":false,"_monsterinsights_skip_tracking":false,"_monsterinsights_sitenote_active":false,"_monsterinsights_sitenote_note":"","_monsterinsights_sitenote_category":0},"product_brand":[7034],"product_cat":[2251,7233],"product_tag":[26],"giftcard-category":[],"class_list":{"0":"post-24636","1":"product","2":"type-product","3":"status-publish","4":"has-post-thumbnail","6":"product_brand-intelligent-systems","7":"product_cat-fire-emblem","8":"product_cat-pre-order","9":"product_tag-pre-order","10":"pa_franchise-fire-emblem","11":"pa_karaktar-edelgard-von-hresvelg","12":"pa_material-pvc-abs","13":"pa_skala-41","14":"pa_storlek-27-cm","16":"first","17":"instock","18":"taxable","19":"shipping-taxable","20":"purchasable","21":"product-type-simple"},"acf":[],"yoast_head":"<!-- This site is optimized with the Yoast SEO Premium plugin v24.6 (Yoast SEO v27.3) - https:\/\/yoast.com\/product\/yoast-seo-premium-wordpress\/ -->\n<title>Fire Emblem: Three Houses Edelgard von Hresvelg | Animefigurer.se<\/title>\n<meta name=\"robots\" content=\"index, follow, max-snippet:-1, max-image-preview:large, max-video-preview:-1\" \/>\n<link rel=\"canonical\" href=\"https:\/\/animefigurer.se\/en\/figurer\/fire-emblem\/fire-emblem-three-houses-edelgard-von-hresvelg\/\" \/>\n<meta property=\"og:locale\" content=\"en_GB\" \/>\n<meta property=\"og:type\" content=\"article\" \/>\n<meta property=\"og:title\" content=\"Fire Emblem: Three Houses Edelgard von Hresvelg\" \/>\n<meta property=\"og:description\" content=\"Fr\u00e5n Fire Emblem: Three Houses kommer en figur i skala 1\/7 f\u00f6rest\u00e4llande Edelgard von Hresvelg, kejsarinna av det adrestiska imperiet. Figuren \u00e4r baserad p\u00e5 scenen d\u00e4r Edelgard \u00e5terf\u00f6renas med sina forna klasskamrater vid Slaget vid Gronder och f\u00f6rmedlar hennes fasta beslutsamhet att uppn\u00e5 sina idea\" \/>\n<meta property=\"og:url\" content=\"https:\/\/animefigurer.se\/en\/figurer\/fire-emblem\/fire-emblem-three-houses-edelgard-von-hresvelg\/\" \/>\n<meta property=\"og:site_name\" content=\"Animefigurer.se\" \/>\n<meta property=\"article:publisher\" content=\"https:\/\/www.facebook.com\/profile.php?id=61581826539670\" \/>\n<meta property=\"article:modified_time\" content=\"2025-12-21T18:28:15+00:00\" \/>\n<meta property=\"og:image\" content=\"https:\/\/animefigurer.se\/wp-content\/uploads\/2025\/12\/Animefigurer_logowhite.png\" \/>\n\t<meta property=\"og:image:width\" content=\"1890\" \/>\n\t<meta property=\"og:image:height\" content=\"1417\" \/>\n\t<meta property=\"og:image:type\" content=\"image\/png\" \/>\n<meta name=\"twitter:card\" content=\"summary_large_image\" \/>\n<script type=\"application\/ld+json\" class=\"yoast-schema-graph\">{\"@context\":\"https:\\\/\\\/schema.org\",\"@graph\":[{\"@type\":\"WebPage\",\"@id\":\"https:\\\/\\\/animefigurer.se\\\/figurer\\\/fire-emblem\\\/fire-emblem-three-houses-edelgard-von-hresvelg\\\/\",\"url\":\"https:\\\/\\\/animefigurer.se\\\/figurer\\\/fire-emblem\\\/fire-emblem-three-houses-edelgard-von-hresvelg\\\/\",\"name\":\"Fire Emblem: Three Houses Edelgard von Hresvelg | Animefigurer.se\",\"isPartOf\":{\"@id\":\"https:\\\/\\\/animefigurer.se\\\/#website\"},\"primaryImageOfPage\":{\"@id\":\"https:\\\/\\\/animefigurer.se\\\/figurer\\\/fire-emblem\\\/fire-emblem-three-houses-edelgard-von-hresvelg\\\/#primaryimage\"},\"image\":{\"@id\":\"https:\\\/\\\/animefigurer.se\\\/figurer\\\/fire-emblem\\\/fire-emblem-three-houses-edelgard-von-hresvelg\\\/#primaryimage\"},\"thumbnailUrl\":\"https:\\\/\\\/animefigurer.se\\\/wp-content\\\/uploads\\\/2025\\\/10\\\/676dbc2cbce09.jpeg\",\"datePublished\":\"2025-10-20T17:53:40+00:00\",\"dateModified\":\"2025-12-21T18:28:15+00:00\",\"breadcrumb\":{\"@id\":\"https:\\\/\\\/animefigurer.se\\\/figurer\\\/fire-emblem\\\/fire-emblem-three-houses-edelgard-von-hresvelg\\\/#breadcrumb\"},\"inLanguage\":\"en-GB\",\"potentialAction\":[{\"@type\":\"ReadAction\",\"target\":[\"https:\\\/\\\/animefigurer.se\\\/figurer\\\/fire-emblem\\\/fire-emblem-three-houses-edelgard-von-hresvelg\\\/\"]}]},{\"@type\":\"ImageObject\",\"inLanguage\":\"en-GB\",\"@id\":\"https:\\\/\\\/animefigurer.se\\\/figurer\\\/fire-emblem\\\/fire-emblem-three-houses-edelgard-von-hresvelg\\\/#primaryimage\",\"url\":\"https:\\\/\\\/animefigurer.se\\\/wp-content\\\/uploads\\\/2025\\\/10\\\/676dbc2cbce09.jpeg\",\"contentUrl\":\"https:\\\/\\\/animefigurer.se\\\/wp-content\\\/uploads\\\/2025\\\/10\\\/676dbc2cbce09.jpeg\",\"width\":720,\"height\":540},{\"@type\":\"BreadcrumbList\",\"@id\":\"https:\\\/\\\/animefigurer.se\\\/figurer\\\/fire-emblem\\\/fire-emblem-three-houses-edelgard-von-hresvelg\\\/#breadcrumb\",\"itemListElement\":[{\"@type\":\"ListItem\",\"position\":1,\"name\":\"Home\",\"item\":\"https:\\\/\\\/animefigurer.se\\\/\"},{\"@type\":\"ListItem\",\"position\":2,\"name\":\"Butik\",\"item\":\"https:\\\/\\\/animefigurer.se\\\/figurer\\\/\"},{\"@type\":\"ListItem\",\"position\":3,\"name\":\"Fire Emblem: Three Houses Edelgard von Hresvelg\"}]},{\"@type\":\"WebSite\",\"@id\":\"https:\\\/\\\/animefigurer.se\\\/#website\",\"url\":\"https:\\\/\\\/animefigurer.se\\\/\",\"name\":\"Animefigurer.se\",\"description\":\"Anime figurer fr\u00e5n \u00f6ver 300 olika anime serier med \u00f6ver 9000 produkter | Anime Shop\",\"publisher\":{\"@id\":\"https:\\\/\\\/animefigurer.se\\\/#organization\"},\"potentialAction\":[{\"@type\":\"SearchAction\",\"target\":{\"@type\":\"EntryPoint\",\"urlTemplate\":\"https:\\\/\\\/animefigurer.se\\\/?s={search_term_string}\"},\"query-input\":{\"@type\":\"PropertyValueSpecification\",\"valueRequired\":true,\"valueName\":\"search_term_string\"}}],\"inLanguage\":\"en-GB\"},{\"@type\":\"Organization\",\"@id\":\"https:\\\/\\\/animefigurer.se\\\/#organization\",\"name\":\"Animefigurer.se\",\"alternateName\":\"Anime figurer | Anime shop\",\"url\":\"https:\\\/\\\/animefigurer.se\\\/\",\"logo\":{\"@type\":\"ImageObject\",\"inLanguage\":\"en-GB\",\"@id\":\"https:\\\/\\\/animefigurer.se\\\/#\\\/schema\\\/logo\\\/image\\\/\",\"url\":\"https:\\\/\\\/animefigurer.se\\\/wp-content\\\/uploads\\\/2025\\\/12\\\/Animefigurer_logowhite.png\",\"contentUrl\":\"https:\\\/\\\/animefigurer.se\\\/wp-content\\\/uploads\\\/2025\\\/12\\\/Animefigurer_logowhite.png\",\"width\":1890,\"height\":1417,\"caption\":\"Animefigurer.se\"},\"image\":{\"@id\":\"https:\\\/\\\/animefigurer.se\\\/#\\\/schema\\\/logo\\\/image\\\/\"},\"sameAs\":[\"https:\\\/\\\/www.facebook.com\\\/profile.php?id=61581826539670\",\"https:\\\/\\\/www.instagram.com\\\/animefigurer.se\\\/\"],\"email\":\"info@animefigurer.se\"}]}<\/script>\n<!-- \/ Yoast SEO Premium plugin. -->","yoast_head_json":{"title":"Fire Emblem: Three Houses Edelgard von Hresvelg | Animefigurer.se","robots":{"index":"index","follow":"follow","max-snippet":"max-snippet:-1","max-image-preview":"max-image-preview:large","max-video-preview":"max-video-preview:-1"},"canonical":"https:\/\/animefigurer.se\/en\/figurer\/fire-emblem\/fire-emblem-three-houses-edelgard-von-hresvelg\/","og_locale":"en_GB","og_type":"article","og_title":"Fire Emblem: Three Houses Edelgard von Hresvelg","og_description":"Fr\u00e5n Fire Emblem: Three Houses kommer en figur i skala 1\/7 f\u00f6rest\u00e4llande Edelgard von Hresvelg, kejsarinna av det adrestiska imperiet. Figuren \u00e4r baserad p\u00e5 scenen d\u00e4r Edelgard \u00e5terf\u00f6renas med sina forna klasskamrater vid Slaget vid Gronder och f\u00f6rmedlar hennes fasta beslutsamhet att uppn\u00e5 sina idea","og_url":"https:\/\/animefigurer.se\/en\/figurer\/fire-emblem\/fire-emblem-three-houses-edelgard-von-hresvelg\/","og_site_name":"Animefigurer.se","article_publisher":"https:\/\/www.facebook.com\/profile.php?id=61581826539670","article_modified_time":"2025-12-21T18:28:15+00:00","og_image":[{"width":1890,"height":1417,"url":"https:\/\/animefigurer.se\/wp-content\/uploads\/2025\/12\/Animefigurer_logowhite.png","type":"image\/png"}],"twitter_card":"summary_large_image","schema":{"@context":"https:\/\/schema.org","@graph":[{"@type":"WebPage","@id":"https:\/\/animefigurer.se\/figurer\/fire-emblem\/fire-emblem-three-houses-edelgard-von-hresvelg\/","url":"https:\/\/animefigurer.se\/figurer\/fire-emblem\/fire-emblem-three-houses-edelgard-von-hresvelg\/","name":"Fire Emblem: Three Houses Edelgard von Hresvelg | Animefigurer.se","isPartOf":{"@id":"https:\/\/animefigurer.se\/#website"},"primaryImageOfPage":{"@id":"https:\/\/animefigurer.se\/figurer\/fire-emblem\/fire-emblem-three-houses-edelgard-von-hresvelg\/#primaryimage"},"image":{"@id":"https:\/\/animefigurer.se\/figurer\/fire-emblem\/fire-emblem-three-houses-edelgard-von-hresvelg\/#primaryimage"},"thumbnailUrl":"https:\/\/animefigurer.se\/wp-content\/uploads\/2025\/10\/676dbc2cbce09.jpeg","datePublished":"2025-10-20T17:53:40+00:00","dateModified":"2025-12-21T18:28:15+00:00","breadcrumb":{"@id":"https:\/\/animefigurer.se\/figurer\/fire-emblem\/fire-emblem-three-houses-edelgard-von-hresvelg\/#breadcrumb"},"inLanguage":"en-GB","potentialAction":[{"@type":"ReadAction","target":["https:\/\/animefigurer.se\/figurer\/fire-emblem\/fire-emblem-three-houses-edelgard-von-hresvelg\/"]}]},{"@type":"ImageObject","inLanguage":"en-GB","@id":"https:\/\/animefigurer.se\/figurer\/fire-emblem\/fire-emblem-three-houses-edelgard-von-hresvelg\/#primaryimage","url":"https:\/\/animefigurer.se\/wp-content\/uploads\/2025\/10\/676dbc2cbce09.jpeg","contentUrl":"https:\/\/animefigurer.se\/wp-content\/uploads\/2025\/10\/676dbc2cbce09.jpeg","width":720,"height":540},{"@type":"BreadcrumbList","@id":"https:\/\/animefigurer.se\/figurer\/fire-emblem\/fire-emblem-three-houses-edelgard-von-hresvelg\/#breadcrumb","itemListElement":[{"@type":"ListItem","position":1,"name":"Home","item":"https:\/\/animefigurer.se\/"},{"@type":"ListItem","position":2,"name":"Butik","item":"https:\/\/animefigurer.se\/figurer\/"},{"@type":"ListItem","position":3,"name":"Fire Emblem: Three Houses Edelgard von Hresvelg"}]},{"@type":"WebSite","@id":"https:\/\/animefigurer.se\/#website","url":"https:\/\/animefigurer.se\/","name":"Animefigurer.se","description":"Anime figures from over 300 different anime series with over 9000 products | Anime Shop","publisher":{"@id":"https:\/\/animefigurer.se\/#organization"},"potentialAction":[{"@type":"SearchAction","target":{"@type":"EntryPoint","urlTemplate":"https:\/\/animefigurer.se\/?s={search_term_string}"},"query-input":{"@type":"PropertyValueSpecification","valueRequired":true,"valueName":"search_term_string"}}],"inLanguage":"en-GB"},{"@type":"Organization","@id":"https:\/\/animefigurer.se\/#organization","name":"Animefigurer.se","alternateName":"Anime figurer | Anime shop","url":"https:\/\/animefigurer.se\/","logo":{"@type":"ImageObject","inLanguage":"en-GB","@id":"https:\/\/animefigurer.se\/#\/schema\/logo\/image\/","url":"https:\/\/animefigurer.se\/wp-content\/uploads\/2025\/12\/Animefigurer_logowhite.png","contentUrl":"https:\/\/animefigurer.se\/wp-content\/uploads\/2025\/12\/Animefigurer_logowhite.png","width":1890,"height":1417,"caption":"Animefigurer.se"},"image":{"@id":"https:\/\/animefigurer.se\/#\/schema\/logo\/image\/"},"sameAs":["https:\/\/www.facebook.com\/profile.php?id=61581826539670","https:\/\/www.instagram.com\/animefigurer.se\/"],"email":"info@animefigurer.se"}]}},"_links":{"self":[{"href":"https:\/\/animefigurer.se\/en\/wp-json\/wp\/v2\/product\/24636","targetHints":{"allow":["GET"]}}],"collection":[{"href":"https:\/\/animefigurer.se\/en\/wp-json\/wp\/v2\/product"}],"about":[{"href":"https:\/\/animefigurer.se\/en\/wp-json\/wp\/v2\/types\/product"}],"replies":[{"embeddable":true,"href":"https:\/\/animefigurer.se\/en\/wp-json\/wp\/v2\/comments?post=24636"}],"wp:featuredmedia":[{"embeddable":true,"href":"https:\/\/animefigurer.se\/en\/wp-json\/wp\/v2\/media\/24637"}],"wp:attachment":[{"href":"https:\/\/animefigurer.se\/en\/wp-json\/wp\/v2\/media?parent=24636"}],"wp:term":[{"taxonomy":"product_brand","embeddable":true,"href":"https:\/\/animefigurer.se\/en\/wp-json\/wp\/v2\/product_brand?post=24636"},{"taxonomy":"product_cat","embeddable":true,"href":"https:\/\/animefigurer.se\/en\/wp-json\/wp\/v2\/product_cat?post=24636"},{"taxonomy":"product_tag","embeddable":true,"href":"https:\/\/animefigurer.se\/en\/wp-json\/wp\/v2\/product_tag?post=24636"},{"taxonomy":"giftcard-category","embeddable":true,"href":"https:\/\/animefigurer.se\/en\/wp-json\/wp\/v2\/giftcard-category?post=24636"}],"curies":[{"name":"wp","href":"https:\/\/api.w.org\/{rel}","templated":true}]}}