{"id":2340,"date":"2025-10-20T16:29:25","date_gmt":"2025-10-20T14:29:25","guid":{"rendered":"https:\/\/animefigurer.se\/produkt\/18-taimanin-rpgx-pale-mauve-murasaki-yatsu-tanned-ver\/"},"modified":"2025-12-21T19:24:22","modified_gmt":"2025-12-21T18:24:22","slug":"18-taimanin-rpgx-pale-mauve-murasaki-yatsu-tanned-ver","status":"publish","type":"product","link":"https:\/\/animefigurer.se\/en\/figurer\/18\/18-taimanin-rpgx-pale-mauve-murasaki-yatsu-tanned-ver\/","title":{"rendered":"(18+) Taimanin RPGX Pale Mauve Murasaki Yatsu (Tanned Ver.)"},"content":{"rendered":"<p>From the anime series Taimanin Asagi comes this detailed PVC statue of Pale Mauve Murasaki Yatsu (Tanned Ver.). The figure is about 28 cm tall and comes with accessories and base in a window box.<\/p>","protected":false},"excerpt":{"rendered":"<p>From the anime series Taimanin Asagi comes this detailed PVC statue of Pale Mauve Murasaki Yatsu (Tanned Ver.). The figure is about 28 cm tall and comes with accessories and base in a window box.<\/p>","protected":false},"featured_media":2341,"comment_status":"closed","ping_status":"open","template":"","meta":{"_acf_changed":false,"_monsterinsights_skip_tracking":false,"_monsterinsights_sitenote_active":false,"_monsterinsights_sitenote_note":"","_monsterinsights_sitenote_category":0},"product_brand":[7116],"product_cat":[23,7233],"product_tag":[26],"giftcard-category":[],"class_list":{"0":"post-2340","1":"product","2":"type-product","3":"status-publish","4":"has-post-thumbnail","6":"product_brand-q-six","7":"product_cat-23","8":"product_cat-pre-order","9":"product_tag-pre-order","10":"pa_franchise-taimanin-rpgx","11":"pa_karaktar-murasaki-yatsu","12":"pa_material-pvc-abs","13":"pa_skala-57","14":"pa_storlek-28-cm","16":"first","17":"instock","18":"taxable","19":"shipping-taxable","20":"purchasable","21":"product-type-simple"},"acf":[],"yoast_head":"<!-- This site is optimized with the Yoast SEO Premium plugin v24.6 (Yoast SEO v27.3) - https:\/\/yoast.com\/product\/yoast-seo-premium-wordpress\/ -->\n<title>(18+) Taimanin RPGX Pale Mauve Murasaki Yatsu (Tanned Ver.) | Animefigurer.se<\/title>\n<meta name=\"robots\" content=\"index, follow, max-snippet:-1, max-image-preview:large, max-video-preview:-1\" \/>\n<link rel=\"canonical\" href=\"https:\/\/animefigurer.se\/en\/figurer\/18\/18-taimanin-rpgx-pale-mauve-murasaki-yatsu-tanned-ver\/\" \/>\n<meta property=\"og:locale\" content=\"en_GB\" \/>\n<meta property=\"og:type\" content=\"article\" \/>\n<meta property=\"og:title\" content=\"(18+) Taimanin RPGX Pale Mauve Murasaki Yatsu (Tanned Ver.)\" \/>\n<meta property=\"og:description\" content=\"Fr\u00e5n anime-serien Taimanin Asagi kommer denna detaljerade PVC-staty f\u00f6rest\u00e4llande Pale Mauve Murasaki Yatsu (Tanned Ver.). Figuren \u00e4r cirka 28 cm h\u00f6g och levereras med tillbeh\u00f6r och bas i en f\u00f6nsterl\u00e5da.\" \/>\n<meta property=\"og:url\" content=\"https:\/\/animefigurer.se\/en\/figurer\/18\/18-taimanin-rpgx-pale-mauve-murasaki-yatsu-tanned-ver\/\" \/>\n<meta property=\"og:site_name\" content=\"Animefigurer.se\" \/>\n<meta property=\"article:publisher\" content=\"https:\/\/www.facebook.com\/profile.php?id=61581826539670\" \/>\n<meta property=\"article:modified_time\" content=\"2025-12-21T18:24:22+00:00\" \/>\n<meta property=\"og:image\" content=\"https:\/\/animefigurer.se\/wp-content\/uploads\/2025\/12\/Animefigurer_logowhite.png\" \/>\n\t<meta property=\"og:image:width\" content=\"1890\" \/>\n\t<meta property=\"og:image:height\" content=\"1417\" \/>\n\t<meta property=\"og:image:type\" content=\"image\/png\" \/>\n<meta name=\"twitter:card\" content=\"summary_large_image\" \/>\n<script type=\"application\/ld+json\" class=\"yoast-schema-graph\">{\"@context\":\"https:\\\/\\\/schema.org\",\"@graph\":[{\"@type\":\"WebPage\",\"@id\":\"https:\\\/\\\/animefigurer.se\\\/figurer\\\/18\\\/18-taimanin-rpgx-pale-mauve-murasaki-yatsu-tanned-ver\\\/\",\"url\":\"https:\\\/\\\/animefigurer.se\\\/figurer\\\/18\\\/18-taimanin-rpgx-pale-mauve-murasaki-yatsu-tanned-ver\\\/\",\"name\":\"(18+) Taimanin RPGX Pale Mauve Murasaki Yatsu (Tanned Ver.) | Animefigurer.se\",\"isPartOf\":{\"@id\":\"https:\\\/\\\/animefigurer.se\\\/#website\"},\"primaryImageOfPage\":{\"@id\":\"https:\\\/\\\/animefigurer.se\\\/figurer\\\/18\\\/18-taimanin-rpgx-pale-mauve-murasaki-yatsu-tanned-ver\\\/#primaryimage\"},\"image\":{\"@id\":\"https:\\\/\\\/animefigurer.se\\\/figurer\\\/18\\\/18-taimanin-rpgx-pale-mauve-murasaki-yatsu-tanned-ver\\\/#primaryimage\"},\"thumbnailUrl\":\"https:\\\/\\\/animefigurer.se\\\/wp-content\\\/uploads\\\/2025\\\/10\\\/67584f2c12104.jpeg\",\"datePublished\":\"2025-10-20T14:29:25+00:00\",\"dateModified\":\"2025-12-21T18:24:22+00:00\",\"breadcrumb\":{\"@id\":\"https:\\\/\\\/animefigurer.se\\\/figurer\\\/18\\\/18-taimanin-rpgx-pale-mauve-murasaki-yatsu-tanned-ver\\\/#breadcrumb\"},\"inLanguage\":\"en-GB\",\"potentialAction\":[{\"@type\":\"ReadAction\",\"target\":[\"https:\\\/\\\/animefigurer.se\\\/figurer\\\/18\\\/18-taimanin-rpgx-pale-mauve-murasaki-yatsu-tanned-ver\\\/\"]}]},{\"@type\":\"ImageObject\",\"inLanguage\":\"en-GB\",\"@id\":\"https:\\\/\\\/animefigurer.se\\\/figurer\\\/18\\\/18-taimanin-rpgx-pale-mauve-murasaki-yatsu-tanned-ver\\\/#primaryimage\",\"url\":\"https:\\\/\\\/animefigurer.se\\\/wp-content\\\/uploads\\\/2025\\\/10\\\/67584f2c12104.jpeg\",\"contentUrl\":\"https:\\\/\\\/animefigurer.se\\\/wp-content\\\/uploads\\\/2025\\\/10\\\/67584f2c12104.jpeg\",\"width\":720,\"height\":540},{\"@type\":\"BreadcrumbList\",\"@id\":\"https:\\\/\\\/animefigurer.se\\\/figurer\\\/18\\\/18-taimanin-rpgx-pale-mauve-murasaki-yatsu-tanned-ver\\\/#breadcrumb\",\"itemListElement\":[{\"@type\":\"ListItem\",\"position\":1,\"name\":\"Home\",\"item\":\"https:\\\/\\\/animefigurer.se\\\/\"},{\"@type\":\"ListItem\",\"position\":2,\"name\":\"Butik\",\"item\":\"https:\\\/\\\/animefigurer.se\\\/figurer\\\/\"},{\"@type\":\"ListItem\",\"position\":3,\"name\":\"(18+) Taimanin RPGX Pale Mauve Murasaki Yatsu (Tanned Ver.)\"}]},{\"@type\":\"WebSite\",\"@id\":\"https:\\\/\\\/animefigurer.se\\\/#website\",\"url\":\"https:\\\/\\\/animefigurer.se\\\/\",\"name\":\"Animefigurer.se\",\"description\":\"Anime figurer fr\u00e5n \u00f6ver 300 olika anime serier med \u00f6ver 9000 produkter | Anime Shop\",\"publisher\":{\"@id\":\"https:\\\/\\\/animefigurer.se\\\/#organization\"},\"potentialAction\":[{\"@type\":\"SearchAction\",\"target\":{\"@type\":\"EntryPoint\",\"urlTemplate\":\"https:\\\/\\\/animefigurer.se\\\/?s={search_term_string}\"},\"query-input\":{\"@type\":\"PropertyValueSpecification\",\"valueRequired\":true,\"valueName\":\"search_term_string\"}}],\"inLanguage\":\"en-GB\"},{\"@type\":\"Organization\",\"@id\":\"https:\\\/\\\/animefigurer.se\\\/#organization\",\"name\":\"Animefigurer.se\",\"alternateName\":\"Anime figurer | Anime shop\",\"url\":\"https:\\\/\\\/animefigurer.se\\\/\",\"logo\":{\"@type\":\"ImageObject\",\"inLanguage\":\"en-GB\",\"@id\":\"https:\\\/\\\/animefigurer.se\\\/#\\\/schema\\\/logo\\\/image\\\/\",\"url\":\"https:\\\/\\\/animefigurer.se\\\/wp-content\\\/uploads\\\/2025\\\/12\\\/Animefigurer_logowhite.png\",\"contentUrl\":\"https:\\\/\\\/animefigurer.se\\\/wp-content\\\/uploads\\\/2025\\\/12\\\/Animefigurer_logowhite.png\",\"width\":1890,\"height\":1417,\"caption\":\"Animefigurer.se\"},\"image\":{\"@id\":\"https:\\\/\\\/animefigurer.se\\\/#\\\/schema\\\/logo\\\/image\\\/\"},\"sameAs\":[\"https:\\\/\\\/www.facebook.com\\\/profile.php?id=61581826539670\",\"https:\\\/\\\/www.instagram.com\\\/animefigurer.se\\\/\"],\"email\":\"info@animefigurer.se\"}]}<\/script>\n<!-- \/ Yoast SEO Premium plugin. -->","yoast_head_json":{"title":"(18+) Taimanin RPGX Pale Mauve Murasaki Yatsu (Tanned Ver.) | Animefigurer.se","robots":{"index":"index","follow":"follow","max-snippet":"max-snippet:-1","max-image-preview":"max-image-preview:large","max-video-preview":"max-video-preview:-1"},"canonical":"https:\/\/animefigurer.se\/en\/figurer\/18\/18-taimanin-rpgx-pale-mauve-murasaki-yatsu-tanned-ver\/","og_locale":"en_GB","og_type":"article","og_title":"(18+) Taimanin RPGX Pale Mauve Murasaki Yatsu (Tanned Ver.)","og_description":"Fr\u00e5n anime-serien Taimanin Asagi kommer denna detaljerade PVC-staty f\u00f6rest\u00e4llande Pale Mauve Murasaki Yatsu (Tanned Ver.). Figuren \u00e4r cirka 28 cm h\u00f6g och levereras med tillbeh\u00f6r och bas i en f\u00f6nsterl\u00e5da.","og_url":"https:\/\/animefigurer.se\/en\/figurer\/18\/18-taimanin-rpgx-pale-mauve-murasaki-yatsu-tanned-ver\/","og_site_name":"Animefigurer.se","article_publisher":"https:\/\/www.facebook.com\/profile.php?id=61581826539670","article_modified_time":"2025-12-21T18:24:22+00:00","og_image":[{"width":1890,"height":1417,"url":"https:\/\/animefigurer.se\/wp-content\/uploads\/2025\/12\/Animefigurer_logowhite.png","type":"image\/png"}],"twitter_card":"summary_large_image","schema":{"@context":"https:\/\/schema.org","@graph":[{"@type":"WebPage","@id":"https:\/\/animefigurer.se\/figurer\/18\/18-taimanin-rpgx-pale-mauve-murasaki-yatsu-tanned-ver\/","url":"https:\/\/animefigurer.se\/figurer\/18\/18-taimanin-rpgx-pale-mauve-murasaki-yatsu-tanned-ver\/","name":"(18+) Taimanin RPGX Pale Mauve Murasaki Yatsu (Tanned Ver.) | Animefigurer.se","isPartOf":{"@id":"https:\/\/animefigurer.se\/#website"},"primaryImageOfPage":{"@id":"https:\/\/animefigurer.se\/figurer\/18\/18-taimanin-rpgx-pale-mauve-murasaki-yatsu-tanned-ver\/#primaryimage"},"image":{"@id":"https:\/\/animefigurer.se\/figurer\/18\/18-taimanin-rpgx-pale-mauve-murasaki-yatsu-tanned-ver\/#primaryimage"},"thumbnailUrl":"https:\/\/animefigurer.se\/wp-content\/uploads\/2025\/10\/67584f2c12104.jpeg","datePublished":"2025-10-20T14:29:25+00:00","dateModified":"2025-12-21T18:24:22+00:00","breadcrumb":{"@id":"https:\/\/animefigurer.se\/figurer\/18\/18-taimanin-rpgx-pale-mauve-murasaki-yatsu-tanned-ver\/#breadcrumb"},"inLanguage":"en-GB","potentialAction":[{"@type":"ReadAction","target":["https:\/\/animefigurer.se\/figurer\/18\/18-taimanin-rpgx-pale-mauve-murasaki-yatsu-tanned-ver\/"]}]},{"@type":"ImageObject","inLanguage":"en-GB","@id":"https:\/\/animefigurer.se\/figurer\/18\/18-taimanin-rpgx-pale-mauve-murasaki-yatsu-tanned-ver\/#primaryimage","url":"https:\/\/animefigurer.se\/wp-content\/uploads\/2025\/10\/67584f2c12104.jpeg","contentUrl":"https:\/\/animefigurer.se\/wp-content\/uploads\/2025\/10\/67584f2c12104.jpeg","width":720,"height":540},{"@type":"BreadcrumbList","@id":"https:\/\/animefigurer.se\/figurer\/18\/18-taimanin-rpgx-pale-mauve-murasaki-yatsu-tanned-ver\/#breadcrumb","itemListElement":[{"@type":"ListItem","position":1,"name":"Home","item":"https:\/\/animefigurer.se\/"},{"@type":"ListItem","position":2,"name":"Butik","item":"https:\/\/animefigurer.se\/figurer\/"},{"@type":"ListItem","position":3,"name":"(18+) Taimanin RPGX Pale Mauve Murasaki Yatsu (Tanned Ver.)"}]},{"@type":"WebSite","@id":"https:\/\/animefigurer.se\/#website","url":"https:\/\/animefigurer.se\/","name":"Animefigurer.se","description":"Anime figures from over 300 different anime series with over 9000 products | Anime Shop","publisher":{"@id":"https:\/\/animefigurer.se\/#organization"},"potentialAction":[{"@type":"SearchAction","target":{"@type":"EntryPoint","urlTemplate":"https:\/\/animefigurer.se\/?s={search_term_string}"},"query-input":{"@type":"PropertyValueSpecification","valueRequired":true,"valueName":"search_term_string"}}],"inLanguage":"en-GB"},{"@type":"Organization","@id":"https:\/\/animefigurer.se\/#organization","name":"Animefigurer.se","alternateName":"Anime figurer | Anime shop","url":"https:\/\/animefigurer.se\/","logo":{"@type":"ImageObject","inLanguage":"en-GB","@id":"https:\/\/animefigurer.se\/#\/schema\/logo\/image\/","url":"https:\/\/animefigurer.se\/wp-content\/uploads\/2025\/12\/Animefigurer_logowhite.png","contentUrl":"https:\/\/animefigurer.se\/wp-content\/uploads\/2025\/12\/Animefigurer_logowhite.png","width":1890,"height":1417,"caption":"Animefigurer.se"},"image":{"@id":"https:\/\/animefigurer.se\/#\/schema\/logo\/image\/"},"sameAs":["https:\/\/www.facebook.com\/profile.php?id=61581826539670","https:\/\/www.instagram.com\/animefigurer.se\/"],"email":"info@animefigurer.se"}]}},"_links":{"self":[{"href":"https:\/\/animefigurer.se\/en\/wp-json\/wp\/v2\/product\/2340","targetHints":{"allow":["GET"]}}],"collection":[{"href":"https:\/\/animefigurer.se\/en\/wp-json\/wp\/v2\/product"}],"about":[{"href":"https:\/\/animefigurer.se\/en\/wp-json\/wp\/v2\/types\/product"}],"replies":[{"embeddable":true,"href":"https:\/\/animefigurer.se\/en\/wp-json\/wp\/v2\/comments?post=2340"}],"wp:featuredmedia":[{"embeddable":true,"href":"https:\/\/animefigurer.se\/en\/wp-json\/wp\/v2\/media\/2341"}],"wp:attachment":[{"href":"https:\/\/animefigurer.se\/en\/wp-json\/wp\/v2\/media?parent=2340"}],"wp:term":[{"taxonomy":"product_brand","embeddable":true,"href":"https:\/\/animefigurer.se\/en\/wp-json\/wp\/v2\/product_brand?post=2340"},{"taxonomy":"product_cat","embeddable":true,"href":"https:\/\/animefigurer.se\/en\/wp-json\/wp\/v2\/product_cat?post=2340"},{"taxonomy":"product_tag","embeddable":true,"href":"https:\/\/animefigurer.se\/en\/wp-json\/wp\/v2\/product_tag?post=2340"},{"taxonomy":"giftcard-category","embeddable":true,"href":"https:\/\/animefigurer.se\/en\/wp-json\/wp\/v2\/giftcard-category?post=2340"}],"curies":[{"name":"wp","href":"https:\/\/api.w.org\/{rel}","templated":true}]}}