{"id":23186,"date":"2025-10-20T19:45:57","date_gmt":"2025-10-20T17:45:57","guid":{"rendered":"https:\/\/animefigurer.se\/produkt\/fang-of-the-sun-dougram-combat-armors-max-31-1-72-scale-soltic-h8-roundfacer-korchima-spl-ver-gt-model-kit\/"},"modified":"2025-12-21T19:27:58","modified_gmt":"2025-12-21T18:27:58","slug":"fang-of-the-sun-dougram-combat-armors-max-31-1-72-scale-soltic-h8-roundfacer-korchima-spl-ver-gt-model-kit","status":"publish","type":"product","link":"https:\/\/animefigurer.se\/en\/figurer\/fang-of-the-sun-dougram\/fang-of-the-sun-dougram-combat-armors-max-31-1-72-scale-soltic-h8-roundfacer-korchima-spl-ver-gt-model-kit\/","title":{"rendered":"Fang of the Sun Dougram Combat Armors MAX 31 1\/72 Scale Soltic H8 Roundfacer Korchima Spl Ver. GT Model Kit"},"content":{"rendered":"<p>From the Fang of the Sun Dougram series, a 1\/72 scale plastic model of Korchima Spl, a custom version of Roundfacer, is presented.<\/p>\n<p>\u2013 The parts are color-coded for easy reproduction without extensive painting.<br \/>\n\u2013 The set includes Korchima Specials weapons: Hand Linear Gun and Turbozack.<br \/>\n\u2013 Transparent parts represent the canopy and the window frame are delivered separately.<br \/>\n\u2013 Snap-on connectors are used for easy assembly without glue.<br \/>\n\u2013 Decals for water application included.<\/p>\n<p>* The kit contains parts to recreate COMBAT ARMORS MAX 31: 1\/72 Scale Soltic H8 Roundfacer Korchima Spl Ver. GT.<\/p>","protected":false},"excerpt":{"rendered":"<p>From the Fang of the Sun Dougram series, a 1\/72 scale plastic model of Korchima Spl, a custom version of Roundfacer, is presented.<\/p>\n<p>\u2013 The parts are color-coded for easy reproduction without extensive painting.<br \/>\n\u2013 The set includes Korchima Specials weapons: Hand Linear Gun and Turbozack.<br \/>\n\u2013 Transparent d<\/p>","protected":false},"featured_media":23187,"comment_status":"closed","ping_status":"open","template":"","meta":{"_acf_changed":false,"_monsterinsights_skip_tracking":false,"_monsterinsights_sitenote_active":false,"_monsterinsights_sitenote_note":"","_monsterinsights_sitenote_category":0},"product_brand":[7055],"product_cat":[2109,7233],"product_tag":[26],"giftcard-category":[],"class_list":{"0":"post-23186","1":"product","2":"type-product","3":"status-publish","4":"has-post-thumbnail","6":"product_brand-max-factory","7":"product_cat-fang-of-the-sun-dougram","8":"product_cat-pre-order","9":"product_tag-pre-order","10":"pa_franchise-fang-of-the-sun-dougram","11":"pa_material-plastic","12":"pa_skala-566","13":"pa_storlek-14-cm","14":"pa_typ-plastic-model-kit","16":"first","17":"instock","18":"taxable","19":"shipping-taxable","20":"purchasable","21":"product-type-simple"},"acf":[],"yoast_head":"<!-- This site is optimized with the Yoast SEO Premium plugin v24.6 (Yoast SEO v27.3) - https:\/\/yoast.com\/product\/yoast-seo-premium-wordpress\/ -->\n<title>Fang of the Sun Dougram Combat Armors MAX 31 1\/72 Scale Soltic H8 Roundfacer Korchima Spl Ver. GT Model Kit | Animefigurer.se<\/title>\n<meta name=\"robots\" content=\"index, follow, max-snippet:-1, max-image-preview:large, max-video-preview:-1\" \/>\n<link rel=\"canonical\" href=\"https:\/\/animefigurer.se\/en\/figurer\/fang-of-the-sun-dougram\/fang-of-the-sun-dougram-combat-armors-max-31-1-72-scale-soltic-h8-roundfacer-korchima-spl-ver-gt-model-kit\/\" \/>\n<meta property=\"og:locale\" content=\"en_GB\" \/>\n<meta property=\"og:type\" content=\"article\" \/>\n<meta property=\"og:title\" content=\"Fang of the Sun Dougram Combat Armors MAX 31 1\/72 Scale Soltic H8 Roundfacer Korchima Spl Ver. GT Model Kit\" \/>\n<meta property=\"og:description\" content=\"Fr\u00e5n serien Fang of the Sun Dougram presenteras en plastmodell i skala 1\/72 av Korchima Spl, en specialanpassad version av Roundfacer. - Delarna \u00e4r f\u00e4rgdelade f\u00f6r enkel \u00e5tergivning utan omfattande m\u00e5lning. - Satsen inkluderar Korchima Specials-vapen: Hand Linear Gun och Turbozack. - Genomskinliga d\" \/>\n<meta property=\"og:url\" content=\"https:\/\/animefigurer.se\/en\/figurer\/fang-of-the-sun-dougram\/fang-of-the-sun-dougram-combat-armors-max-31-1-72-scale-soltic-h8-roundfacer-korchima-spl-ver-gt-model-kit\/\" \/>\n<meta property=\"og:site_name\" content=\"Animefigurer.se\" \/>\n<meta property=\"article:publisher\" content=\"https:\/\/www.facebook.com\/profile.php?id=61581826539670\" \/>\n<meta property=\"article:modified_time\" content=\"2025-12-21T18:27:58+00:00\" \/>\n<meta property=\"og:image\" content=\"https:\/\/animefigurer.se\/wp-content\/uploads\/2025\/12\/Animefigurer_logowhite.png\" \/>\n\t<meta property=\"og:image:width\" content=\"1890\" \/>\n\t<meta property=\"og:image:height\" content=\"1417\" \/>\n\t<meta property=\"og:image:type\" content=\"image\/png\" \/>\n<meta name=\"twitter:card\" content=\"summary_large_image\" \/>\n<script type=\"application\/ld+json\" class=\"yoast-schema-graph\">{\"@context\":\"https:\\\/\\\/schema.org\",\"@graph\":[{\"@type\":\"WebPage\",\"@id\":\"https:\\\/\\\/animefigurer.se\\\/figurer\\\/fang-of-the-sun-dougram\\\/fang-of-the-sun-dougram-combat-armors-max-31-1-72-scale-soltic-h8-roundfacer-korchima-spl-ver-gt-model-kit\\\/\",\"url\":\"https:\\\/\\\/animefigurer.se\\\/figurer\\\/fang-of-the-sun-dougram\\\/fang-of-the-sun-dougram-combat-armors-max-31-1-72-scale-soltic-h8-roundfacer-korchima-spl-ver-gt-model-kit\\\/\",\"name\":\"Fang of the Sun Dougram Combat Armors MAX 31 1\\\/72 Scale Soltic H8 Roundfacer Korchima Spl Ver. GT Model Kit | Animefigurer.se\",\"isPartOf\":{\"@id\":\"https:\\\/\\\/animefigurer.se\\\/#website\"},\"primaryImageOfPage\":{\"@id\":\"https:\\\/\\\/animefigurer.se\\\/figurer\\\/fang-of-the-sun-dougram\\\/fang-of-the-sun-dougram-combat-armors-max-31-1-72-scale-soltic-h8-roundfacer-korchima-spl-ver-gt-model-kit\\\/#primaryimage\"},\"image\":{\"@id\":\"https:\\\/\\\/animefigurer.se\\\/figurer\\\/fang-of-the-sun-dougram\\\/fang-of-the-sun-dougram-combat-armors-max-31-1-72-scale-soltic-h8-roundfacer-korchima-spl-ver-gt-model-kit\\\/#primaryimage\"},\"thumbnailUrl\":\"https:\\\/\\\/animefigurer.se\\\/wp-content\\\/uploads\\\/2025\\\/10\\\/68251872aec8f.jpeg\",\"datePublished\":\"2025-10-20T17:45:57+00:00\",\"dateModified\":\"2025-12-21T18:27:58+00:00\",\"breadcrumb\":{\"@id\":\"https:\\\/\\\/animefigurer.se\\\/figurer\\\/fang-of-the-sun-dougram\\\/fang-of-the-sun-dougram-combat-armors-max-31-1-72-scale-soltic-h8-roundfacer-korchima-spl-ver-gt-model-kit\\\/#breadcrumb\"},\"inLanguage\":\"en-GB\",\"potentialAction\":[{\"@type\":\"ReadAction\",\"target\":[\"https:\\\/\\\/animefigurer.se\\\/figurer\\\/fang-of-the-sun-dougram\\\/fang-of-the-sun-dougram-combat-armors-max-31-1-72-scale-soltic-h8-roundfacer-korchima-spl-ver-gt-model-kit\\\/\"]}]},{\"@type\":\"ImageObject\",\"inLanguage\":\"en-GB\",\"@id\":\"https:\\\/\\\/animefigurer.se\\\/figurer\\\/fang-of-the-sun-dougram\\\/fang-of-the-sun-dougram-combat-armors-max-31-1-72-scale-soltic-h8-roundfacer-korchima-spl-ver-gt-model-kit\\\/#primaryimage\",\"url\":\"https:\\\/\\\/animefigurer.se\\\/wp-content\\\/uploads\\\/2025\\\/10\\\/68251872aec8f.jpeg\",\"contentUrl\":\"https:\\\/\\\/animefigurer.se\\\/wp-content\\\/uploads\\\/2025\\\/10\\\/68251872aec8f.jpeg\",\"width\":720,\"height\":540},{\"@type\":\"BreadcrumbList\",\"@id\":\"https:\\\/\\\/animefigurer.se\\\/figurer\\\/fang-of-the-sun-dougram\\\/fang-of-the-sun-dougram-combat-armors-max-31-1-72-scale-soltic-h8-roundfacer-korchima-spl-ver-gt-model-kit\\\/#breadcrumb\",\"itemListElement\":[{\"@type\":\"ListItem\",\"position\":1,\"name\":\"Home\",\"item\":\"https:\\\/\\\/animefigurer.se\\\/\"},{\"@type\":\"ListItem\",\"position\":2,\"name\":\"Butik\",\"item\":\"https:\\\/\\\/animefigurer.se\\\/figurer\\\/\"},{\"@type\":\"ListItem\",\"position\":3,\"name\":\"Fang of the Sun Dougram Combat Armors MAX 31 1\\\/72 Scale Soltic H8 Roundfacer Korchima Spl Ver. GT Model Kit\"}]},{\"@type\":\"WebSite\",\"@id\":\"https:\\\/\\\/animefigurer.se\\\/#website\",\"url\":\"https:\\\/\\\/animefigurer.se\\\/\",\"name\":\"Animefigurer.se\",\"description\":\"Anime figurer fr\u00e5n \u00f6ver 300 olika anime serier med \u00f6ver 9000 produkter | Anime Shop\",\"publisher\":{\"@id\":\"https:\\\/\\\/animefigurer.se\\\/#organization\"},\"potentialAction\":[{\"@type\":\"SearchAction\",\"target\":{\"@type\":\"EntryPoint\",\"urlTemplate\":\"https:\\\/\\\/animefigurer.se\\\/?s={search_term_string}\"},\"query-input\":{\"@type\":\"PropertyValueSpecification\",\"valueRequired\":true,\"valueName\":\"search_term_string\"}}],\"inLanguage\":\"en-GB\"},{\"@type\":\"Organization\",\"@id\":\"https:\\\/\\\/animefigurer.se\\\/#organization\",\"name\":\"Animefigurer.se\",\"alternateName\":\"Anime figurer | Anime shop\",\"url\":\"https:\\\/\\\/animefigurer.se\\\/\",\"logo\":{\"@type\":\"ImageObject\",\"inLanguage\":\"en-GB\",\"@id\":\"https:\\\/\\\/animefigurer.se\\\/#\\\/schema\\\/logo\\\/image\\\/\",\"url\":\"https:\\\/\\\/animefigurer.se\\\/wp-content\\\/uploads\\\/2025\\\/12\\\/Animefigurer_logowhite.png\",\"contentUrl\":\"https:\\\/\\\/animefigurer.se\\\/wp-content\\\/uploads\\\/2025\\\/12\\\/Animefigurer_logowhite.png\",\"width\":1890,\"height\":1417,\"caption\":\"Animefigurer.se\"},\"image\":{\"@id\":\"https:\\\/\\\/animefigurer.se\\\/#\\\/schema\\\/logo\\\/image\\\/\"},\"sameAs\":[\"https:\\\/\\\/www.facebook.com\\\/profile.php?id=61581826539670\",\"https:\\\/\\\/www.instagram.com\\\/animefigurer.se\\\/\"],\"email\":\"info@animefigurer.se\"}]}<\/script>\n<!-- \/ Yoast SEO Premium plugin. -->","yoast_head_json":{"title":"Fang of the Sun Dougram Combat Armors MAX 31 1\/72 Scale Soltic H8 Roundfacer Korchima Spl Ver. GT Model Kit | Animefigurer.se","robots":{"index":"index","follow":"follow","max-snippet":"max-snippet:-1","max-image-preview":"max-image-preview:large","max-video-preview":"max-video-preview:-1"},"canonical":"https:\/\/animefigurer.se\/en\/figurer\/fang-of-the-sun-dougram\/fang-of-the-sun-dougram-combat-armors-max-31-1-72-scale-soltic-h8-roundfacer-korchima-spl-ver-gt-model-kit\/","og_locale":"en_GB","og_type":"article","og_title":"Fang of the Sun Dougram Combat Armors MAX 31 1\/72 Scale Soltic H8 Roundfacer Korchima Spl Ver. GT Model Kit","og_description":"Fr\u00e5n serien Fang of the Sun Dougram presenteras en plastmodell i skala 1\/72 av Korchima Spl, en specialanpassad version av Roundfacer. - Delarna \u00e4r f\u00e4rgdelade f\u00f6r enkel \u00e5tergivning utan omfattande m\u00e5lning. - Satsen inkluderar Korchima Specials-vapen: Hand Linear Gun och Turbozack. - Genomskinliga d","og_url":"https:\/\/animefigurer.se\/en\/figurer\/fang-of-the-sun-dougram\/fang-of-the-sun-dougram-combat-armors-max-31-1-72-scale-soltic-h8-roundfacer-korchima-spl-ver-gt-model-kit\/","og_site_name":"Animefigurer.se","article_publisher":"https:\/\/www.facebook.com\/profile.php?id=61581826539670","article_modified_time":"2025-12-21T18:27:58+00:00","og_image":[{"width":1890,"height":1417,"url":"https:\/\/animefigurer.se\/wp-content\/uploads\/2025\/12\/Animefigurer_logowhite.png","type":"image\/png"}],"twitter_card":"summary_large_image","schema":{"@context":"https:\/\/schema.org","@graph":[{"@type":"WebPage","@id":"https:\/\/animefigurer.se\/figurer\/fang-of-the-sun-dougram\/fang-of-the-sun-dougram-combat-armors-max-31-1-72-scale-soltic-h8-roundfacer-korchima-spl-ver-gt-model-kit\/","url":"https:\/\/animefigurer.se\/figurer\/fang-of-the-sun-dougram\/fang-of-the-sun-dougram-combat-armors-max-31-1-72-scale-soltic-h8-roundfacer-korchima-spl-ver-gt-model-kit\/","name":"Fang of the Sun Dougram Combat Armors MAX 31 1\/72 Scale Soltic H8 Roundfacer Korchima Spl Ver. GT Model Kit | Animefigurer.se","isPartOf":{"@id":"https:\/\/animefigurer.se\/#website"},"primaryImageOfPage":{"@id":"https:\/\/animefigurer.se\/figurer\/fang-of-the-sun-dougram\/fang-of-the-sun-dougram-combat-armors-max-31-1-72-scale-soltic-h8-roundfacer-korchima-spl-ver-gt-model-kit\/#primaryimage"},"image":{"@id":"https:\/\/animefigurer.se\/figurer\/fang-of-the-sun-dougram\/fang-of-the-sun-dougram-combat-armors-max-31-1-72-scale-soltic-h8-roundfacer-korchima-spl-ver-gt-model-kit\/#primaryimage"},"thumbnailUrl":"https:\/\/animefigurer.se\/wp-content\/uploads\/2025\/10\/68251872aec8f.jpeg","datePublished":"2025-10-20T17:45:57+00:00","dateModified":"2025-12-21T18:27:58+00:00","breadcrumb":{"@id":"https:\/\/animefigurer.se\/figurer\/fang-of-the-sun-dougram\/fang-of-the-sun-dougram-combat-armors-max-31-1-72-scale-soltic-h8-roundfacer-korchima-spl-ver-gt-model-kit\/#breadcrumb"},"inLanguage":"en-GB","potentialAction":[{"@type":"ReadAction","target":["https:\/\/animefigurer.se\/figurer\/fang-of-the-sun-dougram\/fang-of-the-sun-dougram-combat-armors-max-31-1-72-scale-soltic-h8-roundfacer-korchima-spl-ver-gt-model-kit\/"]}]},{"@type":"ImageObject","inLanguage":"en-GB","@id":"https:\/\/animefigurer.se\/figurer\/fang-of-the-sun-dougram\/fang-of-the-sun-dougram-combat-armors-max-31-1-72-scale-soltic-h8-roundfacer-korchima-spl-ver-gt-model-kit\/#primaryimage","url":"https:\/\/animefigurer.se\/wp-content\/uploads\/2025\/10\/68251872aec8f.jpeg","contentUrl":"https:\/\/animefigurer.se\/wp-content\/uploads\/2025\/10\/68251872aec8f.jpeg","width":720,"height":540},{"@type":"BreadcrumbList","@id":"https:\/\/animefigurer.se\/figurer\/fang-of-the-sun-dougram\/fang-of-the-sun-dougram-combat-armors-max-31-1-72-scale-soltic-h8-roundfacer-korchima-spl-ver-gt-model-kit\/#breadcrumb","itemListElement":[{"@type":"ListItem","position":1,"name":"Home","item":"https:\/\/animefigurer.se\/"},{"@type":"ListItem","position":2,"name":"Butik","item":"https:\/\/animefigurer.se\/figurer\/"},{"@type":"ListItem","position":3,"name":"Fang of the Sun Dougram Combat Armors MAX 31 1\/72 Scale Soltic H8 Roundfacer Korchima Spl Ver. GT Model Kit"}]},{"@type":"WebSite","@id":"https:\/\/animefigurer.se\/#website","url":"https:\/\/animefigurer.se\/","name":"Animefigurer.se","description":"Anime figures from over 300 different anime series with over 9000 products | Anime Shop","publisher":{"@id":"https:\/\/animefigurer.se\/#organization"},"potentialAction":[{"@type":"SearchAction","target":{"@type":"EntryPoint","urlTemplate":"https:\/\/animefigurer.se\/?s={search_term_string}"},"query-input":{"@type":"PropertyValueSpecification","valueRequired":true,"valueName":"search_term_string"}}],"inLanguage":"en-GB"},{"@type":"Organization","@id":"https:\/\/animefigurer.se\/#organization","name":"Animefigurer.se","alternateName":"Anime figurer | Anime shop","url":"https:\/\/animefigurer.se\/","logo":{"@type":"ImageObject","inLanguage":"en-GB","@id":"https:\/\/animefigurer.se\/#\/schema\/logo\/image\/","url":"https:\/\/animefigurer.se\/wp-content\/uploads\/2025\/12\/Animefigurer_logowhite.png","contentUrl":"https:\/\/animefigurer.se\/wp-content\/uploads\/2025\/12\/Animefigurer_logowhite.png","width":1890,"height":1417,"caption":"Animefigurer.se"},"image":{"@id":"https:\/\/animefigurer.se\/#\/schema\/logo\/image\/"},"sameAs":["https:\/\/www.facebook.com\/profile.php?id=61581826539670","https:\/\/www.instagram.com\/animefigurer.se\/"],"email":"info@animefigurer.se"}]}},"_links":{"self":[{"href":"https:\/\/animefigurer.se\/en\/wp-json\/wp\/v2\/product\/23186","targetHints":{"allow":["GET"]}}],"collection":[{"href":"https:\/\/animefigurer.se\/en\/wp-json\/wp\/v2\/product"}],"about":[{"href":"https:\/\/animefigurer.se\/en\/wp-json\/wp\/v2\/types\/product"}],"replies":[{"embeddable":true,"href":"https:\/\/animefigurer.se\/en\/wp-json\/wp\/v2\/comments?post=23186"}],"wp:featuredmedia":[{"embeddable":true,"href":"https:\/\/animefigurer.se\/en\/wp-json\/wp\/v2\/media\/23187"}],"wp:attachment":[{"href":"https:\/\/animefigurer.se\/en\/wp-json\/wp\/v2\/media?parent=23186"}],"wp:term":[{"taxonomy":"product_brand","embeddable":true,"href":"https:\/\/animefigurer.se\/en\/wp-json\/wp\/v2\/product_brand?post=23186"},{"taxonomy":"product_cat","embeddable":true,"href":"https:\/\/animefigurer.se\/en\/wp-json\/wp\/v2\/product_cat?post=23186"},{"taxonomy":"product_tag","embeddable":true,"href":"https:\/\/animefigurer.se\/en\/wp-json\/wp\/v2\/product_tag?post=23186"},{"taxonomy":"giftcard-category","embeddable":true,"href":"https:\/\/animefigurer.se\/en\/wp-json\/wp\/v2\/giftcard-category?post=23186"}],"curies":[{"name":"wp","href":"https:\/\/api.w.org\/{rel}","templated":true}]}}