{"id":22592,"date":"2025-10-20T19:42:42","date_gmt":"2025-10-20T17:42:42","guid":{"rendered":"https:\/\/animefigurer.se\/produkt\/rebuild-of-evangelion-metal-build-evangelion-01-test-type-01-30th-with-the-spear-of-gaius-action-figure\/"},"modified":"2025-12-21T19:27:53","modified_gmt":"2025-12-21T18:27:53","slug":"rebuild-of-evangelion-metal-build-evangelion-01-test-type-01-30th-with-the-spear-of-gaius-action-figure","status":"publish","type":"product","link":"https:\/\/animefigurer.se\/en\/figurer\/evangelion\/rebuild-of-evangelion-metal-build-evangelion-01-test-type-01-30th-with-the-spear-of-gaius-action-figure\/","title":{"rendered":"Rebuild of Evangelion Metal Build Evangelion 01 Test Type 01 (30th with the Spear of Gaius) Action Figure"},"content":{"rendered":"<p>A special edition to celebrate the 30th anniversary of the Evangelion series. METAL BUILD Evangelion 01 Test Type 01 comes with the Spear of Gaius in a new model with a total length of over 370mm, expressed with METAL BUILD&#039;s characteristic shape and textures, including transparent parts. The special black base is molded and adorned with the anniversary logo in holographic foil. Comes with new left and right hands to hold the spear and an additional joint to show the spear floating in the air.<\/p>\n<p>Note: The main body and weapons are the same as in the METAL BUILD Evangelion Test Type-01 released in February 2019.<\/p>","protected":false},"excerpt":{"rendered":"<p>A special edition to celebrate the 30th anniversary of the Evangelion series. METAL BUILD Evangelion 01 Test Type 01 comes with the Spear of Gaius in a new model with a total length of over 370mm, expressed with METAL BUILD&#039;s characteristic shape and textures, including transparent parts. The black special base is made of<\/p>","protected":false},"featured_media":22593,"comment_status":"closed","ping_status":"open","template":"","meta":{"_acf_changed":false,"_monsterinsights_skip_tracking":false,"_monsterinsights_sitenote_active":false,"_monsterinsights_sitenote_note":"","_monsterinsights_sitenote_category":0},"product_brand":[6927],"product_cat":[2026,7233],"product_tag":[26],"giftcard-category":[],"class_list":{"0":"post-22592","1":"product","2":"type-product","3":"status-publish","4":"has-post-thumbnail","6":"product_brand-bandai-tamashii-nations","7":"product_cat-evangelion","8":"product_cat-pre-order","9":"product_tag-pre-order","10":"pa_franchise-rebuild-of-evangelion","11":"pa_karaktar-evangelion-01","12":"pa_material-abs-pvc-and-diecast","13":"pa_produktserie-metal-build","14":"pa_storlek-22-cm","16":"first","17":"instock","18":"taxable","19":"shipping-taxable","20":"purchasable","21":"product-type-simple"},"acf":[],"yoast_head":"<!-- This site is optimized with the Yoast SEO Premium plugin v24.6 (Yoast SEO v27.3) - https:\/\/yoast.com\/product\/yoast-seo-premium-wordpress\/ -->\n<title>Rebuild of Evangelion Metal Build Evangelion 01 Test Type 01 (30th with the Spear of Gaius) Action Figure | Animefigurer.se<\/title>\n<meta name=\"robots\" content=\"index, follow, max-snippet:-1, max-image-preview:large, max-video-preview:-1\" \/>\n<link rel=\"canonical\" href=\"https:\/\/animefigurer.se\/en\/figurer\/evangelion\/rebuild-of-evangelion-metal-build-evangelion-01-test-type-01-30th-with-the-spear-of-gaius-action-figure\/\" \/>\n<meta property=\"og:locale\" content=\"en_GB\" \/>\n<meta property=\"og:type\" content=\"article\" \/>\n<meta property=\"og:title\" content=\"Rebuild of Evangelion Metal Build Evangelion 01 Test Type 01 (30th with the Spear of Gaius) Action Figure\" \/>\n<meta property=\"og:description\" content=\"En specialutg\u00e5va f\u00f6r att fira 30-\u00e5rsjubileet av Evangelion-serien. METAL BUILD Evangelion 01 Test Type 01 kommer med Spear of Gaius i en ny modell med total l\u00e4ngd \u00f6ver 370 mm, uttryckt med METAL BUILD:s karakteristiska form och strukturer, inklusive genomskinliga delar. Den svarta specialbasen \u00e4r gj\" \/>\n<meta property=\"og:url\" content=\"https:\/\/animefigurer.se\/en\/figurer\/evangelion\/rebuild-of-evangelion-metal-build-evangelion-01-test-type-01-30th-with-the-spear-of-gaius-action-figure\/\" \/>\n<meta property=\"og:site_name\" content=\"Animefigurer.se\" \/>\n<meta property=\"article:publisher\" content=\"https:\/\/www.facebook.com\/profile.php?id=61581826539670\" \/>\n<meta property=\"article:modified_time\" content=\"2025-12-21T18:27:53+00:00\" \/>\n<meta property=\"og:image\" content=\"https:\/\/animefigurer.se\/wp-content\/uploads\/2025\/12\/Animefigurer_logowhite.png\" \/>\n\t<meta property=\"og:image:width\" content=\"1890\" \/>\n\t<meta property=\"og:image:height\" content=\"1417\" \/>\n\t<meta property=\"og:image:type\" content=\"image\/png\" \/>\n<meta name=\"twitter:card\" content=\"summary_large_image\" \/>\n<meta name=\"twitter:label1\" content=\"Estimated reading time\" \/>\n\t<meta name=\"twitter:data1\" content=\"1 minute\" \/>\n<script type=\"application\/ld+json\" class=\"yoast-schema-graph\">{\"@context\":\"https:\\\/\\\/schema.org\",\"@graph\":[{\"@type\":\"WebPage\",\"@id\":\"https:\\\/\\\/animefigurer.se\\\/en\\\/figurer\\\/evangelion\\\/rebuild-of-evangelion-metal-build-evangelion-01-test-type-01-30th-with-the-spear-of-gaius-action-figure\\\/\",\"url\":\"https:\\\/\\\/animefigurer.se\\\/en\\\/figurer\\\/evangelion\\\/rebuild-of-evangelion-metal-build-evangelion-01-test-type-01-30th-with-the-spear-of-gaius-action-figure\\\/\",\"name\":\"Rebuild of Evangelion Metal Build Evangelion 01 Test Type 01 (30th with the Spear of Gaius) Action Figure | Animefigurer.se\",\"isPartOf\":{\"@id\":\"https:\\\/\\\/animefigurer.se\\\/#website\"},\"primaryImageOfPage\":{\"@id\":\"https:\\\/\\\/animefigurer.se\\\/en\\\/figurer\\\/evangelion\\\/rebuild-of-evangelion-metal-build-evangelion-01-test-type-01-30th-with-the-spear-of-gaius-action-figure\\\/#primaryimage\"},\"image\":{\"@id\":\"https:\\\/\\\/animefigurer.se\\\/en\\\/figurer\\\/evangelion\\\/rebuild-of-evangelion-metal-build-evangelion-01-test-type-01-30th-with-the-spear-of-gaius-action-figure\\\/#primaryimage\"},\"thumbnailUrl\":\"https:\\\/\\\/animefigurer.se\\\/wp-content\\\/uploads\\\/2025\\\/10\\\/6865239e54e2a.jpeg\",\"datePublished\":\"2025-10-20T17:42:42+00:00\",\"dateModified\":\"2025-12-21T18:27:53+00:00\",\"breadcrumb\":{\"@id\":\"https:\\\/\\\/animefigurer.se\\\/en\\\/figurer\\\/evangelion\\\/rebuild-of-evangelion-metal-build-evangelion-01-test-type-01-30th-with-the-spear-of-gaius-action-figure\\\/#breadcrumb\"},\"inLanguage\":\"en-GB\",\"potentialAction\":[{\"@type\":\"ReadAction\",\"target\":[\"https:\\\/\\\/animefigurer.se\\\/en\\\/figurer\\\/evangelion\\\/rebuild-of-evangelion-metal-build-evangelion-01-test-type-01-30th-with-the-spear-of-gaius-action-figure\\\/\"]}]},{\"@type\":\"ImageObject\",\"inLanguage\":\"en-GB\",\"@id\":\"https:\\\/\\\/animefigurer.se\\\/en\\\/figurer\\\/evangelion\\\/rebuild-of-evangelion-metal-build-evangelion-01-test-type-01-30th-with-the-spear-of-gaius-action-figure\\\/#primaryimage\",\"url\":\"https:\\\/\\\/animefigurer.se\\\/wp-content\\\/uploads\\\/2025\\\/10\\\/6865239e54e2a.jpeg\",\"contentUrl\":\"https:\\\/\\\/animefigurer.se\\\/wp-content\\\/uploads\\\/2025\\\/10\\\/6865239e54e2a.jpeg\",\"width\":900,\"height\":675},{\"@type\":\"BreadcrumbList\",\"@id\":\"https:\\\/\\\/animefigurer.se\\\/en\\\/figurer\\\/evangelion\\\/rebuild-of-evangelion-metal-build-evangelion-01-test-type-01-30th-with-the-spear-of-gaius-action-figure\\\/#breadcrumb\",\"itemListElement\":[{\"@type\":\"ListItem\",\"position\":1,\"name\":\"Home\",\"item\":\"https:\\\/\\\/animefigurer.se\\\/\"},{\"@type\":\"ListItem\",\"position\":2,\"name\":\"Butik\",\"item\":\"https:\\\/\\\/animefigurer.se\\\/figurer\\\/\"},{\"@type\":\"ListItem\",\"position\":3,\"name\":\"Rebuild of Evangelion Metal Build Evangelion 01 Test Type 01 (30th with the Spear of Gaius) Action Figure\"}]},{\"@type\":\"WebSite\",\"@id\":\"https:\\\/\\\/animefigurer.se\\\/#website\",\"url\":\"https:\\\/\\\/animefigurer.se\\\/\",\"name\":\"Animefigurer.se\",\"description\":\"Anime figurer fr\u00e5n \u00f6ver 300 olika anime serier med \u00f6ver 9000 produkter | Anime Shop\",\"publisher\":{\"@id\":\"https:\\\/\\\/animefigurer.se\\\/#organization\"},\"potentialAction\":[{\"@type\":\"SearchAction\",\"target\":{\"@type\":\"EntryPoint\",\"urlTemplate\":\"https:\\\/\\\/animefigurer.se\\\/?s={search_term_string}\"},\"query-input\":{\"@type\":\"PropertyValueSpecification\",\"valueRequired\":true,\"valueName\":\"search_term_string\"}}],\"inLanguage\":\"en-GB\"},{\"@type\":\"Organization\",\"@id\":\"https:\\\/\\\/animefigurer.se\\\/#organization\",\"name\":\"Animefigurer.se\",\"alternateName\":\"Anime figurer | Anime shop\",\"url\":\"https:\\\/\\\/animefigurer.se\\\/\",\"logo\":{\"@type\":\"ImageObject\",\"inLanguage\":\"en-GB\",\"@id\":\"https:\\\/\\\/animefigurer.se\\\/#\\\/schema\\\/logo\\\/image\\\/\",\"url\":\"https:\\\/\\\/animefigurer.se\\\/wp-content\\\/uploads\\\/2025\\\/12\\\/Animefigurer_logowhite.png\",\"contentUrl\":\"https:\\\/\\\/animefigurer.se\\\/wp-content\\\/uploads\\\/2025\\\/12\\\/Animefigurer_logowhite.png\",\"width\":1890,\"height\":1417,\"caption\":\"Animefigurer.se\"},\"image\":{\"@id\":\"https:\\\/\\\/animefigurer.se\\\/#\\\/schema\\\/logo\\\/image\\\/\"},\"sameAs\":[\"https:\\\/\\\/www.facebook.com\\\/profile.php?id=61581826539670\",\"https:\\\/\\\/www.instagram.com\\\/animefigurer.se\\\/\"],\"email\":\"info@animefigurer.se\"}]}<\/script>\n<!-- \/ Yoast SEO Premium plugin. -->","yoast_head_json":{"title":"Rebuild of Evangelion Metal Build Evangelion 01 Test Type 01 (30th with the Spear of Gaius) Action Figure | Animefigurer.se","robots":{"index":"index","follow":"follow","max-snippet":"max-snippet:-1","max-image-preview":"max-image-preview:large","max-video-preview":"max-video-preview:-1"},"canonical":"https:\/\/animefigurer.se\/en\/figurer\/evangelion\/rebuild-of-evangelion-metal-build-evangelion-01-test-type-01-30th-with-the-spear-of-gaius-action-figure\/","og_locale":"en_GB","og_type":"article","og_title":"Rebuild of Evangelion Metal Build Evangelion 01 Test Type 01 (30th with the Spear of Gaius) Action Figure","og_description":"En specialutg\u00e5va f\u00f6r att fira 30-\u00e5rsjubileet av Evangelion-serien. METAL BUILD Evangelion 01 Test Type 01 kommer med Spear of Gaius i en ny modell med total l\u00e4ngd \u00f6ver 370 mm, uttryckt med METAL BUILD:s karakteristiska form och strukturer, inklusive genomskinliga delar. Den svarta specialbasen \u00e4r gj","og_url":"https:\/\/animefigurer.se\/en\/figurer\/evangelion\/rebuild-of-evangelion-metal-build-evangelion-01-test-type-01-30th-with-the-spear-of-gaius-action-figure\/","og_site_name":"Animefigurer.se","article_publisher":"https:\/\/www.facebook.com\/profile.php?id=61581826539670","article_modified_time":"2025-12-21T18:27:53+00:00","og_image":[{"width":1890,"height":1417,"url":"https:\/\/animefigurer.se\/wp-content\/uploads\/2025\/12\/Animefigurer_logowhite.png","type":"image\/png"}],"twitter_card":"summary_large_image","twitter_misc":{"Estimated reading time":"1 minute"},"schema":{"@context":"https:\/\/schema.org","@graph":[{"@type":"WebPage","@id":"https:\/\/animefigurer.se\/en\/figurer\/evangelion\/rebuild-of-evangelion-metal-build-evangelion-01-test-type-01-30th-with-the-spear-of-gaius-action-figure\/","url":"https:\/\/animefigurer.se\/en\/figurer\/evangelion\/rebuild-of-evangelion-metal-build-evangelion-01-test-type-01-30th-with-the-spear-of-gaius-action-figure\/","name":"Rebuild of Evangelion Metal Build Evangelion 01 Test Type 01 (30th with the Spear of Gaius) Action Figure | Animefigurer.se","isPartOf":{"@id":"https:\/\/animefigurer.se\/#website"},"primaryImageOfPage":{"@id":"https:\/\/animefigurer.se\/en\/figurer\/evangelion\/rebuild-of-evangelion-metal-build-evangelion-01-test-type-01-30th-with-the-spear-of-gaius-action-figure\/#primaryimage"},"image":{"@id":"https:\/\/animefigurer.se\/en\/figurer\/evangelion\/rebuild-of-evangelion-metal-build-evangelion-01-test-type-01-30th-with-the-spear-of-gaius-action-figure\/#primaryimage"},"thumbnailUrl":"https:\/\/animefigurer.se\/wp-content\/uploads\/2025\/10\/6865239e54e2a.jpeg","datePublished":"2025-10-20T17:42:42+00:00","dateModified":"2025-12-21T18:27:53+00:00","breadcrumb":{"@id":"https:\/\/animefigurer.se\/en\/figurer\/evangelion\/rebuild-of-evangelion-metal-build-evangelion-01-test-type-01-30th-with-the-spear-of-gaius-action-figure\/#breadcrumb"},"inLanguage":"en-GB","potentialAction":[{"@type":"ReadAction","target":["https:\/\/animefigurer.se\/en\/figurer\/evangelion\/rebuild-of-evangelion-metal-build-evangelion-01-test-type-01-30th-with-the-spear-of-gaius-action-figure\/"]}]},{"@type":"ImageObject","inLanguage":"en-GB","@id":"https:\/\/animefigurer.se\/en\/figurer\/evangelion\/rebuild-of-evangelion-metal-build-evangelion-01-test-type-01-30th-with-the-spear-of-gaius-action-figure\/#primaryimage","url":"https:\/\/animefigurer.se\/wp-content\/uploads\/2025\/10\/6865239e54e2a.jpeg","contentUrl":"https:\/\/animefigurer.se\/wp-content\/uploads\/2025\/10\/6865239e54e2a.jpeg","width":900,"height":675},{"@type":"BreadcrumbList","@id":"https:\/\/animefigurer.se\/en\/figurer\/evangelion\/rebuild-of-evangelion-metal-build-evangelion-01-test-type-01-30th-with-the-spear-of-gaius-action-figure\/#breadcrumb","itemListElement":[{"@type":"ListItem","position":1,"name":"Home","item":"https:\/\/animefigurer.se\/"},{"@type":"ListItem","position":2,"name":"Butik","item":"https:\/\/animefigurer.se\/figurer\/"},{"@type":"ListItem","position":3,"name":"Rebuild of Evangelion Metal Build Evangelion 01 Test Type 01 (30th with the Spear of Gaius) Action Figure"}]},{"@type":"WebSite","@id":"https:\/\/animefigurer.se\/#website","url":"https:\/\/animefigurer.se\/","name":"Animefigurer.se","description":"Anime figures from over 300 different anime series with over 9000 products | Anime Shop","publisher":{"@id":"https:\/\/animefigurer.se\/#organization"},"potentialAction":[{"@type":"SearchAction","target":{"@type":"EntryPoint","urlTemplate":"https:\/\/animefigurer.se\/?s={search_term_string}"},"query-input":{"@type":"PropertyValueSpecification","valueRequired":true,"valueName":"search_term_string"}}],"inLanguage":"en-GB"},{"@type":"Organization","@id":"https:\/\/animefigurer.se\/#organization","name":"Animefigurer.se","alternateName":"Anime figurer | Anime shop","url":"https:\/\/animefigurer.se\/","logo":{"@type":"ImageObject","inLanguage":"en-GB","@id":"https:\/\/animefigurer.se\/#\/schema\/logo\/image\/","url":"https:\/\/animefigurer.se\/wp-content\/uploads\/2025\/12\/Animefigurer_logowhite.png","contentUrl":"https:\/\/animefigurer.se\/wp-content\/uploads\/2025\/12\/Animefigurer_logowhite.png","width":1890,"height":1417,"caption":"Animefigurer.se"},"image":{"@id":"https:\/\/animefigurer.se\/#\/schema\/logo\/image\/"},"sameAs":["https:\/\/www.facebook.com\/profile.php?id=61581826539670","https:\/\/www.instagram.com\/animefigurer.se\/"],"email":"info@animefigurer.se"}]}},"_links":{"self":[{"href":"https:\/\/animefigurer.se\/en\/wp-json\/wp\/v2\/product\/22592","targetHints":{"allow":["GET"]}}],"collection":[{"href":"https:\/\/animefigurer.se\/en\/wp-json\/wp\/v2\/product"}],"about":[{"href":"https:\/\/animefigurer.se\/en\/wp-json\/wp\/v2\/types\/product"}],"replies":[{"embeddable":true,"href":"https:\/\/animefigurer.se\/en\/wp-json\/wp\/v2\/comments?post=22592"}],"wp:featuredmedia":[{"embeddable":true,"href":"https:\/\/animefigurer.se\/en\/wp-json\/wp\/v2\/media\/22593"}],"wp:attachment":[{"href":"https:\/\/animefigurer.se\/en\/wp-json\/wp\/v2\/media?parent=22592"}],"wp:term":[{"taxonomy":"product_brand","embeddable":true,"href":"https:\/\/animefigurer.se\/en\/wp-json\/wp\/v2\/product_brand?post=22592"},{"taxonomy":"product_cat","embeddable":true,"href":"https:\/\/animefigurer.se\/en\/wp-json\/wp\/v2\/product_cat?post=22592"},{"taxonomy":"product_tag","embeddable":true,"href":"https:\/\/animefigurer.se\/en\/wp-json\/wp\/v2\/product_tag?post=22592"},{"taxonomy":"giftcard-category","embeddable":true,"href":"https:\/\/animefigurer.se\/en\/wp-json\/wp\/v2\/giftcard-category?post=22592"}],"curies":[{"name":"wp","href":"https:\/\/api.w.org\/{rel}","templated":true}]}}