{"id":21501,"date":"2025-10-20T19:36:45","date_gmt":"2025-10-20T17:36:45","guid":{"rendered":"https:\/\/animefigurer.se\/produkt\/dragon-ball-z-s-h-figuarts-super-saiyan-trunks-latent-power\/"},"modified":"2025-12-21T19:27:38","modified_gmt":"2025-12-21T18:27:38","slug":"dragon-ball-z-s-h-figuarts-super-saiyan-trunks-latent-power","status":"publish","type":"product","link":"https:\/\/animefigurer.se\/en\/figurer\/dragon-ball\/dragon-ball-z-s-h-figuarts-super-saiyan-trunks-latent-power\/","title":{"rendered":"Dragon Ball Z SHFiguarts Super Saiyan Trunks (Latent Power)"},"content":{"rendered":"<p>From Dragon Ball Z, Super Saiyan Trunks (Latent Power) comes to SHFiguarts with faithful coloration that captures his appearance. With optional expressions and hands, you can recreate your favorite scenes, and a crossed arm section recreates his most dramatic pose.<\/p>","protected":false},"excerpt":{"rendered":"<p>From Dragon Ball Z, Super Saiyan Trunks (Latent Power) comes to SHFiguarts with faithful coloration that captures his appearance. With optional expressions and hands, you can recreate your favorite scenes, and a crossed arm section recreates his most dramatic pose.<\/p>","protected":false},"featured_media":21502,"comment_status":"closed","ping_status":"open","template":"","meta":{"_acf_changed":false,"_monsterinsights_skip_tracking":false,"_monsterinsights_sitenote_active":false,"_monsterinsights_sitenote_note":"","_monsterinsights_sitenote_category":0},"product_brand":[6927],"product_cat":[1837],"product_tag":[24],"giftcard-category":[],"class_list":{"0":"post-21501","1":"product","2":"type-product","3":"status-publish","4":"has-post-thumbnail","6":"product_brand-bandai-tamashii-nations","7":"product_cat-dragon-ball","8":"product_tag-2-3-weeks","9":"pa_franchise-dragon-ball-z","10":"pa_karaktar-trunks","11":"pa_material-plastic","12":"pa_produktserie-s-h-figuarts","13":"pa_storlek-14-cm","15":"first","16":"instock","17":"taxable","18":"shipping-taxable","19":"purchasable","20":"product-type-simple"},"acf":[],"yoast_head":"<!-- This site is optimized with the Yoast SEO Premium plugin v24.6 (Yoast SEO v27.3) - https:\/\/yoast.com\/product\/yoast-seo-premium-wordpress\/ -->\n<title>Dragon Ball Z S.H.Figuarts Super Saiyan Trunks (Latent Power) | Animefigurer.se<\/title>\n<meta name=\"robots\" content=\"index, follow, max-snippet:-1, max-image-preview:large, max-video-preview:-1\" \/>\n<link rel=\"canonical\" href=\"https:\/\/animefigurer.se\/en\/figurer\/dragon-ball\/dragon-ball-z-s-h-figuarts-super-saiyan-trunks-latent-power\/\" \/>\n<meta property=\"og:locale\" content=\"en_GB\" \/>\n<meta property=\"og:type\" content=\"article\" \/>\n<meta property=\"og:title\" content=\"Dragon Ball Z S.H.Figuarts Super Saiyan Trunks (Latent Power)\" \/>\n<meta property=\"og:description\" content=\"Fr\u00e5n Dragon Ball Z kommer Super Saiyan Trunks (Latent Power) till S.H.Figuarts med trogen f\u00e4rgs\u00e4ttning som f\u00e5ngar hans utseende. Med valfria uttryck och h\u00e4nder kan du \u00e5terskapa dina favoritscener, och en korsad armdel \u00e5terger hans mest dramatiska pose.\" \/>\n<meta property=\"og:url\" content=\"https:\/\/animefigurer.se\/en\/figurer\/dragon-ball\/dragon-ball-z-s-h-figuarts-super-saiyan-trunks-latent-power\/\" \/>\n<meta property=\"og:site_name\" content=\"Animefigurer.se\" \/>\n<meta property=\"article:publisher\" content=\"https:\/\/www.facebook.com\/profile.php?id=61581826539670\" \/>\n<meta property=\"article:modified_time\" content=\"2025-12-21T18:27:38+00:00\" \/>\n<meta property=\"og:image\" content=\"https:\/\/animefigurer.se\/wp-content\/uploads\/2025\/12\/Animefigurer_logowhite.png\" \/>\n\t<meta property=\"og:image:width\" content=\"1890\" \/>\n\t<meta property=\"og:image:height\" content=\"1417\" \/>\n\t<meta property=\"og:image:type\" content=\"image\/png\" \/>\n<meta name=\"twitter:card\" content=\"summary_large_image\" \/>\n<script type=\"application\/ld+json\" class=\"yoast-schema-graph\">{\"@context\":\"https:\\\/\\\/schema.org\",\"@graph\":[{\"@type\":\"WebPage\",\"@id\":\"https:\\\/\\\/animefigurer.se\\\/en\\\/figurer\\\/dragon-ball\\\/dragon-ball-z-s-h-figuarts-super-saiyan-trunks-latent-power\\\/\",\"url\":\"https:\\\/\\\/animefigurer.se\\\/en\\\/figurer\\\/dragon-ball\\\/dragon-ball-z-s-h-figuarts-super-saiyan-trunks-latent-power\\\/\",\"name\":\"Dragon Ball Z S.H.Figuarts Super Saiyan Trunks (Latent Power) | Animefigurer.se\",\"isPartOf\":{\"@id\":\"https:\\\/\\\/animefigurer.se\\\/#website\"},\"primaryImageOfPage\":{\"@id\":\"https:\\\/\\\/animefigurer.se\\\/en\\\/figurer\\\/dragon-ball\\\/dragon-ball-z-s-h-figuarts-super-saiyan-trunks-latent-power\\\/#primaryimage\"},\"image\":{\"@id\":\"https:\\\/\\\/animefigurer.se\\\/en\\\/figurer\\\/dragon-ball\\\/dragon-ball-z-s-h-figuarts-super-saiyan-trunks-latent-power\\\/#primaryimage\"},\"thumbnailUrl\":\"https:\\\/\\\/animefigurer.se\\\/wp-content\\\/uploads\\\/2025\\\/10\\\/6430671b2bb78.jpeg\",\"datePublished\":\"2025-10-20T17:36:45+00:00\",\"dateModified\":\"2025-12-21T18:27:38+00:00\",\"breadcrumb\":{\"@id\":\"https:\\\/\\\/animefigurer.se\\\/en\\\/figurer\\\/dragon-ball\\\/dragon-ball-z-s-h-figuarts-super-saiyan-trunks-latent-power\\\/#breadcrumb\"},\"inLanguage\":\"en-GB\",\"potentialAction\":[{\"@type\":\"ReadAction\",\"target\":[\"https:\\\/\\\/animefigurer.se\\\/en\\\/figurer\\\/dragon-ball\\\/dragon-ball-z-s-h-figuarts-super-saiyan-trunks-latent-power\\\/\"]}]},{\"@type\":\"ImageObject\",\"inLanguage\":\"en-GB\",\"@id\":\"https:\\\/\\\/animefigurer.se\\\/en\\\/figurer\\\/dragon-ball\\\/dragon-ball-z-s-h-figuarts-super-saiyan-trunks-latent-power\\\/#primaryimage\",\"url\":\"https:\\\/\\\/animefigurer.se\\\/wp-content\\\/uploads\\\/2025\\\/10\\\/6430671b2bb78.jpeg\",\"contentUrl\":\"https:\\\/\\\/animefigurer.se\\\/wp-content\\\/uploads\\\/2025\\\/10\\\/6430671b2bb78.jpeg\",\"width\":720,\"height\":540},{\"@type\":\"BreadcrumbList\",\"@id\":\"https:\\\/\\\/animefigurer.se\\\/en\\\/figurer\\\/dragon-ball\\\/dragon-ball-z-s-h-figuarts-super-saiyan-trunks-latent-power\\\/#breadcrumb\",\"itemListElement\":[{\"@type\":\"ListItem\",\"position\":1,\"name\":\"Home\",\"item\":\"https:\\\/\\\/animefigurer.se\\\/\"},{\"@type\":\"ListItem\",\"position\":2,\"name\":\"Butik\",\"item\":\"https:\\\/\\\/animefigurer.se\\\/figurer\\\/\"},{\"@type\":\"ListItem\",\"position\":3,\"name\":\"Dragon Ball Z S.H.Figuarts Super Saiyan Trunks (Latent Power)\"}]},{\"@type\":\"WebSite\",\"@id\":\"https:\\\/\\\/animefigurer.se\\\/#website\",\"url\":\"https:\\\/\\\/animefigurer.se\\\/\",\"name\":\"Animefigurer.se\",\"description\":\"Anime figurer fr\u00e5n \u00f6ver 300 olika anime serier med \u00f6ver 9000 produkter | Anime Shop\",\"publisher\":{\"@id\":\"https:\\\/\\\/animefigurer.se\\\/#organization\"},\"potentialAction\":[{\"@type\":\"SearchAction\",\"target\":{\"@type\":\"EntryPoint\",\"urlTemplate\":\"https:\\\/\\\/animefigurer.se\\\/?s={search_term_string}\"},\"query-input\":{\"@type\":\"PropertyValueSpecification\",\"valueRequired\":true,\"valueName\":\"search_term_string\"}}],\"inLanguage\":\"en-GB\"},{\"@type\":\"Organization\",\"@id\":\"https:\\\/\\\/animefigurer.se\\\/#organization\",\"name\":\"Animefigurer.se\",\"alternateName\":\"Anime figurer | Anime shop\",\"url\":\"https:\\\/\\\/animefigurer.se\\\/\",\"logo\":{\"@type\":\"ImageObject\",\"inLanguage\":\"en-GB\",\"@id\":\"https:\\\/\\\/animefigurer.se\\\/#\\\/schema\\\/logo\\\/image\\\/\",\"url\":\"https:\\\/\\\/animefigurer.se\\\/wp-content\\\/uploads\\\/2025\\\/12\\\/Animefigurer_logowhite.png\",\"contentUrl\":\"https:\\\/\\\/animefigurer.se\\\/wp-content\\\/uploads\\\/2025\\\/12\\\/Animefigurer_logowhite.png\",\"width\":1890,\"height\":1417,\"caption\":\"Animefigurer.se\"},\"image\":{\"@id\":\"https:\\\/\\\/animefigurer.se\\\/#\\\/schema\\\/logo\\\/image\\\/\"},\"sameAs\":[\"https:\\\/\\\/www.facebook.com\\\/profile.php?id=61581826539670\",\"https:\\\/\\\/www.instagram.com\\\/animefigurer.se\\\/\"],\"email\":\"info@animefigurer.se\"}]}<\/script>\n<!-- \/ Yoast SEO Premium plugin. -->","yoast_head_json":{"title":"Dragon Ball Z SHFiguarts Super Saiyan Trunks (Latent Power) | Animefigurer.se","robots":{"index":"index","follow":"follow","max-snippet":"max-snippet:-1","max-image-preview":"max-image-preview:large","max-video-preview":"max-video-preview:-1"},"canonical":"https:\/\/animefigurer.se\/en\/figurer\/dragon-ball\/dragon-ball-z-s-h-figuarts-super-saiyan-trunks-latent-power\/","og_locale":"en_GB","og_type":"article","og_title":"Dragon Ball Z S.H.Figuarts Super Saiyan Trunks (Latent Power)","og_description":"Fr\u00e5n Dragon Ball Z kommer Super Saiyan Trunks (Latent Power) till S.H.Figuarts med trogen f\u00e4rgs\u00e4ttning som f\u00e5ngar hans utseende. Med valfria uttryck och h\u00e4nder kan du \u00e5terskapa dina favoritscener, och en korsad armdel \u00e5terger hans mest dramatiska pose.","og_url":"https:\/\/animefigurer.se\/en\/figurer\/dragon-ball\/dragon-ball-z-s-h-figuarts-super-saiyan-trunks-latent-power\/","og_site_name":"Animefigurer.se","article_publisher":"https:\/\/www.facebook.com\/profile.php?id=61581826539670","article_modified_time":"2025-12-21T18:27:38+00:00","og_image":[{"width":1890,"height":1417,"url":"https:\/\/animefigurer.se\/wp-content\/uploads\/2025\/12\/Animefigurer_logowhite.png","type":"image\/png"}],"twitter_card":"summary_large_image","schema":{"@context":"https:\/\/schema.org","@graph":[{"@type":"WebPage","@id":"https:\/\/animefigurer.se\/en\/figurer\/dragon-ball\/dragon-ball-z-s-h-figuarts-super-saiyan-trunks-latent-power\/","url":"https:\/\/animefigurer.se\/en\/figurer\/dragon-ball\/dragon-ball-z-s-h-figuarts-super-saiyan-trunks-latent-power\/","name":"Dragon Ball Z SHFiguarts Super Saiyan Trunks (Latent Power) | Animefigurer.se","isPartOf":{"@id":"https:\/\/animefigurer.se\/#website"},"primaryImageOfPage":{"@id":"https:\/\/animefigurer.se\/en\/figurer\/dragon-ball\/dragon-ball-z-s-h-figuarts-super-saiyan-trunks-latent-power\/#primaryimage"},"image":{"@id":"https:\/\/animefigurer.se\/en\/figurer\/dragon-ball\/dragon-ball-z-s-h-figuarts-super-saiyan-trunks-latent-power\/#primaryimage"},"thumbnailUrl":"https:\/\/animefigurer.se\/wp-content\/uploads\/2025\/10\/6430671b2bb78.jpeg","datePublished":"2025-10-20T17:36:45+00:00","dateModified":"2025-12-21T18:27:38+00:00","breadcrumb":{"@id":"https:\/\/animefigurer.se\/en\/figurer\/dragon-ball\/dragon-ball-z-s-h-figuarts-super-saiyan-trunks-latent-power\/#breadcrumb"},"inLanguage":"en-GB","potentialAction":[{"@type":"ReadAction","target":["https:\/\/animefigurer.se\/en\/figurer\/dragon-ball\/dragon-ball-z-s-h-figuarts-super-saiyan-trunks-latent-power\/"]}]},{"@type":"ImageObject","inLanguage":"en-GB","@id":"https:\/\/animefigurer.se\/en\/figurer\/dragon-ball\/dragon-ball-z-s-h-figuarts-super-saiyan-trunks-latent-power\/#primaryimage","url":"https:\/\/animefigurer.se\/wp-content\/uploads\/2025\/10\/6430671b2bb78.jpeg","contentUrl":"https:\/\/animefigurer.se\/wp-content\/uploads\/2025\/10\/6430671b2bb78.jpeg","width":720,"height":540},{"@type":"BreadcrumbList","@id":"https:\/\/animefigurer.se\/en\/figurer\/dragon-ball\/dragon-ball-z-s-h-figuarts-super-saiyan-trunks-latent-power\/#breadcrumb","itemListElement":[{"@type":"ListItem","position":1,"name":"Home","item":"https:\/\/animefigurer.se\/"},{"@type":"ListItem","position":2,"name":"Butik","item":"https:\/\/animefigurer.se\/figurer\/"},{"@type":"ListItem","position":3,"name":"Dragon Ball Z S.H.Figuarts Super Saiyan Trunks (Latent Power)"}]},{"@type":"WebSite","@id":"https:\/\/animefigurer.se\/#website","url":"https:\/\/animefigurer.se\/","name":"Animefigurer.se","description":"Anime figures from over 300 different anime series with over 9000 products | Anime Shop","publisher":{"@id":"https:\/\/animefigurer.se\/#organization"},"potentialAction":[{"@type":"SearchAction","target":{"@type":"EntryPoint","urlTemplate":"https:\/\/animefigurer.se\/?s={search_term_string}"},"query-input":{"@type":"PropertyValueSpecification","valueRequired":true,"valueName":"search_term_string"}}],"inLanguage":"en-GB"},{"@type":"Organization","@id":"https:\/\/animefigurer.se\/#organization","name":"Animefigurer.se","alternateName":"Anime figurer | Anime shop","url":"https:\/\/animefigurer.se\/","logo":{"@type":"ImageObject","inLanguage":"en-GB","@id":"https:\/\/animefigurer.se\/#\/schema\/logo\/image\/","url":"https:\/\/animefigurer.se\/wp-content\/uploads\/2025\/12\/Animefigurer_logowhite.png","contentUrl":"https:\/\/animefigurer.se\/wp-content\/uploads\/2025\/12\/Animefigurer_logowhite.png","width":1890,"height":1417,"caption":"Animefigurer.se"},"image":{"@id":"https:\/\/animefigurer.se\/#\/schema\/logo\/image\/"},"sameAs":["https:\/\/www.facebook.com\/profile.php?id=61581826539670","https:\/\/www.instagram.com\/animefigurer.se\/"],"email":"info@animefigurer.se"}]}},"_links":{"self":[{"href":"https:\/\/animefigurer.se\/en\/wp-json\/wp\/v2\/product\/21501","targetHints":{"allow":["GET"]}}],"collection":[{"href":"https:\/\/animefigurer.se\/en\/wp-json\/wp\/v2\/product"}],"about":[{"href":"https:\/\/animefigurer.se\/en\/wp-json\/wp\/v2\/types\/product"}],"replies":[{"embeddable":true,"href":"https:\/\/animefigurer.se\/en\/wp-json\/wp\/v2\/comments?post=21501"}],"wp:featuredmedia":[{"embeddable":true,"href":"https:\/\/animefigurer.se\/en\/wp-json\/wp\/v2\/media\/21502"}],"wp:attachment":[{"href":"https:\/\/animefigurer.se\/en\/wp-json\/wp\/v2\/media?parent=21501"}],"wp:term":[{"taxonomy":"product_brand","embeddable":true,"href":"https:\/\/animefigurer.se\/en\/wp-json\/wp\/v2\/product_brand?post=21501"},{"taxonomy":"product_cat","embeddable":true,"href":"https:\/\/animefigurer.se\/en\/wp-json\/wp\/v2\/product_cat?post=21501"},{"taxonomy":"product_tag","embeddable":true,"href":"https:\/\/animefigurer.se\/en\/wp-json\/wp\/v2\/product_tag?post=21501"},{"taxonomy":"giftcard-category","embeddable":true,"href":"https:\/\/animefigurer.se\/en\/wp-json\/wp\/v2\/giftcard-category?post=21501"}],"curies":[{"name":"wp","href":"https:\/\/api.w.org\/{rel}","templated":true}]}}