{"id":20624,"date":"2025-10-20T19:31:56","date_gmt":"2025-10-20T17:31:56","guid":{"rendered":"https:\/\/animefigurer.se\/produkt\/dragon-ball-z-solid-edge-works-guldo-rerelease\/"},"modified":"2025-12-21T19:27:25","modified_gmt":"2025-12-21T18:27:25","slug":"dragon-ball-z-solid-edge-works-guldo-rerelease","status":"publish","type":"product","link":"https:\/\/animefigurer.se\/en\/figurer\/dragon-ball\/dragon-ball-z-solid-edge-works-guldo-rerelease\/","title":{"rendered":"Dragon Ball Z Solid Edge Works Guldo (Rerelease)"},"content":{"rendered":"<p>Banpresto adds Guldo to the Solid Edge Works line \u2014 another fearsome member of the Ginyu Force. Guldo is shown in his legendary stance, focused and ready to confront those who challenge Frieza&#039;s will. Don&#039;t miss out on adding this character to your collection.<\/p>","protected":false},"excerpt":{"rendered":"<p>Banpresto adds Guldo to the Solid Edge Works line \u2014 another fearsome member of the Ginyu Force. Guldo is shown in his legendary stance, focused and ready to confront those who challenge Frieza&#039;s will. Don&#039;t miss out on adding this character to your collection.<\/p>","protected":false},"featured_media":20625,"comment_status":"closed","ping_status":"open","template":"","meta":{"_acf_changed":false,"_monsterinsights_skip_tracking":false,"_monsterinsights_sitenote_active":false,"_monsterinsights_sitenote_note":"","_monsterinsights_sitenote_category":0},"product_brand":[6928],"product_cat":[1837],"product_tag":[24],"giftcard-category":[],"class_list":{"0":"post-20624","1":"product","2":"type-product","3":"status-publish","4":"has-post-thumbnail","6":"product_brand-banpresto","7":"product_cat-dragon-ball","8":"product_tag-2-3-weeks","9":"pa_franchise-dragon-ball-z","10":"pa_karaktar-guldo","11":"pa_material-pvc-abs","12":"pa_storlek-8-cm","14":"first","15":"instock","16":"taxable","17":"shipping-taxable","18":"purchasable","19":"product-type-simple"},"acf":[],"yoast_head":"<!-- This site is optimized with the Yoast SEO Premium plugin v24.6 (Yoast SEO v27.3) - https:\/\/yoast.com\/product\/yoast-seo-premium-wordpress\/ -->\n<title>Dragon Ball Z Solid Edge Works Guldo (Rerelease) | Animefigurer.se<\/title>\n<meta name=\"robots\" content=\"index, follow, max-snippet:-1, max-image-preview:large, max-video-preview:-1\" \/>\n<link rel=\"canonical\" href=\"https:\/\/animefigurer.se\/en\/figurer\/dragon-ball\/dragon-ball-z-solid-edge-works-guldo-rerelease\/\" \/>\n<meta property=\"og:locale\" content=\"en_GB\" \/>\n<meta property=\"og:type\" content=\"article\" \/>\n<meta property=\"og:title\" content=\"Dragon Ball Z Solid Edge Works Guldo (Rerelease)\" \/>\n<meta property=\"og:description\" content=\"Banpresto l\u00e4gger till Guldo i Solid Edge Works-serien \u2014 \u00e4nnu en skr\u00e4mmande medlem i Ginyu Force. Guldo visas i sin legendariska lagst\u00e4llning, koncentrerad och redo att konfrontera dem som utmanar Friezas vilja. Missa inte att komplettera din samling med denna karakt\u00e4r.\" \/>\n<meta property=\"og:url\" content=\"https:\/\/animefigurer.se\/en\/figurer\/dragon-ball\/dragon-ball-z-solid-edge-works-guldo-rerelease\/\" \/>\n<meta property=\"og:site_name\" content=\"Animefigurer.se\" \/>\n<meta property=\"article:publisher\" content=\"https:\/\/www.facebook.com\/profile.php?id=61581826539670\" \/>\n<meta property=\"article:modified_time\" content=\"2025-12-21T18:27:25+00:00\" \/>\n<meta property=\"og:image\" content=\"https:\/\/animefigurer.se\/wp-content\/uploads\/2025\/12\/Animefigurer_logowhite.png\" \/>\n\t<meta property=\"og:image:width\" content=\"1890\" \/>\n\t<meta property=\"og:image:height\" content=\"1417\" \/>\n\t<meta property=\"og:image:type\" content=\"image\/png\" \/>\n<meta name=\"twitter:card\" content=\"summary_large_image\" \/>\n<script type=\"application\/ld+json\" class=\"yoast-schema-graph\">{\"@context\":\"https:\\\/\\\/schema.org\",\"@graph\":[{\"@type\":\"WebPage\",\"@id\":\"https:\\\/\\\/animefigurer.se\\\/figurer\\\/dragon-ball\\\/dragon-ball-z-solid-edge-works-guldo-rerelease\\\/\",\"url\":\"https:\\\/\\\/animefigurer.se\\\/figurer\\\/dragon-ball\\\/dragon-ball-z-solid-edge-works-guldo-rerelease\\\/\",\"name\":\"Dragon Ball Z Solid Edge Works Guldo (Rerelease) | Animefigurer.se\",\"isPartOf\":{\"@id\":\"https:\\\/\\\/animefigurer.se\\\/#website\"},\"primaryImageOfPage\":{\"@id\":\"https:\\\/\\\/animefigurer.se\\\/figurer\\\/dragon-ball\\\/dragon-ball-z-solid-edge-works-guldo-rerelease\\\/#primaryimage\"},\"image\":{\"@id\":\"https:\\\/\\\/animefigurer.se\\\/figurer\\\/dragon-ball\\\/dragon-ball-z-solid-edge-works-guldo-rerelease\\\/#primaryimage\"},\"thumbnailUrl\":\"https:\\\/\\\/animefigurer.se\\\/wp-content\\\/uploads\\\/2025\\\/10\\\/670938077769f.jpeg\",\"datePublished\":\"2025-10-20T17:31:56+00:00\",\"dateModified\":\"2025-12-21T18:27:25+00:00\",\"breadcrumb\":{\"@id\":\"https:\\\/\\\/animefigurer.se\\\/figurer\\\/dragon-ball\\\/dragon-ball-z-solid-edge-works-guldo-rerelease\\\/#breadcrumb\"},\"inLanguage\":\"en-GB\",\"potentialAction\":[{\"@type\":\"ReadAction\",\"target\":[\"https:\\\/\\\/animefigurer.se\\\/figurer\\\/dragon-ball\\\/dragon-ball-z-solid-edge-works-guldo-rerelease\\\/\"]}]},{\"@type\":\"ImageObject\",\"inLanguage\":\"en-GB\",\"@id\":\"https:\\\/\\\/animefigurer.se\\\/figurer\\\/dragon-ball\\\/dragon-ball-z-solid-edge-works-guldo-rerelease\\\/#primaryimage\",\"url\":\"https:\\\/\\\/animefigurer.se\\\/wp-content\\\/uploads\\\/2025\\\/10\\\/670938077769f.jpeg\",\"contentUrl\":\"https:\\\/\\\/animefigurer.se\\\/wp-content\\\/uploads\\\/2025\\\/10\\\/670938077769f.jpeg\",\"width\":720,\"height\":540},{\"@type\":\"BreadcrumbList\",\"@id\":\"https:\\\/\\\/animefigurer.se\\\/figurer\\\/dragon-ball\\\/dragon-ball-z-solid-edge-works-guldo-rerelease\\\/#breadcrumb\",\"itemListElement\":[{\"@type\":\"ListItem\",\"position\":1,\"name\":\"Home\",\"item\":\"https:\\\/\\\/animefigurer.se\\\/\"},{\"@type\":\"ListItem\",\"position\":2,\"name\":\"Butik\",\"item\":\"https:\\\/\\\/animefigurer.se\\\/figurer\\\/\"},{\"@type\":\"ListItem\",\"position\":3,\"name\":\"Dragon Ball Z Solid Edge Works Guldo (Rerelease)\"}]},{\"@type\":\"WebSite\",\"@id\":\"https:\\\/\\\/animefigurer.se\\\/#website\",\"url\":\"https:\\\/\\\/animefigurer.se\\\/\",\"name\":\"Animefigurer.se\",\"description\":\"Anime figurer fr\u00e5n \u00f6ver 300 olika anime serier med \u00f6ver 9000 produkter | Anime Shop\",\"publisher\":{\"@id\":\"https:\\\/\\\/animefigurer.se\\\/#organization\"},\"potentialAction\":[{\"@type\":\"SearchAction\",\"target\":{\"@type\":\"EntryPoint\",\"urlTemplate\":\"https:\\\/\\\/animefigurer.se\\\/?s={search_term_string}\"},\"query-input\":{\"@type\":\"PropertyValueSpecification\",\"valueRequired\":true,\"valueName\":\"search_term_string\"}}],\"inLanguage\":\"en-GB\"},{\"@type\":\"Organization\",\"@id\":\"https:\\\/\\\/animefigurer.se\\\/#organization\",\"name\":\"Animefigurer.se\",\"alternateName\":\"Anime figurer | Anime shop\",\"url\":\"https:\\\/\\\/animefigurer.se\\\/\",\"logo\":{\"@type\":\"ImageObject\",\"inLanguage\":\"en-GB\",\"@id\":\"https:\\\/\\\/animefigurer.se\\\/#\\\/schema\\\/logo\\\/image\\\/\",\"url\":\"https:\\\/\\\/animefigurer.se\\\/wp-content\\\/uploads\\\/2025\\\/12\\\/Animefigurer_logowhite.png\",\"contentUrl\":\"https:\\\/\\\/animefigurer.se\\\/wp-content\\\/uploads\\\/2025\\\/12\\\/Animefigurer_logowhite.png\",\"width\":1890,\"height\":1417,\"caption\":\"Animefigurer.se\"},\"image\":{\"@id\":\"https:\\\/\\\/animefigurer.se\\\/#\\\/schema\\\/logo\\\/image\\\/\"},\"sameAs\":[\"https:\\\/\\\/www.facebook.com\\\/profile.php?id=61581826539670\",\"https:\\\/\\\/www.instagram.com\\\/animefigurer.se\\\/\"],\"email\":\"info@animefigurer.se\"}]}<\/script>\n<!-- \/ Yoast SEO Premium plugin. -->","yoast_head_json":{"title":"Dragon Ball Z Solid Edge Works Guldo (Rerelease) | Animefigurer.se","robots":{"index":"index","follow":"follow","max-snippet":"max-snippet:-1","max-image-preview":"max-image-preview:large","max-video-preview":"max-video-preview:-1"},"canonical":"https:\/\/animefigurer.se\/en\/figurer\/dragon-ball\/dragon-ball-z-solid-edge-works-guldo-rerelease\/","og_locale":"en_GB","og_type":"article","og_title":"Dragon Ball Z Solid Edge Works Guldo (Rerelease)","og_description":"Banpresto l\u00e4gger till Guldo i Solid Edge Works-serien \u2014 \u00e4nnu en skr\u00e4mmande medlem i Ginyu Force. Guldo visas i sin legendariska lagst\u00e4llning, koncentrerad och redo att konfrontera dem som utmanar Friezas vilja. Missa inte att komplettera din samling med denna karakt\u00e4r.","og_url":"https:\/\/animefigurer.se\/en\/figurer\/dragon-ball\/dragon-ball-z-solid-edge-works-guldo-rerelease\/","og_site_name":"Animefigurer.se","article_publisher":"https:\/\/www.facebook.com\/profile.php?id=61581826539670","article_modified_time":"2025-12-21T18:27:25+00:00","og_image":[{"width":1890,"height":1417,"url":"https:\/\/animefigurer.se\/wp-content\/uploads\/2025\/12\/Animefigurer_logowhite.png","type":"image\/png"}],"twitter_card":"summary_large_image","schema":{"@context":"https:\/\/schema.org","@graph":[{"@type":"WebPage","@id":"https:\/\/animefigurer.se\/figurer\/dragon-ball\/dragon-ball-z-solid-edge-works-guldo-rerelease\/","url":"https:\/\/animefigurer.se\/figurer\/dragon-ball\/dragon-ball-z-solid-edge-works-guldo-rerelease\/","name":"Dragon Ball Z Solid Edge Works Guldo (Rerelease) | Animefigurer.se","isPartOf":{"@id":"https:\/\/animefigurer.se\/#website"},"primaryImageOfPage":{"@id":"https:\/\/animefigurer.se\/figurer\/dragon-ball\/dragon-ball-z-solid-edge-works-guldo-rerelease\/#primaryimage"},"image":{"@id":"https:\/\/animefigurer.se\/figurer\/dragon-ball\/dragon-ball-z-solid-edge-works-guldo-rerelease\/#primaryimage"},"thumbnailUrl":"https:\/\/animefigurer.se\/wp-content\/uploads\/2025\/10\/670938077769f.jpeg","datePublished":"2025-10-20T17:31:56+00:00","dateModified":"2025-12-21T18:27:25+00:00","breadcrumb":{"@id":"https:\/\/animefigurer.se\/figurer\/dragon-ball\/dragon-ball-z-solid-edge-works-guldo-rerelease\/#breadcrumb"},"inLanguage":"en-GB","potentialAction":[{"@type":"ReadAction","target":["https:\/\/animefigurer.se\/figurer\/dragon-ball\/dragon-ball-z-solid-edge-works-guldo-rerelease\/"]}]},{"@type":"ImageObject","inLanguage":"en-GB","@id":"https:\/\/animefigurer.se\/figurer\/dragon-ball\/dragon-ball-z-solid-edge-works-guldo-rerelease\/#primaryimage","url":"https:\/\/animefigurer.se\/wp-content\/uploads\/2025\/10\/670938077769f.jpeg","contentUrl":"https:\/\/animefigurer.se\/wp-content\/uploads\/2025\/10\/670938077769f.jpeg","width":720,"height":540},{"@type":"BreadcrumbList","@id":"https:\/\/animefigurer.se\/figurer\/dragon-ball\/dragon-ball-z-solid-edge-works-guldo-rerelease\/#breadcrumb","itemListElement":[{"@type":"ListItem","position":1,"name":"Home","item":"https:\/\/animefigurer.se\/"},{"@type":"ListItem","position":2,"name":"Butik","item":"https:\/\/animefigurer.se\/figurer\/"},{"@type":"ListItem","position":3,"name":"Dragon Ball Z Solid Edge Works Guldo (Rerelease)"}]},{"@type":"WebSite","@id":"https:\/\/animefigurer.se\/#website","url":"https:\/\/animefigurer.se\/","name":"Animefigurer.se","description":"Anime figures from over 300 different anime series with over 9000 products | Anime Shop","publisher":{"@id":"https:\/\/animefigurer.se\/#organization"},"potentialAction":[{"@type":"SearchAction","target":{"@type":"EntryPoint","urlTemplate":"https:\/\/animefigurer.se\/?s={search_term_string}"},"query-input":{"@type":"PropertyValueSpecification","valueRequired":true,"valueName":"search_term_string"}}],"inLanguage":"en-GB"},{"@type":"Organization","@id":"https:\/\/animefigurer.se\/#organization","name":"Animefigurer.se","alternateName":"Anime figurer | Anime shop","url":"https:\/\/animefigurer.se\/","logo":{"@type":"ImageObject","inLanguage":"en-GB","@id":"https:\/\/animefigurer.se\/#\/schema\/logo\/image\/","url":"https:\/\/animefigurer.se\/wp-content\/uploads\/2025\/12\/Animefigurer_logowhite.png","contentUrl":"https:\/\/animefigurer.se\/wp-content\/uploads\/2025\/12\/Animefigurer_logowhite.png","width":1890,"height":1417,"caption":"Animefigurer.se"},"image":{"@id":"https:\/\/animefigurer.se\/#\/schema\/logo\/image\/"},"sameAs":["https:\/\/www.facebook.com\/profile.php?id=61581826539670","https:\/\/www.instagram.com\/animefigurer.se\/"],"email":"info@animefigurer.se"}]}},"_links":{"self":[{"href":"https:\/\/animefigurer.se\/en\/wp-json\/wp\/v2\/product\/20624","targetHints":{"allow":["GET"]}}],"collection":[{"href":"https:\/\/animefigurer.se\/en\/wp-json\/wp\/v2\/product"}],"about":[{"href":"https:\/\/animefigurer.se\/en\/wp-json\/wp\/v2\/types\/product"}],"replies":[{"embeddable":true,"href":"https:\/\/animefigurer.se\/en\/wp-json\/wp\/v2\/comments?post=20624"}],"wp:featuredmedia":[{"embeddable":true,"href":"https:\/\/animefigurer.se\/en\/wp-json\/wp\/v2\/media\/20625"}],"wp:attachment":[{"href":"https:\/\/animefigurer.se\/en\/wp-json\/wp\/v2\/media?parent=20624"}],"wp:term":[{"taxonomy":"product_brand","embeddable":true,"href":"https:\/\/animefigurer.se\/en\/wp-json\/wp\/v2\/product_brand?post=20624"},{"taxonomy":"product_cat","embeddable":true,"href":"https:\/\/animefigurer.se\/en\/wp-json\/wp\/v2\/product_cat?post=20624"},{"taxonomy":"product_tag","embeddable":true,"href":"https:\/\/animefigurer.se\/en\/wp-json\/wp\/v2\/product_tag?post=20624"},{"taxonomy":"giftcard-category","embeddable":true,"href":"https:\/\/animefigurer.se\/en\/wp-json\/wp\/v2\/giftcard-category?post=20624"}],"curies":[{"name":"wp","href":"https:\/\/api.w.org\/{rel}","templated":true}]}}