{"id":19932,"date":"2025-10-20T17:45:34","date_gmt":"2025-10-20T15:45:34","guid":{"rendered":"https:\/\/animefigurer.se\/produkt\/dragon-ball-z-s-h-figuarts-android-20\/"},"modified":"2025-12-21T19:27:17","modified_gmt":"2025-12-21T18:27:17","slug":"dragon-ball-z-s-h-figuarts-android-20","status":"publish","type":"product","link":"https:\/\/animefigurer.se\/en\/figurer\/dragon-ball\/dragon-ball-z-s-h-figuarts-android-20\/","title":{"rendered":"Dragon Ball Z SHFiguarts Android 20"},"content":{"rendered":"<p>ANDROID 20 from Dragon Ball Z joins SHFiguarts! Included faces let you display his signature squinting gaze, as well as options for screams and taunts. An alternate head allows the figure to be displayed without a hat, and a broken right arm and controller are included. Plus, a bonus expression of pain is included for SHFiguarts SUPER SAIYAN FULL POWER SON GOKU (sold separately) to recreate their confrontation.<\/p>\n<p>The set includes: main figure, four left hands and three right hands, three expression parts, optional right arm, head and controller.<\/p>\n<p>Bonus: expression part for SHFiguarts SUPER SAIYAN FULL POWER SON GOKU.<\/p>","protected":false},"excerpt":{"rendered":"<p>ANDROID 20 from Dragon Ball Z joins SHFiguarts! Included faces let you display his signature squinting gaze, as well as options for screams and taunts. An alternate head allows the figure to be displayed without a hat, and a broken right arm and controller are included. Also included is<\/p>","protected":false},"featured_media":19933,"comment_status":"closed","ping_status":"open","template":"","meta":{"_acf_changed":false,"_monsterinsights_skip_tracking":false,"_monsterinsights_sitenote_active":false,"_monsterinsights_sitenote_note":"","_monsterinsights_sitenote_category":0},"product_brand":[6927],"product_cat":[1837],"product_tag":[24],"giftcard-category":[],"class_list":{"0":"post-19932","1":"product","2":"type-product","3":"status-publish","4":"has-post-thumbnail","6":"product_brand-bandai-tamashii-nations","7":"product_cat-dragon-ball","8":"product_tag-2-3-weeks","9":"pa_franchise-dragon-ball-z","10":"pa_karaktar-android-20","11":"pa_material-plastic","12":"pa_produktserie-s-h-figuarts","13":"pa_storlek-13-cm","15":"first","16":"instock","17":"taxable","18":"shipping-taxable","19":"purchasable","20":"product-type-simple"},"acf":[],"yoast_head":"<!-- This site is optimized with the Yoast SEO Premium plugin v24.6 (Yoast SEO v27.3) - https:\/\/yoast.com\/product\/yoast-seo-premium-wordpress\/ -->\n<title>Dragon Ball Z S.H.Figuarts Android 20 | Animefigurer.se<\/title>\n<meta name=\"robots\" content=\"index, follow, max-snippet:-1, max-image-preview:large, max-video-preview:-1\" \/>\n<link rel=\"canonical\" href=\"https:\/\/animefigurer.se\/en\/figurer\/dragon-ball\/dragon-ball-z-s-h-figuarts-android-20\/\" \/>\n<meta property=\"og:locale\" content=\"en_GB\" \/>\n<meta property=\"og:type\" content=\"article\" \/>\n<meta property=\"og:title\" content=\"Dragon Ball Z S.H.Figuarts Android 20\" \/>\n<meta property=\"og:description\" content=\"ANDROID 20 fr\u00e5n Dragon Ball Z ansluter till S.H.Figuarts! Medf\u00f6ljande ansikten l\u00e5ter dig visa hans karakteristiska sneglande blick, samt alternativ f\u00f6r skrik och h\u00e5n. Ett alternativt huvud g\u00f6r det m\u00f6jligt att visa figuren utan hatt, och en trasig h\u00f6gerarm samt kontrollenhet ing\u00e5r. Dessutom medf\u00f6ljer\" \/>\n<meta property=\"og:url\" content=\"https:\/\/animefigurer.se\/en\/figurer\/dragon-ball\/dragon-ball-z-s-h-figuarts-android-20\/\" \/>\n<meta property=\"og:site_name\" content=\"Animefigurer.se\" \/>\n<meta property=\"article:publisher\" content=\"https:\/\/www.facebook.com\/profile.php?id=61581826539670\" \/>\n<meta property=\"article:modified_time\" content=\"2025-12-21T18:27:17+00:00\" \/>\n<meta property=\"og:image\" content=\"https:\/\/animefigurer.se\/wp-content\/uploads\/2025\/12\/Animefigurer_logowhite.png\" \/>\n\t<meta property=\"og:image:width\" content=\"1890\" \/>\n\t<meta property=\"og:image:height\" content=\"1417\" \/>\n\t<meta property=\"og:image:type\" content=\"image\/png\" \/>\n<meta name=\"twitter:card\" content=\"summary_large_image\" \/>\n<meta name=\"twitter:label1\" content=\"Estimated reading time\" \/>\n\t<meta name=\"twitter:data1\" content=\"1 minute\" \/>\n<script type=\"application\/ld+json\" class=\"yoast-schema-graph\">{\"@context\":\"https:\\\/\\\/schema.org\",\"@graph\":[{\"@type\":\"WebPage\",\"@id\":\"https:\\\/\\\/animefigurer.se\\\/en\\\/figurer\\\/dragon-ball\\\/dragon-ball-z-s-h-figuarts-android-20\\\/\",\"url\":\"https:\\\/\\\/animefigurer.se\\\/en\\\/figurer\\\/dragon-ball\\\/dragon-ball-z-s-h-figuarts-android-20\\\/\",\"name\":\"Dragon Ball Z S.H.Figuarts Android 20 | Animefigurer.se\",\"isPartOf\":{\"@id\":\"https:\\\/\\\/animefigurer.se\\\/#website\"},\"primaryImageOfPage\":{\"@id\":\"https:\\\/\\\/animefigurer.se\\\/en\\\/figurer\\\/dragon-ball\\\/dragon-ball-z-s-h-figuarts-android-20\\\/#primaryimage\"},\"image\":{\"@id\":\"https:\\\/\\\/animefigurer.se\\\/en\\\/figurer\\\/dragon-ball\\\/dragon-ball-z-s-h-figuarts-android-20\\\/#primaryimage\"},\"thumbnailUrl\":\"https:\\\/\\\/animefigurer.se\\\/wp-content\\\/uploads\\\/2025\\\/10\\\/647ddd1332fac.jpeg\",\"datePublished\":\"2025-10-20T15:45:34+00:00\",\"dateModified\":\"2025-12-21T18:27:17+00:00\",\"breadcrumb\":{\"@id\":\"https:\\\/\\\/animefigurer.se\\\/en\\\/figurer\\\/dragon-ball\\\/dragon-ball-z-s-h-figuarts-android-20\\\/#breadcrumb\"},\"inLanguage\":\"en-GB\",\"potentialAction\":[{\"@type\":\"ReadAction\",\"target\":[\"https:\\\/\\\/animefigurer.se\\\/en\\\/figurer\\\/dragon-ball\\\/dragon-ball-z-s-h-figuarts-android-20\\\/\"]}]},{\"@type\":\"ImageObject\",\"inLanguage\":\"en-GB\",\"@id\":\"https:\\\/\\\/animefigurer.se\\\/en\\\/figurer\\\/dragon-ball\\\/dragon-ball-z-s-h-figuarts-android-20\\\/#primaryimage\",\"url\":\"https:\\\/\\\/animefigurer.se\\\/wp-content\\\/uploads\\\/2025\\\/10\\\/647ddd1332fac.jpeg\",\"contentUrl\":\"https:\\\/\\\/animefigurer.se\\\/wp-content\\\/uploads\\\/2025\\\/10\\\/647ddd1332fac.jpeg\",\"width\":720,\"height\":540},{\"@type\":\"BreadcrumbList\",\"@id\":\"https:\\\/\\\/animefigurer.se\\\/en\\\/figurer\\\/dragon-ball\\\/dragon-ball-z-s-h-figuarts-android-20\\\/#breadcrumb\",\"itemListElement\":[{\"@type\":\"ListItem\",\"position\":1,\"name\":\"Home\",\"item\":\"https:\\\/\\\/animefigurer.se\\\/\"},{\"@type\":\"ListItem\",\"position\":2,\"name\":\"Butik\",\"item\":\"https:\\\/\\\/animefigurer.se\\\/figurer\\\/\"},{\"@type\":\"ListItem\",\"position\":3,\"name\":\"Dragon Ball Z S.H.Figuarts Android 20\"}]},{\"@type\":\"WebSite\",\"@id\":\"https:\\\/\\\/animefigurer.se\\\/#website\",\"url\":\"https:\\\/\\\/animefigurer.se\\\/\",\"name\":\"Animefigurer.se\",\"description\":\"Anime figurer fr\u00e5n \u00f6ver 300 olika anime serier med \u00f6ver 9000 produkter | Anime Shop\",\"publisher\":{\"@id\":\"https:\\\/\\\/animefigurer.se\\\/#organization\"},\"potentialAction\":[{\"@type\":\"SearchAction\",\"target\":{\"@type\":\"EntryPoint\",\"urlTemplate\":\"https:\\\/\\\/animefigurer.se\\\/?s={search_term_string}\"},\"query-input\":{\"@type\":\"PropertyValueSpecification\",\"valueRequired\":true,\"valueName\":\"search_term_string\"}}],\"inLanguage\":\"en-GB\"},{\"@type\":\"Organization\",\"@id\":\"https:\\\/\\\/animefigurer.se\\\/#organization\",\"name\":\"Animefigurer.se\",\"alternateName\":\"Anime figurer | Anime shop\",\"url\":\"https:\\\/\\\/animefigurer.se\\\/\",\"logo\":{\"@type\":\"ImageObject\",\"inLanguage\":\"en-GB\",\"@id\":\"https:\\\/\\\/animefigurer.se\\\/#\\\/schema\\\/logo\\\/image\\\/\",\"url\":\"https:\\\/\\\/animefigurer.se\\\/wp-content\\\/uploads\\\/2025\\\/12\\\/Animefigurer_logowhite.png\",\"contentUrl\":\"https:\\\/\\\/animefigurer.se\\\/wp-content\\\/uploads\\\/2025\\\/12\\\/Animefigurer_logowhite.png\",\"width\":1890,\"height\":1417,\"caption\":\"Animefigurer.se\"},\"image\":{\"@id\":\"https:\\\/\\\/animefigurer.se\\\/#\\\/schema\\\/logo\\\/image\\\/\"},\"sameAs\":[\"https:\\\/\\\/www.facebook.com\\\/profile.php?id=61581826539670\",\"https:\\\/\\\/www.instagram.com\\\/animefigurer.se\\\/\"],\"email\":\"info@animefigurer.se\"}]}<\/script>\n<!-- \/ Yoast SEO Premium plugin. -->","yoast_head_json":{"title":"Dragon Ball Z SHFiguarts Android 20 | Animefigurer.se","robots":{"index":"index","follow":"follow","max-snippet":"max-snippet:-1","max-image-preview":"max-image-preview:large","max-video-preview":"max-video-preview:-1"},"canonical":"https:\/\/animefigurer.se\/en\/figurer\/dragon-ball\/dragon-ball-z-s-h-figuarts-android-20\/","og_locale":"en_GB","og_type":"article","og_title":"Dragon Ball Z S.H.Figuarts Android 20","og_description":"ANDROID 20 fr\u00e5n Dragon Ball Z ansluter till S.H.Figuarts! Medf\u00f6ljande ansikten l\u00e5ter dig visa hans karakteristiska sneglande blick, samt alternativ f\u00f6r skrik och h\u00e5n. Ett alternativt huvud g\u00f6r det m\u00f6jligt att visa figuren utan hatt, och en trasig h\u00f6gerarm samt kontrollenhet ing\u00e5r. Dessutom medf\u00f6ljer","og_url":"https:\/\/animefigurer.se\/en\/figurer\/dragon-ball\/dragon-ball-z-s-h-figuarts-android-20\/","og_site_name":"Animefigurer.se","article_publisher":"https:\/\/www.facebook.com\/profile.php?id=61581826539670","article_modified_time":"2025-12-21T18:27:17+00:00","og_image":[{"width":1890,"height":1417,"url":"https:\/\/animefigurer.se\/wp-content\/uploads\/2025\/12\/Animefigurer_logowhite.png","type":"image\/png"}],"twitter_card":"summary_large_image","twitter_misc":{"Estimated reading time":"1 minute"},"schema":{"@context":"https:\/\/schema.org","@graph":[{"@type":"WebPage","@id":"https:\/\/animefigurer.se\/en\/figurer\/dragon-ball\/dragon-ball-z-s-h-figuarts-android-20\/","url":"https:\/\/animefigurer.se\/en\/figurer\/dragon-ball\/dragon-ball-z-s-h-figuarts-android-20\/","name":"Dragon Ball Z SHFiguarts Android 20 | Animefigurer.se","isPartOf":{"@id":"https:\/\/animefigurer.se\/#website"},"primaryImageOfPage":{"@id":"https:\/\/animefigurer.se\/en\/figurer\/dragon-ball\/dragon-ball-z-s-h-figuarts-android-20\/#primaryimage"},"image":{"@id":"https:\/\/animefigurer.se\/en\/figurer\/dragon-ball\/dragon-ball-z-s-h-figuarts-android-20\/#primaryimage"},"thumbnailUrl":"https:\/\/animefigurer.se\/wp-content\/uploads\/2025\/10\/647ddd1332fac.jpeg","datePublished":"2025-10-20T15:45:34+00:00","dateModified":"2025-12-21T18:27:17+00:00","breadcrumb":{"@id":"https:\/\/animefigurer.se\/en\/figurer\/dragon-ball\/dragon-ball-z-s-h-figuarts-android-20\/#breadcrumb"},"inLanguage":"en-GB","potentialAction":[{"@type":"ReadAction","target":["https:\/\/animefigurer.se\/en\/figurer\/dragon-ball\/dragon-ball-z-s-h-figuarts-android-20\/"]}]},{"@type":"ImageObject","inLanguage":"en-GB","@id":"https:\/\/animefigurer.se\/en\/figurer\/dragon-ball\/dragon-ball-z-s-h-figuarts-android-20\/#primaryimage","url":"https:\/\/animefigurer.se\/wp-content\/uploads\/2025\/10\/647ddd1332fac.jpeg","contentUrl":"https:\/\/animefigurer.se\/wp-content\/uploads\/2025\/10\/647ddd1332fac.jpeg","width":720,"height":540},{"@type":"BreadcrumbList","@id":"https:\/\/animefigurer.se\/en\/figurer\/dragon-ball\/dragon-ball-z-s-h-figuarts-android-20\/#breadcrumb","itemListElement":[{"@type":"ListItem","position":1,"name":"Home","item":"https:\/\/animefigurer.se\/"},{"@type":"ListItem","position":2,"name":"Butik","item":"https:\/\/animefigurer.se\/figurer\/"},{"@type":"ListItem","position":3,"name":"Dragon Ball Z S.H.Figuarts Android 20"}]},{"@type":"WebSite","@id":"https:\/\/animefigurer.se\/#website","url":"https:\/\/animefigurer.se\/","name":"Animefigurer.se","description":"Anime figures from over 300 different anime series with over 9000 products | Anime Shop","publisher":{"@id":"https:\/\/animefigurer.se\/#organization"},"potentialAction":[{"@type":"SearchAction","target":{"@type":"EntryPoint","urlTemplate":"https:\/\/animefigurer.se\/?s={search_term_string}"},"query-input":{"@type":"PropertyValueSpecification","valueRequired":true,"valueName":"search_term_string"}}],"inLanguage":"en-GB"},{"@type":"Organization","@id":"https:\/\/animefigurer.se\/#organization","name":"Animefigurer.se","alternateName":"Anime figurer | Anime shop","url":"https:\/\/animefigurer.se\/","logo":{"@type":"ImageObject","inLanguage":"en-GB","@id":"https:\/\/animefigurer.se\/#\/schema\/logo\/image\/","url":"https:\/\/animefigurer.se\/wp-content\/uploads\/2025\/12\/Animefigurer_logowhite.png","contentUrl":"https:\/\/animefigurer.se\/wp-content\/uploads\/2025\/12\/Animefigurer_logowhite.png","width":1890,"height":1417,"caption":"Animefigurer.se"},"image":{"@id":"https:\/\/animefigurer.se\/#\/schema\/logo\/image\/"},"sameAs":["https:\/\/www.facebook.com\/profile.php?id=61581826539670","https:\/\/www.instagram.com\/animefigurer.se\/"],"email":"info@animefigurer.se"}]}},"_links":{"self":[{"href":"https:\/\/animefigurer.se\/en\/wp-json\/wp\/v2\/product\/19932","targetHints":{"allow":["GET"]}}],"collection":[{"href":"https:\/\/animefigurer.se\/en\/wp-json\/wp\/v2\/product"}],"about":[{"href":"https:\/\/animefigurer.se\/en\/wp-json\/wp\/v2\/types\/product"}],"replies":[{"embeddable":true,"href":"https:\/\/animefigurer.se\/en\/wp-json\/wp\/v2\/comments?post=19932"}],"wp:featuredmedia":[{"embeddable":true,"href":"https:\/\/animefigurer.se\/en\/wp-json\/wp\/v2\/media\/19933"}],"wp:attachment":[{"href":"https:\/\/animefigurer.se\/en\/wp-json\/wp\/v2\/media?parent=19932"}],"wp:term":[{"taxonomy":"product_brand","embeddable":true,"href":"https:\/\/animefigurer.se\/en\/wp-json\/wp\/v2\/product_brand?post=19932"},{"taxonomy":"product_cat","embeddable":true,"href":"https:\/\/animefigurer.se\/en\/wp-json\/wp\/v2\/product_cat?post=19932"},{"taxonomy":"product_tag","embeddable":true,"href":"https:\/\/animefigurer.se\/en\/wp-json\/wp\/v2\/product_tag?post=19932"},{"taxonomy":"giftcard-category","embeddable":true,"href":"https:\/\/animefigurer.se\/en\/wp-json\/wp\/v2\/giftcard-category?post=19932"}],"curies":[{"name":"wp","href":"https:\/\/api.w.org\/{rel}","templated":true}]}}