{"id":19609,"date":"2025-10-20T17:43:14","date_gmt":"2025-10-20T15:43:14","guid":{"rendered":"https:\/\/animefigurer.se\/produkt\/disney-campsite-series-d-stage-ds-143-mickey-mouse\/"},"modified":"2025-12-21T19:27:14","modified_gmt":"2025-12-21T18:27:14","slug":"disney-campsite-series-d-stage-ds-143-mickey-mouse","status":"publish","type":"product","link":"https:\/\/animefigurer.se\/en\/figurer\/disney\/disney-campsite-series-d-stage-ds-143-mickey-mouse\/","title":{"rendered":"Disney Campsite Series D-Stage DS-143 Mickey Mouse"},"content":{"rendered":"<p>Have you heard of \u201dglamping\u201d? A playful mix of camping and glamour \u2013 perfect for hanging out with friends in a slightly more luxurious way. Pack your backpack and join Mickey and his friends on a glam adventure!<\/p>\n<p>Beast Kingdom\u2019s \u201dStaging Your Dreams\u201d D-Stage diorama collection introduces a new camping series featuring iconic Disney characters. The vividly crafted collectible figures capture the characters\u2019 personalities in cute poses and bring a 360-degree camping scene to life. The series includes four different styles, with each character coming with unique camping accessories.<\/p>\n<p>In this edition, Mickey is in the grilling mood and brings a luxury camper to the campsite. Minnie and Pluto contribute small, charming tents and picnic mats that create a cozy atmosphere. Chip and Dale are irresistible in the Mongolian tent \u2013 Dale decorates with pine cones while Chip keeps marshmallows ready to be grilled. Goofy and Donald enjoy the peace and fresh air.<\/p>\n<p>Combine all the pieces to create a larger, more detailed campsite! This collection is a must-have for Disney lovers looking to build a summery glamorous scene in their collection.<\/p>","protected":false},"excerpt":{"rendered":"<p>Have you heard of \u201dglamping\u201d? A playful mix of camping and glamour \u2013 perfect for hanging out with friends in a slightly more luxurious way. Pack your backpack and join Mickey and his friends on a glam adventure!<\/p>\n<p>Beast Kingdom&#039;s &quot;Staging Your Dreams&quot; D-Stage Diorama Collection Launches New Camping Series<\/p>","protected":false},"featured_media":19610,"comment_status":"closed","ping_status":"open","template":"","meta":{"_acf_changed":false,"_monsterinsights_skip_tracking":false,"_monsterinsights_sitenote_active":false,"_monsterinsights_sitenote_note":"","_monsterinsights_sitenote_category":0},"product_brand":[6931],"product_cat":[1734],"product_tag":[24],"giftcard-category":[],"class_list":{"0":"post-19609","1":"product","2":"type-product","3":"status-publish","4":"has-post-thumbnail","6":"product_brand-beast-kingdom-toys","7":"product_cat-disney","8":"product_tag-2-3-weeks","9":"pa_franchise-disney","10":"pa_karaktar-mickey-mouse","11":"pa_material-plastic","12":"pa_storlek-10-cm","14":"first","15":"instock","16":"taxable","17":"shipping-taxable","18":"purchasable","19":"product-type-simple"},"acf":[],"yoast_head":"<!-- This site is optimized with the Yoast SEO Premium plugin v24.6 (Yoast SEO v27.6) - https:\/\/yoast.com\/product\/yoast-seo-premium-wordpress\/ -->\n<title>Disney Campsite Series D-Stage DS-143 Mickey Mouse | Animefigurer.se<\/title>\n<meta name=\"robots\" content=\"index, follow, max-snippet:-1, max-image-preview:large, max-video-preview:-1\" \/>\n<link rel=\"canonical\" href=\"https:\/\/animefigurer.se\/en\/figurer\/disney\/disney-campsite-series-d-stage-ds-143-mickey-mouse\/\" \/>\n<meta property=\"og:locale\" content=\"en_GB\" \/>\n<meta property=\"og:type\" content=\"article\" \/>\n<meta property=\"og:title\" content=\"Disney Campsite Series D-Stage DS-143 Mickey Mouse\" \/>\n<meta property=\"og:description\" content=\"Har du h\u00f6rt talas om &quot;glamping&quot;? En lekfull mix av camping och glamour \u2013 perfekt f\u00f6r att umg\u00e5s med v\u00e4nner p\u00e5 ett lite lyxigare s\u00e4tt. Packa ryggs\u00e4cken och f\u00f6lj med Musse och hans v\u00e4nner p\u00e5 ett glammigt \u00e4ventyr! Beast Kingdoms &quot;Staging Your Dreams&quot; D-Stage-dioramakollektion lanserar en ny campingseri\" \/>\n<meta property=\"og:url\" content=\"https:\/\/animefigurer.se\/en\/figurer\/disney\/disney-campsite-series-d-stage-ds-143-mickey-mouse\/\" \/>\n<meta property=\"og:site_name\" content=\"Animefigurer.se\" \/>\n<meta property=\"article:publisher\" content=\"https:\/\/www.facebook.com\/profile.php?id=61581826539670\" \/>\n<meta property=\"article:modified_time\" content=\"2025-12-21T18:27:14+00:00\" \/>\n<meta property=\"og:image\" content=\"https:\/\/animefigurer.se\/wp-content\/uploads\/2025\/12\/Animefigurer_logowhite.png\" \/>\n\t<meta property=\"og:image:width\" content=\"1890\" \/>\n\t<meta property=\"og:image:height\" content=\"1417\" \/>\n\t<meta property=\"og:image:type\" content=\"image\/png\" \/>\n<meta name=\"twitter:card\" content=\"summary_large_image\" \/>\n<meta name=\"twitter:label1\" content=\"Estimated reading time\" \/>\n\t<meta name=\"twitter:data1\" content=\"1 minute\" \/>\n<script type=\"application\/ld+json\" class=\"yoast-schema-graph\">{\"@context\":\"https:\\\/\\\/schema.org\",\"@graph\":[{\"@type\":\"WebPage\",\"@id\":\"https:\\\/\\\/animefigurer.se\\\/figurer\\\/disney\\\/disney-campsite-series-d-stage-ds-143-mickey-mouse\\\/\",\"url\":\"https:\\\/\\\/animefigurer.se\\\/figurer\\\/disney\\\/disney-campsite-series-d-stage-ds-143-mickey-mouse\\\/\",\"name\":\"Disney Campsite Series D-Stage DS-143 Mickey Mouse | Animefigurer.se\",\"isPartOf\":{\"@id\":\"https:\\\/\\\/animefigurer.se\\\/#website\"},\"primaryImageOfPage\":{\"@id\":\"https:\\\/\\\/animefigurer.se\\\/figurer\\\/disney\\\/disney-campsite-series-d-stage-ds-143-mickey-mouse\\\/#primaryimage\"},\"image\":{\"@id\":\"https:\\\/\\\/animefigurer.se\\\/figurer\\\/disney\\\/disney-campsite-series-d-stage-ds-143-mickey-mouse\\\/#primaryimage\"},\"thumbnailUrl\":\"https:\\\/\\\/animefigurer.se\\\/wp-content\\\/uploads\\\/2025\\\/10\\\/664e7d1997113.jpeg\",\"datePublished\":\"2025-10-20T15:43:14+00:00\",\"dateModified\":\"2025-12-21T18:27:14+00:00\",\"breadcrumb\":{\"@id\":\"https:\\\/\\\/animefigurer.se\\\/figurer\\\/disney\\\/disney-campsite-series-d-stage-ds-143-mickey-mouse\\\/#breadcrumb\"},\"inLanguage\":\"en-GB\",\"potentialAction\":[{\"@type\":\"ReadAction\",\"target\":[\"https:\\\/\\\/animefigurer.se\\\/figurer\\\/disney\\\/disney-campsite-series-d-stage-ds-143-mickey-mouse\\\/\"]}]},{\"@type\":\"ImageObject\",\"inLanguage\":\"en-GB\",\"@id\":\"https:\\\/\\\/animefigurer.se\\\/figurer\\\/disney\\\/disney-campsite-series-d-stage-ds-143-mickey-mouse\\\/#primaryimage\",\"url\":\"https:\\\/\\\/animefigurer.se\\\/wp-content\\\/uploads\\\/2025\\\/10\\\/664e7d1997113.jpeg\",\"contentUrl\":\"https:\\\/\\\/animefigurer.se\\\/wp-content\\\/uploads\\\/2025\\\/10\\\/664e7d1997113.jpeg\",\"width\":720,\"height\":540},{\"@type\":\"BreadcrumbList\",\"@id\":\"https:\\\/\\\/animefigurer.se\\\/figurer\\\/disney\\\/disney-campsite-series-d-stage-ds-143-mickey-mouse\\\/#breadcrumb\",\"itemListElement\":[{\"@type\":\"ListItem\",\"position\":1,\"name\":\"Home\",\"item\":\"https:\\\/\\\/animefigurer.se\\\/\"},{\"@type\":\"ListItem\",\"position\":2,\"name\":\"Butik\",\"item\":\"https:\\\/\\\/animefigurer.se\\\/figurer\\\/\"},{\"@type\":\"ListItem\",\"position\":3,\"name\":\"Disney Campsite Series D-Stage DS-143 Mickey Mouse\"}]},{\"@type\":\"WebSite\",\"@id\":\"https:\\\/\\\/animefigurer.se\\\/#website\",\"url\":\"https:\\\/\\\/animefigurer.se\\\/\",\"name\":\"Animefigurer.se\",\"description\":\"Anime figurer fr\u00e5n \u00f6ver 300 olika anime serier med \u00f6ver 9000 produkter | Anime Shop\",\"publisher\":{\"@id\":\"https:\\\/\\\/animefigurer.se\\\/#organization\"},\"potentialAction\":[{\"@type\":\"SearchAction\",\"target\":{\"@type\":\"EntryPoint\",\"urlTemplate\":\"https:\\\/\\\/animefigurer.se\\\/?s={search_term_string}\"},\"query-input\":{\"@type\":\"PropertyValueSpecification\",\"valueRequired\":true,\"valueName\":\"search_term_string\"}}],\"inLanguage\":\"en-GB\"},{\"@type\":\"Organization\",\"@id\":\"https:\\\/\\\/animefigurer.se\\\/#organization\",\"name\":\"Animefigurer.se\",\"alternateName\":\"Anime figurer | Anime shop\",\"url\":\"https:\\\/\\\/animefigurer.se\\\/\",\"logo\":{\"@type\":\"ImageObject\",\"inLanguage\":\"en-GB\",\"@id\":\"https:\\\/\\\/animefigurer.se\\\/#\\\/schema\\\/logo\\\/image\\\/\",\"url\":\"https:\\\/\\\/animefigurer.se\\\/wp-content\\\/uploads\\\/2025\\\/12\\\/Animefigurer_logowhite.png\",\"contentUrl\":\"https:\\\/\\\/animefigurer.se\\\/wp-content\\\/uploads\\\/2025\\\/12\\\/Animefigurer_logowhite.png\",\"width\":1890,\"height\":1417,\"caption\":\"Animefigurer.se\"},\"image\":{\"@id\":\"https:\\\/\\\/animefigurer.se\\\/#\\\/schema\\\/logo\\\/image\\\/\"},\"sameAs\":[\"https:\\\/\\\/www.facebook.com\\\/profile.php?id=61581826539670\",\"https:\\\/\\\/www.instagram.com\\\/animefigurer.se\\\/\"],\"email\":\"info@animefigurer.se\"}]}<\/script>\n<!-- \/ Yoast SEO Premium plugin. -->","yoast_head_json":{"title":"Disney Campsite Series D-Stage DS-143 Mickey Mouse | Animefigurer.se","robots":{"index":"index","follow":"follow","max-snippet":"max-snippet:-1","max-image-preview":"max-image-preview:large","max-video-preview":"max-video-preview:-1"},"canonical":"https:\/\/animefigurer.se\/en\/figurer\/disney\/disney-campsite-series-d-stage-ds-143-mickey-mouse\/","og_locale":"en_GB","og_type":"article","og_title":"Disney Campsite Series D-Stage DS-143 Mickey Mouse","og_description":"Har du h\u00f6rt talas om \"glamping\"? En lekfull mix av camping och glamour \u2013 perfekt f\u00f6r att umg\u00e5s med v\u00e4nner p\u00e5 ett lite lyxigare s\u00e4tt. Packa ryggs\u00e4cken och f\u00f6lj med Musse och hans v\u00e4nner p\u00e5 ett glammigt \u00e4ventyr! Beast Kingdoms \"Staging Your Dreams\" D-Stage-dioramakollektion lanserar en ny campingseri","og_url":"https:\/\/animefigurer.se\/en\/figurer\/disney\/disney-campsite-series-d-stage-ds-143-mickey-mouse\/","og_site_name":"Animefigurer.se","article_publisher":"https:\/\/www.facebook.com\/profile.php?id=61581826539670","article_modified_time":"2025-12-21T18:27:14+00:00","og_image":[{"width":1890,"height":1417,"url":"https:\/\/animefigurer.se\/wp-content\/uploads\/2025\/12\/Animefigurer_logowhite.png","type":"image\/png"}],"twitter_card":"summary_large_image","twitter_misc":{"Estimated reading time":"1 minute"},"schema":{"@context":"https:\/\/schema.org","@graph":[{"@type":"WebPage","@id":"https:\/\/animefigurer.se\/figurer\/disney\/disney-campsite-series-d-stage-ds-143-mickey-mouse\/","url":"https:\/\/animefigurer.se\/figurer\/disney\/disney-campsite-series-d-stage-ds-143-mickey-mouse\/","name":"Disney Campsite Series D-Stage DS-143 Mickey Mouse | Animefigurer.se","isPartOf":{"@id":"https:\/\/animefigurer.se\/#website"},"primaryImageOfPage":{"@id":"https:\/\/animefigurer.se\/figurer\/disney\/disney-campsite-series-d-stage-ds-143-mickey-mouse\/#primaryimage"},"image":{"@id":"https:\/\/animefigurer.se\/figurer\/disney\/disney-campsite-series-d-stage-ds-143-mickey-mouse\/#primaryimage"},"thumbnailUrl":"https:\/\/animefigurer.se\/wp-content\/uploads\/2025\/10\/664e7d1997113.jpeg","datePublished":"2025-10-20T15:43:14+00:00","dateModified":"2025-12-21T18:27:14+00:00","breadcrumb":{"@id":"https:\/\/animefigurer.se\/figurer\/disney\/disney-campsite-series-d-stage-ds-143-mickey-mouse\/#breadcrumb"},"inLanguage":"en-GB","potentialAction":[{"@type":"ReadAction","target":["https:\/\/animefigurer.se\/figurer\/disney\/disney-campsite-series-d-stage-ds-143-mickey-mouse\/"]}]},{"@type":"ImageObject","inLanguage":"en-GB","@id":"https:\/\/animefigurer.se\/figurer\/disney\/disney-campsite-series-d-stage-ds-143-mickey-mouse\/#primaryimage","url":"https:\/\/animefigurer.se\/wp-content\/uploads\/2025\/10\/664e7d1997113.jpeg","contentUrl":"https:\/\/animefigurer.se\/wp-content\/uploads\/2025\/10\/664e7d1997113.jpeg","width":720,"height":540},{"@type":"BreadcrumbList","@id":"https:\/\/animefigurer.se\/figurer\/disney\/disney-campsite-series-d-stage-ds-143-mickey-mouse\/#breadcrumb","itemListElement":[{"@type":"ListItem","position":1,"name":"Home","item":"https:\/\/animefigurer.se\/"},{"@type":"ListItem","position":2,"name":"Butik","item":"https:\/\/animefigurer.se\/figurer\/"},{"@type":"ListItem","position":3,"name":"Disney Campsite Series D-Stage DS-143 Mickey Mouse"}]},{"@type":"WebSite","@id":"https:\/\/animefigurer.se\/#website","url":"https:\/\/animefigurer.se\/","name":"Animefigurer.se","description":"Anime figures from over 300 different anime series with over 9000 products | Anime Shop","publisher":{"@id":"https:\/\/animefigurer.se\/#organization"},"potentialAction":[{"@type":"SearchAction","target":{"@type":"EntryPoint","urlTemplate":"https:\/\/animefigurer.se\/?s={search_term_string}"},"query-input":{"@type":"PropertyValueSpecification","valueRequired":true,"valueName":"search_term_string"}}],"inLanguage":"en-GB"},{"@type":"Organization","@id":"https:\/\/animefigurer.se\/#organization","name":"Animefigurer.se","alternateName":"Anime figurer | Anime shop","url":"https:\/\/animefigurer.se\/","logo":{"@type":"ImageObject","inLanguage":"en-GB","@id":"https:\/\/animefigurer.se\/#\/schema\/logo\/image\/","url":"https:\/\/animefigurer.se\/wp-content\/uploads\/2025\/12\/Animefigurer_logowhite.png","contentUrl":"https:\/\/animefigurer.se\/wp-content\/uploads\/2025\/12\/Animefigurer_logowhite.png","width":1890,"height":1417,"caption":"Animefigurer.se"},"image":{"@id":"https:\/\/animefigurer.se\/#\/schema\/logo\/image\/"},"sameAs":["https:\/\/www.facebook.com\/profile.php?id=61581826539670","https:\/\/www.instagram.com\/animefigurer.se\/"],"email":"info@animefigurer.se"}]}},"_links":{"self":[{"href":"https:\/\/animefigurer.se\/en\/wp-json\/wp\/v2\/product\/19609","targetHints":{"allow":["GET"]}}],"collection":[{"href":"https:\/\/animefigurer.se\/en\/wp-json\/wp\/v2\/product"}],"about":[{"href":"https:\/\/animefigurer.se\/en\/wp-json\/wp\/v2\/types\/product"}],"replies":[{"embeddable":true,"href":"https:\/\/animefigurer.se\/en\/wp-json\/wp\/v2\/comments?post=19609"}],"wp:featuredmedia":[{"embeddable":true,"href":"https:\/\/animefigurer.se\/en\/wp-json\/wp\/v2\/media\/19610"}],"wp:attachment":[{"href":"https:\/\/animefigurer.se\/en\/wp-json\/wp\/v2\/media?parent=19609"}],"wp:term":[{"taxonomy":"product_brand","embeddable":true,"href":"https:\/\/animefigurer.se\/en\/wp-json\/wp\/v2\/product_brand?post=19609"},{"taxonomy":"product_cat","embeddable":true,"href":"https:\/\/animefigurer.se\/en\/wp-json\/wp\/v2\/product_cat?post=19609"},{"taxonomy":"product_tag","embeddable":true,"href":"https:\/\/animefigurer.se\/en\/wp-json\/wp\/v2\/product_tag?post=19609"},{"taxonomy":"giftcard-category","embeddable":true,"href":"https:\/\/animefigurer.se\/en\/wp-json\/wp\/v2\/giftcard-category?post=19609"}],"curies":[{"name":"wp","href":"https:\/\/api.w.org\/{rel}","templated":true}]}}