{"id":19502,"date":"2025-10-20T17:43:14","date_gmt":"2025-10-20T15:43:14","guid":{"rendered":"https:\/\/animefigurer.se\/produkt\/chip-n-dale-syaking-bang-dale-vinyl-piggy-bank\/"},"modified":"2025-12-21T19:27:12","modified_gmt":"2025-12-21T18:27:12","slug":"chip-n-dale-syaking-bang-dale-vinyl-piggy-bank","status":"publish","type":"product","link":"https:\/\/animefigurer.se\/en\/figurer\/disney\/chip-n-dale-syaking-bang-dale-vinyl-piggy-bank\/","title":{"rendered":"Chip &#039;n Dale Syaking-Bang!! Dale Vinyl Piggy Bank"},"content":{"rendered":"<p>From Beast Kingdom in North America \u2014 Chip and Dale bring back childhood memories! The beloved squirrel duo has been charming audiences since 1943 with their signature noses and buck teeth. Beast Kingdom\u2019s SYAKING-BANG!! line now features articulated Dale piggy banks that stand nearly 13 inches tall, with fully posable limbs and heads. Place them in adorable poses to bring life to your desk, office, or display shelf. Fans, don\u2019t miss your chance to save and play with these energetic little squirrels! (Chip and Dale sold separately.)<\/p>","protected":false},"excerpt":{"rendered":"<p>From Beast Kingdom in North America \u2014 Chip and Dale bring back childhood memories! The beloved squirrel duo has been charming audiences since 1943 with their signature noses and buck teeth. Beast Kingdom&#039;s SYAKING-BANG!! line now features articulated Dale piggy banks that stand nearly 13 inches tall, with fully adjustable limbs<\/p>","protected":false},"featured_media":19503,"comment_status":"closed","ping_status":"open","template":"","meta":{"_acf_changed":false,"_monsterinsights_skip_tracking":false,"_monsterinsights_sitenote_active":false,"_monsterinsights_sitenote_note":"","_monsterinsights_sitenote_category":0},"product_brand":[6931],"product_cat":[1734],"product_tag":[24],"giftcard-category":[],"class_list":{"0":"post-19502","1":"product","2":"type-product","3":"status-publish","4":"has-post-thumbnail","6":"product_brand-beast-kingdom-toys","7":"product_cat-disney","8":"product_tag-2-3-weeks","9":"pa_franchise-chip-n-dale","10":"pa_karaktar-dale","11":"pa_material-plastic","12":"pa_storlek-33-cm","14":"first","15":"instock","16":"taxable","17":"shipping-taxable","18":"purchasable","19":"product-type-simple"},"acf":[],"yoast_head":"<!-- This site is optimized with the Yoast SEO Premium plugin v24.6 (Yoast SEO v27.3) - https:\/\/yoast.com\/product\/yoast-seo-premium-wordpress\/ -->\n<title>Chip &#039;n Dale Syaking-Bang!! Dale Vinyl Piggy Bank | Animefigurer.se<\/title>\n<meta name=\"robots\" content=\"index, follow, max-snippet:-1, max-image-preview:large, max-video-preview:-1\" \/>\n<link rel=\"canonical\" href=\"https:\/\/animefigurer.se\/en\/figurer\/disney\/chip-n-dale-syaking-bang-dale-vinyl-piggy-bank\/\" \/>\n<meta property=\"og:locale\" content=\"en_GB\" \/>\n<meta property=\"og:type\" content=\"article\" \/>\n<meta property=\"og:title\" content=\"Chip &#039;n Dale Syaking-Bang!! Dale Vinyl Piggy Bank\" \/>\n<meta property=\"og:description\" content=\"Fr\u00e5n Beast Kingdom i Nordamerika \u2014 Chip och Dale v\u00e4cker barndomsminnen! Den \u00e4lskade ekorrduon har charmat publiken sedan 1943 med sina karakt\u00e4ristiska n\u00e4sor och bockt\u00e4nder. Beast Kingdoms SYAKING-BANG!!-serie presenterar nu ledade Dale-spargrisar som \u00e4r n\u00e4stan 13 tum h\u00f6ga, med fullt justerbara lemma\" \/>\n<meta property=\"og:url\" content=\"https:\/\/animefigurer.se\/en\/figurer\/disney\/chip-n-dale-syaking-bang-dale-vinyl-piggy-bank\/\" \/>\n<meta property=\"og:site_name\" content=\"Animefigurer.se\" \/>\n<meta property=\"article:publisher\" content=\"https:\/\/www.facebook.com\/profile.php?id=61581826539670\" \/>\n<meta property=\"article:modified_time\" content=\"2025-12-21T18:27:12+00:00\" \/>\n<meta property=\"og:image\" content=\"https:\/\/animefigurer.se\/wp-content\/uploads\/2025\/12\/Animefigurer_logowhite.png\" \/>\n\t<meta property=\"og:image:width\" content=\"1890\" \/>\n\t<meta property=\"og:image:height\" content=\"1417\" \/>\n\t<meta property=\"og:image:type\" content=\"image\/png\" \/>\n<meta name=\"twitter:card\" content=\"summary_large_image\" \/>\n<script type=\"application\/ld+json\" class=\"yoast-schema-graph\">{\"@context\":\"https:\\\/\\\/schema.org\",\"@graph\":[{\"@type\":\"WebPage\",\"@id\":\"https:\\\/\\\/animefigurer.se\\\/figurer\\\/disney\\\/chip-n-dale-syaking-bang-dale-vinyl-piggy-bank\\\/\",\"url\":\"https:\\\/\\\/animefigurer.se\\\/figurer\\\/disney\\\/chip-n-dale-syaking-bang-dale-vinyl-piggy-bank\\\/\",\"name\":\"Chip 'n Dale Syaking-Bang!! Dale Vinyl Piggy Bank | Animefigurer.se\",\"isPartOf\":{\"@id\":\"https:\\\/\\\/animefigurer.se\\\/#website\"},\"primaryImageOfPage\":{\"@id\":\"https:\\\/\\\/animefigurer.se\\\/figurer\\\/disney\\\/chip-n-dale-syaking-bang-dale-vinyl-piggy-bank\\\/#primaryimage\"},\"image\":{\"@id\":\"https:\\\/\\\/animefigurer.se\\\/figurer\\\/disney\\\/chip-n-dale-syaking-bang-dale-vinyl-piggy-bank\\\/#primaryimage\"},\"thumbnailUrl\":\"https:\\\/\\\/animefigurer.se\\\/wp-content\\\/uploads\\\/2025\\\/10\\\/67e5e2e60936b.jpeg\",\"datePublished\":\"2025-10-20T15:43:14+00:00\",\"dateModified\":\"2025-12-21T18:27:12+00:00\",\"breadcrumb\":{\"@id\":\"https:\\\/\\\/animefigurer.se\\\/figurer\\\/disney\\\/chip-n-dale-syaking-bang-dale-vinyl-piggy-bank\\\/#breadcrumb\"},\"inLanguage\":\"en-GB\",\"potentialAction\":[{\"@type\":\"ReadAction\",\"target\":[\"https:\\\/\\\/animefigurer.se\\\/figurer\\\/disney\\\/chip-n-dale-syaking-bang-dale-vinyl-piggy-bank\\\/\"]}]},{\"@type\":\"ImageObject\",\"inLanguage\":\"en-GB\",\"@id\":\"https:\\\/\\\/animefigurer.se\\\/figurer\\\/disney\\\/chip-n-dale-syaking-bang-dale-vinyl-piggy-bank\\\/#primaryimage\",\"url\":\"https:\\\/\\\/animefigurer.se\\\/wp-content\\\/uploads\\\/2025\\\/10\\\/67e5e2e60936b.jpeg\",\"contentUrl\":\"https:\\\/\\\/animefigurer.se\\\/wp-content\\\/uploads\\\/2025\\\/10\\\/67e5e2e60936b.jpeg\",\"width\":720,\"height\":540},{\"@type\":\"BreadcrumbList\",\"@id\":\"https:\\\/\\\/animefigurer.se\\\/figurer\\\/disney\\\/chip-n-dale-syaking-bang-dale-vinyl-piggy-bank\\\/#breadcrumb\",\"itemListElement\":[{\"@type\":\"ListItem\",\"position\":1,\"name\":\"Home\",\"item\":\"https:\\\/\\\/animefigurer.se\\\/\"},{\"@type\":\"ListItem\",\"position\":2,\"name\":\"Butik\",\"item\":\"https:\\\/\\\/animefigurer.se\\\/figurer\\\/\"},{\"@type\":\"ListItem\",\"position\":3,\"name\":\"Chip &#8217;n Dale Syaking-Bang!! Dale Vinyl Piggy Bank\"}]},{\"@type\":\"WebSite\",\"@id\":\"https:\\\/\\\/animefigurer.se\\\/#website\",\"url\":\"https:\\\/\\\/animefigurer.se\\\/\",\"name\":\"Animefigurer.se\",\"description\":\"Anime figurer fr\u00e5n \u00f6ver 300 olika anime serier med \u00f6ver 9000 produkter | Anime Shop\",\"publisher\":{\"@id\":\"https:\\\/\\\/animefigurer.se\\\/#organization\"},\"potentialAction\":[{\"@type\":\"SearchAction\",\"target\":{\"@type\":\"EntryPoint\",\"urlTemplate\":\"https:\\\/\\\/animefigurer.se\\\/?s={search_term_string}\"},\"query-input\":{\"@type\":\"PropertyValueSpecification\",\"valueRequired\":true,\"valueName\":\"search_term_string\"}}],\"inLanguage\":\"en-GB\"},{\"@type\":\"Organization\",\"@id\":\"https:\\\/\\\/animefigurer.se\\\/#organization\",\"name\":\"Animefigurer.se\",\"alternateName\":\"Anime figurer | Anime shop\",\"url\":\"https:\\\/\\\/animefigurer.se\\\/\",\"logo\":{\"@type\":\"ImageObject\",\"inLanguage\":\"en-GB\",\"@id\":\"https:\\\/\\\/animefigurer.se\\\/#\\\/schema\\\/logo\\\/image\\\/\",\"url\":\"https:\\\/\\\/animefigurer.se\\\/wp-content\\\/uploads\\\/2025\\\/12\\\/Animefigurer_logowhite.png\",\"contentUrl\":\"https:\\\/\\\/animefigurer.se\\\/wp-content\\\/uploads\\\/2025\\\/12\\\/Animefigurer_logowhite.png\",\"width\":1890,\"height\":1417,\"caption\":\"Animefigurer.se\"},\"image\":{\"@id\":\"https:\\\/\\\/animefigurer.se\\\/#\\\/schema\\\/logo\\\/image\\\/\"},\"sameAs\":[\"https:\\\/\\\/www.facebook.com\\\/profile.php?id=61581826539670\",\"https:\\\/\\\/www.instagram.com\\\/animefigurer.se\\\/\"],\"email\":\"info@animefigurer.se\"}]}<\/script>\n<!-- \/ Yoast SEO Premium plugin. -->","yoast_head_json":{"title":"Chip &#039;n Dale Syaking-Bang!! Dale Vinyl Piggy Bank | Animefigurer.se","robots":{"index":"index","follow":"follow","max-snippet":"max-snippet:-1","max-image-preview":"max-image-preview:large","max-video-preview":"max-video-preview:-1"},"canonical":"https:\/\/animefigurer.se\/en\/figurer\/disney\/chip-n-dale-syaking-bang-dale-vinyl-piggy-bank\/","og_locale":"en_GB","og_type":"article","og_title":"Chip 'n Dale Syaking-Bang!! Dale Vinyl Piggy Bank","og_description":"Fr\u00e5n Beast Kingdom i Nordamerika \u2014 Chip och Dale v\u00e4cker barndomsminnen! Den \u00e4lskade ekorrduon har charmat publiken sedan 1943 med sina karakt\u00e4ristiska n\u00e4sor och bockt\u00e4nder. Beast Kingdoms SYAKING-BANG!!-serie presenterar nu ledade Dale-spargrisar som \u00e4r n\u00e4stan 13 tum h\u00f6ga, med fullt justerbara lemma","og_url":"https:\/\/animefigurer.se\/en\/figurer\/disney\/chip-n-dale-syaking-bang-dale-vinyl-piggy-bank\/","og_site_name":"Animefigurer.se","article_publisher":"https:\/\/www.facebook.com\/profile.php?id=61581826539670","article_modified_time":"2025-12-21T18:27:12+00:00","og_image":[{"width":1890,"height":1417,"url":"https:\/\/animefigurer.se\/wp-content\/uploads\/2025\/12\/Animefigurer_logowhite.png","type":"image\/png"}],"twitter_card":"summary_large_image","schema":{"@context":"https:\/\/schema.org","@graph":[{"@type":"WebPage","@id":"https:\/\/animefigurer.se\/figurer\/disney\/chip-n-dale-syaking-bang-dale-vinyl-piggy-bank\/","url":"https:\/\/animefigurer.se\/figurer\/disney\/chip-n-dale-syaking-bang-dale-vinyl-piggy-bank\/","name":"Chip &#039;n Dale Syaking-Bang!! Dale Vinyl Piggy Bank | Animefigurer.se","isPartOf":{"@id":"https:\/\/animefigurer.se\/#website"},"primaryImageOfPage":{"@id":"https:\/\/animefigurer.se\/figurer\/disney\/chip-n-dale-syaking-bang-dale-vinyl-piggy-bank\/#primaryimage"},"image":{"@id":"https:\/\/animefigurer.se\/figurer\/disney\/chip-n-dale-syaking-bang-dale-vinyl-piggy-bank\/#primaryimage"},"thumbnailUrl":"https:\/\/animefigurer.se\/wp-content\/uploads\/2025\/10\/67e5e2e60936b.jpeg","datePublished":"2025-10-20T15:43:14+00:00","dateModified":"2025-12-21T18:27:12+00:00","breadcrumb":{"@id":"https:\/\/animefigurer.se\/figurer\/disney\/chip-n-dale-syaking-bang-dale-vinyl-piggy-bank\/#breadcrumb"},"inLanguage":"en-GB","potentialAction":[{"@type":"ReadAction","target":["https:\/\/animefigurer.se\/figurer\/disney\/chip-n-dale-syaking-bang-dale-vinyl-piggy-bank\/"]}]},{"@type":"ImageObject","inLanguage":"en-GB","@id":"https:\/\/animefigurer.se\/figurer\/disney\/chip-n-dale-syaking-bang-dale-vinyl-piggy-bank\/#primaryimage","url":"https:\/\/animefigurer.se\/wp-content\/uploads\/2025\/10\/67e5e2e60936b.jpeg","contentUrl":"https:\/\/animefigurer.se\/wp-content\/uploads\/2025\/10\/67e5e2e60936b.jpeg","width":720,"height":540},{"@type":"BreadcrumbList","@id":"https:\/\/animefigurer.se\/figurer\/disney\/chip-n-dale-syaking-bang-dale-vinyl-piggy-bank\/#breadcrumb","itemListElement":[{"@type":"ListItem","position":1,"name":"Home","item":"https:\/\/animefigurer.se\/"},{"@type":"ListItem","position":2,"name":"Butik","item":"https:\/\/animefigurer.se\/figurer\/"},{"@type":"ListItem","position":3,"name":"Chip &#8217;n Dale Syaking-Bang!! Dale Vinyl Piggy Bank"}]},{"@type":"WebSite","@id":"https:\/\/animefigurer.se\/#website","url":"https:\/\/animefigurer.se\/","name":"Animefigurer.se","description":"Anime figures from over 300 different anime series with over 9000 products | Anime Shop","publisher":{"@id":"https:\/\/animefigurer.se\/#organization"},"potentialAction":[{"@type":"SearchAction","target":{"@type":"EntryPoint","urlTemplate":"https:\/\/animefigurer.se\/?s={search_term_string}"},"query-input":{"@type":"PropertyValueSpecification","valueRequired":true,"valueName":"search_term_string"}}],"inLanguage":"en-GB"},{"@type":"Organization","@id":"https:\/\/animefigurer.se\/#organization","name":"Animefigurer.se","alternateName":"Anime figurer | Anime shop","url":"https:\/\/animefigurer.se\/","logo":{"@type":"ImageObject","inLanguage":"en-GB","@id":"https:\/\/animefigurer.se\/#\/schema\/logo\/image\/","url":"https:\/\/animefigurer.se\/wp-content\/uploads\/2025\/12\/Animefigurer_logowhite.png","contentUrl":"https:\/\/animefigurer.se\/wp-content\/uploads\/2025\/12\/Animefigurer_logowhite.png","width":1890,"height":1417,"caption":"Animefigurer.se"},"image":{"@id":"https:\/\/animefigurer.se\/#\/schema\/logo\/image\/"},"sameAs":["https:\/\/www.facebook.com\/profile.php?id=61581826539670","https:\/\/www.instagram.com\/animefigurer.se\/"],"email":"info@animefigurer.se"}]}},"_links":{"self":[{"href":"https:\/\/animefigurer.se\/en\/wp-json\/wp\/v2\/product\/19502","targetHints":{"allow":["GET"]}}],"collection":[{"href":"https:\/\/animefigurer.se\/en\/wp-json\/wp\/v2\/product"}],"about":[{"href":"https:\/\/animefigurer.se\/en\/wp-json\/wp\/v2\/types\/product"}],"replies":[{"embeddable":true,"href":"https:\/\/animefigurer.se\/en\/wp-json\/wp\/v2\/comments?post=19502"}],"wp:featuredmedia":[{"embeddable":true,"href":"https:\/\/animefigurer.se\/en\/wp-json\/wp\/v2\/media\/19503"}],"wp:attachment":[{"href":"https:\/\/animefigurer.se\/en\/wp-json\/wp\/v2\/media?parent=19502"}],"wp:term":[{"taxonomy":"product_brand","embeddable":true,"href":"https:\/\/animefigurer.se\/en\/wp-json\/wp\/v2\/product_brand?post=19502"},{"taxonomy":"product_cat","embeddable":true,"href":"https:\/\/animefigurer.se\/en\/wp-json\/wp\/v2\/product_cat?post=19502"},{"taxonomy":"product_tag","embeddable":true,"href":"https:\/\/animefigurer.se\/en\/wp-json\/wp\/v2\/product_tag?post=19502"},{"taxonomy":"giftcard-category","embeddable":true,"href":"https:\/\/animefigurer.se\/en\/wp-json\/wp\/v2\/giftcard-category?post=19502"}],"curies":[{"name":"wp","href":"https:\/\/api.w.org\/{rel}","templated":true}]}}