{"id":17942,"date":"2025-10-20T17:35:40","date_gmt":"2025-10-20T15:35:40","guid":{"rendered":"https:\/\/animefigurer.se\/produkt\/demon-slayer-kimetsu-no-yaiba-figuarts-zero-tanjiro-kamado-kyojuro-rengokus-sword-guard-ver\/"},"modified":"2025-12-21T19:26:50","modified_gmt":"2025-12-21T18:26:50","slug":"demon-slayer-kimetsu-no-yaiba-figuarts-zero-tanjiro-kamado-kyojuro-rengokus-sword-guard-ver","status":"publish","type":"product","link":"https:\/\/animefigurer.se\/en\/figurer\/demon-slayer-kimetsu-no-yaiba\/demon-slayer-kimetsu-no-yaiba-figuarts-zero-tanjiro-kamado-kyojuro-rengokus-sword-guard-ver\/","title":{"rendered":"Demon Slayer: Kimetsu no Yaiba Figuarts ZERO Tanjiro Kamado (Kyojuro Rengoku&#039;s Sword Guard Ver.)"},"content":{"rendered":"<p>Figuarts ZERO Tanjiro Kamado (Kyojuro Rengoku&#039;s Sword Guard Ver.) shows Tanjiro after his birthmark appears and reminisces about the final battle. The figure comes with new paint and Rengoku&#039;s Nichirin Sword for a renewed look.<\/p>","protected":false},"excerpt":{"rendered":"<p>Figuarts ZERO Tanjiro Kamado (Kyojuro Rengoku&#039;s Sword Guard Ver.) shows Tanjiro after his birthmark appears and reminisces about the final battle. The figure comes with new paint and Rengoku&#039;s Nichirin Sword for a renewed look.<\/p>","protected":false},"featured_media":17943,"comment_status":"closed","ping_status":"open","template":"","meta":{"_acf_changed":false,"_monsterinsights_skip_tracking":false,"_monsterinsights_sitenote_active":false,"_monsterinsights_sitenote_note":"","_monsterinsights_sitenote_category":0},"product_brand":[6927],"product_cat":[1603],"product_tag":[24],"giftcard-category":[],"class_list":{"0":"post-17942","1":"product","2":"type-product","3":"status-publish","4":"has-post-thumbnail","6":"product_brand-bandai-tamashii-nations","7":"product_cat-demon-slayer-kimetsu-no-yaiba","8":"product_tag-2-3-weeks","9":"pa_franchise-demon-slayer-kimetsu-no-yaiba","10":"pa_karaktar-tanjiro-kamado","11":"pa_material-pvc-abs","12":"pa_produktserie-figuarts-zero","13":"pa_storlek-20-cm","15":"first","16":"instock","17":"taxable","18":"shipping-taxable","19":"purchasable","20":"product-type-simple"},"acf":[],"yoast_head":"<!-- This site is optimized with the Yoast SEO Premium plugin v24.6 (Yoast SEO v27.3) - https:\/\/yoast.com\/product\/yoast-seo-premium-wordpress\/ -->\n<title>Demon Slayer: Kimetsu no Yaiba Figuarts ZERO Tanjiro Kamado (Kyojuro Rengoku&#039;s Sword Guard Ver.) | Animefigurer.se<\/title>\n<meta name=\"robots\" content=\"index, follow, max-snippet:-1, max-image-preview:large, max-video-preview:-1\" \/>\n<link rel=\"canonical\" href=\"https:\/\/animefigurer.se\/en\/figurer\/demon-slayer-kimetsu-no-yaiba\/demon-slayer-kimetsu-no-yaiba-figuarts-zero-tanjiro-kamado-kyojuro-rengokus-sword-guard-ver\/\" \/>\n<meta property=\"og:locale\" content=\"en_GB\" \/>\n<meta property=\"og:type\" content=\"article\" \/>\n<meta property=\"og:title\" content=\"Demon Slayer: Kimetsu no Yaiba Figuarts ZERO Tanjiro Kamado (Kyojuro Rengoku&#039;s Sword Guard Ver.)\" \/>\n<meta property=\"og:description\" content=\"Figuarts ZERO Tanjiro Kamado (Kyojuro Rengoku\u2019s Sword Guard Ver.) visar Tanjiro efter att f\u00f6delsem\u00e4rket dykt upp och erinrar om den sista striden. Figuren kommer med ny lack och Rengokus Nichirin Sword f\u00f6r ett f\u00f6rnyat intryck.\" \/>\n<meta property=\"og:url\" content=\"https:\/\/animefigurer.se\/en\/figurer\/demon-slayer-kimetsu-no-yaiba\/demon-slayer-kimetsu-no-yaiba-figuarts-zero-tanjiro-kamado-kyojuro-rengokus-sword-guard-ver\/\" \/>\n<meta property=\"og:site_name\" content=\"Animefigurer.se\" \/>\n<meta property=\"article:publisher\" content=\"https:\/\/www.facebook.com\/profile.php?id=61581826539670\" \/>\n<meta property=\"article:modified_time\" content=\"2025-12-21T18:26:50+00:00\" \/>\n<meta property=\"og:image\" content=\"https:\/\/animefigurer.se\/wp-content\/uploads\/2025\/12\/Animefigurer_logowhite.png\" \/>\n\t<meta property=\"og:image:width\" content=\"1890\" \/>\n\t<meta property=\"og:image:height\" content=\"1417\" \/>\n\t<meta property=\"og:image:type\" content=\"image\/png\" \/>\n<meta name=\"twitter:card\" content=\"summary_large_image\" \/>\n<script type=\"application\/ld+json\" class=\"yoast-schema-graph\">{\"@context\":\"https:\\\/\\\/schema.org\",\"@graph\":[{\"@type\":\"WebPage\",\"@id\":\"https:\\\/\\\/animefigurer.se\\\/en\\\/figurer\\\/demon-slayer-kimetsu-no-yaiba\\\/demon-slayer-kimetsu-no-yaiba-figuarts-zero-tanjiro-kamado-kyojuro-rengokus-sword-guard-ver\\\/\",\"url\":\"https:\\\/\\\/animefigurer.se\\\/en\\\/figurer\\\/demon-slayer-kimetsu-no-yaiba\\\/demon-slayer-kimetsu-no-yaiba-figuarts-zero-tanjiro-kamado-kyojuro-rengokus-sword-guard-ver\\\/\",\"name\":\"Demon Slayer: Kimetsu no Yaiba Figuarts ZERO Tanjiro Kamado (Kyojuro Rengoku's Sword Guard Ver.) | Animefigurer.se\",\"isPartOf\":{\"@id\":\"https:\\\/\\\/animefigurer.se\\\/#website\"},\"primaryImageOfPage\":{\"@id\":\"https:\\\/\\\/animefigurer.se\\\/en\\\/figurer\\\/demon-slayer-kimetsu-no-yaiba\\\/demon-slayer-kimetsu-no-yaiba-figuarts-zero-tanjiro-kamado-kyojuro-rengokus-sword-guard-ver\\\/#primaryimage\"},\"image\":{\"@id\":\"https:\\\/\\\/animefigurer.se\\\/en\\\/figurer\\\/demon-slayer-kimetsu-no-yaiba\\\/demon-slayer-kimetsu-no-yaiba-figuarts-zero-tanjiro-kamado-kyojuro-rengokus-sword-guard-ver\\\/#primaryimage\"},\"thumbnailUrl\":\"https:\\\/\\\/animefigurer.se\\\/wp-content\\\/uploads\\\/2025\\\/10\\\/67ccad7cc1d57.jpeg\",\"datePublished\":\"2025-10-20T15:35:40+00:00\",\"dateModified\":\"2025-12-21T18:26:50+00:00\",\"breadcrumb\":{\"@id\":\"https:\\\/\\\/animefigurer.se\\\/en\\\/figurer\\\/demon-slayer-kimetsu-no-yaiba\\\/demon-slayer-kimetsu-no-yaiba-figuarts-zero-tanjiro-kamado-kyojuro-rengokus-sword-guard-ver\\\/#breadcrumb\"},\"inLanguage\":\"en-GB\",\"potentialAction\":[{\"@type\":\"ReadAction\",\"target\":[\"https:\\\/\\\/animefigurer.se\\\/en\\\/figurer\\\/demon-slayer-kimetsu-no-yaiba\\\/demon-slayer-kimetsu-no-yaiba-figuarts-zero-tanjiro-kamado-kyojuro-rengokus-sword-guard-ver\\\/\"]}]},{\"@type\":\"ImageObject\",\"inLanguage\":\"en-GB\",\"@id\":\"https:\\\/\\\/animefigurer.se\\\/en\\\/figurer\\\/demon-slayer-kimetsu-no-yaiba\\\/demon-slayer-kimetsu-no-yaiba-figuarts-zero-tanjiro-kamado-kyojuro-rengokus-sword-guard-ver\\\/#primaryimage\",\"url\":\"https:\\\/\\\/animefigurer.se\\\/wp-content\\\/uploads\\\/2025\\\/10\\\/67ccad7cc1d57.jpeg\",\"contentUrl\":\"https:\\\/\\\/animefigurer.se\\\/wp-content\\\/uploads\\\/2025\\\/10\\\/67ccad7cc1d57.jpeg\",\"width\":720,\"height\":540},{\"@type\":\"BreadcrumbList\",\"@id\":\"https:\\\/\\\/animefigurer.se\\\/en\\\/figurer\\\/demon-slayer-kimetsu-no-yaiba\\\/demon-slayer-kimetsu-no-yaiba-figuarts-zero-tanjiro-kamado-kyojuro-rengokus-sword-guard-ver\\\/#breadcrumb\",\"itemListElement\":[{\"@type\":\"ListItem\",\"position\":1,\"name\":\"Home\",\"item\":\"https:\\\/\\\/animefigurer.se\\\/\"},{\"@type\":\"ListItem\",\"position\":2,\"name\":\"Butik\",\"item\":\"https:\\\/\\\/animefigurer.se\\\/figurer\\\/\"},{\"@type\":\"ListItem\",\"position\":3,\"name\":\"Demon Slayer: Kimetsu no Yaiba Figuarts ZERO Tanjiro Kamado (Kyojuro Rengoku&#8217;s Sword Guard Ver.)\"}]},{\"@type\":\"WebSite\",\"@id\":\"https:\\\/\\\/animefigurer.se\\\/#website\",\"url\":\"https:\\\/\\\/animefigurer.se\\\/\",\"name\":\"Animefigurer.se\",\"description\":\"Anime figurer fr\u00e5n \u00f6ver 300 olika anime serier med \u00f6ver 9000 produkter | Anime Shop\",\"publisher\":{\"@id\":\"https:\\\/\\\/animefigurer.se\\\/#organization\"},\"potentialAction\":[{\"@type\":\"SearchAction\",\"target\":{\"@type\":\"EntryPoint\",\"urlTemplate\":\"https:\\\/\\\/animefigurer.se\\\/?s={search_term_string}\"},\"query-input\":{\"@type\":\"PropertyValueSpecification\",\"valueRequired\":true,\"valueName\":\"search_term_string\"}}],\"inLanguage\":\"en-GB\"},{\"@type\":\"Organization\",\"@id\":\"https:\\\/\\\/animefigurer.se\\\/#organization\",\"name\":\"Animefigurer.se\",\"alternateName\":\"Anime figurer | Anime shop\",\"url\":\"https:\\\/\\\/animefigurer.se\\\/\",\"logo\":{\"@type\":\"ImageObject\",\"inLanguage\":\"en-GB\",\"@id\":\"https:\\\/\\\/animefigurer.se\\\/#\\\/schema\\\/logo\\\/image\\\/\",\"url\":\"https:\\\/\\\/animefigurer.se\\\/wp-content\\\/uploads\\\/2025\\\/12\\\/Animefigurer_logowhite.png\",\"contentUrl\":\"https:\\\/\\\/animefigurer.se\\\/wp-content\\\/uploads\\\/2025\\\/12\\\/Animefigurer_logowhite.png\",\"width\":1890,\"height\":1417,\"caption\":\"Animefigurer.se\"},\"image\":{\"@id\":\"https:\\\/\\\/animefigurer.se\\\/#\\\/schema\\\/logo\\\/image\\\/\"},\"sameAs\":[\"https:\\\/\\\/www.facebook.com\\\/profile.php?id=61581826539670\",\"https:\\\/\\\/www.instagram.com\\\/animefigurer.se\\\/\"],\"email\":\"info@animefigurer.se\"}]}<\/script>\n<!-- \/ Yoast SEO Premium plugin. -->","yoast_head_json":{"title":"Demon Slayer: Kimetsu no Yaiba Figuarts ZERO Tanjiro Kamado (Kyojuro Rengoku&#039;s Sword Guard Ver.) | Animefigurer.se","robots":{"index":"index","follow":"follow","max-snippet":"max-snippet:-1","max-image-preview":"max-image-preview:large","max-video-preview":"max-video-preview:-1"},"canonical":"https:\/\/animefigurer.se\/en\/figurer\/demon-slayer-kimetsu-no-yaiba\/demon-slayer-kimetsu-no-yaiba-figuarts-zero-tanjiro-kamado-kyojuro-rengokus-sword-guard-ver\/","og_locale":"en_GB","og_type":"article","og_title":"Demon Slayer: Kimetsu no Yaiba Figuarts ZERO Tanjiro Kamado (Kyojuro Rengoku's Sword Guard Ver.)","og_description":"Figuarts ZERO Tanjiro Kamado (Kyojuro Rengoku\u2019s Sword Guard Ver.) visar Tanjiro efter att f\u00f6delsem\u00e4rket dykt upp och erinrar om den sista striden. Figuren kommer med ny lack och Rengokus Nichirin Sword f\u00f6r ett f\u00f6rnyat intryck.","og_url":"https:\/\/animefigurer.se\/en\/figurer\/demon-slayer-kimetsu-no-yaiba\/demon-slayer-kimetsu-no-yaiba-figuarts-zero-tanjiro-kamado-kyojuro-rengokus-sword-guard-ver\/","og_site_name":"Animefigurer.se","article_publisher":"https:\/\/www.facebook.com\/profile.php?id=61581826539670","article_modified_time":"2025-12-21T18:26:50+00:00","og_image":[{"width":1890,"height":1417,"url":"https:\/\/animefigurer.se\/wp-content\/uploads\/2025\/12\/Animefigurer_logowhite.png","type":"image\/png"}],"twitter_card":"summary_large_image","schema":{"@context":"https:\/\/schema.org","@graph":[{"@type":"WebPage","@id":"https:\/\/animefigurer.se\/en\/figurer\/demon-slayer-kimetsu-no-yaiba\/demon-slayer-kimetsu-no-yaiba-figuarts-zero-tanjiro-kamado-kyojuro-rengokus-sword-guard-ver\/","url":"https:\/\/animefigurer.se\/en\/figurer\/demon-slayer-kimetsu-no-yaiba\/demon-slayer-kimetsu-no-yaiba-figuarts-zero-tanjiro-kamado-kyojuro-rengokus-sword-guard-ver\/","name":"Demon Slayer: Kimetsu no Yaiba Figuarts ZERO Tanjiro Kamado (Kyojuro Rengoku&#039;s Sword Guard Ver.) | Animefigurer.se","isPartOf":{"@id":"https:\/\/animefigurer.se\/#website"},"primaryImageOfPage":{"@id":"https:\/\/animefigurer.se\/en\/figurer\/demon-slayer-kimetsu-no-yaiba\/demon-slayer-kimetsu-no-yaiba-figuarts-zero-tanjiro-kamado-kyojuro-rengokus-sword-guard-ver\/#primaryimage"},"image":{"@id":"https:\/\/animefigurer.se\/en\/figurer\/demon-slayer-kimetsu-no-yaiba\/demon-slayer-kimetsu-no-yaiba-figuarts-zero-tanjiro-kamado-kyojuro-rengokus-sword-guard-ver\/#primaryimage"},"thumbnailUrl":"https:\/\/animefigurer.se\/wp-content\/uploads\/2025\/10\/67ccad7cc1d57.jpeg","datePublished":"2025-10-20T15:35:40+00:00","dateModified":"2025-12-21T18:26:50+00:00","breadcrumb":{"@id":"https:\/\/animefigurer.se\/en\/figurer\/demon-slayer-kimetsu-no-yaiba\/demon-slayer-kimetsu-no-yaiba-figuarts-zero-tanjiro-kamado-kyojuro-rengokus-sword-guard-ver\/#breadcrumb"},"inLanguage":"en-GB","potentialAction":[{"@type":"ReadAction","target":["https:\/\/animefigurer.se\/en\/figurer\/demon-slayer-kimetsu-no-yaiba\/demon-slayer-kimetsu-no-yaiba-figuarts-zero-tanjiro-kamado-kyojuro-rengokus-sword-guard-ver\/"]}]},{"@type":"ImageObject","inLanguage":"en-GB","@id":"https:\/\/animefigurer.se\/en\/figurer\/demon-slayer-kimetsu-no-yaiba\/demon-slayer-kimetsu-no-yaiba-figuarts-zero-tanjiro-kamado-kyojuro-rengokus-sword-guard-ver\/#primaryimage","url":"https:\/\/animefigurer.se\/wp-content\/uploads\/2025\/10\/67ccad7cc1d57.jpeg","contentUrl":"https:\/\/animefigurer.se\/wp-content\/uploads\/2025\/10\/67ccad7cc1d57.jpeg","width":720,"height":540},{"@type":"BreadcrumbList","@id":"https:\/\/animefigurer.se\/en\/figurer\/demon-slayer-kimetsu-no-yaiba\/demon-slayer-kimetsu-no-yaiba-figuarts-zero-tanjiro-kamado-kyojuro-rengokus-sword-guard-ver\/#breadcrumb","itemListElement":[{"@type":"ListItem","position":1,"name":"Home","item":"https:\/\/animefigurer.se\/"},{"@type":"ListItem","position":2,"name":"Butik","item":"https:\/\/animefigurer.se\/figurer\/"},{"@type":"ListItem","position":3,"name":"Demon Slayer: Kimetsu no Yaiba Figuarts ZERO Tanjiro Kamado (Kyojuro Rengoku&#8217;s Sword Guard Ver.)"}]},{"@type":"WebSite","@id":"https:\/\/animefigurer.se\/#website","url":"https:\/\/animefigurer.se\/","name":"Animefigurer.se","description":"Anime figures from over 300 different anime series with over 9000 products | Anime Shop","publisher":{"@id":"https:\/\/animefigurer.se\/#organization"},"potentialAction":[{"@type":"SearchAction","target":{"@type":"EntryPoint","urlTemplate":"https:\/\/animefigurer.se\/?s={search_term_string}"},"query-input":{"@type":"PropertyValueSpecification","valueRequired":true,"valueName":"search_term_string"}}],"inLanguage":"en-GB"},{"@type":"Organization","@id":"https:\/\/animefigurer.se\/#organization","name":"Animefigurer.se","alternateName":"Anime figurer | Anime shop","url":"https:\/\/animefigurer.se\/","logo":{"@type":"ImageObject","inLanguage":"en-GB","@id":"https:\/\/animefigurer.se\/#\/schema\/logo\/image\/","url":"https:\/\/animefigurer.se\/wp-content\/uploads\/2025\/12\/Animefigurer_logowhite.png","contentUrl":"https:\/\/animefigurer.se\/wp-content\/uploads\/2025\/12\/Animefigurer_logowhite.png","width":1890,"height":1417,"caption":"Animefigurer.se"},"image":{"@id":"https:\/\/animefigurer.se\/#\/schema\/logo\/image\/"},"sameAs":["https:\/\/www.facebook.com\/profile.php?id=61581826539670","https:\/\/www.instagram.com\/animefigurer.se\/"],"email":"info@animefigurer.se"}]}},"_links":{"self":[{"href":"https:\/\/animefigurer.se\/en\/wp-json\/wp\/v2\/product\/17942","targetHints":{"allow":["GET"]}}],"collection":[{"href":"https:\/\/animefigurer.se\/en\/wp-json\/wp\/v2\/product"}],"about":[{"href":"https:\/\/animefigurer.se\/en\/wp-json\/wp\/v2\/types\/product"}],"replies":[{"embeddable":true,"href":"https:\/\/animefigurer.se\/en\/wp-json\/wp\/v2\/comments?post=17942"}],"wp:featuredmedia":[{"embeddable":true,"href":"https:\/\/animefigurer.se\/en\/wp-json\/wp\/v2\/media\/17943"}],"wp:attachment":[{"href":"https:\/\/animefigurer.se\/en\/wp-json\/wp\/v2\/media?parent=17942"}],"wp:term":[{"taxonomy":"product_brand","embeddable":true,"href":"https:\/\/animefigurer.se\/en\/wp-json\/wp\/v2\/product_brand?post=17942"},{"taxonomy":"product_cat","embeddable":true,"href":"https:\/\/animefigurer.se\/en\/wp-json\/wp\/v2\/product_cat?post=17942"},{"taxonomy":"product_tag","embeddable":true,"href":"https:\/\/animefigurer.se\/en\/wp-json\/wp\/v2\/product_tag?post=17942"},{"taxonomy":"giftcard-category","embeddable":true,"href":"https:\/\/animefigurer.se\/en\/wp-json\/wp\/v2\/giftcard-category?post=17942"}],"curies":[{"name":"wp","href":"https:\/\/api.w.org\/{rel}","templated":true}]}}