{"id":17090,"date":"2025-10-20T17:31:47","date_gmt":"2025-10-20T15:31:47","guid":{"rendered":"https:\/\/animefigurer.se\/produkt\/death-stranding-2-on-the-beach-vgm-sam-porter-bridges-deluxe-ver-1-6th-collectible-figure\/"},"modified":"2025-12-21T19:26:37","modified_gmt":"2025-12-21T18:26:37","slug":"death-stranding-2-on-the-beach-vgm-sam-porter-bridges-deluxe-ver-1-6th-collectible-figure","status":"publish","type":"product","link":"https:\/\/animefigurer.se\/en\/figurer\/death-stranding\/death-stranding-2-on-the-beach-vgm-sam-porter-bridges-deluxe-ver-1-6th-collectible-figure\/","title":{"rendered":"Death Stranding 2: On The Beach VGM Sam Porter Bridges (Deluxe Ver.) 1\/6th Collectible Figure"},"content":{"rendered":"<p>In Death Stranding 2: On the Beach, Sam Porter Bridges travels through post-apocalyptic Australia to rebuild the Chiral Network and link communities together under new threats.<\/p>\n<p>Hot Toys proudly presents the 1\/6th scale Sam Porter Bridges Collectible Figure (Deluxe Version) \u2014 an upgraded edition packed with more accessories and display options. Like the standard version, this action figure features a head sculpt with rolling eyeballs and detailed dark brown hair, a drawbridge suit with UV light reflective effect, full body harness, a removable combat skeleton, back armor with Odradek scanner, and transport boots for a worn, realistic look.<\/p>\n<p>The Deluxe version also includes an extra Blood Boomerang in open position, two Rubber Pizzas, and an extra cargo container in damaged condition for more display options. The base is the LED-lit APAS 4000 diorama figure base that elevates the presentation and helps recreate scenes from the game.<\/p>\n<p>The backpack holds magnetically attachable items such as the back protector, chiral anti-gravity unit, chiral crystal holder and grenade pouches. The full-body harness also holds an extra ammo canister, pistol holster, canteen, tool pouch, grenade pouches and the quirky Dollman companion. Sam comes equipped with his Strand, weapons and the iconic BB Pod with two interchangeable status options. Nice details such as the Electrobiote charm and BB Pod charm are also included.<\/p>\n<p>A deluxe version for fans who want to celebrate Sam&#039;s journey in Death Stranding 2: On the Beach.<\/p>","protected":false},"excerpt":{"rendered":"<p>In Death Stranding 2: On the Beach, Sam Porter Bridges travels through post-apocalyptic Australia to rebuild the Chiral Network and link communities together under new threats.<\/p>\n<p>Hot Toys proudly presents the 1\/6th scale Sam Porter Bridges Collectible Figure (Deluxe Version) \u2014 an upgraded edition packed with fl<\/p>","protected":false},"featured_media":17091,"comment_status":"closed","ping_status":"open","template":"","meta":{"_acf_changed":false,"_monsterinsights_skip_tracking":false,"_monsterinsights_sitenote_active":false,"_monsterinsights_sitenote_note":"","_monsterinsights_sitenote_category":0},"product_brand":[7024],"product_cat":[1585,7233],"product_tag":[26],"giftcard-category":[],"class_list":{"0":"post-17090","1":"product","2":"type-product","3":"status-publish","4":"has-post-thumbnail","6":"product_brand-hot-toys","7":"product_cat-death-stranding","8":"product_cat-pre-order","9":"product_tag-pre-order","10":"pa_franchise-death-stranding","11":"pa_karaktar-sam-porter-bridges","12":"pa_material-plastic","13":"pa_skala-57","14":"pa_storlek-31-cm","16":"first","17":"instock","18":"taxable","19":"shipping-taxable","20":"purchasable","21":"product-type-simple"},"acf":[],"yoast_head":"<!-- This site is optimized with the Yoast SEO Premium plugin v24.6 (Yoast SEO v27.3) - https:\/\/yoast.com\/product\/yoast-seo-premium-wordpress\/ -->\n<title>Death Stranding 2: On The Beach VGM Sam Porter Bridges (Deluxe Ver.) 1\/6th Collectible Figure | Animefigurer.se<\/title>\n<meta name=\"robots\" content=\"index, follow, max-snippet:-1, max-image-preview:large, max-video-preview:-1\" \/>\n<link rel=\"canonical\" href=\"https:\/\/animefigurer.se\/en\/figurer\/death-stranding\/death-stranding-2-on-the-beach-vgm-sam-porter-bridges-deluxe-ver-1-6th-collectible-figure\/\" \/>\n<meta property=\"og:locale\" content=\"en_GB\" \/>\n<meta property=\"og:type\" content=\"article\" \/>\n<meta property=\"og:title\" content=\"Death Stranding 2: On The Beach VGM Sam Porter Bridges (Deluxe Ver.) 1\/6th Collectible Figure\" \/>\n<meta property=\"og:description\" content=\"I Death Stranding 2: On the Beach reser Sam Porter Bridges genom det postapokalyptiska Australien f\u00f6r att \u00e5teruppbygga Chiral Network och l\u00e4nka samman samh\u00e4llen under nya hot. Hot Toys presenterar stolt Sam Porter Bridges samlarfigur i skala 1\/6 (Deluxe Version) \u2014 en uppgraderad utg\u00e5va fylld med fl\" \/>\n<meta property=\"og:url\" content=\"https:\/\/animefigurer.se\/en\/figurer\/death-stranding\/death-stranding-2-on-the-beach-vgm-sam-porter-bridges-deluxe-ver-1-6th-collectible-figure\/\" \/>\n<meta property=\"og:site_name\" content=\"Animefigurer.se\" \/>\n<meta property=\"article:publisher\" content=\"https:\/\/www.facebook.com\/profile.php?id=61581826539670\" \/>\n<meta property=\"article:modified_time\" content=\"2025-12-21T18:26:37+00:00\" \/>\n<meta property=\"og:image\" content=\"https:\/\/animefigurer.se\/wp-content\/uploads\/2025\/12\/Animefigurer_logowhite.png\" \/>\n\t<meta property=\"og:image:width\" content=\"1890\" \/>\n\t<meta property=\"og:image:height\" content=\"1417\" \/>\n\t<meta property=\"og:image:type\" content=\"image\/png\" \/>\n<meta name=\"twitter:card\" content=\"summary_large_image\" \/>\n<meta name=\"twitter:label1\" content=\"Estimated reading time\" \/>\n\t<meta name=\"twitter:data1\" content=\"1 minute\" \/>\n<script type=\"application\/ld+json\" class=\"yoast-schema-graph\">{\"@context\":\"https:\\\/\\\/schema.org\",\"@graph\":[{\"@type\":\"WebPage\",\"@id\":\"https:\\\/\\\/animefigurer.se\\\/en\\\/figurer\\\/death-stranding\\\/death-stranding-2-on-the-beach-vgm-sam-porter-bridges-deluxe-ver-1-6th-collectible-figure\\\/\",\"url\":\"https:\\\/\\\/animefigurer.se\\\/en\\\/figurer\\\/death-stranding\\\/death-stranding-2-on-the-beach-vgm-sam-porter-bridges-deluxe-ver-1-6th-collectible-figure\\\/\",\"name\":\"Death Stranding 2: On The Beach VGM Sam Porter Bridges (Deluxe Ver.) 1\\\/6th Collectible Figure | Animefigurer.se\",\"isPartOf\":{\"@id\":\"https:\\\/\\\/animefigurer.se\\\/#website\"},\"primaryImageOfPage\":{\"@id\":\"https:\\\/\\\/animefigurer.se\\\/en\\\/figurer\\\/death-stranding\\\/death-stranding-2-on-the-beach-vgm-sam-porter-bridges-deluxe-ver-1-6th-collectible-figure\\\/#primaryimage\"},\"image\":{\"@id\":\"https:\\\/\\\/animefigurer.se\\\/en\\\/figurer\\\/death-stranding\\\/death-stranding-2-on-the-beach-vgm-sam-porter-bridges-deluxe-ver-1-6th-collectible-figure\\\/#primaryimage\"},\"thumbnailUrl\":\"https:\\\/\\\/animefigurer.se\\\/wp-content\\\/uploads\\\/2025\\\/10\\\/688b505cb3be4.jpeg\",\"datePublished\":\"2025-10-20T15:31:47+00:00\",\"dateModified\":\"2025-12-21T18:26:37+00:00\",\"breadcrumb\":{\"@id\":\"https:\\\/\\\/animefigurer.se\\\/en\\\/figurer\\\/death-stranding\\\/death-stranding-2-on-the-beach-vgm-sam-porter-bridges-deluxe-ver-1-6th-collectible-figure\\\/#breadcrumb\"},\"inLanguage\":\"en-GB\",\"potentialAction\":[{\"@type\":\"ReadAction\",\"target\":[\"https:\\\/\\\/animefigurer.se\\\/en\\\/figurer\\\/death-stranding\\\/death-stranding-2-on-the-beach-vgm-sam-porter-bridges-deluxe-ver-1-6th-collectible-figure\\\/\"]}]},{\"@type\":\"ImageObject\",\"inLanguage\":\"en-GB\",\"@id\":\"https:\\\/\\\/animefigurer.se\\\/en\\\/figurer\\\/death-stranding\\\/death-stranding-2-on-the-beach-vgm-sam-porter-bridges-deluxe-ver-1-6th-collectible-figure\\\/#primaryimage\",\"url\":\"https:\\\/\\\/animefigurer.se\\\/wp-content\\\/uploads\\\/2025\\\/10\\\/688b505cb3be4.jpeg\",\"contentUrl\":\"https:\\\/\\\/animefigurer.se\\\/wp-content\\\/uploads\\\/2025\\\/10\\\/688b505cb3be4.jpeg\",\"width\":1000,\"height\":750},{\"@type\":\"BreadcrumbList\",\"@id\":\"https:\\\/\\\/animefigurer.se\\\/en\\\/figurer\\\/death-stranding\\\/death-stranding-2-on-the-beach-vgm-sam-porter-bridges-deluxe-ver-1-6th-collectible-figure\\\/#breadcrumb\",\"itemListElement\":[{\"@type\":\"ListItem\",\"position\":1,\"name\":\"Home\",\"item\":\"https:\\\/\\\/animefigurer.se\\\/\"},{\"@type\":\"ListItem\",\"position\":2,\"name\":\"Butik\",\"item\":\"https:\\\/\\\/animefigurer.se\\\/figurer\\\/\"},{\"@type\":\"ListItem\",\"position\":3,\"name\":\"Death Stranding 2: On The Beach VGM Sam Porter Bridges (Deluxe Ver.) 1\\\/6th Collectible Figure\"}]},{\"@type\":\"WebSite\",\"@id\":\"https:\\\/\\\/animefigurer.se\\\/#website\",\"url\":\"https:\\\/\\\/animefigurer.se\\\/\",\"name\":\"Animefigurer.se\",\"description\":\"Anime figurer fr\u00e5n \u00f6ver 300 olika anime serier med \u00f6ver 9000 produkter | Anime Shop\",\"publisher\":{\"@id\":\"https:\\\/\\\/animefigurer.se\\\/#organization\"},\"potentialAction\":[{\"@type\":\"SearchAction\",\"target\":{\"@type\":\"EntryPoint\",\"urlTemplate\":\"https:\\\/\\\/animefigurer.se\\\/?s={search_term_string}\"},\"query-input\":{\"@type\":\"PropertyValueSpecification\",\"valueRequired\":true,\"valueName\":\"search_term_string\"}}],\"inLanguage\":\"en-GB\"},{\"@type\":\"Organization\",\"@id\":\"https:\\\/\\\/animefigurer.se\\\/#organization\",\"name\":\"Animefigurer.se\",\"alternateName\":\"Anime figurer | Anime shop\",\"url\":\"https:\\\/\\\/animefigurer.se\\\/\",\"logo\":{\"@type\":\"ImageObject\",\"inLanguage\":\"en-GB\",\"@id\":\"https:\\\/\\\/animefigurer.se\\\/#\\\/schema\\\/logo\\\/image\\\/\",\"url\":\"https:\\\/\\\/animefigurer.se\\\/wp-content\\\/uploads\\\/2025\\\/12\\\/Animefigurer_logowhite.png\",\"contentUrl\":\"https:\\\/\\\/animefigurer.se\\\/wp-content\\\/uploads\\\/2025\\\/12\\\/Animefigurer_logowhite.png\",\"width\":1890,\"height\":1417,\"caption\":\"Animefigurer.se\"},\"image\":{\"@id\":\"https:\\\/\\\/animefigurer.se\\\/#\\\/schema\\\/logo\\\/image\\\/\"},\"sameAs\":[\"https:\\\/\\\/www.facebook.com\\\/profile.php?id=61581826539670\",\"https:\\\/\\\/www.instagram.com\\\/animefigurer.se\\\/\"],\"email\":\"info@animefigurer.se\"}]}<\/script>\n<!-- \/ Yoast SEO Premium plugin. -->","yoast_head_json":{"title":"Death Stranding 2: On The Beach VGM Sam Porter Bridges (Deluxe Ver.) 1\/6th Collectible Figure | Animefigurer.se","robots":{"index":"index","follow":"follow","max-snippet":"max-snippet:-1","max-image-preview":"max-image-preview:large","max-video-preview":"max-video-preview:-1"},"canonical":"https:\/\/animefigurer.se\/en\/figurer\/death-stranding\/death-stranding-2-on-the-beach-vgm-sam-porter-bridges-deluxe-ver-1-6th-collectible-figure\/","og_locale":"en_GB","og_type":"article","og_title":"Death Stranding 2: On The Beach VGM Sam Porter Bridges (Deluxe Ver.) 1\/6th Collectible Figure","og_description":"I Death Stranding 2: On the Beach reser Sam Porter Bridges genom det postapokalyptiska Australien f\u00f6r att \u00e5teruppbygga Chiral Network och l\u00e4nka samman samh\u00e4llen under nya hot. Hot Toys presenterar stolt Sam Porter Bridges samlarfigur i skala 1\/6 (Deluxe Version) \u2014 en uppgraderad utg\u00e5va fylld med fl","og_url":"https:\/\/animefigurer.se\/en\/figurer\/death-stranding\/death-stranding-2-on-the-beach-vgm-sam-porter-bridges-deluxe-ver-1-6th-collectible-figure\/","og_site_name":"Animefigurer.se","article_publisher":"https:\/\/www.facebook.com\/profile.php?id=61581826539670","article_modified_time":"2025-12-21T18:26:37+00:00","og_image":[{"width":1890,"height":1417,"url":"https:\/\/animefigurer.se\/wp-content\/uploads\/2025\/12\/Animefigurer_logowhite.png","type":"image\/png"}],"twitter_card":"summary_large_image","twitter_misc":{"Estimated reading time":"1 minute"},"schema":{"@context":"https:\/\/schema.org","@graph":[{"@type":"WebPage","@id":"https:\/\/animefigurer.se\/en\/figurer\/death-stranding\/death-stranding-2-on-the-beach-vgm-sam-porter-bridges-deluxe-ver-1-6th-collectible-figure\/","url":"https:\/\/animefigurer.se\/en\/figurer\/death-stranding\/death-stranding-2-on-the-beach-vgm-sam-porter-bridges-deluxe-ver-1-6th-collectible-figure\/","name":"Death Stranding 2: On The Beach VGM Sam Porter Bridges (Deluxe Ver.) 1\/6th Collectible Figure | Animefigurer.se","isPartOf":{"@id":"https:\/\/animefigurer.se\/#website"},"primaryImageOfPage":{"@id":"https:\/\/animefigurer.se\/en\/figurer\/death-stranding\/death-stranding-2-on-the-beach-vgm-sam-porter-bridges-deluxe-ver-1-6th-collectible-figure\/#primaryimage"},"image":{"@id":"https:\/\/animefigurer.se\/en\/figurer\/death-stranding\/death-stranding-2-on-the-beach-vgm-sam-porter-bridges-deluxe-ver-1-6th-collectible-figure\/#primaryimage"},"thumbnailUrl":"https:\/\/animefigurer.se\/wp-content\/uploads\/2025\/10\/688b505cb3be4.jpeg","datePublished":"2025-10-20T15:31:47+00:00","dateModified":"2025-12-21T18:26:37+00:00","breadcrumb":{"@id":"https:\/\/animefigurer.se\/en\/figurer\/death-stranding\/death-stranding-2-on-the-beach-vgm-sam-porter-bridges-deluxe-ver-1-6th-collectible-figure\/#breadcrumb"},"inLanguage":"en-GB","potentialAction":[{"@type":"ReadAction","target":["https:\/\/animefigurer.se\/en\/figurer\/death-stranding\/death-stranding-2-on-the-beach-vgm-sam-porter-bridges-deluxe-ver-1-6th-collectible-figure\/"]}]},{"@type":"ImageObject","inLanguage":"en-GB","@id":"https:\/\/animefigurer.se\/en\/figurer\/death-stranding\/death-stranding-2-on-the-beach-vgm-sam-porter-bridges-deluxe-ver-1-6th-collectible-figure\/#primaryimage","url":"https:\/\/animefigurer.se\/wp-content\/uploads\/2025\/10\/688b505cb3be4.jpeg","contentUrl":"https:\/\/animefigurer.se\/wp-content\/uploads\/2025\/10\/688b505cb3be4.jpeg","width":1000,"height":750},{"@type":"BreadcrumbList","@id":"https:\/\/animefigurer.se\/en\/figurer\/death-stranding\/death-stranding-2-on-the-beach-vgm-sam-porter-bridges-deluxe-ver-1-6th-collectible-figure\/#breadcrumb","itemListElement":[{"@type":"ListItem","position":1,"name":"Home","item":"https:\/\/animefigurer.se\/"},{"@type":"ListItem","position":2,"name":"Butik","item":"https:\/\/animefigurer.se\/figurer\/"},{"@type":"ListItem","position":3,"name":"Death Stranding 2: On The Beach VGM Sam Porter Bridges (Deluxe Ver.) 1\/6th Collectible Figure"}]},{"@type":"WebSite","@id":"https:\/\/animefigurer.se\/#website","url":"https:\/\/animefigurer.se\/","name":"Animefigurer.se","description":"Anime figures from over 300 different anime series with over 9000 products | Anime Shop","publisher":{"@id":"https:\/\/animefigurer.se\/#organization"},"potentialAction":[{"@type":"SearchAction","target":{"@type":"EntryPoint","urlTemplate":"https:\/\/animefigurer.se\/?s={search_term_string}"},"query-input":{"@type":"PropertyValueSpecification","valueRequired":true,"valueName":"search_term_string"}}],"inLanguage":"en-GB"},{"@type":"Organization","@id":"https:\/\/animefigurer.se\/#organization","name":"Animefigurer.se","alternateName":"Anime figurer | Anime shop","url":"https:\/\/animefigurer.se\/","logo":{"@type":"ImageObject","inLanguage":"en-GB","@id":"https:\/\/animefigurer.se\/#\/schema\/logo\/image\/","url":"https:\/\/animefigurer.se\/wp-content\/uploads\/2025\/12\/Animefigurer_logowhite.png","contentUrl":"https:\/\/animefigurer.se\/wp-content\/uploads\/2025\/12\/Animefigurer_logowhite.png","width":1890,"height":1417,"caption":"Animefigurer.se"},"image":{"@id":"https:\/\/animefigurer.se\/#\/schema\/logo\/image\/"},"sameAs":["https:\/\/www.facebook.com\/profile.php?id=61581826539670","https:\/\/www.instagram.com\/animefigurer.se\/"],"email":"info@animefigurer.se"}]}},"_links":{"self":[{"href":"https:\/\/animefigurer.se\/en\/wp-json\/wp\/v2\/product\/17090","targetHints":{"allow":["GET"]}}],"collection":[{"href":"https:\/\/animefigurer.se\/en\/wp-json\/wp\/v2\/product"}],"about":[{"href":"https:\/\/animefigurer.se\/en\/wp-json\/wp\/v2\/types\/product"}],"replies":[{"embeddable":true,"href":"https:\/\/animefigurer.se\/en\/wp-json\/wp\/v2\/comments?post=17090"}],"wp:featuredmedia":[{"embeddable":true,"href":"https:\/\/animefigurer.se\/en\/wp-json\/wp\/v2\/media\/17091"}],"wp:attachment":[{"href":"https:\/\/animefigurer.se\/en\/wp-json\/wp\/v2\/media?parent=17090"}],"wp:term":[{"taxonomy":"product_brand","embeddable":true,"href":"https:\/\/animefigurer.se\/en\/wp-json\/wp\/v2\/product_brand?post=17090"},{"taxonomy":"product_cat","embeddable":true,"href":"https:\/\/animefigurer.se\/en\/wp-json\/wp\/v2\/product_cat?post=17090"},{"taxonomy":"product_tag","embeddable":true,"href":"https:\/\/animefigurer.se\/en\/wp-json\/wp\/v2\/product_tag?post=17090"},{"taxonomy":"giftcard-category","embeddable":true,"href":"https:\/\/animefigurer.se\/en\/wp-json\/wp\/v2\/giftcard-category?post=17090"}],"curies":[{"name":"wp","href":"https:\/\/api.w.org\/{rel}","templated":true}]}}