{"id":17025,"date":"2025-10-20T17:31:02","date_gmt":"2025-10-20T15:31:02","guid":{"rendered":"https:\/\/animefigurer.se\/produkt\/dead-by-daylight-vinyl-figure-mikaela\/"},"modified":"2025-12-21T19:26:35","modified_gmt":"2025-12-21T18:26:35","slug":"dead-by-daylight-vinyl-figure-mikaela","status":"publish","type":"product","link":"https:\/\/animefigurer.se\/en\/figurer\/dead-by-daylight\/dead-by-daylight-vinyl-figure-mikaela\/","title":{"rendered":"Dead by Daylight Vinyl Figure Mikaela"},"content":{"rendered":"<p>Mikaela doesn&#039;t care about singing \u2014 she mumbles spells to survive until morning. She stands 4.8 inches tall in front of a cracked tombstone with an open spellbook, leafing through it to find the right spell. She wears black boots, gray tights, and a matching cardigan.<\/p>\n<p>Wearing a gold necklace, grey bracelets and round glasses, her long red locks are visible under a wide-brimmed hat. The outside of the packaging shows her reading in a dark cemetery, while the inside follows the Dead by Daylight theme with a black forest silhouette, glowing red and blue haze and the white logo. The figure comes in a matte, embossed protective case and a custom plastic cover for transport.<\/p>","protected":false},"excerpt":{"rendered":"<p>Mikaela doesn&#039;t care about singing \u2014 she mumbles spells to survive until morning. She stands 4.8 inches tall in front of a cracked tombstone with an open spellbook, leafing through it to find the right spell. She wears black boots, gray tights, and a matching cardigan.<\/p>\n<p>Equipped with a g<\/p>","protected":false},"featured_media":17026,"comment_status":"closed","ping_status":"open","template":"","meta":{"_acf_changed":false,"_monsterinsights_skip_tracking":false,"_monsterinsights_sitenote_active":false,"_monsterinsights_sitenote_note":"","_monsterinsights_sitenote_category":0},"product_brand":[7189],"product_cat":[1569,7233],"product_tag":[26],"giftcard-category":[],"class_list":{"0":"post-17025","1":"product","2":"type-product","3":"status-publish","4":"has-post-thumbnail","6":"product_brand-youtooz","7":"product_cat-dead-by-daylight","8":"product_cat-pre-order","9":"product_tag-pre-order","10":"pa_franchise-dead-by-daylight","11":"pa_karaktar-mikaela","12":"pa_material-plastic","13":"pa_storlek-12-cm","15":"first","16":"instock","17":"taxable","18":"shipping-taxable","19":"purchasable","20":"product-type-simple"},"acf":[],"yoast_head":"<!-- This site is optimized with the Yoast SEO Premium plugin v24.6 (Yoast SEO v27.3) - https:\/\/yoast.com\/product\/yoast-seo-premium-wordpress\/ -->\n<title>Dead by Daylight Vinyl Figure Mikaela | Animefigurer.se<\/title>\n<meta name=\"robots\" content=\"index, follow, max-snippet:-1, max-image-preview:large, max-video-preview:-1\" \/>\n<link rel=\"canonical\" href=\"https:\/\/animefigurer.se\/en\/figurer\/dead-by-daylight\/dead-by-daylight-vinyl-figure-mikaela\/\" \/>\n<meta property=\"og:locale\" content=\"en_GB\" \/>\n<meta property=\"og:type\" content=\"article\" \/>\n<meta property=\"og:title\" content=\"Dead by Daylight Vinyl Figure Mikaela\" \/>\n<meta property=\"og:description\" content=\"Mikaela bryr sig inte om att sjunga \u2014 hon mumlar trollformler f\u00f6r att \u00f6verleva till morgonen. Hon st\u00e5r 4,8 tum h\u00f6g framf\u00f6r en sprucken gravsten med en \u00f6ppen trollformelsbok, bl\u00e4ddrande f\u00f6r att hitta r\u00e4tt besv\u00e4rjelse. Hon b\u00e4r svarta st\u00f6vlar, gr\u00e5 strumpbyxor och en matchande kofta. Utrustad med ett g\" \/>\n<meta property=\"og:url\" content=\"https:\/\/animefigurer.se\/en\/figurer\/dead-by-daylight\/dead-by-daylight-vinyl-figure-mikaela\/\" \/>\n<meta property=\"og:site_name\" content=\"Animefigurer.se\" \/>\n<meta property=\"article:publisher\" content=\"https:\/\/www.facebook.com\/profile.php?id=61581826539670\" \/>\n<meta property=\"article:modified_time\" content=\"2025-12-21T18:26:35+00:00\" \/>\n<meta property=\"og:image\" content=\"https:\/\/animefigurer.se\/wp-content\/uploads\/2025\/12\/Animefigurer_logowhite.png\" \/>\n\t<meta property=\"og:image:width\" content=\"1890\" \/>\n\t<meta property=\"og:image:height\" content=\"1417\" \/>\n\t<meta property=\"og:image:type\" content=\"image\/png\" \/>\n<meta name=\"twitter:card\" content=\"summary_large_image\" \/>\n<meta name=\"twitter:label1\" content=\"Estimated reading time\" \/>\n\t<meta name=\"twitter:data1\" content=\"1 minute\" \/>\n<script type=\"application\/ld+json\" class=\"yoast-schema-graph\">{\"@context\":\"https:\\\/\\\/schema.org\",\"@graph\":[{\"@type\":\"WebPage\",\"@id\":\"https:\\\/\\\/animefigurer.se\\\/figurer\\\/dead-by-daylight\\\/dead-by-daylight-vinyl-figure-mikaela\\\/\",\"url\":\"https:\\\/\\\/animefigurer.se\\\/figurer\\\/dead-by-daylight\\\/dead-by-daylight-vinyl-figure-mikaela\\\/\",\"name\":\"Dead by Daylight Vinyl Figure Mikaela | Animefigurer.se\",\"isPartOf\":{\"@id\":\"https:\\\/\\\/animefigurer.se\\\/#website\"},\"primaryImageOfPage\":{\"@id\":\"https:\\\/\\\/animefigurer.se\\\/figurer\\\/dead-by-daylight\\\/dead-by-daylight-vinyl-figure-mikaela\\\/#primaryimage\"},\"image\":{\"@id\":\"https:\\\/\\\/animefigurer.se\\\/figurer\\\/dead-by-daylight\\\/dead-by-daylight-vinyl-figure-mikaela\\\/#primaryimage\"},\"thumbnailUrl\":\"https:\\\/\\\/animefigurer.se\\\/wp-content\\\/uploads\\\/2025\\\/10\\\/68b1b4d7025e7.jpeg\",\"datePublished\":\"2025-10-20T15:31:02+00:00\",\"dateModified\":\"2025-12-21T18:26:35+00:00\",\"breadcrumb\":{\"@id\":\"https:\\\/\\\/animefigurer.se\\\/figurer\\\/dead-by-daylight\\\/dead-by-daylight-vinyl-figure-mikaela\\\/#breadcrumb\"},\"inLanguage\":\"en-GB\",\"potentialAction\":[{\"@type\":\"ReadAction\",\"target\":[\"https:\\\/\\\/animefigurer.se\\\/figurer\\\/dead-by-daylight\\\/dead-by-daylight-vinyl-figure-mikaela\\\/\"]}]},{\"@type\":\"ImageObject\",\"inLanguage\":\"en-GB\",\"@id\":\"https:\\\/\\\/animefigurer.se\\\/figurer\\\/dead-by-daylight\\\/dead-by-daylight-vinyl-figure-mikaela\\\/#primaryimage\",\"url\":\"https:\\\/\\\/animefigurer.se\\\/wp-content\\\/uploads\\\/2025\\\/10\\\/68b1b4d7025e7.jpeg\",\"contentUrl\":\"https:\\\/\\\/animefigurer.se\\\/wp-content\\\/uploads\\\/2025\\\/10\\\/68b1b4d7025e7.jpeg\",\"width\":720,\"height\":540},{\"@type\":\"BreadcrumbList\",\"@id\":\"https:\\\/\\\/animefigurer.se\\\/figurer\\\/dead-by-daylight\\\/dead-by-daylight-vinyl-figure-mikaela\\\/#breadcrumb\",\"itemListElement\":[{\"@type\":\"ListItem\",\"position\":1,\"name\":\"Home\",\"item\":\"https:\\\/\\\/animefigurer.se\\\/\"},{\"@type\":\"ListItem\",\"position\":2,\"name\":\"Butik\",\"item\":\"https:\\\/\\\/animefigurer.se\\\/figurer\\\/\"},{\"@type\":\"ListItem\",\"position\":3,\"name\":\"Dead by Daylight Vinyl Figure Mikaela\"}]},{\"@type\":\"WebSite\",\"@id\":\"https:\\\/\\\/animefigurer.se\\\/#website\",\"url\":\"https:\\\/\\\/animefigurer.se\\\/\",\"name\":\"Animefigurer.se\",\"description\":\"Anime figurer fr\u00e5n \u00f6ver 300 olika anime serier med \u00f6ver 9000 produkter | Anime Shop\",\"publisher\":{\"@id\":\"https:\\\/\\\/animefigurer.se\\\/#organization\"},\"potentialAction\":[{\"@type\":\"SearchAction\",\"target\":{\"@type\":\"EntryPoint\",\"urlTemplate\":\"https:\\\/\\\/animefigurer.se\\\/?s={search_term_string}\"},\"query-input\":{\"@type\":\"PropertyValueSpecification\",\"valueRequired\":true,\"valueName\":\"search_term_string\"}}],\"inLanguage\":\"en-GB\"},{\"@type\":\"Organization\",\"@id\":\"https:\\\/\\\/animefigurer.se\\\/#organization\",\"name\":\"Animefigurer.se\",\"alternateName\":\"Anime figurer | Anime shop\",\"url\":\"https:\\\/\\\/animefigurer.se\\\/\",\"logo\":{\"@type\":\"ImageObject\",\"inLanguage\":\"en-GB\",\"@id\":\"https:\\\/\\\/animefigurer.se\\\/#\\\/schema\\\/logo\\\/image\\\/\",\"url\":\"https:\\\/\\\/animefigurer.se\\\/wp-content\\\/uploads\\\/2025\\\/12\\\/Animefigurer_logowhite.png\",\"contentUrl\":\"https:\\\/\\\/animefigurer.se\\\/wp-content\\\/uploads\\\/2025\\\/12\\\/Animefigurer_logowhite.png\",\"width\":1890,\"height\":1417,\"caption\":\"Animefigurer.se\"},\"image\":{\"@id\":\"https:\\\/\\\/animefigurer.se\\\/#\\\/schema\\\/logo\\\/image\\\/\"},\"sameAs\":[\"https:\\\/\\\/www.facebook.com\\\/profile.php?id=61581826539670\",\"https:\\\/\\\/www.instagram.com\\\/animefigurer.se\\\/\"],\"email\":\"info@animefigurer.se\"}]}<\/script>\n<!-- \/ Yoast SEO Premium plugin. -->","yoast_head_json":{"title":"Dead by Daylight Vinyl Figure Mikaela | Animefigurer.se","robots":{"index":"index","follow":"follow","max-snippet":"max-snippet:-1","max-image-preview":"max-image-preview:large","max-video-preview":"max-video-preview:-1"},"canonical":"https:\/\/animefigurer.se\/en\/figurer\/dead-by-daylight\/dead-by-daylight-vinyl-figure-mikaela\/","og_locale":"en_GB","og_type":"article","og_title":"Dead by Daylight Vinyl Figure Mikaela","og_description":"Mikaela bryr sig inte om att sjunga \u2014 hon mumlar trollformler f\u00f6r att \u00f6verleva till morgonen. Hon st\u00e5r 4,8 tum h\u00f6g framf\u00f6r en sprucken gravsten med en \u00f6ppen trollformelsbok, bl\u00e4ddrande f\u00f6r att hitta r\u00e4tt besv\u00e4rjelse. Hon b\u00e4r svarta st\u00f6vlar, gr\u00e5 strumpbyxor och en matchande kofta. Utrustad med ett g","og_url":"https:\/\/animefigurer.se\/en\/figurer\/dead-by-daylight\/dead-by-daylight-vinyl-figure-mikaela\/","og_site_name":"Animefigurer.se","article_publisher":"https:\/\/www.facebook.com\/profile.php?id=61581826539670","article_modified_time":"2025-12-21T18:26:35+00:00","og_image":[{"width":1890,"height":1417,"url":"https:\/\/animefigurer.se\/wp-content\/uploads\/2025\/12\/Animefigurer_logowhite.png","type":"image\/png"}],"twitter_card":"summary_large_image","twitter_misc":{"Estimated reading time":"1 minute"},"schema":{"@context":"https:\/\/schema.org","@graph":[{"@type":"WebPage","@id":"https:\/\/animefigurer.se\/figurer\/dead-by-daylight\/dead-by-daylight-vinyl-figure-mikaela\/","url":"https:\/\/animefigurer.se\/figurer\/dead-by-daylight\/dead-by-daylight-vinyl-figure-mikaela\/","name":"Dead by Daylight Vinyl Figure Mikaela | Animefigurer.se","isPartOf":{"@id":"https:\/\/animefigurer.se\/#website"},"primaryImageOfPage":{"@id":"https:\/\/animefigurer.se\/figurer\/dead-by-daylight\/dead-by-daylight-vinyl-figure-mikaela\/#primaryimage"},"image":{"@id":"https:\/\/animefigurer.se\/figurer\/dead-by-daylight\/dead-by-daylight-vinyl-figure-mikaela\/#primaryimage"},"thumbnailUrl":"https:\/\/animefigurer.se\/wp-content\/uploads\/2025\/10\/68b1b4d7025e7.jpeg","datePublished":"2025-10-20T15:31:02+00:00","dateModified":"2025-12-21T18:26:35+00:00","breadcrumb":{"@id":"https:\/\/animefigurer.se\/figurer\/dead-by-daylight\/dead-by-daylight-vinyl-figure-mikaela\/#breadcrumb"},"inLanguage":"en-GB","potentialAction":[{"@type":"ReadAction","target":["https:\/\/animefigurer.se\/figurer\/dead-by-daylight\/dead-by-daylight-vinyl-figure-mikaela\/"]}]},{"@type":"ImageObject","inLanguage":"en-GB","@id":"https:\/\/animefigurer.se\/figurer\/dead-by-daylight\/dead-by-daylight-vinyl-figure-mikaela\/#primaryimage","url":"https:\/\/animefigurer.se\/wp-content\/uploads\/2025\/10\/68b1b4d7025e7.jpeg","contentUrl":"https:\/\/animefigurer.se\/wp-content\/uploads\/2025\/10\/68b1b4d7025e7.jpeg","width":720,"height":540},{"@type":"BreadcrumbList","@id":"https:\/\/animefigurer.se\/figurer\/dead-by-daylight\/dead-by-daylight-vinyl-figure-mikaela\/#breadcrumb","itemListElement":[{"@type":"ListItem","position":1,"name":"Home","item":"https:\/\/animefigurer.se\/"},{"@type":"ListItem","position":2,"name":"Butik","item":"https:\/\/animefigurer.se\/figurer\/"},{"@type":"ListItem","position":3,"name":"Dead by Daylight Vinyl Figure Mikaela"}]},{"@type":"WebSite","@id":"https:\/\/animefigurer.se\/#website","url":"https:\/\/animefigurer.se\/","name":"Animefigurer.se","description":"Anime figures from over 300 different anime series with over 9000 products | Anime Shop","publisher":{"@id":"https:\/\/animefigurer.se\/#organization"},"potentialAction":[{"@type":"SearchAction","target":{"@type":"EntryPoint","urlTemplate":"https:\/\/animefigurer.se\/?s={search_term_string}"},"query-input":{"@type":"PropertyValueSpecification","valueRequired":true,"valueName":"search_term_string"}}],"inLanguage":"en-GB"},{"@type":"Organization","@id":"https:\/\/animefigurer.se\/#organization","name":"Animefigurer.se","alternateName":"Anime figurer | Anime shop","url":"https:\/\/animefigurer.se\/","logo":{"@type":"ImageObject","inLanguage":"en-GB","@id":"https:\/\/animefigurer.se\/#\/schema\/logo\/image\/","url":"https:\/\/animefigurer.se\/wp-content\/uploads\/2025\/12\/Animefigurer_logowhite.png","contentUrl":"https:\/\/animefigurer.se\/wp-content\/uploads\/2025\/12\/Animefigurer_logowhite.png","width":1890,"height":1417,"caption":"Animefigurer.se"},"image":{"@id":"https:\/\/animefigurer.se\/#\/schema\/logo\/image\/"},"sameAs":["https:\/\/www.facebook.com\/profile.php?id=61581826539670","https:\/\/www.instagram.com\/animefigurer.se\/"],"email":"info@animefigurer.se"}]}},"_links":{"self":[{"href":"https:\/\/animefigurer.se\/en\/wp-json\/wp\/v2\/product\/17025","targetHints":{"allow":["GET"]}}],"collection":[{"href":"https:\/\/animefigurer.se\/en\/wp-json\/wp\/v2\/product"}],"about":[{"href":"https:\/\/animefigurer.se\/en\/wp-json\/wp\/v2\/types\/product"}],"replies":[{"embeddable":true,"href":"https:\/\/animefigurer.se\/en\/wp-json\/wp\/v2\/comments?post=17025"}],"wp:featuredmedia":[{"embeddable":true,"href":"https:\/\/animefigurer.se\/en\/wp-json\/wp\/v2\/media\/17026"}],"wp:attachment":[{"href":"https:\/\/animefigurer.se\/en\/wp-json\/wp\/v2\/media?parent=17025"}],"wp:term":[{"taxonomy":"product_brand","embeddable":true,"href":"https:\/\/animefigurer.se\/en\/wp-json\/wp\/v2\/product_brand?post=17025"},{"taxonomy":"product_cat","embeddable":true,"href":"https:\/\/animefigurer.se\/en\/wp-json\/wp\/v2\/product_cat?post=17025"},{"taxonomy":"product_tag","embeddable":true,"href":"https:\/\/animefigurer.se\/en\/wp-json\/wp\/v2\/product_tag?post=17025"},{"taxonomy":"giftcard-category","embeddable":true,"href":"https:\/\/animefigurer.se\/en\/wp-json\/wp\/v2\/giftcard-category?post=17025"}],"curies":[{"name":"wp","href":"https:\/\/api.w.org\/{rel}","templated":true}]}}