{"id":16818,"date":"2025-10-20T17:29:57","date_gmt":"2025-10-20T15:29:57","guid":{"rendered":"https:\/\/animefigurer.se\/produkt\/the-dark-knight-dynamic-8ction-heroes-dah-119-batman-action-figure\/"},"modified":"2025-12-21T19:26:35","modified_gmt":"2025-12-21T18:26:35","slug":"the-dark-knight-dynamic-8ction-heroes-dah-119-batman-action-figure","status":"publish","type":"product","link":"https:\/\/animefigurer.se\/en\/figurer\/dc-comics\/the-dark-knight-dynamic-8ction-heroes-dah-119-batman-action-figure\/","title":{"rendered":"The Dark Knight Dynamic 8ction Heroes DAH-119 Batman Action Figure"},"content":{"rendered":"<p>Beast Kingdom introduces DAH-119 to its acclaimed Dynamic 8ction Heroes series: Batman (The Dark Knight). This collectible figure features a detailed head sculpt that captures Christian Bale&#039;s signature Batman style. The modernized armor suit is faithfully reproduced with meticulously crafted surface details, including the bat emblem and defined musculature.<\/p>\n<p>The black cape is made from premium fabric for added dimension and realism. The figure offers over 22 points of articulation, allowing for great opportunities to pose Batman in iconic movie poses \u2014 a must-have for fans and collectors.<\/p>","protected":false},"excerpt":{"rendered":"<p>Beast Kingdom introduces DAH-119 to its acclaimed Dynamic 8ction Heroes series: Batman (The Dark Knight). This collectible figure features a detailed head sculpt that captures Christian Bale&#039;s signature Batman style. The modernized armor suit is faithfully reproduced with meticulously crafted surface details, including<\/p>","protected":false},"featured_media":16819,"comment_status":"closed","ping_status":"open","template":"","meta":{"_acf_changed":false,"_monsterinsights_skip_tracking":false,"_monsterinsights_sitenote_active":false,"_monsterinsights_sitenote_note":"","_monsterinsights_sitenote_category":0},"product_brand":[6931],"product_cat":[1522],"product_tag":[24],"giftcard-category":[],"class_list":{"0":"post-16818","1":"product","2":"type-product","3":"status-publish","4":"has-post-thumbnail","6":"product_brand-beast-kingdom-toys","7":"product_cat-dc-comics","8":"product_tag-2-3-weeks","9":"pa_franchise-batman","10":"pa_karaktar-batman","11":"pa_material-plastic-and-fabric","12":"pa_storlek-21-cm","14":"first","15":"instock","16":"taxable","17":"shipping-taxable","18":"purchasable","19":"product-type-simple"},"acf":[],"yoast_head":"<!-- This site is optimized with the Yoast SEO Premium plugin v24.6 (Yoast SEO v27.3) - https:\/\/yoast.com\/product\/yoast-seo-premium-wordpress\/ -->\n<title>The Dark Knight Dynamic 8ction Heroes DAH-119 Batman Action Figure | Animefigurer.se<\/title>\n<meta name=\"robots\" content=\"index, follow, max-snippet:-1, max-image-preview:large, max-video-preview:-1\" \/>\n<link rel=\"canonical\" href=\"https:\/\/animefigurer.se\/en\/figurer\/dc-comics\/the-dark-knight-dynamic-8ction-heroes-dah-119-batman-action-figure\/\" \/>\n<meta property=\"og:locale\" content=\"en_GB\" \/>\n<meta property=\"og:type\" content=\"article\" \/>\n<meta property=\"og:title\" content=\"The Dark Knight Dynamic 8ction Heroes DAH-119 Batman Action Figure\" \/>\n<meta property=\"og:description\" content=\"Beast Kingdom presenterar DAH-119 i sin hyllade Dynamic 8ction Heroes-serie: Batman (The Dark Knight). Denna samlarfigur har en detaljerad huvudskulptur som f\u00e5ngar Christian Bales drag i rollen som Batman. Den moderniserade pansardr\u00e4kten \u00e4r troget \u00e5tergiven med noggrant utf\u00f6rda ytdetaljer, inklusive\" \/>\n<meta property=\"og:url\" content=\"https:\/\/animefigurer.se\/en\/figurer\/dc-comics\/the-dark-knight-dynamic-8ction-heroes-dah-119-batman-action-figure\/\" \/>\n<meta property=\"og:site_name\" content=\"Animefigurer.se\" \/>\n<meta property=\"article:publisher\" content=\"https:\/\/www.facebook.com\/profile.php?id=61581826539670\" \/>\n<meta property=\"article:modified_time\" content=\"2025-12-21T18:26:35+00:00\" \/>\n<meta property=\"og:image\" content=\"https:\/\/animefigurer.se\/wp-content\/uploads\/2025\/12\/Animefigurer_logowhite.png\" \/>\n\t<meta property=\"og:image:width\" content=\"1890\" \/>\n\t<meta property=\"og:image:height\" content=\"1417\" \/>\n\t<meta property=\"og:image:type\" content=\"image\/png\" \/>\n<meta name=\"twitter:card\" content=\"summary_large_image\" \/>\n<script type=\"application\/ld+json\" class=\"yoast-schema-graph\">{\"@context\":\"https:\\\/\\\/schema.org\",\"@graph\":[{\"@type\":\"WebPage\",\"@id\":\"https:\\\/\\\/animefigurer.se\\\/en\\\/figurer\\\/dc-comics\\\/the-dark-knight-dynamic-8ction-heroes-dah-119-batman-action-figure\\\/\",\"url\":\"https:\\\/\\\/animefigurer.se\\\/en\\\/figurer\\\/dc-comics\\\/the-dark-knight-dynamic-8ction-heroes-dah-119-batman-action-figure\\\/\",\"name\":\"The Dark Knight Dynamic 8ction Heroes DAH-119 Batman Action Figure | Animefigurer.se\",\"isPartOf\":{\"@id\":\"https:\\\/\\\/animefigurer.se\\\/#website\"},\"primaryImageOfPage\":{\"@id\":\"https:\\\/\\\/animefigurer.se\\\/en\\\/figurer\\\/dc-comics\\\/the-dark-knight-dynamic-8ction-heroes-dah-119-batman-action-figure\\\/#primaryimage\"},\"image\":{\"@id\":\"https:\\\/\\\/animefigurer.se\\\/en\\\/figurer\\\/dc-comics\\\/the-dark-knight-dynamic-8ction-heroes-dah-119-batman-action-figure\\\/#primaryimage\"},\"thumbnailUrl\":\"https:\\\/\\\/animefigurer.se\\\/wp-content\\\/uploads\\\/2025\\\/10\\\/67fc32af00c6a.jpeg\",\"datePublished\":\"2025-10-20T15:29:57+00:00\",\"dateModified\":\"2025-12-21T18:26:35+00:00\",\"breadcrumb\":{\"@id\":\"https:\\\/\\\/animefigurer.se\\\/en\\\/figurer\\\/dc-comics\\\/the-dark-knight-dynamic-8ction-heroes-dah-119-batman-action-figure\\\/#breadcrumb\"},\"inLanguage\":\"en-GB\",\"potentialAction\":[{\"@type\":\"ReadAction\",\"target\":[\"https:\\\/\\\/animefigurer.se\\\/en\\\/figurer\\\/dc-comics\\\/the-dark-knight-dynamic-8ction-heroes-dah-119-batman-action-figure\\\/\"]}]},{\"@type\":\"ImageObject\",\"inLanguage\":\"en-GB\",\"@id\":\"https:\\\/\\\/animefigurer.se\\\/en\\\/figurer\\\/dc-comics\\\/the-dark-knight-dynamic-8ction-heroes-dah-119-batman-action-figure\\\/#primaryimage\",\"url\":\"https:\\\/\\\/animefigurer.se\\\/wp-content\\\/uploads\\\/2025\\\/10\\\/67fc32af00c6a.jpeg\",\"contentUrl\":\"https:\\\/\\\/animefigurer.se\\\/wp-content\\\/uploads\\\/2025\\\/10\\\/67fc32af00c6a.jpeg\",\"width\":720,\"height\":540},{\"@type\":\"BreadcrumbList\",\"@id\":\"https:\\\/\\\/animefigurer.se\\\/en\\\/figurer\\\/dc-comics\\\/the-dark-knight-dynamic-8ction-heroes-dah-119-batman-action-figure\\\/#breadcrumb\",\"itemListElement\":[{\"@type\":\"ListItem\",\"position\":1,\"name\":\"Home\",\"item\":\"https:\\\/\\\/animefigurer.se\\\/\"},{\"@type\":\"ListItem\",\"position\":2,\"name\":\"Butik\",\"item\":\"https:\\\/\\\/animefigurer.se\\\/figurer\\\/\"},{\"@type\":\"ListItem\",\"position\":3,\"name\":\"The Dark Knight Dynamic 8ction Heroes DAH-119 Batman Action Figure\"}]},{\"@type\":\"WebSite\",\"@id\":\"https:\\\/\\\/animefigurer.se\\\/#website\",\"url\":\"https:\\\/\\\/animefigurer.se\\\/\",\"name\":\"Animefigurer.se\",\"description\":\"Anime figurer fr\u00e5n \u00f6ver 300 olika anime serier med \u00f6ver 9000 produkter | Anime Shop\",\"publisher\":{\"@id\":\"https:\\\/\\\/animefigurer.se\\\/#organization\"},\"potentialAction\":[{\"@type\":\"SearchAction\",\"target\":{\"@type\":\"EntryPoint\",\"urlTemplate\":\"https:\\\/\\\/animefigurer.se\\\/?s={search_term_string}\"},\"query-input\":{\"@type\":\"PropertyValueSpecification\",\"valueRequired\":true,\"valueName\":\"search_term_string\"}}],\"inLanguage\":\"en-GB\"},{\"@type\":\"Organization\",\"@id\":\"https:\\\/\\\/animefigurer.se\\\/#organization\",\"name\":\"Animefigurer.se\",\"alternateName\":\"Anime figurer | Anime shop\",\"url\":\"https:\\\/\\\/animefigurer.se\\\/\",\"logo\":{\"@type\":\"ImageObject\",\"inLanguage\":\"en-GB\",\"@id\":\"https:\\\/\\\/animefigurer.se\\\/#\\\/schema\\\/logo\\\/image\\\/\",\"url\":\"https:\\\/\\\/animefigurer.se\\\/wp-content\\\/uploads\\\/2025\\\/12\\\/Animefigurer_logowhite.png\",\"contentUrl\":\"https:\\\/\\\/animefigurer.se\\\/wp-content\\\/uploads\\\/2025\\\/12\\\/Animefigurer_logowhite.png\",\"width\":1890,\"height\":1417,\"caption\":\"Animefigurer.se\"},\"image\":{\"@id\":\"https:\\\/\\\/animefigurer.se\\\/#\\\/schema\\\/logo\\\/image\\\/\"},\"sameAs\":[\"https:\\\/\\\/www.facebook.com\\\/profile.php?id=61581826539670\",\"https:\\\/\\\/www.instagram.com\\\/animefigurer.se\\\/\"],\"email\":\"info@animefigurer.se\"}]}<\/script>\n<!-- \/ Yoast SEO Premium plugin. -->","yoast_head_json":{"title":"The Dark Knight Dynamic 8ction Heroes DAH-119 Batman Action Figure | Animefigurer.se","robots":{"index":"index","follow":"follow","max-snippet":"max-snippet:-1","max-image-preview":"max-image-preview:large","max-video-preview":"max-video-preview:-1"},"canonical":"https:\/\/animefigurer.se\/en\/figurer\/dc-comics\/the-dark-knight-dynamic-8ction-heroes-dah-119-batman-action-figure\/","og_locale":"en_GB","og_type":"article","og_title":"The Dark Knight Dynamic 8ction Heroes DAH-119 Batman Action Figure","og_description":"Beast Kingdom presenterar DAH-119 i sin hyllade Dynamic 8ction Heroes-serie: Batman (The Dark Knight). Denna samlarfigur har en detaljerad huvudskulptur som f\u00e5ngar Christian Bales drag i rollen som Batman. Den moderniserade pansardr\u00e4kten \u00e4r troget \u00e5tergiven med noggrant utf\u00f6rda ytdetaljer, inklusive","og_url":"https:\/\/animefigurer.se\/en\/figurer\/dc-comics\/the-dark-knight-dynamic-8ction-heroes-dah-119-batman-action-figure\/","og_site_name":"Animefigurer.se","article_publisher":"https:\/\/www.facebook.com\/profile.php?id=61581826539670","article_modified_time":"2025-12-21T18:26:35+00:00","og_image":[{"width":1890,"height":1417,"url":"https:\/\/animefigurer.se\/wp-content\/uploads\/2025\/12\/Animefigurer_logowhite.png","type":"image\/png"}],"twitter_card":"summary_large_image","schema":{"@context":"https:\/\/schema.org","@graph":[{"@type":"WebPage","@id":"https:\/\/animefigurer.se\/en\/figurer\/dc-comics\/the-dark-knight-dynamic-8ction-heroes-dah-119-batman-action-figure\/","url":"https:\/\/animefigurer.se\/en\/figurer\/dc-comics\/the-dark-knight-dynamic-8ction-heroes-dah-119-batman-action-figure\/","name":"The Dark Knight Dynamic 8ction Heroes DAH-119 Batman Action Figure | Animefigurer.se","isPartOf":{"@id":"https:\/\/animefigurer.se\/#website"},"primaryImageOfPage":{"@id":"https:\/\/animefigurer.se\/en\/figurer\/dc-comics\/the-dark-knight-dynamic-8ction-heroes-dah-119-batman-action-figure\/#primaryimage"},"image":{"@id":"https:\/\/animefigurer.se\/en\/figurer\/dc-comics\/the-dark-knight-dynamic-8ction-heroes-dah-119-batman-action-figure\/#primaryimage"},"thumbnailUrl":"https:\/\/animefigurer.se\/wp-content\/uploads\/2025\/10\/67fc32af00c6a.jpeg","datePublished":"2025-10-20T15:29:57+00:00","dateModified":"2025-12-21T18:26:35+00:00","breadcrumb":{"@id":"https:\/\/animefigurer.se\/en\/figurer\/dc-comics\/the-dark-knight-dynamic-8ction-heroes-dah-119-batman-action-figure\/#breadcrumb"},"inLanguage":"en-GB","potentialAction":[{"@type":"ReadAction","target":["https:\/\/animefigurer.se\/en\/figurer\/dc-comics\/the-dark-knight-dynamic-8ction-heroes-dah-119-batman-action-figure\/"]}]},{"@type":"ImageObject","inLanguage":"en-GB","@id":"https:\/\/animefigurer.se\/en\/figurer\/dc-comics\/the-dark-knight-dynamic-8ction-heroes-dah-119-batman-action-figure\/#primaryimage","url":"https:\/\/animefigurer.se\/wp-content\/uploads\/2025\/10\/67fc32af00c6a.jpeg","contentUrl":"https:\/\/animefigurer.se\/wp-content\/uploads\/2025\/10\/67fc32af00c6a.jpeg","width":720,"height":540},{"@type":"BreadcrumbList","@id":"https:\/\/animefigurer.se\/en\/figurer\/dc-comics\/the-dark-knight-dynamic-8ction-heroes-dah-119-batman-action-figure\/#breadcrumb","itemListElement":[{"@type":"ListItem","position":1,"name":"Home","item":"https:\/\/animefigurer.se\/"},{"@type":"ListItem","position":2,"name":"Butik","item":"https:\/\/animefigurer.se\/figurer\/"},{"@type":"ListItem","position":3,"name":"The Dark Knight Dynamic 8ction Heroes DAH-119 Batman Action Figure"}]},{"@type":"WebSite","@id":"https:\/\/animefigurer.se\/#website","url":"https:\/\/animefigurer.se\/","name":"Animefigurer.se","description":"Anime figures from over 300 different anime series with over 9000 products | Anime Shop","publisher":{"@id":"https:\/\/animefigurer.se\/#organization"},"potentialAction":[{"@type":"SearchAction","target":{"@type":"EntryPoint","urlTemplate":"https:\/\/animefigurer.se\/?s={search_term_string}"},"query-input":{"@type":"PropertyValueSpecification","valueRequired":true,"valueName":"search_term_string"}}],"inLanguage":"en-GB"},{"@type":"Organization","@id":"https:\/\/animefigurer.se\/#organization","name":"Animefigurer.se","alternateName":"Anime figurer | Anime shop","url":"https:\/\/animefigurer.se\/","logo":{"@type":"ImageObject","inLanguage":"en-GB","@id":"https:\/\/animefigurer.se\/#\/schema\/logo\/image\/","url":"https:\/\/animefigurer.se\/wp-content\/uploads\/2025\/12\/Animefigurer_logowhite.png","contentUrl":"https:\/\/animefigurer.se\/wp-content\/uploads\/2025\/12\/Animefigurer_logowhite.png","width":1890,"height":1417,"caption":"Animefigurer.se"},"image":{"@id":"https:\/\/animefigurer.se\/#\/schema\/logo\/image\/"},"sameAs":["https:\/\/www.facebook.com\/profile.php?id=61581826539670","https:\/\/www.instagram.com\/animefigurer.se\/"],"email":"info@animefigurer.se"}]}},"_links":{"self":[{"href":"https:\/\/animefigurer.se\/en\/wp-json\/wp\/v2\/product\/16818","targetHints":{"allow":["GET"]}}],"collection":[{"href":"https:\/\/animefigurer.se\/en\/wp-json\/wp\/v2\/product"}],"about":[{"href":"https:\/\/animefigurer.se\/en\/wp-json\/wp\/v2\/types\/product"}],"replies":[{"embeddable":true,"href":"https:\/\/animefigurer.se\/en\/wp-json\/wp\/v2\/comments?post=16818"}],"wp:featuredmedia":[{"embeddable":true,"href":"https:\/\/animefigurer.se\/en\/wp-json\/wp\/v2\/media\/16819"}],"wp:attachment":[{"href":"https:\/\/animefigurer.se\/en\/wp-json\/wp\/v2\/media?parent=16818"}],"wp:term":[{"taxonomy":"product_brand","embeddable":true,"href":"https:\/\/animefigurer.se\/en\/wp-json\/wp\/v2\/product_brand?post=16818"},{"taxonomy":"product_cat","embeddable":true,"href":"https:\/\/animefigurer.se\/en\/wp-json\/wp\/v2\/product_cat?post=16818"},{"taxonomy":"product_tag","embeddable":true,"href":"https:\/\/animefigurer.se\/en\/wp-json\/wp\/v2\/product_tag?post=16818"},{"taxonomy":"giftcard-category","embeddable":true,"href":"https:\/\/animefigurer.se\/en\/wp-json\/wp\/v2\/giftcard-category?post=16818"}],"curies":[{"name":"wp","href":"https:\/\/api.w.org\/{rel}","templated":true}]}}