{"id":16751,"date":"2025-10-20T17:29:57","date_gmt":"2025-10-20T15:29:57","guid":{"rendered":"https:\/\/animefigurer.se\/produkt\/earth-2-society-dc-multiverse-batman-earth-2-action-figure\/"},"modified":"2025-12-21T19:26:33","modified_gmt":"2025-12-21T18:26:33","slug":"earth-2-society-dc-multiverse-batman-earth-2-action-figure","status":"publish","type":"product","link":"https:\/\/animefigurer.se\/en\/figurer\/dc-comics\/earth-2-society-dc-multiverse-batman-earth-2-action-figure\/","title":{"rendered":"Earth 2: Society DC Multiverse Batman Earth-2 Action Figure"},"content":{"rendered":"<p>A year after Earth-2 was destroyed by the armies of Apokolips, the survivors have built a new home on an alien world, with the help of heroes old and new. But some threats survive even on Apokolips.<\/p>\n<p>New super villains take advantage of the confusion while heroes like Batman\u2122, Power Girl\u2122, Superman\u2122, Green Lantern\u2122 and The Flash\u2122 try to find their place in this unfamiliar reality.<\/p>","protected":false},"excerpt":{"rendered":"<p>A year after Earth-2 was destroyed by the armies of Apokolips, the survivors have built a new home on an alien world, with the help of heroes old and new. But some threats survive even on Apokolips.<\/p>\n<p>New super villains take advantage of the confusion while heroes like Batman\u2122, Power Girl\u2122, Superman\u2122,<\/p>","protected":false},"featured_media":16752,"comment_status":"closed","ping_status":"open","template":"","meta":{"_acf_changed":false,"_monsterinsights_skip_tracking":false,"_monsterinsights_sitenote_active":false,"_monsterinsights_sitenote_note":"","_monsterinsights_sitenote_category":0},"product_brand":[7057],"product_cat":[1522,7233],"product_tag":[26],"giftcard-category":[],"class_list":{"0":"post-16751","1":"product","2":"type-product","3":"status-publish","4":"has-post-thumbnail","6":"product_brand-mcfarlane-toys","7":"product_cat-dc-comics","8":"product_cat-pre-order","9":"product_tag-pre-order","10":"pa_franchise-dc-comics","11":"pa_karaktar-batman","12":"pa_material-plastic","13":"pa_storlek-18-cm","15":"first","16":"instock","17":"taxable","18":"shipping-taxable","19":"purchasable","20":"product-type-simple"},"acf":[],"yoast_head":"<!-- This site is optimized with the Yoast SEO Premium plugin v24.6 (Yoast SEO v27.3) - https:\/\/yoast.com\/product\/yoast-seo-premium-wordpress\/ -->\n<title>Earth 2: Society DC Multiverse Batman Earth-2 Action Figure | Animefigurer.se<\/title>\n<meta name=\"robots\" content=\"index, follow, max-snippet:-1, max-image-preview:large, max-video-preview:-1\" \/>\n<link rel=\"canonical\" href=\"https:\/\/animefigurer.se\/en\/figurer\/dc-comics\/earth-2-society-dc-multiverse-batman-earth-2-action-figure\/\" \/>\n<meta property=\"og:locale\" content=\"en_GB\" \/>\n<meta property=\"og:type\" content=\"article\" \/>\n<meta property=\"og:title\" content=\"Earth 2: Society DC Multiverse Batman Earth-2 Action Figure\" \/>\n<meta property=\"og:description\" content=\"Ett \u00e5r efter att Earth\u20112 krossades av Apokolips arm\u00e9er har de \u00f6verlevande byggt upp ett nytt hem p\u00e5 en fr\u00e4mmande v\u00e4rld, med hj\u00e4lp av b\u00e5de gamla och nya hj\u00e4ltar. Men vissa hot \u00f6verlever \u00e4ven Apokolips. Nya superskurkar utnyttjar f\u00f6rvirringen samtidigt som hj\u00e4ltar som Batman\u2122, Power Girl\u2122, Superman\u2122,\" \/>\n<meta property=\"og:url\" content=\"https:\/\/animefigurer.se\/en\/figurer\/dc-comics\/earth-2-society-dc-multiverse-batman-earth-2-action-figure\/\" \/>\n<meta property=\"og:site_name\" content=\"Animefigurer.se\" \/>\n<meta property=\"article:publisher\" content=\"https:\/\/www.facebook.com\/profile.php?id=61581826539670\" \/>\n<meta property=\"article:modified_time\" content=\"2025-12-21T18:26:33+00:00\" \/>\n<meta property=\"og:image\" content=\"https:\/\/animefigurer.se\/wp-content\/uploads\/2025\/12\/Animefigurer_logowhite.png\" \/>\n\t<meta property=\"og:image:width\" content=\"1890\" \/>\n\t<meta property=\"og:image:height\" content=\"1417\" \/>\n\t<meta property=\"og:image:type\" content=\"image\/png\" \/>\n<meta name=\"twitter:card\" content=\"summary_large_image\" \/>\n<script type=\"application\/ld+json\" class=\"yoast-schema-graph\">{\"@context\":\"https:\\\/\\\/schema.org\",\"@graph\":[{\"@type\":\"WebPage\",\"@id\":\"https:\\\/\\\/animefigurer.se\\\/en\\\/figurer\\\/dc-comics\\\/earth-2-society-dc-multiverse-batman-earth-2-action-figure\\\/\",\"url\":\"https:\\\/\\\/animefigurer.se\\\/en\\\/figurer\\\/dc-comics\\\/earth-2-society-dc-multiverse-batman-earth-2-action-figure\\\/\",\"name\":\"Earth 2: Society DC Multiverse Batman Earth-2 Action Figure | Animefigurer.se\",\"isPartOf\":{\"@id\":\"https:\\\/\\\/animefigurer.se\\\/#website\"},\"primaryImageOfPage\":{\"@id\":\"https:\\\/\\\/animefigurer.se\\\/en\\\/figurer\\\/dc-comics\\\/earth-2-society-dc-multiverse-batman-earth-2-action-figure\\\/#primaryimage\"},\"image\":{\"@id\":\"https:\\\/\\\/animefigurer.se\\\/en\\\/figurer\\\/dc-comics\\\/earth-2-society-dc-multiverse-batman-earth-2-action-figure\\\/#primaryimage\"},\"thumbnailUrl\":\"https:\\\/\\\/animefigurer.se\\\/wp-content\\\/uploads\\\/2025\\\/10\\\/68d5c0b2f34fc.jpeg\",\"datePublished\":\"2025-10-20T15:29:57+00:00\",\"dateModified\":\"2025-12-21T18:26:33+00:00\",\"breadcrumb\":{\"@id\":\"https:\\\/\\\/animefigurer.se\\\/en\\\/figurer\\\/dc-comics\\\/earth-2-society-dc-multiverse-batman-earth-2-action-figure\\\/#breadcrumb\"},\"inLanguage\":\"en-GB\",\"potentialAction\":[{\"@type\":\"ReadAction\",\"target\":[\"https:\\\/\\\/animefigurer.se\\\/en\\\/figurer\\\/dc-comics\\\/earth-2-society-dc-multiverse-batman-earth-2-action-figure\\\/\"]}]},{\"@type\":\"ImageObject\",\"inLanguage\":\"en-GB\",\"@id\":\"https:\\\/\\\/animefigurer.se\\\/en\\\/figurer\\\/dc-comics\\\/earth-2-society-dc-multiverse-batman-earth-2-action-figure\\\/#primaryimage\",\"url\":\"https:\\\/\\\/animefigurer.se\\\/wp-content\\\/uploads\\\/2025\\\/10\\\/68d5c0b2f34fc.jpeg\",\"contentUrl\":\"https:\\\/\\\/animefigurer.se\\\/wp-content\\\/uploads\\\/2025\\\/10\\\/68d5c0b2f34fc.jpeg\",\"width\":1000,\"height\":750},{\"@type\":\"BreadcrumbList\",\"@id\":\"https:\\\/\\\/animefigurer.se\\\/en\\\/figurer\\\/dc-comics\\\/earth-2-society-dc-multiverse-batman-earth-2-action-figure\\\/#breadcrumb\",\"itemListElement\":[{\"@type\":\"ListItem\",\"position\":1,\"name\":\"Home\",\"item\":\"https:\\\/\\\/animefigurer.se\\\/\"},{\"@type\":\"ListItem\",\"position\":2,\"name\":\"Butik\",\"item\":\"https:\\\/\\\/animefigurer.se\\\/figurer\\\/\"},{\"@type\":\"ListItem\",\"position\":3,\"name\":\"Earth 2: Society DC Multiverse Batman Earth-2 Action Figure\"}]},{\"@type\":\"WebSite\",\"@id\":\"https:\\\/\\\/animefigurer.se\\\/#website\",\"url\":\"https:\\\/\\\/animefigurer.se\\\/\",\"name\":\"Animefigurer.se\",\"description\":\"Anime figurer fr\u00e5n \u00f6ver 300 olika anime serier med \u00f6ver 9000 produkter | Anime Shop\",\"publisher\":{\"@id\":\"https:\\\/\\\/animefigurer.se\\\/#organization\"},\"potentialAction\":[{\"@type\":\"SearchAction\",\"target\":{\"@type\":\"EntryPoint\",\"urlTemplate\":\"https:\\\/\\\/animefigurer.se\\\/?s={search_term_string}\"},\"query-input\":{\"@type\":\"PropertyValueSpecification\",\"valueRequired\":true,\"valueName\":\"search_term_string\"}}],\"inLanguage\":\"en-GB\"},{\"@type\":\"Organization\",\"@id\":\"https:\\\/\\\/animefigurer.se\\\/#organization\",\"name\":\"Animefigurer.se\",\"alternateName\":\"Anime figurer | Anime shop\",\"url\":\"https:\\\/\\\/animefigurer.se\\\/\",\"logo\":{\"@type\":\"ImageObject\",\"inLanguage\":\"en-GB\",\"@id\":\"https:\\\/\\\/animefigurer.se\\\/#\\\/schema\\\/logo\\\/image\\\/\",\"url\":\"https:\\\/\\\/animefigurer.se\\\/wp-content\\\/uploads\\\/2025\\\/12\\\/Animefigurer_logowhite.png\",\"contentUrl\":\"https:\\\/\\\/animefigurer.se\\\/wp-content\\\/uploads\\\/2025\\\/12\\\/Animefigurer_logowhite.png\",\"width\":1890,\"height\":1417,\"caption\":\"Animefigurer.se\"},\"image\":{\"@id\":\"https:\\\/\\\/animefigurer.se\\\/#\\\/schema\\\/logo\\\/image\\\/\"},\"sameAs\":[\"https:\\\/\\\/www.facebook.com\\\/profile.php?id=61581826539670\",\"https:\\\/\\\/www.instagram.com\\\/animefigurer.se\\\/\"],\"email\":\"info@animefigurer.se\"}]}<\/script>\n<!-- \/ Yoast SEO Premium plugin. -->","yoast_head_json":{"title":"Earth 2: Society DC Multiverse Batman Earth-2 Action Figure | Animefigurer.se","robots":{"index":"index","follow":"follow","max-snippet":"max-snippet:-1","max-image-preview":"max-image-preview:large","max-video-preview":"max-video-preview:-1"},"canonical":"https:\/\/animefigurer.se\/en\/figurer\/dc-comics\/earth-2-society-dc-multiverse-batman-earth-2-action-figure\/","og_locale":"en_GB","og_type":"article","og_title":"Earth 2: Society DC Multiverse Batman Earth-2 Action Figure","og_description":"Ett \u00e5r efter att Earth\u20112 krossades av Apokolips arm\u00e9er har de \u00f6verlevande byggt upp ett nytt hem p\u00e5 en fr\u00e4mmande v\u00e4rld, med hj\u00e4lp av b\u00e5de gamla och nya hj\u00e4ltar. Men vissa hot \u00f6verlever \u00e4ven Apokolips. Nya superskurkar utnyttjar f\u00f6rvirringen samtidigt som hj\u00e4ltar som Batman\u2122, Power Girl\u2122, Superman\u2122,","og_url":"https:\/\/animefigurer.se\/en\/figurer\/dc-comics\/earth-2-society-dc-multiverse-batman-earth-2-action-figure\/","og_site_name":"Animefigurer.se","article_publisher":"https:\/\/www.facebook.com\/profile.php?id=61581826539670","article_modified_time":"2025-12-21T18:26:33+00:00","og_image":[{"width":1890,"height":1417,"url":"https:\/\/animefigurer.se\/wp-content\/uploads\/2025\/12\/Animefigurer_logowhite.png","type":"image\/png"}],"twitter_card":"summary_large_image","schema":{"@context":"https:\/\/schema.org","@graph":[{"@type":"WebPage","@id":"https:\/\/animefigurer.se\/en\/figurer\/dc-comics\/earth-2-society-dc-multiverse-batman-earth-2-action-figure\/","url":"https:\/\/animefigurer.se\/en\/figurer\/dc-comics\/earth-2-society-dc-multiverse-batman-earth-2-action-figure\/","name":"Earth 2: Society DC Multiverse Batman Earth-2 Action Figure | Animefigurer.se","isPartOf":{"@id":"https:\/\/animefigurer.se\/#website"},"primaryImageOfPage":{"@id":"https:\/\/animefigurer.se\/en\/figurer\/dc-comics\/earth-2-society-dc-multiverse-batman-earth-2-action-figure\/#primaryimage"},"image":{"@id":"https:\/\/animefigurer.se\/en\/figurer\/dc-comics\/earth-2-society-dc-multiverse-batman-earth-2-action-figure\/#primaryimage"},"thumbnailUrl":"https:\/\/animefigurer.se\/wp-content\/uploads\/2025\/10\/68d5c0b2f34fc.jpeg","datePublished":"2025-10-20T15:29:57+00:00","dateModified":"2025-12-21T18:26:33+00:00","breadcrumb":{"@id":"https:\/\/animefigurer.se\/en\/figurer\/dc-comics\/earth-2-society-dc-multiverse-batman-earth-2-action-figure\/#breadcrumb"},"inLanguage":"en-GB","potentialAction":[{"@type":"ReadAction","target":["https:\/\/animefigurer.se\/en\/figurer\/dc-comics\/earth-2-society-dc-multiverse-batman-earth-2-action-figure\/"]}]},{"@type":"ImageObject","inLanguage":"en-GB","@id":"https:\/\/animefigurer.se\/en\/figurer\/dc-comics\/earth-2-society-dc-multiverse-batman-earth-2-action-figure\/#primaryimage","url":"https:\/\/animefigurer.se\/wp-content\/uploads\/2025\/10\/68d5c0b2f34fc.jpeg","contentUrl":"https:\/\/animefigurer.se\/wp-content\/uploads\/2025\/10\/68d5c0b2f34fc.jpeg","width":1000,"height":750},{"@type":"BreadcrumbList","@id":"https:\/\/animefigurer.se\/en\/figurer\/dc-comics\/earth-2-society-dc-multiverse-batman-earth-2-action-figure\/#breadcrumb","itemListElement":[{"@type":"ListItem","position":1,"name":"Home","item":"https:\/\/animefigurer.se\/"},{"@type":"ListItem","position":2,"name":"Butik","item":"https:\/\/animefigurer.se\/figurer\/"},{"@type":"ListItem","position":3,"name":"Earth 2: Society DC Multiverse Batman Earth-2 Action Figure"}]},{"@type":"WebSite","@id":"https:\/\/animefigurer.se\/#website","url":"https:\/\/animefigurer.se\/","name":"Animefigurer.se","description":"Anime figures from over 300 different anime series with over 9000 products | Anime Shop","publisher":{"@id":"https:\/\/animefigurer.se\/#organization"},"potentialAction":[{"@type":"SearchAction","target":{"@type":"EntryPoint","urlTemplate":"https:\/\/animefigurer.se\/?s={search_term_string}"},"query-input":{"@type":"PropertyValueSpecification","valueRequired":true,"valueName":"search_term_string"}}],"inLanguage":"en-GB"},{"@type":"Organization","@id":"https:\/\/animefigurer.se\/#organization","name":"Animefigurer.se","alternateName":"Anime figurer | Anime shop","url":"https:\/\/animefigurer.se\/","logo":{"@type":"ImageObject","inLanguage":"en-GB","@id":"https:\/\/animefigurer.se\/#\/schema\/logo\/image\/","url":"https:\/\/animefigurer.se\/wp-content\/uploads\/2025\/12\/Animefigurer_logowhite.png","contentUrl":"https:\/\/animefigurer.se\/wp-content\/uploads\/2025\/12\/Animefigurer_logowhite.png","width":1890,"height":1417,"caption":"Animefigurer.se"},"image":{"@id":"https:\/\/animefigurer.se\/#\/schema\/logo\/image\/"},"sameAs":["https:\/\/www.facebook.com\/profile.php?id=61581826539670","https:\/\/www.instagram.com\/animefigurer.se\/"],"email":"info@animefigurer.se"}]}},"_links":{"self":[{"href":"https:\/\/animefigurer.se\/en\/wp-json\/wp\/v2\/product\/16751","targetHints":{"allow":["GET"]}}],"collection":[{"href":"https:\/\/animefigurer.se\/en\/wp-json\/wp\/v2\/product"}],"about":[{"href":"https:\/\/animefigurer.se\/en\/wp-json\/wp\/v2\/types\/product"}],"replies":[{"embeddable":true,"href":"https:\/\/animefigurer.se\/en\/wp-json\/wp\/v2\/comments?post=16751"}],"wp:featuredmedia":[{"embeddable":true,"href":"https:\/\/animefigurer.se\/en\/wp-json\/wp\/v2\/media\/16752"}],"wp:attachment":[{"href":"https:\/\/animefigurer.se\/en\/wp-json\/wp\/v2\/media?parent=16751"}],"wp:term":[{"taxonomy":"product_brand","embeddable":true,"href":"https:\/\/animefigurer.se\/en\/wp-json\/wp\/v2\/product_brand?post=16751"},{"taxonomy":"product_cat","embeddable":true,"href":"https:\/\/animefigurer.se\/en\/wp-json\/wp\/v2\/product_cat?post=16751"},{"taxonomy":"product_tag","embeddable":true,"href":"https:\/\/animefigurer.se\/en\/wp-json\/wp\/v2\/product_tag?post=16751"},{"taxonomy":"giftcard-category","embeddable":true,"href":"https:\/\/animefigurer.se\/en\/wp-json\/wp\/v2\/giftcard-category?post=16751"}],"curies":[{"name":"wp","href":"https:\/\/api.w.org\/{rel}","templated":true}]}}