{"id":16722,"date":"2025-10-20T17:29:57","date_gmt":"2025-10-20T15:29:57","guid":{"rendered":"https:\/\/animefigurer.se\/produkt\/batman-failsafe-dc-multiverse-failsafe-mega-action-figure\/"},"modified":"2026-04-21T07:04:49","modified_gmt":"2026-04-21T05:04:49","slug":"batman-failsafe-dc-multiverse-failsafe-mega-action-figure","status":"publish","type":"product","link":"https:\/\/animefigurer.se\/en\/figurer\/dc-comics\/batman-failsafe-dc-multiverse-failsafe-mega-action-figure\/","title":{"rendered":"Batman: Failsafe DC Multiverse Failsafe Mega Action Figure"},"content":{"rendered":"<p>When Batman devised fail-safe plans to stop Justice League members who might become corrupt, his Zur-En-Arrh persona was activated, creating an android \u2013 Failsafe \u2013 designed to stop him if he ever took a life.<\/p>\n<p>Zur-En-Arrh built Failsafe using technology from several cybernetic villains the Justice League had previously encountered, including Amazo. Failsafe lay dormant in the Batcave for years until the Penguin staged his own death and framed Batman for murder. Although there were provisions in the programming for Batman&#039;s design, unfortunately, it required the activation of the deceased Alfred Pennyworth\u2122.<\/p>","protected":false},"excerpt":{"rendered":"<p>When Batman devised fail-safe plans to stop Justice League members who might become corrupt, his Zur-En-Arrh persona was activated, creating an android \u2013 Failsafe \u2013 designed to stop him if he ever took a life.<\/p>\n<p>Zur\u2011En\u2011Arrh built Failsafe with technology from several<\/p>","protected":false},"featured_media":16723,"comment_status":"closed","ping_status":"closed","template":"","meta":{"_acf_changed":false,"_monsterinsights_skip_tracking":false,"_monsterinsights_sitenote_active":false,"_monsterinsights_sitenote_note":"","_monsterinsights_sitenote_category":0},"product_brand":[7057],"product_cat":[1522],"product_tag":[24],"giftcard-category":[],"class_list":{"0":"post-16722","1":"product","2":"type-product","3":"status-publish","4":"has-post-thumbnail","6":"product_brand-mcfarlane-toys","7":"product_cat-dc-comics","8":"product_tag-2-3-weeks","9":"pa_franchise-dc-comics","10":"pa_karaktar-failsafe","11":"pa_material-plastic","12":"pa_storlek-18-cm","14":"first","15":"instock","16":"taxable","17":"shipping-taxable","18":"purchasable","19":"product-type-simple"},"acf":[],"yoast_head":"<!-- This site is optimized with the Yoast SEO Premium plugin v24.6 (Yoast SEO v27.3) - https:\/\/yoast.com\/product\/yoast-seo-premium-wordpress\/ -->\n<title>Batman: Failsafe DC Multiverse Failsafe Mega Action Figure | Animefigurer.se<\/title>\n<meta name=\"robots\" content=\"index, follow, max-snippet:-1, max-image-preview:large, max-video-preview:-1\" \/>\n<link rel=\"canonical\" href=\"https:\/\/animefigurer.se\/en\/figurer\/dc-comics\/batman-failsafe-dc-multiverse-failsafe-mega-action-figure\/\" \/>\n<meta property=\"og:locale\" content=\"en_GB\" \/>\n<meta property=\"og:type\" content=\"article\" \/>\n<meta property=\"og:title\" content=\"Batman: Failsafe DC Multiverse Failsafe Mega Action Figure\" \/>\n<meta property=\"og:description\" content=\"N\u00e4r Batman konstruerade fels\u00e4kra planer f\u00f6r att stoppa Justice League\u2011medlemmar som eventuellt skulle bli korrupta aktiverades hans Zur\u2011En\u2011Arrh\u2011persona och skapade en android \u2013 Failsafe \u2013 designad f\u00f6r att stoppa honom om han n\u00e5gonsin tog ett liv.  Zur\u2011En\u2011Arrh byggde Failsafe med teknologi fr\u00e5n flera\" \/>\n<meta property=\"og:url\" content=\"https:\/\/animefigurer.se\/en\/figurer\/dc-comics\/batman-failsafe-dc-multiverse-failsafe-mega-action-figure\/\" \/>\n<meta property=\"og:site_name\" content=\"Animefigurer.se\" \/>\n<meta property=\"article:publisher\" content=\"https:\/\/www.facebook.com\/profile.php?id=61581826539670\" \/>\n<meta property=\"article:modified_time\" content=\"2026-04-21T05:04:49+00:00\" \/>\n<meta property=\"og:image\" content=\"https:\/\/animefigurer.se\/wp-content\/uploads\/2025\/12\/Animefigurer_logowhite.png\" \/>\n\t<meta property=\"og:image:width\" content=\"1890\" \/>\n\t<meta property=\"og:image:height\" content=\"1417\" \/>\n\t<meta property=\"og:image:type\" content=\"image\/png\" \/>\n<meta name=\"twitter:card\" content=\"summary_large_image\" \/>\n<meta name=\"twitter:label1\" content=\"Estimated reading time\" \/>\n\t<meta name=\"twitter:data1\" content=\"1 minute\" \/>\n<script type=\"application\/ld+json\" class=\"yoast-schema-graph\">{\"@context\":\"https:\\\/\\\/schema.org\",\"@graph\":[{\"@type\":\"WebPage\",\"@id\":\"https:\\\/\\\/animefigurer.se\\\/figurer\\\/dc-comics\\\/batman-failsafe-dc-multiverse-failsafe-mega-action-figure\\\/\",\"url\":\"https:\\\/\\\/animefigurer.se\\\/figurer\\\/dc-comics\\\/batman-failsafe-dc-multiverse-failsafe-mega-action-figure\\\/\",\"name\":\"Batman: Failsafe DC Multiverse Failsafe Mega Action Figure | Animefigurer.se\",\"isPartOf\":{\"@id\":\"https:\\\/\\\/animefigurer.se\\\/#website\"},\"primaryImageOfPage\":{\"@id\":\"https:\\\/\\\/animefigurer.se\\\/figurer\\\/dc-comics\\\/batman-failsafe-dc-multiverse-failsafe-mega-action-figure\\\/#primaryimage\"},\"image\":{\"@id\":\"https:\\\/\\\/animefigurer.se\\\/figurer\\\/dc-comics\\\/batman-failsafe-dc-multiverse-failsafe-mega-action-figure\\\/#primaryimage\"},\"thumbnailUrl\":\"https:\\\/\\\/animefigurer.se\\\/wp-content\\\/uploads\\\/2025\\\/10\\\/68d667e39c42f.jpeg\",\"datePublished\":\"2025-10-20T15:29:57+00:00\",\"dateModified\":\"2026-04-21T05:04:49+00:00\",\"breadcrumb\":{\"@id\":\"https:\\\/\\\/animefigurer.se\\\/figurer\\\/dc-comics\\\/batman-failsafe-dc-multiverse-failsafe-mega-action-figure\\\/#breadcrumb\"},\"inLanguage\":\"en-GB\",\"potentialAction\":[{\"@type\":\"ReadAction\",\"target\":[\"https:\\\/\\\/animefigurer.se\\\/figurer\\\/dc-comics\\\/batman-failsafe-dc-multiverse-failsafe-mega-action-figure\\\/\"]}]},{\"@type\":\"ImageObject\",\"inLanguage\":\"en-GB\",\"@id\":\"https:\\\/\\\/animefigurer.se\\\/figurer\\\/dc-comics\\\/batman-failsafe-dc-multiverse-failsafe-mega-action-figure\\\/#primaryimage\",\"url\":\"https:\\\/\\\/animefigurer.se\\\/wp-content\\\/uploads\\\/2025\\\/10\\\/68d667e39c42f.jpeg\",\"contentUrl\":\"https:\\\/\\\/animefigurer.se\\\/wp-content\\\/uploads\\\/2025\\\/10\\\/68d667e39c42f.jpeg\",\"width\":1000,\"height\":750},{\"@type\":\"BreadcrumbList\",\"@id\":\"https:\\\/\\\/animefigurer.se\\\/figurer\\\/dc-comics\\\/batman-failsafe-dc-multiverse-failsafe-mega-action-figure\\\/#breadcrumb\",\"itemListElement\":[{\"@type\":\"ListItem\",\"position\":1,\"name\":\"Home\",\"item\":\"https:\\\/\\\/animefigurer.se\\\/\"},{\"@type\":\"ListItem\",\"position\":2,\"name\":\"Butik\",\"item\":\"https:\\\/\\\/animefigurer.se\\\/figurer\\\/\"},{\"@type\":\"ListItem\",\"position\":3,\"name\":\"Batman: Failsafe DC Multiverse Failsafe Mega Action Figure\"}]},{\"@type\":\"WebSite\",\"@id\":\"https:\\\/\\\/animefigurer.se\\\/#website\",\"url\":\"https:\\\/\\\/animefigurer.se\\\/\",\"name\":\"Animefigurer.se\",\"description\":\"Anime figurer fr\u00e5n \u00f6ver 300 olika anime serier med \u00f6ver 9000 produkter | Anime Shop\",\"publisher\":{\"@id\":\"https:\\\/\\\/animefigurer.se\\\/#organization\"},\"potentialAction\":[{\"@type\":\"SearchAction\",\"target\":{\"@type\":\"EntryPoint\",\"urlTemplate\":\"https:\\\/\\\/animefigurer.se\\\/?s={search_term_string}\"},\"query-input\":{\"@type\":\"PropertyValueSpecification\",\"valueRequired\":true,\"valueName\":\"search_term_string\"}}],\"inLanguage\":\"en-GB\"},{\"@type\":\"Organization\",\"@id\":\"https:\\\/\\\/animefigurer.se\\\/#organization\",\"name\":\"Animefigurer.se\",\"alternateName\":\"Anime figurer | Anime shop\",\"url\":\"https:\\\/\\\/animefigurer.se\\\/\",\"logo\":{\"@type\":\"ImageObject\",\"inLanguage\":\"en-GB\",\"@id\":\"https:\\\/\\\/animefigurer.se\\\/#\\\/schema\\\/logo\\\/image\\\/\",\"url\":\"https:\\\/\\\/animefigurer.se\\\/wp-content\\\/uploads\\\/2025\\\/12\\\/Animefigurer_logowhite.png\",\"contentUrl\":\"https:\\\/\\\/animefigurer.se\\\/wp-content\\\/uploads\\\/2025\\\/12\\\/Animefigurer_logowhite.png\",\"width\":1890,\"height\":1417,\"caption\":\"Animefigurer.se\"},\"image\":{\"@id\":\"https:\\\/\\\/animefigurer.se\\\/#\\\/schema\\\/logo\\\/image\\\/\"},\"sameAs\":[\"https:\\\/\\\/www.facebook.com\\\/profile.php?id=61581826539670\",\"https:\\\/\\\/www.instagram.com\\\/animefigurer.se\\\/\"],\"email\":\"info@animefigurer.se\"}]}<\/script>\n<!-- \/ Yoast SEO Premium plugin. -->","yoast_head_json":{"title":"Batman: Failsafe DC Multiverse Failsafe Mega Action Figure | Animefigurer.se","robots":{"index":"index","follow":"follow","max-snippet":"max-snippet:-1","max-image-preview":"max-image-preview:large","max-video-preview":"max-video-preview:-1"},"canonical":"https:\/\/animefigurer.se\/en\/figurer\/dc-comics\/batman-failsafe-dc-multiverse-failsafe-mega-action-figure\/","og_locale":"en_GB","og_type":"article","og_title":"Batman: Failsafe DC Multiverse Failsafe Mega Action Figure","og_description":"N\u00e4r Batman konstruerade fels\u00e4kra planer f\u00f6r att stoppa Justice League\u2011medlemmar som eventuellt skulle bli korrupta aktiverades hans Zur\u2011En\u2011Arrh\u2011persona och skapade en android \u2013 Failsafe \u2013 designad f\u00f6r att stoppa honom om han n\u00e5gonsin tog ett liv.  Zur\u2011En\u2011Arrh byggde Failsafe med teknologi fr\u00e5n flera","og_url":"https:\/\/animefigurer.se\/en\/figurer\/dc-comics\/batman-failsafe-dc-multiverse-failsafe-mega-action-figure\/","og_site_name":"Animefigurer.se","article_publisher":"https:\/\/www.facebook.com\/profile.php?id=61581826539670","article_modified_time":"2026-04-21T05:04:49+00:00","og_image":[{"width":1890,"height":1417,"url":"https:\/\/animefigurer.se\/wp-content\/uploads\/2025\/12\/Animefigurer_logowhite.png","type":"image\/png"}],"twitter_card":"summary_large_image","twitter_misc":{"Estimated reading time":"1 minute"},"schema":{"@context":"https:\/\/schema.org","@graph":[{"@type":"WebPage","@id":"https:\/\/animefigurer.se\/figurer\/dc-comics\/batman-failsafe-dc-multiverse-failsafe-mega-action-figure\/","url":"https:\/\/animefigurer.se\/figurer\/dc-comics\/batman-failsafe-dc-multiverse-failsafe-mega-action-figure\/","name":"Batman: Failsafe DC Multiverse Failsafe Mega Action Figure | Animefigurer.se","isPartOf":{"@id":"https:\/\/animefigurer.se\/#website"},"primaryImageOfPage":{"@id":"https:\/\/animefigurer.se\/figurer\/dc-comics\/batman-failsafe-dc-multiverse-failsafe-mega-action-figure\/#primaryimage"},"image":{"@id":"https:\/\/animefigurer.se\/figurer\/dc-comics\/batman-failsafe-dc-multiverse-failsafe-mega-action-figure\/#primaryimage"},"thumbnailUrl":"https:\/\/animefigurer.se\/wp-content\/uploads\/2025\/10\/68d667e39c42f.jpeg","datePublished":"2025-10-20T15:29:57+00:00","dateModified":"2026-04-21T05:04:49+00:00","breadcrumb":{"@id":"https:\/\/animefigurer.se\/figurer\/dc-comics\/batman-failsafe-dc-multiverse-failsafe-mega-action-figure\/#breadcrumb"},"inLanguage":"en-GB","potentialAction":[{"@type":"ReadAction","target":["https:\/\/animefigurer.se\/figurer\/dc-comics\/batman-failsafe-dc-multiverse-failsafe-mega-action-figure\/"]}]},{"@type":"ImageObject","inLanguage":"en-GB","@id":"https:\/\/animefigurer.se\/figurer\/dc-comics\/batman-failsafe-dc-multiverse-failsafe-mega-action-figure\/#primaryimage","url":"https:\/\/animefigurer.se\/wp-content\/uploads\/2025\/10\/68d667e39c42f.jpeg","contentUrl":"https:\/\/animefigurer.se\/wp-content\/uploads\/2025\/10\/68d667e39c42f.jpeg","width":1000,"height":750},{"@type":"BreadcrumbList","@id":"https:\/\/animefigurer.se\/figurer\/dc-comics\/batman-failsafe-dc-multiverse-failsafe-mega-action-figure\/#breadcrumb","itemListElement":[{"@type":"ListItem","position":1,"name":"Home","item":"https:\/\/animefigurer.se\/"},{"@type":"ListItem","position":2,"name":"Butik","item":"https:\/\/animefigurer.se\/figurer\/"},{"@type":"ListItem","position":3,"name":"Batman: Failsafe DC Multiverse Failsafe Mega Action Figure"}]},{"@type":"WebSite","@id":"https:\/\/animefigurer.se\/#website","url":"https:\/\/animefigurer.se\/","name":"Animefigurer.se","description":"Anime figures from over 300 different anime series with over 9000 products | Anime Shop","publisher":{"@id":"https:\/\/animefigurer.se\/#organization"},"potentialAction":[{"@type":"SearchAction","target":{"@type":"EntryPoint","urlTemplate":"https:\/\/animefigurer.se\/?s={search_term_string}"},"query-input":{"@type":"PropertyValueSpecification","valueRequired":true,"valueName":"search_term_string"}}],"inLanguage":"en-GB"},{"@type":"Organization","@id":"https:\/\/animefigurer.se\/#organization","name":"Animefigurer.se","alternateName":"Anime figurer | Anime shop","url":"https:\/\/animefigurer.se\/","logo":{"@type":"ImageObject","inLanguage":"en-GB","@id":"https:\/\/animefigurer.se\/#\/schema\/logo\/image\/","url":"https:\/\/animefigurer.se\/wp-content\/uploads\/2025\/12\/Animefigurer_logowhite.png","contentUrl":"https:\/\/animefigurer.se\/wp-content\/uploads\/2025\/12\/Animefigurer_logowhite.png","width":1890,"height":1417,"caption":"Animefigurer.se"},"image":{"@id":"https:\/\/animefigurer.se\/#\/schema\/logo\/image\/"},"sameAs":["https:\/\/www.facebook.com\/profile.php?id=61581826539670","https:\/\/www.instagram.com\/animefigurer.se\/"],"email":"info@animefigurer.se"}]}},"_links":{"self":[{"href":"https:\/\/animefigurer.se\/en\/wp-json\/wp\/v2\/product\/16722","targetHints":{"allow":["GET"]}}],"collection":[{"href":"https:\/\/animefigurer.se\/en\/wp-json\/wp\/v2\/product"}],"about":[{"href":"https:\/\/animefigurer.se\/en\/wp-json\/wp\/v2\/types\/product"}],"replies":[{"embeddable":true,"href":"https:\/\/animefigurer.se\/en\/wp-json\/wp\/v2\/comments?post=16722"}],"wp:featuredmedia":[{"embeddable":true,"href":"https:\/\/animefigurer.se\/en\/wp-json\/wp\/v2\/media\/16723"}],"wp:attachment":[{"href":"https:\/\/animefigurer.se\/en\/wp-json\/wp\/v2\/media?parent=16722"}],"wp:term":[{"taxonomy":"product_brand","embeddable":true,"href":"https:\/\/animefigurer.se\/en\/wp-json\/wp\/v2\/product_brand?post=16722"},{"taxonomy":"product_cat","embeddable":true,"href":"https:\/\/animefigurer.se\/en\/wp-json\/wp\/v2\/product_cat?post=16722"},{"taxonomy":"product_tag","embeddable":true,"href":"https:\/\/animefigurer.se\/en\/wp-json\/wp\/v2\/product_tag?post=16722"},{"taxonomy":"giftcard-category","embeddable":true,"href":"https:\/\/animefigurer.se\/en\/wp-json\/wp\/v2\/giftcard-category?post=16722"}],"curies":[{"name":"wp","href":"https:\/\/api.w.org\/{rel}","templated":true}]}}